{"id":4273,"date":"2020-10-11T14:10:05","date_gmt":"2020-10-11T11:10:05","guid":{"rendered":"https:\/\/radis.ee\/toimitus-ja-toimitus\/"},"modified":"2020-10-19T21:11:24","modified_gmt":"2020-10-19T18:11:24","slug":"toimitus","status":"publish","type":"page","link":"https:\/\/radis.ee\/fi\/toimitus\/","title":{"rendered":"Toimitus"},"content":{"rendered":"<h2>1. Paljonko toimitus maksaa?<\/h2>\n<p>Suomessa ja koko Euroopassa toimitus on t\u00e4ysin ilmaista. Jos olet toisessa maassa, ota yhteytt\u00e4 asiakaspalveluun saadaksesi toimitusarvion.<\/p>\n<h2>2. Kuinka Radis-huonekalut toimitetaan?<\/h2>\n<p>Luotettava toimitusyritys Dachser Finland toimittaa Radis-huonekalut tasaisissa laatikoissa suoraan ulko-ovellesi.<\/p>\n<h2>3. Mihin maihin tarjoamme ilmaisen toimituksen?<\/h2>\n<p>Tarjoamme ilmaisen toimituksen seuraaviin maihin: It\u00e4valta, Belgia, Bulgaria, Kroatia, T\u0161ekki, Tanska, Viro, Suomi, Ranska, Saksa, Kreikka, Unkari, Irlanti, Italia, Latvia, Liettua, Luxemburg, Alankomaat, Norja, Puola, Portugali, Romania , Slovakia, Slovenia, Espanja, Ruotsi, Sveitsi ja Yhdistynyt kuningaskunta.<\/p>\n<p>Voimme l\u00e4hett\u00e4\u00e4 my\u00f6s maailmanlaajuisesti ja annamme mielell\u00e4mme tarjouksen toimitettavaksi maahasi.<\/p>\n<h2>4. Kuinka kauan toimitus kest\u00e4\u00e4?<\/h2>\n<p>Radis-huonekalujen toimitusaika on enint\u00e4\u00e4n 4 viikkoa, mutta t\u00e4m\u00e4 muuttuu riippuen tehtaan tuotantokapasiteetista ja varastotasosta.<\/p>\n<h2>5. Mist\u00e4 tied\u00e4t, kun tilauksesi toimitetaan??<\/h2>\n<p>Ilmoitamme sinulle s\u00e4hk\u00f6postitse, kun olemme l\u00e4hett\u00e4neet tilaamasi huonekalut tehtaaltamme. L\u00e4het\u00e4mme my\u00f6s seurantalinkin, jotta voit tarkistaa toimituksen tilan. Varustamo my\u00f6s soittaa sinulle aiemmin sopia toimitusajasta.<\/p>\n","protected":false},"excerpt":{"rendered":"<p>1. Paljonko toimitus maksaa? Suomessa ja koko Euroopassa toimitus on t\u00e4ysin ilmaista. Jos olet toisessa maassa, ota yhteytt\u00e4 asiakaspalveluun saadaksesi toimitusarvion. 2. Kuinka Radis-huonekalut toimitetaan? Luotettava toimitusyritys Dachser Finland toimittaa Radis-huonekalut tasaisissa laatikoissa suoraan ulko-ovellesi. 3. Mihin maihin tarjoamme ilmaisen toimituksen? Tarjoamme ilmaisen toimituksen seuraaviin maihin: It\u00e4valta, Belgia, Bulgaria, Kroatia, T\u0161ekki, Tanska, Viro, Suomi, Ranska,&#8230;<\/p>\n","protected":false},"author":1,"featured_media":0,"parent":0,"menu_order":0,"comment_status":"closed","ping_status":"closed","template":"","meta":{"_acf_changed":false,"footnotes":""},"class_list":["post-4273","page","type-page","status-publish","hentry"],"acf":[],"yoast_head":"<!-- This site is optimized with the Yoast SEO plugin v27.4 - https:\/\/yoast.com\/product\/yoast-seo-wordpress\/ -->\n<title>Toimitus - Radis<\/title>\n<meta name=\"robots\" content=\"index, follow, max-snippet:-1, max-image-preview:large, max-video-preview:-1\" \/>\n<link rel=\"canonical\" href=\"https:\/\/radis.ee\/fi\/toimitus\/\" \/>\n<meta property=\"og:locale\" content=\"fi_FI\" \/>\n<meta property=\"og:type\" content=\"article\" \/>\n<meta property=\"og:title\" content=\"Toimitus - Radis\" \/>\n<meta property=\"og:description\" content=\"1. Paljonko toimitus maksaa? Suomessa ja koko Euroopassa toimitus on t\u00e4ysin ilmaista. Jos olet toisessa maassa, ota yhteytt\u00e4 asiakaspalveluun saadaksesi toimitusarvion. 2. Kuinka Radis-huonekalut toimitetaan? Luotettava toimitusyritys Dachser Finland toimittaa Radis-huonekalut tasaisissa laatikoissa suoraan ulko-ovellesi. 3. Mihin maihin tarjoamme ilmaisen toimituksen? Tarjoamme ilmaisen toimituksen seuraaviin maihin: It\u00e4valta, Belgia, Bulgaria, Kroatia, T\u0161ekki, Tanska, Viro, Suomi, Ranska,...\" \/>\n<meta property=\"og:url\" content=\"https:\/\/radis.ee\/fi\/toimitus\/\" \/>\n<meta property=\"og:site_name\" content=\"Radis\" \/>\n<meta property=\"article:publisher\" content=\"https:\/\/www.facebook.com\/radisfurniture\/\" \/>\n<meta property=\"article:modified_time\" content=\"2020-10-19T18:11:24+00:00\" \/>\n<meta name=\"twitter:card\" content=\"summary_large_image\" \/>\n<meta name=\"twitter:label1\" content=\"Arvioitu lukuaika\" \/>\n\t<meta name=\"twitter:data1\" content=\"1 minuutti\" \/>\n<script type=\"application\/ld+json\" class=\"yoast-schema-graph\">{\"@context\":\"https:\\\/\\\/schema.org\",\"@graph\":[{\"@type\":\"WebPage\",\"@id\":\"https:\\\/\\\/radis.ee\\\/fi\\\/toimitus\\\/\",\"url\":\"https:\\\/\\\/radis.ee\\\/fi\\\/toimitus\\\/\",\"name\":\"Toimitus - Radis\",\"isPartOf\":{\"@id\":\"https:\\\/\\\/radis.ee\\\/#website\"},\"datePublished\":\"2020-10-11T11:10:05+00:00\",\"dateModified\":\"2020-10-19T18:11:24+00:00\",\"breadcrumb\":{\"@id\":\"https:\\\/\\\/radis.ee\\\/fi\\\/toimitus\\\/#breadcrumb\"},\"inLanguage\":\"fi\",\"potentialAction\":[{\"@type\":\"ReadAction\",\"target\":[\"https:\\\/\\\/radis.ee\\\/fi\\\/toimitus\\\/\"]}]},{\"@type\":\"BreadcrumbList\",\"@id\":\"https:\\\/\\\/radis.ee\\\/fi\\\/toimitus\\\/#breadcrumb\",\"itemListElement\":[{\"@type\":\"ListItem\",\"position\":1,\"name\":\"Home\",\"item\":\"https:\\\/\\\/radis.ee\\\/\"},{\"@type\":\"ListItem\",\"position\":2,\"name\":\"Toimitus\"}]},{\"@type\":\"WebSite\",\"@id\":\"https:\\\/\\\/radis.ee\\\/#website\",\"url\":\"https:\\\/\\\/radis.ee\\\/\",\"name\":\"Radis\",\"description\":\"Nordic design furniture, environmentally friendly and sustainable.\",\"publisher\":{\"@id\":\"https:\\\/\\\/radis.ee\\\/#organization\"},\"potentialAction\":[{\"@type\":\"SearchAction\",\"target\":{\"@type\":\"EntryPoint\",\"urlTemplate\":\"https:\\\/\\\/radis.ee\\\/?s={search_term_string}\"},\"query-input\":{\"@type\":\"PropertyValueSpecification\",\"valueRequired\":true,\"valueName\":\"search_term_string\"}}],\"inLanguage\":\"fi\"},{\"@type\":\"Organization\",\"@id\":\"https:\\\/\\\/radis.ee\\\/#organization\",\"name\":\"Radis O\u00dc\",\"url\":\"https:\\\/\\\/radis.ee\\\/\",\"logo\":{\"@type\":\"ImageObject\",\"inLanguage\":\"fi\",\"@id\":\"https:\\\/\\\/radis.ee\\\/#\\\/schema\\\/logo\\\/image\\\/\",\"url\":\"https:\\\/\\\/radis.ee\\\/wp-content\\\/uploads\\\/2020\\\/10\\\/Radis-logo.png\",\"contentUrl\":\"https:\\\/\\\/radis.ee\\\/wp-content\\\/uploads\\\/2020\\\/10\\\/Radis-logo.png\",\"width\":300,\"height\":63,\"caption\":\"Radis O\u00dc\"},\"image\":{\"@id\":\"https:\\\/\\\/radis.ee\\\/#\\\/schema\\\/logo\\\/image\\\/\"},\"sameAs\":[\"https:\\\/\\\/www.facebook.com\\\/radisfurniture\\\/\"]}]}<\/script>\n<!-- \/ Yoast SEO plugin. -->","yoast_head_json":{"title":"Toimitus - Radis","robots":{"index":"index","follow":"follow","max-snippet":"max-snippet:-1","max-image-preview":"max-image-preview:large","max-video-preview":"max-video-preview:-1"},"canonical":"https:\/\/radis.ee\/fi\/toimitus\/","og_locale":"fi_FI","og_type":"article","og_title":"Toimitus - Radis","og_description":"1. Paljonko toimitus maksaa? Suomessa ja koko Euroopassa toimitus on t\u00e4ysin ilmaista. Jos olet toisessa maassa, ota yhteytt\u00e4 asiakaspalveluun saadaksesi toimitusarvion. 2. Kuinka Radis-huonekalut toimitetaan? Luotettava toimitusyritys Dachser Finland toimittaa Radis-huonekalut tasaisissa laatikoissa suoraan ulko-ovellesi. 3. Mihin maihin tarjoamme ilmaisen toimituksen? Tarjoamme ilmaisen toimituksen seuraaviin maihin: It\u00e4valta, Belgia, Bulgaria, Kroatia, T\u0161ekki, Tanska, Viro, Suomi, Ranska,...","og_url":"https:\/\/radis.ee\/fi\/toimitus\/","og_site_name":"Radis","article_publisher":"https:\/\/www.facebook.com\/radisfurniture\/","article_modified_time":"2020-10-19T18:11:24+00:00","twitter_card":"summary_large_image","twitter_misc":{"Arvioitu lukuaika":"1 minuutti"},"schema":{"@context":"https:\/\/schema.org","@graph":[{"@type":"WebPage","@id":"https:\/\/radis.ee\/fi\/toimitus\/","url":"https:\/\/radis.ee\/fi\/toimitus\/","name":"Toimitus - Radis","isPartOf":{"@id":"https:\/\/radis.ee\/#website"},"datePublished":"2020-10-11T11:10:05+00:00","dateModified":"2020-10-19T18:11:24+00:00","breadcrumb":{"@id":"https:\/\/radis.ee\/fi\/toimitus\/#breadcrumb"},"inLanguage":"fi","potentialAction":[{"@type":"ReadAction","target":["https:\/\/radis.ee\/fi\/toimitus\/"]}]},{"@type":"BreadcrumbList","@id":"https:\/\/radis.ee\/fi\/toimitus\/#breadcrumb","itemListElement":[{"@type":"ListItem","position":1,"name":"Home","item":"https:\/\/radis.ee\/"},{"@type":"ListItem","position":2,"name":"Toimitus"}]},{"@type":"WebSite","@id":"https:\/\/radis.ee\/#website","url":"https:\/\/radis.ee\/","name":"Radis","description":"Nordic design furniture, environmentally friendly and sustainable.","publisher":{"@id":"https:\/\/radis.ee\/#organization"},"potentialAction":[{"@type":"SearchAction","target":{"@type":"EntryPoint","urlTemplate":"https:\/\/radis.ee\/?s={search_term_string}"},"query-input":{"@type":"PropertyValueSpecification","valueRequired":true,"valueName":"search_term_string"}}],"inLanguage":"fi"},{"@type":"Organization","@id":"https:\/\/radis.ee\/#organization","name":"Radis O\u00dc","url":"https:\/\/radis.ee\/","logo":{"@type":"ImageObject","inLanguage":"fi","@id":"https:\/\/radis.ee\/#\/schema\/logo\/image\/","url":"https:\/\/radis.ee\/wp-content\/uploads\/2020\/10\/Radis-logo.png","contentUrl":"https:\/\/radis.ee\/wp-content\/uploads\/2020\/10\/Radis-logo.png","width":300,"height":63,"caption":"Radis O\u00dc"},"image":{"@id":"https:\/\/radis.ee\/#\/schema\/logo\/image\/"},"sameAs":["https:\/\/www.facebook.com\/radisfurniture\/"]}]}},"_links":{"self":[{"href":"https:\/\/radis.ee\/fi\/wp-json\/wp\/v2\/pages\/4273","targetHints":{"allow":["GET"]}}],"collection":[{"href":"https:\/\/radis.ee\/fi\/wp-json\/wp\/v2\/pages"}],"about":[{"href":"https:\/\/radis.ee\/fi\/wp-json\/wp\/v2\/types\/page"}],"author":[{"embeddable":true,"href":"https:\/\/radis.ee\/fi\/wp-json\/wp\/v2\/users\/1"}],"replies":[{"embeddable":true,"href":"https:\/\/radis.ee\/fi\/wp-json\/wp\/v2\/comments?post=4273"}],"version-history":[{"count":0,"href":"https:\/\/radis.ee\/fi\/wp-json\/wp\/v2\/pages\/4273\/revisions"}],"wp:attachment":[{"href":"https:\/\/radis.ee\/fi\/wp-json\/wp\/v2\/media?parent=4273"}],"curies":[{"name":"wp","href":"https:\/\/api.w.org\/{rel}","templated":true}]}}