{"id":4278,"date":"2020-10-11T15:55:38","date_gmt":"2020-10-11T12:55:38","guid":{"rendered":"https:\/\/radis.ee\/meie-pohimotted\/"},"modified":"2025-06-02T14:32:28","modified_gmt":"2025-06-02T11:32:28","slug":"periaatteemme","status":"publish","type":"page","link":"https:\/\/radis.ee\/fi\/meista\/periaatteemme\/","title":{"rendered":"Periaatteemme"},"content":{"rendered":"<section class=\"l-section wpb_row height_medium\"><div class=\"l-section-h i-cf\"><div class=\"g-cols vc_row via_flex valign_top type_default stacking_default\"><div class=\"vc_col-sm-6 wpb_column vc_column_container\"><div class=\"vc_column-inner\"><div class=\"wpb_wrapper\"><div class=\"wpb_text_column\"><div class=\"wpb_wrapper\"><h1>Tyylik\u00e4s pohjoismainen muotoilu palveluksessasi<\/h1>\n<\/div><\/div><\/div><\/div><\/div><div class=\"vc_col-sm-6 wpb_column vc_column_container\"><div class=\"vc_column-inner\"><div class=\"wpb_wrapper\"><div class=\"wpb_text_column\"><div class=\"wpb_wrapper\"><h3>Rakennettu kest\u00e4m\u00e4\u00e4n<\/h3>\n<p>Meill\u00e4 on yli vuosikymmenen kokemus valmistuksesta ja noudatamme yksinkertaista lupaus: suunnitella ja valmistaa laadukkaita huonekaluja nykyp\u00e4iv\u00e4\u00e4si varten. Ja joka p\u00e4iv\u00e4 sen j\u00e4lkeen.<\/p>\n<h3>Missio ja visio<\/h3>\n<p>Radis laajentaa puhdasta tilaa ymp\u00e4rill\u00e4si. K\u00e4yt\u00e4mme hyvin harkittua muotoilua ja terveellisi\u00e4 luonnonmateriaaleja. Radis haluaa olla majakka, jolla on suuri syd\u00e4n ja pieni ekologinen jalanj\u00e4lki.<\/p>\n<\/div><\/div><\/div><\/div><\/div><\/div><\/div><\/section><section class=\"l-section wpb_row gallery-grid height_medium\"><div class=\"l-section-h i-cf\"><div class=\"g-cols vc_row via_flex valign_top type_default stacking_default\"><div class=\"vc_col-sm-12 wpb_column vc_column_container\"><div class=\"vc_column-inner\"><div class=\"wpb_wrapper\"><div class=\"w-image align_none\"><div class=\"w-image-h\"><img decoding=\"async\" width=\"1650\" height=\"455\" src=\"https:\/\/radis.ee\/wp-content\/uploads\/2020\/10\/Kakumae-forest-estonia.jpg\" class=\"attachment-full size-full\" alt=\"\" loading=\"lazy\" srcset=\"https:\/\/radis.ee\/wp-content\/uploads\/2020\/10\/Kakumae-forest-estonia.jpg 1650w, https:\/\/radis.ee\/wp-content\/uploads\/2020\/10\/Kakumae-forest-estonia-300x83.jpg 300w, https:\/\/radis.ee\/wp-content\/uploads\/2020\/10\/Kakumae-forest-estonia-1024x282.jpg 1024w, https:\/\/radis.ee\/wp-content\/uploads\/2020\/10\/Kakumae-forest-estonia-600x165.jpg 600w, https:\/\/radis.ee\/wp-content\/uploads\/2020\/10\/Kakumae-forest-estonia-36x10.jpg 36w\" sizes=\"auto, (max-width: 1650px) 100vw, 1650px\" \/><\/div><\/div><\/div><\/div><\/div><\/div><\/div><\/section><section class=\"l-section wpb_row height_medium\" id=\"materials\"><div class=\"l-section-h i-cf\"><div class=\"g-cols vc_row via_flex valign_top type_default stacking_default\"><div class=\"vc_col-sm-6 wpb_column vc_column_container\"><div class=\"vc_column-inner\"><div class=\"wpb_wrapper\"><div class=\"wpb_text_column\"><div class=\"wpb_wrapper\"><h2>Ymp\u00e4rist\u00f6yst\u00e4v\u00e4llisi\u00e4 laadukkaita materiaaleja ja ei j\u00e4tett\u00e4 ajattelutapaa<\/h2>\n<\/div><\/div><\/div><\/div><\/div><div class=\"vc_col-sm-6 wpb_column vc_column_container\"><div class=\"vc_column-inner\"><div class=\"wpb_wrapper\"><div class=\"wpb_text_column\"><div class=\"wpb_wrapper\"><p>Materiaalimme ovat yst\u00e4v\u00e4llisi\u00e4 sek\u00e4 luonnolle ett\u00e4 ihmiselle. Suojelemme luontoa ja v\u00e4lt\u00e4mme j\u00e4\u00e4mien muodostumista tuotannon aikana. Valmistettu koivuviilusta, joka on luonnollinen, hillitty mutta kest\u00e4v\u00e4 materiaali. Aina viimeistelty ekologisesti puhtaalla \u00f6ljyvahalla.<\/p>\n<\/div><\/div><\/div><\/div><\/div><\/div><\/div><\/section><section class=\"l-section wpb_row height_medium\" id=\"climate-neutral\"><div class=\"l-section-h i-cf\"><div class=\"g-cols vc_row via_flex valign_top type_default stacking_default\"><div class=\"vc_col-sm-6 wpb_column vc_column_container\"><div class=\"vc_column-inner\"><div class=\"wpb_wrapper\"><div class=\"wpb_text_column\"><div class=\"wpb_wrapper\"><h2>Olemme mets\u00e4positiivisia<\/h2>\n<p>Ymp\u00e4rist\u00f6 ja luonto ovat suurin omaisuutemme. Sen s\u00e4\u00e4st\u00e4misen ja yll\u00e4pidon tulee n\u00e4ky\u00e4 jokaisessa ostop\u00e4\u00e4t\u00f6ksess\u00e4mme.<\/p>\n<p>Ollakseen toiminnassaan ilmastoneutraali Radis tekee yhteisty\u00f6t\u00e4 Make it Neutral -aloitteen kanssa. T\u00e4m\u00e4 tarkoittaa, ett\u00e4 istutamme puun jokaista myyty\u00e4 tuotetta kohden. Sinulle se on ilmaista.<\/p>\n<p>Vaalitaan ja arvostetaan yhdess\u00e4 kalleinta yhteist\u00e4 omaisuuttamme &#8211; luontoa. T\u00e4n\u00e4\u00e4n, huomenna ja aina.<\/p>\n<\/div><\/div><\/div><\/div><\/div><div class=\"vc_col-sm-6 wpb_column vc_column_container\"><div class=\"vc_column-inner\"><div class=\"wpb_wrapper\"><div class=\"w-image align_none\"><div class=\"w-image-h\"><img decoding=\"async\" width=\"1000\" height=\"1000\" src=\"https:\/\/radis.ee\/wp-content\/uploads\/2022\/04\/Radis-ENG-facebook-post-1200x1200-1.png\" class=\"attachment-full size-full\" alt=\"\" loading=\"lazy\" srcset=\"https:\/\/radis.ee\/wp-content\/uploads\/2022\/04\/Radis-ENG-facebook-post-1200x1200-1.png 1000w, https:\/\/radis.ee\/wp-content\/uploads\/2022\/04\/Radis-ENG-facebook-post-1200x1200-1-300x300.png 300w, https:\/\/radis.ee\/wp-content\/uploads\/2022\/04\/Radis-ENG-facebook-post-1200x1200-1-150x150.png 150w, https:\/\/radis.ee\/wp-content\/uploads\/2022\/04\/Radis-ENG-facebook-post-1200x1200-1-450x450.png 450w, https:\/\/radis.ee\/wp-content\/uploads\/2022\/04\/Radis-ENG-facebook-post-1200x1200-1-600x600.png 600w, https:\/\/radis.ee\/wp-content\/uploads\/2022\/04\/Radis-ENG-facebook-post-1200x1200-1-60x60.png 60w\" sizes=\"auto, (max-width: 1000px) 100vw, 1000px\" \/><\/div><\/div><\/div><\/div><\/div><\/div><\/div><\/section><section class=\"l-section wpb_row height_medium\"><div class=\"l-section-h i-cf\"><div class=\"g-cols vc_row via_flex valign_top type_default stacking_default\"><div class=\"vc_col-sm-12 wpb_column vc_column_container\"><div class=\"vc_column-inner\"><div class=\"wpb_wrapper\"><div class=\"wpb_text_column us_custom_437d713f\"><div class=\"wpb_wrapper\"><h2>Materiaalit ja hoito<\/h2>\n<\/div><\/div><div class=\"g-cols wpb_row us_custom_437d713f via_flex valign_top type_default stacking_default\"><div class=\"vc_col-sm-6 wpb_column vc_column_container\"><div class=\"vc_column-inner\"><div class=\"wpb_wrapper\"><div class=\"wpb_text_column us_custom_1825fdfe\"><div class=\"wpb_wrapper\"><h3>Baltian koivuvaneri<\/h3>\n<p>Kaikki huonekalumme on valmistettu luonnonv\u00e4risest\u00e4 koivuvanerista, my\u00f6s tammiviilutetusta, \u00f6ljyvahalla viimeistellyst\u00e4. K\u00e4yt\u00e4mme my\u00f6s suomalaista Koskisen HPL (high pressure laminate) -pinnoitettua vaneria, joka on eritt\u00e4in kest\u00e4v\u00e4 ja vahva pinta.<\/p>\n<p>Kaikki k\u00e4ytt\u00e4m\u00e4mme vaneri on CARB2 (vapaa formaldehydi\u00e4), FSC-sertifioitu ja hankittu luotettavilta kumppaneilta Suomesta, Latviasta, Belgiasta ja Virosta. Hankimme vaneria, elementtej\u00e4 ja muita materiaaleja kumppaneiltamme, joille tunnemme ja joihin luotamme. T\u00e4m\u00e4 varmistaa, ett\u00e4 kaikki huonekaluihimme asettamamme tavoittaa kauneutta, suorituskyky\u00e4 ja kunnioitusta sen luoneet ihmiset ja ymp\u00e4rist\u00f6. Tekem\u00e4ll\u00e4 huonekaluihimme vain kest\u00e4vi\u00e4 raaka-aineita v\u00e4henn\u00e4mme ja rajoitamme koko toimitusketjun ymp\u00e4rist\u00f6vaikutuksia.<\/p>\n<\/div><\/div><\/div><\/div><\/div><div class=\"vc_col-sm-6 wpb_column vc_column_container\"><div class=\"vc_column-inner\"><div class=\"wpb_wrapper\"><div class=\"w-image align_none\"><div class=\"w-image-h\"><img decoding=\"async\" width=\"3559\" height=\"2430\" src=\"https:\/\/radis.ee\/wp-content\/uploads\/2020\/10\/Radis_production_2-scaled.jpg\" class=\"attachment-full size-full\" alt=\"\" loading=\"lazy\" \/><\/div><\/div><\/div><\/div><\/div><\/div><div class=\"g-cols wpb_row us_custom_437d713f via_flex valign_top type_default stacking_default\"><div class=\"vc_col-sm-6 wpb_column vc_column_container\"><div class=\"vc_column-inner\"><div class=\"wpb_wrapper\"><div class=\"wpb_text_column us_custom_1825fdfe\"><div class=\"wpb_wrapper\"><h3>Luonnolliset \u00f6ljyvahat<\/h3>\n<p>K\u00e4yt\u00e4mme Saksan Osmo-s\u00e4vyisi\u00e4 vahoja, jotka valmistetaan uusimpia tuotantomenetelmi\u00e4 k\u00e4ytt\u00e4en. Ne takaavat huonekalujen parhaan mahdollisen suojan, ovat ymp\u00e4rist\u00f6yst\u00e4v\u00e4llisi\u00e4 ja sopivat kaikille sis\u00e4tilojen puupinnoille. Vaha on valmistettu luonnollisista ainesosista, mik\u00e4 antaa puun hengitt\u00e4\u00e4 ja yll\u00e4pit\u00e4\u00e4 sen luonnollista kauneutta. \u00d6ljyvahalla k\u00e4sitellyt pinnat ovat erityisen vahvoja ja kest\u00e4vi\u00e4 samalla kun ne torjuvat vett\u00e4 ja likaa.<\/p>\n<p>Vaha koostuu luonnollisista kasvi\u00f6ljyist\u00e4 ja vajoista, kuten jojoba-, pellava- ja auringonkukka\u00f6ljy, mehil\u00e4isvaha, kandelilla ja karnaubavaha. Se ei sis\u00e4ll\u00e4 biosideja ja s\u00e4il\u00f6nt\u00e4aineita, mik\u00e4 tarkoittaa, ett\u00e4 se on fysiologisesti turvallista ja sit\u00e4 voidaan k\u00e4ytt\u00e4\u00e4 jopa lelujen hoitoon.<\/p>\n<\/div><\/div><\/div><\/div><\/div><div class=\"vc_col-sm-6 wpb_column vc_column_container\"><div class=\"vc_column-inner\"><div class=\"wpb_wrapper\"><div class=\"w-image align_none\"><div class=\"w-image-h\"><img decoding=\"async\" width=\"1200\" height=\"1600\" src=\"https:\/\/radis.ee\/wp-content\/uploads\/2025\/06\/RADIS_furniture_oilwax_tone_samples.jpg\" class=\"attachment-full size-full\" alt=\"\" loading=\"lazy\" srcset=\"https:\/\/radis.ee\/wp-content\/uploads\/2025\/06\/RADIS_furniture_oilwax_tone_samples.jpg 1200w, https:\/\/radis.ee\/wp-content\/uploads\/2025\/06\/RADIS_furniture_oilwax_tone_samples-225x300.jpg 225w, https:\/\/radis.ee\/wp-content\/uploads\/2025\/06\/RADIS_furniture_oilwax_tone_samples-768x1024.jpg 768w, https:\/\/radis.ee\/wp-content\/uploads\/2025\/06\/RADIS_furniture_oilwax_tone_samples-600x800.jpg 600w, https:\/\/radis.ee\/wp-content\/uploads\/2025\/06\/RADIS_furniture_oilwax_tone_samples-45x60.jpg 45w\" sizes=\"auto, (max-width: 1200px) 100vw, 1200px\" \/><\/div><\/div><\/div><\/div><\/div><\/div><div class=\"g-cols wpb_row us_custom_437d713f via_flex valign_top type_default stacking_default\"><div class=\"vc_col-sm-6 wpb_column vc_column_container\"><div class=\"vc_column-inner\"><div class=\"wpb_wrapper\"><div class=\"wpb_text_column us_custom_1825fdfe\"><div class=\"wpb_wrapper\"><h3>Siivous<\/h3>\n<p>Puuviilu tulee puhdistaa vain kostealla liinalla viljan suuntaan ja kuivata heti nukkaamattomalla liinalla. Valuneet nesteet on poistettava nopeasti v\u00e4rj\u00e4ytymisen v\u00e4ltt\u00e4miseksi. \u00c4l\u00e4 k\u00e4yt\u00e4 kiillotusaineita. \u00c4l\u00e4 aseta kuumia esineit\u00e4 huonekalujen p\u00e4\u00e4lle, koska se voi aiheuttaa v\u00e4rinmuutoksia.<\/p>\n<p>Vaikka pinta kest\u00e4\u00e4 viini\u00e4, olutta, kolaa, kahvia, teet\u00e4, mehua, maitoa ja muita nesteit\u00e4, ne voidaan poistaa ilman j\u00e4lki\u00e4. Jos pintaa on tarpeen uudistaa, se voidaan helposti tehd\u00e4 puhdistamalla ja uudelleenk\u00e4sittelem\u00e4ll\u00e4 pinta \u00f6ljyvahalla.<\/p>\n<\/div><\/div><\/div><\/div><\/div><div class=\"vc_col-sm-6 wpb_column vc_column_container\"><div class=\"vc_column-inner\"><div class=\"wpb_wrapper\"><div class=\"w-image align_none\"><div class=\"w-image-h\"><img decoding=\"async\" width=\"1000\" height=\"683\" src=\"https:\/\/radis.ee\/wp-content\/uploads\/2022\/04\/Radis-shelf-LIFT-oak-veneered-plywood-close-up.jpg\" class=\"attachment-large size-large\" alt=\"\" loading=\"lazy\" srcset=\"https:\/\/radis.ee\/wp-content\/uploads\/2022\/04\/Radis-shelf-LIFT-oak-veneered-plywood-close-up.jpg 1000w, https:\/\/radis.ee\/wp-content\/uploads\/2022\/04\/Radis-shelf-LIFT-oak-veneered-plywood-close-up-300x205.jpg 300w, https:\/\/radis.ee\/wp-content\/uploads\/2022\/04\/Radis-shelf-LIFT-oak-veneered-plywood-close-up-600x410.jpg 600w, https:\/\/radis.ee\/wp-content\/uploads\/2022\/04\/Radis-shelf-LIFT-oak-veneered-plywood-close-up-60x41.jpg 60w\" sizes=\"auto, (max-width: 1000px) 100vw, 1000px\" \/><\/div><\/div><\/div><\/div><\/div><\/div><\/div><\/div><\/div><\/div><\/div><\/section><section class=\"l-section wpb_row height_medium\"><div class=\"l-section-h i-cf\"><div class=\"g-cols vc_row via_flex valign_top type_default stacking_default\"><div class=\"vc_col-sm-12 wpb_column vc_column_container\"><div class=\"vc_column-inner\"><div class=\"wpb_wrapper\"><div class=\"g-cols wpb_row via_flex valign_top type_default stacking_default\"><div class=\"vc_col-sm-6 wpb_column vc_column_container\"><div class=\"vc_column-inner\"><div class=\"wpb_wrapper\"><div class=\"wpb_text_column\"><div class=\"wpb_wrapper\"><h2>Todistukset<\/h2>\n<\/div><\/div><\/div><\/div><\/div><div class=\"vc_col-sm-6 wpb_column vc_column_container\"><div class=\"vc_column-inner\"><div class=\"wpb_wrapper\"><div class=\"wpb_text_column\"><div class=\"wpb_wrapper\"><p>Materiaalimme ovat yst\u00e4v\u00e4llisi\u00e4 sek\u00e4 luonnolle ett\u00e4 ihmiselle. Suojelemme luontoa ja v\u00e4lt\u00e4mme j\u00e4\u00e4mien muodostumista tuotannon aikana. Valmistettu koivuviilusta, joka on luonnollinen, hillitty mutta kest\u00e4v\u00e4 materiaali. Aina viimeistelty ekologisesti puhtaalla \u00f6ljyvahalla.<\/p>\n<\/div><\/div><\/div><\/div><\/div><\/div><div class=\"g-cols wpb_row certificates-section via_flex valign_top type_default stacking_default\"><div class=\"vc_col-sm-3 wpb_column vc_column_container\"><div class=\"vc_column-inner\"><div class=\"wpb_wrapper\"><div class=\"wpb_text_column\"><div class=\"wpb_wrapper\"><h3>Osmo \u00f6ljyvahat FSC-sertifikaatti<\/h3>\n<\/div><\/div><div class=\"w-image align_none\"><div class=\"w-image-h\"><img decoding=\"async\" width=\"595\" height=\"842\" src=\"https:\/\/radis.ee\/wp-content\/uploads\/2022\/01\/Osmo-Zertifikat-FSC-Radis-1.jpg\" class=\"attachment-full size-full\" alt=\"\" loading=\"lazy\" srcset=\"https:\/\/radis.ee\/wp-content\/uploads\/2022\/01\/Osmo-Zertifikat-FSC-Radis-1.jpg 595w, https:\/\/radis.ee\/wp-content\/uploads\/2022\/01\/Osmo-Zertifikat-FSC-Radis-1-212x300.jpg 212w, https:\/\/radis.ee\/wp-content\/uploads\/2022\/01\/Osmo-Zertifikat-FSC-Radis-1-42x60.jpg 42w\" sizes=\"auto, (max-width: 595px) 100vw, 595px\" \/><\/div><\/div><\/div><\/div><\/div><div class=\"vc_col-sm-3 wpb_column vc_column_container\"><div class=\"vc_column-inner\"><div class=\"wpb_wrapper\"><div class=\"wpb_text_column\"><div class=\"wpb_wrapper\"><h3>Koskisen vaneri CARB2 sertifikaatti<\/h3>\n<\/div><\/div><div class=\"w-image align_none\"><div class=\"w-image-h\"><img decoding=\"async\" width=\"595\" height=\"842\" src=\"https:\/\/radis.ee\/wp-content\/uploads\/2022\/01\/EPA-TSCA-CARB-ULEF-Certificate-for-interior-glued-plywood.jpg\" class=\"attachment-full size-full\" alt=\"\" loading=\"lazy\" srcset=\"https:\/\/radis.ee\/wp-content\/uploads\/2022\/01\/EPA-TSCA-CARB-ULEF-Certificate-for-interior-glued-plywood.jpg 595w, https:\/\/radis.ee\/wp-content\/uploads\/2022\/01\/EPA-TSCA-CARB-ULEF-Certificate-for-interior-glued-plywood-212x300.jpg 212w, https:\/\/radis.ee\/wp-content\/uploads\/2022\/01\/EPA-TSCA-CARB-ULEF-Certificate-for-interior-glued-plywood-42x60.jpg 42w\" sizes=\"auto, (max-width: 595px) 100vw, 595px\" \/><\/div><\/div><\/div><\/div><\/div><div class=\"vc_col-sm-3 wpb_column vc_column_container\"><div class=\"vc_column-inner\"><div class=\"wpb_wrapper\"><div class=\"wpb_text_column\"><div class=\"wpb_wrapper\"><h3>Koskisen vaneri FSC-sertifikaatti<\/h3>\n<\/div><\/div><div class=\"w-image align_none\"><div class=\"w-image-h\"><img decoding=\"async\" width=\"595\" height=\"841\" src=\"https:\/\/radis.ee\/wp-content\/uploads\/2022\/01\/Koskisen-FSC-sertifikaatti-EN.jpg\" class=\"attachment-full size-full\" alt=\"\" loading=\"lazy\" srcset=\"https:\/\/radis.ee\/wp-content\/uploads\/2022\/01\/Koskisen-FSC-sertifikaatti-EN.jpg 595w, https:\/\/radis.ee\/wp-content\/uploads\/2022\/01\/Koskisen-FSC-sertifikaatti-EN-212x300.jpg 212w, https:\/\/radis.ee\/wp-content\/uploads\/2022\/01\/Koskisen-FSC-sertifikaatti-EN-42x60.jpg 42w\" sizes=\"auto, (max-width: 595px) 100vw, 595px\" \/><\/div><\/div><\/div><\/div><\/div><div class=\"vc_col-sm-3 wpb_column vc_column_container\"><div class=\"vc_column-inner\"><div class=\"wpb_wrapper\"><div class=\"wpb_text_column\"><div class=\"wpb_wrapper\"><h3>Makeitneutral kumppanuustodistus<\/h3>\n<\/div><\/div><div class=\"w-image align_none\"><div class=\"w-image-h\"><img decoding=\"async\" width=\"400\" height=\"563\" src=\"https:\/\/radis.ee\/wp-content\/uploads\/2022\/04\/Makeitnatural-sertifikaat.jpg\" class=\"attachment-full size-full\" alt=\"\" loading=\"lazy\" srcset=\"https:\/\/radis.ee\/wp-content\/uploads\/2022\/04\/Makeitnatural-sertifikaat.jpg 400w, https:\/\/radis.ee\/wp-content\/uploads\/2022\/04\/Makeitnatural-sertifikaat-213x300.jpg 213w, https:\/\/radis.ee\/wp-content\/uploads\/2022\/04\/Makeitnatural-sertifikaat-43x60.jpg 43w\" sizes=\"auto, (max-width: 400px) 100vw, 400px\" \/><\/div><\/div><\/div><\/div><\/div><\/div><\/div><\/div><\/div><\/div><\/div><\/section>\n","protected":false},"excerpt":{"rendered":"Tyylik\u00e4s pohjoismainen muotoilu palveluksessasi Rakennettu kest\u00e4m\u00e4\u00e4n Meill\u00e4 on yli vuosikymmenen kokemus valmistuksesta ja noudatamme yksinkertaista lupaus: suunnitella ja valmistaa laadukkaita huonekaluja nykyp\u00e4iv\u00e4\u00e4si varten. Ja joka p\u00e4iv\u00e4 sen j\u00e4lkeen. Missio ja visio Radis laajentaa puhdasta tilaa ymp\u00e4rill\u00e4si. K\u00e4yt\u00e4mme hyvin harkittua muotoilua ja terveellisi\u00e4 luonnonmateriaaleja. Radis haluaa olla majakka, jolla on suuri syd\u00e4n ja pieni ekologinen jalanj\u00e4lki....","protected":false},"author":1,"featured_media":0,"parent":4387,"menu_order":0,"comment_status":"closed","ping_status":"closed","template":"","meta":{"_acf_changed":false,"footnotes":""},"class_list":["post-4278","page","type-page","status-publish","hentry"],"acf":[],"yoast_head":"<!-- This site is optimized with the Yoast SEO plugin v27.3 - https:\/\/yoast.com\/product\/yoast-seo-wordpress\/ -->\n<title>Periaatteemme - Radis<\/title>\n<meta name=\"robots\" content=\"index, follow, max-snippet:-1, max-image-preview:large, max-video-preview:-1\" \/>\n<link rel=\"canonical\" href=\"https:\/\/radis.ee\/meist\/meie-pohimotted\/\" \/>\n<meta property=\"og:locale\" content=\"fi_FI\" \/>\n<meta property=\"og:type\" content=\"article\" \/>\n<meta property=\"og:title\" content=\"Periaatteemme - Radis\" \/>\n<meta property=\"og:url\" content=\"https:\/\/radis.ee\/meist\/meie-pohimotted\/\" \/>\n<meta property=\"og:site_name\" content=\"Radis\" \/>\n<meta property=\"article:publisher\" content=\"https:\/\/www.facebook.com\/radisfurniture\/\" \/>\n<meta property=\"article:modified_time\" content=\"2025-06-02T11:32:28+00:00\" \/>\n<meta name=\"twitter:card\" content=\"summary_large_image\" \/>\n<meta name=\"twitter:label1\" content=\"Arvioitu lukuaika\" \/>\n\t<meta name=\"twitter:data1\" content=\"2 minuuttia\" \/>\n<script type=\"application\/ld+json\" class=\"yoast-schema-graph\">{\"@context\":\"https:\\\/\\\/schema.org\",\"@graph\":[{\"@type\":\"WebPage\",\"@id\":\"https:\\\/\\\/radis.ee\\\/meist\\\/meie-pohimotted\\\/\",\"url\":\"https:\\\/\\\/radis.ee\\\/meist\\\/meie-pohimotted\\\/\",\"name\":\"Periaatteemme - Radis\",\"isPartOf\":{\"@id\":\"https:\\\/\\\/radis.ee\\\/#website\"},\"datePublished\":\"2020-10-11T12:55:38+00:00\",\"dateModified\":\"2025-06-02T11:32:28+00:00\",\"breadcrumb\":{\"@id\":\"https:\\\/\\\/radis.ee\\\/meist\\\/meie-pohimotted\\\/#breadcrumb\"},\"inLanguage\":\"fi\",\"potentialAction\":[{\"@type\":\"ReadAction\",\"target\":[\"https:\\\/\\\/radis.ee\\\/meist\\\/meie-pohimotted\\\/\"]}]},{\"@type\":\"BreadcrumbList\",\"@id\":\"https:\\\/\\\/radis.ee\\\/meist\\\/meie-pohimotted\\\/#breadcrumb\",\"itemListElement\":[{\"@type\":\"ListItem\",\"position\":1,\"name\":\"Home\",\"item\":\"https:\\\/\\\/radis.ee\\\/\"},{\"@type\":\"ListItem\",\"position\":2,\"name\":\"Meist\u00e4\",\"item\":\"https:\\\/\\\/radis.ee\\\/meist\\\/\"},{\"@type\":\"ListItem\",\"position\":3,\"name\":\"Periaatteemme\"}]},{\"@type\":\"WebSite\",\"@id\":\"https:\\\/\\\/radis.ee\\\/#website\",\"url\":\"https:\\\/\\\/radis.ee\\\/\",\"name\":\"Radis\",\"description\":\"Nordic design furniture, environmentally friendly and sustainable.\",\"publisher\":{\"@id\":\"https:\\\/\\\/radis.ee\\\/#organization\"},\"potentialAction\":[{\"@type\":\"SearchAction\",\"target\":{\"@type\":\"EntryPoint\",\"urlTemplate\":\"https:\\\/\\\/radis.ee\\\/?s={search_term_string}\"},\"query-input\":{\"@type\":\"PropertyValueSpecification\",\"valueRequired\":true,\"valueName\":\"search_term_string\"}}],\"inLanguage\":\"fi\"},{\"@type\":\"Organization\",\"@id\":\"https:\\\/\\\/radis.ee\\\/#organization\",\"name\":\"Radis O\u00dc\",\"url\":\"https:\\\/\\\/radis.ee\\\/\",\"logo\":{\"@type\":\"ImageObject\",\"inLanguage\":\"fi\",\"@id\":\"https:\\\/\\\/radis.ee\\\/#\\\/schema\\\/logo\\\/image\\\/\",\"url\":\"https:\\\/\\\/radis.ee\\\/wp-content\\\/uploads\\\/2020\\\/10\\\/Radis-logo.png\",\"contentUrl\":\"https:\\\/\\\/radis.ee\\\/wp-content\\\/uploads\\\/2020\\\/10\\\/Radis-logo.png\",\"width\":300,\"height\":63,\"caption\":\"Radis O\u00dc\"},\"image\":{\"@id\":\"https:\\\/\\\/radis.ee\\\/#\\\/schema\\\/logo\\\/image\\\/\"},\"sameAs\":[\"https:\\\/\\\/www.facebook.com\\\/radisfurniture\\\/\"]}]}<\/script>\n<!-- \/ Yoast SEO plugin. -->","yoast_head_json":{"title":"Periaatteemme - Radis","robots":{"index":"index","follow":"follow","max-snippet":"max-snippet:-1","max-image-preview":"max-image-preview:large","max-video-preview":"max-video-preview:-1"},"canonical":"https:\/\/radis.ee\/meist\/meie-pohimotted\/","og_locale":"fi_FI","og_type":"article","og_title":"Periaatteemme - Radis","og_url":"https:\/\/radis.ee\/meist\/meie-pohimotted\/","og_site_name":"Radis","article_publisher":"https:\/\/www.facebook.com\/radisfurniture\/","article_modified_time":"2025-06-02T11:32:28+00:00","twitter_card":"summary_large_image","twitter_misc":{"Arvioitu lukuaika":"2 minuuttia"},"schema":{"@context":"https:\/\/schema.org","@graph":[{"@type":"WebPage","@id":"https:\/\/radis.ee\/meist\/meie-pohimotted\/","url":"https:\/\/radis.ee\/meist\/meie-pohimotted\/","name":"Periaatteemme - Radis","isPartOf":{"@id":"https:\/\/radis.ee\/#website"},"datePublished":"2020-10-11T12:55:38+00:00","dateModified":"2025-06-02T11:32:28+00:00","breadcrumb":{"@id":"https:\/\/radis.ee\/meist\/meie-pohimotted\/#breadcrumb"},"inLanguage":"fi","potentialAction":[{"@type":"ReadAction","target":["https:\/\/radis.ee\/meist\/meie-pohimotted\/"]}]},{"@type":"BreadcrumbList","@id":"https:\/\/radis.ee\/meist\/meie-pohimotted\/#breadcrumb","itemListElement":[{"@type":"ListItem","position":1,"name":"Home","item":"https:\/\/radis.ee\/"},{"@type":"ListItem","position":2,"name":"Meist\u00e4","item":"https:\/\/radis.ee\/meist\/"},{"@type":"ListItem","position":3,"name":"Periaatteemme"}]},{"@type":"WebSite","@id":"https:\/\/radis.ee\/#website","url":"https:\/\/radis.ee\/","name":"Radis","description":"Nordic design furniture, environmentally friendly and sustainable.","publisher":{"@id":"https:\/\/radis.ee\/#organization"},"potentialAction":[{"@type":"SearchAction","target":{"@type":"EntryPoint","urlTemplate":"https:\/\/radis.ee\/?s={search_term_string}"},"query-input":{"@type":"PropertyValueSpecification","valueRequired":true,"valueName":"search_term_string"}}],"inLanguage":"fi"},{"@type":"Organization","@id":"https:\/\/radis.ee\/#organization","name":"Radis O\u00dc","url":"https:\/\/radis.ee\/","logo":{"@type":"ImageObject","inLanguage":"fi","@id":"https:\/\/radis.ee\/#\/schema\/logo\/image\/","url":"https:\/\/radis.ee\/wp-content\/uploads\/2020\/10\/Radis-logo.png","contentUrl":"https:\/\/radis.ee\/wp-content\/uploads\/2020\/10\/Radis-logo.png","width":300,"height":63,"caption":"Radis O\u00dc"},"image":{"@id":"https:\/\/radis.ee\/#\/schema\/logo\/image\/"},"sameAs":["https:\/\/www.facebook.com\/radisfurniture\/"]}]}},"_links":{"self":[{"href":"https:\/\/radis.ee\/fi\/wp-json\/wp\/v2\/pages\/4278","targetHints":{"allow":["GET"]}}],"collection":[{"href":"https:\/\/radis.ee\/fi\/wp-json\/wp\/v2\/pages"}],"about":[{"href":"https:\/\/radis.ee\/fi\/wp-json\/wp\/v2\/types\/page"}],"author":[{"embeddable":true,"href":"https:\/\/radis.ee\/fi\/wp-json\/wp\/v2\/users\/1"}],"replies":[{"embeddable":true,"href":"https:\/\/radis.ee\/fi\/wp-json\/wp\/v2\/comments?post=4278"}],"version-history":[{"count":0,"href":"https:\/\/radis.ee\/fi\/wp-json\/wp\/v2\/pages\/4278\/revisions"}],"up":[{"embeddable":true,"href":"https:\/\/radis.ee\/fi\/wp-json\/wp\/v2\/pages\/4387"}],"wp:attachment":[{"href":"https:\/\/radis.ee\/fi\/wp-json\/wp\/v2\/media?parent=4278"}],"curies":[{"name":"wp","href":"https:\/\/api.w.org\/{rel}","templated":true}]}}