{"id":4342,"date":"2020-10-11T21:32:30","date_gmt":"2020-10-11T18:32:30","guid":{"rendered":"https:\/\/radis.ee\/lehdisto\/"},"modified":"2026-01-07T16:45:26","modified_gmt":"2026-01-07T14:45:26","slug":"lehdisto","status":"publish","type":"page","link":"https:\/\/radis.ee\/fi\/lehdisto\/","title":{"rendered":"Lehdist\u00f6"},"content":{"rendered":"<section class=\"l-section wpb_row us_custom_da1a9854 press-section height_medium\"><div class=\"l-section-h i-cf\"><div class=\"g-cols vc_row via_flex valign_top type_default stacking_default\"><div class=\"vc_col-sm-12 wpb_column vc_column_container\"><div class=\"vc_column-inner\"><div class=\"wpb_wrapper\"><div class=\"g-cols wpb_row us_custom_3257a9f0 via_flex valign_top type_default stacking_default\"><div class=\"vc_col-sm-6 wpb_column vc_column_container press-text\"><div class=\"vc_column-inner\"><div class=\"wpb_wrapper\"><div class=\"wpb_text_column\"><div class=\"wpb_wrapper\"><p>Olemme iloisia voidessamme l\u00e4hett\u00e4\u00e4 sinulle lehdist\u00f6tiedotteet ja uudet tuotteet 4-6 kertaa vuodessa s\u00e4hk\u00f6postitse. Yhteyshenkil\u00f6si lehdist\u00f6- ja suhdetoiminnalle on Maris Vahter.<\/p>\n<p>Jos tarvitset lehtiaineistoa tai jos sinulla on kysytt\u00e4v\u00e4\u00e4, l\u00e4het\u00e4 s\u00e4hk\u00f6postia osoitteeseen:\u00a0<a href=\"mailto:maris@radis.ee\">maris@radis.ee<\/a><\/p>\n<\/div><\/div><\/div><\/div><\/div><div class=\"vc_col-sm-6 wpb_column vc_column_container\"><div class=\"vc_column-inner\"><div class=\"wpb_wrapper\"><div class=\"w-image us_custom_4481559d align_none\"><div class=\"w-image-h\"><img decoding=\"async\" width=\"550\" height=\"384\" src=\"https:\/\/radis.ee\/wp-content\/uploads\/2020\/10\/Maris-Vahter.jpg\" class=\"attachment-full size-full\" alt=\"\" loading=\"lazy\" srcset=\"https:\/\/radis.ee\/wp-content\/uploads\/2020\/10\/Maris-Vahter.jpg 550w, https:\/\/radis.ee\/wp-content\/uploads\/2020\/10\/Maris-Vahter-300x209.jpg 300w, https:\/\/radis.ee\/wp-content\/uploads\/2020\/10\/Maris-Vahter-36x25.jpg 36w\" sizes=\"auto, (max-width: 550px) 100vw, 550px\" \/><\/div><\/div><\/div><\/div><\/div><\/div><div class=\"g-cols wpb_row us_custom_6187a5cd via_flex valign_top type_default stacking_default\"><div class=\"vc_col-sm-6 wpb_column vc_column_container\"><div class=\"vc_column-inner\"><div class=\"wpb_wrapper\"><h2 class=\"w-text\"><span class=\"w-text-h\"><span class=\"w-text-value\">Paina materiaalia<\/span><\/span><\/h2><\/div><\/div><\/div><div class=\"vc_col-sm-6 wpb_column vc_column_container\"><div class=\"vc_column-inner\"><div class=\"wpb_wrapper\"><p class=\"w-text us_custom_f7cc45f9\"><span class=\"w-text-h\"><span class=\"w-text-value\">Katso lehdist\u00f6julkaisujen tuotekuvamme t\u00e4\u00e4lt\u00e4<\/span><\/span><\/p><div class=\"w-btn-wrapper align_none\"><a class=\"w-btn us-btn-style_4 icon_atright\" target=\" _blank\" href=\"https:\/\/www.dropbox.com\/sh\/zsib9820u3q27wg\/AAA1yGxk0NbVtjgVazkN9wHpa?dl=0\"><span class=\"w-btn-label\">Katso lehdist\u00f6julkaisujen<\/span><i class=\"fas fa-external-link-square-alt\"><\/i><\/a><\/div><\/div><\/div><\/div><\/div><div class=\"g-cols wpb_row via_flex valign_top type_default stacking_default\"><div class=\"vc_col-sm-6 wpb_column vc_column_container\"><div class=\"vc_column-inner\"><div class=\"wpb_wrapper\"><h2 class=\"w-text\"><span class=\"w-text-h\"><span class=\"w-text-value\">Tuoteluettelojamme<\/span><\/span><\/h2><\/div><\/div><\/div><div class=\"vc_col-sm-6 wpb_column vc_column_container\"><div class=\"vc_column-inner\"><div class=\"wpb_wrapper\"><p class=\"w-text us_custom_f7cc45f9\"><span class=\"w-text-h\"><span class=\"w-text-value\">Selaa tuoteluettelojamme<\/span><\/span><\/p><div class=\"w-btn-wrapper align_none\"><a class=\"w-btn us-btn-style_4 icon_atright\" target=\"_blank\" rel=\"nofollow\" href=\"https:\/\/www.dropbox.com\/scl\/fi\/u2jewlaifmefbaj7o170m\/Radis_Furniture_Catalogue_2026_January.pdf?rlkey=eqmcfk3e132p07muwmiv42901&amp;st=vul6pa6t&amp;dl=0\"><span class=\"w-btn-label\">Tuoteluettelojamme<\/span><i class=\"fas fa-external-link-square-alt\"><\/i><\/a><\/div><\/div><\/div><\/div><\/div><\/div><\/div><\/div><\/div><\/div><\/section>\n","protected":false},"excerpt":{"rendered":"Olemme iloisia voidessamme l\u00e4hett\u00e4\u00e4 sinulle lehdist\u00f6tiedotteet ja uudet tuotteet 4-6 kertaa vuodessa s\u00e4hk\u00f6postitse. Yhteyshenkil\u00f6si lehdist\u00f6- ja suhdetoiminnalle on Maris Vahter. Jos tarvitset lehtiaineistoa tai jos sinulla on kysytt\u00e4v\u00e4\u00e4, l\u00e4het\u00e4 s\u00e4hk\u00f6postia osoitteeseen:\u00a0maris@radis.ee Paina materiaaliaKatso lehdist\u00f6julkaisujen tuotekuvamme t\u00e4\u00e4lt\u00e4Katso lehdist\u00f6julkaisujenTuoteluettelojammeSelaa tuoteluettelojammeTuoteluettelojamme","protected":false},"author":1,"featured_media":0,"parent":0,"menu_order":0,"comment_status":"closed","ping_status":"closed","template":"","meta":{"_acf_changed":false,"footnotes":""},"class_list":["post-4342","page","type-page","status-publish","hentry"],"acf":[],"yoast_head":"<!-- This site is optimized with the Yoast SEO plugin v27.3 - https:\/\/yoast.com\/product\/yoast-seo-wordpress\/ -->\n<title>Lehdist\u00f6 - Radis<\/title>\n<meta name=\"robots\" content=\"index, follow, max-snippet:-1, max-image-preview:large, max-video-preview:-1\" \/>\n<link rel=\"canonical\" href=\"https:\/\/radis.ee\/fi\/lehdisto\/\" \/>\n<meta property=\"og:locale\" content=\"fi_FI\" \/>\n<meta property=\"og:type\" content=\"article\" \/>\n<meta property=\"og:title\" content=\"Lehdist\u00f6 - Radis\" \/>\n<meta property=\"og:url\" content=\"https:\/\/radis.ee\/fi\/lehdisto\/\" \/>\n<meta property=\"og:site_name\" content=\"Radis\" \/>\n<meta property=\"article:publisher\" content=\"https:\/\/www.facebook.com\/radisfurniture\/\" \/>\n<meta property=\"article:modified_time\" content=\"2026-01-07T14:45:26+00:00\" \/>\n<meta name=\"twitter:card\" content=\"summary_large_image\" \/>\n<meta name=\"twitter:label1\" content=\"Arvioitu lukuaika\" \/>\n\t<meta name=\"twitter:data1\" content=\"1 minuutti\" \/>\n<script type=\"application\/ld+json\" class=\"yoast-schema-graph\">{\"@context\":\"https:\\\/\\\/schema.org\",\"@graph\":[{\"@type\":\"WebPage\",\"@id\":\"https:\\\/\\\/radis.ee\\\/fi\\\/lehdisto\\\/\",\"url\":\"https:\\\/\\\/radis.ee\\\/fi\\\/lehdisto\\\/\",\"name\":\"Lehdist\u00f6 - Radis\",\"isPartOf\":{\"@id\":\"https:\\\/\\\/radis.ee\\\/#website\"},\"datePublished\":\"2020-10-11T18:32:30+00:00\",\"dateModified\":\"2026-01-07T14:45:26+00:00\",\"breadcrumb\":{\"@id\":\"https:\\\/\\\/radis.ee\\\/fi\\\/lehdisto\\\/#breadcrumb\"},\"inLanguage\":\"fi\",\"potentialAction\":[{\"@type\":\"ReadAction\",\"target\":[\"https:\\\/\\\/radis.ee\\\/fi\\\/lehdisto\\\/\"]}]},{\"@type\":\"BreadcrumbList\",\"@id\":\"https:\\\/\\\/radis.ee\\\/fi\\\/lehdisto\\\/#breadcrumb\",\"itemListElement\":[{\"@type\":\"ListItem\",\"position\":1,\"name\":\"Home\",\"item\":\"https:\\\/\\\/radis.ee\\\/\"},{\"@type\":\"ListItem\",\"position\":2,\"name\":\"Lehdist\u00f6\"}]},{\"@type\":\"WebSite\",\"@id\":\"https:\\\/\\\/radis.ee\\\/#website\",\"url\":\"https:\\\/\\\/radis.ee\\\/\",\"name\":\"Radis\",\"description\":\"Nordic design furniture, environmentally friendly and sustainable.\",\"publisher\":{\"@id\":\"https:\\\/\\\/radis.ee\\\/#organization\"},\"potentialAction\":[{\"@type\":\"SearchAction\",\"target\":{\"@type\":\"EntryPoint\",\"urlTemplate\":\"https:\\\/\\\/radis.ee\\\/?s={search_term_string}\"},\"query-input\":{\"@type\":\"PropertyValueSpecification\",\"valueRequired\":true,\"valueName\":\"search_term_string\"}}],\"inLanguage\":\"fi\"},{\"@type\":\"Organization\",\"@id\":\"https:\\\/\\\/radis.ee\\\/#organization\",\"name\":\"Radis O\u00dc\",\"url\":\"https:\\\/\\\/radis.ee\\\/\",\"logo\":{\"@type\":\"ImageObject\",\"inLanguage\":\"fi\",\"@id\":\"https:\\\/\\\/radis.ee\\\/#\\\/schema\\\/logo\\\/image\\\/\",\"url\":\"https:\\\/\\\/radis.ee\\\/wp-content\\\/uploads\\\/2020\\\/10\\\/Radis-logo.png\",\"contentUrl\":\"https:\\\/\\\/radis.ee\\\/wp-content\\\/uploads\\\/2020\\\/10\\\/Radis-logo.png\",\"width\":300,\"height\":63,\"caption\":\"Radis O\u00dc\"},\"image\":{\"@id\":\"https:\\\/\\\/radis.ee\\\/#\\\/schema\\\/logo\\\/image\\\/\"},\"sameAs\":[\"https:\\\/\\\/www.facebook.com\\\/radisfurniture\\\/\"]}]}<\/script>\n<!-- \/ Yoast SEO plugin. -->","yoast_head_json":{"title":"Lehdist\u00f6 - Radis","robots":{"index":"index","follow":"follow","max-snippet":"max-snippet:-1","max-image-preview":"max-image-preview:large","max-video-preview":"max-video-preview:-1"},"canonical":"https:\/\/radis.ee\/fi\/lehdisto\/","og_locale":"fi_FI","og_type":"article","og_title":"Lehdist\u00f6 - Radis","og_url":"https:\/\/radis.ee\/fi\/lehdisto\/","og_site_name":"Radis","article_publisher":"https:\/\/www.facebook.com\/radisfurniture\/","article_modified_time":"2026-01-07T14:45:26+00:00","twitter_card":"summary_large_image","twitter_misc":{"Arvioitu lukuaika":"1 minuutti"},"schema":{"@context":"https:\/\/schema.org","@graph":[{"@type":"WebPage","@id":"https:\/\/radis.ee\/fi\/lehdisto\/","url":"https:\/\/radis.ee\/fi\/lehdisto\/","name":"Lehdist\u00f6 - Radis","isPartOf":{"@id":"https:\/\/radis.ee\/#website"},"datePublished":"2020-10-11T18:32:30+00:00","dateModified":"2026-01-07T14:45:26+00:00","breadcrumb":{"@id":"https:\/\/radis.ee\/fi\/lehdisto\/#breadcrumb"},"inLanguage":"fi","potentialAction":[{"@type":"ReadAction","target":["https:\/\/radis.ee\/fi\/lehdisto\/"]}]},{"@type":"BreadcrumbList","@id":"https:\/\/radis.ee\/fi\/lehdisto\/#breadcrumb","itemListElement":[{"@type":"ListItem","position":1,"name":"Home","item":"https:\/\/radis.ee\/"},{"@type":"ListItem","position":2,"name":"Lehdist\u00f6"}]},{"@type":"WebSite","@id":"https:\/\/radis.ee\/#website","url":"https:\/\/radis.ee\/","name":"Radis","description":"Nordic design furniture, environmentally friendly and sustainable.","publisher":{"@id":"https:\/\/radis.ee\/#organization"},"potentialAction":[{"@type":"SearchAction","target":{"@type":"EntryPoint","urlTemplate":"https:\/\/radis.ee\/?s={search_term_string}"},"query-input":{"@type":"PropertyValueSpecification","valueRequired":true,"valueName":"search_term_string"}}],"inLanguage":"fi"},{"@type":"Organization","@id":"https:\/\/radis.ee\/#organization","name":"Radis O\u00dc","url":"https:\/\/radis.ee\/","logo":{"@type":"ImageObject","inLanguage":"fi","@id":"https:\/\/radis.ee\/#\/schema\/logo\/image\/","url":"https:\/\/radis.ee\/wp-content\/uploads\/2020\/10\/Radis-logo.png","contentUrl":"https:\/\/radis.ee\/wp-content\/uploads\/2020\/10\/Radis-logo.png","width":300,"height":63,"caption":"Radis O\u00dc"},"image":{"@id":"https:\/\/radis.ee\/#\/schema\/logo\/image\/"},"sameAs":["https:\/\/www.facebook.com\/radisfurniture\/"]}]}},"_links":{"self":[{"href":"https:\/\/radis.ee\/fi\/wp-json\/wp\/v2\/pages\/4342","targetHints":{"allow":["GET"]}}],"collection":[{"href":"https:\/\/radis.ee\/fi\/wp-json\/wp\/v2\/pages"}],"about":[{"href":"https:\/\/radis.ee\/fi\/wp-json\/wp\/v2\/types\/page"}],"author":[{"embeddable":true,"href":"https:\/\/radis.ee\/fi\/wp-json\/wp\/v2\/users\/1"}],"replies":[{"embeddable":true,"href":"https:\/\/radis.ee\/fi\/wp-json\/wp\/v2\/comments?post=4342"}],"version-history":[{"count":0,"href":"https:\/\/radis.ee\/fi\/wp-json\/wp\/v2\/pages\/4342\/revisions"}],"wp:attachment":[{"href":"https:\/\/radis.ee\/fi\/wp-json\/wp\/v2\/media?parent=4342"}],"curies":[{"name":"wp","href":"https:\/\/api.w.org\/{rel}","templated":true}]}}