{"id":4489,"date":"2020-10-11T23:00:45","date_gmt":"2020-10-11T20:00:45","guid":{"rendered":"https:\/\/radis.ee\/muugitingimused\/"},"modified":"2020-11-06T14:40:51","modified_gmt":"2020-11-06T12:40:51","slug":"muugitingimused","status":"publish","type":"page","link":"https:\/\/radis.ee\/fi\/muugitingimused\/","title":{"rendered":"Myyntitilaukset"},"content":{"rendered":"<p>Verkkokauppa RADIS.EE:n (alempana verkkokauppa) omistaja on Radis O\u00dc (rek.tunnus 12019984), osoite Vaalu 10, 13522 Tallinna, Viro.<\/p>\n<h2>Myyntisopimuksen voimassaolo, tuote- ja hintatiedot<\/h2>\n<p>Myyntiehtoja sovelletaan tuotteiden ostamiseen verkkokaupasta. Verkkokaupassa myyt\u00e4vien tuotteiden hinnat on ilmoitettu tuotteiden yhteydess\u00e4. Hinnat on esitetty euroina. Jos asiakas tilaa my\u00f6s kuljetuksen, hintaan lis\u00e4t\u00e4\u00e4n toimituskulu, joka riippuu toimitusosoitteesta ja toimitustavasta. Toimituskulut ilmoitetaan ostajalle tilausta teht\u00e4ess\u00e4. Tuotetiedot on esitetty verkkokaupassa tuotteen v\u00e4litt\u00f6m\u00e4ss\u00e4 yhteydess\u00e4.<\/p>\n<h2>Tilaaminen<\/h2>\n<p>Tuotteita tilataan lis\u00e4\u00e4m\u00e4ll\u00e4 haluttu tuote ostoskoriin. Tilaus tehd\u00e4\u00e4n t\u00e4ytt\u00e4m\u00e4ll\u00e4 vaaditut tiedot ja valitaan sopiva toimitustapa. Sen j\u00e4lkeen n\u00e4yt\u00f6ll\u00e4 n\u00e4kyy lopullinen hinta, joka voidaan maksaa pankkilinkin kautta tai muuta maksutapaa k\u00e4ytt\u00e4en &#8211; luottokortilla tai PayPalilla. Maksutavat tarjoaa Maksekeskus AS. Sopimus astuu voimaan summan saavuttua verkkokaupan pankkitilille. Jos tilattua tuotetta ei voida toimittaa sen loppumisen vuoksi tai muusta syyst\u00e4, asiasta ilmoitetaan ostajalle mahdollisimman pian. Maksettu summa palautetaan (my\u00f6s l\u00e4hetyskulut) viipym\u00e4tt\u00e4, mutta kuitenkin viimeist\u00e4\u00e4n 14 p\u00e4iv\u00e4n kuluessa ilmoituksesta.<\/p>\n<h2>Toimitus<\/h2>\n<p>Toimitamme tuotteita kaikkiin Euroopan maihin Dachserill\u00e4.<br \/>\nVastaavat hintatiedot on ilmoitettu l\u00e4hetystapaa valittaessa.<\/p>\n<p>Tilaukset valmistuvat ja l\u00e4hetykset toimitetaan ostajan m\u00e4\u00e4rittelem\u00e4\u00e4n osoitteeseen yleens\u00e4 3\u20134 viikon kuluessa myyntisopimuksen voimaantulosta. Poikkeustapauksissa myyj\u00e4ll\u00e4 on oikeus l\u00e4hett\u00e4\u00e4 tuotteet kuuden viikon kuluessa. Kuriiri soittaa sinulle aina ennen sovittuaan toimitusajan.<\/p>\n<p>Luotettava toimitusyritys Dachser Finland toimittaa Radis-huonekalut tasaisissa laatikoissa suoraan ulko-ovellesi.<\/p>\n<h2>Peruuttamisoikeus<\/h2>\n<p>Tilauksen saatuaan on ostajalla oikeus perua verkkokaupassa tehty tilaus 14 p\u00e4iv\u00e4n kuluessa [ostajalla ole tuotteesta johtuen v\u00e4ltt\u00e4m\u00e4tt\u00e4 perumisoikeutta, vastaavat tuotteet ja palvelut on siin\u00e4 tapauksessa lueteltava ja niiden tulee olla Viron velkasuhdelain (v\u00f5la\u00f5igusseadus) 53 \u00a7 4 momentissa lueteltujen ehtojen mukaisia]. Peruuttamisoikeus ei koske oikeushenkil\u00f6j\u00e4. 14 p\u00e4iv\u00e4n palautusoikeuden k\u00e4ytt\u00e4miseksi tilattua tuotetta ei saa k\u00e4ytt\u00e4\u00e4 mill\u00e4\u00e4n muulla tavoin kuin tuotteen olemuksen, ominaisuuksien ja toiminnan testaamiseen, samaan tapaan kuin myym\u00e4l\u00f6iss\u00e4 on sallittua kokeilla tuotteita. Jos tuotetta on k\u00e4ytetty muuhun k\u00e4ytt\u00f6tarkoitukseen kuin tuotteen luonteesta, ominaisuuksista ja toimimisesta vakuuttumiseksi tarvitaan tai siin\u00e4 on k\u00e4yt\u00f6n ja kulumisen merkkej\u00e4, on verkkokaupalla oikeus v\u00e4hent\u00e4\u00e4 tuotteen arvon v\u00e4heneminen palautettavasta summasta.<\/p>\n<p>Tuotteen palauttamiseksi on esitett\u00e4v\u00e4 tavaran palautusilmoitus, jonka l\u00f6yd\u00e4t t\u00e4st\u00e4: <a href=\"http:\/\/e-kaubanduseliit.ee\/wp-content\/uploads\/2015\/01\/JM_m41_lisa1.pdf\" target=\"_blank\" rel=\"noopener noreferrer\">palautusilmoitus<\/a> ja l\u00e4hetett\u00e4v\u00e4 se s\u00e4hk\u00f6postiosoitteeseen info@radis.ee 14 p\u00e4iv\u00e4n kuluessa tuotteen vastaanottamisesta. Tuotteen palautuskulut maksaa ostaja, paitsi silloin, kun palautuksen syyn\u00e4 oli se, ettei palautettava tuote ollut tilauksen mukainen (esim. v\u00e4\u00e4r\u00e4 tai viallinen tuote). Ostajan on palautettava tuote ilmoituksen l\u00e4hett\u00e4mist\u00e4 seuraavan 14 p\u00e4iv\u00e4n kuluessa tai todistettava, ett\u00e4 h\u00e4n on kyseisen ajanjakson aikana luovuttanut tuotteen kuljetusliikkeelle. Verkkokauppa palauttaa kaikki kauppaan liittyv\u00e4t maksetut summat ostajalle viipym\u00e4tt\u00e4 saatuaan palautetut tuotteet, mutta kuitenkin viimeist\u00e4\u00e4n 14 p\u00e4iv\u00e4n kuluessa peruuttamisilmoituksen saamisesta.<\/p>\n<p>Verkkokauppa voi kielt\u00e4yty\u00e4 palauttamasta summaa siihen saakka, kunnes tuote on palautettu tai ostaja on todistanut l\u00e4hett\u00e4neens\u00e4 tuotteen takaisin, riippuen siit\u00e4 kumpi n\u00e4ist\u00e4 tapahtuu ensin. Mik\u00e4li ostaja on selv\u00e4sanaisesti valinnut verkkokaupan tarjoamasta edullisimmasta tavanomaisesta toimitustavasta poikkeavan toimitustavan, ei verkkokaupan tarvitse maksaa kuluttajalle kuluja, jotka ylitt\u00e4v\u00e4t tavanomaiseen toimittamistapaan liittyv\u00e4t kustannukset. Verkkokaupalla on oikeus purkaa kauppa ja vaatia tuotteiden palauttamista silloin, kun verkkokaupassa ilmoitettu tuotteen hinta on virheen vuoksi merkitt\u00e4v\u00e4sti pienempi kuin tuotteen markkinahinta.<\/p>\n<h2>Valitusoikeus<\/h2>\n<p>Verkkokauppa vastaa ostajalle myydyn tuotteen puutteista tai vioista, jotka olivat olemassa tuotetta luovutettaessa ja jotka ilmeniv\u00e4t kahden vuoden kuluessa siit\u00e4, kun tavara luovutettiin ostajalle. Oletetaan, ett\u00e4 tuotteessa kuuden kuukauden kuluessa ostajalle luovuttamisesta ilmenneet puutteet olivat olemassa my\u00f6s tuotetta luovutettaessa. T\u00e4m\u00e4n edellytyksen kumoaminen on verkkokaupan velvollisuus. Ostajalla on vian ilmetess\u00e4 oikeus k\u00e4\u00e4nty\u00e4 verkkokaupan puoleen l\u00e4hett\u00e4m\u00e4ll\u00e4 s\u00e4hk\u00f6postiviesti osoitteeseen info@radis.ee tai soittamalla numeroon;+372 5558 5656.<\/p>\n<p>Verkkokauppa ei vastaa sellaisista vioista, jotka ovat aiheutuneet tuotteen ostajalle luovuttamisen j\u00e4lkeen. Jos verkkokaupassa ostetussa tuotteessa on sellaisia vikoja, joista verkkokauppa on vastuussa, verkkokauppa korjaa tai vaihtaa viallisen tuotteen. Jos tuotetta ei ole mahdollista korjata tai vaihtaa, verkkokauppa palauttaa ostajalle kaikki kauppaan liittyv\u00e4t maksetut summat. Verkkokauppa vastaa ostajan valitukseen kirjallisesti tai kirjallisesti toisinnettavalla tavalla 15 p\u00e4iv\u00e4n kuluessa.<\/p>\n<h2>Suoramarkkinointi ja henkil\u00f6tietojen k\u00e4sittely<\/h2>\n<p>Verkkokauppa k\u00e4ytt\u00e4\u00e4 ostajan ilmoittamia henkil\u00f6tietoja (mm. nimi, puhelinnumero, osite, s\u00e4hk\u00f6postiosoite, pankkitiedot) vain tilauksen k\u00e4sittelyyn ja tuotteiden ostajalle l\u00e4hett\u00e4miseen. Verkkokauppa l\u00e4hett\u00e4\u00e4 henkil\u00f6tietoja kuljetusliikkeelle tuotteiden perille toimittamista varten.<\/p>\n<p>Verkkokauppa l\u00e4hett\u00e4\u00e4 ostajalle uutiskirjeit\u00e4 ja tarjouksia ostajan s\u00e4hk\u00f6postiin vain siin\u00e4 tapauksessa, ett\u00e4 ostaja on ilmaissut t\u00e4t\u00e4 koskevan toiveensa kirjoittamalla verkkosivulla s\u00e4hk\u00f6postiosoitteensa ja ilmoittanut halustaan saada suorapostitusilmoituksia. Ostaja voi milloin tahansa luopua s\u00e4hk\u00f6postiin l\u00e4hetett\u00e4vist\u00e4 tarjouksista ja uutiskirjeist\u00e4 ilmoittamalla t\u00e4st\u00e4 meille s\u00e4hk\u00f6postitse tai noudattamalla tarjousviestiss\u00e4 annettuja ohjeita.<\/p>\n<h2>Erimielisyyksien ratkaiseminen<\/h2>\n<p>Jos ostajalla on verkkokauppaan liittyvi\u00e4 valituksia, ne on l\u00e4hetett\u00e4v\u00e4 osoitteeseen info@radis.ee tai soitettava numeroon: +37255585656. Jos ostaja ja verkkokauppa eiv\u00e4t p\u00e4\u00e4se asiassa yhteisymm\u00e4rrykseen, ostajalla on oikeus k\u00e4\u00e4nty\u00e4 kuluttajariitalautakunnan puoleen.<\/p>\n<p>Menettelyehtoihin voi tutustua ja anomuksen voi esitt\u00e4\u00e4 <a href=\"http:\/\/www.komisjon.ee\/\" target=\"_blank\" rel=\"noopener noreferrer\">t\u00e4ss\u00e4<\/a>. Kuluttajariitalautakunnan toimivaltaan kuuluu ostajan ja verkkokaupan v\u00e4lill\u00e4 solmitusta sopimuksesta seuraavien kiistojen ratkaiseminen. Ostajan valituksen k\u00e4sittely lautakunnassa on maksutonta. Ostaja voi k\u00e4\u00e4nty\u00e4 Euroopan unionin kuluttajariitoja k\u00e4sittelev\u00e4n tahon <a href=\"http:\/\/ec.europa.eu\/consumers\/odr\/\" target=\"_blank\" rel=\"noopener noreferrer\">puoleen<\/a>.<\/p>\n","protected":false},"excerpt":{"rendered":"<p>Verkkokauppa RADIS.EE:n (alempana verkkokauppa) omistaja on Radis O\u00dc (rek.tunnus 12019984), osoite Vaalu 10, 13522 Tallinna, Viro. Myyntisopimuksen voimassaolo, tuote- ja hintatiedot Myyntiehtoja sovelletaan tuotteiden ostamiseen verkkokaupasta. Verkkokaupassa myyt\u00e4vien tuotteiden hinnat on ilmoitettu tuotteiden yhteydess\u00e4. Hinnat on esitetty euroina. Jos asiakas tilaa my\u00f6s kuljetuksen, hintaan lis\u00e4t\u00e4\u00e4n toimituskulu, joka riippuu toimitusosoitteesta ja toimitustavasta. Toimituskulut ilmoitetaan ostajalle tilausta&#8230;<\/p>\n","protected":false},"author":1,"featured_media":0,"parent":0,"menu_order":0,"comment_status":"closed","ping_status":"closed","template":"","meta":{"_acf_changed":false,"footnotes":""},"class_list":["post-4489","page","type-page","status-publish","hentry"],"acf":[],"yoast_head":"<!-- This site is optimized with the Yoast SEO plugin v27.4 - https:\/\/yoast.com\/product\/yoast-seo-wordpress\/ -->\n<title>Myyntitilaukset - Radis<\/title>\n<meta name=\"robots\" content=\"index, follow, max-snippet:-1, max-image-preview:large, max-video-preview:-1\" \/>\n<link rel=\"canonical\" href=\"https:\/\/radis.ee\/fi\/muugitingimused\/\" \/>\n<meta property=\"og:locale\" content=\"fi_FI\" \/>\n<meta property=\"og:type\" content=\"article\" \/>\n<meta property=\"og:title\" content=\"Myyntitilaukset - Radis\" \/>\n<meta property=\"og:description\" content=\"Verkkokauppa RADIS.EE:n (alempana verkkokauppa) omistaja on Radis O\u00dc (rek.tunnus 12019984), osoite Vaalu 10, 13522 Tallinna, Viro. Myyntisopimuksen voimassaolo, tuote- ja hintatiedot Myyntiehtoja sovelletaan tuotteiden ostamiseen verkkokaupasta. Verkkokaupassa myyt\u00e4vien tuotteiden hinnat on ilmoitettu tuotteiden yhteydess\u00e4. Hinnat on esitetty euroina. Jos asiakas tilaa my\u00f6s kuljetuksen, hintaan lis\u00e4t\u00e4\u00e4n toimituskulu, joka riippuu toimitusosoitteesta ja toimitustavasta. Toimituskulut ilmoitetaan ostajalle tilausta...\" \/>\n<meta property=\"og:url\" content=\"https:\/\/radis.ee\/fi\/muugitingimused\/\" \/>\n<meta property=\"og:site_name\" content=\"Radis\" \/>\n<meta property=\"article:publisher\" content=\"https:\/\/www.facebook.com\/radisfurniture\/\" \/>\n<meta property=\"article:modified_time\" content=\"2020-11-06T12:40:51+00:00\" \/>\n<meta name=\"twitter:card\" content=\"summary_large_image\" \/>\n<meta name=\"twitter:label1\" content=\"Arvioitu lukuaika\" \/>\n\t<meta name=\"twitter:data1\" content=\"4 minuuttia\" \/>\n<script type=\"application\/ld+json\" class=\"yoast-schema-graph\">{\"@context\":\"https:\\\/\\\/schema.org\",\"@graph\":[{\"@type\":\"WebPage\",\"@id\":\"https:\\\/\\\/radis.ee\\\/fi\\\/muugitingimused\\\/\",\"url\":\"https:\\\/\\\/radis.ee\\\/fi\\\/muugitingimused\\\/\",\"name\":\"Myyntitilaukset - Radis\",\"isPartOf\":{\"@id\":\"https:\\\/\\\/radis.ee\\\/#website\"},\"datePublished\":\"2020-10-11T20:00:45+00:00\",\"dateModified\":\"2020-11-06T12:40:51+00:00\",\"breadcrumb\":{\"@id\":\"https:\\\/\\\/radis.ee\\\/fi\\\/muugitingimused\\\/#breadcrumb\"},\"inLanguage\":\"fi\",\"potentialAction\":[{\"@type\":\"ReadAction\",\"target\":[\"https:\\\/\\\/radis.ee\\\/fi\\\/muugitingimused\\\/\"]}]},{\"@type\":\"BreadcrumbList\",\"@id\":\"https:\\\/\\\/radis.ee\\\/fi\\\/muugitingimused\\\/#breadcrumb\",\"itemListElement\":[{\"@type\":\"ListItem\",\"position\":1,\"name\":\"Home\",\"item\":\"https:\\\/\\\/radis.ee\\\/\"},{\"@type\":\"ListItem\",\"position\":2,\"name\":\"Myyntitilaukset\"}]},{\"@type\":\"WebSite\",\"@id\":\"https:\\\/\\\/radis.ee\\\/#website\",\"url\":\"https:\\\/\\\/radis.ee\\\/\",\"name\":\"Radis\",\"description\":\"Nordic design furniture, environmentally friendly and sustainable.\",\"publisher\":{\"@id\":\"https:\\\/\\\/radis.ee\\\/#organization\"},\"potentialAction\":[{\"@type\":\"SearchAction\",\"target\":{\"@type\":\"EntryPoint\",\"urlTemplate\":\"https:\\\/\\\/radis.ee\\\/?s={search_term_string}\"},\"query-input\":{\"@type\":\"PropertyValueSpecification\",\"valueRequired\":true,\"valueName\":\"search_term_string\"}}],\"inLanguage\":\"fi\"},{\"@type\":\"Organization\",\"@id\":\"https:\\\/\\\/radis.ee\\\/#organization\",\"name\":\"Radis O\u00dc\",\"url\":\"https:\\\/\\\/radis.ee\\\/\",\"logo\":{\"@type\":\"ImageObject\",\"inLanguage\":\"fi\",\"@id\":\"https:\\\/\\\/radis.ee\\\/#\\\/schema\\\/logo\\\/image\\\/\",\"url\":\"https:\\\/\\\/radis.ee\\\/wp-content\\\/uploads\\\/2020\\\/10\\\/Radis-logo.png\",\"contentUrl\":\"https:\\\/\\\/radis.ee\\\/wp-content\\\/uploads\\\/2020\\\/10\\\/Radis-logo.png\",\"width\":300,\"height\":63,\"caption\":\"Radis O\u00dc\"},\"image\":{\"@id\":\"https:\\\/\\\/radis.ee\\\/#\\\/schema\\\/logo\\\/image\\\/\"},\"sameAs\":[\"https:\\\/\\\/www.facebook.com\\\/radisfurniture\\\/\"]}]}<\/script>\n<!-- \/ Yoast SEO plugin. -->","yoast_head_json":{"title":"Myyntitilaukset - Radis","robots":{"index":"index","follow":"follow","max-snippet":"max-snippet:-1","max-image-preview":"max-image-preview:large","max-video-preview":"max-video-preview:-1"},"canonical":"https:\/\/radis.ee\/fi\/muugitingimused\/","og_locale":"fi_FI","og_type":"article","og_title":"Myyntitilaukset - Radis","og_description":"Verkkokauppa RADIS.EE:n (alempana verkkokauppa) omistaja on Radis O\u00dc (rek.tunnus 12019984), osoite Vaalu 10, 13522 Tallinna, Viro. Myyntisopimuksen voimassaolo, tuote- ja hintatiedot Myyntiehtoja sovelletaan tuotteiden ostamiseen verkkokaupasta. Verkkokaupassa myyt\u00e4vien tuotteiden hinnat on ilmoitettu tuotteiden yhteydess\u00e4. Hinnat on esitetty euroina. Jos asiakas tilaa my\u00f6s kuljetuksen, hintaan lis\u00e4t\u00e4\u00e4n toimituskulu, joka riippuu toimitusosoitteesta ja toimitustavasta. Toimituskulut ilmoitetaan ostajalle tilausta...","og_url":"https:\/\/radis.ee\/fi\/muugitingimused\/","og_site_name":"Radis","article_publisher":"https:\/\/www.facebook.com\/radisfurniture\/","article_modified_time":"2020-11-06T12:40:51+00:00","twitter_card":"summary_large_image","twitter_misc":{"Arvioitu lukuaika":"4 minuuttia"},"schema":{"@context":"https:\/\/schema.org","@graph":[{"@type":"WebPage","@id":"https:\/\/radis.ee\/fi\/muugitingimused\/","url":"https:\/\/radis.ee\/fi\/muugitingimused\/","name":"Myyntitilaukset - Radis","isPartOf":{"@id":"https:\/\/radis.ee\/#website"},"datePublished":"2020-10-11T20:00:45+00:00","dateModified":"2020-11-06T12:40:51+00:00","breadcrumb":{"@id":"https:\/\/radis.ee\/fi\/muugitingimused\/#breadcrumb"},"inLanguage":"fi","potentialAction":[{"@type":"ReadAction","target":["https:\/\/radis.ee\/fi\/muugitingimused\/"]}]},{"@type":"BreadcrumbList","@id":"https:\/\/radis.ee\/fi\/muugitingimused\/#breadcrumb","itemListElement":[{"@type":"ListItem","position":1,"name":"Home","item":"https:\/\/radis.ee\/"},{"@type":"ListItem","position":2,"name":"Myyntitilaukset"}]},{"@type":"WebSite","@id":"https:\/\/radis.ee\/#website","url":"https:\/\/radis.ee\/","name":"Radis","description":"Nordic design furniture, environmentally friendly and sustainable.","publisher":{"@id":"https:\/\/radis.ee\/#organization"},"potentialAction":[{"@type":"SearchAction","target":{"@type":"EntryPoint","urlTemplate":"https:\/\/radis.ee\/?s={search_term_string}"},"query-input":{"@type":"PropertyValueSpecification","valueRequired":true,"valueName":"search_term_string"}}],"inLanguage":"fi"},{"@type":"Organization","@id":"https:\/\/radis.ee\/#organization","name":"Radis O\u00dc","url":"https:\/\/radis.ee\/","logo":{"@type":"ImageObject","inLanguage":"fi","@id":"https:\/\/radis.ee\/#\/schema\/logo\/image\/","url":"https:\/\/radis.ee\/wp-content\/uploads\/2020\/10\/Radis-logo.png","contentUrl":"https:\/\/radis.ee\/wp-content\/uploads\/2020\/10\/Radis-logo.png","width":300,"height":63,"caption":"Radis O\u00dc"},"image":{"@id":"https:\/\/radis.ee\/#\/schema\/logo\/image\/"},"sameAs":["https:\/\/www.facebook.com\/radisfurniture\/"]}]}},"_links":{"self":[{"href":"https:\/\/radis.ee\/fi\/wp-json\/wp\/v2\/pages\/4489","targetHints":{"allow":["GET"]}}],"collection":[{"href":"https:\/\/radis.ee\/fi\/wp-json\/wp\/v2\/pages"}],"about":[{"href":"https:\/\/radis.ee\/fi\/wp-json\/wp\/v2\/types\/page"}],"author":[{"embeddable":true,"href":"https:\/\/radis.ee\/fi\/wp-json\/wp\/v2\/users\/1"}],"replies":[{"embeddable":true,"href":"https:\/\/radis.ee\/fi\/wp-json\/wp\/v2\/comments?post=4489"}],"version-history":[{"count":0,"href":"https:\/\/radis.ee\/fi\/wp-json\/wp\/v2\/pages\/4489\/revisions"}],"wp:attachment":[{"href":"https:\/\/radis.ee\/fi\/wp-json\/wp\/v2\/media?parent=4489"}],"curies":[{"name":"wp","href":"https:\/\/api.w.org\/{rel}","templated":true}]}}