{"id":10774,"date":"2020-10-08T20:45:05","date_gmt":"2021-10-28T17:45:05","guid":{"rendered":"https:\/\/radis.ee\/senkki-boxy-2x2\/"},"modified":"2024-01-30T21:42:19","modified_gmt":"2024-01-30T19:42:19","slug":"senkki-boxy-2x2","status":"publish","type":"product","link":"https:\/\/radis.ee\/fi\/senkki-boxy-2x2\/","title":{"rendered":"Senkki BOXY 2&#215;2"},"content":{"rendered":"<p>Kuten hyv\u00e4 peiteagentti, BOXY on kuin kameleontti \u2013 mukautuu kaikkialle.<\/p>\n<p>Riippumatta huonekoostasi, kuinka pieni tai iso nurkka, jonka haluat t\u00e4ytt\u00e4\u00e4 \u2013 BOXY-mainostaulu sopii.<\/p>\n<p>Sit\u00e4 on saatavana 6 erikokoisena ja -vaihtoehtoisena. Se sekoittuu mihin tahansa tilaan ja antaa sille kuitenkin enemm\u00e4n luonnetta ja on k\u00e4yt\u00e4nn\u00f6llinen, mutta samalla esteettinen.<\/p>\n<p>Hyllyjen sis\u00e4korkeus ja et\u00e4isyys on 33 cm, joten ne sopivat my\u00f6s toimistoon kansiot sijoitettaviksi.<\/p>\n<p>Valmistettu koivuvanerista, \u00f6ljyvahattu, my\u00f6s valkoinen HPL vanerilla. Push2open-oven saranat, jotka avautuvat ja sulkeutuvat paineella. Senkin alla 8 cm korkea sokkeli, joka sopii erilaisiin lattias\u00e4leisiin.<\/p>\n","protected":false},"excerpt":{"rendered":"<p>Kuten hyv\u00e4 peiteagentti, BOXY on kuin kameleontti \u2013 mukautuu kaikkialle. Riippumatta huonekoostasi, kuinka pieni tai iso nurkka, jonka haluat t\u00e4ytt\u00e4\u00e4 \u2013 BOXY-mainostaulu sopii. Sit\u00e4 on saatavana 6 erikokoisena ja -vaihtoehtoisena. Se sekoittuu mihin tahansa tilaan ja antaa sille kuitenkin enemm\u00e4n luonnetta ja on k\u00e4yt\u00e4nn\u00f6llinen, mutta samalla esteettinen. Hyllyjen sis\u00e4korkeus ja et\u00e4isyys on 33 cm, joten&#8230;<\/p>\n","protected":false},"featured_media":10756,"comment_status":"open","ping_status":"closed","template":"","meta":{"_acf_changed":false},"product_brand":[],"product_cat":[17],"product_tag":[],"class_list":{"0":"post-10774","1":"product","2":"type-product","3":"status-publish","4":"has-post-thumbnail","6":"product_cat-kummutid","8":"first","9":"instock","10":"taxable","11":"shipping-taxable","12":"purchasable","13":"product-type-variable","14":"has-default-attributes"},"acf":[],"yoast_head":"<!-- This site is optimized with the Yoast SEO plugin v27.3 - https:\/\/yoast.com\/product\/yoast-seo-wordpress\/ -->\n<title>Senkki BOXY 2x2 - Radis<\/title>\n<meta name=\"robots\" content=\"index, follow, max-snippet:-1, max-image-preview:large, max-video-preview:-1\" \/>\n<link rel=\"canonical\" href=\"https:\/\/radis.ee\/fi\/senkki-boxy-2x2\/\" \/>\n<meta property=\"og:locale\" content=\"fi_FI\" \/>\n<meta property=\"og:type\" content=\"article\" \/>\n<meta property=\"og:title\" content=\"Senkki BOXY 2x2 - Radis\" \/>\n<meta property=\"og:description\" content=\"Kuten hyv\u00e4 peiteagentti, BOXY on kuin kameleontti \u2013 mukautuu kaikkialle. Riippumatta huonekoostasi, kuinka pieni tai iso nurkka, jonka haluat t\u00e4ytt\u00e4\u00e4 \u2013 BOXY-mainostaulu sopii. Sit\u00e4 on saatavana 6 erikokoisena ja -vaihtoehtoisena. Se sekoittuu mihin tahansa tilaan ja antaa sille kuitenkin enemm\u00e4n luonnetta ja on k\u00e4yt\u00e4nn\u00f6llinen, mutta samalla esteettinen. Hyllyjen sis\u00e4korkeus ja et\u00e4isyys on 33 cm, joten...\" \/>\n<meta property=\"og:url\" content=\"https:\/\/radis.ee\/fi\/senkki-boxy-2x2\/\" \/>\n<meta property=\"og:site_name\" content=\"Radis\" \/>\n<meta property=\"article:publisher\" content=\"https:\/\/www.facebook.com\/radisfurniture\/\" \/>\n<meta property=\"article:modified_time\" content=\"2024-01-30T19:42:19+00:00\" \/>\n<meta property=\"og:image\" content=\"https:\/\/radis.ee\/wp-content\/uploads\/2021\/10\/Radis_sideboard_BOXY_2x2_white_film_plywood-scaled.jpg\" \/>\n\t<meta property=\"og:image:width\" content=\"2560\" \/>\n\t<meta property=\"og:image:height\" content=\"1599\" \/>\n\t<meta property=\"og:image:type\" content=\"image\/jpeg\" \/>\n<meta name=\"twitter:card\" content=\"summary_large_image\" \/>\n<script type=\"application\/ld+json\" class=\"yoast-schema-graph\">{\"@context\":\"https:\\\/\\\/schema.org\",\"@graph\":[{\"@type\":\"WebPage\",\"@id\":\"https:\\\/\\\/radis.ee\\\/fi\\\/senkki-boxy-2x2\\\/\",\"url\":\"https:\\\/\\\/radis.ee\\\/fi\\\/senkki-boxy-2x2\\\/\",\"name\":\"Senkki BOXY 2x2 - Radis\",\"isPartOf\":{\"@id\":\"https:\\\/\\\/radis.ee\\\/#website\"},\"primaryImageOfPage\":{\"@id\":\"https:\\\/\\\/radis.ee\\\/fi\\\/senkki-boxy-2x2\\\/#primaryimage\"},\"image\":{\"@id\":\"https:\\\/\\\/radis.ee\\\/fi\\\/senkki-boxy-2x2\\\/#primaryimage\"},\"thumbnailUrl\":\"https:\\\/\\\/radis.ee\\\/wp-content\\\/uploads\\\/2021\\\/10\\\/Radis_sideboard_BOXY_2x2_white_film_plywood-scaled.jpg\",\"datePublished\":\"2021-10-28T17:45:05+00:00\",\"dateModified\":\"2024-01-30T19:42:19+00:00\",\"breadcrumb\":{\"@id\":\"https:\\\/\\\/radis.ee\\\/fi\\\/senkki-boxy-2x2\\\/#breadcrumb\"},\"inLanguage\":\"fi\",\"potentialAction\":[{\"@type\":\"ReadAction\",\"target\":[\"https:\\\/\\\/radis.ee\\\/fi\\\/senkki-boxy-2x2\\\/\"]}]},{\"@type\":\"ImageObject\",\"inLanguage\":\"fi\",\"@id\":\"https:\\\/\\\/radis.ee\\\/fi\\\/senkki-boxy-2x2\\\/#primaryimage\",\"url\":\"https:\\\/\\\/radis.ee\\\/wp-content\\\/uploads\\\/2021\\\/10\\\/Radis_sideboard_BOXY_2x2_white_film_plywood-scaled.jpg\",\"contentUrl\":\"https:\\\/\\\/radis.ee\\\/wp-content\\\/uploads\\\/2021\\\/10\\\/Radis_sideboard_BOXY_2x2_white_film_plywood-scaled.jpg\",\"width\":2560,\"height\":1599,\"caption\":\"RADIS_sideboard_BOXY2x2_white_film_plywood\"},{\"@type\":\"BreadcrumbList\",\"@id\":\"https:\\\/\\\/radis.ee\\\/fi\\\/senkki-boxy-2x2\\\/#breadcrumb\",\"itemListElement\":[{\"@type\":\"ListItem\",\"position\":1,\"name\":\"Home\",\"item\":\"https:\\\/\\\/radis.ee\\\/\"},{\"@type\":\"ListItem\",\"position\":2,\"name\":\"Tuotteet\",\"item\":\"https:\\\/\\\/radis.ee\\\/fi\\\/tuotteet\\\/\"},{\"@type\":\"ListItem\",\"position\":3,\"name\":\"Senkki BOXY 2&#215;2\"}]},{\"@type\":\"WebSite\",\"@id\":\"https:\\\/\\\/radis.ee\\\/#website\",\"url\":\"https:\\\/\\\/radis.ee\\\/\",\"name\":\"Radis\",\"description\":\"Nordic design furniture, environmentally friendly and sustainable.\",\"publisher\":{\"@id\":\"https:\\\/\\\/radis.ee\\\/#organization\"},\"potentialAction\":[{\"@type\":\"SearchAction\",\"target\":{\"@type\":\"EntryPoint\",\"urlTemplate\":\"https:\\\/\\\/radis.ee\\\/?s={search_term_string}\"},\"query-input\":{\"@type\":\"PropertyValueSpecification\",\"valueRequired\":true,\"valueName\":\"search_term_string\"}}],\"inLanguage\":\"fi\"},{\"@type\":\"Organization\",\"@id\":\"https:\\\/\\\/radis.ee\\\/#organization\",\"name\":\"Radis O\u00dc\",\"url\":\"https:\\\/\\\/radis.ee\\\/\",\"logo\":{\"@type\":\"ImageObject\",\"inLanguage\":\"fi\",\"@id\":\"https:\\\/\\\/radis.ee\\\/#\\\/schema\\\/logo\\\/image\\\/\",\"url\":\"https:\\\/\\\/radis.ee\\\/wp-content\\\/uploads\\\/2020\\\/10\\\/Radis-logo.png\",\"contentUrl\":\"https:\\\/\\\/radis.ee\\\/wp-content\\\/uploads\\\/2020\\\/10\\\/Radis-logo.png\",\"width\":300,\"height\":63,\"caption\":\"Radis O\u00dc\"},\"image\":{\"@id\":\"https:\\\/\\\/radis.ee\\\/#\\\/schema\\\/logo\\\/image\\\/\"},\"sameAs\":[\"https:\\\/\\\/www.facebook.com\\\/radisfurniture\\\/\"]}]}<\/script>\n<!-- \/ Yoast SEO plugin. -->","yoast_head_json":{"title":"Senkki BOXY 2x2 - Radis","robots":{"index":"index","follow":"follow","max-snippet":"max-snippet:-1","max-image-preview":"max-image-preview:large","max-video-preview":"max-video-preview:-1"},"canonical":"https:\/\/radis.ee\/fi\/senkki-boxy-2x2\/","og_locale":"fi_FI","og_type":"article","og_title":"Senkki BOXY 2x2 - Radis","og_description":"Kuten hyv\u00e4 peiteagentti, BOXY on kuin kameleontti \u2013 mukautuu kaikkialle. Riippumatta huonekoostasi, kuinka pieni tai iso nurkka, jonka haluat t\u00e4ytt\u00e4\u00e4 \u2013 BOXY-mainostaulu sopii. Sit\u00e4 on saatavana 6 erikokoisena ja -vaihtoehtoisena. Se sekoittuu mihin tahansa tilaan ja antaa sille kuitenkin enemm\u00e4n luonnetta ja on k\u00e4yt\u00e4nn\u00f6llinen, mutta samalla esteettinen. Hyllyjen sis\u00e4korkeus ja et\u00e4isyys on 33 cm, joten...","og_url":"https:\/\/radis.ee\/fi\/senkki-boxy-2x2\/","og_site_name":"Radis","article_publisher":"https:\/\/www.facebook.com\/radisfurniture\/","article_modified_time":"2024-01-30T19:42:19+00:00","og_image":[{"width":2560,"height":1599,"url":"https:\/\/radis.ee\/wp-content\/uploads\/2021\/10\/Radis_sideboard_BOXY_2x2_white_film_plywood-scaled.jpg","type":"image\/jpeg"}],"twitter_card":"summary_large_image","schema":{"@context":"https:\/\/schema.org","@graph":[{"@type":"WebPage","@id":"https:\/\/radis.ee\/fi\/senkki-boxy-2x2\/","url":"https:\/\/radis.ee\/fi\/senkki-boxy-2x2\/","name":"Senkki BOXY 2x2 - Radis","isPartOf":{"@id":"https:\/\/radis.ee\/#website"},"primaryImageOfPage":{"@id":"https:\/\/radis.ee\/fi\/senkki-boxy-2x2\/#primaryimage"},"image":{"@id":"https:\/\/radis.ee\/fi\/senkki-boxy-2x2\/#primaryimage"},"thumbnailUrl":"https:\/\/radis.ee\/wp-content\/uploads\/2021\/10\/Radis_sideboard_BOXY_2x2_white_film_plywood-scaled.jpg","datePublished":"2021-10-28T17:45:05+00:00","dateModified":"2024-01-30T19:42:19+00:00","breadcrumb":{"@id":"https:\/\/radis.ee\/fi\/senkki-boxy-2x2\/#breadcrumb"},"inLanguage":"fi","potentialAction":[{"@type":"ReadAction","target":["https:\/\/radis.ee\/fi\/senkki-boxy-2x2\/"]}]},{"@type":"ImageObject","inLanguage":"fi","@id":"https:\/\/radis.ee\/fi\/senkki-boxy-2x2\/#primaryimage","url":"https:\/\/radis.ee\/wp-content\/uploads\/2021\/10\/Radis_sideboard_BOXY_2x2_white_film_plywood-scaled.jpg","contentUrl":"https:\/\/radis.ee\/wp-content\/uploads\/2021\/10\/Radis_sideboard_BOXY_2x2_white_film_plywood-scaled.jpg","width":2560,"height":1599,"caption":"RADIS_sideboard_BOXY2x2_white_film_plywood"},{"@type":"BreadcrumbList","@id":"https:\/\/radis.ee\/fi\/senkki-boxy-2x2\/#breadcrumb","itemListElement":[{"@type":"ListItem","position":1,"name":"Home","item":"https:\/\/radis.ee\/"},{"@type":"ListItem","position":2,"name":"Tuotteet","item":"https:\/\/radis.ee\/fi\/tuotteet\/"},{"@type":"ListItem","position":3,"name":"Senkki BOXY 2&#215;2"}]},{"@type":"WebSite","@id":"https:\/\/radis.ee\/#website","url":"https:\/\/radis.ee\/","name":"Radis","description":"Nordic design furniture, environmentally friendly and sustainable.","publisher":{"@id":"https:\/\/radis.ee\/#organization"},"potentialAction":[{"@type":"SearchAction","target":{"@type":"EntryPoint","urlTemplate":"https:\/\/radis.ee\/?s={search_term_string}"},"query-input":{"@type":"PropertyValueSpecification","valueRequired":true,"valueName":"search_term_string"}}],"inLanguage":"fi"},{"@type":"Organization","@id":"https:\/\/radis.ee\/#organization","name":"Radis O\u00dc","url":"https:\/\/radis.ee\/","logo":{"@type":"ImageObject","inLanguage":"fi","@id":"https:\/\/radis.ee\/#\/schema\/logo\/image\/","url":"https:\/\/radis.ee\/wp-content\/uploads\/2020\/10\/Radis-logo.png","contentUrl":"https:\/\/radis.ee\/wp-content\/uploads\/2020\/10\/Radis-logo.png","width":300,"height":63,"caption":"Radis O\u00dc"},"image":{"@id":"https:\/\/radis.ee\/#\/schema\/logo\/image\/"},"sameAs":["https:\/\/www.facebook.com\/radisfurniture\/"]}]}},"_links":{"self":[{"href":"https:\/\/radis.ee\/fi\/wp-json\/wp\/v2\/product\/10774","targetHints":{"allow":["GET"]}}],"collection":[{"href":"https:\/\/radis.ee\/fi\/wp-json\/wp\/v2\/product"}],"about":[{"href":"https:\/\/radis.ee\/fi\/wp-json\/wp\/v2\/types\/product"}],"replies":[{"embeddable":true,"href":"https:\/\/radis.ee\/fi\/wp-json\/wp\/v2\/comments?post=10774"}],"wp:featuredmedia":[{"embeddable":true,"href":"https:\/\/radis.ee\/fi\/wp-json\/wp\/v2\/media\/10756"}],"wp:attachment":[{"href":"https:\/\/radis.ee\/fi\/wp-json\/wp\/v2\/media?parent=10774"}],"wp:term":[{"taxonomy":"product_brand","embeddable":true,"href":"https:\/\/radis.ee\/fi\/wp-json\/wp\/v2\/product_brand?post=10774"},{"taxonomy":"product_cat","embeddable":true,"href":"https:\/\/radis.ee\/fi\/wp-json\/wp\/v2\/product_cat?post=10774"},{"taxonomy":"product_tag","embeddable":true,"href":"https:\/\/radis.ee\/fi\/wp-json\/wp\/v2\/product_tag?post=10774"}],"curies":[{"name":"wp","href":"https:\/\/api.w.org\/{rel}","templated":true}]}}