{"id":11048,"date":"2022-02-16T11:21:40","date_gmt":"2021-11-15T09:21:43","guid":{"rendered":"https:\/\/radis.ee\/?post_type=product&#038;p=11048"},"modified":"2024-01-30T21:26:52","modified_gmt":"2024-01-30T19:26:52","slug":"senkki-pix-4x2","status":"publish","type":"product","link":"https:\/\/radis.ee\/fi\/senkki-pix-4x2\/","title":{"rendered":"Senkki PIX 4&#215;2"},"content":{"rendered":"<p>Tilava ja n\u00e4ytt\u00e4v\u00e4 senkki, jossa on paljon s\u00e4ilytystilaa olohuoneeseen, lastenhuoneeseen tai toimistoon. PIX-senkin avulla luot j\u00e4rjestyst\u00e4.<\/p>\n<p>Sis\u00e4hyllyn korkeus on 33 cm, sis\u00e4leveys 67 cm, joten sopii my\u00f6s toimistokansioihin. Tai sopimaan suosikkivinyylilevyillesi.<\/p>\n<p>Valmistettu laadukkaasta baltilaista koivuvanerista, \u00f6ljyvahattu, my\u00f6s tammiviilutettu ja vanerilla valkoinen HPL. Pehme\u00e4sti sulkeutuvat oven saranat. 8 cm korkea sokkeli, joka sopii hyvin kaikkien jalkalistaan.<\/p>\n","protected":false},"excerpt":{"rendered":"<p>Tilava ja n\u00e4ytt\u00e4v\u00e4 senkki, jossa on paljon s\u00e4ilytystilaa olohuoneeseen, lastenhuoneeseen tai toimistoon. PIX-senkin avulla luot j\u00e4rjestyst\u00e4. Sis\u00e4hyllyn korkeus on 33 cm, sis\u00e4leveys 67 cm, joten sopii my\u00f6s toimistokansioihin. Tai sopimaan suosikkivinyylilevyillesi. Valmistettu laadukkaasta baltilaista koivuvanerista, \u00f6ljyvahattu, my\u00f6s tammiviilutettu ja vanerilla valkoinen HPL. Pehme\u00e4sti sulkeutuvat oven saranat. 8 cm korkea sokkeli, joka sopii hyvin kaikkien jalkalistaan.<\/p>\n","protected":false},"featured_media":14397,"comment_status":"open","ping_status":"closed","template":"","meta":{"_acf_changed":false},"product_brand":[],"product_cat":[17],"product_tag":[],"class_list":{"0":"post-11048","1":"product","2":"type-product","3":"status-publish","4":"has-post-thumbnail","6":"product_cat-kummutid","8":"first","9":"instock","10":"sale","11":"taxable","12":"shipping-taxable","13":"purchasable","14":"product-type-variable","15":"has-default-attributes"},"acf":[],"yoast_head":"<!-- This site is optimized with the Yoast SEO plugin v27.4 - https:\/\/yoast.com\/product\/yoast-seo-wordpress\/ -->\n<title>Senkki PIX 4x2 - Radis<\/title>\n<meta name=\"robots\" content=\"index, follow, max-snippet:-1, max-image-preview:large, max-video-preview:-1\" \/>\n<link rel=\"canonical\" href=\"https:\/\/radis.ee\/kummut-pix-4x2\/\" \/>\n<meta property=\"og:locale\" content=\"fi_FI\" \/>\n<meta property=\"og:type\" content=\"article\" \/>\n<meta property=\"og:title\" content=\"Senkki PIX 4x2 - Radis\" \/>\n<meta property=\"og:description\" content=\"Tilava ja n\u00e4ytt\u00e4v\u00e4 senkki, jossa on paljon s\u00e4ilytystilaa olohuoneeseen, lastenhuoneeseen tai toimistoon. PIX-senkin avulla luot j\u00e4rjestyst\u00e4. Sis\u00e4hyllyn korkeus on 33 cm, sis\u00e4leveys 67 cm, joten sopii my\u00f6s toimistokansioihin. Tai sopimaan suosikkivinyylilevyillesi. Valmistettu laadukkaasta baltilaista koivuvanerista, \u00f6ljyvahattu, my\u00f6s tammiviilutettu ja vanerilla valkoinen HPL. Pehme\u00e4sti sulkeutuvat oven saranat. 8 cm korkea sokkeli, joka sopii hyvin kaikkien jalkalistaan.\" \/>\n<meta property=\"og:url\" content=\"https:\/\/radis.ee\/kummut-pix-4x2\/\" \/>\n<meta property=\"og:site_name\" content=\"Radis\" \/>\n<meta property=\"article:publisher\" content=\"https:\/\/www.facebook.com\/radisfurniture\/\" \/>\n<meta property=\"article:modified_time\" content=\"2024-01-30T19:26:52+00:00\" \/>\n<meta property=\"og:image\" content=\"https:\/\/radis.ee\/wp-content\/uploads\/2021\/11\/Radis-sideboard-PIX-4x2-Light-Oak-oilwaxed-doors-scaled.jpg\" \/>\n\t<meta property=\"og:image:width\" content=\"2150\" \/>\n\t<meta property=\"og:image:height\" content=\"2560\" \/>\n\t<meta property=\"og:image:type\" content=\"image\/jpeg\" \/>\n<meta name=\"twitter:card\" content=\"summary_large_image\" \/>\n<script type=\"application\/ld+json\" class=\"yoast-schema-graph\">{\"@context\":\"https:\\\/\\\/schema.org\",\"@graph\":[{\"@type\":\"WebPage\",\"@id\":\"https:\\\/\\\/radis.ee\\\/kummut-pix-4x2\\\/\",\"url\":\"https:\\\/\\\/radis.ee\\\/kummut-pix-4x2\\\/\",\"name\":\"Senkki PIX 4x2 - Radis\",\"isPartOf\":{\"@id\":\"https:\\\/\\\/radis.ee\\\/#website\"},\"primaryImageOfPage\":{\"@id\":\"https:\\\/\\\/radis.ee\\\/kummut-pix-4x2\\\/#primaryimage\"},\"image\":{\"@id\":\"https:\\\/\\\/radis.ee\\\/kummut-pix-4x2\\\/#primaryimage\"},\"thumbnailUrl\":\"https:\\\/\\\/radis.ee\\\/wp-content\\\/uploads\\\/2021\\\/11\\\/Radis-sideboard-PIX-4x2-Light-Oak-oilwaxed-doors-scaled.jpg\",\"datePublished\":\"2021-11-15T09:21:43+00:00\",\"dateModified\":\"2024-01-30T19:26:52+00:00\",\"breadcrumb\":{\"@id\":\"https:\\\/\\\/radis.ee\\\/kummut-pix-4x2\\\/#breadcrumb\"},\"inLanguage\":\"fi\",\"potentialAction\":[{\"@type\":\"ReadAction\",\"target\":[\"https:\\\/\\\/radis.ee\\\/kummut-pix-4x2\\\/\"]}]},{\"@type\":\"ImageObject\",\"inLanguage\":\"fi\",\"@id\":\"https:\\\/\\\/radis.ee\\\/kummut-pix-4x2\\\/#primaryimage\",\"url\":\"https:\\\/\\\/radis.ee\\\/wp-content\\\/uploads\\\/2021\\\/11\\\/Radis-sideboard-PIX-4x2-Light-Oak-oilwaxed-doors-scaled.jpg\",\"contentUrl\":\"https:\\\/\\\/radis.ee\\\/wp-content\\\/uploads\\\/2021\\\/11\\\/Radis-sideboard-PIX-4x2-Light-Oak-oilwaxed-doors-scaled.jpg\",\"width\":2150,\"height\":2560},{\"@type\":\"BreadcrumbList\",\"@id\":\"https:\\\/\\\/radis.ee\\\/kummut-pix-4x2\\\/#breadcrumb\",\"itemListElement\":[{\"@type\":\"ListItem\",\"position\":1,\"name\":\"Home\",\"item\":\"https:\\\/\\\/radis.ee\\\/\"},{\"@type\":\"ListItem\",\"position\":2,\"name\":\"Tuotteet\",\"item\":\"https:\\\/\\\/radis.ee\\\/fi\\\/tuotteet\\\/\"},{\"@type\":\"ListItem\",\"position\":3,\"name\":\"Senkki PIX 4&#215;2\"}]},{\"@type\":\"WebSite\",\"@id\":\"https:\\\/\\\/radis.ee\\\/#website\",\"url\":\"https:\\\/\\\/radis.ee\\\/\",\"name\":\"Radis\",\"description\":\"Nordic design furniture, environmentally friendly and sustainable.\",\"publisher\":{\"@id\":\"https:\\\/\\\/radis.ee\\\/#organization\"},\"potentialAction\":[{\"@type\":\"SearchAction\",\"target\":{\"@type\":\"EntryPoint\",\"urlTemplate\":\"https:\\\/\\\/radis.ee\\\/?s={search_term_string}\"},\"query-input\":{\"@type\":\"PropertyValueSpecification\",\"valueRequired\":true,\"valueName\":\"search_term_string\"}}],\"inLanguage\":\"fi\"},{\"@type\":\"Organization\",\"@id\":\"https:\\\/\\\/radis.ee\\\/#organization\",\"name\":\"Radis O\u00dc\",\"url\":\"https:\\\/\\\/radis.ee\\\/\",\"logo\":{\"@type\":\"ImageObject\",\"inLanguage\":\"fi\",\"@id\":\"https:\\\/\\\/radis.ee\\\/#\\\/schema\\\/logo\\\/image\\\/\",\"url\":\"https:\\\/\\\/radis.ee\\\/wp-content\\\/uploads\\\/2020\\\/10\\\/Radis-logo.png\",\"contentUrl\":\"https:\\\/\\\/radis.ee\\\/wp-content\\\/uploads\\\/2020\\\/10\\\/Radis-logo.png\",\"width\":300,\"height\":63,\"caption\":\"Radis O\u00dc\"},\"image\":{\"@id\":\"https:\\\/\\\/radis.ee\\\/#\\\/schema\\\/logo\\\/image\\\/\"},\"sameAs\":[\"https:\\\/\\\/www.facebook.com\\\/radisfurniture\\\/\"]}]}<\/script>\n<!-- \/ Yoast SEO plugin. -->","yoast_head_json":{"title":"Senkki PIX 4x2 - Radis","robots":{"index":"index","follow":"follow","max-snippet":"max-snippet:-1","max-image-preview":"max-image-preview:large","max-video-preview":"max-video-preview:-1"},"canonical":"https:\/\/radis.ee\/kummut-pix-4x2\/","og_locale":"fi_FI","og_type":"article","og_title":"Senkki PIX 4x2 - Radis","og_description":"Tilava ja n\u00e4ytt\u00e4v\u00e4 senkki, jossa on paljon s\u00e4ilytystilaa olohuoneeseen, lastenhuoneeseen tai toimistoon. PIX-senkin avulla luot j\u00e4rjestyst\u00e4. Sis\u00e4hyllyn korkeus on 33 cm, sis\u00e4leveys 67 cm, joten sopii my\u00f6s toimistokansioihin. Tai sopimaan suosikkivinyylilevyillesi. Valmistettu laadukkaasta baltilaista koivuvanerista, \u00f6ljyvahattu, my\u00f6s tammiviilutettu ja vanerilla valkoinen HPL. Pehme\u00e4sti sulkeutuvat oven saranat. 8 cm korkea sokkeli, joka sopii hyvin kaikkien jalkalistaan.","og_url":"https:\/\/radis.ee\/kummut-pix-4x2\/","og_site_name":"Radis","article_publisher":"https:\/\/www.facebook.com\/radisfurniture\/","article_modified_time":"2024-01-30T19:26:52+00:00","og_image":[{"width":2150,"height":2560,"url":"https:\/\/radis.ee\/wp-content\/uploads\/2021\/11\/Radis-sideboard-PIX-4x2-Light-Oak-oilwaxed-doors-scaled.jpg","type":"image\/jpeg"}],"twitter_card":"summary_large_image","schema":{"@context":"https:\/\/schema.org","@graph":[{"@type":"WebPage","@id":"https:\/\/radis.ee\/kummut-pix-4x2\/","url":"https:\/\/radis.ee\/kummut-pix-4x2\/","name":"Senkki PIX 4x2 - Radis","isPartOf":{"@id":"https:\/\/radis.ee\/#website"},"primaryImageOfPage":{"@id":"https:\/\/radis.ee\/kummut-pix-4x2\/#primaryimage"},"image":{"@id":"https:\/\/radis.ee\/kummut-pix-4x2\/#primaryimage"},"thumbnailUrl":"https:\/\/radis.ee\/wp-content\/uploads\/2021\/11\/Radis-sideboard-PIX-4x2-Light-Oak-oilwaxed-doors-scaled.jpg","datePublished":"2021-11-15T09:21:43+00:00","dateModified":"2024-01-30T19:26:52+00:00","breadcrumb":{"@id":"https:\/\/radis.ee\/kummut-pix-4x2\/#breadcrumb"},"inLanguage":"fi","potentialAction":[{"@type":"ReadAction","target":["https:\/\/radis.ee\/kummut-pix-4x2\/"]}]},{"@type":"ImageObject","inLanguage":"fi","@id":"https:\/\/radis.ee\/kummut-pix-4x2\/#primaryimage","url":"https:\/\/radis.ee\/wp-content\/uploads\/2021\/11\/Radis-sideboard-PIX-4x2-Light-Oak-oilwaxed-doors-scaled.jpg","contentUrl":"https:\/\/radis.ee\/wp-content\/uploads\/2021\/11\/Radis-sideboard-PIX-4x2-Light-Oak-oilwaxed-doors-scaled.jpg","width":2150,"height":2560},{"@type":"BreadcrumbList","@id":"https:\/\/radis.ee\/kummut-pix-4x2\/#breadcrumb","itemListElement":[{"@type":"ListItem","position":1,"name":"Home","item":"https:\/\/radis.ee\/"},{"@type":"ListItem","position":2,"name":"Tuotteet","item":"https:\/\/radis.ee\/fi\/tuotteet\/"},{"@type":"ListItem","position":3,"name":"Senkki PIX 4&#215;2"}]},{"@type":"WebSite","@id":"https:\/\/radis.ee\/#website","url":"https:\/\/radis.ee\/","name":"Radis","description":"Nordic design furniture, environmentally friendly and sustainable.","publisher":{"@id":"https:\/\/radis.ee\/#organization"},"potentialAction":[{"@type":"SearchAction","target":{"@type":"EntryPoint","urlTemplate":"https:\/\/radis.ee\/?s={search_term_string}"},"query-input":{"@type":"PropertyValueSpecification","valueRequired":true,"valueName":"search_term_string"}}],"inLanguage":"fi"},{"@type":"Organization","@id":"https:\/\/radis.ee\/#organization","name":"Radis O\u00dc","url":"https:\/\/radis.ee\/","logo":{"@type":"ImageObject","inLanguage":"fi","@id":"https:\/\/radis.ee\/#\/schema\/logo\/image\/","url":"https:\/\/radis.ee\/wp-content\/uploads\/2020\/10\/Radis-logo.png","contentUrl":"https:\/\/radis.ee\/wp-content\/uploads\/2020\/10\/Radis-logo.png","width":300,"height":63,"caption":"Radis O\u00dc"},"image":{"@id":"https:\/\/radis.ee\/#\/schema\/logo\/image\/"},"sameAs":["https:\/\/www.facebook.com\/radisfurniture\/"]}]}},"_links":{"self":[{"href":"https:\/\/radis.ee\/fi\/wp-json\/wp\/v2\/product\/11048","targetHints":{"allow":["GET"]}}],"collection":[{"href":"https:\/\/radis.ee\/fi\/wp-json\/wp\/v2\/product"}],"about":[{"href":"https:\/\/radis.ee\/fi\/wp-json\/wp\/v2\/types\/product"}],"replies":[{"embeddable":true,"href":"https:\/\/radis.ee\/fi\/wp-json\/wp\/v2\/comments?post=11048"}],"wp:featuredmedia":[{"embeddable":true,"href":"https:\/\/radis.ee\/fi\/wp-json\/wp\/v2\/media\/14397"}],"wp:attachment":[{"href":"https:\/\/radis.ee\/fi\/wp-json\/wp\/v2\/media?parent=11048"}],"wp:term":[{"taxonomy":"product_brand","embeddable":true,"href":"https:\/\/radis.ee\/fi\/wp-json\/wp\/v2\/product_brand?post=11048"},{"taxonomy":"product_cat","embeddable":true,"href":"https:\/\/radis.ee\/fi\/wp-json\/wp\/v2\/product_cat?post=11048"},{"taxonomy":"product_tag","embeddable":true,"href":"https:\/\/radis.ee\/fi\/wp-json\/wp\/v2\/product_tag?post=11048"}],"curies":[{"name":"wp","href":"https:\/\/api.w.org\/{rel}","templated":true}]}}