{"id":11625,"date":"2021-12-08T11:43:15","date_gmt":"2021-12-08T09:43:15","guid":{"rendered":"https:\/\/radis.ee\/?post_type=product&#038;p=11625"},"modified":"2024-01-31T21:22:42","modified_gmt":"2024-01-31T19:22:42","slug":"tv-taso-maze","status":"publish","type":"product","link":"https:\/\/radis.ee\/fi\/tv-taso-maze\/","title":{"rendered":"TV-taso MAZE"},"content":{"rendered":"<p>MAZE\u00a0TV-taso on valmistettu kest\u00e4v\u00e4st\u00e4 koivuvanerista. Siin\u00e4 on pehme\u00e4sti suljettavat ovet, jotta se ei h\u00e4iritse hiljaista kodikasta iltaasi. Mielenkiintoiset diagonaaliset yksityiskohdat antavat sille tarpeeksi luonnetta erottuakseen, mutta yksinkertaisen muodon ansiosta se sopii moneen eri sisustukseen ja tyyliin.<\/p>\n<p>Kuten kaikissa RADIS TV-tasoissa, niiden alla olevat kaapit helpottavat v\u00e4lipalojen, kirjojen, kaukos\u00e4\u00e4timien ja muun sotkun pit\u00e4mist\u00e4 poissa n\u00e4kyvist\u00e4 luoden siistin kokonaisvaikutelman. Saatavana tammiviiluna tai valkoisena.<\/p>\n<p>4 ovealla kaapin sis\u00e4korkeus on 33 cm ja sen sis\u00e4ss\u00e4 on hyllyj\u00e4, joiden korkeutta voidaan s\u00e4\u00e4t\u00e4\u00e4.<\/p>\n<p>Valmistettu koivuvanerista, \u00f6ljyvahattu, my\u00f6s tammiviilutettu ja valkoinen Koskisen HPL. Pehme\u00e4sti sulkeutuvat oven saranat.<\/p>\n","protected":false},"excerpt":{"rendered":"<p>MAZE\u00a0TV-taso on valmistettu kest\u00e4v\u00e4st\u00e4 koivuvanerista. Siin\u00e4 on pehme\u00e4sti suljettavat ovet, jotta se ei h\u00e4iritse hiljaista kodikasta iltaasi. Mielenkiintoiset diagonaaliset yksityiskohdat antavat sille tarpeeksi luonnetta erottuakseen, mutta yksinkertaisen muodon ansiosta se sopii moneen eri sisustukseen ja tyyliin. Kuten kaikissa RADIS TV-tasoissa, niiden alla olevat kaapit helpottavat v\u00e4lipalojen, kirjojen, kaukos\u00e4\u00e4timien ja muun sotkun pit\u00e4mist\u00e4 poissa n\u00e4kyvist\u00e4 luoden&#8230;<\/p>\n","protected":false},"featured_media":15348,"comment_status":"open","ping_status":"closed","template":"","meta":{"_acf_changed":false},"product_brand":[],"product_cat":[112],"product_tag":[],"class_list":{"0":"post-11625","1":"product","2":"type-product","3":"status-publish","4":"has-post-thumbnail","6":"product_cat-tv-alused","8":"first","9":"instock","10":"taxable","11":"shipping-taxable","12":"purchasable","13":"product-type-variable","14":"has-default-attributes"},"acf":[],"yoast_head":"<!-- This site is optimized with the Yoast SEO plugin v27.3 - https:\/\/yoast.com\/product\/yoast-seo-wordpress\/ -->\n<title>TV-taso MAZE - Radis<\/title>\n<meta name=\"robots\" content=\"index, follow, max-snippet:-1, max-image-preview:large, max-video-preview:-1\" \/>\n<link rel=\"canonical\" href=\"https:\/\/radis.ee\/fi\/tv-taso-maze\/\" \/>\n<meta property=\"og:locale\" content=\"fi_FI\" \/>\n<meta property=\"og:type\" content=\"article\" \/>\n<meta property=\"og:title\" content=\"TV-taso MAZE - Radis\" \/>\n<meta property=\"og:description\" content=\"MAZE\u00a0TV-taso on valmistettu kest\u00e4v\u00e4st\u00e4 koivuvanerista. Siin\u00e4 on pehme\u00e4sti suljettavat ovet, jotta se ei h\u00e4iritse hiljaista kodikasta iltaasi. Mielenkiintoiset diagonaaliset yksityiskohdat antavat sille tarpeeksi luonnetta erottuakseen, mutta yksinkertaisen muodon ansiosta se sopii moneen eri sisustukseen ja tyyliin. Kuten kaikissa RADIS TV-tasoissa, niiden alla olevat kaapit helpottavat v\u00e4lipalojen, kirjojen, kaukos\u00e4\u00e4timien ja muun sotkun pit\u00e4mist\u00e4 poissa n\u00e4kyvist\u00e4 luoden...\" \/>\n<meta property=\"og:url\" content=\"https:\/\/radis.ee\/fi\/tv-taso-maze\/\" \/>\n<meta property=\"og:site_name\" content=\"Radis\" \/>\n<meta property=\"article:publisher\" content=\"https:\/\/www.facebook.com\/radisfurniture\/\" \/>\n<meta property=\"article:modified_time\" content=\"2024-01-31T19:22:42+00:00\" \/>\n<meta property=\"og:image\" content=\"https:\/\/radis.ee\/wp-content\/uploads\/2021\/12\/RADIS_TVstand_MAZE_Light_Oak_2-scaled.jpg\" \/>\n\t<meta property=\"og:image:width\" content=\"2166\" \/>\n\t<meta property=\"og:image:height\" content=\"2560\" \/>\n\t<meta property=\"og:image:type\" content=\"image\/jpeg\" \/>\n<meta name=\"twitter:card\" content=\"summary_large_image\" \/>\n<meta name=\"twitter:label1\" content=\"Arvioitu lukuaika\" \/>\n\t<meta name=\"twitter:data1\" content=\"1 minuutti\" \/>\n<script type=\"application\/ld+json\" class=\"yoast-schema-graph\">{\"@context\":\"https:\\\/\\\/schema.org\",\"@graph\":[{\"@type\":\"WebPage\",\"@id\":\"https:\\\/\\\/radis.ee\\\/fi\\\/tv-taso-maze\\\/\",\"url\":\"https:\\\/\\\/radis.ee\\\/fi\\\/tv-taso-maze\\\/\",\"name\":\"TV-taso MAZE - Radis\",\"isPartOf\":{\"@id\":\"https:\\\/\\\/radis.ee\\\/#website\"},\"primaryImageOfPage\":{\"@id\":\"https:\\\/\\\/radis.ee\\\/fi\\\/tv-taso-maze\\\/#primaryimage\"},\"image\":{\"@id\":\"https:\\\/\\\/radis.ee\\\/fi\\\/tv-taso-maze\\\/#primaryimage\"},\"thumbnailUrl\":\"https:\\\/\\\/radis.ee\\\/wp-content\\\/uploads\\\/2021\\\/12\\\/RADIS_TVstand_MAZE_Light_Oak_2-scaled.jpg\",\"datePublished\":\"2021-12-08T09:43:15+00:00\",\"dateModified\":\"2024-01-31T19:22:42+00:00\",\"breadcrumb\":{\"@id\":\"https:\\\/\\\/radis.ee\\\/fi\\\/tv-taso-maze\\\/#breadcrumb\"},\"inLanguage\":\"fi\",\"potentialAction\":[{\"@type\":\"ReadAction\",\"target\":[\"https:\\\/\\\/radis.ee\\\/fi\\\/tv-taso-maze\\\/\"]}]},{\"@type\":\"ImageObject\",\"inLanguage\":\"fi\",\"@id\":\"https:\\\/\\\/radis.ee\\\/fi\\\/tv-taso-maze\\\/#primaryimage\",\"url\":\"https:\\\/\\\/radis.ee\\\/wp-content\\\/uploads\\\/2021\\\/12\\\/RADIS_TVstand_MAZE_Light_Oak_2-scaled.jpg\",\"contentUrl\":\"https:\\\/\\\/radis.ee\\\/wp-content\\\/uploads\\\/2021\\\/12\\\/RADIS_TVstand_MAZE_Light_Oak_2-scaled.jpg\",\"width\":2166,\"height\":2560,\"caption\":\"RADIS TV-stand MAZE Light Oak lywood\"},{\"@type\":\"BreadcrumbList\",\"@id\":\"https:\\\/\\\/radis.ee\\\/fi\\\/tv-taso-maze\\\/#breadcrumb\",\"itemListElement\":[{\"@type\":\"ListItem\",\"position\":1,\"name\":\"Home\",\"item\":\"https:\\\/\\\/radis.ee\\\/\"},{\"@type\":\"ListItem\",\"position\":2,\"name\":\"Tuotteet\",\"item\":\"https:\\\/\\\/radis.ee\\\/fi\\\/tuotteet\\\/\"},{\"@type\":\"ListItem\",\"position\":3,\"name\":\"TV-taso MAZE\"}]},{\"@type\":\"WebSite\",\"@id\":\"https:\\\/\\\/radis.ee\\\/#website\",\"url\":\"https:\\\/\\\/radis.ee\\\/\",\"name\":\"Radis\",\"description\":\"Nordic design furniture, environmentally friendly and sustainable.\",\"publisher\":{\"@id\":\"https:\\\/\\\/radis.ee\\\/#organization\"},\"potentialAction\":[{\"@type\":\"SearchAction\",\"target\":{\"@type\":\"EntryPoint\",\"urlTemplate\":\"https:\\\/\\\/radis.ee\\\/?s={search_term_string}\"},\"query-input\":{\"@type\":\"PropertyValueSpecification\",\"valueRequired\":true,\"valueName\":\"search_term_string\"}}],\"inLanguage\":\"fi\"},{\"@type\":\"Organization\",\"@id\":\"https:\\\/\\\/radis.ee\\\/#organization\",\"name\":\"Radis O\u00dc\",\"url\":\"https:\\\/\\\/radis.ee\\\/\",\"logo\":{\"@type\":\"ImageObject\",\"inLanguage\":\"fi\",\"@id\":\"https:\\\/\\\/radis.ee\\\/#\\\/schema\\\/logo\\\/image\\\/\",\"url\":\"https:\\\/\\\/radis.ee\\\/wp-content\\\/uploads\\\/2020\\\/10\\\/Radis-logo.png\",\"contentUrl\":\"https:\\\/\\\/radis.ee\\\/wp-content\\\/uploads\\\/2020\\\/10\\\/Radis-logo.png\",\"width\":300,\"height\":63,\"caption\":\"Radis O\u00dc\"},\"image\":{\"@id\":\"https:\\\/\\\/radis.ee\\\/#\\\/schema\\\/logo\\\/image\\\/\"},\"sameAs\":[\"https:\\\/\\\/www.facebook.com\\\/radisfurniture\\\/\"]}]}<\/script>\n<!-- \/ Yoast SEO plugin. -->","yoast_head_json":{"title":"TV-taso MAZE - Radis","robots":{"index":"index","follow":"follow","max-snippet":"max-snippet:-1","max-image-preview":"max-image-preview:large","max-video-preview":"max-video-preview:-1"},"canonical":"https:\/\/radis.ee\/fi\/tv-taso-maze\/","og_locale":"fi_FI","og_type":"article","og_title":"TV-taso MAZE - Radis","og_description":"MAZE\u00a0TV-taso on valmistettu kest\u00e4v\u00e4st\u00e4 koivuvanerista. Siin\u00e4 on pehme\u00e4sti suljettavat ovet, jotta se ei h\u00e4iritse hiljaista kodikasta iltaasi. Mielenkiintoiset diagonaaliset yksityiskohdat antavat sille tarpeeksi luonnetta erottuakseen, mutta yksinkertaisen muodon ansiosta se sopii moneen eri sisustukseen ja tyyliin. Kuten kaikissa RADIS TV-tasoissa, niiden alla olevat kaapit helpottavat v\u00e4lipalojen, kirjojen, kaukos\u00e4\u00e4timien ja muun sotkun pit\u00e4mist\u00e4 poissa n\u00e4kyvist\u00e4 luoden...","og_url":"https:\/\/radis.ee\/fi\/tv-taso-maze\/","og_site_name":"Radis","article_publisher":"https:\/\/www.facebook.com\/radisfurniture\/","article_modified_time":"2024-01-31T19:22:42+00:00","og_image":[{"width":2166,"height":2560,"url":"https:\/\/radis.ee\/wp-content\/uploads\/2021\/12\/RADIS_TVstand_MAZE_Light_Oak_2-scaled.jpg","type":"image\/jpeg"}],"twitter_card":"summary_large_image","twitter_misc":{"Arvioitu lukuaika":"1 minuutti"},"schema":{"@context":"https:\/\/schema.org","@graph":[{"@type":"WebPage","@id":"https:\/\/radis.ee\/fi\/tv-taso-maze\/","url":"https:\/\/radis.ee\/fi\/tv-taso-maze\/","name":"TV-taso MAZE - Radis","isPartOf":{"@id":"https:\/\/radis.ee\/#website"},"primaryImageOfPage":{"@id":"https:\/\/radis.ee\/fi\/tv-taso-maze\/#primaryimage"},"image":{"@id":"https:\/\/radis.ee\/fi\/tv-taso-maze\/#primaryimage"},"thumbnailUrl":"https:\/\/radis.ee\/wp-content\/uploads\/2021\/12\/RADIS_TVstand_MAZE_Light_Oak_2-scaled.jpg","datePublished":"2021-12-08T09:43:15+00:00","dateModified":"2024-01-31T19:22:42+00:00","breadcrumb":{"@id":"https:\/\/radis.ee\/fi\/tv-taso-maze\/#breadcrumb"},"inLanguage":"fi","potentialAction":[{"@type":"ReadAction","target":["https:\/\/radis.ee\/fi\/tv-taso-maze\/"]}]},{"@type":"ImageObject","inLanguage":"fi","@id":"https:\/\/radis.ee\/fi\/tv-taso-maze\/#primaryimage","url":"https:\/\/radis.ee\/wp-content\/uploads\/2021\/12\/RADIS_TVstand_MAZE_Light_Oak_2-scaled.jpg","contentUrl":"https:\/\/radis.ee\/wp-content\/uploads\/2021\/12\/RADIS_TVstand_MAZE_Light_Oak_2-scaled.jpg","width":2166,"height":2560,"caption":"RADIS TV-stand MAZE Light Oak lywood"},{"@type":"BreadcrumbList","@id":"https:\/\/radis.ee\/fi\/tv-taso-maze\/#breadcrumb","itemListElement":[{"@type":"ListItem","position":1,"name":"Home","item":"https:\/\/radis.ee\/"},{"@type":"ListItem","position":2,"name":"Tuotteet","item":"https:\/\/radis.ee\/fi\/tuotteet\/"},{"@type":"ListItem","position":3,"name":"TV-taso MAZE"}]},{"@type":"WebSite","@id":"https:\/\/radis.ee\/#website","url":"https:\/\/radis.ee\/","name":"Radis","description":"Nordic design furniture, environmentally friendly and sustainable.","publisher":{"@id":"https:\/\/radis.ee\/#organization"},"potentialAction":[{"@type":"SearchAction","target":{"@type":"EntryPoint","urlTemplate":"https:\/\/radis.ee\/?s={search_term_string}"},"query-input":{"@type":"PropertyValueSpecification","valueRequired":true,"valueName":"search_term_string"}}],"inLanguage":"fi"},{"@type":"Organization","@id":"https:\/\/radis.ee\/#organization","name":"Radis O\u00dc","url":"https:\/\/radis.ee\/","logo":{"@type":"ImageObject","inLanguage":"fi","@id":"https:\/\/radis.ee\/#\/schema\/logo\/image\/","url":"https:\/\/radis.ee\/wp-content\/uploads\/2020\/10\/Radis-logo.png","contentUrl":"https:\/\/radis.ee\/wp-content\/uploads\/2020\/10\/Radis-logo.png","width":300,"height":63,"caption":"Radis O\u00dc"},"image":{"@id":"https:\/\/radis.ee\/#\/schema\/logo\/image\/"},"sameAs":["https:\/\/www.facebook.com\/radisfurniture\/"]}]}},"_links":{"self":[{"href":"https:\/\/radis.ee\/fi\/wp-json\/wp\/v2\/product\/11625","targetHints":{"allow":["GET"]}}],"collection":[{"href":"https:\/\/radis.ee\/fi\/wp-json\/wp\/v2\/product"}],"about":[{"href":"https:\/\/radis.ee\/fi\/wp-json\/wp\/v2\/types\/product"}],"replies":[{"embeddable":true,"href":"https:\/\/radis.ee\/fi\/wp-json\/wp\/v2\/comments?post=11625"}],"wp:featuredmedia":[{"embeddable":true,"href":"https:\/\/radis.ee\/fi\/wp-json\/wp\/v2\/media\/15348"}],"wp:attachment":[{"href":"https:\/\/radis.ee\/fi\/wp-json\/wp\/v2\/media?parent=11625"}],"wp:term":[{"taxonomy":"product_brand","embeddable":true,"href":"https:\/\/radis.ee\/fi\/wp-json\/wp\/v2\/product_brand?post=11625"},{"taxonomy":"product_cat","embeddable":true,"href":"https:\/\/radis.ee\/fi\/wp-json\/wp\/v2\/product_cat?post=11625"},{"taxonomy":"product_tag","embeddable":true,"href":"https:\/\/radis.ee\/fi\/wp-json\/wp\/v2\/product_tag?post=11625"}],"curies":[{"name":"wp","href":"https:\/\/api.w.org\/{rel}","templated":true}]}}