{"id":12511,"date":"2021-12-28T23:05:16","date_gmt":"2021-12-27T21:05:18","guid":{"rendered":"https:\/\/radis.ee\/?post_type=product&#038;p=12511"},"modified":"2024-01-31T20:45:49","modified_gmt":"2024-01-31T18:45:49","slug":"senkki-loxi-2x4","status":"publish","type":"product","link":"https:\/\/radis.ee\/fi\/senkki-loxi-2x4\/","title":{"rendered":"Senkki LOXI 2&#215;4"},"content":{"rendered":"<p>LOXI-sekkip\u00f6yd\u00e4ss\u00e4 on hauska elementti, jonka ansiosta se erottuu muiden senkkien joukosta. Ovissa on linjattu leikkaus, joka luo v\u00e4rimaailmasta riippuen joko mielenkiintoisen geometrisen yksityiskohdan tai my\u00f6s kontrastisen visuaalin.<\/p>\n<p>Ovien takana on riitt\u00e4v\u00e4sti s\u00e4ilytystilaa. LOXI on hauska senkki, jonka avulla on helppo lis\u00e4t\u00e4 v\u00e4ri\u00e4 mihin tahansa huoneeseen.<\/p>\n<p>Sis\u00e4hyllyn korkeus on 33 cm, sis\u00e4leveys 67 cm, joten sopii my\u00f6s toimistokansioihin. Tai sopimaan suosikkivinyylilevyillesi.<\/p>\n<p>Valmistettu koivuvanerista, \u00f6ljyvahattu, my\u00f6s tammiviilutettu ja valkoisen Koskisen HPL-pinnoitettu. Pehme\u00e4sti sulkeutuvat oven saranat. 8 cm korkea sokkeli, joka sopii hyvin kaikkien jalkalistaan.<\/p>\n","protected":false},"excerpt":{"rendered":"<p>LOXI-sekkip\u00f6yd\u00e4ss\u00e4 on hauska elementti, jonka ansiosta se erottuu muiden senkkien joukosta. Ovissa on linjattu leikkaus, joka luo v\u00e4rimaailmasta riippuen joko mielenkiintoisen geometrisen yksityiskohdan tai my\u00f6s kontrastisen visuaalin. Ovien takana on riitt\u00e4v\u00e4sti s\u00e4ilytystilaa. LOXI on hauska senkki, jonka avulla on helppo lis\u00e4t\u00e4 v\u00e4ri\u00e4 mihin tahansa huoneeseen. Sis\u00e4hyllyn korkeus on 33 cm, sis\u00e4leveys 67 cm, joten sopii&#8230;<\/p>\n","protected":false},"featured_media":12883,"comment_status":"open","ping_status":"closed","template":"","meta":{"_acf_changed":false},"product_brand":[],"product_cat":[17],"product_tag":[],"class_list":{"0":"post-12511","1":"product","2":"type-product","3":"status-publish","4":"has-post-thumbnail","6":"product_cat-kummutid","8":"first","9":"instock","10":"taxable","11":"shipping-taxable","12":"purchasable","13":"product-type-variable","14":"has-default-attributes"},"acf":[],"yoast_head":"<!-- This site is optimized with the Yoast SEO plugin v27.3 - https:\/\/yoast.com\/product\/yoast-seo-wordpress\/ -->\n<title>Senkki LOXI 2x4 - Radis<\/title>\n<meta name=\"robots\" content=\"index, follow, max-snippet:-1, max-image-preview:large, max-video-preview:-1\" \/>\n<link rel=\"canonical\" href=\"https:\/\/radis.ee\/kummut-loxi-2x4\/\" \/>\n<meta property=\"og:locale\" content=\"fi_FI\" \/>\n<meta property=\"og:type\" content=\"article\" \/>\n<meta property=\"og:title\" content=\"Senkki LOXI 2x4 - Radis\" \/>\n<meta property=\"og:description\" content=\"LOXI-sekkip\u00f6yd\u00e4ss\u00e4 on hauska elementti, jonka ansiosta se erottuu muiden senkkien joukosta. Ovissa on linjattu leikkaus, joka luo v\u00e4rimaailmasta riippuen joko mielenkiintoisen geometrisen yksityiskohdan tai my\u00f6s kontrastisen visuaalin. Ovien takana on riitt\u00e4v\u00e4sti s\u00e4ilytystilaa. LOXI on hauska senkki, jonka avulla on helppo lis\u00e4t\u00e4 v\u00e4ri\u00e4 mihin tahansa huoneeseen. Sis\u00e4hyllyn korkeus on 33 cm, sis\u00e4leveys 67 cm, joten sopii...\" \/>\n<meta property=\"og:url\" content=\"https:\/\/radis.ee\/kummut-loxi-2x4\/\" \/>\n<meta property=\"og:site_name\" content=\"Radis\" \/>\n<meta property=\"article:publisher\" content=\"https:\/\/www.facebook.com\/radisfurniture\/\" \/>\n<meta property=\"article:modified_time\" content=\"2024-01-31T18:45:49+00:00\" \/>\n<meta property=\"og:image\" content=\"https:\/\/radis.ee\/wp-content\/uploads\/2021\/12\/RADIS_sideboard_LOXI_2X4_Light_Oak_White_Osmo-scaled.jpg\" \/>\n\t<meta property=\"og:image:width\" content=\"2560\" \/>\n\t<meta property=\"og:image:height\" content=\"1681\" \/>\n\t<meta property=\"og:image:type\" content=\"image\/jpeg\" \/>\n<meta name=\"twitter:card\" content=\"summary_large_image\" \/>\n<script type=\"application\/ld+json\" class=\"yoast-schema-graph\">{\"@context\":\"https:\\\/\\\/schema.org\",\"@graph\":[{\"@type\":\"WebPage\",\"@id\":\"https:\\\/\\\/radis.ee\\\/kummut-loxi-2x4\\\/\",\"url\":\"https:\\\/\\\/radis.ee\\\/kummut-loxi-2x4\\\/\",\"name\":\"Senkki LOXI 2x4 - Radis\",\"isPartOf\":{\"@id\":\"https:\\\/\\\/radis.ee\\\/#website\"},\"primaryImageOfPage\":{\"@id\":\"https:\\\/\\\/radis.ee\\\/kummut-loxi-2x4\\\/#primaryimage\"},\"image\":{\"@id\":\"https:\\\/\\\/radis.ee\\\/kummut-loxi-2x4\\\/#primaryimage\"},\"thumbnailUrl\":\"https:\\\/\\\/radis.ee\\\/wp-content\\\/uploads\\\/2021\\\/12\\\/RADIS_sideboard_LOXI_2X4_Light_Oak_White_Osmo-scaled.jpg\",\"datePublished\":\"2021-12-27T21:05:18+00:00\",\"dateModified\":\"2024-01-31T18:45:49+00:00\",\"breadcrumb\":{\"@id\":\"https:\\\/\\\/radis.ee\\\/kummut-loxi-2x4\\\/#breadcrumb\"},\"inLanguage\":\"fi\",\"potentialAction\":[{\"@type\":\"ReadAction\",\"target\":[\"https:\\\/\\\/radis.ee\\\/kummut-loxi-2x4\\\/\"]}]},{\"@type\":\"ImageObject\",\"inLanguage\":\"fi\",\"@id\":\"https:\\\/\\\/radis.ee\\\/kummut-loxi-2x4\\\/#primaryimage\",\"url\":\"https:\\\/\\\/radis.ee\\\/wp-content\\\/uploads\\\/2021\\\/12\\\/RADIS_sideboard_LOXI_2X4_Light_Oak_White_Osmo-scaled.jpg\",\"contentUrl\":\"https:\\\/\\\/radis.ee\\\/wp-content\\\/uploads\\\/2021\\\/12\\\/RADIS_sideboard_LOXI_2X4_Light_Oak_White_Osmo-scaled.jpg\",\"width\":2560,\"height\":1681,\"caption\":\"Radis sideboard LOXI 2x4 Light Oak White Osmo\"},{\"@type\":\"BreadcrumbList\",\"@id\":\"https:\\\/\\\/radis.ee\\\/kummut-loxi-2x4\\\/#breadcrumb\",\"itemListElement\":[{\"@type\":\"ListItem\",\"position\":1,\"name\":\"Home\",\"item\":\"https:\\\/\\\/radis.ee\\\/\"},{\"@type\":\"ListItem\",\"position\":2,\"name\":\"Tuotteet\",\"item\":\"https:\\\/\\\/radis.ee\\\/fi\\\/tuotteet\\\/\"},{\"@type\":\"ListItem\",\"position\":3,\"name\":\"Senkki LOXI 2&#215;4\"}]},{\"@type\":\"WebSite\",\"@id\":\"https:\\\/\\\/radis.ee\\\/#website\",\"url\":\"https:\\\/\\\/radis.ee\\\/\",\"name\":\"Radis\",\"description\":\"Nordic design furniture, environmentally friendly and sustainable.\",\"publisher\":{\"@id\":\"https:\\\/\\\/radis.ee\\\/#organization\"},\"potentialAction\":[{\"@type\":\"SearchAction\",\"target\":{\"@type\":\"EntryPoint\",\"urlTemplate\":\"https:\\\/\\\/radis.ee\\\/?s={search_term_string}\"},\"query-input\":{\"@type\":\"PropertyValueSpecification\",\"valueRequired\":true,\"valueName\":\"search_term_string\"}}],\"inLanguage\":\"fi\"},{\"@type\":\"Organization\",\"@id\":\"https:\\\/\\\/radis.ee\\\/#organization\",\"name\":\"Radis O\u00dc\",\"url\":\"https:\\\/\\\/radis.ee\\\/\",\"logo\":{\"@type\":\"ImageObject\",\"inLanguage\":\"fi\",\"@id\":\"https:\\\/\\\/radis.ee\\\/#\\\/schema\\\/logo\\\/image\\\/\",\"url\":\"https:\\\/\\\/radis.ee\\\/wp-content\\\/uploads\\\/2020\\\/10\\\/Radis-logo.png\",\"contentUrl\":\"https:\\\/\\\/radis.ee\\\/wp-content\\\/uploads\\\/2020\\\/10\\\/Radis-logo.png\",\"width\":300,\"height\":63,\"caption\":\"Radis O\u00dc\"},\"image\":{\"@id\":\"https:\\\/\\\/radis.ee\\\/#\\\/schema\\\/logo\\\/image\\\/\"},\"sameAs\":[\"https:\\\/\\\/www.facebook.com\\\/radisfurniture\\\/\"]}]}<\/script>\n<!-- \/ Yoast SEO plugin. -->","yoast_head_json":{"title":"Senkki LOXI 2x4 - Radis","robots":{"index":"index","follow":"follow","max-snippet":"max-snippet:-1","max-image-preview":"max-image-preview:large","max-video-preview":"max-video-preview:-1"},"canonical":"https:\/\/radis.ee\/kummut-loxi-2x4\/","og_locale":"fi_FI","og_type":"article","og_title":"Senkki LOXI 2x4 - Radis","og_description":"LOXI-sekkip\u00f6yd\u00e4ss\u00e4 on hauska elementti, jonka ansiosta se erottuu muiden senkkien joukosta. Ovissa on linjattu leikkaus, joka luo v\u00e4rimaailmasta riippuen joko mielenkiintoisen geometrisen yksityiskohdan tai my\u00f6s kontrastisen visuaalin. Ovien takana on riitt\u00e4v\u00e4sti s\u00e4ilytystilaa. LOXI on hauska senkki, jonka avulla on helppo lis\u00e4t\u00e4 v\u00e4ri\u00e4 mihin tahansa huoneeseen. Sis\u00e4hyllyn korkeus on 33 cm, sis\u00e4leveys 67 cm, joten sopii...","og_url":"https:\/\/radis.ee\/kummut-loxi-2x4\/","og_site_name":"Radis","article_publisher":"https:\/\/www.facebook.com\/radisfurniture\/","article_modified_time":"2024-01-31T18:45:49+00:00","og_image":[{"width":2560,"height":1681,"url":"https:\/\/radis.ee\/wp-content\/uploads\/2021\/12\/RADIS_sideboard_LOXI_2X4_Light_Oak_White_Osmo-scaled.jpg","type":"image\/jpeg"}],"twitter_card":"summary_large_image","schema":{"@context":"https:\/\/schema.org","@graph":[{"@type":"WebPage","@id":"https:\/\/radis.ee\/kummut-loxi-2x4\/","url":"https:\/\/radis.ee\/kummut-loxi-2x4\/","name":"Senkki LOXI 2x4 - Radis","isPartOf":{"@id":"https:\/\/radis.ee\/#website"},"primaryImageOfPage":{"@id":"https:\/\/radis.ee\/kummut-loxi-2x4\/#primaryimage"},"image":{"@id":"https:\/\/radis.ee\/kummut-loxi-2x4\/#primaryimage"},"thumbnailUrl":"https:\/\/radis.ee\/wp-content\/uploads\/2021\/12\/RADIS_sideboard_LOXI_2X4_Light_Oak_White_Osmo-scaled.jpg","datePublished":"2021-12-27T21:05:18+00:00","dateModified":"2024-01-31T18:45:49+00:00","breadcrumb":{"@id":"https:\/\/radis.ee\/kummut-loxi-2x4\/#breadcrumb"},"inLanguage":"fi","potentialAction":[{"@type":"ReadAction","target":["https:\/\/radis.ee\/kummut-loxi-2x4\/"]}]},{"@type":"ImageObject","inLanguage":"fi","@id":"https:\/\/radis.ee\/kummut-loxi-2x4\/#primaryimage","url":"https:\/\/radis.ee\/wp-content\/uploads\/2021\/12\/RADIS_sideboard_LOXI_2X4_Light_Oak_White_Osmo-scaled.jpg","contentUrl":"https:\/\/radis.ee\/wp-content\/uploads\/2021\/12\/RADIS_sideboard_LOXI_2X4_Light_Oak_White_Osmo-scaled.jpg","width":2560,"height":1681,"caption":"Radis sideboard LOXI 2x4 Light Oak White Osmo"},{"@type":"BreadcrumbList","@id":"https:\/\/radis.ee\/kummut-loxi-2x4\/#breadcrumb","itemListElement":[{"@type":"ListItem","position":1,"name":"Home","item":"https:\/\/radis.ee\/"},{"@type":"ListItem","position":2,"name":"Tuotteet","item":"https:\/\/radis.ee\/fi\/tuotteet\/"},{"@type":"ListItem","position":3,"name":"Senkki LOXI 2&#215;4"}]},{"@type":"WebSite","@id":"https:\/\/radis.ee\/#website","url":"https:\/\/radis.ee\/","name":"Radis","description":"Nordic design furniture, environmentally friendly and sustainable.","publisher":{"@id":"https:\/\/radis.ee\/#organization"},"potentialAction":[{"@type":"SearchAction","target":{"@type":"EntryPoint","urlTemplate":"https:\/\/radis.ee\/?s={search_term_string}"},"query-input":{"@type":"PropertyValueSpecification","valueRequired":true,"valueName":"search_term_string"}}],"inLanguage":"fi"},{"@type":"Organization","@id":"https:\/\/radis.ee\/#organization","name":"Radis O\u00dc","url":"https:\/\/radis.ee\/","logo":{"@type":"ImageObject","inLanguage":"fi","@id":"https:\/\/radis.ee\/#\/schema\/logo\/image\/","url":"https:\/\/radis.ee\/wp-content\/uploads\/2020\/10\/Radis-logo.png","contentUrl":"https:\/\/radis.ee\/wp-content\/uploads\/2020\/10\/Radis-logo.png","width":300,"height":63,"caption":"Radis O\u00dc"},"image":{"@id":"https:\/\/radis.ee\/#\/schema\/logo\/image\/"},"sameAs":["https:\/\/www.facebook.com\/radisfurniture\/"]}]}},"_links":{"self":[{"href":"https:\/\/radis.ee\/fi\/wp-json\/wp\/v2\/product\/12511","targetHints":{"allow":["GET"]}}],"collection":[{"href":"https:\/\/radis.ee\/fi\/wp-json\/wp\/v2\/product"}],"about":[{"href":"https:\/\/radis.ee\/fi\/wp-json\/wp\/v2\/types\/product"}],"replies":[{"embeddable":true,"href":"https:\/\/radis.ee\/fi\/wp-json\/wp\/v2\/comments?post=12511"}],"wp:featuredmedia":[{"embeddable":true,"href":"https:\/\/radis.ee\/fi\/wp-json\/wp\/v2\/media\/12883"}],"wp:attachment":[{"href":"https:\/\/radis.ee\/fi\/wp-json\/wp\/v2\/media?parent=12511"}],"wp:term":[{"taxonomy":"product_brand","embeddable":true,"href":"https:\/\/radis.ee\/fi\/wp-json\/wp\/v2\/product_brand?post=12511"},{"taxonomy":"product_cat","embeddable":true,"href":"https:\/\/radis.ee\/fi\/wp-json\/wp\/v2\/product_cat?post=12511"},{"taxonomy":"product_tag","embeddable":true,"href":"https:\/\/radis.ee\/fi\/wp-json\/wp\/v2\/product_tag?post=12511"}],"curies":[{"name":"wp","href":"https:\/\/api.w.org\/{rel}","templated":true}]}}