{"id":12660,"date":"2020-10-09T01:50:13","date_gmt":"2021-12-28T18:50:16","guid":{"rendered":"https:\/\/radis.ee\/?post_type=product&#038;p=12660"},"modified":"2024-01-30T21:32:32","modified_gmt":"2024-01-30T19:32:32","slug":"senkki-romb-4x4","status":"publish","type":"product","link":"https:\/\/radis.ee\/fi\/senkki-romb-4x4\/","title":{"rendered":"Senkki ROMB 4&#215;4"},"content":{"rendered":"<p>Monet eiv\u00e4t tied\u00e4 t\u00e4t\u00e4, mutta itse asiassa lipaston kauneudella on joitain rajoituksia. Esimerkiksi t\u00e4t\u00e4 lipastoa kauniimpi ei ole en\u00e4\u00e4 sallittua. Voit jopa n\u00e4hd\u00e4! Vain sin\u00e4 n\u00e4et salaper\u00e4isten ovikuvioiden taakse.<\/p>\n<p>Hyllyjen sis\u00e4korkeus on 33 cm, joten se sopii my\u00f6s toimistoon kansioiden sijoittamiseen. Valmistettu laadukkaasta koivuvanerista, \u00f6ljyvahatusta tai HPL-vanerista, push2open ovensaranat, jotka avautuvat ja sulkeutuvat paineella.<\/p>\n<p>Ovien kuvio on kaiverrettu. Ovien takana 6 hylly\u00e4 67 cm leve\u00e4. Kellari 8 cm korkea, joka sopii erilaisiin jalkalistaan.<\/p>\n","protected":false},"excerpt":{"rendered":"<p>Monet eiv\u00e4t tied\u00e4 t\u00e4t\u00e4, mutta itse asiassa lipaston kauneudella on joitain rajoituksia. Esimerkiksi t\u00e4t\u00e4 lipastoa kauniimpi ei ole en\u00e4\u00e4 sallittua. Voit jopa n\u00e4hd\u00e4! Vain sin\u00e4 n\u00e4et salaper\u00e4isten ovikuvioiden taakse. Hyllyjen sis\u00e4korkeus on 33 cm, joten se sopii my\u00f6s toimistoon kansioiden sijoittamiseen. Valmistettu laadukkaasta koivuvanerista, \u00f6ljyvahatusta tai HPL-vanerista, push2open ovensaranat, jotka avautuvat ja sulkeutuvat paineella. Ovien&#8230;<\/p>\n","protected":false},"featured_media":12693,"comment_status":"open","ping_status":"closed","template":"","meta":{"_acf_changed":false},"product_brand":[],"product_cat":[17],"product_tag":[],"class_list":{"0":"post-12660","1":"product","2":"type-product","3":"status-publish","4":"has-post-thumbnail","6":"product_cat-kummutid","8":"first","9":"instock","10":"sale","11":"taxable","12":"shipping-taxable","13":"purchasable","14":"product-type-variable","15":"has-default-attributes"},"acf":[],"yoast_head":"<!-- This site is optimized with the Yoast SEO plugin v27.3 - https:\/\/yoast.com\/product\/yoast-seo-wordpress\/ -->\n<title>Senkki ROMB 4x4 - Radis<\/title>\n<meta name=\"robots\" content=\"index, follow, max-snippet:-1, max-image-preview:large, max-video-preview:-1\" \/>\n<link rel=\"canonical\" href=\"https:\/\/radis.ee\/kummut-romb-4x4\/\" \/>\n<meta property=\"og:locale\" content=\"fi_FI\" \/>\n<meta property=\"og:type\" content=\"article\" \/>\n<meta property=\"og:title\" content=\"Senkki ROMB 4x4 - Radis\" \/>\n<meta property=\"og:description\" content=\"Monet eiv\u00e4t tied\u00e4 t\u00e4t\u00e4, mutta itse asiassa lipaston kauneudella on joitain rajoituksia. Esimerkiksi t\u00e4t\u00e4 lipastoa kauniimpi ei ole en\u00e4\u00e4 sallittua. Voit jopa n\u00e4hd\u00e4! Vain sin\u00e4 n\u00e4et salaper\u00e4isten ovikuvioiden taakse. Hyllyjen sis\u00e4korkeus on 33 cm, joten se sopii my\u00f6s toimistoon kansioiden sijoittamiseen. Valmistettu laadukkaasta koivuvanerista, \u00f6ljyvahatusta tai HPL-vanerista, push2open ovensaranat, jotka avautuvat ja sulkeutuvat paineella. Ovien...\" \/>\n<meta property=\"og:url\" content=\"https:\/\/radis.ee\/kummut-romb-4x4\/\" \/>\n<meta property=\"og:site_name\" content=\"Radis\" \/>\n<meta property=\"article:publisher\" content=\"https:\/\/www.facebook.com\/radisfurniture\/\" \/>\n<meta property=\"article:modified_time\" content=\"2024-01-30T19:32:32+00:00\" \/>\n<meta property=\"og:image\" content=\"https:\/\/radis.ee\/wp-content\/uploads\/2021\/12\/RADIS_sideboards_ROMB_4x4_white_CPL_plywood-scaled.jpg\" \/>\n\t<meta property=\"og:image:width\" content=\"2560\" \/>\n\t<meta property=\"og:image:height\" content=\"1920\" \/>\n\t<meta property=\"og:image:type\" content=\"image\/jpeg\" \/>\n<meta name=\"twitter:card\" content=\"summary_large_image\" \/>\n<script type=\"application\/ld+json\" class=\"yoast-schema-graph\">{\"@context\":\"https:\\\/\\\/schema.org\",\"@graph\":[{\"@type\":\"WebPage\",\"@id\":\"https:\\\/\\\/radis.ee\\\/kummut-romb-4x4\\\/\",\"url\":\"https:\\\/\\\/radis.ee\\\/kummut-romb-4x4\\\/\",\"name\":\"Senkki ROMB 4x4 - Radis\",\"isPartOf\":{\"@id\":\"https:\\\/\\\/radis.ee\\\/#website\"},\"primaryImageOfPage\":{\"@id\":\"https:\\\/\\\/radis.ee\\\/kummut-romb-4x4\\\/#primaryimage\"},\"image\":{\"@id\":\"https:\\\/\\\/radis.ee\\\/kummut-romb-4x4\\\/#primaryimage\"},\"thumbnailUrl\":\"https:\\\/\\\/radis.ee\\\/wp-content\\\/uploads\\\/2021\\\/12\\\/RADIS_sideboards_ROMB_4x4_white_CPL_plywood-scaled.jpg\",\"datePublished\":\"2021-12-28T18:50:16+00:00\",\"dateModified\":\"2024-01-30T19:32:32+00:00\",\"breadcrumb\":{\"@id\":\"https:\\\/\\\/radis.ee\\\/kummut-romb-4x4\\\/#breadcrumb\"},\"inLanguage\":\"fi\",\"potentialAction\":[{\"@type\":\"ReadAction\",\"target\":[\"https:\\\/\\\/radis.ee\\\/kummut-romb-4x4\\\/\"]}]},{\"@type\":\"ImageObject\",\"inLanguage\":\"fi\",\"@id\":\"https:\\\/\\\/radis.ee\\\/kummut-romb-4x4\\\/#primaryimage\",\"url\":\"https:\\\/\\\/radis.ee\\\/wp-content\\\/uploads\\\/2021\\\/12\\\/RADIS_sideboards_ROMB_4x4_white_CPL_plywood-scaled.jpg\",\"contentUrl\":\"https:\\\/\\\/radis.ee\\\/wp-content\\\/uploads\\\/2021\\\/12\\\/RADIS_sideboards_ROMB_4x4_white_CPL_plywood-scaled.jpg\",\"width\":2560,\"height\":1920,\"caption\":\"RADIS sideboard ROMB 4X4 WHITE CPL plywood\"},{\"@type\":\"BreadcrumbList\",\"@id\":\"https:\\\/\\\/radis.ee\\\/kummut-romb-4x4\\\/#breadcrumb\",\"itemListElement\":[{\"@type\":\"ListItem\",\"position\":1,\"name\":\"Home\",\"item\":\"https:\\\/\\\/radis.ee\\\/\"},{\"@type\":\"ListItem\",\"position\":2,\"name\":\"Tuotteet\",\"item\":\"https:\\\/\\\/radis.ee\\\/fi\\\/tuotteet\\\/\"},{\"@type\":\"ListItem\",\"position\":3,\"name\":\"Senkki ROMB 4&#215;4\"}]},{\"@type\":\"WebSite\",\"@id\":\"https:\\\/\\\/radis.ee\\\/#website\",\"url\":\"https:\\\/\\\/radis.ee\\\/\",\"name\":\"Radis\",\"description\":\"Nordic design furniture, environmentally friendly and sustainable.\",\"publisher\":{\"@id\":\"https:\\\/\\\/radis.ee\\\/#organization\"},\"potentialAction\":[{\"@type\":\"SearchAction\",\"target\":{\"@type\":\"EntryPoint\",\"urlTemplate\":\"https:\\\/\\\/radis.ee\\\/?s={search_term_string}\"},\"query-input\":{\"@type\":\"PropertyValueSpecification\",\"valueRequired\":true,\"valueName\":\"search_term_string\"}}],\"inLanguage\":\"fi\"},{\"@type\":\"Organization\",\"@id\":\"https:\\\/\\\/radis.ee\\\/#organization\",\"name\":\"Radis O\u00dc\",\"url\":\"https:\\\/\\\/radis.ee\\\/\",\"logo\":{\"@type\":\"ImageObject\",\"inLanguage\":\"fi\",\"@id\":\"https:\\\/\\\/radis.ee\\\/#\\\/schema\\\/logo\\\/image\\\/\",\"url\":\"https:\\\/\\\/radis.ee\\\/wp-content\\\/uploads\\\/2020\\\/10\\\/Radis-logo.png\",\"contentUrl\":\"https:\\\/\\\/radis.ee\\\/wp-content\\\/uploads\\\/2020\\\/10\\\/Radis-logo.png\",\"width\":300,\"height\":63,\"caption\":\"Radis O\u00dc\"},\"image\":{\"@id\":\"https:\\\/\\\/radis.ee\\\/#\\\/schema\\\/logo\\\/image\\\/\"},\"sameAs\":[\"https:\\\/\\\/www.facebook.com\\\/radisfurniture\\\/\"]}]}<\/script>\n<!-- \/ Yoast SEO plugin. -->","yoast_head_json":{"title":"Senkki ROMB 4x4 - Radis","robots":{"index":"index","follow":"follow","max-snippet":"max-snippet:-1","max-image-preview":"max-image-preview:large","max-video-preview":"max-video-preview:-1"},"canonical":"https:\/\/radis.ee\/kummut-romb-4x4\/","og_locale":"fi_FI","og_type":"article","og_title":"Senkki ROMB 4x4 - Radis","og_description":"Monet eiv\u00e4t tied\u00e4 t\u00e4t\u00e4, mutta itse asiassa lipaston kauneudella on joitain rajoituksia. Esimerkiksi t\u00e4t\u00e4 lipastoa kauniimpi ei ole en\u00e4\u00e4 sallittua. Voit jopa n\u00e4hd\u00e4! Vain sin\u00e4 n\u00e4et salaper\u00e4isten ovikuvioiden taakse. Hyllyjen sis\u00e4korkeus on 33 cm, joten se sopii my\u00f6s toimistoon kansioiden sijoittamiseen. Valmistettu laadukkaasta koivuvanerista, \u00f6ljyvahatusta tai HPL-vanerista, push2open ovensaranat, jotka avautuvat ja sulkeutuvat paineella. Ovien...","og_url":"https:\/\/radis.ee\/kummut-romb-4x4\/","og_site_name":"Radis","article_publisher":"https:\/\/www.facebook.com\/radisfurniture\/","article_modified_time":"2024-01-30T19:32:32+00:00","og_image":[{"width":2560,"height":1920,"url":"https:\/\/radis.ee\/wp-content\/uploads\/2021\/12\/RADIS_sideboards_ROMB_4x4_white_CPL_plywood-scaled.jpg","type":"image\/jpeg"}],"twitter_card":"summary_large_image","schema":{"@context":"https:\/\/schema.org","@graph":[{"@type":"WebPage","@id":"https:\/\/radis.ee\/kummut-romb-4x4\/","url":"https:\/\/radis.ee\/kummut-romb-4x4\/","name":"Senkki ROMB 4x4 - Radis","isPartOf":{"@id":"https:\/\/radis.ee\/#website"},"primaryImageOfPage":{"@id":"https:\/\/radis.ee\/kummut-romb-4x4\/#primaryimage"},"image":{"@id":"https:\/\/radis.ee\/kummut-romb-4x4\/#primaryimage"},"thumbnailUrl":"https:\/\/radis.ee\/wp-content\/uploads\/2021\/12\/RADIS_sideboards_ROMB_4x4_white_CPL_plywood-scaled.jpg","datePublished":"2021-12-28T18:50:16+00:00","dateModified":"2024-01-30T19:32:32+00:00","breadcrumb":{"@id":"https:\/\/radis.ee\/kummut-romb-4x4\/#breadcrumb"},"inLanguage":"fi","potentialAction":[{"@type":"ReadAction","target":["https:\/\/radis.ee\/kummut-romb-4x4\/"]}]},{"@type":"ImageObject","inLanguage":"fi","@id":"https:\/\/radis.ee\/kummut-romb-4x4\/#primaryimage","url":"https:\/\/radis.ee\/wp-content\/uploads\/2021\/12\/RADIS_sideboards_ROMB_4x4_white_CPL_plywood-scaled.jpg","contentUrl":"https:\/\/radis.ee\/wp-content\/uploads\/2021\/12\/RADIS_sideboards_ROMB_4x4_white_CPL_plywood-scaled.jpg","width":2560,"height":1920,"caption":"RADIS sideboard ROMB 4X4 WHITE CPL plywood"},{"@type":"BreadcrumbList","@id":"https:\/\/radis.ee\/kummut-romb-4x4\/#breadcrumb","itemListElement":[{"@type":"ListItem","position":1,"name":"Home","item":"https:\/\/radis.ee\/"},{"@type":"ListItem","position":2,"name":"Tuotteet","item":"https:\/\/radis.ee\/fi\/tuotteet\/"},{"@type":"ListItem","position":3,"name":"Senkki ROMB 4&#215;4"}]},{"@type":"WebSite","@id":"https:\/\/radis.ee\/#website","url":"https:\/\/radis.ee\/","name":"Radis","description":"Nordic design furniture, environmentally friendly and sustainable.","publisher":{"@id":"https:\/\/radis.ee\/#organization"},"potentialAction":[{"@type":"SearchAction","target":{"@type":"EntryPoint","urlTemplate":"https:\/\/radis.ee\/?s={search_term_string}"},"query-input":{"@type":"PropertyValueSpecification","valueRequired":true,"valueName":"search_term_string"}}],"inLanguage":"fi"},{"@type":"Organization","@id":"https:\/\/radis.ee\/#organization","name":"Radis O\u00dc","url":"https:\/\/radis.ee\/","logo":{"@type":"ImageObject","inLanguage":"fi","@id":"https:\/\/radis.ee\/#\/schema\/logo\/image\/","url":"https:\/\/radis.ee\/wp-content\/uploads\/2020\/10\/Radis-logo.png","contentUrl":"https:\/\/radis.ee\/wp-content\/uploads\/2020\/10\/Radis-logo.png","width":300,"height":63,"caption":"Radis O\u00dc"},"image":{"@id":"https:\/\/radis.ee\/#\/schema\/logo\/image\/"},"sameAs":["https:\/\/www.facebook.com\/radisfurniture\/"]}]}},"_links":{"self":[{"href":"https:\/\/radis.ee\/fi\/wp-json\/wp\/v2\/product\/12660","targetHints":{"allow":["GET"]}}],"collection":[{"href":"https:\/\/radis.ee\/fi\/wp-json\/wp\/v2\/product"}],"about":[{"href":"https:\/\/radis.ee\/fi\/wp-json\/wp\/v2\/types\/product"}],"replies":[{"embeddable":true,"href":"https:\/\/radis.ee\/fi\/wp-json\/wp\/v2\/comments?post=12660"}],"wp:featuredmedia":[{"embeddable":true,"href":"https:\/\/radis.ee\/fi\/wp-json\/wp\/v2\/media\/12693"}],"wp:attachment":[{"href":"https:\/\/radis.ee\/fi\/wp-json\/wp\/v2\/media?parent=12660"}],"wp:term":[{"taxonomy":"product_brand","embeddable":true,"href":"https:\/\/radis.ee\/fi\/wp-json\/wp\/v2\/product_brand?post=12660"},{"taxonomy":"product_cat","embeddable":true,"href":"https:\/\/radis.ee\/fi\/wp-json\/wp\/v2\/product_cat?post=12660"},{"taxonomy":"product_tag","embeddable":true,"href":"https:\/\/radis.ee\/fi\/wp-json\/wp\/v2\/product_tag?post=12660"}],"curies":[{"name":"wp","href":"https:\/\/api.w.org\/{rel}","templated":true}]}}