{"id":13110,"date":"2022-01-03T18:36:02","date_gmt":"2022-01-03T16:36:04","guid":{"rendered":"https:\/\/radis.ee\/?post_type=product&#038;p=13110"},"modified":"2024-01-30T23:01:42","modified_gmt":"2024-01-30T21:01:42","slug":"senkki-maze-2x2","status":"publish","type":"product","link":"https:\/\/radis.ee\/fi\/senkki-maze-2x2\/","title":{"rendered":"Senkki MAZE 2&#215;2"},"content":{"rendered":"<p>MAZE senkki on eritt\u00e4in mukautuva apulainen miss\u00e4 tahansa olohuoneessa, studiossa, ty\u00f6tilassa tai lastenhuoneessa. Sen yksinkertainen muoto tekee siit\u00e4 ihanteellisen moneen paikkaan, ja se, ett\u00e4 voit valita eri kokoja s\u00e4ilytystarpeiden ja huoneen mittojen mukaan, tekee siit\u00e4 entist\u00e4 paremman.<\/p>\n<p>Pehme\u00e4sti sulkeutuvat saranat ja eritt\u00e4in kest\u00e4v\u00e4 koivuvaneri takaavat, ett\u00e4 MAZE ei leikkaa kulmia. Kun tuot sen kotiin, se pysyy siell\u00e4 vuosia.<\/p>\n<p>Sis\u00e4hyllyn korkeus on 33 cm, sis\u00e4inen ero 67 cm, joten sopii my\u00f6s toimistokansioihin. Tai sopimaan suosikkivinyylilevyihisi.<\/p>\n<p>Valmistettu koivuvanerista, my\u00f6s tammiviilutettu, \u00f6ljyvahattu tai valkoinen Koskisen HPL. Pehme\u00e4sti sulkeutuvat oven saranat. 8 cm korkea sokkeli, joka sopii hyvin kaikkien jalkalistaan.<\/p>\n","protected":false},"excerpt":{"rendered":"<p>MAZE senkki on eritt\u00e4in mukautuva apulainen miss\u00e4 tahansa olohuoneessa, studiossa, ty\u00f6tilassa tai lastenhuoneessa. Sen yksinkertainen muoto tekee siit\u00e4 ihanteellisen moneen paikkaan, ja se, ett\u00e4 voit valita eri kokoja s\u00e4ilytystarpeiden ja huoneen mittojen mukaan, tekee siit\u00e4 entist\u00e4 paremman. Pehme\u00e4sti sulkeutuvat saranat ja eritt\u00e4in kest\u00e4v\u00e4 koivuvaneri takaavat, ett\u00e4 MAZE ei leikkaa kulmia. Kun tuot sen kotiin, se&#8230;<\/p>\n","protected":false},"featured_media":13381,"comment_status":"open","ping_status":"closed","template":"","meta":{"_acf_changed":false},"product_brand":[],"product_cat":[17],"product_tag":[],"class_list":{"0":"post-13110","1":"product","2":"type-product","3":"status-publish","4":"has-post-thumbnail","6":"product_cat-kummutid","8":"first","9":"instock","10":"taxable","11":"shipping-taxable","12":"purchasable","13":"product-type-variable"},"acf":[],"yoast_head":"<!-- This site is optimized with the Yoast SEO plugin v27.3 - https:\/\/yoast.com\/product\/yoast-seo-wordpress\/ -->\n<title>Senkki MAZE 2x2 - Radis<\/title>\n<meta name=\"robots\" content=\"index, follow, max-snippet:-1, max-image-preview:large, max-video-preview:-1\" \/>\n<link rel=\"canonical\" href=\"https:\/\/radis.ee\/kummut-maze-2x2\/\" \/>\n<meta property=\"og:locale\" content=\"fi_FI\" \/>\n<meta property=\"og:type\" content=\"article\" \/>\n<meta property=\"og:title\" content=\"Senkki MAZE 2x2 - Radis\" \/>\n<meta property=\"og:description\" content=\"MAZE senkki on eritt\u00e4in mukautuva apulainen miss\u00e4 tahansa olohuoneessa, studiossa, ty\u00f6tilassa tai lastenhuoneessa. Sen yksinkertainen muoto tekee siit\u00e4 ihanteellisen moneen paikkaan, ja se, ett\u00e4 voit valita eri kokoja s\u00e4ilytystarpeiden ja huoneen mittojen mukaan, tekee siit\u00e4 entist\u00e4 paremman. Pehme\u00e4sti sulkeutuvat saranat ja eritt\u00e4in kest\u00e4v\u00e4 koivuvaneri takaavat, ett\u00e4 MAZE ei leikkaa kulmia. Kun tuot sen kotiin, se...\" \/>\n<meta property=\"og:url\" content=\"https:\/\/radis.ee\/kummut-maze-2x2\/\" \/>\n<meta property=\"og:site_name\" content=\"Radis\" \/>\n<meta property=\"article:publisher\" content=\"https:\/\/www.facebook.com\/radisfurniture\/\" \/>\n<meta property=\"article:modified_time\" content=\"2024-01-30T21:01:42+00:00\" \/>\n<meta property=\"og:image\" content=\"https:\/\/radis.ee\/wp-content\/uploads\/2020\/10\/RADIS_sideboard_MAZE_2X2_Light_Oak.jpg\" \/>\n\t<meta property=\"og:image:width\" content=\"1611\" \/>\n\t<meta property=\"og:image:height\" content=\"1536\" \/>\n\t<meta property=\"og:image:type\" content=\"image\/jpeg\" \/>\n<meta name=\"twitter:card\" content=\"summary_large_image\" \/>\n<meta name=\"twitter:label1\" content=\"Arvioitu lukuaika\" \/>\n\t<meta name=\"twitter:data1\" content=\"1 minuutti\" \/>\n<script type=\"application\/ld+json\" class=\"yoast-schema-graph\">{\"@context\":\"https:\\\/\\\/schema.org\",\"@graph\":[{\"@type\":\"WebPage\",\"@id\":\"https:\\\/\\\/radis.ee\\\/kummut-maze-2x2\\\/\",\"url\":\"https:\\\/\\\/radis.ee\\\/kummut-maze-2x2\\\/\",\"name\":\"Senkki MAZE 2x2 - Radis\",\"isPartOf\":{\"@id\":\"https:\\\/\\\/radis.ee\\\/#website\"},\"primaryImageOfPage\":{\"@id\":\"https:\\\/\\\/radis.ee\\\/kummut-maze-2x2\\\/#primaryimage\"},\"image\":{\"@id\":\"https:\\\/\\\/radis.ee\\\/kummut-maze-2x2\\\/#primaryimage\"},\"thumbnailUrl\":\"https:\\\/\\\/radis.ee\\\/wp-content\\\/uploads\\\/2020\\\/10\\\/RADIS_sideboard_MAZE_2X2_Light_Oak.jpg\",\"datePublished\":\"2022-01-03T16:36:04+00:00\",\"dateModified\":\"2024-01-30T21:01:42+00:00\",\"breadcrumb\":{\"@id\":\"https:\\\/\\\/radis.ee\\\/kummut-maze-2x2\\\/#breadcrumb\"},\"inLanguage\":\"fi\",\"potentialAction\":[{\"@type\":\"ReadAction\",\"target\":[\"https:\\\/\\\/radis.ee\\\/kummut-maze-2x2\\\/\"]}]},{\"@type\":\"ImageObject\",\"inLanguage\":\"fi\",\"@id\":\"https:\\\/\\\/radis.ee\\\/kummut-maze-2x2\\\/#primaryimage\",\"url\":\"https:\\\/\\\/radis.ee\\\/wp-content\\\/uploads\\\/2020\\\/10\\\/RADIS_sideboard_MAZE_2X2_Light_Oak.jpg\",\"contentUrl\":\"https:\\\/\\\/radis.ee\\\/wp-content\\\/uploads\\\/2020\\\/10\\\/RADIS_sideboard_MAZE_2X2_Light_Oak.jpg\",\"width\":1611,\"height\":1536,\"caption\":\"RADIS sideboard MAZE 2X2 LIGHT OAK\"},{\"@type\":\"BreadcrumbList\",\"@id\":\"https:\\\/\\\/radis.ee\\\/kummut-maze-2x2\\\/#breadcrumb\",\"itemListElement\":[{\"@type\":\"ListItem\",\"position\":1,\"name\":\"Home\",\"item\":\"https:\\\/\\\/radis.ee\\\/\"},{\"@type\":\"ListItem\",\"position\":2,\"name\":\"Tuotteet\",\"item\":\"https:\\\/\\\/radis.ee\\\/fi\\\/tuotteet\\\/\"},{\"@type\":\"ListItem\",\"position\":3,\"name\":\"Senkki MAZE 2&#215;2\"}]},{\"@type\":\"WebSite\",\"@id\":\"https:\\\/\\\/radis.ee\\\/#website\",\"url\":\"https:\\\/\\\/radis.ee\\\/\",\"name\":\"Radis\",\"description\":\"Nordic design furniture, environmentally friendly and sustainable.\",\"publisher\":{\"@id\":\"https:\\\/\\\/radis.ee\\\/#organization\"},\"potentialAction\":[{\"@type\":\"SearchAction\",\"target\":{\"@type\":\"EntryPoint\",\"urlTemplate\":\"https:\\\/\\\/radis.ee\\\/?s={search_term_string}\"},\"query-input\":{\"@type\":\"PropertyValueSpecification\",\"valueRequired\":true,\"valueName\":\"search_term_string\"}}],\"inLanguage\":\"fi\"},{\"@type\":\"Organization\",\"@id\":\"https:\\\/\\\/radis.ee\\\/#organization\",\"name\":\"Radis O\u00dc\",\"url\":\"https:\\\/\\\/radis.ee\\\/\",\"logo\":{\"@type\":\"ImageObject\",\"inLanguage\":\"fi\",\"@id\":\"https:\\\/\\\/radis.ee\\\/#\\\/schema\\\/logo\\\/image\\\/\",\"url\":\"https:\\\/\\\/radis.ee\\\/wp-content\\\/uploads\\\/2020\\\/10\\\/Radis-logo.png\",\"contentUrl\":\"https:\\\/\\\/radis.ee\\\/wp-content\\\/uploads\\\/2020\\\/10\\\/Radis-logo.png\",\"width\":300,\"height\":63,\"caption\":\"Radis O\u00dc\"},\"image\":{\"@id\":\"https:\\\/\\\/radis.ee\\\/#\\\/schema\\\/logo\\\/image\\\/\"},\"sameAs\":[\"https:\\\/\\\/www.facebook.com\\\/radisfurniture\\\/\"]}]}<\/script>\n<!-- \/ Yoast SEO plugin. -->","yoast_head_json":{"title":"Senkki MAZE 2x2 - Radis","robots":{"index":"index","follow":"follow","max-snippet":"max-snippet:-1","max-image-preview":"max-image-preview:large","max-video-preview":"max-video-preview:-1"},"canonical":"https:\/\/radis.ee\/kummut-maze-2x2\/","og_locale":"fi_FI","og_type":"article","og_title":"Senkki MAZE 2x2 - Radis","og_description":"MAZE senkki on eritt\u00e4in mukautuva apulainen miss\u00e4 tahansa olohuoneessa, studiossa, ty\u00f6tilassa tai lastenhuoneessa. Sen yksinkertainen muoto tekee siit\u00e4 ihanteellisen moneen paikkaan, ja se, ett\u00e4 voit valita eri kokoja s\u00e4ilytystarpeiden ja huoneen mittojen mukaan, tekee siit\u00e4 entist\u00e4 paremman. Pehme\u00e4sti sulkeutuvat saranat ja eritt\u00e4in kest\u00e4v\u00e4 koivuvaneri takaavat, ett\u00e4 MAZE ei leikkaa kulmia. Kun tuot sen kotiin, se...","og_url":"https:\/\/radis.ee\/kummut-maze-2x2\/","og_site_name":"Radis","article_publisher":"https:\/\/www.facebook.com\/radisfurniture\/","article_modified_time":"2024-01-30T21:01:42+00:00","og_image":[{"width":1611,"height":1536,"url":"https:\/\/radis.ee\/wp-content\/uploads\/2020\/10\/RADIS_sideboard_MAZE_2X2_Light_Oak.jpg","type":"image\/jpeg"}],"twitter_card":"summary_large_image","twitter_misc":{"Arvioitu lukuaika":"1 minuutti"},"schema":{"@context":"https:\/\/schema.org","@graph":[{"@type":"WebPage","@id":"https:\/\/radis.ee\/kummut-maze-2x2\/","url":"https:\/\/radis.ee\/kummut-maze-2x2\/","name":"Senkki MAZE 2x2 - Radis","isPartOf":{"@id":"https:\/\/radis.ee\/#website"},"primaryImageOfPage":{"@id":"https:\/\/radis.ee\/kummut-maze-2x2\/#primaryimage"},"image":{"@id":"https:\/\/radis.ee\/kummut-maze-2x2\/#primaryimage"},"thumbnailUrl":"https:\/\/radis.ee\/wp-content\/uploads\/2020\/10\/RADIS_sideboard_MAZE_2X2_Light_Oak.jpg","datePublished":"2022-01-03T16:36:04+00:00","dateModified":"2024-01-30T21:01:42+00:00","breadcrumb":{"@id":"https:\/\/radis.ee\/kummut-maze-2x2\/#breadcrumb"},"inLanguage":"fi","potentialAction":[{"@type":"ReadAction","target":["https:\/\/radis.ee\/kummut-maze-2x2\/"]}]},{"@type":"ImageObject","inLanguage":"fi","@id":"https:\/\/radis.ee\/kummut-maze-2x2\/#primaryimage","url":"https:\/\/radis.ee\/wp-content\/uploads\/2020\/10\/RADIS_sideboard_MAZE_2X2_Light_Oak.jpg","contentUrl":"https:\/\/radis.ee\/wp-content\/uploads\/2020\/10\/RADIS_sideboard_MAZE_2X2_Light_Oak.jpg","width":1611,"height":1536,"caption":"RADIS sideboard MAZE 2X2 LIGHT OAK"},{"@type":"BreadcrumbList","@id":"https:\/\/radis.ee\/kummut-maze-2x2\/#breadcrumb","itemListElement":[{"@type":"ListItem","position":1,"name":"Home","item":"https:\/\/radis.ee\/"},{"@type":"ListItem","position":2,"name":"Tuotteet","item":"https:\/\/radis.ee\/fi\/tuotteet\/"},{"@type":"ListItem","position":3,"name":"Senkki MAZE 2&#215;2"}]},{"@type":"WebSite","@id":"https:\/\/radis.ee\/#website","url":"https:\/\/radis.ee\/","name":"Radis","description":"Nordic design furniture, environmentally friendly and sustainable.","publisher":{"@id":"https:\/\/radis.ee\/#organization"},"potentialAction":[{"@type":"SearchAction","target":{"@type":"EntryPoint","urlTemplate":"https:\/\/radis.ee\/?s={search_term_string}"},"query-input":{"@type":"PropertyValueSpecification","valueRequired":true,"valueName":"search_term_string"}}],"inLanguage":"fi"},{"@type":"Organization","@id":"https:\/\/radis.ee\/#organization","name":"Radis O\u00dc","url":"https:\/\/radis.ee\/","logo":{"@type":"ImageObject","inLanguage":"fi","@id":"https:\/\/radis.ee\/#\/schema\/logo\/image\/","url":"https:\/\/radis.ee\/wp-content\/uploads\/2020\/10\/Radis-logo.png","contentUrl":"https:\/\/radis.ee\/wp-content\/uploads\/2020\/10\/Radis-logo.png","width":300,"height":63,"caption":"Radis O\u00dc"},"image":{"@id":"https:\/\/radis.ee\/#\/schema\/logo\/image\/"},"sameAs":["https:\/\/www.facebook.com\/radisfurniture\/"]}]}},"_links":{"self":[{"href":"https:\/\/radis.ee\/fi\/wp-json\/wp\/v2\/product\/13110","targetHints":{"allow":["GET"]}}],"collection":[{"href":"https:\/\/radis.ee\/fi\/wp-json\/wp\/v2\/product"}],"about":[{"href":"https:\/\/radis.ee\/fi\/wp-json\/wp\/v2\/types\/product"}],"replies":[{"embeddable":true,"href":"https:\/\/radis.ee\/fi\/wp-json\/wp\/v2\/comments?post=13110"}],"wp:featuredmedia":[{"embeddable":true,"href":"https:\/\/radis.ee\/fi\/wp-json\/wp\/v2\/media\/13381"}],"wp:attachment":[{"href":"https:\/\/radis.ee\/fi\/wp-json\/wp\/v2\/media?parent=13110"}],"wp:term":[{"taxonomy":"product_brand","embeddable":true,"href":"https:\/\/radis.ee\/fi\/wp-json\/wp\/v2\/product_brand?post=13110"},{"taxonomy":"product_cat","embeddable":true,"href":"https:\/\/radis.ee\/fi\/wp-json\/wp\/v2\/product_cat?post=13110"},{"taxonomy":"product_tag","embeddable":true,"href":"https:\/\/radis.ee\/fi\/wp-json\/wp\/v2\/product_tag?post=13110"}],"curies":[{"name":"wp","href":"https:\/\/api.w.org\/{rel}","templated":true}]}}