{"id":13424,"date":"2022-10-06T19:22:44","date_gmt":"2022-10-06T16:22:44","guid":{"rendered":"https:\/\/radis.ee\/?post_type=product&#038;p=13424"},"modified":"2025-11-21T00:25:02","modified_gmt":"2025-11-20T22:25:02","slug":"pyorea-ruokapoyta-man","status":"publish","type":"product","link":"https:\/\/radis.ee\/fi\/pyorea-ruokapoyta-man\/","title":{"rendered":"Py\u00f6re\u00e4 ruokap\u00f6yt\u00e4 MAN"},"content":{"rendered":"<p>Py\u00f6re\u00e4 ruokap\u00f6yt\u00e4 MAN on valmis maailmaa mullistaviin illalliskeskusteluun, gourmet-ruokaan ja my\u00f6s iloisiin sunnuntai-aterioihin perheesi kanssa. T\u00e4m\u00e4 p\u00f6yt\u00e4 on valmistettu korkealaatuisesta vanerista ja p\u00e4\u00e4llystetty korkeapaineisella silkkimattalaminaatilla (HPL) tai tammiviilulla, joka antaa l\u00e4mp\u00f6\u00e4 ja kest\u00e4vyytt\u00e4.<\/p>\n<p>Py\u00f6re\u00e4ss\u00e4 MAN-ruokap\u00f6yd\u00e4ss\u00e4 on mustat kartiomaiset metallijalat tai kapeat koivupuusta valmistetut jalat, jotka ovat joko mustat tai vaalean tammen v\u00e4riset makusi mukaan.<\/p>\n<p>Tyylik\u00e4s pinta n\u00e4ytt\u00e4\u00e4 arvokkaalta miss\u00e4 tahansa sisustuksessa. Py\u00f6re\u00e4 p\u00f6yt\u00e4 MAN on hyv\u00e4 lis\u00e4 olohuoneeseesi, mutta se voidaan yht\u00e4 helposti sovittaa toimistoymp\u00e4rist\u00f6\u00f6n. MAN-ruokap\u00f6yt\u00e4 tekee kodistasi uuden syd\u00e4men, jonka ymp\u00e4rille luot uusia muistoja rakkaiden kanssa vuosiksi eteenp\u00e4in.<\/p>\n","protected":false},"excerpt":{"rendered":"<p>Py\u00f6re\u00e4 ruokap\u00f6yt\u00e4 MAN on valmis maailmaa mullistaviin illalliskeskusteluun, gourmet-ruokaan ja my\u00f6s iloisiin sunnuntai-aterioihin perheesi kanssa. T\u00e4m\u00e4 p\u00f6yt\u00e4 on valmistettu korkealaatuisesta vanerista ja p\u00e4\u00e4llystetty korkeapaineisella silkkimattalaminaatilla (HPL) tai tammiviilulla, joka antaa l\u00e4mp\u00f6\u00e4 ja kest\u00e4vyytt\u00e4. Py\u00f6re\u00e4ss\u00e4 MAN-ruokap\u00f6yd\u00e4ss\u00e4 on mustat kartiomaiset metallijalat tai kapeat koivupuusta valmistetut jalat, jotka ovat joko mustat tai vaalean tammen v\u00e4riset makusi mukaan. Tyylik\u00e4s&#8230;<\/p>\n","protected":false},"featured_media":30587,"comment_status":"open","ping_status":"closed","template":"","meta":{"_acf_changed":false},"product_brand":[],"product_cat":[111],"product_tag":[],"class_list":{"0":"post-13424","1":"product","2":"type-product","3":"status-publish","4":"has-post-thumbnail","6":"product_cat-lauad","8":"first","9":"instock","10":"taxable","11":"shipping-taxable","12":"purchasable","13":"product-type-variable","14":"has-default-attributes"},"acf":[],"yoast_head":"<!-- This site is optimized with the Yoast SEO plugin v27.4 - https:\/\/yoast.com\/product\/yoast-seo-wordpress\/ -->\n<title>Py\u00f6re\u00e4 ruokap\u00f6yt\u00e4 MAN - Radis<\/title>\n<meta name=\"robots\" content=\"index, follow, max-snippet:-1, max-image-preview:large, max-video-preview:-1\" \/>\n<link rel=\"canonical\" href=\"https:\/\/radis.ee\/fi\/pyorea-ruokapoyta-man\/\" \/>\n<meta property=\"og:locale\" content=\"fi_FI\" \/>\n<meta property=\"og:type\" content=\"article\" \/>\n<meta property=\"og:title\" content=\"Py\u00f6re\u00e4 ruokap\u00f6yt\u00e4 MAN - Radis\" \/>\n<meta property=\"og:description\" content=\"Py\u00f6re\u00e4 ruokap\u00f6yt\u00e4 MAN on valmis maailmaa mullistaviin illalliskeskusteluun, gourmet-ruokaan ja my\u00f6s iloisiin sunnuntai-aterioihin perheesi kanssa. T\u00e4m\u00e4 p\u00f6yt\u00e4 on valmistettu korkealaatuisesta vanerista ja p\u00e4\u00e4llystetty korkeapaineisella silkkimattalaminaatilla (HPL) tai tammiviilulla, joka antaa l\u00e4mp\u00f6\u00e4 ja kest\u00e4vyytt\u00e4. Py\u00f6re\u00e4ss\u00e4 MAN-ruokap\u00f6yd\u00e4ss\u00e4 on mustat kartiomaiset metallijalat tai kapeat koivupuusta valmistetut jalat, jotka ovat joko mustat tai vaalean tammen v\u00e4riset makusi mukaan. Tyylik\u00e4s...\" \/>\n<meta property=\"og:url\" content=\"https:\/\/radis.ee\/fi\/pyorea-ruokapoyta-man\/\" \/>\n<meta property=\"og:site_name\" content=\"Radis\" \/>\n<meta property=\"article:publisher\" content=\"https:\/\/www.facebook.com\/radisfurniture\/\" \/>\n<meta property=\"article:modified_time\" content=\"2025-11-20T22:25:02+00:00\" \/>\n<meta property=\"og:image\" content=\"https:\/\/radis.ee\/wp-content\/uploads\/2022\/10\/Radis_Furniture_round_dining_table_MAN_Oak_veneered_plywood_conical-metal-legs_white_background.webp\" \/>\n\t<meta property=\"og:image:width\" content=\"682\" \/>\n\t<meta property=\"og:image:height\" content=\"736\" \/>\n\t<meta property=\"og:image:type\" content=\"image\/webp\" \/>\n<meta name=\"twitter:card\" content=\"summary_large_image\" \/>\n<meta name=\"twitter:label1\" content=\"Arvioitu lukuaika\" \/>\n\t<meta name=\"twitter:data1\" content=\"1 minuutti\" \/>\n<script type=\"application\/ld+json\" class=\"yoast-schema-graph\">{\"@context\":\"https:\\\/\\\/schema.org\",\"@graph\":[{\"@type\":\"WebPage\",\"@id\":\"https:\\\/\\\/radis.ee\\\/fi\\\/pyorea-ruokapoyta-man\\\/\",\"url\":\"https:\\\/\\\/radis.ee\\\/fi\\\/pyorea-ruokapoyta-man\\\/\",\"name\":\"Py\u00f6re\u00e4 ruokap\u00f6yt\u00e4 MAN - Radis\",\"isPartOf\":{\"@id\":\"https:\\\/\\\/radis.ee\\\/#website\"},\"primaryImageOfPage\":{\"@id\":\"https:\\\/\\\/radis.ee\\\/fi\\\/pyorea-ruokapoyta-man\\\/#primaryimage\"},\"image\":{\"@id\":\"https:\\\/\\\/radis.ee\\\/fi\\\/pyorea-ruokapoyta-man\\\/#primaryimage\"},\"thumbnailUrl\":\"https:\\\/\\\/radis.ee\\\/wp-content\\\/uploads\\\/2022\\\/10\\\/Radis_Furniture_round_dining_table_MAN_Oak_veneered_plywood_conical-metal-legs_white_background.webp\",\"datePublished\":\"2022-10-06T16:22:44+00:00\",\"dateModified\":\"2025-11-20T22:25:02+00:00\",\"breadcrumb\":{\"@id\":\"https:\\\/\\\/radis.ee\\\/fi\\\/pyorea-ruokapoyta-man\\\/#breadcrumb\"},\"inLanguage\":\"fi\",\"potentialAction\":[{\"@type\":\"ReadAction\",\"target\":[\"https:\\\/\\\/radis.ee\\\/fi\\\/pyorea-ruokapoyta-man\\\/\"]}]},{\"@type\":\"ImageObject\",\"inLanguage\":\"fi\",\"@id\":\"https:\\\/\\\/radis.ee\\\/fi\\\/pyorea-ruokapoyta-man\\\/#primaryimage\",\"url\":\"https:\\\/\\\/radis.ee\\\/wp-content\\\/uploads\\\/2022\\\/10\\\/Radis_Furniture_round_dining_table_MAN_Oak_veneered_plywood_conical-metal-legs_white_background.webp\",\"contentUrl\":\"https:\\\/\\\/radis.ee\\\/wp-content\\\/uploads\\\/2022\\\/10\\\/Radis_Furniture_round_dining_table_MAN_Oak_veneered_plywood_conical-metal-legs_white_background.webp\",\"width\":682,\"height\":736,\"caption\":\"adis Furniture round dining table MAN Oak veneered plywood conical metal legs\"},{\"@type\":\"BreadcrumbList\",\"@id\":\"https:\\\/\\\/radis.ee\\\/fi\\\/pyorea-ruokapoyta-man\\\/#breadcrumb\",\"itemListElement\":[{\"@type\":\"ListItem\",\"position\":1,\"name\":\"Home\",\"item\":\"https:\\\/\\\/radis.ee\\\/\"},{\"@type\":\"ListItem\",\"position\":2,\"name\":\"Tuotteet\",\"item\":\"https:\\\/\\\/radis.ee\\\/fi\\\/tuotteet\\\/\"},{\"@type\":\"ListItem\",\"position\":3,\"name\":\"Py\u00f6re\u00e4 ruokap\u00f6yt\u00e4 MAN\"}]},{\"@type\":\"WebSite\",\"@id\":\"https:\\\/\\\/radis.ee\\\/#website\",\"url\":\"https:\\\/\\\/radis.ee\\\/\",\"name\":\"Radis\",\"description\":\"Nordic design furniture, environmentally friendly and sustainable.\",\"publisher\":{\"@id\":\"https:\\\/\\\/radis.ee\\\/#organization\"},\"potentialAction\":[{\"@type\":\"SearchAction\",\"target\":{\"@type\":\"EntryPoint\",\"urlTemplate\":\"https:\\\/\\\/radis.ee\\\/?s={search_term_string}\"},\"query-input\":{\"@type\":\"PropertyValueSpecification\",\"valueRequired\":true,\"valueName\":\"search_term_string\"}}],\"inLanguage\":\"fi\"},{\"@type\":\"Organization\",\"@id\":\"https:\\\/\\\/radis.ee\\\/#organization\",\"name\":\"Radis O\u00dc\",\"url\":\"https:\\\/\\\/radis.ee\\\/\",\"logo\":{\"@type\":\"ImageObject\",\"inLanguage\":\"fi\",\"@id\":\"https:\\\/\\\/radis.ee\\\/#\\\/schema\\\/logo\\\/image\\\/\",\"url\":\"https:\\\/\\\/radis.ee\\\/wp-content\\\/uploads\\\/2020\\\/10\\\/Radis-logo.png\",\"contentUrl\":\"https:\\\/\\\/radis.ee\\\/wp-content\\\/uploads\\\/2020\\\/10\\\/Radis-logo.png\",\"width\":300,\"height\":63,\"caption\":\"Radis O\u00dc\"},\"image\":{\"@id\":\"https:\\\/\\\/radis.ee\\\/#\\\/schema\\\/logo\\\/image\\\/\"},\"sameAs\":[\"https:\\\/\\\/www.facebook.com\\\/radisfurniture\\\/\"]}]}<\/script>\n<!-- \/ Yoast SEO plugin. -->","yoast_head_json":{"title":"Py\u00f6re\u00e4 ruokap\u00f6yt\u00e4 MAN - Radis","robots":{"index":"index","follow":"follow","max-snippet":"max-snippet:-1","max-image-preview":"max-image-preview:large","max-video-preview":"max-video-preview:-1"},"canonical":"https:\/\/radis.ee\/fi\/pyorea-ruokapoyta-man\/","og_locale":"fi_FI","og_type":"article","og_title":"Py\u00f6re\u00e4 ruokap\u00f6yt\u00e4 MAN - Radis","og_description":"Py\u00f6re\u00e4 ruokap\u00f6yt\u00e4 MAN on valmis maailmaa mullistaviin illalliskeskusteluun, gourmet-ruokaan ja my\u00f6s iloisiin sunnuntai-aterioihin perheesi kanssa. T\u00e4m\u00e4 p\u00f6yt\u00e4 on valmistettu korkealaatuisesta vanerista ja p\u00e4\u00e4llystetty korkeapaineisella silkkimattalaminaatilla (HPL) tai tammiviilulla, joka antaa l\u00e4mp\u00f6\u00e4 ja kest\u00e4vyytt\u00e4. Py\u00f6re\u00e4ss\u00e4 MAN-ruokap\u00f6yd\u00e4ss\u00e4 on mustat kartiomaiset metallijalat tai kapeat koivupuusta valmistetut jalat, jotka ovat joko mustat tai vaalean tammen v\u00e4riset makusi mukaan. Tyylik\u00e4s...","og_url":"https:\/\/radis.ee\/fi\/pyorea-ruokapoyta-man\/","og_site_name":"Radis","article_publisher":"https:\/\/www.facebook.com\/radisfurniture\/","article_modified_time":"2025-11-20T22:25:02+00:00","og_image":[{"width":682,"height":736,"url":"https:\/\/radis.ee\/wp-content\/uploads\/2022\/10\/Radis_Furniture_round_dining_table_MAN_Oak_veneered_plywood_conical-metal-legs_white_background.webp","type":"image\/webp"}],"twitter_card":"summary_large_image","twitter_misc":{"Arvioitu lukuaika":"1 minuutti"},"schema":{"@context":"https:\/\/schema.org","@graph":[{"@type":"WebPage","@id":"https:\/\/radis.ee\/fi\/pyorea-ruokapoyta-man\/","url":"https:\/\/radis.ee\/fi\/pyorea-ruokapoyta-man\/","name":"Py\u00f6re\u00e4 ruokap\u00f6yt\u00e4 MAN - Radis","isPartOf":{"@id":"https:\/\/radis.ee\/#website"},"primaryImageOfPage":{"@id":"https:\/\/radis.ee\/fi\/pyorea-ruokapoyta-man\/#primaryimage"},"image":{"@id":"https:\/\/radis.ee\/fi\/pyorea-ruokapoyta-man\/#primaryimage"},"thumbnailUrl":"https:\/\/radis.ee\/wp-content\/uploads\/2022\/10\/Radis_Furniture_round_dining_table_MAN_Oak_veneered_plywood_conical-metal-legs_white_background.webp","datePublished":"2022-10-06T16:22:44+00:00","dateModified":"2025-11-20T22:25:02+00:00","breadcrumb":{"@id":"https:\/\/radis.ee\/fi\/pyorea-ruokapoyta-man\/#breadcrumb"},"inLanguage":"fi","potentialAction":[{"@type":"ReadAction","target":["https:\/\/radis.ee\/fi\/pyorea-ruokapoyta-man\/"]}]},{"@type":"ImageObject","inLanguage":"fi","@id":"https:\/\/radis.ee\/fi\/pyorea-ruokapoyta-man\/#primaryimage","url":"https:\/\/radis.ee\/wp-content\/uploads\/2022\/10\/Radis_Furniture_round_dining_table_MAN_Oak_veneered_plywood_conical-metal-legs_white_background.webp","contentUrl":"https:\/\/radis.ee\/wp-content\/uploads\/2022\/10\/Radis_Furniture_round_dining_table_MAN_Oak_veneered_plywood_conical-metal-legs_white_background.webp","width":682,"height":736,"caption":"adis Furniture round dining table MAN Oak veneered plywood conical metal legs"},{"@type":"BreadcrumbList","@id":"https:\/\/radis.ee\/fi\/pyorea-ruokapoyta-man\/#breadcrumb","itemListElement":[{"@type":"ListItem","position":1,"name":"Home","item":"https:\/\/radis.ee\/"},{"@type":"ListItem","position":2,"name":"Tuotteet","item":"https:\/\/radis.ee\/fi\/tuotteet\/"},{"@type":"ListItem","position":3,"name":"Py\u00f6re\u00e4 ruokap\u00f6yt\u00e4 MAN"}]},{"@type":"WebSite","@id":"https:\/\/radis.ee\/#website","url":"https:\/\/radis.ee\/","name":"Radis","description":"Nordic design furniture, environmentally friendly and sustainable.","publisher":{"@id":"https:\/\/radis.ee\/#organization"},"potentialAction":[{"@type":"SearchAction","target":{"@type":"EntryPoint","urlTemplate":"https:\/\/radis.ee\/?s={search_term_string}"},"query-input":{"@type":"PropertyValueSpecification","valueRequired":true,"valueName":"search_term_string"}}],"inLanguage":"fi"},{"@type":"Organization","@id":"https:\/\/radis.ee\/#organization","name":"Radis O\u00dc","url":"https:\/\/radis.ee\/","logo":{"@type":"ImageObject","inLanguage":"fi","@id":"https:\/\/radis.ee\/#\/schema\/logo\/image\/","url":"https:\/\/radis.ee\/wp-content\/uploads\/2020\/10\/Radis-logo.png","contentUrl":"https:\/\/radis.ee\/wp-content\/uploads\/2020\/10\/Radis-logo.png","width":300,"height":63,"caption":"Radis O\u00dc"},"image":{"@id":"https:\/\/radis.ee\/#\/schema\/logo\/image\/"},"sameAs":["https:\/\/www.facebook.com\/radisfurniture\/"]}]}},"_links":{"self":[{"href":"https:\/\/radis.ee\/fi\/wp-json\/wp\/v2\/product\/13424","targetHints":{"allow":["GET"]}}],"collection":[{"href":"https:\/\/radis.ee\/fi\/wp-json\/wp\/v2\/product"}],"about":[{"href":"https:\/\/radis.ee\/fi\/wp-json\/wp\/v2\/types\/product"}],"replies":[{"embeddable":true,"href":"https:\/\/radis.ee\/fi\/wp-json\/wp\/v2\/comments?post=13424"}],"wp:featuredmedia":[{"embeddable":true,"href":"https:\/\/radis.ee\/fi\/wp-json\/wp\/v2\/media\/30587"}],"wp:attachment":[{"href":"https:\/\/radis.ee\/fi\/wp-json\/wp\/v2\/media?parent=13424"}],"wp:term":[{"taxonomy":"product_brand","embeddable":true,"href":"https:\/\/radis.ee\/fi\/wp-json\/wp\/v2\/product_brand?post=13424"},{"taxonomy":"product_cat","embeddable":true,"href":"https:\/\/radis.ee\/fi\/wp-json\/wp\/v2\/product_cat?post=13424"},{"taxonomy":"product_tag","embeddable":true,"href":"https:\/\/radis.ee\/fi\/wp-json\/wp\/v2\/product_tag?post=13424"}],"curies":[{"name":"wp","href":"https:\/\/api.w.org\/{rel}","templated":true}]}}