{"id":14451,"date":"2018-02-02T16:21:02","date_gmt":"2022-02-02T20:46:28","guid":{"rendered":"https:\/\/radis.ee\/?post_type=product&#038;p=14451"},"modified":"2022-02-02T22:46:28","modified_gmt":"2022-02-02T20:46:28","slug":"materiaalinaytteet","status":"publish","type":"product","link":"https:\/\/radis.ee\/fi\/materiaalinaytteet\/","title":{"rendered":"Materiaalin\u00e4ytteet"},"content":{"rendered":"<p>Toivomme jokaisen Radis-tuotteen tuovan iloa kotiisi ja istuvan moitteettomasti sisustukseen. Tied\u00e4mme, ett\u00e4 joskus voi olla vaikeaa p\u00e4\u00e4tt\u00e4\u00e4 oikeasta viimeistelyst\u00e4. Valinnan yksinkertaistamiseksi voit nyt tilata sarjan tuoten\u00e4ytteit\u00e4. T\u00e4\u00e4lt\u00e4 l\u00f6yd\u00e4t seitsem\u00e4n erilaista viimeistely\u00e4, joista valita. N\u00e4ytteet antavat my\u00f6s mahdollisuuden tutustua materiaaleihin.<\/p>\n<p>Toivomme, ett\u00e4 t\u00e4m\u00e4 tuoten\u00e4ytesarja auttaa sinua ottamaan askeleen l\u00e4hemm\u00e4ksi ihanteellisen kotisi luomista.<\/p>\n","protected":false},"excerpt":{"rendered":"<p>Toivomme jokaisen Radis-tuotteen tuovan iloa kotiisi ja istuvan moitteettomasti sisustukseen. Tied\u00e4mme, ett\u00e4 joskus voi olla vaikeaa p\u00e4\u00e4tt\u00e4\u00e4 oikeasta viimeistelyst\u00e4. Valinnan yksinkertaistamiseksi voit nyt tilata sarjan tuoten\u00e4ytteit\u00e4. T\u00e4\u00e4lt\u00e4 l\u00f6yd\u00e4t seitsem\u00e4n erilaista viimeistely\u00e4, joista valita. N\u00e4ytteet antavat my\u00f6s mahdollisuuden tutustua materiaaleihin. Toivomme, ett\u00e4 t\u00e4m\u00e4 tuoten\u00e4ytesarja auttaa sinua ottamaan askeleen l\u00e4hemm\u00e4ksi ihanteellisen kotisi luomista.<\/p>\n","protected":false},"featured_media":4975,"comment_status":"open","ping_status":"closed","template":"","meta":{"_acf_changed":false},"product_brand":[],"product_cat":[34],"product_tag":[],"class_list":{"0":"post-14451","1":"product","2":"type-product","3":"status-publish","4":"has-post-thumbnail","6":"product_cat-aksessuaarid","8":"first","9":"instock","10":"taxable","11":"shipping-taxable","12":"purchasable","13":"product-type-simple"},"acf":[],"yoast_head":"<!-- This site is optimized with the Yoast SEO plugin v27.3 - https:\/\/yoast.com\/product\/yoast-seo-wordpress\/ -->\n<title>Materiaalin\u00e4ytteet - Radis<\/title>\n<meta name=\"robots\" content=\"index, follow, max-snippet:-1, max-image-preview:large, max-video-preview:-1\" \/>\n<link rel=\"canonical\" href=\"https:\/\/radis.ee\/tooninaidised\/\" \/>\n<meta property=\"og:locale\" content=\"fi_FI\" \/>\n<meta property=\"og:type\" content=\"article\" \/>\n<meta property=\"og:title\" content=\"Materiaalin\u00e4ytteet - Radis\" \/>\n<meta property=\"og:description\" content=\"Toivomme jokaisen Radis-tuotteen tuovan iloa kotiisi ja istuvan moitteettomasti sisustukseen. Tied\u00e4mme, ett\u00e4 joskus voi olla vaikeaa p\u00e4\u00e4tt\u00e4\u00e4 oikeasta viimeistelyst\u00e4. Valinnan yksinkertaistamiseksi voit nyt tilata sarjan tuoten\u00e4ytteit\u00e4. T\u00e4\u00e4lt\u00e4 l\u00f6yd\u00e4t seitsem\u00e4n erilaista viimeistely\u00e4, joista valita. N\u00e4ytteet antavat my\u00f6s mahdollisuuden tutustua materiaaleihin. Toivomme, ett\u00e4 t\u00e4m\u00e4 tuoten\u00e4ytesarja auttaa sinua ottamaan askeleen l\u00e4hemm\u00e4ksi ihanteellisen kotisi luomista.\" \/>\n<meta property=\"og:url\" content=\"https:\/\/radis.ee\/tooninaidised\/\" \/>\n<meta property=\"og:site_name\" content=\"Radis\" \/>\n<meta property=\"article:publisher\" content=\"https:\/\/www.facebook.com\/radisfurniture\/\" \/>\n<meta property=\"og:image\" content=\"https:\/\/radis.ee\/wp-content\/uploads\/2020\/10\/RADIS_PLYWOOD_OILWAX_OPTIONS_3_sr.jpg\" \/>\n\t<meta property=\"og:image:width\" content=\"1091\" \/>\n\t<meta property=\"og:image:height\" content=\"950\" \/>\n\t<meta property=\"og:image:type\" content=\"image\/jpeg\" \/>\n<meta name=\"twitter:card\" content=\"summary_large_image\" \/>\n<script type=\"application\/ld+json\" class=\"yoast-schema-graph\">{\"@context\":\"https:\\\/\\\/schema.org\",\"@graph\":[{\"@type\":\"WebPage\",\"@id\":\"https:\\\/\\\/radis.ee\\\/tooninaidised\\\/\",\"url\":\"https:\\\/\\\/radis.ee\\\/tooninaidised\\\/\",\"name\":\"Materiaalin\u00e4ytteet - Radis\",\"isPartOf\":{\"@id\":\"https:\\\/\\\/radis.ee\\\/#website\"},\"primaryImageOfPage\":{\"@id\":\"https:\\\/\\\/radis.ee\\\/tooninaidised\\\/#primaryimage\"},\"image\":{\"@id\":\"https:\\\/\\\/radis.ee\\\/tooninaidised\\\/#primaryimage\"},\"thumbnailUrl\":\"https:\\\/\\\/radis.ee\\\/wp-content\\\/uploads\\\/2020\\\/10\\\/RADIS_PLYWOOD_OILWAX_OPTIONS_3_sr.jpg\",\"datePublished\":\"2022-02-02T20:46:28+00:00\",\"breadcrumb\":{\"@id\":\"https:\\\/\\\/radis.ee\\\/tooninaidised\\\/#breadcrumb\"},\"inLanguage\":\"fi\",\"potentialAction\":[{\"@type\":\"ReadAction\",\"target\":[\"https:\\\/\\\/radis.ee\\\/tooninaidised\\\/\"]}]},{\"@type\":\"ImageObject\",\"inLanguage\":\"fi\",\"@id\":\"https:\\\/\\\/radis.ee\\\/tooninaidised\\\/#primaryimage\",\"url\":\"https:\\\/\\\/radis.ee\\\/wp-content\\\/uploads\\\/2020\\\/10\\\/RADIS_PLYWOOD_OILWAX_OPTIONS_3_sr.jpg\",\"contentUrl\":\"https:\\\/\\\/radis.ee\\\/wp-content\\\/uploads\\\/2020\\\/10\\\/RADIS_PLYWOOD_OILWAX_OPTIONS_3_sr.jpg\",\"width\":1091,\"height\":950,\"caption\":\"RADIS PLYWOOD OILWAX OPTIONS\"},{\"@type\":\"BreadcrumbList\",\"@id\":\"https:\\\/\\\/radis.ee\\\/tooninaidised\\\/#breadcrumb\",\"itemListElement\":[{\"@type\":\"ListItem\",\"position\":1,\"name\":\"Home\",\"item\":\"https:\\\/\\\/radis.ee\\\/\"},{\"@type\":\"ListItem\",\"position\":2,\"name\":\"Tuotteet\",\"item\":\"https:\\\/\\\/radis.ee\\\/fi\\\/tuotteet\\\/\"},{\"@type\":\"ListItem\",\"position\":3,\"name\":\"Materiaalin\u00e4ytteet\"}]},{\"@type\":\"WebSite\",\"@id\":\"https:\\\/\\\/radis.ee\\\/#website\",\"url\":\"https:\\\/\\\/radis.ee\\\/\",\"name\":\"Radis\",\"description\":\"Nordic design furniture, environmentally friendly and sustainable.\",\"publisher\":{\"@id\":\"https:\\\/\\\/radis.ee\\\/#organization\"},\"potentialAction\":[{\"@type\":\"SearchAction\",\"target\":{\"@type\":\"EntryPoint\",\"urlTemplate\":\"https:\\\/\\\/radis.ee\\\/?s={search_term_string}\"},\"query-input\":{\"@type\":\"PropertyValueSpecification\",\"valueRequired\":true,\"valueName\":\"search_term_string\"}}],\"inLanguage\":\"fi\"},{\"@type\":\"Organization\",\"@id\":\"https:\\\/\\\/radis.ee\\\/#organization\",\"name\":\"Radis O\u00dc\",\"url\":\"https:\\\/\\\/radis.ee\\\/\",\"logo\":{\"@type\":\"ImageObject\",\"inLanguage\":\"fi\",\"@id\":\"https:\\\/\\\/radis.ee\\\/#\\\/schema\\\/logo\\\/image\\\/\",\"url\":\"https:\\\/\\\/radis.ee\\\/wp-content\\\/uploads\\\/2020\\\/10\\\/Radis-logo.png\",\"contentUrl\":\"https:\\\/\\\/radis.ee\\\/wp-content\\\/uploads\\\/2020\\\/10\\\/Radis-logo.png\",\"width\":300,\"height\":63,\"caption\":\"Radis O\u00dc\"},\"image\":{\"@id\":\"https:\\\/\\\/radis.ee\\\/#\\\/schema\\\/logo\\\/image\\\/\"},\"sameAs\":[\"https:\\\/\\\/www.facebook.com\\\/radisfurniture\\\/\"]}]}<\/script>\n<!-- \/ Yoast SEO plugin. -->","yoast_head_json":{"title":"Materiaalin\u00e4ytteet - Radis","robots":{"index":"index","follow":"follow","max-snippet":"max-snippet:-1","max-image-preview":"max-image-preview:large","max-video-preview":"max-video-preview:-1"},"canonical":"https:\/\/radis.ee\/tooninaidised\/","og_locale":"fi_FI","og_type":"article","og_title":"Materiaalin\u00e4ytteet - Radis","og_description":"Toivomme jokaisen Radis-tuotteen tuovan iloa kotiisi ja istuvan moitteettomasti sisustukseen. Tied\u00e4mme, ett\u00e4 joskus voi olla vaikeaa p\u00e4\u00e4tt\u00e4\u00e4 oikeasta viimeistelyst\u00e4. Valinnan yksinkertaistamiseksi voit nyt tilata sarjan tuoten\u00e4ytteit\u00e4. T\u00e4\u00e4lt\u00e4 l\u00f6yd\u00e4t seitsem\u00e4n erilaista viimeistely\u00e4, joista valita. N\u00e4ytteet antavat my\u00f6s mahdollisuuden tutustua materiaaleihin. Toivomme, ett\u00e4 t\u00e4m\u00e4 tuoten\u00e4ytesarja auttaa sinua ottamaan askeleen l\u00e4hemm\u00e4ksi ihanteellisen kotisi luomista.","og_url":"https:\/\/radis.ee\/tooninaidised\/","og_site_name":"Radis","article_publisher":"https:\/\/www.facebook.com\/radisfurniture\/","og_image":[{"width":1091,"height":950,"url":"https:\/\/radis.ee\/wp-content\/uploads\/2020\/10\/RADIS_PLYWOOD_OILWAX_OPTIONS_3_sr.jpg","type":"image\/jpeg"}],"twitter_card":"summary_large_image","schema":{"@context":"https:\/\/schema.org","@graph":[{"@type":"WebPage","@id":"https:\/\/radis.ee\/tooninaidised\/","url":"https:\/\/radis.ee\/tooninaidised\/","name":"Materiaalin\u00e4ytteet - Radis","isPartOf":{"@id":"https:\/\/radis.ee\/#website"},"primaryImageOfPage":{"@id":"https:\/\/radis.ee\/tooninaidised\/#primaryimage"},"image":{"@id":"https:\/\/radis.ee\/tooninaidised\/#primaryimage"},"thumbnailUrl":"https:\/\/radis.ee\/wp-content\/uploads\/2020\/10\/RADIS_PLYWOOD_OILWAX_OPTIONS_3_sr.jpg","datePublished":"2022-02-02T20:46:28+00:00","breadcrumb":{"@id":"https:\/\/radis.ee\/tooninaidised\/#breadcrumb"},"inLanguage":"fi","potentialAction":[{"@type":"ReadAction","target":["https:\/\/radis.ee\/tooninaidised\/"]}]},{"@type":"ImageObject","inLanguage":"fi","@id":"https:\/\/radis.ee\/tooninaidised\/#primaryimage","url":"https:\/\/radis.ee\/wp-content\/uploads\/2020\/10\/RADIS_PLYWOOD_OILWAX_OPTIONS_3_sr.jpg","contentUrl":"https:\/\/radis.ee\/wp-content\/uploads\/2020\/10\/RADIS_PLYWOOD_OILWAX_OPTIONS_3_sr.jpg","width":1091,"height":950,"caption":"RADIS PLYWOOD OILWAX OPTIONS"},{"@type":"BreadcrumbList","@id":"https:\/\/radis.ee\/tooninaidised\/#breadcrumb","itemListElement":[{"@type":"ListItem","position":1,"name":"Home","item":"https:\/\/radis.ee\/"},{"@type":"ListItem","position":2,"name":"Tuotteet","item":"https:\/\/radis.ee\/fi\/tuotteet\/"},{"@type":"ListItem","position":3,"name":"Materiaalin\u00e4ytteet"}]},{"@type":"WebSite","@id":"https:\/\/radis.ee\/#website","url":"https:\/\/radis.ee\/","name":"Radis","description":"Nordic design furniture, environmentally friendly and sustainable.","publisher":{"@id":"https:\/\/radis.ee\/#organization"},"potentialAction":[{"@type":"SearchAction","target":{"@type":"EntryPoint","urlTemplate":"https:\/\/radis.ee\/?s={search_term_string}"},"query-input":{"@type":"PropertyValueSpecification","valueRequired":true,"valueName":"search_term_string"}}],"inLanguage":"fi"},{"@type":"Organization","@id":"https:\/\/radis.ee\/#organization","name":"Radis O\u00dc","url":"https:\/\/radis.ee\/","logo":{"@type":"ImageObject","inLanguage":"fi","@id":"https:\/\/radis.ee\/#\/schema\/logo\/image\/","url":"https:\/\/radis.ee\/wp-content\/uploads\/2020\/10\/Radis-logo.png","contentUrl":"https:\/\/radis.ee\/wp-content\/uploads\/2020\/10\/Radis-logo.png","width":300,"height":63,"caption":"Radis O\u00dc"},"image":{"@id":"https:\/\/radis.ee\/#\/schema\/logo\/image\/"},"sameAs":["https:\/\/www.facebook.com\/radisfurniture\/"]}]}},"_links":{"self":[{"href":"https:\/\/radis.ee\/fi\/wp-json\/wp\/v2\/product\/14451","targetHints":{"allow":["GET"]}}],"collection":[{"href":"https:\/\/radis.ee\/fi\/wp-json\/wp\/v2\/product"}],"about":[{"href":"https:\/\/radis.ee\/fi\/wp-json\/wp\/v2\/types\/product"}],"replies":[{"embeddable":true,"href":"https:\/\/radis.ee\/fi\/wp-json\/wp\/v2\/comments?post=14451"}],"wp:featuredmedia":[{"embeddable":true,"href":"https:\/\/radis.ee\/fi\/wp-json\/wp\/v2\/media\/4975"}],"wp:attachment":[{"href":"https:\/\/radis.ee\/fi\/wp-json\/wp\/v2\/media?parent=14451"}],"wp:term":[{"taxonomy":"product_brand","embeddable":true,"href":"https:\/\/radis.ee\/fi\/wp-json\/wp\/v2\/product_brand?post=14451"},{"taxonomy":"product_cat","embeddable":true,"href":"https:\/\/radis.ee\/fi\/wp-json\/wp\/v2\/product_cat?post=14451"},{"taxonomy":"product_tag","embeddable":true,"href":"https:\/\/radis.ee\/fi\/wp-json\/wp\/v2\/product_tag?post=14451"}],"curies":[{"name":"wp","href":"https:\/\/api.w.org\/{rel}","templated":true}]}}