{"id":14951,"date":"2020-10-09T00:41:05","date_gmt":"2020-10-08T21:41:05","guid":{"rendered":"https:\/\/radis.ee\/?post_type=product&#038;p=14951"},"modified":"2022-05-19T13:32:02","modified_gmt":"2022-05-19T10:32:02","slug":"senkki-romb-stacked","status":"publish","type":"product","link":"https:\/\/radis.ee\/fi\/senkki-romb-stacked\/","title":{"rendered":"Senkki ROMB Stacked"},"content":{"rendered":"<p>Monet eiv\u00e4t tied\u00e4 t\u00e4t\u00e4, mutta itse asiassa lipaston kauneudella on joitain rajoituksia. Esimerkiksi t\u00e4t\u00e4 lipastoa kauniimpi ei ole en\u00e4\u00e4 sallittua. Voit jopa n\u00e4hd\u00e4! Vain sin\u00e4 n\u00e4et salaper\u00e4isten ovikuvioiden taakse.<\/p>\n<p>Senkki on 4 pinottu kerrosta ja 8 ovea. Ovien takana sis\u00e4korkeus on 33 cm, leveys 67 cm, joten se sopii my\u00f6s toimistoon kansioiden s\u00e4ilytykseen. Valmistettu laadukkaasta koivuvanerista, \u00f6ljyvahatusta tai CPL-vanerista, push2open ovensaranat, jotka avautuvat ja sulkeutuvat paineella.<\/p>\n<p>Ovien kuvio on kaiverrettu. Sokkeli on 8 cm korkea, mik\u00e4 sopii erilaisiin jalkalistaan.<\/p>\n","protected":false},"excerpt":{"rendered":"<p>Monet eiv\u00e4t tied\u00e4 t\u00e4t\u00e4, mutta itse asiassa lipaston kauneudella on joitain rajoituksia. Esimerkiksi t\u00e4t\u00e4 lipastoa kauniimpi ei ole en\u00e4\u00e4 sallittua. Voit jopa n\u00e4hd\u00e4! Vain sin\u00e4 n\u00e4et salaper\u00e4isten ovikuvioiden taakse. Senkki on 4 pinottu kerrosta ja 8 ovea. Ovien takana sis\u00e4korkeus on 33 cm, leveys 67 cm, joten se sopii my\u00f6s toimistoon kansioiden s\u00e4ilytykseen. Valmistettu laadukkaasta&#8230;<\/p>\n","protected":false},"featured_media":16425,"comment_status":"open","ping_status":"closed","template":"","meta":{"_acf_changed":false},"product_brand":[],"product_cat":[17],"product_tag":[],"class_list":{"0":"post-14951","1":"product","2":"type-product","3":"status-publish","4":"has-post-thumbnail","6":"product_cat-kummutid","8":"first","9":"instock","10":"sale","11":"taxable","12":"shipping-taxable","13":"purchasable","14":"product-type-variable","15":"has-default-attributes"},"acf":[],"yoast_head":"<!-- This site is optimized with the Yoast SEO plugin v27.3 - https:\/\/yoast.com\/product\/yoast-seo-wordpress\/ -->\n<title>Senkki ROMB Stacked - Radis<\/title>\n<meta name=\"robots\" content=\"index, follow, max-snippet:-1, max-image-preview:large, max-video-preview:-1\" \/>\n<link rel=\"canonical\" href=\"https:\/\/radis.ee\/fi\/senkki-romb-stacked\/\" \/>\n<meta property=\"og:locale\" content=\"fi_FI\" \/>\n<meta property=\"og:type\" content=\"article\" \/>\n<meta property=\"og:title\" content=\"Senkki ROMB Stacked - Radis\" \/>\n<meta property=\"og:description\" content=\"Monet eiv\u00e4t tied\u00e4 t\u00e4t\u00e4, mutta itse asiassa lipaston kauneudella on joitain rajoituksia. Esimerkiksi t\u00e4t\u00e4 lipastoa kauniimpi ei ole en\u00e4\u00e4 sallittua. Voit jopa n\u00e4hd\u00e4! Vain sin\u00e4 n\u00e4et salaper\u00e4isten ovikuvioiden taakse. Senkki on 4 pinottu kerrosta ja 8 ovea. Ovien takana sis\u00e4korkeus on 33 cm, leveys 67 cm, joten se sopii my\u00f6s toimistoon kansioiden s\u00e4ilytykseen. Valmistettu laadukkaasta...\" \/>\n<meta property=\"og:url\" content=\"https:\/\/radis.ee\/fi\/senkki-romb-stacked\/\" \/>\n<meta property=\"og:site_name\" content=\"Radis\" \/>\n<meta property=\"article:publisher\" content=\"https:\/\/www.facebook.com\/radisfurniture\/\" \/>\n<meta property=\"article:modified_time\" content=\"2022-05-19T10:32:02+00:00\" \/>\n<meta property=\"og:image\" content=\"https:\/\/radis.ee\/wp-content\/uploads\/2020\/10\/RADIS_sideboard_ROMB_Stacked_Light_Oak_doors_White_CPL_plywood_white_background-scaled.jpg\" \/>\n\t<meta property=\"og:image:width\" content=\"2560\" \/>\n\t<meta property=\"og:image:height\" content=\"2150\" \/>\n\t<meta property=\"og:image:type\" content=\"image\/jpeg\" \/>\n<meta name=\"twitter:card\" content=\"summary_large_image\" \/>\n<script type=\"application\/ld+json\" class=\"yoast-schema-graph\">{\"@context\":\"https:\\\/\\\/schema.org\",\"@graph\":[{\"@type\":\"WebPage\",\"@id\":\"https:\\\/\\\/radis.ee\\\/fi\\\/senkki-romb-stacked\\\/\",\"url\":\"https:\\\/\\\/radis.ee\\\/fi\\\/senkki-romb-stacked\\\/\",\"name\":\"Senkki ROMB Stacked - Radis\",\"isPartOf\":{\"@id\":\"https:\\\/\\\/radis.ee\\\/#website\"},\"primaryImageOfPage\":{\"@id\":\"https:\\\/\\\/radis.ee\\\/fi\\\/senkki-romb-stacked\\\/#primaryimage\"},\"image\":{\"@id\":\"https:\\\/\\\/radis.ee\\\/fi\\\/senkki-romb-stacked\\\/#primaryimage\"},\"thumbnailUrl\":\"https:\\\/\\\/radis.ee\\\/wp-content\\\/uploads\\\/2020\\\/10\\\/RADIS_sideboard_ROMB_Stacked_Light_Oak_doors_White_CPL_plywood_white_background-scaled.jpg\",\"datePublished\":\"2020-10-08T21:41:05+00:00\",\"dateModified\":\"2022-05-19T10:32:02+00:00\",\"breadcrumb\":{\"@id\":\"https:\\\/\\\/radis.ee\\\/fi\\\/senkki-romb-stacked\\\/#breadcrumb\"},\"inLanguage\":\"fi\",\"potentialAction\":[{\"@type\":\"ReadAction\",\"target\":[\"https:\\\/\\\/radis.ee\\\/fi\\\/senkki-romb-stacked\\\/\"]}]},{\"@type\":\"ImageObject\",\"inLanguage\":\"fi\",\"@id\":\"https:\\\/\\\/radis.ee\\\/fi\\\/senkki-romb-stacked\\\/#primaryimage\",\"url\":\"https:\\\/\\\/radis.ee\\\/wp-content\\\/uploads\\\/2020\\\/10\\\/RADIS_sideboard_ROMB_Stacked_Light_Oak_doors_White_CPL_plywood_white_background-scaled.jpg\",\"contentUrl\":\"https:\\\/\\\/radis.ee\\\/wp-content\\\/uploads\\\/2020\\\/10\\\/RADIS_sideboard_ROMB_Stacked_Light_Oak_doors_White_CPL_plywood_white_background-scaled.jpg\",\"width\":2560,\"height\":2150,\"caption\":\"RADIS sideboard ROMB Stacked natural birch plywood doors white Koskisen CPL\"},{\"@type\":\"BreadcrumbList\",\"@id\":\"https:\\\/\\\/radis.ee\\\/fi\\\/senkki-romb-stacked\\\/#breadcrumb\",\"itemListElement\":[{\"@type\":\"ListItem\",\"position\":1,\"name\":\"Home\",\"item\":\"https:\\\/\\\/radis.ee\\\/\"},{\"@type\":\"ListItem\",\"position\":2,\"name\":\"Tuotteet\",\"item\":\"https:\\\/\\\/radis.ee\\\/fi\\\/tuotteet\\\/\"},{\"@type\":\"ListItem\",\"position\":3,\"name\":\"Senkki ROMB Stacked\"}]},{\"@type\":\"WebSite\",\"@id\":\"https:\\\/\\\/radis.ee\\\/#website\",\"url\":\"https:\\\/\\\/radis.ee\\\/\",\"name\":\"Radis\",\"description\":\"Nordic design furniture, environmentally friendly and sustainable.\",\"publisher\":{\"@id\":\"https:\\\/\\\/radis.ee\\\/#organization\"},\"potentialAction\":[{\"@type\":\"SearchAction\",\"target\":{\"@type\":\"EntryPoint\",\"urlTemplate\":\"https:\\\/\\\/radis.ee\\\/?s={search_term_string}\"},\"query-input\":{\"@type\":\"PropertyValueSpecification\",\"valueRequired\":true,\"valueName\":\"search_term_string\"}}],\"inLanguage\":\"fi\"},{\"@type\":\"Organization\",\"@id\":\"https:\\\/\\\/radis.ee\\\/#organization\",\"name\":\"Radis O\u00dc\",\"url\":\"https:\\\/\\\/radis.ee\\\/\",\"logo\":{\"@type\":\"ImageObject\",\"inLanguage\":\"fi\",\"@id\":\"https:\\\/\\\/radis.ee\\\/#\\\/schema\\\/logo\\\/image\\\/\",\"url\":\"https:\\\/\\\/radis.ee\\\/wp-content\\\/uploads\\\/2020\\\/10\\\/Radis-logo.png\",\"contentUrl\":\"https:\\\/\\\/radis.ee\\\/wp-content\\\/uploads\\\/2020\\\/10\\\/Radis-logo.png\",\"width\":300,\"height\":63,\"caption\":\"Radis O\u00dc\"},\"image\":{\"@id\":\"https:\\\/\\\/radis.ee\\\/#\\\/schema\\\/logo\\\/image\\\/\"},\"sameAs\":[\"https:\\\/\\\/www.facebook.com\\\/radisfurniture\\\/\"]}]}<\/script>\n<!-- \/ Yoast SEO plugin. -->","yoast_head_json":{"title":"Senkki ROMB Stacked - Radis","robots":{"index":"index","follow":"follow","max-snippet":"max-snippet:-1","max-image-preview":"max-image-preview:large","max-video-preview":"max-video-preview:-1"},"canonical":"https:\/\/radis.ee\/fi\/senkki-romb-stacked\/","og_locale":"fi_FI","og_type":"article","og_title":"Senkki ROMB Stacked - Radis","og_description":"Monet eiv\u00e4t tied\u00e4 t\u00e4t\u00e4, mutta itse asiassa lipaston kauneudella on joitain rajoituksia. Esimerkiksi t\u00e4t\u00e4 lipastoa kauniimpi ei ole en\u00e4\u00e4 sallittua. Voit jopa n\u00e4hd\u00e4! Vain sin\u00e4 n\u00e4et salaper\u00e4isten ovikuvioiden taakse. Senkki on 4 pinottu kerrosta ja 8 ovea. Ovien takana sis\u00e4korkeus on 33 cm, leveys 67 cm, joten se sopii my\u00f6s toimistoon kansioiden s\u00e4ilytykseen. Valmistettu laadukkaasta...","og_url":"https:\/\/radis.ee\/fi\/senkki-romb-stacked\/","og_site_name":"Radis","article_publisher":"https:\/\/www.facebook.com\/radisfurniture\/","article_modified_time":"2022-05-19T10:32:02+00:00","og_image":[{"width":2560,"height":2150,"url":"https:\/\/radis.ee\/wp-content\/uploads\/2020\/10\/RADIS_sideboard_ROMB_Stacked_Light_Oak_doors_White_CPL_plywood_white_background-scaled.jpg","type":"image\/jpeg"}],"twitter_card":"summary_large_image","schema":{"@context":"https:\/\/schema.org","@graph":[{"@type":"WebPage","@id":"https:\/\/radis.ee\/fi\/senkki-romb-stacked\/","url":"https:\/\/radis.ee\/fi\/senkki-romb-stacked\/","name":"Senkki ROMB Stacked - Radis","isPartOf":{"@id":"https:\/\/radis.ee\/#website"},"primaryImageOfPage":{"@id":"https:\/\/radis.ee\/fi\/senkki-romb-stacked\/#primaryimage"},"image":{"@id":"https:\/\/radis.ee\/fi\/senkki-romb-stacked\/#primaryimage"},"thumbnailUrl":"https:\/\/radis.ee\/wp-content\/uploads\/2020\/10\/RADIS_sideboard_ROMB_Stacked_Light_Oak_doors_White_CPL_plywood_white_background-scaled.jpg","datePublished":"2020-10-08T21:41:05+00:00","dateModified":"2022-05-19T10:32:02+00:00","breadcrumb":{"@id":"https:\/\/radis.ee\/fi\/senkki-romb-stacked\/#breadcrumb"},"inLanguage":"fi","potentialAction":[{"@type":"ReadAction","target":["https:\/\/radis.ee\/fi\/senkki-romb-stacked\/"]}]},{"@type":"ImageObject","inLanguage":"fi","@id":"https:\/\/radis.ee\/fi\/senkki-romb-stacked\/#primaryimage","url":"https:\/\/radis.ee\/wp-content\/uploads\/2020\/10\/RADIS_sideboard_ROMB_Stacked_Light_Oak_doors_White_CPL_plywood_white_background-scaled.jpg","contentUrl":"https:\/\/radis.ee\/wp-content\/uploads\/2020\/10\/RADIS_sideboard_ROMB_Stacked_Light_Oak_doors_White_CPL_plywood_white_background-scaled.jpg","width":2560,"height":2150,"caption":"RADIS sideboard ROMB Stacked natural birch plywood doors white Koskisen CPL"},{"@type":"BreadcrumbList","@id":"https:\/\/radis.ee\/fi\/senkki-romb-stacked\/#breadcrumb","itemListElement":[{"@type":"ListItem","position":1,"name":"Home","item":"https:\/\/radis.ee\/"},{"@type":"ListItem","position":2,"name":"Tuotteet","item":"https:\/\/radis.ee\/fi\/tuotteet\/"},{"@type":"ListItem","position":3,"name":"Senkki ROMB Stacked"}]},{"@type":"WebSite","@id":"https:\/\/radis.ee\/#website","url":"https:\/\/radis.ee\/","name":"Radis","description":"Nordic design furniture, environmentally friendly and sustainable.","publisher":{"@id":"https:\/\/radis.ee\/#organization"},"potentialAction":[{"@type":"SearchAction","target":{"@type":"EntryPoint","urlTemplate":"https:\/\/radis.ee\/?s={search_term_string}"},"query-input":{"@type":"PropertyValueSpecification","valueRequired":true,"valueName":"search_term_string"}}],"inLanguage":"fi"},{"@type":"Organization","@id":"https:\/\/radis.ee\/#organization","name":"Radis O\u00dc","url":"https:\/\/radis.ee\/","logo":{"@type":"ImageObject","inLanguage":"fi","@id":"https:\/\/radis.ee\/#\/schema\/logo\/image\/","url":"https:\/\/radis.ee\/wp-content\/uploads\/2020\/10\/Radis-logo.png","contentUrl":"https:\/\/radis.ee\/wp-content\/uploads\/2020\/10\/Radis-logo.png","width":300,"height":63,"caption":"Radis O\u00dc"},"image":{"@id":"https:\/\/radis.ee\/#\/schema\/logo\/image\/"},"sameAs":["https:\/\/www.facebook.com\/radisfurniture\/"]}]}},"_links":{"self":[{"href":"https:\/\/radis.ee\/fi\/wp-json\/wp\/v2\/product\/14951","targetHints":{"allow":["GET"]}}],"collection":[{"href":"https:\/\/radis.ee\/fi\/wp-json\/wp\/v2\/product"}],"about":[{"href":"https:\/\/radis.ee\/fi\/wp-json\/wp\/v2\/types\/product"}],"replies":[{"embeddable":true,"href":"https:\/\/radis.ee\/fi\/wp-json\/wp\/v2\/comments?post=14951"}],"wp:featuredmedia":[{"embeddable":true,"href":"https:\/\/radis.ee\/fi\/wp-json\/wp\/v2\/media\/16425"}],"wp:attachment":[{"href":"https:\/\/radis.ee\/fi\/wp-json\/wp\/v2\/media?parent=14951"}],"wp:term":[{"taxonomy":"product_brand","embeddable":true,"href":"https:\/\/radis.ee\/fi\/wp-json\/wp\/v2\/product_brand?post=14951"},{"taxonomy":"product_cat","embeddable":true,"href":"https:\/\/radis.ee\/fi\/wp-json\/wp\/v2\/product_cat?post=14951"},{"taxonomy":"product_tag","embeddable":true,"href":"https:\/\/radis.ee\/fi\/wp-json\/wp\/v2\/product_tag?post=14951"}],"curies":[{"name":"wp","href":"https:\/\/api.w.org\/{rel}","templated":true}]}}