{"id":15066,"date":"2020-07-12T09:01:08","date_gmt":"2022-02-23T08:01:10","guid":{"rendered":"https:\/\/radis.ee\/?post_type=product&#038;p=15066"},"modified":"2024-03-05T20:46:25","modified_gmt":"2024-03-05T18:46:25","slug":"hyllysto-romb-l","status":"publish","type":"product","link":"https:\/\/radis.ee\/fi\/hyllysto-romb-l\/","title":{"rendered":"Hyllyst\u00f6 ROMB L"},"content":{"rendered":"<p>Monet eiv\u00e4t tied\u00e4 t\u00e4t\u00e4, mutta itse asiassa hyllyjen kauneudella on joitain rajoituksia. Esimerkiksi t\u00e4t\u00e4 hylly\u00e4 kauniimpi ei ole en\u00e4\u00e4 sallittu. Voit jopa n\u00e4hd\u00e4! Vain sin\u00e4 n\u00e4et salaper\u00e4isten ovikuvioiden taakse.<\/p>\n<p>Hyllyn sis\u00e4korkeus on 33 cm mahdollistaen helpon isojen kirjojen ja kansioiden sijoittamisen. Kaappien sis\u00e4leveys on 33 cm.<\/p>\n<p>Valmistettu koivuvanerista, \u00f6ljyvahattu, my\u00f6s valkoinen HPL, pehme\u00e4sti sulkeutuvat oven saranat. Ty\u00f6nt\u00f6oven saranat, jotka avautuvat ja sulkeutuvat paineella. Senkin alla 8 cm korkea sokkeli, joka sopii erilaisten lattias\u00e4leiden kanssa.<\/p>\n","protected":false},"excerpt":{"rendered":"<p>Monet eiv\u00e4t tied\u00e4 t\u00e4t\u00e4, mutta itse asiassa hyllyjen kauneudella on joitain rajoituksia. Esimerkiksi t\u00e4t\u00e4 hylly\u00e4 kauniimpi ei ole en\u00e4\u00e4 sallittu. Voit jopa n\u00e4hd\u00e4! Vain sin\u00e4 n\u00e4et salaper\u00e4isten ovikuvioiden taakse. Hyllyn sis\u00e4korkeus on 33 cm mahdollistaen helpon isojen kirjojen ja kansioiden sijoittamisen. Kaappien sis\u00e4leveys on 33 cm. Valmistettu koivuvanerista, \u00f6ljyvahattu, my\u00f6s valkoinen HPL, pehme\u00e4sti sulkeutuvat oven&#8230;<\/p>\n","protected":false},"featured_media":16979,"comment_status":"open","ping_status":"closed","template":"","meta":{"_acf_changed":false},"product_brand":[],"product_cat":[109],"product_tag":[],"class_list":{"0":"post-15066","1":"product","2":"type-product","3":"status-publish","4":"has-post-thumbnail","6":"product_cat-riiulid","8":"first","9":"instock","10":"taxable","11":"shipping-taxable","12":"purchasable","13":"product-type-variable","14":"has-default-attributes"},"acf":[],"yoast_head":"<!-- This site is optimized with the Yoast SEO plugin v27.4 - https:\/\/yoast.com\/product\/yoast-seo-wordpress\/ -->\n<title>Hyllyst\u00f6 ROMB L - Radis<\/title>\n<meta name=\"robots\" content=\"index, follow, max-snippet:-1, max-image-preview:large, max-video-preview:-1\" \/>\n<link rel=\"canonical\" href=\"https:\/\/radis.ee\/fi\/hyllysto-romb-l\/\" \/>\n<meta property=\"og:locale\" content=\"fi_FI\" \/>\n<meta property=\"og:type\" content=\"article\" \/>\n<meta property=\"og:title\" content=\"Hyllyst\u00f6 ROMB L - Radis\" \/>\n<meta property=\"og:description\" content=\"Monet eiv\u00e4t tied\u00e4 t\u00e4t\u00e4, mutta itse asiassa hyllyjen kauneudella on joitain rajoituksia. Esimerkiksi t\u00e4t\u00e4 hylly\u00e4 kauniimpi ei ole en\u00e4\u00e4 sallittu. Voit jopa n\u00e4hd\u00e4! Vain sin\u00e4 n\u00e4et salaper\u00e4isten ovikuvioiden taakse. Hyllyn sis\u00e4korkeus on 33 cm mahdollistaen helpon isojen kirjojen ja kansioiden sijoittamisen. Kaappien sis\u00e4leveys on 33 cm. Valmistettu koivuvanerista, \u00f6ljyvahattu, my\u00f6s valkoinen HPL, pehme\u00e4sti sulkeutuvat oven...\" \/>\n<meta property=\"og:url\" content=\"https:\/\/radis.ee\/fi\/hyllysto-romb-l\/\" \/>\n<meta property=\"og:site_name\" content=\"Radis\" \/>\n<meta property=\"article:publisher\" content=\"https:\/\/www.facebook.com\/radisfurniture\/\" \/>\n<meta property=\"article:modified_time\" content=\"2024-03-05T18:46:25+00:00\" \/>\n<meta property=\"og:image\" content=\"https:\/\/radis.ee\/wp-content\/uploads\/2020\/07\/RADIS_shelf_ROMB_L_White_film_plywood.jpg\" \/>\n\t<meta property=\"og:image:width\" content=\"2481\" \/>\n\t<meta property=\"og:image:height\" content=\"1749\" \/>\n\t<meta property=\"og:image:type\" content=\"image\/jpeg\" \/>\n<meta name=\"twitter:card\" content=\"summary_large_image\" \/>\n<script type=\"application\/ld+json\" class=\"yoast-schema-graph\">{\"@context\":\"https:\\\/\\\/schema.org\",\"@graph\":[{\"@type\":\"WebPage\",\"@id\":\"https:\\\/\\\/radis.ee\\\/fi\\\/hyllysto-romb-l\\\/\",\"url\":\"https:\\\/\\\/radis.ee\\\/fi\\\/hyllysto-romb-l\\\/\",\"name\":\"Hyllyst\u00f6 ROMB L - Radis\",\"isPartOf\":{\"@id\":\"https:\\\/\\\/radis.ee\\\/#website\"},\"primaryImageOfPage\":{\"@id\":\"https:\\\/\\\/radis.ee\\\/fi\\\/hyllysto-romb-l\\\/#primaryimage\"},\"image\":{\"@id\":\"https:\\\/\\\/radis.ee\\\/fi\\\/hyllysto-romb-l\\\/#primaryimage\"},\"thumbnailUrl\":\"https:\\\/\\\/radis.ee\\\/wp-content\\\/uploads\\\/2020\\\/07\\\/RADIS_shelf_ROMB_L_White_film_plywood.jpg\",\"datePublished\":\"2022-02-23T08:01:10+00:00\",\"dateModified\":\"2024-03-05T18:46:25+00:00\",\"breadcrumb\":{\"@id\":\"https:\\\/\\\/radis.ee\\\/fi\\\/hyllysto-romb-l\\\/#breadcrumb\"},\"inLanguage\":\"fi\",\"potentialAction\":[{\"@type\":\"ReadAction\",\"target\":[\"https:\\\/\\\/radis.ee\\\/fi\\\/hyllysto-romb-l\\\/\"]}]},{\"@type\":\"ImageObject\",\"inLanguage\":\"fi\",\"@id\":\"https:\\\/\\\/radis.ee\\\/fi\\\/hyllysto-romb-l\\\/#primaryimage\",\"url\":\"https:\\\/\\\/radis.ee\\\/wp-content\\\/uploads\\\/2020\\\/07\\\/RADIS_shelf_ROMB_L_White_film_plywood.jpg\",\"contentUrl\":\"https:\\\/\\\/radis.ee\\\/wp-content\\\/uploads\\\/2020\\\/07\\\/RADIS_shelf_ROMB_L_White_film_plywood.jpg\",\"width\":2481,\"height\":1749,\"caption\":\"RADIS shelf ROMB L white film plywood\"},{\"@type\":\"BreadcrumbList\",\"@id\":\"https:\\\/\\\/radis.ee\\\/fi\\\/hyllysto-romb-l\\\/#breadcrumb\",\"itemListElement\":[{\"@type\":\"ListItem\",\"position\":1,\"name\":\"Home\",\"item\":\"https:\\\/\\\/radis.ee\\\/\"},{\"@type\":\"ListItem\",\"position\":2,\"name\":\"Tuotteet\",\"item\":\"https:\\\/\\\/radis.ee\\\/fi\\\/tuotteet\\\/\"},{\"@type\":\"ListItem\",\"position\":3,\"name\":\"Hyllyst\u00f6 ROMB L\"}]},{\"@type\":\"WebSite\",\"@id\":\"https:\\\/\\\/radis.ee\\\/#website\",\"url\":\"https:\\\/\\\/radis.ee\\\/\",\"name\":\"Radis\",\"description\":\"Nordic design furniture, environmentally friendly and sustainable.\",\"publisher\":{\"@id\":\"https:\\\/\\\/radis.ee\\\/#organization\"},\"potentialAction\":[{\"@type\":\"SearchAction\",\"target\":{\"@type\":\"EntryPoint\",\"urlTemplate\":\"https:\\\/\\\/radis.ee\\\/?s={search_term_string}\"},\"query-input\":{\"@type\":\"PropertyValueSpecification\",\"valueRequired\":true,\"valueName\":\"search_term_string\"}}],\"inLanguage\":\"fi\"},{\"@type\":\"Organization\",\"@id\":\"https:\\\/\\\/radis.ee\\\/#organization\",\"name\":\"Radis O\u00dc\",\"url\":\"https:\\\/\\\/radis.ee\\\/\",\"logo\":{\"@type\":\"ImageObject\",\"inLanguage\":\"fi\",\"@id\":\"https:\\\/\\\/radis.ee\\\/#\\\/schema\\\/logo\\\/image\\\/\",\"url\":\"https:\\\/\\\/radis.ee\\\/wp-content\\\/uploads\\\/2020\\\/10\\\/Radis-logo.png\",\"contentUrl\":\"https:\\\/\\\/radis.ee\\\/wp-content\\\/uploads\\\/2020\\\/10\\\/Radis-logo.png\",\"width\":300,\"height\":63,\"caption\":\"Radis O\u00dc\"},\"image\":{\"@id\":\"https:\\\/\\\/radis.ee\\\/#\\\/schema\\\/logo\\\/image\\\/\"},\"sameAs\":[\"https:\\\/\\\/www.facebook.com\\\/radisfurniture\\\/\"]}]}<\/script>\n<!-- \/ Yoast SEO plugin. -->","yoast_head_json":{"title":"Hyllyst\u00f6 ROMB L - Radis","robots":{"index":"index","follow":"follow","max-snippet":"max-snippet:-1","max-image-preview":"max-image-preview:large","max-video-preview":"max-video-preview:-1"},"canonical":"https:\/\/radis.ee\/fi\/hyllysto-romb-l\/","og_locale":"fi_FI","og_type":"article","og_title":"Hyllyst\u00f6 ROMB L - Radis","og_description":"Monet eiv\u00e4t tied\u00e4 t\u00e4t\u00e4, mutta itse asiassa hyllyjen kauneudella on joitain rajoituksia. Esimerkiksi t\u00e4t\u00e4 hylly\u00e4 kauniimpi ei ole en\u00e4\u00e4 sallittu. Voit jopa n\u00e4hd\u00e4! Vain sin\u00e4 n\u00e4et salaper\u00e4isten ovikuvioiden taakse. Hyllyn sis\u00e4korkeus on 33 cm mahdollistaen helpon isojen kirjojen ja kansioiden sijoittamisen. Kaappien sis\u00e4leveys on 33 cm. Valmistettu koivuvanerista, \u00f6ljyvahattu, my\u00f6s valkoinen HPL, pehme\u00e4sti sulkeutuvat oven...","og_url":"https:\/\/radis.ee\/fi\/hyllysto-romb-l\/","og_site_name":"Radis","article_publisher":"https:\/\/www.facebook.com\/radisfurniture\/","article_modified_time":"2024-03-05T18:46:25+00:00","og_image":[{"width":2481,"height":1749,"url":"https:\/\/radis.ee\/wp-content\/uploads\/2020\/07\/RADIS_shelf_ROMB_L_White_film_plywood.jpg","type":"image\/jpeg"}],"twitter_card":"summary_large_image","schema":{"@context":"https:\/\/schema.org","@graph":[{"@type":"WebPage","@id":"https:\/\/radis.ee\/fi\/hyllysto-romb-l\/","url":"https:\/\/radis.ee\/fi\/hyllysto-romb-l\/","name":"Hyllyst\u00f6 ROMB L - Radis","isPartOf":{"@id":"https:\/\/radis.ee\/#website"},"primaryImageOfPage":{"@id":"https:\/\/radis.ee\/fi\/hyllysto-romb-l\/#primaryimage"},"image":{"@id":"https:\/\/radis.ee\/fi\/hyllysto-romb-l\/#primaryimage"},"thumbnailUrl":"https:\/\/radis.ee\/wp-content\/uploads\/2020\/07\/RADIS_shelf_ROMB_L_White_film_plywood.jpg","datePublished":"2022-02-23T08:01:10+00:00","dateModified":"2024-03-05T18:46:25+00:00","breadcrumb":{"@id":"https:\/\/radis.ee\/fi\/hyllysto-romb-l\/#breadcrumb"},"inLanguage":"fi","potentialAction":[{"@type":"ReadAction","target":["https:\/\/radis.ee\/fi\/hyllysto-romb-l\/"]}]},{"@type":"ImageObject","inLanguage":"fi","@id":"https:\/\/radis.ee\/fi\/hyllysto-romb-l\/#primaryimage","url":"https:\/\/radis.ee\/wp-content\/uploads\/2020\/07\/RADIS_shelf_ROMB_L_White_film_plywood.jpg","contentUrl":"https:\/\/radis.ee\/wp-content\/uploads\/2020\/07\/RADIS_shelf_ROMB_L_White_film_plywood.jpg","width":2481,"height":1749,"caption":"RADIS shelf ROMB L white film plywood"},{"@type":"BreadcrumbList","@id":"https:\/\/radis.ee\/fi\/hyllysto-romb-l\/#breadcrumb","itemListElement":[{"@type":"ListItem","position":1,"name":"Home","item":"https:\/\/radis.ee\/"},{"@type":"ListItem","position":2,"name":"Tuotteet","item":"https:\/\/radis.ee\/fi\/tuotteet\/"},{"@type":"ListItem","position":3,"name":"Hyllyst\u00f6 ROMB L"}]},{"@type":"WebSite","@id":"https:\/\/radis.ee\/#website","url":"https:\/\/radis.ee\/","name":"Radis","description":"Nordic design furniture, environmentally friendly and sustainable.","publisher":{"@id":"https:\/\/radis.ee\/#organization"},"potentialAction":[{"@type":"SearchAction","target":{"@type":"EntryPoint","urlTemplate":"https:\/\/radis.ee\/?s={search_term_string}"},"query-input":{"@type":"PropertyValueSpecification","valueRequired":true,"valueName":"search_term_string"}}],"inLanguage":"fi"},{"@type":"Organization","@id":"https:\/\/radis.ee\/#organization","name":"Radis O\u00dc","url":"https:\/\/radis.ee\/","logo":{"@type":"ImageObject","inLanguage":"fi","@id":"https:\/\/radis.ee\/#\/schema\/logo\/image\/","url":"https:\/\/radis.ee\/wp-content\/uploads\/2020\/10\/Radis-logo.png","contentUrl":"https:\/\/radis.ee\/wp-content\/uploads\/2020\/10\/Radis-logo.png","width":300,"height":63,"caption":"Radis O\u00dc"},"image":{"@id":"https:\/\/radis.ee\/#\/schema\/logo\/image\/"},"sameAs":["https:\/\/www.facebook.com\/radisfurniture\/"]}]}},"_links":{"self":[{"href":"https:\/\/radis.ee\/fi\/wp-json\/wp\/v2\/product\/15066","targetHints":{"allow":["GET"]}}],"collection":[{"href":"https:\/\/radis.ee\/fi\/wp-json\/wp\/v2\/product"}],"about":[{"href":"https:\/\/radis.ee\/fi\/wp-json\/wp\/v2\/types\/product"}],"replies":[{"embeddable":true,"href":"https:\/\/radis.ee\/fi\/wp-json\/wp\/v2\/comments?post=15066"}],"wp:featuredmedia":[{"embeddable":true,"href":"https:\/\/radis.ee\/fi\/wp-json\/wp\/v2\/media\/16979"}],"wp:attachment":[{"href":"https:\/\/radis.ee\/fi\/wp-json\/wp\/v2\/media?parent=15066"}],"wp:term":[{"taxonomy":"product_brand","embeddable":true,"href":"https:\/\/radis.ee\/fi\/wp-json\/wp\/v2\/product_brand?post=15066"},{"taxonomy":"product_cat","embeddable":true,"href":"https:\/\/radis.ee\/fi\/wp-json\/wp\/v2\/product_cat?post=15066"},{"taxonomy":"product_tag","embeddable":true,"href":"https:\/\/radis.ee\/fi\/wp-json\/wp\/v2\/product_tag?post=15066"}],"curies":[{"name":"wp","href":"https:\/\/api.w.org\/{rel}","templated":true}]}}