{"id":15236,"date":"2020-06-10T18:08:13","date_gmt":"2020-06-10T15:08:13","guid":{"rendered":"https:\/\/radis.ee\/?post_type=product&#038;p=15236"},"modified":"2024-01-30T14:56:02","modified_gmt":"2024-01-30T12:56:02","slug":"vaatekaappi-huh-1-ovi","status":"publish","type":"product","link":"https:\/\/radis.ee\/fi\/vaatekaappi-huh-1-ovi\/","title":{"rendered":"Vaatekaappi HUH 1 ovi"},"content":{"rendered":"<p>Tilava vaatekaappi on hyv\u00e4, mutta joskus viel\u00e4 t\u00e4rke\u00e4mp\u00e4\u00e4 on l\u00f6yt\u00e4\u00e4 ratkaisu pienemp\u00e4\u00e4n makuuhuoneeseen. HUH yhden oven vaatekaappi on juuri sit\u00e4. Siisti ja pieni Se ei vie liikaa tilaa, mutta sopii kaikkeen mukavasti silti.<\/p>\n<p>T\u00e4m\u00e4 kaappi j\u00e4rjest\u00e4\u00e4 vaatehuoneesi. Siihen mahtuvat sek\u00e4 mekot, pikkutakit ett\u00e4 p\u00e4\u00e4llystakit. Laatikoihin mahtuvat alusvaatteet, sukat ja solmiot.<\/p>\n<p>Oven takana on 3 s\u00e4\u00e4dett\u00e4v\u00e4\u00e4 hylly\u00e4 ja niiden alla 2 isoa laatikkoa.<\/p>\n<p>Jalkainen vaatekaappi on koivuvaneria, \u00f6ljyvahattu. Pehme\u00e4sti sulkeutuvat H\u00e4fele oven saranat ja piilotetut laatikostot. Ovi Koskisen valkoinen HPL vanerilla, sis\u00e4ll\u00e4 H\u00e4fele metallitangot pitkien ovien suorana. Voit valita kahdesta kahvamallista.<\/p>\n<p>Mallisto HUH oli ehdolla Viron Bruno 2014 -muotoilupalkinnon saajaksi.<\/p>\n","protected":false},"excerpt":{"rendered":"<p>Tilava vaatekaappi on hyv\u00e4, mutta joskus viel\u00e4 t\u00e4rke\u00e4mp\u00e4\u00e4 on l\u00f6yt\u00e4\u00e4 ratkaisu pienemp\u00e4\u00e4n makuuhuoneeseen. HUH yhden oven vaatekaappi on juuri sit\u00e4. Siisti ja pieni Se ei vie liikaa tilaa, mutta sopii kaikkeen mukavasti silti. T\u00e4m\u00e4 kaappi j\u00e4rjest\u00e4\u00e4 vaatehuoneesi. Siihen mahtuvat sek\u00e4 mekot, pikkutakit ett\u00e4 p\u00e4\u00e4llystakit. Laatikoihin mahtuvat alusvaatteet, sukat ja solmiot. Oven takana on 3 s\u00e4\u00e4dett\u00e4v\u00e4\u00e4&#8230;<\/p>\n","protected":false},"featured_media":15316,"comment_status":"open","ping_status":"closed","template":"","meta":{"_acf_changed":false},"product_brand":[],"product_cat":[110],"product_tag":[],"class_list":{"0":"post-15236","1":"product","2":"type-product","3":"status-publish","4":"has-post-thumbnail","6":"product_cat-riidekapid","8":"first","9":"instock","10":"taxable","11":"shipping-taxable","12":"purchasable","13":"product-type-variable","14":"has-default-attributes"},"acf":[],"yoast_head":"<!-- This site is optimized with the Yoast SEO plugin v27.3 - https:\/\/yoast.com\/product\/yoast-seo-wordpress\/ -->\n<title>Vaatekaappi HUH 1 ovi - Radis<\/title>\n<meta name=\"robots\" content=\"index, follow, max-snippet:-1, max-image-preview:large, max-video-preview:-1\" \/>\n<link rel=\"canonical\" href=\"https:\/\/radis.ee\/riidekapp-huh-1-uksega\/\" \/>\n<meta property=\"og:locale\" content=\"fi_FI\" \/>\n<meta property=\"og:type\" content=\"article\" \/>\n<meta property=\"og:title\" content=\"Vaatekaappi HUH 1 ovi - Radis\" \/>\n<meta property=\"og:description\" content=\"Tilava vaatekaappi on hyv\u00e4, mutta joskus viel\u00e4 t\u00e4rke\u00e4mp\u00e4\u00e4 on l\u00f6yt\u00e4\u00e4 ratkaisu pienemp\u00e4\u00e4n makuuhuoneeseen. HUH yhden oven vaatekaappi on juuri sit\u00e4. Siisti ja pieni Se ei vie liikaa tilaa, mutta sopii kaikkeen mukavasti silti. T\u00e4m\u00e4 kaappi j\u00e4rjest\u00e4\u00e4 vaatehuoneesi. Siihen mahtuvat sek\u00e4 mekot, pikkutakit ett\u00e4 p\u00e4\u00e4llystakit. Laatikoihin mahtuvat alusvaatteet, sukat ja solmiot. Oven takana on 3 s\u00e4\u00e4dett\u00e4v\u00e4\u00e4...\" \/>\n<meta property=\"og:url\" content=\"https:\/\/radis.ee\/riidekapp-huh-1-uksega\/\" \/>\n<meta property=\"og:site_name\" content=\"Radis\" \/>\n<meta property=\"article:publisher\" content=\"https:\/\/www.facebook.com\/radisfurniture\/\" \/>\n<meta property=\"article:modified_time\" content=\"2024-01-30T12:56:02+00:00\" \/>\n<meta property=\"og:image\" content=\"https:\/\/radis.ee\/wp-content\/uploads\/2020\/06\/RADIS_wardrobe_HUH_1_door_-Light_Oak_doors_White_CPL_plywood_vertical_handles-scaled.jpg\" \/>\n\t<meta property=\"og:image:width\" content=\"2166\" \/>\n\t<meta property=\"og:image:height\" content=\"2560\" \/>\n\t<meta property=\"og:image:type\" content=\"image\/jpeg\" \/>\n<meta name=\"twitter:card\" content=\"summary_large_image\" \/>\n<meta name=\"twitter:label1\" content=\"Arvioitu lukuaika\" \/>\n\t<meta name=\"twitter:data1\" content=\"1 minuutti\" \/>\n<script type=\"application\/ld+json\" class=\"yoast-schema-graph\">{\"@context\":\"https:\\\/\\\/schema.org\",\"@graph\":[{\"@type\":\"WebPage\",\"@id\":\"https:\\\/\\\/radis.ee\\\/riidekapp-huh-1-uksega\\\/\",\"url\":\"https:\\\/\\\/radis.ee\\\/riidekapp-huh-1-uksega\\\/\",\"name\":\"Vaatekaappi HUH 1 ovi - Radis\",\"isPartOf\":{\"@id\":\"https:\\\/\\\/radis.ee\\\/#website\"},\"primaryImageOfPage\":{\"@id\":\"https:\\\/\\\/radis.ee\\\/riidekapp-huh-1-uksega\\\/#primaryimage\"},\"image\":{\"@id\":\"https:\\\/\\\/radis.ee\\\/riidekapp-huh-1-uksega\\\/#primaryimage\"},\"thumbnailUrl\":\"https:\\\/\\\/radis.ee\\\/wp-content\\\/uploads\\\/2020\\\/06\\\/RADIS_wardrobe_HUH_1_door_-Light_Oak_doors_White_CPL_plywood_vertical_handles-scaled.jpg\",\"datePublished\":\"2020-06-10T15:08:13+00:00\",\"dateModified\":\"2024-01-30T12:56:02+00:00\",\"breadcrumb\":{\"@id\":\"https:\\\/\\\/radis.ee\\\/riidekapp-huh-1-uksega\\\/#breadcrumb\"},\"inLanguage\":\"fi\",\"potentialAction\":[{\"@type\":\"ReadAction\",\"target\":[\"https:\\\/\\\/radis.ee\\\/riidekapp-huh-1-uksega\\\/\"]}]},{\"@type\":\"ImageObject\",\"inLanguage\":\"fi\",\"@id\":\"https:\\\/\\\/radis.ee\\\/riidekapp-huh-1-uksega\\\/#primaryimage\",\"url\":\"https:\\\/\\\/radis.ee\\\/wp-content\\\/uploads\\\/2020\\\/06\\\/RADIS_wardrobe_HUH_1_door_-Light_Oak_doors_White_CPL_plywood_vertical_handles-scaled.jpg\",\"contentUrl\":\"https:\\\/\\\/radis.ee\\\/wp-content\\\/uploads\\\/2020\\\/06\\\/RADIS_wardrobe_HUH_1_door_-Light_Oak_doors_White_CPL_plywood_vertical_handles-scaled.jpg\",\"width\":2166,\"height\":2560,\"caption\":\"RADIS wardrobe HUH 1 door Light Oak\"},{\"@type\":\"BreadcrumbList\",\"@id\":\"https:\\\/\\\/radis.ee\\\/riidekapp-huh-1-uksega\\\/#breadcrumb\",\"itemListElement\":[{\"@type\":\"ListItem\",\"position\":1,\"name\":\"Home\",\"item\":\"https:\\\/\\\/radis.ee\\\/\"},{\"@type\":\"ListItem\",\"position\":2,\"name\":\"Tuotteet\",\"item\":\"https:\\\/\\\/radis.ee\\\/fi\\\/tuotteet\\\/\"},{\"@type\":\"ListItem\",\"position\":3,\"name\":\"Vaatekaappi HUH 1 ovi\"}]},{\"@type\":\"WebSite\",\"@id\":\"https:\\\/\\\/radis.ee\\\/#website\",\"url\":\"https:\\\/\\\/radis.ee\\\/\",\"name\":\"Radis\",\"description\":\"Nordic design furniture, environmentally friendly and sustainable.\",\"publisher\":{\"@id\":\"https:\\\/\\\/radis.ee\\\/#organization\"},\"potentialAction\":[{\"@type\":\"SearchAction\",\"target\":{\"@type\":\"EntryPoint\",\"urlTemplate\":\"https:\\\/\\\/radis.ee\\\/?s={search_term_string}\"},\"query-input\":{\"@type\":\"PropertyValueSpecification\",\"valueRequired\":true,\"valueName\":\"search_term_string\"}}],\"inLanguage\":\"fi\"},{\"@type\":\"Organization\",\"@id\":\"https:\\\/\\\/radis.ee\\\/#organization\",\"name\":\"Radis O\u00dc\",\"url\":\"https:\\\/\\\/radis.ee\\\/\",\"logo\":{\"@type\":\"ImageObject\",\"inLanguage\":\"fi\",\"@id\":\"https:\\\/\\\/radis.ee\\\/#\\\/schema\\\/logo\\\/image\\\/\",\"url\":\"https:\\\/\\\/radis.ee\\\/wp-content\\\/uploads\\\/2020\\\/10\\\/Radis-logo.png\",\"contentUrl\":\"https:\\\/\\\/radis.ee\\\/wp-content\\\/uploads\\\/2020\\\/10\\\/Radis-logo.png\",\"width\":300,\"height\":63,\"caption\":\"Radis O\u00dc\"},\"image\":{\"@id\":\"https:\\\/\\\/radis.ee\\\/#\\\/schema\\\/logo\\\/image\\\/\"},\"sameAs\":[\"https:\\\/\\\/www.facebook.com\\\/radisfurniture\\\/\"]}]}<\/script>\n<!-- \/ Yoast SEO plugin. -->","yoast_head_json":{"title":"Vaatekaappi HUH 1 ovi - Radis","robots":{"index":"index","follow":"follow","max-snippet":"max-snippet:-1","max-image-preview":"max-image-preview:large","max-video-preview":"max-video-preview:-1"},"canonical":"https:\/\/radis.ee\/riidekapp-huh-1-uksega\/","og_locale":"fi_FI","og_type":"article","og_title":"Vaatekaappi HUH 1 ovi - Radis","og_description":"Tilava vaatekaappi on hyv\u00e4, mutta joskus viel\u00e4 t\u00e4rke\u00e4mp\u00e4\u00e4 on l\u00f6yt\u00e4\u00e4 ratkaisu pienemp\u00e4\u00e4n makuuhuoneeseen. HUH yhden oven vaatekaappi on juuri sit\u00e4. Siisti ja pieni Se ei vie liikaa tilaa, mutta sopii kaikkeen mukavasti silti. T\u00e4m\u00e4 kaappi j\u00e4rjest\u00e4\u00e4 vaatehuoneesi. Siihen mahtuvat sek\u00e4 mekot, pikkutakit ett\u00e4 p\u00e4\u00e4llystakit. Laatikoihin mahtuvat alusvaatteet, sukat ja solmiot. Oven takana on 3 s\u00e4\u00e4dett\u00e4v\u00e4\u00e4...","og_url":"https:\/\/radis.ee\/riidekapp-huh-1-uksega\/","og_site_name":"Radis","article_publisher":"https:\/\/www.facebook.com\/radisfurniture\/","article_modified_time":"2024-01-30T12:56:02+00:00","og_image":[{"width":2166,"height":2560,"url":"https:\/\/radis.ee\/wp-content\/uploads\/2020\/06\/RADIS_wardrobe_HUH_1_door_-Light_Oak_doors_White_CPL_plywood_vertical_handles-scaled.jpg","type":"image\/jpeg"}],"twitter_card":"summary_large_image","twitter_misc":{"Arvioitu lukuaika":"1 minuutti"},"schema":{"@context":"https:\/\/schema.org","@graph":[{"@type":"WebPage","@id":"https:\/\/radis.ee\/riidekapp-huh-1-uksega\/","url":"https:\/\/radis.ee\/riidekapp-huh-1-uksega\/","name":"Vaatekaappi HUH 1 ovi - Radis","isPartOf":{"@id":"https:\/\/radis.ee\/#website"},"primaryImageOfPage":{"@id":"https:\/\/radis.ee\/riidekapp-huh-1-uksega\/#primaryimage"},"image":{"@id":"https:\/\/radis.ee\/riidekapp-huh-1-uksega\/#primaryimage"},"thumbnailUrl":"https:\/\/radis.ee\/wp-content\/uploads\/2020\/06\/RADIS_wardrobe_HUH_1_door_-Light_Oak_doors_White_CPL_plywood_vertical_handles-scaled.jpg","datePublished":"2020-06-10T15:08:13+00:00","dateModified":"2024-01-30T12:56:02+00:00","breadcrumb":{"@id":"https:\/\/radis.ee\/riidekapp-huh-1-uksega\/#breadcrumb"},"inLanguage":"fi","potentialAction":[{"@type":"ReadAction","target":["https:\/\/radis.ee\/riidekapp-huh-1-uksega\/"]}]},{"@type":"ImageObject","inLanguage":"fi","@id":"https:\/\/radis.ee\/riidekapp-huh-1-uksega\/#primaryimage","url":"https:\/\/radis.ee\/wp-content\/uploads\/2020\/06\/RADIS_wardrobe_HUH_1_door_-Light_Oak_doors_White_CPL_plywood_vertical_handles-scaled.jpg","contentUrl":"https:\/\/radis.ee\/wp-content\/uploads\/2020\/06\/RADIS_wardrobe_HUH_1_door_-Light_Oak_doors_White_CPL_plywood_vertical_handles-scaled.jpg","width":2166,"height":2560,"caption":"RADIS wardrobe HUH 1 door Light Oak"},{"@type":"BreadcrumbList","@id":"https:\/\/radis.ee\/riidekapp-huh-1-uksega\/#breadcrumb","itemListElement":[{"@type":"ListItem","position":1,"name":"Home","item":"https:\/\/radis.ee\/"},{"@type":"ListItem","position":2,"name":"Tuotteet","item":"https:\/\/radis.ee\/fi\/tuotteet\/"},{"@type":"ListItem","position":3,"name":"Vaatekaappi HUH 1 ovi"}]},{"@type":"WebSite","@id":"https:\/\/radis.ee\/#website","url":"https:\/\/radis.ee\/","name":"Radis","description":"Nordic design furniture, environmentally friendly and sustainable.","publisher":{"@id":"https:\/\/radis.ee\/#organization"},"potentialAction":[{"@type":"SearchAction","target":{"@type":"EntryPoint","urlTemplate":"https:\/\/radis.ee\/?s={search_term_string}"},"query-input":{"@type":"PropertyValueSpecification","valueRequired":true,"valueName":"search_term_string"}}],"inLanguage":"fi"},{"@type":"Organization","@id":"https:\/\/radis.ee\/#organization","name":"Radis O\u00dc","url":"https:\/\/radis.ee\/","logo":{"@type":"ImageObject","inLanguage":"fi","@id":"https:\/\/radis.ee\/#\/schema\/logo\/image\/","url":"https:\/\/radis.ee\/wp-content\/uploads\/2020\/10\/Radis-logo.png","contentUrl":"https:\/\/radis.ee\/wp-content\/uploads\/2020\/10\/Radis-logo.png","width":300,"height":63,"caption":"Radis O\u00dc"},"image":{"@id":"https:\/\/radis.ee\/#\/schema\/logo\/image\/"},"sameAs":["https:\/\/www.facebook.com\/radisfurniture\/"]}]}},"_links":{"self":[{"href":"https:\/\/radis.ee\/fi\/wp-json\/wp\/v2\/product\/15236","targetHints":{"allow":["GET"]}}],"collection":[{"href":"https:\/\/radis.ee\/fi\/wp-json\/wp\/v2\/product"}],"about":[{"href":"https:\/\/radis.ee\/fi\/wp-json\/wp\/v2\/types\/product"}],"replies":[{"embeddable":true,"href":"https:\/\/radis.ee\/fi\/wp-json\/wp\/v2\/comments?post=15236"}],"wp:featuredmedia":[{"embeddable":true,"href":"https:\/\/radis.ee\/fi\/wp-json\/wp\/v2\/media\/15316"}],"wp:attachment":[{"href":"https:\/\/radis.ee\/fi\/wp-json\/wp\/v2\/media?parent=15236"}],"wp:term":[{"taxonomy":"product_brand","embeddable":true,"href":"https:\/\/radis.ee\/fi\/wp-json\/wp\/v2\/product_brand?post=15236"},{"taxonomy":"product_cat","embeddable":true,"href":"https:\/\/radis.ee\/fi\/wp-json\/wp\/v2\/product_cat?post=15236"},{"taxonomy":"product_tag","embeddable":true,"href":"https:\/\/radis.ee\/fi\/wp-json\/wp\/v2\/product_tag?post=15236"}],"curies":[{"name":"wp","href":"https:\/\/api.w.org\/{rel}","templated":true}]}}