{"id":15897,"date":"2022-10-07T21:45:28","date_gmt":"2022-10-07T18:45:28","guid":{"rendered":"https:\/\/radis.ee\/?post_type=product&#038;p=15897"},"modified":"2022-09-30T16:31:46","modified_gmt":"2022-09-30T13:31:46","slug":"kaantyva-poyta-senkkilla-foldy","status":"publish","type":"product","link":"https:\/\/radis.ee\/fi\/kaantyva-poyta-senkkilla-foldy\/","title":{"rendered":"K\u00e4\u00e4ntyv\u00e4 p\u00f6yt\u00e4 senkkill\u00e4 FOLDY"},"content":{"rendered":"<p>FOLDY on senkki-ty\u00f6p\u00f6yt\u00e4hybridi, joka pit\u00e4\u00e4 t\u00e4rkeimm\u00e4n asian keskipisteen\u00e4 &#8211; tarpeesi. P\u00f6yt\u00e4levy\u00e4 voidaan k\u00e4\u00e4nt\u00e4\u00e4 ty\u00f6huoneessa sopivimpaan asentoon. Kun et tarvitse, voit taittaa p\u00f6yt\u00e4tason senkin p\u00e4\u00e4lle, jotta se ei vie tilaa. Itse senkkip\u00f6yd\u00e4ss\u00e4 on kaksi liukuovea ja tarpeeksi tilaa kaikkien toimistotarvikkeiden ja kansioiden s\u00e4ilytt\u00e4miseen. FOLDY\u00a0on uusi ja \u00e4lyk\u00e4s ratkaisu kotona ty\u00f6skentelyn aikakaudella.<\/p>\n<p>Valmistettu koivuvanerista, my\u00f6s tammiviilutettu tai vaaleanharmaalla Forescolorilla (Coloured Throught Wood Fiber Board), \u00f6ljyvahattu. Liukuovet H\u00e4fele rullilla. H\u00e4fele py\u00f6r\u00e4t piilotettuna k\u00e4\u00e4ntyv\u00e4lle p\u00f6yd\u00e4lle. Sis\u00e4isten v\u00e4lihyllyjen leveys on 57 cm. K\u00e4\u00e4ntyv\u00e4n p\u00f6yt\u00e4levyn koko on 42&#215;90 cm.<\/p>\n","protected":false},"excerpt":{"rendered":"<p>FOLDY on senkki-ty\u00f6p\u00f6yt\u00e4hybridi, joka pit\u00e4\u00e4 t\u00e4rkeimm\u00e4n asian keskipisteen\u00e4 &#8211; tarpeesi. P\u00f6yt\u00e4levy\u00e4 voidaan k\u00e4\u00e4nt\u00e4\u00e4 ty\u00f6huoneessa sopivimpaan asentoon. Kun et tarvitse, voit taittaa p\u00f6yt\u00e4tason senkin p\u00e4\u00e4lle, jotta se ei vie tilaa. Itse senkkip\u00f6yd\u00e4ss\u00e4 on kaksi liukuovea ja tarpeeksi tilaa kaikkien toimistotarvikkeiden ja kansioiden s\u00e4ilytt\u00e4miseen. FOLDY\u00a0on uusi ja \u00e4lyk\u00e4s ratkaisu kotona ty\u00f6skentelyn aikakaudella. Valmistettu koivuvanerista, my\u00f6s tammiviilutettu tai&#8230;<\/p>\n","protected":false},"featured_media":16206,"comment_status":"open","ping_status":"closed","template":"","meta":{"_acf_changed":false},"product_brand":[],"product_cat":[111,17],"product_tag":[],"class_list":{"0":"post-15897","1":"product","2":"type-product","3":"status-publish","4":"has-post-thumbnail","6":"product_cat-lauad","7":"product_cat-kummutid","9":"first","10":"instock","11":"sale","12":"taxable","13":"shipping-taxable","14":"purchasable","15":"product-type-variable","16":"has-default-attributes"},"acf":[],"yoast_head":"<!-- This site is optimized with the Yoast SEO plugin v27.3 - https:\/\/yoast.com\/product\/yoast-seo-wordpress\/ -->\n<title>K\u00e4\u00e4ntyv\u00e4 p\u00f6yt\u00e4 senkkill\u00e4 FOLDY - Radis<\/title>\n<meta name=\"robots\" content=\"index, follow, max-snippet:-1, max-image-preview:large, max-video-preview:-1\" \/>\n<link rel=\"canonical\" href=\"https:\/\/radis.ee\/pooratav-laud-kummutiga-foldy\/\" \/>\n<meta property=\"og:locale\" content=\"fi_FI\" \/>\n<meta property=\"og:type\" content=\"article\" \/>\n<meta property=\"og:title\" content=\"K\u00e4\u00e4ntyv\u00e4 p\u00f6yt\u00e4 senkkill\u00e4 FOLDY - Radis\" \/>\n<meta property=\"og:description\" content=\"FOLDY on senkki-ty\u00f6p\u00f6yt\u00e4hybridi, joka pit\u00e4\u00e4 t\u00e4rkeimm\u00e4n asian keskipisteen\u00e4 &#8211; tarpeesi. P\u00f6yt\u00e4levy\u00e4 voidaan k\u00e4\u00e4nt\u00e4\u00e4 ty\u00f6huoneessa sopivimpaan asentoon. Kun et tarvitse, voit taittaa p\u00f6yt\u00e4tason senkin p\u00e4\u00e4lle, jotta se ei vie tilaa. Itse senkkip\u00f6yd\u00e4ss\u00e4 on kaksi liukuovea ja tarpeeksi tilaa kaikkien toimistotarvikkeiden ja kansioiden s\u00e4ilytt\u00e4miseen. FOLDY\u00a0on uusi ja \u00e4lyk\u00e4s ratkaisu kotona ty\u00f6skentelyn aikakaudella. Valmistettu koivuvanerista, my\u00f6s tammiviilutettu tai...\" \/>\n<meta property=\"og:url\" content=\"https:\/\/radis.ee\/pooratav-laud-kummutiga-foldy\/\" \/>\n<meta property=\"og:site_name\" content=\"Radis\" \/>\n<meta property=\"article:publisher\" content=\"https:\/\/www.facebook.com\/radisfurniture\/\" \/>\n<meta property=\"og:image\" content=\"https:\/\/radis.ee\/wp-content\/uploads\/2020\/10\/RADIS_swivel_table_with_sideboard_-FOLDY_oak_veneered_back_stain_white_background-scaled.jpg\" \/>\n\t<meta property=\"og:image:width\" content=\"2151\" \/>\n\t<meta property=\"og:image:height\" content=\"2560\" \/>\n\t<meta property=\"og:image:type\" content=\"image\/jpeg\" \/>\n<meta name=\"twitter:card\" content=\"summary_large_image\" \/>\n<meta name=\"twitter:label1\" content=\"Arvioitu lukuaika\" \/>\n\t<meta name=\"twitter:data1\" content=\"1 minuutti\" \/>\n<script type=\"application\/ld+json\" class=\"yoast-schema-graph\">{\"@context\":\"https:\\\/\\\/schema.org\",\"@graph\":[{\"@type\":\"WebPage\",\"@id\":\"https:\\\/\\\/radis.ee\\\/pooratav-laud-kummutiga-foldy\\\/\",\"url\":\"https:\\\/\\\/radis.ee\\\/pooratav-laud-kummutiga-foldy\\\/\",\"name\":\"K\u00e4\u00e4ntyv\u00e4 p\u00f6yt\u00e4 senkkill\u00e4 FOLDY - Radis\",\"isPartOf\":{\"@id\":\"https:\\\/\\\/radis.ee\\\/#website\"},\"primaryImageOfPage\":{\"@id\":\"https:\\\/\\\/radis.ee\\\/pooratav-laud-kummutiga-foldy\\\/#primaryimage\"},\"image\":{\"@id\":\"https:\\\/\\\/radis.ee\\\/pooratav-laud-kummutiga-foldy\\\/#primaryimage\"},\"thumbnailUrl\":\"https:\\\/\\\/radis.ee\\\/wp-content\\\/uploads\\\/2020\\\/10\\\/RADIS_swivel_table_with_sideboard_-FOLDY_oak_veneered_back_stain_white_background-scaled.jpg\",\"datePublished\":\"2022-10-07T18:45:28+00:00\",\"breadcrumb\":{\"@id\":\"https:\\\/\\\/radis.ee\\\/pooratav-laud-kummutiga-foldy\\\/#breadcrumb\"},\"inLanguage\":\"fi\",\"potentialAction\":[{\"@type\":\"ReadAction\",\"target\":[\"https:\\\/\\\/radis.ee\\\/pooratav-laud-kummutiga-foldy\\\/\"]}]},{\"@type\":\"ImageObject\",\"inLanguage\":\"fi\",\"@id\":\"https:\\\/\\\/radis.ee\\\/pooratav-laud-kummutiga-foldy\\\/#primaryimage\",\"url\":\"https:\\\/\\\/radis.ee\\\/wp-content\\\/uploads\\\/2020\\\/10\\\/RADIS_swivel_table_with_sideboard_-FOLDY_oak_veneered_back_stain_white_background-scaled.jpg\",\"contentUrl\":\"https:\\\/\\\/radis.ee\\\/wp-content\\\/uploads\\\/2020\\\/10\\\/RADIS_swivel_table_with_sideboard_-FOLDY_oak_veneered_back_stain_white_background-scaled.jpg\",\"width\":2151,\"height\":2560,\"caption\":\"RADIS swivel table with sideboard oak veneered black stained\"},{\"@type\":\"BreadcrumbList\",\"@id\":\"https:\\\/\\\/radis.ee\\\/pooratav-laud-kummutiga-foldy\\\/#breadcrumb\",\"itemListElement\":[{\"@type\":\"ListItem\",\"position\":1,\"name\":\"Home\",\"item\":\"https:\\\/\\\/radis.ee\\\/\"},{\"@type\":\"ListItem\",\"position\":2,\"name\":\"Tuotteet\",\"item\":\"https:\\\/\\\/radis.ee\\\/fi\\\/tuotteet\\\/\"},{\"@type\":\"ListItem\",\"position\":3,\"name\":\"K\u00e4\u00e4ntyv\u00e4 p\u00f6yt\u00e4 senkkill\u00e4 FOLDY\"}]},{\"@type\":\"WebSite\",\"@id\":\"https:\\\/\\\/radis.ee\\\/#website\",\"url\":\"https:\\\/\\\/radis.ee\\\/\",\"name\":\"Radis\",\"description\":\"Nordic design furniture, environmentally friendly and sustainable.\",\"publisher\":{\"@id\":\"https:\\\/\\\/radis.ee\\\/#organization\"},\"potentialAction\":[{\"@type\":\"SearchAction\",\"target\":{\"@type\":\"EntryPoint\",\"urlTemplate\":\"https:\\\/\\\/radis.ee\\\/?s={search_term_string}\"},\"query-input\":{\"@type\":\"PropertyValueSpecification\",\"valueRequired\":true,\"valueName\":\"search_term_string\"}}],\"inLanguage\":\"fi\"},{\"@type\":\"Organization\",\"@id\":\"https:\\\/\\\/radis.ee\\\/#organization\",\"name\":\"Radis O\u00dc\",\"url\":\"https:\\\/\\\/radis.ee\\\/\",\"logo\":{\"@type\":\"ImageObject\",\"inLanguage\":\"fi\",\"@id\":\"https:\\\/\\\/radis.ee\\\/#\\\/schema\\\/logo\\\/image\\\/\",\"url\":\"https:\\\/\\\/radis.ee\\\/wp-content\\\/uploads\\\/2020\\\/10\\\/Radis-logo.png\",\"contentUrl\":\"https:\\\/\\\/radis.ee\\\/wp-content\\\/uploads\\\/2020\\\/10\\\/Radis-logo.png\",\"width\":300,\"height\":63,\"caption\":\"Radis O\u00dc\"},\"image\":{\"@id\":\"https:\\\/\\\/radis.ee\\\/#\\\/schema\\\/logo\\\/image\\\/\"},\"sameAs\":[\"https:\\\/\\\/www.facebook.com\\\/radisfurniture\\\/\"]}]}<\/script>\n<!-- \/ Yoast SEO plugin. -->","yoast_head_json":{"title":"K\u00e4\u00e4ntyv\u00e4 p\u00f6yt\u00e4 senkkill\u00e4 FOLDY - Radis","robots":{"index":"index","follow":"follow","max-snippet":"max-snippet:-1","max-image-preview":"max-image-preview:large","max-video-preview":"max-video-preview:-1"},"canonical":"https:\/\/radis.ee\/pooratav-laud-kummutiga-foldy\/","og_locale":"fi_FI","og_type":"article","og_title":"K\u00e4\u00e4ntyv\u00e4 p\u00f6yt\u00e4 senkkill\u00e4 FOLDY - Radis","og_description":"FOLDY on senkki-ty\u00f6p\u00f6yt\u00e4hybridi, joka pit\u00e4\u00e4 t\u00e4rkeimm\u00e4n asian keskipisteen\u00e4 &#8211; tarpeesi. P\u00f6yt\u00e4levy\u00e4 voidaan k\u00e4\u00e4nt\u00e4\u00e4 ty\u00f6huoneessa sopivimpaan asentoon. Kun et tarvitse, voit taittaa p\u00f6yt\u00e4tason senkin p\u00e4\u00e4lle, jotta se ei vie tilaa. Itse senkkip\u00f6yd\u00e4ss\u00e4 on kaksi liukuovea ja tarpeeksi tilaa kaikkien toimistotarvikkeiden ja kansioiden s\u00e4ilytt\u00e4miseen. FOLDY\u00a0on uusi ja \u00e4lyk\u00e4s ratkaisu kotona ty\u00f6skentelyn aikakaudella. Valmistettu koivuvanerista, my\u00f6s tammiviilutettu tai...","og_url":"https:\/\/radis.ee\/pooratav-laud-kummutiga-foldy\/","og_site_name":"Radis","article_publisher":"https:\/\/www.facebook.com\/radisfurniture\/","og_image":[{"width":2151,"height":2560,"url":"https:\/\/radis.ee\/wp-content\/uploads\/2020\/10\/RADIS_swivel_table_with_sideboard_-FOLDY_oak_veneered_back_stain_white_background-scaled.jpg","type":"image\/jpeg"}],"twitter_card":"summary_large_image","twitter_misc":{"Arvioitu lukuaika":"1 minuutti"},"schema":{"@context":"https:\/\/schema.org","@graph":[{"@type":"WebPage","@id":"https:\/\/radis.ee\/pooratav-laud-kummutiga-foldy\/","url":"https:\/\/radis.ee\/pooratav-laud-kummutiga-foldy\/","name":"K\u00e4\u00e4ntyv\u00e4 p\u00f6yt\u00e4 senkkill\u00e4 FOLDY - Radis","isPartOf":{"@id":"https:\/\/radis.ee\/#website"},"primaryImageOfPage":{"@id":"https:\/\/radis.ee\/pooratav-laud-kummutiga-foldy\/#primaryimage"},"image":{"@id":"https:\/\/radis.ee\/pooratav-laud-kummutiga-foldy\/#primaryimage"},"thumbnailUrl":"https:\/\/radis.ee\/wp-content\/uploads\/2020\/10\/RADIS_swivel_table_with_sideboard_-FOLDY_oak_veneered_back_stain_white_background-scaled.jpg","datePublished":"2022-10-07T18:45:28+00:00","breadcrumb":{"@id":"https:\/\/radis.ee\/pooratav-laud-kummutiga-foldy\/#breadcrumb"},"inLanguage":"fi","potentialAction":[{"@type":"ReadAction","target":["https:\/\/radis.ee\/pooratav-laud-kummutiga-foldy\/"]}]},{"@type":"ImageObject","inLanguage":"fi","@id":"https:\/\/radis.ee\/pooratav-laud-kummutiga-foldy\/#primaryimage","url":"https:\/\/radis.ee\/wp-content\/uploads\/2020\/10\/RADIS_swivel_table_with_sideboard_-FOLDY_oak_veneered_back_stain_white_background-scaled.jpg","contentUrl":"https:\/\/radis.ee\/wp-content\/uploads\/2020\/10\/RADIS_swivel_table_with_sideboard_-FOLDY_oak_veneered_back_stain_white_background-scaled.jpg","width":2151,"height":2560,"caption":"RADIS swivel table with sideboard oak veneered black stained"},{"@type":"BreadcrumbList","@id":"https:\/\/radis.ee\/pooratav-laud-kummutiga-foldy\/#breadcrumb","itemListElement":[{"@type":"ListItem","position":1,"name":"Home","item":"https:\/\/radis.ee\/"},{"@type":"ListItem","position":2,"name":"Tuotteet","item":"https:\/\/radis.ee\/fi\/tuotteet\/"},{"@type":"ListItem","position":3,"name":"K\u00e4\u00e4ntyv\u00e4 p\u00f6yt\u00e4 senkkill\u00e4 FOLDY"}]},{"@type":"WebSite","@id":"https:\/\/radis.ee\/#website","url":"https:\/\/radis.ee\/","name":"Radis","description":"Nordic design furniture, environmentally friendly and sustainable.","publisher":{"@id":"https:\/\/radis.ee\/#organization"},"potentialAction":[{"@type":"SearchAction","target":{"@type":"EntryPoint","urlTemplate":"https:\/\/radis.ee\/?s={search_term_string}"},"query-input":{"@type":"PropertyValueSpecification","valueRequired":true,"valueName":"search_term_string"}}],"inLanguage":"fi"},{"@type":"Organization","@id":"https:\/\/radis.ee\/#organization","name":"Radis O\u00dc","url":"https:\/\/radis.ee\/","logo":{"@type":"ImageObject","inLanguage":"fi","@id":"https:\/\/radis.ee\/#\/schema\/logo\/image\/","url":"https:\/\/radis.ee\/wp-content\/uploads\/2020\/10\/Radis-logo.png","contentUrl":"https:\/\/radis.ee\/wp-content\/uploads\/2020\/10\/Radis-logo.png","width":300,"height":63,"caption":"Radis O\u00dc"},"image":{"@id":"https:\/\/radis.ee\/#\/schema\/logo\/image\/"},"sameAs":["https:\/\/www.facebook.com\/radisfurniture\/"]}]}},"_links":{"self":[{"href":"https:\/\/radis.ee\/fi\/wp-json\/wp\/v2\/product\/15897","targetHints":{"allow":["GET"]}}],"collection":[{"href":"https:\/\/radis.ee\/fi\/wp-json\/wp\/v2\/product"}],"about":[{"href":"https:\/\/radis.ee\/fi\/wp-json\/wp\/v2\/types\/product"}],"replies":[{"embeddable":true,"href":"https:\/\/radis.ee\/fi\/wp-json\/wp\/v2\/comments?post=15897"}],"wp:featuredmedia":[{"embeddable":true,"href":"https:\/\/radis.ee\/fi\/wp-json\/wp\/v2\/media\/16206"}],"wp:attachment":[{"href":"https:\/\/radis.ee\/fi\/wp-json\/wp\/v2\/media?parent=15897"}],"wp:term":[{"taxonomy":"product_brand","embeddable":true,"href":"https:\/\/radis.ee\/fi\/wp-json\/wp\/v2\/product_brand?post=15897"},{"taxonomy":"product_cat","embeddable":true,"href":"https:\/\/radis.ee\/fi\/wp-json\/wp\/v2\/product_cat?post=15897"},{"taxonomy":"product_tag","embeddable":true,"href":"https:\/\/radis.ee\/fi\/wp-json\/wp\/v2\/product_tag?post=15897"}],"curies":[{"name":"wp","href":"https:\/\/api.w.org\/{rel}","templated":true}]}}