{"id":16149,"date":"2020-10-10T22:03:12","date_gmt":"2020-10-10T19:03:12","guid":{"rendered":"https:\/\/radis.ee\/?post_type=product&#038;p=16149"},"modified":"2024-01-30T22:29:06","modified_gmt":"2024-01-30T20:29:06","slug":"senkki-romb-2x2","status":"publish","type":"product","link":"https:\/\/radis.ee\/fi\/senkki-romb-2x2\/","title":{"rendered":"Senkki ROMB 2X2"},"content":{"rendered":"<p>Monet ihmiset eiv\u00e4t tied\u00e4 t\u00e4t\u00e4, mutta kaapin kauneudella on tietyt rajat. Esimerkiksi lipasto ei voi olla kauniimpi kuin t\u00e4m\u00e4. Eik\u00f6 se ole ilmeist\u00e4? Vain sin\u00e4 n\u00e4et n\u00e4iden h\u00e4mment\u00e4vien ovien taakse.<\/p>\n<p>Hyllyjen sis\u00e4korkeus on 33 cm, joten se sopii my\u00f6s toimistoon kansioiden sijoittamiseen. Valmistettu korkealaatuisesta koivuvanerista, \u00f6ljyvahatusta tai valkoisesta Koskisen HPL-vanerista tai Forescolorista. Push2open oven saranat, jotka avautuvat ja sulkeutuvat paineella.<\/p>\n<p>Ovien kuvio on kaiverrettu. Ovien takana on 67 cm leve\u00e4 hylly. Kellari 8 cm korkea, joka sopii erilaisiin jalkalistaan.<\/p>\n","protected":false},"excerpt":{"rendered":"<p>Monet ihmiset eiv\u00e4t tied\u00e4 t\u00e4t\u00e4, mutta kaapin kauneudella on tietyt rajat. Esimerkiksi lipasto ei voi olla kauniimpi kuin t\u00e4m\u00e4. Eik\u00f6 se ole ilmeist\u00e4? Vain sin\u00e4 n\u00e4et n\u00e4iden h\u00e4mment\u00e4vien ovien taakse. Hyllyjen sis\u00e4korkeus on 33 cm, joten se sopii my\u00f6s toimistoon kansioiden sijoittamiseen. Valmistettu korkealaatuisesta koivuvanerista, \u00f6ljyvahatusta tai valkoisesta Koskisen HPL-vanerista tai Forescolorista. Push2open oven saranat,&#8230;<\/p>\n","protected":false},"featured_media":16200,"comment_status":"open","ping_status":"closed","template":"","meta":{"_acf_changed":false},"product_brand":[],"product_cat":[17],"product_tag":[],"class_list":{"0":"post-16149","1":"product","2":"type-product","3":"status-publish","4":"has-post-thumbnail","6":"product_cat-kummutid","8":"first","9":"instock","10":"taxable","11":"shipping-taxable","12":"purchasable","13":"product-type-variable","14":"has-default-attributes"},"acf":[],"yoast_head":"<!-- This site is optimized with the Yoast SEO plugin v27.4 - https:\/\/yoast.com\/product\/yoast-seo-wordpress\/ -->\n<title>Senkki ROMB 2X2 - Radis<\/title>\n<meta name=\"robots\" content=\"index, follow, max-snippet:-1, max-image-preview:large, max-video-preview:-1\" \/>\n<link rel=\"canonical\" href=\"https:\/\/radis.ee\/fi\/senkki-romb-2x2\/\" \/>\n<meta property=\"og:locale\" content=\"fi_FI\" \/>\n<meta property=\"og:type\" content=\"article\" \/>\n<meta property=\"og:title\" content=\"Senkki ROMB 2X2 - Radis\" \/>\n<meta property=\"og:description\" content=\"Monet ihmiset eiv\u00e4t tied\u00e4 t\u00e4t\u00e4, mutta kaapin kauneudella on tietyt rajat. Esimerkiksi lipasto ei voi olla kauniimpi kuin t\u00e4m\u00e4. Eik\u00f6 se ole ilmeist\u00e4? Vain sin\u00e4 n\u00e4et n\u00e4iden h\u00e4mment\u00e4vien ovien taakse. Hyllyjen sis\u00e4korkeus on 33 cm, joten se sopii my\u00f6s toimistoon kansioiden sijoittamiseen. Valmistettu korkealaatuisesta koivuvanerista, \u00f6ljyvahatusta tai valkoisesta Koskisen HPL-vanerista tai Forescolorista. Push2open oven saranat,...\" \/>\n<meta property=\"og:url\" content=\"https:\/\/radis.ee\/fi\/senkki-romb-2x2\/\" \/>\n<meta property=\"og:site_name\" content=\"Radis\" \/>\n<meta property=\"article:publisher\" content=\"https:\/\/www.facebook.com\/radisfurniture\/\" \/>\n<meta property=\"article:modified_time\" content=\"2024-01-30T20:29:06+00:00\" \/>\n<meta property=\"og:image\" content=\"https:\/\/radis.ee\/wp-content\/uploads\/2020\/10\/RADIS_sideboard-ROMB_2x2_Grey_Forescolor_white_background-scaled.jpg\" \/>\n\t<meta property=\"og:image:width\" content=\"2149\" \/>\n\t<meta property=\"og:image:height\" content=\"2560\" \/>\n\t<meta property=\"og:image:type\" content=\"image\/jpeg\" \/>\n<meta name=\"twitter:card\" content=\"summary_large_image\" \/>\n<script type=\"application\/ld+json\" class=\"yoast-schema-graph\">{\"@context\":\"https:\\\/\\\/schema.org\",\"@graph\":[{\"@type\":\"WebPage\",\"@id\":\"https:\\\/\\\/radis.ee\\\/fi\\\/senkki-romb-2x2\\\/\",\"url\":\"https:\\\/\\\/radis.ee\\\/fi\\\/senkki-romb-2x2\\\/\",\"name\":\"Senkki ROMB 2X2 - Radis\",\"isPartOf\":{\"@id\":\"https:\\\/\\\/radis.ee\\\/#website\"},\"primaryImageOfPage\":{\"@id\":\"https:\\\/\\\/radis.ee\\\/fi\\\/senkki-romb-2x2\\\/#primaryimage\"},\"image\":{\"@id\":\"https:\\\/\\\/radis.ee\\\/fi\\\/senkki-romb-2x2\\\/#primaryimage\"},\"thumbnailUrl\":\"https:\\\/\\\/radis.ee\\\/wp-content\\\/uploads\\\/2020\\\/10\\\/RADIS_sideboard-ROMB_2x2_Grey_Forescolor_white_background-scaled.jpg\",\"datePublished\":\"2020-10-10T19:03:12+00:00\",\"dateModified\":\"2024-01-30T20:29:06+00:00\",\"breadcrumb\":{\"@id\":\"https:\\\/\\\/radis.ee\\\/fi\\\/senkki-romb-2x2\\\/#breadcrumb\"},\"inLanguage\":\"fi\",\"potentialAction\":[{\"@type\":\"ReadAction\",\"target\":[\"https:\\\/\\\/radis.ee\\\/fi\\\/senkki-romb-2x2\\\/\"]}]},{\"@type\":\"ImageObject\",\"inLanguage\":\"fi\",\"@id\":\"https:\\\/\\\/radis.ee\\\/fi\\\/senkki-romb-2x2\\\/#primaryimage\",\"url\":\"https:\\\/\\\/radis.ee\\\/wp-content\\\/uploads\\\/2020\\\/10\\\/RADIS_sideboard-ROMB_2x2_Grey_Forescolor_white_background-scaled.jpg\",\"contentUrl\":\"https:\\\/\\\/radis.ee\\\/wp-content\\\/uploads\\\/2020\\\/10\\\/RADIS_sideboard-ROMB_2x2_Grey_Forescolor_white_background-scaled.jpg\",\"width\":2149,\"height\":2560,\"caption\":\"RADIS sideboard ROMB 2X2 GREY FORESCOLOR\"},{\"@type\":\"BreadcrumbList\",\"@id\":\"https:\\\/\\\/radis.ee\\\/fi\\\/senkki-romb-2x2\\\/#breadcrumb\",\"itemListElement\":[{\"@type\":\"ListItem\",\"position\":1,\"name\":\"Home\",\"item\":\"https:\\\/\\\/radis.ee\\\/\"},{\"@type\":\"ListItem\",\"position\":2,\"name\":\"Tuotteet\",\"item\":\"https:\\\/\\\/radis.ee\\\/fi\\\/tuotteet\\\/\"},{\"@type\":\"ListItem\",\"position\":3,\"name\":\"Senkki ROMB 2X2\"}]},{\"@type\":\"WebSite\",\"@id\":\"https:\\\/\\\/radis.ee\\\/#website\",\"url\":\"https:\\\/\\\/radis.ee\\\/\",\"name\":\"Radis\",\"description\":\"Nordic design furniture, environmentally friendly and sustainable.\",\"publisher\":{\"@id\":\"https:\\\/\\\/radis.ee\\\/#organization\"},\"potentialAction\":[{\"@type\":\"SearchAction\",\"target\":{\"@type\":\"EntryPoint\",\"urlTemplate\":\"https:\\\/\\\/radis.ee\\\/?s={search_term_string}\"},\"query-input\":{\"@type\":\"PropertyValueSpecification\",\"valueRequired\":true,\"valueName\":\"search_term_string\"}}],\"inLanguage\":\"fi\"},{\"@type\":\"Organization\",\"@id\":\"https:\\\/\\\/radis.ee\\\/#organization\",\"name\":\"Radis O\u00dc\",\"url\":\"https:\\\/\\\/radis.ee\\\/\",\"logo\":{\"@type\":\"ImageObject\",\"inLanguage\":\"fi\",\"@id\":\"https:\\\/\\\/radis.ee\\\/#\\\/schema\\\/logo\\\/image\\\/\",\"url\":\"https:\\\/\\\/radis.ee\\\/wp-content\\\/uploads\\\/2020\\\/10\\\/Radis-logo.png\",\"contentUrl\":\"https:\\\/\\\/radis.ee\\\/wp-content\\\/uploads\\\/2020\\\/10\\\/Radis-logo.png\",\"width\":300,\"height\":63,\"caption\":\"Radis O\u00dc\"},\"image\":{\"@id\":\"https:\\\/\\\/radis.ee\\\/#\\\/schema\\\/logo\\\/image\\\/\"},\"sameAs\":[\"https:\\\/\\\/www.facebook.com\\\/radisfurniture\\\/\"]}]}<\/script>\n<!-- \/ Yoast SEO plugin. -->","yoast_head_json":{"title":"Senkki ROMB 2X2 - Radis","robots":{"index":"index","follow":"follow","max-snippet":"max-snippet:-1","max-image-preview":"max-image-preview:large","max-video-preview":"max-video-preview:-1"},"canonical":"https:\/\/radis.ee\/fi\/senkki-romb-2x2\/","og_locale":"fi_FI","og_type":"article","og_title":"Senkki ROMB 2X2 - Radis","og_description":"Monet ihmiset eiv\u00e4t tied\u00e4 t\u00e4t\u00e4, mutta kaapin kauneudella on tietyt rajat. Esimerkiksi lipasto ei voi olla kauniimpi kuin t\u00e4m\u00e4. Eik\u00f6 se ole ilmeist\u00e4? Vain sin\u00e4 n\u00e4et n\u00e4iden h\u00e4mment\u00e4vien ovien taakse. Hyllyjen sis\u00e4korkeus on 33 cm, joten se sopii my\u00f6s toimistoon kansioiden sijoittamiseen. Valmistettu korkealaatuisesta koivuvanerista, \u00f6ljyvahatusta tai valkoisesta Koskisen HPL-vanerista tai Forescolorista. Push2open oven saranat,...","og_url":"https:\/\/radis.ee\/fi\/senkki-romb-2x2\/","og_site_name":"Radis","article_publisher":"https:\/\/www.facebook.com\/radisfurniture\/","article_modified_time":"2024-01-30T20:29:06+00:00","og_image":[{"width":2149,"height":2560,"url":"https:\/\/radis.ee\/wp-content\/uploads\/2020\/10\/RADIS_sideboard-ROMB_2x2_Grey_Forescolor_white_background-scaled.jpg","type":"image\/jpeg"}],"twitter_card":"summary_large_image","schema":{"@context":"https:\/\/schema.org","@graph":[{"@type":"WebPage","@id":"https:\/\/radis.ee\/fi\/senkki-romb-2x2\/","url":"https:\/\/radis.ee\/fi\/senkki-romb-2x2\/","name":"Senkki ROMB 2X2 - Radis","isPartOf":{"@id":"https:\/\/radis.ee\/#website"},"primaryImageOfPage":{"@id":"https:\/\/radis.ee\/fi\/senkki-romb-2x2\/#primaryimage"},"image":{"@id":"https:\/\/radis.ee\/fi\/senkki-romb-2x2\/#primaryimage"},"thumbnailUrl":"https:\/\/radis.ee\/wp-content\/uploads\/2020\/10\/RADIS_sideboard-ROMB_2x2_Grey_Forescolor_white_background-scaled.jpg","datePublished":"2020-10-10T19:03:12+00:00","dateModified":"2024-01-30T20:29:06+00:00","breadcrumb":{"@id":"https:\/\/radis.ee\/fi\/senkki-romb-2x2\/#breadcrumb"},"inLanguage":"fi","potentialAction":[{"@type":"ReadAction","target":["https:\/\/radis.ee\/fi\/senkki-romb-2x2\/"]}]},{"@type":"ImageObject","inLanguage":"fi","@id":"https:\/\/radis.ee\/fi\/senkki-romb-2x2\/#primaryimage","url":"https:\/\/radis.ee\/wp-content\/uploads\/2020\/10\/RADIS_sideboard-ROMB_2x2_Grey_Forescolor_white_background-scaled.jpg","contentUrl":"https:\/\/radis.ee\/wp-content\/uploads\/2020\/10\/RADIS_sideboard-ROMB_2x2_Grey_Forescolor_white_background-scaled.jpg","width":2149,"height":2560,"caption":"RADIS sideboard ROMB 2X2 GREY FORESCOLOR"},{"@type":"BreadcrumbList","@id":"https:\/\/radis.ee\/fi\/senkki-romb-2x2\/#breadcrumb","itemListElement":[{"@type":"ListItem","position":1,"name":"Home","item":"https:\/\/radis.ee\/"},{"@type":"ListItem","position":2,"name":"Tuotteet","item":"https:\/\/radis.ee\/fi\/tuotteet\/"},{"@type":"ListItem","position":3,"name":"Senkki ROMB 2X2"}]},{"@type":"WebSite","@id":"https:\/\/radis.ee\/#website","url":"https:\/\/radis.ee\/","name":"Radis","description":"Nordic design furniture, environmentally friendly and sustainable.","publisher":{"@id":"https:\/\/radis.ee\/#organization"},"potentialAction":[{"@type":"SearchAction","target":{"@type":"EntryPoint","urlTemplate":"https:\/\/radis.ee\/?s={search_term_string}"},"query-input":{"@type":"PropertyValueSpecification","valueRequired":true,"valueName":"search_term_string"}}],"inLanguage":"fi"},{"@type":"Organization","@id":"https:\/\/radis.ee\/#organization","name":"Radis O\u00dc","url":"https:\/\/radis.ee\/","logo":{"@type":"ImageObject","inLanguage":"fi","@id":"https:\/\/radis.ee\/#\/schema\/logo\/image\/","url":"https:\/\/radis.ee\/wp-content\/uploads\/2020\/10\/Radis-logo.png","contentUrl":"https:\/\/radis.ee\/wp-content\/uploads\/2020\/10\/Radis-logo.png","width":300,"height":63,"caption":"Radis O\u00dc"},"image":{"@id":"https:\/\/radis.ee\/#\/schema\/logo\/image\/"},"sameAs":["https:\/\/www.facebook.com\/radisfurniture\/"]}]}},"_links":{"self":[{"href":"https:\/\/radis.ee\/fi\/wp-json\/wp\/v2\/product\/16149","targetHints":{"allow":["GET"]}}],"collection":[{"href":"https:\/\/radis.ee\/fi\/wp-json\/wp\/v2\/product"}],"about":[{"href":"https:\/\/radis.ee\/fi\/wp-json\/wp\/v2\/types\/product"}],"replies":[{"embeddable":true,"href":"https:\/\/radis.ee\/fi\/wp-json\/wp\/v2\/comments?post=16149"}],"wp:featuredmedia":[{"embeddable":true,"href":"https:\/\/radis.ee\/fi\/wp-json\/wp\/v2\/media\/16200"}],"wp:attachment":[{"href":"https:\/\/radis.ee\/fi\/wp-json\/wp\/v2\/media?parent=16149"}],"wp:term":[{"taxonomy":"product_brand","embeddable":true,"href":"https:\/\/radis.ee\/fi\/wp-json\/wp\/v2\/product_brand?post=16149"},{"taxonomy":"product_cat","embeddable":true,"href":"https:\/\/radis.ee\/fi\/wp-json\/wp\/v2\/product_cat?post=16149"},{"taxonomy":"product_tag","embeddable":true,"href":"https:\/\/radis.ee\/fi\/wp-json\/wp\/v2\/product_tag?post=16149"}],"curies":[{"name":"wp","href":"https:\/\/api.w.org\/{rel}","templated":true}]}}