{"id":16649,"date":"2022-10-08T01:28:08","date_gmt":"2022-10-07T22:28:08","guid":{"rendered":"https:\/\/radis.ee\/?post_type=product&#038;p=16649"},"modified":"2024-03-11T23:24:25","modified_gmt":"2024-03-11T21:24:25","slug":"lipasto-huh","status":"publish","type":"product","link":"https:\/\/radis.ee\/fi\/lipasto-huh\/","title":{"rendered":"Lipasto HUH"},"content":{"rendered":"<p>Etk\u00f6 p\u00e4\u00e4st\u00e4isi ket\u00e4\u00e4n makuuhuoneeseesi? Ja sinun ei pit\u00e4isi tyyty\u00e4 mihin tahansa huonekaluihin, kun on kyse talon rakastetuimmista huoneista.<\/p>\n<p>Lipasto HUH on t\u00e4ydellinen huonekalu useisiin makuuhuoneisiin klassisen ja ajattoman muotoilunsa ansiosta. Nelj\u00e4ss\u00e4 tilavassa laatikossa voi s\u00e4ilytt\u00e4\u00e4 mit\u00e4 tahansa sukista ja alusvaatteista isompiin vaatteisiin.<\/p>\n<p>4 suurella laatikolla senkki-laatikko HUH auttaa pit\u00e4m\u00e4\u00e4n makuuhuoneesi hyv\u00e4n\u00e4 ja siistin\u00e4 s\u00e4ilytysmahdollisuuksilla ja tekee siit\u00e4 modernin ja ajattoman n\u00e4k\u00f6isen hienostuneen muotoilunsa ansiosta.<\/p>\n<p>Valmistettu \u00f6ljyvahatusta koivuvanerista, my\u00f6s tammiviilutettu ja Koskisen HPL vanerilla. Pehme\u00e4sti sulkeutuvat piilolaatikot. 8 cm korkea sokkeli, joka sopii hyvin kaikkien jalkalistaan.<\/p>\n","protected":false},"excerpt":{"rendered":"<p>Etk\u00f6 p\u00e4\u00e4st\u00e4isi ket\u00e4\u00e4n makuuhuoneeseesi? Ja sinun ei pit\u00e4isi tyyty\u00e4 mihin tahansa huonekaluihin, kun on kyse talon rakastetuimmista huoneista. Lipasto HUH on t\u00e4ydellinen huonekalu useisiin makuuhuoneisiin klassisen ja ajattoman muotoilunsa ansiosta. Nelj\u00e4ss\u00e4 tilavassa laatikossa voi s\u00e4ilytt\u00e4\u00e4 mit\u00e4 tahansa sukista ja alusvaatteista isompiin vaatteisiin. 4 suurella laatikolla senkki-laatikko HUH auttaa pit\u00e4m\u00e4\u00e4n makuuhuoneesi hyv\u00e4n\u00e4 ja siistin\u00e4 s\u00e4ilytysmahdollisuuksilla ja&#8230;<\/p>\n","protected":false},"featured_media":16707,"comment_status":"open","ping_status":"closed","template":"","meta":{"_acf_changed":false},"product_brand":[],"product_cat":[17,110],"product_tag":[],"class_list":{"0":"post-16649","1":"product","2":"type-product","3":"status-publish","4":"has-post-thumbnail","6":"product_cat-kummutid","7":"product_cat-riidekapid","9":"first","10":"instock","11":"sale","12":"taxable","13":"shipping-taxable","14":"purchasable","15":"product-type-variable","16":"has-default-attributes"},"acf":[],"yoast_head":"<!-- This site is optimized with the Yoast SEO plugin v27.4 - https:\/\/yoast.com\/product\/yoast-seo-wordpress\/ -->\n<title>Lipasto HUH - Radis<\/title>\n<meta name=\"robots\" content=\"index, follow, max-snippet:-1, max-image-preview:large, max-video-preview:-1\" \/>\n<link rel=\"canonical\" href=\"https:\/\/radis.ee\/sahtel-kummut-huh\/\" \/>\n<meta property=\"og:locale\" content=\"fi_FI\" \/>\n<meta property=\"og:type\" content=\"article\" \/>\n<meta property=\"og:title\" content=\"Lipasto HUH - Radis\" \/>\n<meta property=\"og:description\" content=\"Etk\u00f6 p\u00e4\u00e4st\u00e4isi ket\u00e4\u00e4n makuuhuoneeseesi? Ja sinun ei pit\u00e4isi tyyty\u00e4 mihin tahansa huonekaluihin, kun on kyse talon rakastetuimmista huoneista. Lipasto HUH on t\u00e4ydellinen huonekalu useisiin makuuhuoneisiin klassisen ja ajattoman muotoilunsa ansiosta. Nelj\u00e4ss\u00e4 tilavassa laatikossa voi s\u00e4ilytt\u00e4\u00e4 mit\u00e4 tahansa sukista ja alusvaatteista isompiin vaatteisiin. 4 suurella laatikolla senkki-laatikko HUH auttaa pit\u00e4m\u00e4\u00e4n makuuhuoneesi hyv\u00e4n\u00e4 ja siistin\u00e4 s\u00e4ilytysmahdollisuuksilla ja...\" \/>\n<meta property=\"og:url\" content=\"https:\/\/radis.ee\/sahtel-kummut-huh\/\" \/>\n<meta property=\"og:site_name\" content=\"Radis\" \/>\n<meta property=\"article:publisher\" content=\"https:\/\/www.facebook.com\/radisfurniture\/\" \/>\n<meta property=\"article:modified_time\" content=\"2024-03-11T21:24:25+00:00\" \/>\n<meta property=\"og:image\" content=\"https:\/\/radis.ee\/wp-content\/uploads\/2022\/07\/Radis_Drawer_HUH_white_CPL_plywood-scaled.jpg\" \/>\n\t<meta property=\"og:image:width\" content=\"2560\" \/>\n\t<meta property=\"og:image:height\" content=\"2149\" \/>\n\t<meta property=\"og:image:type\" content=\"image\/jpeg\" \/>\n<meta name=\"twitter:card\" content=\"summary_large_image\" \/>\n<script type=\"application\/ld+json\" class=\"yoast-schema-graph\">{\"@context\":\"https:\\\/\\\/schema.org\",\"@graph\":[{\"@type\":\"WebPage\",\"@id\":\"https:\\\/\\\/radis.ee\\\/sahtel-kummut-huh\\\/\",\"url\":\"https:\\\/\\\/radis.ee\\\/sahtel-kummut-huh\\\/\",\"name\":\"Lipasto HUH - Radis\",\"isPartOf\":{\"@id\":\"https:\\\/\\\/radis.ee\\\/#website\"},\"primaryImageOfPage\":{\"@id\":\"https:\\\/\\\/radis.ee\\\/sahtel-kummut-huh\\\/#primaryimage\"},\"image\":{\"@id\":\"https:\\\/\\\/radis.ee\\\/sahtel-kummut-huh\\\/#primaryimage\"},\"thumbnailUrl\":\"https:\\\/\\\/radis.ee\\\/wp-content\\\/uploads\\\/2022\\\/07\\\/Radis_Drawer_HUH_white_CPL_plywood-scaled.jpg\",\"datePublished\":\"2022-10-07T22:28:08+00:00\",\"dateModified\":\"2024-03-11T21:24:25+00:00\",\"breadcrumb\":{\"@id\":\"https:\\\/\\\/radis.ee\\\/sahtel-kummut-huh\\\/#breadcrumb\"},\"inLanguage\":\"fi\",\"potentialAction\":[{\"@type\":\"ReadAction\",\"target\":[\"https:\\\/\\\/radis.ee\\\/sahtel-kummut-huh\\\/\"]}]},{\"@type\":\"ImageObject\",\"inLanguage\":\"fi\",\"@id\":\"https:\\\/\\\/radis.ee\\\/sahtel-kummut-huh\\\/#primaryimage\",\"url\":\"https:\\\/\\\/radis.ee\\\/wp-content\\\/uploads\\\/2022\\\/07\\\/Radis_Drawer_HUH_white_CPL_plywood-scaled.jpg\",\"contentUrl\":\"https:\\\/\\\/radis.ee\\\/wp-content\\\/uploads\\\/2022\\\/07\\\/Radis_Drawer_HUH_white_CPL_plywood-scaled.jpg\",\"width\":2560,\"height\":2149,\"caption\":\"RADIS drawer HUH white CPL plywood\"},{\"@type\":\"BreadcrumbList\",\"@id\":\"https:\\\/\\\/radis.ee\\\/sahtel-kummut-huh\\\/#breadcrumb\",\"itemListElement\":[{\"@type\":\"ListItem\",\"position\":1,\"name\":\"Home\",\"item\":\"https:\\\/\\\/radis.ee\\\/\"},{\"@type\":\"ListItem\",\"position\":2,\"name\":\"Tuotteet\",\"item\":\"https:\\\/\\\/radis.ee\\\/fi\\\/tuotteet\\\/\"},{\"@type\":\"ListItem\",\"position\":3,\"name\":\"Lipasto HUH\"}]},{\"@type\":\"WebSite\",\"@id\":\"https:\\\/\\\/radis.ee\\\/#website\",\"url\":\"https:\\\/\\\/radis.ee\\\/\",\"name\":\"Radis\",\"description\":\"Nordic design furniture, environmentally friendly and sustainable.\",\"publisher\":{\"@id\":\"https:\\\/\\\/radis.ee\\\/#organization\"},\"potentialAction\":[{\"@type\":\"SearchAction\",\"target\":{\"@type\":\"EntryPoint\",\"urlTemplate\":\"https:\\\/\\\/radis.ee\\\/?s={search_term_string}\"},\"query-input\":{\"@type\":\"PropertyValueSpecification\",\"valueRequired\":true,\"valueName\":\"search_term_string\"}}],\"inLanguage\":\"fi\"},{\"@type\":\"Organization\",\"@id\":\"https:\\\/\\\/radis.ee\\\/#organization\",\"name\":\"Radis O\u00dc\",\"url\":\"https:\\\/\\\/radis.ee\\\/\",\"logo\":{\"@type\":\"ImageObject\",\"inLanguage\":\"fi\",\"@id\":\"https:\\\/\\\/radis.ee\\\/#\\\/schema\\\/logo\\\/image\\\/\",\"url\":\"https:\\\/\\\/radis.ee\\\/wp-content\\\/uploads\\\/2020\\\/10\\\/Radis-logo.png\",\"contentUrl\":\"https:\\\/\\\/radis.ee\\\/wp-content\\\/uploads\\\/2020\\\/10\\\/Radis-logo.png\",\"width\":300,\"height\":63,\"caption\":\"Radis O\u00dc\"},\"image\":{\"@id\":\"https:\\\/\\\/radis.ee\\\/#\\\/schema\\\/logo\\\/image\\\/\"},\"sameAs\":[\"https:\\\/\\\/www.facebook.com\\\/radisfurniture\\\/\"]}]}<\/script>\n<!-- \/ Yoast SEO plugin. -->","yoast_head_json":{"title":"Lipasto HUH - Radis","robots":{"index":"index","follow":"follow","max-snippet":"max-snippet:-1","max-image-preview":"max-image-preview:large","max-video-preview":"max-video-preview:-1"},"canonical":"https:\/\/radis.ee\/sahtel-kummut-huh\/","og_locale":"fi_FI","og_type":"article","og_title":"Lipasto HUH - Radis","og_description":"Etk\u00f6 p\u00e4\u00e4st\u00e4isi ket\u00e4\u00e4n makuuhuoneeseesi? Ja sinun ei pit\u00e4isi tyyty\u00e4 mihin tahansa huonekaluihin, kun on kyse talon rakastetuimmista huoneista. Lipasto HUH on t\u00e4ydellinen huonekalu useisiin makuuhuoneisiin klassisen ja ajattoman muotoilunsa ansiosta. Nelj\u00e4ss\u00e4 tilavassa laatikossa voi s\u00e4ilytt\u00e4\u00e4 mit\u00e4 tahansa sukista ja alusvaatteista isompiin vaatteisiin. 4 suurella laatikolla senkki-laatikko HUH auttaa pit\u00e4m\u00e4\u00e4n makuuhuoneesi hyv\u00e4n\u00e4 ja siistin\u00e4 s\u00e4ilytysmahdollisuuksilla ja...","og_url":"https:\/\/radis.ee\/sahtel-kummut-huh\/","og_site_name":"Radis","article_publisher":"https:\/\/www.facebook.com\/radisfurniture\/","article_modified_time":"2024-03-11T21:24:25+00:00","og_image":[{"width":2560,"height":2149,"url":"https:\/\/radis.ee\/wp-content\/uploads\/2022\/07\/Radis_Drawer_HUH_white_CPL_plywood-scaled.jpg","type":"image\/jpeg"}],"twitter_card":"summary_large_image","schema":{"@context":"https:\/\/schema.org","@graph":[{"@type":"WebPage","@id":"https:\/\/radis.ee\/sahtel-kummut-huh\/","url":"https:\/\/radis.ee\/sahtel-kummut-huh\/","name":"Lipasto HUH - Radis","isPartOf":{"@id":"https:\/\/radis.ee\/#website"},"primaryImageOfPage":{"@id":"https:\/\/radis.ee\/sahtel-kummut-huh\/#primaryimage"},"image":{"@id":"https:\/\/radis.ee\/sahtel-kummut-huh\/#primaryimage"},"thumbnailUrl":"https:\/\/radis.ee\/wp-content\/uploads\/2022\/07\/Radis_Drawer_HUH_white_CPL_plywood-scaled.jpg","datePublished":"2022-10-07T22:28:08+00:00","dateModified":"2024-03-11T21:24:25+00:00","breadcrumb":{"@id":"https:\/\/radis.ee\/sahtel-kummut-huh\/#breadcrumb"},"inLanguage":"fi","potentialAction":[{"@type":"ReadAction","target":["https:\/\/radis.ee\/sahtel-kummut-huh\/"]}]},{"@type":"ImageObject","inLanguage":"fi","@id":"https:\/\/radis.ee\/sahtel-kummut-huh\/#primaryimage","url":"https:\/\/radis.ee\/wp-content\/uploads\/2022\/07\/Radis_Drawer_HUH_white_CPL_plywood-scaled.jpg","contentUrl":"https:\/\/radis.ee\/wp-content\/uploads\/2022\/07\/Radis_Drawer_HUH_white_CPL_plywood-scaled.jpg","width":2560,"height":2149,"caption":"RADIS drawer HUH white CPL plywood"},{"@type":"BreadcrumbList","@id":"https:\/\/radis.ee\/sahtel-kummut-huh\/#breadcrumb","itemListElement":[{"@type":"ListItem","position":1,"name":"Home","item":"https:\/\/radis.ee\/"},{"@type":"ListItem","position":2,"name":"Tuotteet","item":"https:\/\/radis.ee\/fi\/tuotteet\/"},{"@type":"ListItem","position":3,"name":"Lipasto HUH"}]},{"@type":"WebSite","@id":"https:\/\/radis.ee\/#website","url":"https:\/\/radis.ee\/","name":"Radis","description":"Nordic design furniture, environmentally friendly and sustainable.","publisher":{"@id":"https:\/\/radis.ee\/#organization"},"potentialAction":[{"@type":"SearchAction","target":{"@type":"EntryPoint","urlTemplate":"https:\/\/radis.ee\/?s={search_term_string}"},"query-input":{"@type":"PropertyValueSpecification","valueRequired":true,"valueName":"search_term_string"}}],"inLanguage":"fi"},{"@type":"Organization","@id":"https:\/\/radis.ee\/#organization","name":"Radis O\u00dc","url":"https:\/\/radis.ee\/","logo":{"@type":"ImageObject","inLanguage":"fi","@id":"https:\/\/radis.ee\/#\/schema\/logo\/image\/","url":"https:\/\/radis.ee\/wp-content\/uploads\/2020\/10\/Radis-logo.png","contentUrl":"https:\/\/radis.ee\/wp-content\/uploads\/2020\/10\/Radis-logo.png","width":300,"height":63,"caption":"Radis O\u00dc"},"image":{"@id":"https:\/\/radis.ee\/#\/schema\/logo\/image\/"},"sameAs":["https:\/\/www.facebook.com\/radisfurniture\/"]}]}},"_links":{"self":[{"href":"https:\/\/radis.ee\/fi\/wp-json\/wp\/v2\/product\/16649","targetHints":{"allow":["GET"]}}],"collection":[{"href":"https:\/\/radis.ee\/fi\/wp-json\/wp\/v2\/product"}],"about":[{"href":"https:\/\/radis.ee\/fi\/wp-json\/wp\/v2\/types\/product"}],"replies":[{"embeddable":true,"href":"https:\/\/radis.ee\/fi\/wp-json\/wp\/v2\/comments?post=16649"}],"wp:featuredmedia":[{"embeddable":true,"href":"https:\/\/radis.ee\/fi\/wp-json\/wp\/v2\/media\/16707"}],"wp:attachment":[{"href":"https:\/\/radis.ee\/fi\/wp-json\/wp\/v2\/media?parent=16649"}],"wp:term":[{"taxonomy":"product_brand","embeddable":true,"href":"https:\/\/radis.ee\/fi\/wp-json\/wp\/v2\/product_brand?post=16649"},{"taxonomy":"product_cat","embeddable":true,"href":"https:\/\/radis.ee\/fi\/wp-json\/wp\/v2\/product_cat?post=16649"},{"taxonomy":"product_tag","embeddable":true,"href":"https:\/\/radis.ee\/fi\/wp-json\/wp\/v2\/product_tag?post=16649"}],"curies":[{"name":"wp","href":"https:\/\/api.w.org\/{rel}","templated":true}]}}