{"id":17218,"date":"2022-08-12T12:45:35","date_gmt":"2022-08-12T09:45:35","guid":{"rendered":"https:\/\/radis.ee\/?post_type=product&#038;p=17218"},"modified":"2025-11-28T20:52:14","modified_gmt":"2025-11-28T18:52:14","slug":"yopoyta-noble","status":"publish","type":"product","link":"https:\/\/radis.ee\/fi\/yopoyta-noble\/","title":{"rendered":"Y\u00f6p\u00f6yt\u00e4 NOBLE"},"content":{"rendered":"<p>NOBLE-y\u00f6p\u00f6yt\u00e4 on taikuutta. Se kelluu vaivattomasti ilmassa, mik\u00e4 tekee makuuhuoneen puhdistamisesta helppoa. Se, ett\u00e4 se ei kosketa maata, tarkoittaa, ett\u00e4 robottip\u00f6lynimurisi voi tehd\u00e4 ty\u00f6ns\u00e4 ilman h\u00e4iri\u00f6tekij\u00f6it\u00e4.<\/p>\n<p>Siin\u00e4 on pehme\u00e4sti sulkeutuva laatikko ja hylly, joten voit helposti pit\u00e4\u00e4 kirjat, nen\u00e4liinat ja kaiken muun tarpeellisen k\u00e4den ulottuvilla.<\/p>\n<p>Yksinkertainen neli\u00f6n muoto tekee siit\u00e4 sopivan kaikentyyppisiin sis\u00e4tiloihin ja s\u00e4nkytyyppeihin.<\/p>\n<p>Valmistettu koivuvanerista tammiviilulla, \u00f6ljyvahattu. Ja my\u00f6s valkoinen korkeapainelaminaatti HPL vanerilla. Y\u00f6p\u00f6yt\u00e4 on jo koottu. Luonnollisen vanerin laatikon leveys on 30 cm, syvyys 29 cm, korkeus 11 cm.<\/p>\n<p>Y\u00f6p\u00f6yt\u00e4 on ripustettava sein\u00e4lle taustalevyll\u00e4 ja valinnaisesti 16 cm korkeilla tammijaloilla.<\/p>\n","protected":false},"excerpt":{"rendered":"<p>NOBLE-y\u00f6p\u00f6yt\u00e4 on taikuutta. Se kelluu vaivattomasti ilmassa, mik\u00e4 tekee makuuhuoneen puhdistamisesta helppoa. Se, ett\u00e4 se ei kosketa maata, tarkoittaa, ett\u00e4 robottip\u00f6lynimurisi voi tehd\u00e4 ty\u00f6ns\u00e4 ilman h\u00e4iri\u00f6tekij\u00f6it\u00e4. Siin\u00e4 on pehme\u00e4sti sulkeutuva laatikko ja hylly, joten voit helposti pit\u00e4\u00e4 kirjat, nen\u00e4liinat ja kaiken muun tarpeellisen k\u00e4den ulottuvilla. Yksinkertainen neli\u00f6n muoto tekee siit\u00e4 sopivan kaikentyyppisiin sis\u00e4tiloihin ja s\u00e4nkytyyppeihin&#8230;.<\/p>\n","protected":false},"featured_media":17233,"comment_status":"open","ping_status":"closed","template":"","meta":{"_acf_changed":false},"product_brand":[],"product_cat":[34,113],"product_tag":[],"class_list":{"0":"post-17218","1":"product","2":"type-product","3":"status-publish","4":"has-post-thumbnail","6":"product_cat-aksessuaarid","7":"product_cat-voodid","9":"first","10":"instock","11":"taxable","12":"shipping-taxable","13":"purchasable","14":"product-type-variable","15":"has-default-attributes"},"acf":[],"yoast_head":"<!-- This site is optimized with the Yoast SEO plugin v27.4 - https:\/\/yoast.com\/product\/yoast-seo-wordpress\/ -->\n<title>Y\u00f6p\u00f6yt\u00e4 NOBLE - Radis<\/title>\n<meta name=\"robots\" content=\"index, follow, max-snippet:-1, max-image-preview:large, max-video-preview:-1\" \/>\n<link rel=\"canonical\" href=\"https:\/\/radis.ee\/fi\/yopoyta-noble\/\" \/>\n<meta property=\"og:locale\" content=\"fi_FI\" \/>\n<meta property=\"og:type\" content=\"article\" \/>\n<meta property=\"og:title\" content=\"Y\u00f6p\u00f6yt\u00e4 NOBLE - Radis\" \/>\n<meta property=\"og:description\" content=\"NOBLE-y\u00f6p\u00f6yt\u00e4 on taikuutta. Se kelluu vaivattomasti ilmassa, mik\u00e4 tekee makuuhuoneen puhdistamisesta helppoa. Se, ett\u00e4 se ei kosketa maata, tarkoittaa, ett\u00e4 robottip\u00f6lynimurisi voi tehd\u00e4 ty\u00f6ns\u00e4 ilman h\u00e4iri\u00f6tekij\u00f6it\u00e4. Siin\u00e4 on pehme\u00e4sti sulkeutuva laatikko ja hylly, joten voit helposti pit\u00e4\u00e4 kirjat, nen\u00e4liinat ja kaiken muun tarpeellisen k\u00e4den ulottuvilla. Yksinkertainen neli\u00f6n muoto tekee siit\u00e4 sopivan kaikentyyppisiin sis\u00e4tiloihin ja s\u00e4nkytyyppeihin....\" \/>\n<meta property=\"og:url\" content=\"https:\/\/radis.ee\/fi\/yopoyta-noble\/\" \/>\n<meta property=\"og:site_name\" content=\"Radis\" \/>\n<meta property=\"article:publisher\" content=\"https:\/\/www.facebook.com\/radisfurniture\/\" \/>\n<meta property=\"article:modified_time\" content=\"2025-11-28T18:52:14+00:00\" \/>\n<meta property=\"og:image\" content=\"https:\/\/radis.ee\/wp-content\/uploads\/2022\/09\/RADIS_bedside_table_NOBLE_Oak_veneered_white_background.jpg\" \/>\n\t<meta property=\"og:image:width\" content=\"1200\" \/>\n\t<meta property=\"og:image:height\" content=\"1429\" \/>\n\t<meta property=\"og:image:type\" content=\"image\/jpeg\" \/>\n<meta name=\"twitter:card\" content=\"summary_large_image\" \/>\n<meta name=\"twitter:label1\" content=\"Arvioitu lukuaika\" \/>\n\t<meta name=\"twitter:data1\" content=\"1 minuutti\" \/>\n<script type=\"application\/ld+json\" class=\"yoast-schema-graph\">{\"@context\":\"https:\\\/\\\/schema.org\",\"@graph\":[{\"@type\":\"WebPage\",\"@id\":\"https:\\\/\\\/radis.ee\\\/fi\\\/yopoyta-noble\\\/\",\"url\":\"https:\\\/\\\/radis.ee\\\/fi\\\/yopoyta-noble\\\/\",\"name\":\"Y\u00f6p\u00f6yt\u00e4 NOBLE - Radis\",\"isPartOf\":{\"@id\":\"https:\\\/\\\/radis.ee\\\/#website\"},\"primaryImageOfPage\":{\"@id\":\"https:\\\/\\\/radis.ee\\\/fi\\\/yopoyta-noble\\\/#primaryimage\"},\"image\":{\"@id\":\"https:\\\/\\\/radis.ee\\\/fi\\\/yopoyta-noble\\\/#primaryimage\"},\"thumbnailUrl\":\"https:\\\/\\\/radis.ee\\\/wp-content\\\/uploads\\\/2022\\\/09\\\/RADIS_bedside_table_NOBLE_Oak_veneered_white_background.jpg\",\"datePublished\":\"2022-08-12T09:45:35+00:00\",\"dateModified\":\"2025-11-28T18:52:14+00:00\",\"breadcrumb\":{\"@id\":\"https:\\\/\\\/radis.ee\\\/fi\\\/yopoyta-noble\\\/#breadcrumb\"},\"inLanguage\":\"fi\",\"potentialAction\":[{\"@type\":\"ReadAction\",\"target\":[\"https:\\\/\\\/radis.ee\\\/fi\\\/yopoyta-noble\\\/\"]}]},{\"@type\":\"ImageObject\",\"inLanguage\":\"fi\",\"@id\":\"https:\\\/\\\/radis.ee\\\/fi\\\/yopoyta-noble\\\/#primaryimage\",\"url\":\"https:\\\/\\\/radis.ee\\\/wp-content\\\/uploads\\\/2022\\\/09\\\/RADIS_bedside_table_NOBLE_Oak_veneered_white_background.jpg\",\"contentUrl\":\"https:\\\/\\\/radis.ee\\\/wp-content\\\/uploads\\\/2022\\\/09\\\/RADIS_bedside_table_NOBLE_Oak_veneered_white_background.jpg\",\"width\":1200,\"height\":1429,\"caption\":\"Bedside table NOBLE\"},{\"@type\":\"BreadcrumbList\",\"@id\":\"https:\\\/\\\/radis.ee\\\/fi\\\/yopoyta-noble\\\/#breadcrumb\",\"itemListElement\":[{\"@type\":\"ListItem\",\"position\":1,\"name\":\"Home\",\"item\":\"https:\\\/\\\/radis.ee\\\/\"},{\"@type\":\"ListItem\",\"position\":2,\"name\":\"Tuotteet\",\"item\":\"https:\\\/\\\/radis.ee\\\/fi\\\/tuotteet\\\/\"},{\"@type\":\"ListItem\",\"position\":3,\"name\":\"Y\u00f6p\u00f6yt\u00e4 NOBLE\"}]},{\"@type\":\"WebSite\",\"@id\":\"https:\\\/\\\/radis.ee\\\/#website\",\"url\":\"https:\\\/\\\/radis.ee\\\/\",\"name\":\"Radis\",\"description\":\"Nordic design furniture, environmentally friendly and sustainable.\",\"publisher\":{\"@id\":\"https:\\\/\\\/radis.ee\\\/#organization\"},\"potentialAction\":[{\"@type\":\"SearchAction\",\"target\":{\"@type\":\"EntryPoint\",\"urlTemplate\":\"https:\\\/\\\/radis.ee\\\/?s={search_term_string}\"},\"query-input\":{\"@type\":\"PropertyValueSpecification\",\"valueRequired\":true,\"valueName\":\"search_term_string\"}}],\"inLanguage\":\"fi\"},{\"@type\":\"Organization\",\"@id\":\"https:\\\/\\\/radis.ee\\\/#organization\",\"name\":\"Radis O\u00dc\",\"url\":\"https:\\\/\\\/radis.ee\\\/\",\"logo\":{\"@type\":\"ImageObject\",\"inLanguage\":\"fi\",\"@id\":\"https:\\\/\\\/radis.ee\\\/#\\\/schema\\\/logo\\\/image\\\/\",\"url\":\"https:\\\/\\\/radis.ee\\\/wp-content\\\/uploads\\\/2020\\\/10\\\/Radis-logo.png\",\"contentUrl\":\"https:\\\/\\\/radis.ee\\\/wp-content\\\/uploads\\\/2020\\\/10\\\/Radis-logo.png\",\"width\":300,\"height\":63,\"caption\":\"Radis O\u00dc\"},\"image\":{\"@id\":\"https:\\\/\\\/radis.ee\\\/#\\\/schema\\\/logo\\\/image\\\/\"},\"sameAs\":[\"https:\\\/\\\/www.facebook.com\\\/radisfurniture\\\/\"]}]}<\/script>\n<!-- \/ Yoast SEO plugin. -->","yoast_head_json":{"title":"Y\u00f6p\u00f6yt\u00e4 NOBLE - Radis","robots":{"index":"index","follow":"follow","max-snippet":"max-snippet:-1","max-image-preview":"max-image-preview:large","max-video-preview":"max-video-preview:-1"},"canonical":"https:\/\/radis.ee\/fi\/yopoyta-noble\/","og_locale":"fi_FI","og_type":"article","og_title":"Y\u00f6p\u00f6yt\u00e4 NOBLE - Radis","og_description":"NOBLE-y\u00f6p\u00f6yt\u00e4 on taikuutta. Se kelluu vaivattomasti ilmassa, mik\u00e4 tekee makuuhuoneen puhdistamisesta helppoa. Se, ett\u00e4 se ei kosketa maata, tarkoittaa, ett\u00e4 robottip\u00f6lynimurisi voi tehd\u00e4 ty\u00f6ns\u00e4 ilman h\u00e4iri\u00f6tekij\u00f6it\u00e4. Siin\u00e4 on pehme\u00e4sti sulkeutuva laatikko ja hylly, joten voit helposti pit\u00e4\u00e4 kirjat, nen\u00e4liinat ja kaiken muun tarpeellisen k\u00e4den ulottuvilla. Yksinkertainen neli\u00f6n muoto tekee siit\u00e4 sopivan kaikentyyppisiin sis\u00e4tiloihin ja s\u00e4nkytyyppeihin....","og_url":"https:\/\/radis.ee\/fi\/yopoyta-noble\/","og_site_name":"Radis","article_publisher":"https:\/\/www.facebook.com\/radisfurniture\/","article_modified_time":"2025-11-28T18:52:14+00:00","og_image":[{"width":1200,"height":1429,"url":"https:\/\/radis.ee\/wp-content\/uploads\/2022\/09\/RADIS_bedside_table_NOBLE_Oak_veneered_white_background.jpg","type":"image\/jpeg"}],"twitter_card":"summary_large_image","twitter_misc":{"Arvioitu lukuaika":"1 minuutti"},"schema":{"@context":"https:\/\/schema.org","@graph":[{"@type":"WebPage","@id":"https:\/\/radis.ee\/fi\/yopoyta-noble\/","url":"https:\/\/radis.ee\/fi\/yopoyta-noble\/","name":"Y\u00f6p\u00f6yt\u00e4 NOBLE - Radis","isPartOf":{"@id":"https:\/\/radis.ee\/#website"},"primaryImageOfPage":{"@id":"https:\/\/radis.ee\/fi\/yopoyta-noble\/#primaryimage"},"image":{"@id":"https:\/\/radis.ee\/fi\/yopoyta-noble\/#primaryimage"},"thumbnailUrl":"https:\/\/radis.ee\/wp-content\/uploads\/2022\/09\/RADIS_bedside_table_NOBLE_Oak_veneered_white_background.jpg","datePublished":"2022-08-12T09:45:35+00:00","dateModified":"2025-11-28T18:52:14+00:00","breadcrumb":{"@id":"https:\/\/radis.ee\/fi\/yopoyta-noble\/#breadcrumb"},"inLanguage":"fi","potentialAction":[{"@type":"ReadAction","target":["https:\/\/radis.ee\/fi\/yopoyta-noble\/"]}]},{"@type":"ImageObject","inLanguage":"fi","@id":"https:\/\/radis.ee\/fi\/yopoyta-noble\/#primaryimage","url":"https:\/\/radis.ee\/wp-content\/uploads\/2022\/09\/RADIS_bedside_table_NOBLE_Oak_veneered_white_background.jpg","contentUrl":"https:\/\/radis.ee\/wp-content\/uploads\/2022\/09\/RADIS_bedside_table_NOBLE_Oak_veneered_white_background.jpg","width":1200,"height":1429,"caption":"Bedside table NOBLE"},{"@type":"BreadcrumbList","@id":"https:\/\/radis.ee\/fi\/yopoyta-noble\/#breadcrumb","itemListElement":[{"@type":"ListItem","position":1,"name":"Home","item":"https:\/\/radis.ee\/"},{"@type":"ListItem","position":2,"name":"Tuotteet","item":"https:\/\/radis.ee\/fi\/tuotteet\/"},{"@type":"ListItem","position":3,"name":"Y\u00f6p\u00f6yt\u00e4 NOBLE"}]},{"@type":"WebSite","@id":"https:\/\/radis.ee\/#website","url":"https:\/\/radis.ee\/","name":"Radis","description":"Nordic design furniture, environmentally friendly and sustainable.","publisher":{"@id":"https:\/\/radis.ee\/#organization"},"potentialAction":[{"@type":"SearchAction","target":{"@type":"EntryPoint","urlTemplate":"https:\/\/radis.ee\/?s={search_term_string}"},"query-input":{"@type":"PropertyValueSpecification","valueRequired":true,"valueName":"search_term_string"}}],"inLanguage":"fi"},{"@type":"Organization","@id":"https:\/\/radis.ee\/#organization","name":"Radis O\u00dc","url":"https:\/\/radis.ee\/","logo":{"@type":"ImageObject","inLanguage":"fi","@id":"https:\/\/radis.ee\/#\/schema\/logo\/image\/","url":"https:\/\/radis.ee\/wp-content\/uploads\/2020\/10\/Radis-logo.png","contentUrl":"https:\/\/radis.ee\/wp-content\/uploads\/2020\/10\/Radis-logo.png","width":300,"height":63,"caption":"Radis O\u00dc"},"image":{"@id":"https:\/\/radis.ee\/#\/schema\/logo\/image\/"},"sameAs":["https:\/\/www.facebook.com\/radisfurniture\/"]}]}},"_links":{"self":[{"href":"https:\/\/radis.ee\/fi\/wp-json\/wp\/v2\/product\/17218","targetHints":{"allow":["GET"]}}],"collection":[{"href":"https:\/\/radis.ee\/fi\/wp-json\/wp\/v2\/product"}],"about":[{"href":"https:\/\/radis.ee\/fi\/wp-json\/wp\/v2\/types\/product"}],"replies":[{"embeddable":true,"href":"https:\/\/radis.ee\/fi\/wp-json\/wp\/v2\/comments?post=17218"}],"wp:featuredmedia":[{"embeddable":true,"href":"https:\/\/radis.ee\/fi\/wp-json\/wp\/v2\/media\/17233"}],"wp:attachment":[{"href":"https:\/\/radis.ee\/fi\/wp-json\/wp\/v2\/media?parent=17218"}],"wp:term":[{"taxonomy":"product_brand","embeddable":true,"href":"https:\/\/radis.ee\/fi\/wp-json\/wp\/v2\/product_brand?post=17218"},{"taxonomy":"product_cat","embeddable":true,"href":"https:\/\/radis.ee\/fi\/wp-json\/wp\/v2\/product_cat?post=17218"},{"taxonomy":"product_tag","embeddable":true,"href":"https:\/\/radis.ee\/fi\/wp-json\/wp\/v2\/product_tag?post=17218"}],"curies":[{"name":"wp","href":"https:\/\/api.w.org\/{rel}","templated":true}]}}