{"id":17967,"date":"2022-02-17T10:24:55","date_gmt":"2022-10-19T07:25:04","guid":{"rendered":"https:\/\/radis.ee\/?post_type=product&#038;p=17967"},"modified":"2022-11-29T11:35:57","modified_gmt":"2022-11-29T09:35:57","slug":"senkki-pix-2x2","status":"publish","type":"product","link":"https:\/\/radis.ee\/fi\/senkki-pix-2x2\/","title":{"rendered":"Senkki PIX 2&#215;2"},"content":{"rendered":"<p>Tilava ja n\u00e4ytt\u00e4v\u00e4 senkki, jossa on paljon s\u00e4ilytystilaa olohuoneeseen, lastenhuoneeseen tai toimistoon. PIX-senkin avulla luot j\u00e4rjestyst\u00e4.<\/p>\n<p>Sis\u00e4hyllyn korkeus on 33 cm, sis\u00e4leveys 67 cm, joten sopii my\u00f6s toimistokansioihin. Tai sopimaan suosikkivinyylilevyillesi.<\/p>\n<p>Valmistettu koivuvanerista, \u00f6ljyvahattu, my\u00f6s tammiviilutettu ja CPL-pinnoitettu. Pehme\u00e4sti sulkeutuvat oven saranat. 8 cm korkea sokkeli, joka sopii hyvin kaikkien jalkalistaan.<\/p>\n","protected":false},"excerpt":{"rendered":"<p>Tilava ja n\u00e4ytt\u00e4v\u00e4 senkki, jossa on paljon s\u00e4ilytystilaa olohuoneeseen, lastenhuoneeseen tai toimistoon. PIX-senkin avulla luot j\u00e4rjestyst\u00e4. Sis\u00e4hyllyn korkeus on 33 cm, sis\u00e4leveys 67 cm, joten sopii my\u00f6s toimistokansioihin. Tai sopimaan suosikkivinyylilevyillesi. Valmistettu koivuvanerista, \u00f6ljyvahattu, my\u00f6s tammiviilutettu ja CPL-pinnoitettu. Pehme\u00e4sti sulkeutuvat oven saranat. 8 cm korkea sokkeli, joka sopii hyvin kaikkien jalkalistaan.<\/p>\n","protected":false},"featured_media":18029,"comment_status":"open","ping_status":"closed","template":"","meta":{"_acf_changed":false},"product_brand":[],"product_cat":[17],"product_tag":[],"class_list":{"0":"post-17967","1":"product","2":"type-product","3":"status-publish","4":"has-post-thumbnail","6":"product_cat-kummutid","8":"first","9":"instock","10":"taxable","11":"shipping-taxable","12":"purchasable","13":"product-type-variable","14":"has-default-attributes"},"acf":[],"yoast_head":"<!-- This site is optimized with the Yoast SEO plugin v27.4 - https:\/\/yoast.com\/product\/yoast-seo-wordpress\/ -->\n<title>Senkki PIX 2x2 - Radis<\/title>\n<meta name=\"robots\" content=\"index, follow, max-snippet:-1, max-image-preview:large, max-video-preview:-1\" \/>\n<link rel=\"canonical\" href=\"https:\/\/radis.ee\/fi\/senkki-pix-2x2\/\" \/>\n<meta property=\"og:locale\" content=\"fi_FI\" \/>\n<meta property=\"og:type\" content=\"article\" \/>\n<meta property=\"og:title\" content=\"Senkki PIX 2x2 - Radis\" \/>\n<meta property=\"og:description\" content=\"Tilava ja n\u00e4ytt\u00e4v\u00e4 senkki, jossa on paljon s\u00e4ilytystilaa olohuoneeseen, lastenhuoneeseen tai toimistoon. PIX-senkin avulla luot j\u00e4rjestyst\u00e4. Sis\u00e4hyllyn korkeus on 33 cm, sis\u00e4leveys 67 cm, joten sopii my\u00f6s toimistokansioihin. Tai sopimaan suosikkivinyylilevyillesi. Valmistettu koivuvanerista, \u00f6ljyvahattu, my\u00f6s tammiviilutettu ja CPL-pinnoitettu. Pehme\u00e4sti sulkeutuvat oven saranat. 8 cm korkea sokkeli, joka sopii hyvin kaikkien jalkalistaan.\" \/>\n<meta property=\"og:url\" content=\"https:\/\/radis.ee\/fi\/senkki-pix-2x2\/\" \/>\n<meta property=\"og:site_name\" content=\"Radis\" \/>\n<meta property=\"article:publisher\" content=\"https:\/\/www.facebook.com\/radisfurniture\/\" \/>\n<meta property=\"article:modified_time\" content=\"2022-11-29T09:35:57+00:00\" \/>\n<meta property=\"og:image\" content=\"https:\/\/radis.ee\/wp-content\/uploads\/2022\/10\/Radis-sideboard-PIX-2x2-pebble-grey-doors-white-osmo-oilwaxed.jpg\" \/>\n\t<meta property=\"og:image:width\" content=\"1200\" \/>\n\t<meta property=\"og:image:height\" content=\"1429\" \/>\n\t<meta property=\"og:image:type\" content=\"image\/jpeg\" \/>\n<meta name=\"twitter:card\" content=\"summary_large_image\" \/>\n<script type=\"application\/ld+json\" class=\"yoast-schema-graph\">{\"@context\":\"https:\\\/\\\/schema.org\",\"@graph\":[{\"@type\":\"WebPage\",\"@id\":\"https:\\\/\\\/radis.ee\\\/fi\\\/senkki-pix-2x2\\\/\",\"url\":\"https:\\\/\\\/radis.ee\\\/fi\\\/senkki-pix-2x2\\\/\",\"name\":\"Senkki PIX 2x2 - Radis\",\"isPartOf\":{\"@id\":\"https:\\\/\\\/radis.ee\\\/#website\"},\"primaryImageOfPage\":{\"@id\":\"https:\\\/\\\/radis.ee\\\/fi\\\/senkki-pix-2x2\\\/#primaryimage\"},\"image\":{\"@id\":\"https:\\\/\\\/radis.ee\\\/fi\\\/senkki-pix-2x2\\\/#primaryimage\"},\"thumbnailUrl\":\"https:\\\/\\\/radis.ee\\\/wp-content\\\/uploads\\\/2022\\\/10\\\/Radis-sideboard-PIX-2x2-pebble-grey-doors-white-osmo-oilwaxed.jpg\",\"datePublished\":\"2022-10-19T07:25:04+00:00\",\"dateModified\":\"2022-11-29T09:35:57+00:00\",\"breadcrumb\":{\"@id\":\"https:\\\/\\\/radis.ee\\\/fi\\\/senkki-pix-2x2\\\/#breadcrumb\"},\"inLanguage\":\"fi\",\"potentialAction\":[{\"@type\":\"ReadAction\",\"target\":[\"https:\\\/\\\/radis.ee\\\/fi\\\/senkki-pix-2x2\\\/\"]}]},{\"@type\":\"ImageObject\",\"inLanguage\":\"fi\",\"@id\":\"https:\\\/\\\/radis.ee\\\/fi\\\/senkki-pix-2x2\\\/#primaryimage\",\"url\":\"https:\\\/\\\/radis.ee\\\/wp-content\\\/uploads\\\/2022\\\/10\\\/Radis-sideboard-PIX-2x2-pebble-grey-doors-white-osmo-oilwaxed.jpg\",\"contentUrl\":\"https:\\\/\\\/radis.ee\\\/wp-content\\\/uploads\\\/2022\\\/10\\\/Radis-sideboard-PIX-2x2-pebble-grey-doors-white-osmo-oilwaxed.jpg\",\"width\":1200,\"height\":1429,\"caption\":\"Radis sideboard PIX 2x2 Pebble Grey doors White Osmo\"},{\"@type\":\"BreadcrumbList\",\"@id\":\"https:\\\/\\\/radis.ee\\\/fi\\\/senkki-pix-2x2\\\/#breadcrumb\",\"itemListElement\":[{\"@type\":\"ListItem\",\"position\":1,\"name\":\"Home\",\"item\":\"https:\\\/\\\/radis.ee\\\/\"},{\"@type\":\"ListItem\",\"position\":2,\"name\":\"Tuotteet\",\"item\":\"https:\\\/\\\/radis.ee\\\/fi\\\/tuotteet\\\/\"},{\"@type\":\"ListItem\",\"position\":3,\"name\":\"Senkki PIX 2&#215;2\"}]},{\"@type\":\"WebSite\",\"@id\":\"https:\\\/\\\/radis.ee\\\/#website\",\"url\":\"https:\\\/\\\/radis.ee\\\/\",\"name\":\"Radis\",\"description\":\"Nordic design furniture, environmentally friendly and sustainable.\",\"publisher\":{\"@id\":\"https:\\\/\\\/radis.ee\\\/#organization\"},\"potentialAction\":[{\"@type\":\"SearchAction\",\"target\":{\"@type\":\"EntryPoint\",\"urlTemplate\":\"https:\\\/\\\/radis.ee\\\/?s={search_term_string}\"},\"query-input\":{\"@type\":\"PropertyValueSpecification\",\"valueRequired\":true,\"valueName\":\"search_term_string\"}}],\"inLanguage\":\"fi\"},{\"@type\":\"Organization\",\"@id\":\"https:\\\/\\\/radis.ee\\\/#organization\",\"name\":\"Radis O\u00dc\",\"url\":\"https:\\\/\\\/radis.ee\\\/\",\"logo\":{\"@type\":\"ImageObject\",\"inLanguage\":\"fi\",\"@id\":\"https:\\\/\\\/radis.ee\\\/#\\\/schema\\\/logo\\\/image\\\/\",\"url\":\"https:\\\/\\\/radis.ee\\\/wp-content\\\/uploads\\\/2020\\\/10\\\/Radis-logo.png\",\"contentUrl\":\"https:\\\/\\\/radis.ee\\\/wp-content\\\/uploads\\\/2020\\\/10\\\/Radis-logo.png\",\"width\":300,\"height\":63,\"caption\":\"Radis O\u00dc\"},\"image\":{\"@id\":\"https:\\\/\\\/radis.ee\\\/#\\\/schema\\\/logo\\\/image\\\/\"},\"sameAs\":[\"https:\\\/\\\/www.facebook.com\\\/radisfurniture\\\/\"]}]}<\/script>\n<!-- \/ Yoast SEO plugin. -->","yoast_head_json":{"title":"Senkki PIX 2x2 - Radis","robots":{"index":"index","follow":"follow","max-snippet":"max-snippet:-1","max-image-preview":"max-image-preview:large","max-video-preview":"max-video-preview:-1"},"canonical":"https:\/\/radis.ee\/fi\/senkki-pix-2x2\/","og_locale":"fi_FI","og_type":"article","og_title":"Senkki PIX 2x2 - Radis","og_description":"Tilava ja n\u00e4ytt\u00e4v\u00e4 senkki, jossa on paljon s\u00e4ilytystilaa olohuoneeseen, lastenhuoneeseen tai toimistoon. PIX-senkin avulla luot j\u00e4rjestyst\u00e4. Sis\u00e4hyllyn korkeus on 33 cm, sis\u00e4leveys 67 cm, joten sopii my\u00f6s toimistokansioihin. Tai sopimaan suosikkivinyylilevyillesi. Valmistettu koivuvanerista, \u00f6ljyvahattu, my\u00f6s tammiviilutettu ja CPL-pinnoitettu. Pehme\u00e4sti sulkeutuvat oven saranat. 8 cm korkea sokkeli, joka sopii hyvin kaikkien jalkalistaan.","og_url":"https:\/\/radis.ee\/fi\/senkki-pix-2x2\/","og_site_name":"Radis","article_publisher":"https:\/\/www.facebook.com\/radisfurniture\/","article_modified_time":"2022-11-29T09:35:57+00:00","og_image":[{"width":1200,"height":1429,"url":"https:\/\/radis.ee\/wp-content\/uploads\/2022\/10\/Radis-sideboard-PIX-2x2-pebble-grey-doors-white-osmo-oilwaxed.jpg","type":"image\/jpeg"}],"twitter_card":"summary_large_image","schema":{"@context":"https:\/\/schema.org","@graph":[{"@type":"WebPage","@id":"https:\/\/radis.ee\/fi\/senkki-pix-2x2\/","url":"https:\/\/radis.ee\/fi\/senkki-pix-2x2\/","name":"Senkki PIX 2x2 - Radis","isPartOf":{"@id":"https:\/\/radis.ee\/#website"},"primaryImageOfPage":{"@id":"https:\/\/radis.ee\/fi\/senkki-pix-2x2\/#primaryimage"},"image":{"@id":"https:\/\/radis.ee\/fi\/senkki-pix-2x2\/#primaryimage"},"thumbnailUrl":"https:\/\/radis.ee\/wp-content\/uploads\/2022\/10\/Radis-sideboard-PIX-2x2-pebble-grey-doors-white-osmo-oilwaxed.jpg","datePublished":"2022-10-19T07:25:04+00:00","dateModified":"2022-11-29T09:35:57+00:00","breadcrumb":{"@id":"https:\/\/radis.ee\/fi\/senkki-pix-2x2\/#breadcrumb"},"inLanguage":"fi","potentialAction":[{"@type":"ReadAction","target":["https:\/\/radis.ee\/fi\/senkki-pix-2x2\/"]}]},{"@type":"ImageObject","inLanguage":"fi","@id":"https:\/\/radis.ee\/fi\/senkki-pix-2x2\/#primaryimage","url":"https:\/\/radis.ee\/wp-content\/uploads\/2022\/10\/Radis-sideboard-PIX-2x2-pebble-grey-doors-white-osmo-oilwaxed.jpg","contentUrl":"https:\/\/radis.ee\/wp-content\/uploads\/2022\/10\/Radis-sideboard-PIX-2x2-pebble-grey-doors-white-osmo-oilwaxed.jpg","width":1200,"height":1429,"caption":"Radis sideboard PIX 2x2 Pebble Grey doors White Osmo"},{"@type":"BreadcrumbList","@id":"https:\/\/radis.ee\/fi\/senkki-pix-2x2\/#breadcrumb","itemListElement":[{"@type":"ListItem","position":1,"name":"Home","item":"https:\/\/radis.ee\/"},{"@type":"ListItem","position":2,"name":"Tuotteet","item":"https:\/\/radis.ee\/fi\/tuotteet\/"},{"@type":"ListItem","position":3,"name":"Senkki PIX 2&#215;2"}]},{"@type":"WebSite","@id":"https:\/\/radis.ee\/#website","url":"https:\/\/radis.ee\/","name":"Radis","description":"Nordic design furniture, environmentally friendly and sustainable.","publisher":{"@id":"https:\/\/radis.ee\/#organization"},"potentialAction":[{"@type":"SearchAction","target":{"@type":"EntryPoint","urlTemplate":"https:\/\/radis.ee\/?s={search_term_string}"},"query-input":{"@type":"PropertyValueSpecification","valueRequired":true,"valueName":"search_term_string"}}],"inLanguage":"fi"},{"@type":"Organization","@id":"https:\/\/radis.ee\/#organization","name":"Radis O\u00dc","url":"https:\/\/radis.ee\/","logo":{"@type":"ImageObject","inLanguage":"fi","@id":"https:\/\/radis.ee\/#\/schema\/logo\/image\/","url":"https:\/\/radis.ee\/wp-content\/uploads\/2020\/10\/Radis-logo.png","contentUrl":"https:\/\/radis.ee\/wp-content\/uploads\/2020\/10\/Radis-logo.png","width":300,"height":63,"caption":"Radis O\u00dc"},"image":{"@id":"https:\/\/radis.ee\/#\/schema\/logo\/image\/"},"sameAs":["https:\/\/www.facebook.com\/radisfurniture\/"]}]}},"_links":{"self":[{"href":"https:\/\/radis.ee\/fi\/wp-json\/wp\/v2\/product\/17967","targetHints":{"allow":["GET"]}}],"collection":[{"href":"https:\/\/radis.ee\/fi\/wp-json\/wp\/v2\/product"}],"about":[{"href":"https:\/\/radis.ee\/fi\/wp-json\/wp\/v2\/types\/product"}],"replies":[{"embeddable":true,"href":"https:\/\/radis.ee\/fi\/wp-json\/wp\/v2\/comments?post=17967"}],"wp:featuredmedia":[{"embeddable":true,"href":"https:\/\/radis.ee\/fi\/wp-json\/wp\/v2\/media\/18029"}],"wp:attachment":[{"href":"https:\/\/radis.ee\/fi\/wp-json\/wp\/v2\/media?parent=17967"}],"wp:term":[{"taxonomy":"product_brand","embeddable":true,"href":"https:\/\/radis.ee\/fi\/wp-json\/wp\/v2\/product_brand?post=17967"},{"taxonomy":"product_cat","embeddable":true,"href":"https:\/\/radis.ee\/fi\/wp-json\/wp\/v2\/product_cat?post=17967"},{"taxonomy":"product_tag","embeddable":true,"href":"https:\/\/radis.ee\/fi\/wp-json\/wp\/v2\/product_tag?post=17967"}],"curies":[{"name":"wp","href":"https:\/\/api.w.org\/{rel}","templated":true}]}}