{"id":18132,"date":"2022-10-24T17:52:52","date_gmt":"2022-10-24T14:53:04","guid":{"rendered":"https:\/\/radis.ee\/?post_type=product&#038;p=18132"},"modified":"2025-01-24T19:54:47","modified_gmt":"2025-01-24T17:54:47","slug":"senkki-noble-4-ovea","status":"publish","type":"product","link":"https:\/\/radis.ee\/fi\/senkki-noble-4-ovea\/","title":{"rendered":"Senkki NOBLE 4 ovea"},"content":{"rendered":"<p>NOBLE-sekkip\u00f6yd\u00e4t ovat kuin upeita taustalaulajia &#8211; vaatimattomia ja ei ylivoimaisia, mutta niiden puuttuessa kokonaisvaikutelma ei ole sama. Ne ovat hienovarainen voima miss\u00e4 tahansa olohuoneessa, toimistossa tai k\u00e4yt\u00e4v\u00e4ss\u00e4. Tarjoaa runsaasti s\u00e4ilytystilaa n\u00e4ytt\u00e4m\u00e4tt\u00e4 kookkaalta ja viem\u00e4tt\u00e4 liikaa lattiatilaa. Halusitpa sitten neliovisen vaihtoehdon tai kaksiovisen senkin kahdella laatikolla, NOBLE on t\u00e4\u00e4ll\u00e4 pit\u00e4m\u00e4\u00e4n tavarasi ja n\u00e4ytt\u00e4\u00e4 tyylikk\u00e4\u00e4lt\u00e4 milloin tahansa.<\/p>\n<p>Kuten muutkin Noble-sarjan tuotteet, se on valmistettu tammiviilusta koivuvanerista ja siin\u00e4 on luonnollisesti hiljaisesti sulkeutuvat Blumin ovensaranat.<\/p>\n<p>Ovien takana on kaksi ovenleve\u00e4\u00e4 hylly\u00e4 s\u00e4\u00e4dett\u00e4v\u00e4ll\u00e4 korkeudella, yhteens\u00e4 4 kpl. Mustaksi pulverimaalatut s\u00e4\u00e4dett\u00e4v\u00e4t metallijalat, korkeus 17 cm. Noble-sekkip\u00f6yd\u00e4ss\u00e4 ei todellakaan ole mit\u00e4\u00e4n, mist\u00e4 ei pit\u00e4isi pit\u00e4\u00e4!<\/p>\n","protected":false},"excerpt":{"rendered":"<p>NOBLE-sekkip\u00f6yd\u00e4t ovat kuin upeita taustalaulajia &#8211; vaatimattomia ja ei ylivoimaisia, mutta niiden puuttuessa kokonaisvaikutelma ei ole sama. Ne ovat hienovarainen voima miss\u00e4 tahansa olohuoneessa, toimistossa tai k\u00e4yt\u00e4v\u00e4ss\u00e4. Tarjoaa runsaasti s\u00e4ilytystilaa n\u00e4ytt\u00e4m\u00e4tt\u00e4 kookkaalta ja viem\u00e4tt\u00e4 liikaa lattiatilaa. Halusitpa sitten neliovisen vaihtoehdon tai kaksiovisen senkin kahdella laatikolla, NOBLE on t\u00e4\u00e4ll\u00e4 pit\u00e4m\u00e4\u00e4n tavarasi ja n\u00e4ytt\u00e4\u00e4 tyylikk\u00e4\u00e4lt\u00e4 milloin tahansa&#8230;.<\/p>\n","protected":false},"featured_media":18385,"comment_status":"open","ping_status":"closed","template":"","meta":{"_acf_changed":false},"product_brand":[],"product_cat":[17],"product_tag":[],"class_list":{"0":"post-18132","1":"product","2":"type-product","3":"status-publish","4":"has-post-thumbnail","6":"product_cat-kummutid","8":"first","9":"instock","10":"sale","11":"taxable","12":"shipping-taxable","13":"purchasable","14":"product-type-variable","15":"has-default-attributes"},"acf":[],"yoast_head":"<!-- This site is optimized with the Yoast SEO plugin v27.4 - https:\/\/yoast.com\/product\/yoast-seo-wordpress\/ -->\n<title>Senkki NOBLE 4 ovea - Radis<\/title>\n<meta name=\"robots\" content=\"index, follow, max-snippet:-1, max-image-preview:large, max-video-preview:-1\" \/>\n<link rel=\"canonical\" href=\"https:\/\/radis.ee\/kummut-noble-4-uksega\/\" \/>\n<meta property=\"og:locale\" content=\"fi_FI\" \/>\n<meta property=\"og:type\" content=\"article\" \/>\n<meta property=\"og:title\" content=\"Senkki NOBLE 4 ovea - Radis\" \/>\n<meta property=\"og:description\" content=\"NOBLE-sekkip\u00f6yd\u00e4t ovat kuin upeita taustalaulajia &#8211; vaatimattomia ja ei ylivoimaisia, mutta niiden puuttuessa kokonaisvaikutelma ei ole sama. Ne ovat hienovarainen voima miss\u00e4 tahansa olohuoneessa, toimistossa tai k\u00e4yt\u00e4v\u00e4ss\u00e4. Tarjoaa runsaasti s\u00e4ilytystilaa n\u00e4ytt\u00e4m\u00e4tt\u00e4 kookkaalta ja viem\u00e4tt\u00e4 liikaa lattiatilaa. Halusitpa sitten neliovisen vaihtoehdon tai kaksiovisen senkin kahdella laatikolla, NOBLE on t\u00e4\u00e4ll\u00e4 pit\u00e4m\u00e4\u00e4n tavarasi ja n\u00e4ytt\u00e4\u00e4 tyylikk\u00e4\u00e4lt\u00e4 milloin tahansa....\" \/>\n<meta property=\"og:url\" content=\"https:\/\/radis.ee\/kummut-noble-4-uksega\/\" \/>\n<meta property=\"og:site_name\" content=\"Radis\" \/>\n<meta property=\"article:publisher\" content=\"https:\/\/www.facebook.com\/radisfurniture\/\" \/>\n<meta property=\"article:modified_time\" content=\"2025-01-24T17:54:47+00:00\" \/>\n<meta property=\"og:image\" content=\"https:\/\/radis.ee\/wp-content\/uploads\/2022\/10\/Radis_sideboard_NOBLE_4doors_Oak_veneered_white_background.jpg\" \/>\n\t<meta property=\"og:image:width\" content=\"1360\" \/>\n\t<meta property=\"og:image:height\" content=\"1620\" \/>\n\t<meta property=\"og:image:type\" content=\"image\/jpeg\" \/>\n<meta name=\"twitter:card\" content=\"summary_large_image\" \/>\n<meta name=\"twitter:label1\" content=\"Arvioitu lukuaika\" \/>\n\t<meta name=\"twitter:data1\" content=\"1 minuutti\" \/>\n<script type=\"application\/ld+json\" class=\"yoast-schema-graph\">{\"@context\":\"https:\\\/\\\/schema.org\",\"@graph\":[{\"@type\":\"WebPage\",\"@id\":\"https:\\\/\\\/radis.ee\\\/kummut-noble-4-uksega\\\/\",\"url\":\"https:\\\/\\\/radis.ee\\\/kummut-noble-4-uksega\\\/\",\"name\":\"Senkki NOBLE 4 ovea - Radis\",\"isPartOf\":{\"@id\":\"https:\\\/\\\/radis.ee\\\/#website\"},\"primaryImageOfPage\":{\"@id\":\"https:\\\/\\\/radis.ee\\\/kummut-noble-4-uksega\\\/#primaryimage\"},\"image\":{\"@id\":\"https:\\\/\\\/radis.ee\\\/kummut-noble-4-uksega\\\/#primaryimage\"},\"thumbnailUrl\":\"https:\\\/\\\/radis.ee\\\/wp-content\\\/uploads\\\/2022\\\/10\\\/Radis_sideboard_NOBLE_4doors_Oak_veneered_white_background.jpg\",\"datePublished\":\"2022-10-24T14:53:04+00:00\",\"dateModified\":\"2025-01-24T17:54:47+00:00\",\"breadcrumb\":{\"@id\":\"https:\\\/\\\/radis.ee\\\/kummut-noble-4-uksega\\\/#breadcrumb\"},\"inLanguage\":\"fi\",\"potentialAction\":[{\"@type\":\"ReadAction\",\"target\":[\"https:\\\/\\\/radis.ee\\\/kummut-noble-4-uksega\\\/\"]}]},{\"@type\":\"ImageObject\",\"inLanguage\":\"fi\",\"@id\":\"https:\\\/\\\/radis.ee\\\/kummut-noble-4-uksega\\\/#primaryimage\",\"url\":\"https:\\\/\\\/radis.ee\\\/wp-content\\\/uploads\\\/2022\\\/10\\\/Radis_sideboard_NOBLE_4doors_Oak_veneered_white_background.jpg\",\"contentUrl\":\"https:\\\/\\\/radis.ee\\\/wp-content\\\/uploads\\\/2022\\\/10\\\/Radis_sideboard_NOBLE_4doors_Oak_veneered_white_background.jpg\",\"width\":1360,\"height\":1620,\"caption\":\"Radis sideboard NOBLE with 4 doors Oak veneered\"},{\"@type\":\"BreadcrumbList\",\"@id\":\"https:\\\/\\\/radis.ee\\\/kummut-noble-4-uksega\\\/#breadcrumb\",\"itemListElement\":[{\"@type\":\"ListItem\",\"position\":1,\"name\":\"Home\",\"item\":\"https:\\\/\\\/radis.ee\\\/\"},{\"@type\":\"ListItem\",\"position\":2,\"name\":\"Tuotteet\",\"item\":\"https:\\\/\\\/radis.ee\\\/fi\\\/tuotteet\\\/\"},{\"@type\":\"ListItem\",\"position\":3,\"name\":\"Senkki NOBLE 4 ovea\"}]},{\"@type\":\"WebSite\",\"@id\":\"https:\\\/\\\/radis.ee\\\/#website\",\"url\":\"https:\\\/\\\/radis.ee\\\/\",\"name\":\"Radis\",\"description\":\"Nordic design furniture, environmentally friendly and sustainable.\",\"publisher\":{\"@id\":\"https:\\\/\\\/radis.ee\\\/#organization\"},\"potentialAction\":[{\"@type\":\"SearchAction\",\"target\":{\"@type\":\"EntryPoint\",\"urlTemplate\":\"https:\\\/\\\/radis.ee\\\/?s={search_term_string}\"},\"query-input\":{\"@type\":\"PropertyValueSpecification\",\"valueRequired\":true,\"valueName\":\"search_term_string\"}}],\"inLanguage\":\"fi\"},{\"@type\":\"Organization\",\"@id\":\"https:\\\/\\\/radis.ee\\\/#organization\",\"name\":\"Radis O\u00dc\",\"url\":\"https:\\\/\\\/radis.ee\\\/\",\"logo\":{\"@type\":\"ImageObject\",\"inLanguage\":\"fi\",\"@id\":\"https:\\\/\\\/radis.ee\\\/#\\\/schema\\\/logo\\\/image\\\/\",\"url\":\"https:\\\/\\\/radis.ee\\\/wp-content\\\/uploads\\\/2020\\\/10\\\/Radis-logo.png\",\"contentUrl\":\"https:\\\/\\\/radis.ee\\\/wp-content\\\/uploads\\\/2020\\\/10\\\/Radis-logo.png\",\"width\":300,\"height\":63,\"caption\":\"Radis O\u00dc\"},\"image\":{\"@id\":\"https:\\\/\\\/radis.ee\\\/#\\\/schema\\\/logo\\\/image\\\/\"},\"sameAs\":[\"https:\\\/\\\/www.facebook.com\\\/radisfurniture\\\/\"]}]}<\/script>\n<!-- \/ Yoast SEO plugin. -->","yoast_head_json":{"title":"Senkki NOBLE 4 ovea - Radis","robots":{"index":"index","follow":"follow","max-snippet":"max-snippet:-1","max-image-preview":"max-image-preview:large","max-video-preview":"max-video-preview:-1"},"canonical":"https:\/\/radis.ee\/kummut-noble-4-uksega\/","og_locale":"fi_FI","og_type":"article","og_title":"Senkki NOBLE 4 ovea - Radis","og_description":"NOBLE-sekkip\u00f6yd\u00e4t ovat kuin upeita taustalaulajia &#8211; vaatimattomia ja ei ylivoimaisia, mutta niiden puuttuessa kokonaisvaikutelma ei ole sama. Ne ovat hienovarainen voima miss\u00e4 tahansa olohuoneessa, toimistossa tai k\u00e4yt\u00e4v\u00e4ss\u00e4. Tarjoaa runsaasti s\u00e4ilytystilaa n\u00e4ytt\u00e4m\u00e4tt\u00e4 kookkaalta ja viem\u00e4tt\u00e4 liikaa lattiatilaa. Halusitpa sitten neliovisen vaihtoehdon tai kaksiovisen senkin kahdella laatikolla, NOBLE on t\u00e4\u00e4ll\u00e4 pit\u00e4m\u00e4\u00e4n tavarasi ja n\u00e4ytt\u00e4\u00e4 tyylikk\u00e4\u00e4lt\u00e4 milloin tahansa....","og_url":"https:\/\/radis.ee\/kummut-noble-4-uksega\/","og_site_name":"Radis","article_publisher":"https:\/\/www.facebook.com\/radisfurniture\/","article_modified_time":"2025-01-24T17:54:47+00:00","og_image":[{"width":1360,"height":1620,"url":"https:\/\/radis.ee\/wp-content\/uploads\/2022\/10\/Radis_sideboard_NOBLE_4doors_Oak_veneered_white_background.jpg","type":"image\/jpeg"}],"twitter_card":"summary_large_image","twitter_misc":{"Arvioitu lukuaika":"1 minuutti"},"schema":{"@context":"https:\/\/schema.org","@graph":[{"@type":"WebPage","@id":"https:\/\/radis.ee\/kummut-noble-4-uksega\/","url":"https:\/\/radis.ee\/kummut-noble-4-uksega\/","name":"Senkki NOBLE 4 ovea - Radis","isPartOf":{"@id":"https:\/\/radis.ee\/#website"},"primaryImageOfPage":{"@id":"https:\/\/radis.ee\/kummut-noble-4-uksega\/#primaryimage"},"image":{"@id":"https:\/\/radis.ee\/kummut-noble-4-uksega\/#primaryimage"},"thumbnailUrl":"https:\/\/radis.ee\/wp-content\/uploads\/2022\/10\/Radis_sideboard_NOBLE_4doors_Oak_veneered_white_background.jpg","datePublished":"2022-10-24T14:53:04+00:00","dateModified":"2025-01-24T17:54:47+00:00","breadcrumb":{"@id":"https:\/\/radis.ee\/kummut-noble-4-uksega\/#breadcrumb"},"inLanguage":"fi","potentialAction":[{"@type":"ReadAction","target":["https:\/\/radis.ee\/kummut-noble-4-uksega\/"]}]},{"@type":"ImageObject","inLanguage":"fi","@id":"https:\/\/radis.ee\/kummut-noble-4-uksega\/#primaryimage","url":"https:\/\/radis.ee\/wp-content\/uploads\/2022\/10\/Radis_sideboard_NOBLE_4doors_Oak_veneered_white_background.jpg","contentUrl":"https:\/\/radis.ee\/wp-content\/uploads\/2022\/10\/Radis_sideboard_NOBLE_4doors_Oak_veneered_white_background.jpg","width":1360,"height":1620,"caption":"Radis sideboard NOBLE with 4 doors Oak veneered"},{"@type":"BreadcrumbList","@id":"https:\/\/radis.ee\/kummut-noble-4-uksega\/#breadcrumb","itemListElement":[{"@type":"ListItem","position":1,"name":"Home","item":"https:\/\/radis.ee\/"},{"@type":"ListItem","position":2,"name":"Tuotteet","item":"https:\/\/radis.ee\/fi\/tuotteet\/"},{"@type":"ListItem","position":3,"name":"Senkki NOBLE 4 ovea"}]},{"@type":"WebSite","@id":"https:\/\/radis.ee\/#website","url":"https:\/\/radis.ee\/","name":"Radis","description":"Nordic design furniture, environmentally friendly and sustainable.","publisher":{"@id":"https:\/\/radis.ee\/#organization"},"potentialAction":[{"@type":"SearchAction","target":{"@type":"EntryPoint","urlTemplate":"https:\/\/radis.ee\/?s={search_term_string}"},"query-input":{"@type":"PropertyValueSpecification","valueRequired":true,"valueName":"search_term_string"}}],"inLanguage":"fi"},{"@type":"Organization","@id":"https:\/\/radis.ee\/#organization","name":"Radis O\u00dc","url":"https:\/\/radis.ee\/","logo":{"@type":"ImageObject","inLanguage":"fi","@id":"https:\/\/radis.ee\/#\/schema\/logo\/image\/","url":"https:\/\/radis.ee\/wp-content\/uploads\/2020\/10\/Radis-logo.png","contentUrl":"https:\/\/radis.ee\/wp-content\/uploads\/2020\/10\/Radis-logo.png","width":300,"height":63,"caption":"Radis O\u00dc"},"image":{"@id":"https:\/\/radis.ee\/#\/schema\/logo\/image\/"},"sameAs":["https:\/\/www.facebook.com\/radisfurniture\/"]}]}},"_links":{"self":[{"href":"https:\/\/radis.ee\/fi\/wp-json\/wp\/v2\/product\/18132","targetHints":{"allow":["GET"]}}],"collection":[{"href":"https:\/\/radis.ee\/fi\/wp-json\/wp\/v2\/product"}],"about":[{"href":"https:\/\/radis.ee\/fi\/wp-json\/wp\/v2\/types\/product"}],"replies":[{"embeddable":true,"href":"https:\/\/radis.ee\/fi\/wp-json\/wp\/v2\/comments?post=18132"}],"wp:featuredmedia":[{"embeddable":true,"href":"https:\/\/radis.ee\/fi\/wp-json\/wp\/v2\/media\/18385"}],"wp:attachment":[{"href":"https:\/\/radis.ee\/fi\/wp-json\/wp\/v2\/media?parent=18132"}],"wp:term":[{"taxonomy":"product_brand","embeddable":true,"href":"https:\/\/radis.ee\/fi\/wp-json\/wp\/v2\/product_brand?post=18132"},{"taxonomy":"product_cat","embeddable":true,"href":"https:\/\/radis.ee\/fi\/wp-json\/wp\/v2\/product_cat?post=18132"},{"taxonomy":"product_tag","embeddable":true,"href":"https:\/\/radis.ee\/fi\/wp-json\/wp\/v2\/product_tag?post=18132"}],"curies":[{"name":"wp","href":"https:\/\/api.w.org\/{rel}","templated":true}]}}