{"id":18747,"date":"2022-10-15T16:33:10","date_gmt":"2022-10-27T17:33:31","guid":{"rendered":"https:\/\/radis.ee\/?post_type=product&#038;p=18747"},"modified":"2024-03-05T19:37:45","modified_gmt":"2024-03-05T17:37:45","slug":"hyllysto-step-l","status":"publish","type":"product","link":"https:\/\/radis.ee\/fi\/hyllysto-step-l\/","title":{"rendered":"Hyllyst\u00f6 STEP L"},"content":{"rendered":"<p>Astu tulevaisuuteen STEP-hyllyll\u00e4. Diagonaaliset kulmat antavat sille todellisen futuristisen tunnelman. Jaksottaiset hyllyt ja ovet luovat hienon geometrisen leikin ja antavat sinulle vaihtoehtoja &#8211; voit n\u00e4ytt\u00e4\u00e4 joitain asioita, mutta j\u00e4tt\u00e4\u00e4 osan pois n\u00e4kyvist\u00e4. STEPi\u00e4 on nelj\u00e4 eri leveytt\u00e4 ja useita eri korkeuksia. L\u00f6yd\u00e4 t\u00e4ydellinen STEP!<\/p>\n<p>Jokainen hyllyv\u00e4li on my\u00f6s kaappi, jonka avautumissuunnan voit valita itse hyllynjakajalla. Hyllyv\u00e4lin korkeus on 33 cm, joten hyllyihin mahtuvat my\u00f6s korkeammat kansiot ja kirjat. Kaapin sis\u00e4leveys on 33 cm. 8 cm korkea sokkeli, joka sopii hyvin kaikkien jalkalistaan.<\/p>\n<p>Valmistettu 15mm koivuvanerista tai tammiviilusta, \u00f6ljyvahattu, my\u00f6s valkoiseksi HPL-pinnoitettu ja Forescolor-Valchromat (Organic Colored Throught Wood Fiber Board). Pehme\u00e4sti sulkeutuvat oven saranat.<\/p>\n","protected":false},"excerpt":{"rendered":"<p>Astu tulevaisuuteen STEP-hyllyll\u00e4. Diagonaaliset kulmat antavat sille todellisen futuristisen tunnelman. Jaksottaiset hyllyt ja ovet luovat hienon geometrisen leikin ja antavat sinulle vaihtoehtoja &#8211; voit n\u00e4ytt\u00e4\u00e4 joitain asioita, mutta j\u00e4tt\u00e4\u00e4 osan pois n\u00e4kyvist\u00e4. STEPi\u00e4 on nelj\u00e4 eri leveytt\u00e4 ja useita eri korkeuksia. L\u00f6yd\u00e4 t\u00e4ydellinen STEP! Jokainen hyllyv\u00e4li on my\u00f6s kaappi, jonka avautumissuunnan voit valita itse hyllynjakajalla&#8230;.<\/p>\n","protected":false},"featured_media":24100,"comment_status":"open","ping_status":"closed","template":"","meta":{"_acf_changed":false},"product_brand":[],"product_cat":[109],"product_tag":[],"class_list":{"0":"post-18747","1":"product","2":"type-product","3":"status-publish","4":"has-post-thumbnail","6":"product_cat-riiulid","8":"first","9":"instock","10":"taxable","11":"shipping-taxable","12":"purchasable","13":"product-type-variable","14":"has-default-attributes"},"acf":[],"yoast_head":"<!-- This site is optimized with the Yoast SEO plugin v27.4 - https:\/\/yoast.com\/product\/yoast-seo-wordpress\/ -->\n<title>Hyllyst\u00f6 STEP L - Radis<\/title>\n<meta name=\"robots\" content=\"index, follow, max-snippet:-1, max-image-preview:large, max-video-preview:-1\" \/>\n<link rel=\"canonical\" href=\"https:\/\/radis.ee\/fi\/hyllysto-step-l\/\" \/>\n<meta property=\"og:locale\" content=\"fi_FI\" \/>\n<meta property=\"og:type\" content=\"article\" \/>\n<meta property=\"og:title\" content=\"Hyllyst\u00f6 STEP L - Radis\" \/>\n<meta property=\"og:description\" content=\"Astu tulevaisuuteen STEP-hyllyll\u00e4. Diagonaaliset kulmat antavat sille todellisen futuristisen tunnelman. Jaksottaiset hyllyt ja ovet luovat hienon geometrisen leikin ja antavat sinulle vaihtoehtoja &#8211; voit n\u00e4ytt\u00e4\u00e4 joitain asioita, mutta j\u00e4tt\u00e4\u00e4 osan pois n\u00e4kyvist\u00e4. STEPi\u00e4 on nelj\u00e4 eri leveytt\u00e4 ja useita eri korkeuksia. L\u00f6yd\u00e4 t\u00e4ydellinen STEP! Jokainen hyllyv\u00e4li on my\u00f6s kaappi, jonka avautumissuunnan voit valita itse hyllynjakajalla....\" \/>\n<meta property=\"og:url\" content=\"https:\/\/radis.ee\/fi\/hyllysto-step-l\/\" \/>\n<meta property=\"og:site_name\" content=\"Radis\" \/>\n<meta property=\"article:publisher\" content=\"https:\/\/www.facebook.com\/radisfurniture\/\" \/>\n<meta property=\"article:modified_time\" content=\"2024-03-05T17:37:45+00:00\" \/>\n<meta property=\"og:image\" content=\"https:\/\/radis.ee\/wp-content\/uploads\/2022\/10\/RADIS_shelf_STEP_L_oak_veneered_white_background_2.jpg\" \/>\n\t<meta property=\"og:image:width\" content=\"741\" \/>\n\t<meta property=\"og:image:height\" content=\"882\" \/>\n\t<meta property=\"og:image:type\" content=\"image\/jpeg\" \/>\n<meta name=\"twitter:card\" content=\"summary_large_image\" \/>\n<meta name=\"twitter:label1\" content=\"Arvioitu lukuaika\" \/>\n\t<meta name=\"twitter:data1\" content=\"1 minuutti\" \/>\n<script type=\"application\/ld+json\" class=\"yoast-schema-graph\">{\"@context\":\"https:\\\/\\\/schema.org\",\"@graph\":[{\"@type\":\"WebPage\",\"@id\":\"https:\\\/\\\/radis.ee\\\/fi\\\/hyllysto-step-l\\\/\",\"url\":\"https:\\\/\\\/radis.ee\\\/fi\\\/hyllysto-step-l\\\/\",\"name\":\"Hyllyst\u00f6 STEP L - Radis\",\"isPartOf\":{\"@id\":\"https:\\\/\\\/radis.ee\\\/#website\"},\"primaryImageOfPage\":{\"@id\":\"https:\\\/\\\/radis.ee\\\/fi\\\/hyllysto-step-l\\\/#primaryimage\"},\"image\":{\"@id\":\"https:\\\/\\\/radis.ee\\\/fi\\\/hyllysto-step-l\\\/#primaryimage\"},\"thumbnailUrl\":\"https:\\\/\\\/radis.ee\\\/wp-content\\\/uploads\\\/2022\\\/10\\\/RADIS_shelf_STEP_L_oak_veneered_white_background_2.jpg\",\"datePublished\":\"2022-10-27T17:33:31+00:00\",\"dateModified\":\"2024-03-05T17:37:45+00:00\",\"breadcrumb\":{\"@id\":\"https:\\\/\\\/radis.ee\\\/fi\\\/hyllysto-step-l\\\/#breadcrumb\"},\"inLanguage\":\"fi\",\"potentialAction\":[{\"@type\":\"ReadAction\",\"target\":[\"https:\\\/\\\/radis.ee\\\/fi\\\/hyllysto-step-l\\\/\"]}]},{\"@type\":\"ImageObject\",\"inLanguage\":\"fi\",\"@id\":\"https:\\\/\\\/radis.ee\\\/fi\\\/hyllysto-step-l\\\/#primaryimage\",\"url\":\"https:\\\/\\\/radis.ee\\\/wp-content\\\/uploads\\\/2022\\\/10\\\/RADIS_shelf_STEP_L_oak_veneered_white_background_2.jpg\",\"contentUrl\":\"https:\\\/\\\/radis.ee\\\/wp-content\\\/uploads\\\/2022\\\/10\\\/RADIS_shelf_STEP_L_oak_veneered_white_background_2.jpg\",\"width\":741,\"height\":882,\"caption\":\"Radis shelf STEP L Oak veneeered plywood\"},{\"@type\":\"BreadcrumbList\",\"@id\":\"https:\\\/\\\/radis.ee\\\/fi\\\/hyllysto-step-l\\\/#breadcrumb\",\"itemListElement\":[{\"@type\":\"ListItem\",\"position\":1,\"name\":\"Home\",\"item\":\"https:\\\/\\\/radis.ee\\\/\"},{\"@type\":\"ListItem\",\"position\":2,\"name\":\"Tuotteet\",\"item\":\"https:\\\/\\\/radis.ee\\\/fi\\\/tuotteet\\\/\"},{\"@type\":\"ListItem\",\"position\":3,\"name\":\"Hyllyst\u00f6 STEP L\"}]},{\"@type\":\"WebSite\",\"@id\":\"https:\\\/\\\/radis.ee\\\/#website\",\"url\":\"https:\\\/\\\/radis.ee\\\/\",\"name\":\"Radis\",\"description\":\"Nordic design furniture, environmentally friendly and sustainable.\",\"publisher\":{\"@id\":\"https:\\\/\\\/radis.ee\\\/#organization\"},\"potentialAction\":[{\"@type\":\"SearchAction\",\"target\":{\"@type\":\"EntryPoint\",\"urlTemplate\":\"https:\\\/\\\/radis.ee\\\/?s={search_term_string}\"},\"query-input\":{\"@type\":\"PropertyValueSpecification\",\"valueRequired\":true,\"valueName\":\"search_term_string\"}}],\"inLanguage\":\"fi\"},{\"@type\":\"Organization\",\"@id\":\"https:\\\/\\\/radis.ee\\\/#organization\",\"name\":\"Radis O\u00dc\",\"url\":\"https:\\\/\\\/radis.ee\\\/\",\"logo\":{\"@type\":\"ImageObject\",\"inLanguage\":\"fi\",\"@id\":\"https:\\\/\\\/radis.ee\\\/#\\\/schema\\\/logo\\\/image\\\/\",\"url\":\"https:\\\/\\\/radis.ee\\\/wp-content\\\/uploads\\\/2020\\\/10\\\/Radis-logo.png\",\"contentUrl\":\"https:\\\/\\\/radis.ee\\\/wp-content\\\/uploads\\\/2020\\\/10\\\/Radis-logo.png\",\"width\":300,\"height\":63,\"caption\":\"Radis O\u00dc\"},\"image\":{\"@id\":\"https:\\\/\\\/radis.ee\\\/#\\\/schema\\\/logo\\\/image\\\/\"},\"sameAs\":[\"https:\\\/\\\/www.facebook.com\\\/radisfurniture\\\/\"]}]}<\/script>\n<!-- \/ Yoast SEO plugin. -->","yoast_head_json":{"title":"Hyllyst\u00f6 STEP L - Radis","robots":{"index":"index","follow":"follow","max-snippet":"max-snippet:-1","max-image-preview":"max-image-preview:large","max-video-preview":"max-video-preview:-1"},"canonical":"https:\/\/radis.ee\/fi\/hyllysto-step-l\/","og_locale":"fi_FI","og_type":"article","og_title":"Hyllyst\u00f6 STEP L - Radis","og_description":"Astu tulevaisuuteen STEP-hyllyll\u00e4. Diagonaaliset kulmat antavat sille todellisen futuristisen tunnelman. Jaksottaiset hyllyt ja ovet luovat hienon geometrisen leikin ja antavat sinulle vaihtoehtoja &#8211; voit n\u00e4ytt\u00e4\u00e4 joitain asioita, mutta j\u00e4tt\u00e4\u00e4 osan pois n\u00e4kyvist\u00e4. STEPi\u00e4 on nelj\u00e4 eri leveytt\u00e4 ja useita eri korkeuksia. L\u00f6yd\u00e4 t\u00e4ydellinen STEP! Jokainen hyllyv\u00e4li on my\u00f6s kaappi, jonka avautumissuunnan voit valita itse hyllynjakajalla....","og_url":"https:\/\/radis.ee\/fi\/hyllysto-step-l\/","og_site_name":"Radis","article_publisher":"https:\/\/www.facebook.com\/radisfurniture\/","article_modified_time":"2024-03-05T17:37:45+00:00","og_image":[{"width":741,"height":882,"url":"https:\/\/radis.ee\/wp-content\/uploads\/2022\/10\/RADIS_shelf_STEP_L_oak_veneered_white_background_2.jpg","type":"image\/jpeg"}],"twitter_card":"summary_large_image","twitter_misc":{"Arvioitu lukuaika":"1 minuutti"},"schema":{"@context":"https:\/\/schema.org","@graph":[{"@type":"WebPage","@id":"https:\/\/radis.ee\/fi\/hyllysto-step-l\/","url":"https:\/\/radis.ee\/fi\/hyllysto-step-l\/","name":"Hyllyst\u00f6 STEP L - Radis","isPartOf":{"@id":"https:\/\/radis.ee\/#website"},"primaryImageOfPage":{"@id":"https:\/\/radis.ee\/fi\/hyllysto-step-l\/#primaryimage"},"image":{"@id":"https:\/\/radis.ee\/fi\/hyllysto-step-l\/#primaryimage"},"thumbnailUrl":"https:\/\/radis.ee\/wp-content\/uploads\/2022\/10\/RADIS_shelf_STEP_L_oak_veneered_white_background_2.jpg","datePublished":"2022-10-27T17:33:31+00:00","dateModified":"2024-03-05T17:37:45+00:00","breadcrumb":{"@id":"https:\/\/radis.ee\/fi\/hyllysto-step-l\/#breadcrumb"},"inLanguage":"fi","potentialAction":[{"@type":"ReadAction","target":["https:\/\/radis.ee\/fi\/hyllysto-step-l\/"]}]},{"@type":"ImageObject","inLanguage":"fi","@id":"https:\/\/radis.ee\/fi\/hyllysto-step-l\/#primaryimage","url":"https:\/\/radis.ee\/wp-content\/uploads\/2022\/10\/RADIS_shelf_STEP_L_oak_veneered_white_background_2.jpg","contentUrl":"https:\/\/radis.ee\/wp-content\/uploads\/2022\/10\/RADIS_shelf_STEP_L_oak_veneered_white_background_2.jpg","width":741,"height":882,"caption":"Radis shelf STEP L Oak veneeered plywood"},{"@type":"BreadcrumbList","@id":"https:\/\/radis.ee\/fi\/hyllysto-step-l\/#breadcrumb","itemListElement":[{"@type":"ListItem","position":1,"name":"Home","item":"https:\/\/radis.ee\/"},{"@type":"ListItem","position":2,"name":"Tuotteet","item":"https:\/\/radis.ee\/fi\/tuotteet\/"},{"@type":"ListItem","position":3,"name":"Hyllyst\u00f6 STEP L"}]},{"@type":"WebSite","@id":"https:\/\/radis.ee\/#website","url":"https:\/\/radis.ee\/","name":"Radis","description":"Nordic design furniture, environmentally friendly and sustainable.","publisher":{"@id":"https:\/\/radis.ee\/#organization"},"potentialAction":[{"@type":"SearchAction","target":{"@type":"EntryPoint","urlTemplate":"https:\/\/radis.ee\/?s={search_term_string}"},"query-input":{"@type":"PropertyValueSpecification","valueRequired":true,"valueName":"search_term_string"}}],"inLanguage":"fi"},{"@type":"Organization","@id":"https:\/\/radis.ee\/#organization","name":"Radis O\u00dc","url":"https:\/\/radis.ee\/","logo":{"@type":"ImageObject","inLanguage":"fi","@id":"https:\/\/radis.ee\/#\/schema\/logo\/image\/","url":"https:\/\/radis.ee\/wp-content\/uploads\/2020\/10\/Radis-logo.png","contentUrl":"https:\/\/radis.ee\/wp-content\/uploads\/2020\/10\/Radis-logo.png","width":300,"height":63,"caption":"Radis O\u00dc"},"image":{"@id":"https:\/\/radis.ee\/#\/schema\/logo\/image\/"},"sameAs":["https:\/\/www.facebook.com\/radisfurniture\/"]}]}},"_links":{"self":[{"href":"https:\/\/radis.ee\/fi\/wp-json\/wp\/v2\/product\/18747","targetHints":{"allow":["GET"]}}],"collection":[{"href":"https:\/\/radis.ee\/fi\/wp-json\/wp\/v2\/product"}],"about":[{"href":"https:\/\/radis.ee\/fi\/wp-json\/wp\/v2\/types\/product"}],"replies":[{"embeddable":true,"href":"https:\/\/radis.ee\/fi\/wp-json\/wp\/v2\/comments?post=18747"}],"wp:featuredmedia":[{"embeddable":true,"href":"https:\/\/radis.ee\/fi\/wp-json\/wp\/v2\/media\/24100"}],"wp:attachment":[{"href":"https:\/\/radis.ee\/fi\/wp-json\/wp\/v2\/media?parent=18747"}],"wp:term":[{"taxonomy":"product_brand","embeddable":true,"href":"https:\/\/radis.ee\/fi\/wp-json\/wp\/v2\/product_brand?post=18747"},{"taxonomy":"product_cat","embeddable":true,"href":"https:\/\/radis.ee\/fi\/wp-json\/wp\/v2\/product_cat?post=18747"},{"taxonomy":"product_tag","embeddable":true,"href":"https:\/\/radis.ee\/fi\/wp-json\/wp\/v2\/product_tag?post=18747"}],"curies":[{"name":"wp","href":"https:\/\/api.w.org\/{rel}","templated":true}]}}