{"id":19108,"date":"2022-09-02T17:25:13","date_gmt":"2022-11-02T15:25:34","guid":{"rendered":"https:\/\/radis.ee\/?post_type=product&#038;p=19108"},"modified":"2022-11-04T14:28:37","modified_gmt":"2022-11-04T12:28:37","slug":"nojatuoli-oslo","status":"publish","type":"product","link":"https:\/\/radis.ee\/fi\/nojatuoli-oslo\/","title":{"rendered":"Nojatuoli OSLO"},"content":{"rendered":"<p>OSLO on nojatuoli minimalistisella pohjoismaisella tyylill\u00e4 selke\u00e4t linjat, ja se seisoo tukevasti nelj\u00e4ll\u00e4 jalallaan.<\/p>\n<p>Matala ja syv\u00e4 istuin kutsuu sinut rauhassa istumaan. Edes presidentti\u00e4 ei haittaisi, jos h\u00e4net j\u00e4tett\u00e4isiin odottamaan muutaman minuutin istuessaan t\u00e4ss\u00e4.<\/p>\n<p>Luonnonnahkaisen istuinnojatuolin jalat on valmistettu tammiviilutusta vanerista. Nojatuolissa OSLO k\u00e4ytetty mustavalkoinen Challenger-nahka on pehme\u00e4\u00e4 puolianiliininahkaa, jolla on yhten\u00e4inen v\u00e4ri ja rakenne. Cognac-tone Vintage on tyylik\u00e4s mutta klassinen huonekalunahka kuluneella ilmeell\u00e4.<\/p>\n<p>Suunnittelija: Raivo Prooso<\/p>\n","protected":false},"excerpt":{"rendered":"<p>OSLO on nojatuoli minimalistisella pohjoismaisella tyylill\u00e4 selke\u00e4t linjat, ja se seisoo tukevasti nelj\u00e4ll\u00e4 jalallaan. Matala ja syv\u00e4 istuin kutsuu sinut rauhassa istumaan. Edes presidentti\u00e4 ei haittaisi, jos h\u00e4net j\u00e4tett\u00e4isiin odottamaan muutaman minuutin istuessaan t\u00e4ss\u00e4. Luonnonnahkaisen istuinnojatuolin jalat on valmistettu tammiviilutusta vanerista. Nojatuolissa OSLO k\u00e4ytetty mustavalkoinen Challenger-nahka on pehme\u00e4\u00e4 puolianiliininahkaa, jolla on yhten\u00e4inen v\u00e4ri ja rakenne&#8230;.<\/p>\n","protected":false},"featured_media":24915,"comment_status":"open","ping_status":"closed","template":"","meta":{"_acf_changed":false},"product_brand":[],"product_cat":[34],"product_tag":[],"class_list":{"0":"post-19108","1":"product","2":"type-product","3":"status-publish","4":"has-post-thumbnail","6":"product_cat-aksessuaarid","8":"first","9":"instock","10":"taxable","11":"shipping-taxable","12":"purchasable","13":"product-type-variable","14":"has-default-attributes"},"acf":[],"yoast_head":"<!-- This site is optimized with the Yoast SEO plugin v27.4 - https:\/\/yoast.com\/product\/yoast-seo-wordpress\/ -->\n<title>Nojatuoli OSLO - Radis<\/title>\n<meta name=\"robots\" content=\"index, follow, max-snippet:-1, max-image-preview:large, max-video-preview:-1\" \/>\n<link rel=\"canonical\" href=\"https:\/\/radis.ee\/tugitool-oslo\/\" \/>\n<meta property=\"og:locale\" content=\"fi_FI\" \/>\n<meta property=\"og:type\" content=\"article\" \/>\n<meta property=\"og:title\" content=\"Nojatuoli OSLO - Radis\" \/>\n<meta property=\"og:description\" content=\"OSLO on nojatuoli minimalistisella pohjoismaisella tyylill\u00e4 selke\u00e4t linjat, ja se seisoo tukevasti nelj\u00e4ll\u00e4 jalallaan. Matala ja syv\u00e4 istuin kutsuu sinut rauhassa istumaan. Edes presidentti\u00e4 ei haittaisi, jos h\u00e4net j\u00e4tett\u00e4isiin odottamaan muutaman minuutin istuessaan t\u00e4ss\u00e4. Luonnonnahkaisen istuinnojatuolin jalat on valmistettu tammiviilutusta vanerista. Nojatuolissa OSLO k\u00e4ytetty mustavalkoinen Challenger-nahka on pehme\u00e4\u00e4 puolianiliininahkaa, jolla on yhten\u00e4inen v\u00e4ri ja rakenne....\" \/>\n<meta property=\"og:url\" content=\"https:\/\/radis.ee\/tugitool-oslo\/\" \/>\n<meta property=\"og:site_name\" content=\"Radis\" \/>\n<meta property=\"article:publisher\" content=\"https:\/\/www.facebook.com\/radisfurniture\/\" \/>\n<meta property=\"article:modified_time\" content=\"2022-11-04T12:28:37+00:00\" \/>\n<meta property=\"og:image\" content=\"https:\/\/radis.ee\/wp-content\/uploads\/2022\/09\/Radis_armchair_OSLO_Oak_veneered_Vintage_Cognac_leather__2-1.jpg\" \/>\n\t<meta property=\"og:image:width\" content=\"1360\" \/>\n\t<meta property=\"og:image:height\" content=\"1620\" \/>\n\t<meta property=\"og:image:type\" content=\"image\/jpeg\" \/>\n<meta name=\"twitter:card\" content=\"summary_large_image\" \/>\n<script type=\"application\/ld+json\" class=\"yoast-schema-graph\">{\"@context\":\"https:\\\/\\\/schema.org\",\"@graph\":[{\"@type\":\"WebPage\",\"@id\":\"https:\\\/\\\/radis.ee\\\/tugitool-oslo\\\/\",\"url\":\"https:\\\/\\\/radis.ee\\\/tugitool-oslo\\\/\",\"name\":\"Nojatuoli OSLO - Radis\",\"isPartOf\":{\"@id\":\"https:\\\/\\\/radis.ee\\\/#website\"},\"primaryImageOfPage\":{\"@id\":\"https:\\\/\\\/radis.ee\\\/tugitool-oslo\\\/#primaryimage\"},\"image\":{\"@id\":\"https:\\\/\\\/radis.ee\\\/tugitool-oslo\\\/#primaryimage\"},\"thumbnailUrl\":\"https:\\\/\\\/radis.ee\\\/wp-content\\\/uploads\\\/2022\\\/09\\\/Radis_armchair_OSLO_Oak_veneered_Vintage_Cognac_leather__2-1.jpg\",\"datePublished\":\"2022-11-02T15:25:34+00:00\",\"dateModified\":\"2022-11-04T12:28:37+00:00\",\"breadcrumb\":{\"@id\":\"https:\\\/\\\/radis.ee\\\/tugitool-oslo\\\/#breadcrumb\"},\"inLanguage\":\"fi\",\"potentialAction\":[{\"@type\":\"ReadAction\",\"target\":[\"https:\\\/\\\/radis.ee\\\/tugitool-oslo\\\/\"]}]},{\"@type\":\"ImageObject\",\"inLanguage\":\"fi\",\"@id\":\"https:\\\/\\\/radis.ee\\\/tugitool-oslo\\\/#primaryimage\",\"url\":\"https:\\\/\\\/radis.ee\\\/wp-content\\\/uploads\\\/2022\\\/09\\\/Radis_armchair_OSLO_Oak_veneered_Vintage_Cognac_leather__2-1.jpg\",\"contentUrl\":\"https:\\\/\\\/radis.ee\\\/wp-content\\\/uploads\\\/2022\\\/09\\\/Radis_armchair_OSLO_Oak_veneered_Vintage_Cognac_leather__2-1.jpg\",\"width\":1360,\"height\":1620,\"caption\":\"Radis armchair OSLO\"},{\"@type\":\"BreadcrumbList\",\"@id\":\"https:\\\/\\\/radis.ee\\\/tugitool-oslo\\\/#breadcrumb\",\"itemListElement\":[{\"@type\":\"ListItem\",\"position\":1,\"name\":\"Home\",\"item\":\"https:\\\/\\\/radis.ee\\\/\"},{\"@type\":\"ListItem\",\"position\":2,\"name\":\"Tuotteet\",\"item\":\"https:\\\/\\\/radis.ee\\\/fi\\\/tuotteet\\\/\"},{\"@type\":\"ListItem\",\"position\":3,\"name\":\"Nojatuoli OSLO\"}]},{\"@type\":\"WebSite\",\"@id\":\"https:\\\/\\\/radis.ee\\\/#website\",\"url\":\"https:\\\/\\\/radis.ee\\\/\",\"name\":\"Radis\",\"description\":\"Nordic design furniture, environmentally friendly and sustainable.\",\"publisher\":{\"@id\":\"https:\\\/\\\/radis.ee\\\/#organization\"},\"potentialAction\":[{\"@type\":\"SearchAction\",\"target\":{\"@type\":\"EntryPoint\",\"urlTemplate\":\"https:\\\/\\\/radis.ee\\\/?s={search_term_string}\"},\"query-input\":{\"@type\":\"PropertyValueSpecification\",\"valueRequired\":true,\"valueName\":\"search_term_string\"}}],\"inLanguage\":\"fi\"},{\"@type\":\"Organization\",\"@id\":\"https:\\\/\\\/radis.ee\\\/#organization\",\"name\":\"Radis O\u00dc\",\"url\":\"https:\\\/\\\/radis.ee\\\/\",\"logo\":{\"@type\":\"ImageObject\",\"inLanguage\":\"fi\",\"@id\":\"https:\\\/\\\/radis.ee\\\/#\\\/schema\\\/logo\\\/image\\\/\",\"url\":\"https:\\\/\\\/radis.ee\\\/wp-content\\\/uploads\\\/2020\\\/10\\\/Radis-logo.png\",\"contentUrl\":\"https:\\\/\\\/radis.ee\\\/wp-content\\\/uploads\\\/2020\\\/10\\\/Radis-logo.png\",\"width\":300,\"height\":63,\"caption\":\"Radis O\u00dc\"},\"image\":{\"@id\":\"https:\\\/\\\/radis.ee\\\/#\\\/schema\\\/logo\\\/image\\\/\"},\"sameAs\":[\"https:\\\/\\\/www.facebook.com\\\/radisfurniture\\\/\"]}]}<\/script>\n<!-- \/ Yoast SEO plugin. -->","yoast_head_json":{"title":"Nojatuoli OSLO - Radis","robots":{"index":"index","follow":"follow","max-snippet":"max-snippet:-1","max-image-preview":"max-image-preview:large","max-video-preview":"max-video-preview:-1"},"canonical":"https:\/\/radis.ee\/tugitool-oslo\/","og_locale":"fi_FI","og_type":"article","og_title":"Nojatuoli OSLO - Radis","og_description":"OSLO on nojatuoli minimalistisella pohjoismaisella tyylill\u00e4 selke\u00e4t linjat, ja se seisoo tukevasti nelj\u00e4ll\u00e4 jalallaan. Matala ja syv\u00e4 istuin kutsuu sinut rauhassa istumaan. Edes presidentti\u00e4 ei haittaisi, jos h\u00e4net j\u00e4tett\u00e4isiin odottamaan muutaman minuutin istuessaan t\u00e4ss\u00e4. Luonnonnahkaisen istuinnojatuolin jalat on valmistettu tammiviilutusta vanerista. Nojatuolissa OSLO k\u00e4ytetty mustavalkoinen Challenger-nahka on pehme\u00e4\u00e4 puolianiliininahkaa, jolla on yhten\u00e4inen v\u00e4ri ja rakenne....","og_url":"https:\/\/radis.ee\/tugitool-oslo\/","og_site_name":"Radis","article_publisher":"https:\/\/www.facebook.com\/radisfurniture\/","article_modified_time":"2022-11-04T12:28:37+00:00","og_image":[{"width":1360,"height":1620,"url":"https:\/\/radis.ee\/wp-content\/uploads\/2022\/09\/Radis_armchair_OSLO_Oak_veneered_Vintage_Cognac_leather__2-1.jpg","type":"image\/jpeg"}],"twitter_card":"summary_large_image","schema":{"@context":"https:\/\/schema.org","@graph":[{"@type":"WebPage","@id":"https:\/\/radis.ee\/tugitool-oslo\/","url":"https:\/\/radis.ee\/tugitool-oslo\/","name":"Nojatuoli OSLO - Radis","isPartOf":{"@id":"https:\/\/radis.ee\/#website"},"primaryImageOfPage":{"@id":"https:\/\/radis.ee\/tugitool-oslo\/#primaryimage"},"image":{"@id":"https:\/\/radis.ee\/tugitool-oslo\/#primaryimage"},"thumbnailUrl":"https:\/\/radis.ee\/wp-content\/uploads\/2022\/09\/Radis_armchair_OSLO_Oak_veneered_Vintage_Cognac_leather__2-1.jpg","datePublished":"2022-11-02T15:25:34+00:00","dateModified":"2022-11-04T12:28:37+00:00","breadcrumb":{"@id":"https:\/\/radis.ee\/tugitool-oslo\/#breadcrumb"},"inLanguage":"fi","potentialAction":[{"@type":"ReadAction","target":["https:\/\/radis.ee\/tugitool-oslo\/"]}]},{"@type":"ImageObject","inLanguage":"fi","@id":"https:\/\/radis.ee\/tugitool-oslo\/#primaryimage","url":"https:\/\/radis.ee\/wp-content\/uploads\/2022\/09\/Radis_armchair_OSLO_Oak_veneered_Vintage_Cognac_leather__2-1.jpg","contentUrl":"https:\/\/radis.ee\/wp-content\/uploads\/2022\/09\/Radis_armchair_OSLO_Oak_veneered_Vintage_Cognac_leather__2-1.jpg","width":1360,"height":1620,"caption":"Radis armchair OSLO"},{"@type":"BreadcrumbList","@id":"https:\/\/radis.ee\/tugitool-oslo\/#breadcrumb","itemListElement":[{"@type":"ListItem","position":1,"name":"Home","item":"https:\/\/radis.ee\/"},{"@type":"ListItem","position":2,"name":"Tuotteet","item":"https:\/\/radis.ee\/fi\/tuotteet\/"},{"@type":"ListItem","position":3,"name":"Nojatuoli OSLO"}]},{"@type":"WebSite","@id":"https:\/\/radis.ee\/#website","url":"https:\/\/radis.ee\/","name":"Radis","description":"Nordic design furniture, environmentally friendly and sustainable.","publisher":{"@id":"https:\/\/radis.ee\/#organization"},"potentialAction":[{"@type":"SearchAction","target":{"@type":"EntryPoint","urlTemplate":"https:\/\/radis.ee\/?s={search_term_string}"},"query-input":{"@type":"PropertyValueSpecification","valueRequired":true,"valueName":"search_term_string"}}],"inLanguage":"fi"},{"@type":"Organization","@id":"https:\/\/radis.ee\/#organization","name":"Radis O\u00dc","url":"https:\/\/radis.ee\/","logo":{"@type":"ImageObject","inLanguage":"fi","@id":"https:\/\/radis.ee\/#\/schema\/logo\/image\/","url":"https:\/\/radis.ee\/wp-content\/uploads\/2020\/10\/Radis-logo.png","contentUrl":"https:\/\/radis.ee\/wp-content\/uploads\/2020\/10\/Radis-logo.png","width":300,"height":63,"caption":"Radis O\u00dc"},"image":{"@id":"https:\/\/radis.ee\/#\/schema\/logo\/image\/"},"sameAs":["https:\/\/www.facebook.com\/radisfurniture\/"]}]}},"_links":{"self":[{"href":"https:\/\/radis.ee\/fi\/wp-json\/wp\/v2\/product\/19108","targetHints":{"allow":["GET"]}}],"collection":[{"href":"https:\/\/radis.ee\/fi\/wp-json\/wp\/v2\/product"}],"about":[{"href":"https:\/\/radis.ee\/fi\/wp-json\/wp\/v2\/types\/product"}],"replies":[{"embeddable":true,"href":"https:\/\/radis.ee\/fi\/wp-json\/wp\/v2\/comments?post=19108"}],"wp:featuredmedia":[{"embeddable":true,"href":"https:\/\/radis.ee\/fi\/wp-json\/wp\/v2\/media\/24915"}],"wp:attachment":[{"href":"https:\/\/radis.ee\/fi\/wp-json\/wp\/v2\/media?parent=19108"}],"wp:term":[{"taxonomy":"product_brand","embeddable":true,"href":"https:\/\/radis.ee\/fi\/wp-json\/wp\/v2\/product_brand?post=19108"},{"taxonomy":"product_cat","embeddable":true,"href":"https:\/\/radis.ee\/fi\/wp-json\/wp\/v2\/product_cat?post=19108"},{"taxonomy":"product_tag","embeddable":true,"href":"https:\/\/radis.ee\/fi\/wp-json\/wp\/v2\/product_tag?post=19108"}],"curies":[{"name":"wp","href":"https:\/\/api.w.org\/{rel}","templated":true}]}}