{"id":19334,"date":"2022-08-22T11:01:29","date_gmt":"2022-11-07T09:01:32","guid":{"rendered":"https:\/\/radis.ee\/?post_type=product&#038;p=19334"},"modified":"2022-11-08T16:54:40","modified_gmt":"2022-11-08T14:54:40","slug":"korkeussaadettava-seinapoyta-wup","status":"publish","type":"product","link":"https:\/\/radis.ee\/fi\/korkeussaadettava-seinapoyta-wup\/","title":{"rendered":"Korkeuss\u00e4\u00e4dett\u00e4v\u00e4 sein\u00e4p\u00f6yt\u00e4 WUP"},"content":{"rendered":"<p><span style=\"font-weight: 400;\">Tuo ty\u00f6p\u00e4iv\u00e4\u00e4si energiaa ja sijoita kodin tai toimiston sein\u00e4lle minimalistisen tyylik\u00e4s WUP-ty\u00f6taso, jonka korkeutta voi s\u00e4\u00e4t\u00e4\u00e4 jopa 80 cm.<\/span><\/p>\n<p><span style=\"font-weight: 400;\">Jatkuva istuva ty\u00f6asento on terveysriski. Siksi ty\u00f6asentoa kannattaa vaihtaa s\u00e4\u00e4nn\u00f6llisesti, niin ett\u00e4 jokaisen istutun 30\u201360 minuutin j\u00e4lkeen pit\u00e4isi ty\u00f6skennell\u00e4\u00e4n saman verran seisten. Keho ja mieli kiitt\u00e4v\u00e4t vaihtelusta!\u00a0<\/span><\/p>\n<p><span style=\"font-weight: 400;\">Sein\u00e4\u00e4n kiinnitett\u00e4v\u00e4 WUP sopii yht\u00e4 hyvin pieneen asuntoon kuin toimiston pieneen, hiljaiseen ty\u00f6tilaan. WUP:n 46&#215;68 cm:n p\u00f6yt\u00e4levy on ihanteellinen kannettavalla tietokoneella ty\u00f6skentelyyn. Ergonomia paranee entisest\u00e4\u00e4n, jos k\u00e4yt\u00e4t s\u00e4\u00e4dett\u00e4v\u00e4\u00e4 tietokonealustaa ja erillist\u00e4 n\u00e4pp\u00e4imist\u00f6\u00e4\/hiirt\u00e4. Tarkemmat ohjeet ergonomiseen ty\u00f6skentelyyn l\u00f6yd\u00e4t <\/span><a href=\"https:\/\/www.hyggedesks.ee\/post\/3-n%C3%B5uannet-seisulauaga-t%C3%B6%C3%B6tamiseks\"><span style=\"font-weight: 400;\">T\u00c4ST\u00c4<\/span><\/a><span style=\"font-weight: 400;\">.<\/span><\/p>\n<p><span style=\"font-weight: 400;\">WUP on valmistettu 15 mm paksusta koivuvanerista, vahvistettu metallitulpilla ja huonekaluruuveilla ja k\u00e4sitelty laadukkaalla Osmo-puuvahalla. N\u00e4in tuotteen pinta hylkii likaa ja vett\u00e4 ja kest\u00e4\u00e4 kulutusta.<\/span><\/p>\n<p><span style=\"font-weight: 400;\">Kunnolla sein\u00e4\u00e4n kiinnitettyn\u00e4 p\u00f6yt\u00e4taso kest\u00e4\u00e4 jopa 30 kg:n painon. Sen p\u00e4\u00e4ll\u00e4 ei tietenk\u00e4\u00e4n voi istua tai kiipeill\u00e4, mutta pitk\u00e4n palaverin aikana voit nojata siihen reilusti!<\/span><\/p>\n<p><span style=\"font-weight: 400;\">Tuotteen mukana tulee kiinnityspaketti, jonka avulla kiinnit\u00e4t p\u00f6yd\u00e4n tukevasti puu-, betoni- ja kipsilevysein\u00e4\u00e4n. Huom! \u00c4l\u00e4 kiinnit\u00e4 p\u00f6yt\u00e4\u00e4 yksinkertaiseen kipsisein\u00e4\u00e4n!<\/span><\/p>\n<p><span style=\"font-weight: 400;\">Tuotteen mitat: s<\/span><span style=\"font-weight: 400;\">ein\u00e4paneeli: 100x31cm, p<\/span><span style=\"font-weight: 400;\">\u00f6yt\u00e4taso: 46x68cm.<\/span><\/p>\n<p><span style=\"font-weight: 400;\">P\u00f6yt\u00e4tason pystysuuntainen s\u00e4\u00e4t\u00f6vara: 80 cm.<\/span><\/p>\n","protected":false},"excerpt":{"rendered":"<p>Tuo ty\u00f6p\u00e4iv\u00e4\u00e4si energiaa ja sijoita kodin tai toimiston sein\u00e4lle minimalistisen tyylik\u00e4s WUP-ty\u00f6taso, jonka korkeutta voi s\u00e4\u00e4t\u00e4\u00e4 jopa 80 cm. Jatkuva istuva ty\u00f6asento on terveysriski. Siksi ty\u00f6asentoa kannattaa vaihtaa s\u00e4\u00e4nn\u00f6llisesti, niin ett\u00e4 jokaisen istutun 30\u201360 minuutin j\u00e4lkeen pit\u00e4isi ty\u00f6skennell\u00e4\u00e4n saman verran seisten. Keho ja mieli kiitt\u00e4v\u00e4t vaihtelusta!\u00a0 Sein\u00e4\u00e4n kiinnitett\u00e4v\u00e4 WUP sopii yht\u00e4 hyvin pieneen asuntoon kuin&#8230;<\/p>\n","protected":false},"featured_media":19364,"comment_status":"open","ping_status":"closed","template":"","meta":{"_acf_changed":false},"product_brand":[],"product_cat":[111],"product_tag":[],"class_list":{"0":"post-19334","1":"product","2":"type-product","3":"status-publish","4":"has-post-thumbnail","6":"product_cat-lauad","8":"first","9":"instock","10":"taxable","11":"shipping-taxable","12":"purchasable","13":"product-type-variable","14":"has-default-attributes"},"acf":[],"yoast_head":"<!-- This site is optimized with the Yoast SEO plugin v27.4 - https:\/\/yoast.com\/product\/yoast-seo-wordpress\/ -->\n<title>Korkeuss\u00e4\u00e4dett\u00e4v\u00e4 sein\u00e4p\u00f6yt\u00e4 WUP - Radis<\/title>\n<meta name=\"robots\" content=\"index, follow, max-snippet:-1, max-image-preview:large, max-video-preview:-1\" \/>\n<link rel=\"canonical\" href=\"https:\/\/radis.ee\/fi\/korkeussaadettava-seinapoyta-wup\/\" \/>\n<meta property=\"og:locale\" content=\"fi_FI\" \/>\n<meta property=\"og:type\" content=\"article\" \/>\n<meta property=\"og:title\" content=\"Korkeuss\u00e4\u00e4dett\u00e4v\u00e4 sein\u00e4p\u00f6yt\u00e4 WUP - Radis\" \/>\n<meta property=\"og:description\" content=\"Tuo ty\u00f6p\u00e4iv\u00e4\u00e4si energiaa ja sijoita kodin tai toimiston sein\u00e4lle minimalistisen tyylik\u00e4s WUP-ty\u00f6taso, jonka korkeutta voi s\u00e4\u00e4t\u00e4\u00e4 jopa 80 cm. Jatkuva istuva ty\u00f6asento on terveysriski. Siksi ty\u00f6asentoa kannattaa vaihtaa s\u00e4\u00e4nn\u00f6llisesti, niin ett\u00e4 jokaisen istutun 30\u201360 minuutin j\u00e4lkeen pit\u00e4isi ty\u00f6skennell\u00e4\u00e4n saman verran seisten. Keho ja mieli kiitt\u00e4v\u00e4t vaihtelusta!\u00a0 Sein\u00e4\u00e4n kiinnitett\u00e4v\u00e4 WUP sopii yht\u00e4 hyvin pieneen asuntoon kuin...\" \/>\n<meta property=\"og:url\" content=\"https:\/\/radis.ee\/fi\/korkeussaadettava-seinapoyta-wup\/\" \/>\n<meta property=\"og:site_name\" content=\"Radis\" \/>\n<meta property=\"article:publisher\" content=\"https:\/\/www.facebook.com\/radisfurniture\/\" \/>\n<meta property=\"article:modified_time\" content=\"2022-11-08T14:54:40+00:00\" \/>\n<meta property=\"og:image\" content=\"https:\/\/radis.ee\/wp-content\/uploads\/2022\/11\/Radis_adjustable_height_wall_desk_WUP_Laptop_top_down_side_11.png\" \/>\n\t<meta property=\"og:image:width\" content=\"1300\" \/>\n\t<meta property=\"og:image:height\" content=\"1005\" \/>\n\t<meta property=\"og:image:type\" content=\"image\/png\" \/>\n<meta name=\"twitter:card\" content=\"summary_large_image\" \/>\n<meta name=\"twitter:label1\" content=\"Arvioitu lukuaika\" \/>\n\t<meta name=\"twitter:data1\" content=\"1 minuutti\" \/>\n<script type=\"application\/ld+json\" class=\"yoast-schema-graph\">{\"@context\":\"https:\\\/\\\/schema.org\",\"@graph\":[{\"@type\":\"WebPage\",\"@id\":\"https:\\\/\\\/radis.ee\\\/fi\\\/korkeussaadettava-seinapoyta-wup\\\/\",\"url\":\"https:\\\/\\\/radis.ee\\\/fi\\\/korkeussaadettava-seinapoyta-wup\\\/\",\"name\":\"Korkeuss\u00e4\u00e4dett\u00e4v\u00e4 sein\u00e4p\u00f6yt\u00e4 WUP - Radis\",\"isPartOf\":{\"@id\":\"https:\\\/\\\/radis.ee\\\/#website\"},\"primaryImageOfPage\":{\"@id\":\"https:\\\/\\\/radis.ee\\\/fi\\\/korkeussaadettava-seinapoyta-wup\\\/#primaryimage\"},\"image\":{\"@id\":\"https:\\\/\\\/radis.ee\\\/fi\\\/korkeussaadettava-seinapoyta-wup\\\/#primaryimage\"},\"thumbnailUrl\":\"https:\\\/\\\/radis.ee\\\/wp-content\\\/uploads\\\/2022\\\/11\\\/Radis_adjustable_height_wall_desk_WUP_Laptop_top_down_side_11.png\",\"datePublished\":\"2022-11-07T09:01:32+00:00\",\"dateModified\":\"2022-11-08T14:54:40+00:00\",\"breadcrumb\":{\"@id\":\"https:\\\/\\\/radis.ee\\\/fi\\\/korkeussaadettava-seinapoyta-wup\\\/#breadcrumb\"},\"inLanguage\":\"fi\",\"potentialAction\":[{\"@type\":\"ReadAction\",\"target\":[\"https:\\\/\\\/radis.ee\\\/fi\\\/korkeussaadettava-seinapoyta-wup\\\/\"]}]},{\"@type\":\"ImageObject\",\"inLanguage\":\"fi\",\"@id\":\"https:\\\/\\\/radis.ee\\\/fi\\\/korkeussaadettava-seinapoyta-wup\\\/#primaryimage\",\"url\":\"https:\\\/\\\/radis.ee\\\/wp-content\\\/uploads\\\/2022\\\/11\\\/Radis_adjustable_height_wall_desk_WUP_Laptop_top_down_side_11.png\",\"contentUrl\":\"https:\\\/\\\/radis.ee\\\/wp-content\\\/uploads\\\/2022\\\/11\\\/Radis_adjustable_height_wall_desk_WUP_Laptop_top_down_side_11.png\",\"width\":1300,\"height\":1005,\"caption\":\"Radis adjustable height wall desk WUP\"},{\"@type\":\"BreadcrumbList\",\"@id\":\"https:\\\/\\\/radis.ee\\\/fi\\\/korkeussaadettava-seinapoyta-wup\\\/#breadcrumb\",\"itemListElement\":[{\"@type\":\"ListItem\",\"position\":1,\"name\":\"Home\",\"item\":\"https:\\\/\\\/radis.ee\\\/\"},{\"@type\":\"ListItem\",\"position\":2,\"name\":\"Tuotteet\",\"item\":\"https:\\\/\\\/radis.ee\\\/fi\\\/tuotteet\\\/\"},{\"@type\":\"ListItem\",\"position\":3,\"name\":\"Korkeuss\u00e4\u00e4dett\u00e4v\u00e4 sein\u00e4p\u00f6yt\u00e4 WUP\"}]},{\"@type\":\"WebSite\",\"@id\":\"https:\\\/\\\/radis.ee\\\/#website\",\"url\":\"https:\\\/\\\/radis.ee\\\/\",\"name\":\"Radis\",\"description\":\"Nordic design furniture, environmentally friendly and sustainable.\",\"publisher\":{\"@id\":\"https:\\\/\\\/radis.ee\\\/#organization\"},\"potentialAction\":[{\"@type\":\"SearchAction\",\"target\":{\"@type\":\"EntryPoint\",\"urlTemplate\":\"https:\\\/\\\/radis.ee\\\/?s={search_term_string}\"},\"query-input\":{\"@type\":\"PropertyValueSpecification\",\"valueRequired\":true,\"valueName\":\"search_term_string\"}}],\"inLanguage\":\"fi\"},{\"@type\":\"Organization\",\"@id\":\"https:\\\/\\\/radis.ee\\\/#organization\",\"name\":\"Radis O\u00dc\",\"url\":\"https:\\\/\\\/radis.ee\\\/\",\"logo\":{\"@type\":\"ImageObject\",\"inLanguage\":\"fi\",\"@id\":\"https:\\\/\\\/radis.ee\\\/#\\\/schema\\\/logo\\\/image\\\/\",\"url\":\"https:\\\/\\\/radis.ee\\\/wp-content\\\/uploads\\\/2020\\\/10\\\/Radis-logo.png\",\"contentUrl\":\"https:\\\/\\\/radis.ee\\\/wp-content\\\/uploads\\\/2020\\\/10\\\/Radis-logo.png\",\"width\":300,\"height\":63,\"caption\":\"Radis O\u00dc\"},\"image\":{\"@id\":\"https:\\\/\\\/radis.ee\\\/#\\\/schema\\\/logo\\\/image\\\/\"},\"sameAs\":[\"https:\\\/\\\/www.facebook.com\\\/radisfurniture\\\/\"]}]}<\/script>\n<!-- \/ Yoast SEO plugin. -->","yoast_head_json":{"title":"Korkeuss\u00e4\u00e4dett\u00e4v\u00e4 sein\u00e4p\u00f6yt\u00e4 WUP - Radis","robots":{"index":"index","follow":"follow","max-snippet":"max-snippet:-1","max-image-preview":"max-image-preview:large","max-video-preview":"max-video-preview:-1"},"canonical":"https:\/\/radis.ee\/fi\/korkeussaadettava-seinapoyta-wup\/","og_locale":"fi_FI","og_type":"article","og_title":"Korkeuss\u00e4\u00e4dett\u00e4v\u00e4 sein\u00e4p\u00f6yt\u00e4 WUP - Radis","og_description":"Tuo ty\u00f6p\u00e4iv\u00e4\u00e4si energiaa ja sijoita kodin tai toimiston sein\u00e4lle minimalistisen tyylik\u00e4s WUP-ty\u00f6taso, jonka korkeutta voi s\u00e4\u00e4t\u00e4\u00e4 jopa 80 cm. Jatkuva istuva ty\u00f6asento on terveysriski. Siksi ty\u00f6asentoa kannattaa vaihtaa s\u00e4\u00e4nn\u00f6llisesti, niin ett\u00e4 jokaisen istutun 30\u201360 minuutin j\u00e4lkeen pit\u00e4isi ty\u00f6skennell\u00e4\u00e4n saman verran seisten. Keho ja mieli kiitt\u00e4v\u00e4t vaihtelusta!\u00a0 Sein\u00e4\u00e4n kiinnitett\u00e4v\u00e4 WUP sopii yht\u00e4 hyvin pieneen asuntoon kuin...","og_url":"https:\/\/radis.ee\/fi\/korkeussaadettava-seinapoyta-wup\/","og_site_name":"Radis","article_publisher":"https:\/\/www.facebook.com\/radisfurniture\/","article_modified_time":"2022-11-08T14:54:40+00:00","og_image":[{"width":1300,"height":1005,"url":"https:\/\/radis.ee\/wp-content\/uploads\/2022\/11\/Radis_adjustable_height_wall_desk_WUP_Laptop_top_down_side_11.png","type":"image\/png"}],"twitter_card":"summary_large_image","twitter_misc":{"Arvioitu lukuaika":"1 minuutti"},"schema":{"@context":"https:\/\/schema.org","@graph":[{"@type":"WebPage","@id":"https:\/\/radis.ee\/fi\/korkeussaadettava-seinapoyta-wup\/","url":"https:\/\/radis.ee\/fi\/korkeussaadettava-seinapoyta-wup\/","name":"Korkeuss\u00e4\u00e4dett\u00e4v\u00e4 sein\u00e4p\u00f6yt\u00e4 WUP - Radis","isPartOf":{"@id":"https:\/\/radis.ee\/#website"},"primaryImageOfPage":{"@id":"https:\/\/radis.ee\/fi\/korkeussaadettava-seinapoyta-wup\/#primaryimage"},"image":{"@id":"https:\/\/radis.ee\/fi\/korkeussaadettava-seinapoyta-wup\/#primaryimage"},"thumbnailUrl":"https:\/\/radis.ee\/wp-content\/uploads\/2022\/11\/Radis_adjustable_height_wall_desk_WUP_Laptop_top_down_side_11.png","datePublished":"2022-11-07T09:01:32+00:00","dateModified":"2022-11-08T14:54:40+00:00","breadcrumb":{"@id":"https:\/\/radis.ee\/fi\/korkeussaadettava-seinapoyta-wup\/#breadcrumb"},"inLanguage":"fi","potentialAction":[{"@type":"ReadAction","target":["https:\/\/radis.ee\/fi\/korkeussaadettava-seinapoyta-wup\/"]}]},{"@type":"ImageObject","inLanguage":"fi","@id":"https:\/\/radis.ee\/fi\/korkeussaadettava-seinapoyta-wup\/#primaryimage","url":"https:\/\/radis.ee\/wp-content\/uploads\/2022\/11\/Radis_adjustable_height_wall_desk_WUP_Laptop_top_down_side_11.png","contentUrl":"https:\/\/radis.ee\/wp-content\/uploads\/2022\/11\/Radis_adjustable_height_wall_desk_WUP_Laptop_top_down_side_11.png","width":1300,"height":1005,"caption":"Radis adjustable height wall desk WUP"},{"@type":"BreadcrumbList","@id":"https:\/\/radis.ee\/fi\/korkeussaadettava-seinapoyta-wup\/#breadcrumb","itemListElement":[{"@type":"ListItem","position":1,"name":"Home","item":"https:\/\/radis.ee\/"},{"@type":"ListItem","position":2,"name":"Tuotteet","item":"https:\/\/radis.ee\/fi\/tuotteet\/"},{"@type":"ListItem","position":3,"name":"Korkeuss\u00e4\u00e4dett\u00e4v\u00e4 sein\u00e4p\u00f6yt\u00e4 WUP"}]},{"@type":"WebSite","@id":"https:\/\/radis.ee\/#website","url":"https:\/\/radis.ee\/","name":"Radis","description":"Nordic design furniture, environmentally friendly and sustainable.","publisher":{"@id":"https:\/\/radis.ee\/#organization"},"potentialAction":[{"@type":"SearchAction","target":{"@type":"EntryPoint","urlTemplate":"https:\/\/radis.ee\/?s={search_term_string}"},"query-input":{"@type":"PropertyValueSpecification","valueRequired":true,"valueName":"search_term_string"}}],"inLanguage":"fi"},{"@type":"Organization","@id":"https:\/\/radis.ee\/#organization","name":"Radis O\u00dc","url":"https:\/\/radis.ee\/","logo":{"@type":"ImageObject","inLanguage":"fi","@id":"https:\/\/radis.ee\/#\/schema\/logo\/image\/","url":"https:\/\/radis.ee\/wp-content\/uploads\/2020\/10\/Radis-logo.png","contentUrl":"https:\/\/radis.ee\/wp-content\/uploads\/2020\/10\/Radis-logo.png","width":300,"height":63,"caption":"Radis O\u00dc"},"image":{"@id":"https:\/\/radis.ee\/#\/schema\/logo\/image\/"},"sameAs":["https:\/\/www.facebook.com\/radisfurniture\/"]}]}},"_links":{"self":[{"href":"https:\/\/radis.ee\/fi\/wp-json\/wp\/v2\/product\/19334","targetHints":{"allow":["GET"]}}],"collection":[{"href":"https:\/\/radis.ee\/fi\/wp-json\/wp\/v2\/product"}],"about":[{"href":"https:\/\/radis.ee\/fi\/wp-json\/wp\/v2\/types\/product"}],"replies":[{"embeddable":true,"href":"https:\/\/radis.ee\/fi\/wp-json\/wp\/v2\/comments?post=19334"}],"wp:featuredmedia":[{"embeddable":true,"href":"https:\/\/radis.ee\/fi\/wp-json\/wp\/v2\/media\/19364"}],"wp:attachment":[{"href":"https:\/\/radis.ee\/fi\/wp-json\/wp\/v2\/media?parent=19334"}],"wp:term":[{"taxonomy":"product_brand","embeddable":true,"href":"https:\/\/radis.ee\/fi\/wp-json\/wp\/v2\/product_brand?post=19334"},{"taxonomy":"product_cat","embeddable":true,"href":"https:\/\/radis.ee\/fi\/wp-json\/wp\/v2\/product_cat?post=19334"},{"taxonomy":"product_tag","embeddable":true,"href":"https:\/\/radis.ee\/fi\/wp-json\/wp\/v2\/product_tag?post=19334"}],"curies":[{"name":"wp","href":"https:\/\/api.w.org\/{rel}","templated":true}]}}