{"id":19492,"date":"2022-08-30T17:11:41","date_gmt":"2022-11-07T15:11:44","guid":{"rendered":"https:\/\/radis.ee\/?post_type=product&#038;p=19492"},"modified":"2022-11-07T18:52:19","modified_gmt":"2022-11-07T16:52:19","slug":"baarijakkara-christo","status":"publish","type":"product","link":"https:\/\/radis.ee\/fi\/baarijakkara-christo\/","title":{"rendered":"Baarijakkara CHRISTO"},"content":{"rendered":"<p>Baarijakkara Christo on universaali istuin korkeampaan ruokap\u00f6yt\u00e4\u00e4n tai baaritiskiin. T\u00e4t\u00e4 tuotetta kehitett\u00e4ess\u00e4 on huomioitu mukavuus ja ergonomia pitk\u00e4n istumisen kannalta.<\/p>\n<p>Jakkaran korkeus on helposti s\u00e4\u00e4dett\u00e4viss\u00e4 64-75 cm lattiapinnasta. Istuin on my\u00f6s vapaasti py\u00f6riv\u00e4. Rakenne on ter\u00e4st\u00e4, pulverimaalattu. Jakkaran jalat laadukasta p\u00e4hkin\u00e4puuta tai ter\u00e4st\u00e4, istuin ja selk\u00e4noja luonnonmustaa nahkaa.<\/p>\n<p>Christo-baarijakkara on suunniteltu kest\u00e4m\u00e4\u00e4n ikuisesti sen n\u00e4enn\u00e4isen kevyen ja ohuen jalkarakenteen ansiosta. Saatavana my\u00f6s py\u00f6rim\u00e4tt\u00f6m\u00e4n\u00e4 versiona, istuinkorkeus on t\u00e4ll\u00f6in 75 cm.<\/p>\n<p>Suunnittelu: Kristiina Tuulberg, Kalle Pruuden, Janno Roos<\/p>\n","protected":false},"excerpt":{"rendered":"<p>Baarijakkara Christo on universaali istuin korkeampaan ruokap\u00f6yt\u00e4\u00e4n tai baaritiskiin. T\u00e4t\u00e4 tuotetta kehitett\u00e4ess\u00e4 on huomioitu mukavuus ja ergonomia pitk\u00e4n istumisen kannalta. Jakkaran korkeus on helposti s\u00e4\u00e4dett\u00e4viss\u00e4 64-75 cm lattiapinnasta. Istuin on my\u00f6s vapaasti py\u00f6riv\u00e4. Rakenne on ter\u00e4st\u00e4, pulverimaalattu. Jakkaran jalat laadukasta p\u00e4hkin\u00e4puuta tai ter\u00e4st\u00e4, istuin ja selk\u00e4noja luonnonmustaa nahkaa. Christo-baarijakkara on suunniteltu kest\u00e4m\u00e4\u00e4n ikuisesti sen n\u00e4enn\u00e4isen&#8230;<\/p>\n","protected":false},"featured_media":19595,"comment_status":"open","ping_status":"closed","template":"","meta":{"_acf_changed":false},"product_brand":[],"product_cat":[34],"product_tag":[],"class_list":{"0":"post-19492","1":"product","2":"type-product","3":"status-publish","4":"has-post-thumbnail","6":"product_cat-aksessuaarid","8":"first","9":"instock","10":"taxable","11":"shipping-taxable","12":"purchasable","13":"product-type-variable","14":"has-default-attributes"},"acf":[],"yoast_head":"<!-- This site is optimized with the Yoast SEO plugin v27.4 - https:\/\/yoast.com\/product\/yoast-seo-wordpress\/ -->\n<title>Baarijakkara CHRISTO - Radis<\/title>\n<meta name=\"robots\" content=\"index, follow, max-snippet:-1, max-image-preview:large, max-video-preview:-1\" \/>\n<link rel=\"canonical\" href=\"https:\/\/radis.ee\/baaripukk-christo\/\" \/>\n<meta property=\"og:locale\" content=\"fi_FI\" \/>\n<meta property=\"og:type\" content=\"article\" \/>\n<meta property=\"og:title\" content=\"Baarijakkara CHRISTO - Radis\" \/>\n<meta property=\"og:description\" content=\"Baarijakkara Christo on universaali istuin korkeampaan ruokap\u00f6yt\u00e4\u00e4n tai baaritiskiin. T\u00e4t\u00e4 tuotetta kehitett\u00e4ess\u00e4 on huomioitu mukavuus ja ergonomia pitk\u00e4n istumisen kannalta. Jakkaran korkeus on helposti s\u00e4\u00e4dett\u00e4viss\u00e4 64-75 cm lattiapinnasta. Istuin on my\u00f6s vapaasti py\u00f6riv\u00e4. Rakenne on ter\u00e4st\u00e4, pulverimaalattu. Jakkaran jalat laadukasta p\u00e4hkin\u00e4puuta tai ter\u00e4st\u00e4, istuin ja selk\u00e4noja luonnonmustaa nahkaa. Christo-baarijakkara on suunniteltu kest\u00e4m\u00e4\u00e4n ikuisesti sen n\u00e4enn\u00e4isen...\" \/>\n<meta property=\"og:url\" content=\"https:\/\/radis.ee\/baaripukk-christo\/\" \/>\n<meta property=\"og:site_name\" content=\"Radis\" \/>\n<meta property=\"article:publisher\" content=\"https:\/\/www.facebook.com\/radisfurniture\/\" \/>\n<meta property=\"article:modified_time\" content=\"2022-11-07T16:52:19+00:00\" \/>\n<meta property=\"og:image\" content=\"https:\/\/radis.ee\/wp-content\/uploads\/2022\/08\/Radis_barstool_CHRISTO_Walnut_legs_rotating.jpg\" \/>\n\t<meta property=\"og:image:width\" content=\"1360\" \/>\n\t<meta property=\"og:image:height\" content=\"1620\" \/>\n\t<meta property=\"og:image:type\" content=\"image\/jpeg\" \/>\n<meta name=\"twitter:card\" content=\"summary_large_image\" \/>\n<meta name=\"twitter:label1\" content=\"Arvioitu lukuaika\" \/>\n\t<meta name=\"twitter:data1\" content=\"1 minuutti\" \/>\n<script type=\"application\/ld+json\" class=\"yoast-schema-graph\">{\"@context\":\"https:\\\/\\\/schema.org\",\"@graph\":[{\"@type\":\"WebPage\",\"@id\":\"https:\\\/\\\/radis.ee\\\/baaripukk-christo\\\/\",\"url\":\"https:\\\/\\\/radis.ee\\\/baaripukk-christo\\\/\",\"name\":\"Baarijakkara CHRISTO - Radis\",\"isPartOf\":{\"@id\":\"https:\\\/\\\/radis.ee\\\/#website\"},\"primaryImageOfPage\":{\"@id\":\"https:\\\/\\\/radis.ee\\\/baaripukk-christo\\\/#primaryimage\"},\"image\":{\"@id\":\"https:\\\/\\\/radis.ee\\\/baaripukk-christo\\\/#primaryimage\"},\"thumbnailUrl\":\"https:\\\/\\\/radis.ee\\\/wp-content\\\/uploads\\\/2022\\\/08\\\/Radis_barstool_CHRISTO_Walnut_legs_rotating.jpg\",\"datePublished\":\"2022-11-07T15:11:44+00:00\",\"dateModified\":\"2022-11-07T16:52:19+00:00\",\"breadcrumb\":{\"@id\":\"https:\\\/\\\/radis.ee\\\/baaripukk-christo\\\/#breadcrumb\"},\"inLanguage\":\"fi\",\"potentialAction\":[{\"@type\":\"ReadAction\",\"target\":[\"https:\\\/\\\/radis.ee\\\/baaripukk-christo\\\/\"]}]},{\"@type\":\"ImageObject\",\"inLanguage\":\"fi\",\"@id\":\"https:\\\/\\\/radis.ee\\\/baaripukk-christo\\\/#primaryimage\",\"url\":\"https:\\\/\\\/radis.ee\\\/wp-content\\\/uploads\\\/2022\\\/08\\\/Radis_barstool_CHRISTO_Walnut_legs_rotating.jpg\",\"contentUrl\":\"https:\\\/\\\/radis.ee\\\/wp-content\\\/uploads\\\/2022\\\/08\\\/Radis_barstool_CHRISTO_Walnut_legs_rotating.jpg\",\"width\":1360,\"height\":1620,\"caption\":\"Radis bars tool CHRISTO walnut legs rotating\"},{\"@type\":\"BreadcrumbList\",\"@id\":\"https:\\\/\\\/radis.ee\\\/baaripukk-christo\\\/#breadcrumb\",\"itemListElement\":[{\"@type\":\"ListItem\",\"position\":1,\"name\":\"Home\",\"item\":\"https:\\\/\\\/radis.ee\\\/\"},{\"@type\":\"ListItem\",\"position\":2,\"name\":\"Tuotteet\",\"item\":\"https:\\\/\\\/radis.ee\\\/fi\\\/tuotteet\\\/\"},{\"@type\":\"ListItem\",\"position\":3,\"name\":\"Baarijakkara CHRISTO\"}]},{\"@type\":\"WebSite\",\"@id\":\"https:\\\/\\\/radis.ee\\\/#website\",\"url\":\"https:\\\/\\\/radis.ee\\\/\",\"name\":\"Radis\",\"description\":\"Nordic design furniture, environmentally friendly and sustainable.\",\"publisher\":{\"@id\":\"https:\\\/\\\/radis.ee\\\/#organization\"},\"potentialAction\":[{\"@type\":\"SearchAction\",\"target\":{\"@type\":\"EntryPoint\",\"urlTemplate\":\"https:\\\/\\\/radis.ee\\\/?s={search_term_string}\"},\"query-input\":{\"@type\":\"PropertyValueSpecification\",\"valueRequired\":true,\"valueName\":\"search_term_string\"}}],\"inLanguage\":\"fi\"},{\"@type\":\"Organization\",\"@id\":\"https:\\\/\\\/radis.ee\\\/#organization\",\"name\":\"Radis O\u00dc\",\"url\":\"https:\\\/\\\/radis.ee\\\/\",\"logo\":{\"@type\":\"ImageObject\",\"inLanguage\":\"fi\",\"@id\":\"https:\\\/\\\/radis.ee\\\/#\\\/schema\\\/logo\\\/image\\\/\",\"url\":\"https:\\\/\\\/radis.ee\\\/wp-content\\\/uploads\\\/2020\\\/10\\\/Radis-logo.png\",\"contentUrl\":\"https:\\\/\\\/radis.ee\\\/wp-content\\\/uploads\\\/2020\\\/10\\\/Radis-logo.png\",\"width\":300,\"height\":63,\"caption\":\"Radis O\u00dc\"},\"image\":{\"@id\":\"https:\\\/\\\/radis.ee\\\/#\\\/schema\\\/logo\\\/image\\\/\"},\"sameAs\":[\"https:\\\/\\\/www.facebook.com\\\/radisfurniture\\\/\"]}]}<\/script>\n<!-- \/ Yoast SEO plugin. -->","yoast_head_json":{"title":"Baarijakkara CHRISTO - Radis","robots":{"index":"index","follow":"follow","max-snippet":"max-snippet:-1","max-image-preview":"max-image-preview:large","max-video-preview":"max-video-preview:-1"},"canonical":"https:\/\/radis.ee\/baaripukk-christo\/","og_locale":"fi_FI","og_type":"article","og_title":"Baarijakkara CHRISTO - Radis","og_description":"Baarijakkara Christo on universaali istuin korkeampaan ruokap\u00f6yt\u00e4\u00e4n tai baaritiskiin. T\u00e4t\u00e4 tuotetta kehitett\u00e4ess\u00e4 on huomioitu mukavuus ja ergonomia pitk\u00e4n istumisen kannalta. Jakkaran korkeus on helposti s\u00e4\u00e4dett\u00e4viss\u00e4 64-75 cm lattiapinnasta. Istuin on my\u00f6s vapaasti py\u00f6riv\u00e4. Rakenne on ter\u00e4st\u00e4, pulverimaalattu. Jakkaran jalat laadukasta p\u00e4hkin\u00e4puuta tai ter\u00e4st\u00e4, istuin ja selk\u00e4noja luonnonmustaa nahkaa. Christo-baarijakkara on suunniteltu kest\u00e4m\u00e4\u00e4n ikuisesti sen n\u00e4enn\u00e4isen...","og_url":"https:\/\/radis.ee\/baaripukk-christo\/","og_site_name":"Radis","article_publisher":"https:\/\/www.facebook.com\/radisfurniture\/","article_modified_time":"2022-11-07T16:52:19+00:00","og_image":[{"width":1360,"height":1620,"url":"https:\/\/radis.ee\/wp-content\/uploads\/2022\/08\/Radis_barstool_CHRISTO_Walnut_legs_rotating.jpg","type":"image\/jpeg"}],"twitter_card":"summary_large_image","twitter_misc":{"Arvioitu lukuaika":"1 minuutti"},"schema":{"@context":"https:\/\/schema.org","@graph":[{"@type":"WebPage","@id":"https:\/\/radis.ee\/baaripukk-christo\/","url":"https:\/\/radis.ee\/baaripukk-christo\/","name":"Baarijakkara CHRISTO - Radis","isPartOf":{"@id":"https:\/\/radis.ee\/#website"},"primaryImageOfPage":{"@id":"https:\/\/radis.ee\/baaripukk-christo\/#primaryimage"},"image":{"@id":"https:\/\/radis.ee\/baaripukk-christo\/#primaryimage"},"thumbnailUrl":"https:\/\/radis.ee\/wp-content\/uploads\/2022\/08\/Radis_barstool_CHRISTO_Walnut_legs_rotating.jpg","datePublished":"2022-11-07T15:11:44+00:00","dateModified":"2022-11-07T16:52:19+00:00","breadcrumb":{"@id":"https:\/\/radis.ee\/baaripukk-christo\/#breadcrumb"},"inLanguage":"fi","potentialAction":[{"@type":"ReadAction","target":["https:\/\/radis.ee\/baaripukk-christo\/"]}]},{"@type":"ImageObject","inLanguage":"fi","@id":"https:\/\/radis.ee\/baaripukk-christo\/#primaryimage","url":"https:\/\/radis.ee\/wp-content\/uploads\/2022\/08\/Radis_barstool_CHRISTO_Walnut_legs_rotating.jpg","contentUrl":"https:\/\/radis.ee\/wp-content\/uploads\/2022\/08\/Radis_barstool_CHRISTO_Walnut_legs_rotating.jpg","width":1360,"height":1620,"caption":"Radis bars tool CHRISTO walnut legs rotating"},{"@type":"BreadcrumbList","@id":"https:\/\/radis.ee\/baaripukk-christo\/#breadcrumb","itemListElement":[{"@type":"ListItem","position":1,"name":"Home","item":"https:\/\/radis.ee\/"},{"@type":"ListItem","position":2,"name":"Tuotteet","item":"https:\/\/radis.ee\/fi\/tuotteet\/"},{"@type":"ListItem","position":3,"name":"Baarijakkara CHRISTO"}]},{"@type":"WebSite","@id":"https:\/\/radis.ee\/#website","url":"https:\/\/radis.ee\/","name":"Radis","description":"Nordic design furniture, environmentally friendly and sustainable.","publisher":{"@id":"https:\/\/radis.ee\/#organization"},"potentialAction":[{"@type":"SearchAction","target":{"@type":"EntryPoint","urlTemplate":"https:\/\/radis.ee\/?s={search_term_string}"},"query-input":{"@type":"PropertyValueSpecification","valueRequired":true,"valueName":"search_term_string"}}],"inLanguage":"fi"},{"@type":"Organization","@id":"https:\/\/radis.ee\/#organization","name":"Radis O\u00dc","url":"https:\/\/radis.ee\/","logo":{"@type":"ImageObject","inLanguage":"fi","@id":"https:\/\/radis.ee\/#\/schema\/logo\/image\/","url":"https:\/\/radis.ee\/wp-content\/uploads\/2020\/10\/Radis-logo.png","contentUrl":"https:\/\/radis.ee\/wp-content\/uploads\/2020\/10\/Radis-logo.png","width":300,"height":63,"caption":"Radis O\u00dc"},"image":{"@id":"https:\/\/radis.ee\/#\/schema\/logo\/image\/"},"sameAs":["https:\/\/www.facebook.com\/radisfurniture\/"]}]}},"_links":{"self":[{"href":"https:\/\/radis.ee\/fi\/wp-json\/wp\/v2\/product\/19492","targetHints":{"allow":["GET"]}}],"collection":[{"href":"https:\/\/radis.ee\/fi\/wp-json\/wp\/v2\/product"}],"about":[{"href":"https:\/\/radis.ee\/fi\/wp-json\/wp\/v2\/types\/product"}],"replies":[{"embeddable":true,"href":"https:\/\/radis.ee\/fi\/wp-json\/wp\/v2\/comments?post=19492"}],"wp:featuredmedia":[{"embeddable":true,"href":"https:\/\/radis.ee\/fi\/wp-json\/wp\/v2\/media\/19595"}],"wp:attachment":[{"href":"https:\/\/radis.ee\/fi\/wp-json\/wp\/v2\/media?parent=19492"}],"wp:term":[{"taxonomy":"product_brand","embeddable":true,"href":"https:\/\/radis.ee\/fi\/wp-json\/wp\/v2\/product_brand?post=19492"},{"taxonomy":"product_cat","embeddable":true,"href":"https:\/\/radis.ee\/fi\/wp-json\/wp\/v2\/product_cat?post=19492"},{"taxonomy":"product_tag","embeddable":true,"href":"https:\/\/radis.ee\/fi\/wp-json\/wp\/v2\/product_tag?post=19492"}],"curies":[{"name":"wp","href":"https:\/\/api.w.org\/{rel}","templated":true}]}}