{"id":19617,"date":"2022-09-08T11:29:39","date_gmt":"2022-11-08T09:29:43","guid":{"rendered":"https:\/\/radis.ee\/?post_type=product&#038;p=19617"},"modified":"2022-11-08T13:30:31","modified_gmt":"2022-11-08T11:30:31","slug":"leposanky-lebo","status":"publish","type":"product","link":"https:\/\/radis.ee\/fi\/leposanky-lebo\/","title":{"rendered":"Lepos\u00e4nky LEBO"},"content":{"rendered":"<p>Leposohva LEBO tarjoaa lyhyen helpotuksen arjen h\u00e4lin\u00e4st\u00e4. Suunniteltu erityisesti niille, jotka varastavat hetken ja ottavat p\u00e4iv\u00e4unet, meditoivat tai harjoittelevat unijoogaa.<\/p>\n<p>LEBO-sohvas\u00e4nky on monik\u00e4ytt\u00f6inen huonekalu &#8211; paikka pohtia ty\u00f6asioita tai nukkumissohva y\u00f6pyj\u00e4lle.<\/p>\n<p>Valmistettu luonnollisesta Vintage-nahasta &#8211; tyylik\u00e4s mutta klassinen huonekalunahka kuluneella ilmeell\u00e4. Tammi jalat.<\/p>\n<p>Suunnittelija: Raivo Prooso<\/p>\n","protected":false},"excerpt":{"rendered":"<p>Leposohva LEBO tarjoaa lyhyen helpotuksen arjen h\u00e4lin\u00e4st\u00e4. Suunniteltu erityisesti niille, jotka varastavat hetken ja ottavat p\u00e4iv\u00e4unet, meditoivat tai harjoittelevat unijoogaa. LEBO-sohvas\u00e4nky on monik\u00e4ytt\u00f6inen huonekalu &#8211; paikka pohtia ty\u00f6asioita tai nukkumissohva y\u00f6pyj\u00e4lle. Valmistettu luonnollisesta Vintage-nahasta &#8211; tyylik\u00e4s mutta klassinen huonekalunahka kuluneella ilmeell\u00e4. Tammi jalat. Suunnittelija: Raivo Prooso<\/p>\n","protected":false},"featured_media":19683,"comment_status":"open","ping_status":"closed","template":"","meta":{"_acf_changed":false},"product_brand":[],"product_cat":[264],"product_tag":[],"class_list":{"0":"post-19617","1":"product","2":"type-product","3":"status-publish","4":"has-post-thumbnail","6":"product_cat-sangyt","8":"first","9":"instock","10":"taxable","11":"shipping-taxable","12":"purchasable","13":"product-type-variable","14":"has-default-attributes"},"acf":[],"yoast_head":"<!-- This site is optimized with the Yoast SEO plugin v27.4 - https:\/\/yoast.com\/product\/yoast-seo-wordpress\/ -->\n<title>Lepos\u00e4nky LEBO - Radis<\/title>\n<meta name=\"robots\" content=\"index, follow, max-snippet:-1, max-image-preview:large, max-video-preview:-1\" \/>\n<link rel=\"canonical\" href=\"https:\/\/radis.ee\/paevavoodi-lebo\/\" \/>\n<meta property=\"og:locale\" content=\"fi_FI\" \/>\n<meta property=\"og:type\" content=\"article\" \/>\n<meta property=\"og:title\" content=\"Lepos\u00e4nky LEBO - Radis\" \/>\n<meta property=\"og:description\" content=\"Leposohva LEBO tarjoaa lyhyen helpotuksen arjen h\u00e4lin\u00e4st\u00e4. Suunniteltu erityisesti niille, jotka varastavat hetken ja ottavat p\u00e4iv\u00e4unet, meditoivat tai harjoittelevat unijoogaa. LEBO-sohvas\u00e4nky on monik\u00e4ytt\u00f6inen huonekalu &#8211; paikka pohtia ty\u00f6asioita tai nukkumissohva y\u00f6pyj\u00e4lle. Valmistettu luonnollisesta Vintage-nahasta &#8211; tyylik\u00e4s mutta klassinen huonekalunahka kuluneella ilmeell\u00e4. Tammi jalat. Suunnittelija: Raivo Prooso\" \/>\n<meta property=\"og:url\" content=\"https:\/\/radis.ee\/paevavoodi-lebo\/\" \/>\n<meta property=\"og:site_name\" content=\"Radis\" \/>\n<meta property=\"article:publisher\" content=\"https:\/\/www.facebook.com\/radisfurniture\/\" \/>\n<meta property=\"article:modified_time\" content=\"2022-11-08T11:30:31+00:00\" \/>\n<meta property=\"og:image\" content=\"https:\/\/radis.ee\/wp-content\/uploads\/2022\/11\/Radis_daybed_LEBO_leather_Vintage_COGNAC_2-1.jpg\" \/>\n\t<meta property=\"og:image:width\" content=\"1360\" \/>\n\t<meta property=\"og:image:height\" content=\"1620\" \/>\n\t<meta property=\"og:image:type\" content=\"image\/jpeg\" \/>\n<meta name=\"twitter:card\" content=\"summary_large_image\" \/>\n<script type=\"application\/ld+json\" class=\"yoast-schema-graph\">{\"@context\":\"https:\\\/\\\/schema.org\",\"@graph\":[{\"@type\":\"WebPage\",\"@id\":\"https:\\\/\\\/radis.ee\\\/paevavoodi-lebo\\\/\",\"url\":\"https:\\\/\\\/radis.ee\\\/paevavoodi-lebo\\\/\",\"name\":\"Lepos\u00e4nky LEBO - Radis\",\"isPartOf\":{\"@id\":\"https:\\\/\\\/radis.ee\\\/#website\"},\"primaryImageOfPage\":{\"@id\":\"https:\\\/\\\/radis.ee\\\/paevavoodi-lebo\\\/#primaryimage\"},\"image\":{\"@id\":\"https:\\\/\\\/radis.ee\\\/paevavoodi-lebo\\\/#primaryimage\"},\"thumbnailUrl\":\"https:\\\/\\\/radis.ee\\\/wp-content\\\/uploads\\\/2022\\\/11\\\/Radis_daybed_LEBO_leather_Vintage_COGNAC_2-1.jpg\",\"datePublished\":\"2022-11-08T09:29:43+00:00\",\"dateModified\":\"2022-11-08T11:30:31+00:00\",\"breadcrumb\":{\"@id\":\"https:\\\/\\\/radis.ee\\\/paevavoodi-lebo\\\/#breadcrumb\"},\"inLanguage\":\"fi\",\"potentialAction\":[{\"@type\":\"ReadAction\",\"target\":[\"https:\\\/\\\/radis.ee\\\/paevavoodi-lebo\\\/\"]}]},{\"@type\":\"ImageObject\",\"inLanguage\":\"fi\",\"@id\":\"https:\\\/\\\/radis.ee\\\/paevavoodi-lebo\\\/#primaryimage\",\"url\":\"https:\\\/\\\/radis.ee\\\/wp-content\\\/uploads\\\/2022\\\/11\\\/Radis_daybed_LEBO_leather_Vintage_COGNAC_2-1.jpg\",\"contentUrl\":\"https:\\\/\\\/radis.ee\\\/wp-content\\\/uploads\\\/2022\\\/11\\\/Radis_daybed_LEBO_leather_Vintage_COGNAC_2-1.jpg\",\"width\":1360,\"height\":1620,\"caption\":\"Radis daybed LEBO Vintage Cognac\"},{\"@type\":\"BreadcrumbList\",\"@id\":\"https:\\\/\\\/radis.ee\\\/paevavoodi-lebo\\\/#breadcrumb\",\"itemListElement\":[{\"@type\":\"ListItem\",\"position\":1,\"name\":\"Home\",\"item\":\"https:\\\/\\\/radis.ee\\\/\"},{\"@type\":\"ListItem\",\"position\":2,\"name\":\"Tuotteet\",\"item\":\"https:\\\/\\\/radis.ee\\\/fi\\\/tuotteet\\\/\"},{\"@type\":\"ListItem\",\"position\":3,\"name\":\"Lepos\u00e4nky LEBO\"}]},{\"@type\":\"WebSite\",\"@id\":\"https:\\\/\\\/radis.ee\\\/#website\",\"url\":\"https:\\\/\\\/radis.ee\\\/\",\"name\":\"Radis\",\"description\":\"Nordic design furniture, environmentally friendly and sustainable.\",\"publisher\":{\"@id\":\"https:\\\/\\\/radis.ee\\\/#organization\"},\"potentialAction\":[{\"@type\":\"SearchAction\",\"target\":{\"@type\":\"EntryPoint\",\"urlTemplate\":\"https:\\\/\\\/radis.ee\\\/?s={search_term_string}\"},\"query-input\":{\"@type\":\"PropertyValueSpecification\",\"valueRequired\":true,\"valueName\":\"search_term_string\"}}],\"inLanguage\":\"fi\"},{\"@type\":\"Organization\",\"@id\":\"https:\\\/\\\/radis.ee\\\/#organization\",\"name\":\"Radis O\u00dc\",\"url\":\"https:\\\/\\\/radis.ee\\\/\",\"logo\":{\"@type\":\"ImageObject\",\"inLanguage\":\"fi\",\"@id\":\"https:\\\/\\\/radis.ee\\\/#\\\/schema\\\/logo\\\/image\\\/\",\"url\":\"https:\\\/\\\/radis.ee\\\/wp-content\\\/uploads\\\/2020\\\/10\\\/Radis-logo.png\",\"contentUrl\":\"https:\\\/\\\/radis.ee\\\/wp-content\\\/uploads\\\/2020\\\/10\\\/Radis-logo.png\",\"width\":300,\"height\":63,\"caption\":\"Radis O\u00dc\"},\"image\":{\"@id\":\"https:\\\/\\\/radis.ee\\\/#\\\/schema\\\/logo\\\/image\\\/\"},\"sameAs\":[\"https:\\\/\\\/www.facebook.com\\\/radisfurniture\\\/\"]}]}<\/script>\n<!-- \/ Yoast SEO plugin. -->","yoast_head_json":{"title":"Lepos\u00e4nky LEBO - Radis","robots":{"index":"index","follow":"follow","max-snippet":"max-snippet:-1","max-image-preview":"max-image-preview:large","max-video-preview":"max-video-preview:-1"},"canonical":"https:\/\/radis.ee\/paevavoodi-lebo\/","og_locale":"fi_FI","og_type":"article","og_title":"Lepos\u00e4nky LEBO - Radis","og_description":"Leposohva LEBO tarjoaa lyhyen helpotuksen arjen h\u00e4lin\u00e4st\u00e4. Suunniteltu erityisesti niille, jotka varastavat hetken ja ottavat p\u00e4iv\u00e4unet, meditoivat tai harjoittelevat unijoogaa. LEBO-sohvas\u00e4nky on monik\u00e4ytt\u00f6inen huonekalu &#8211; paikka pohtia ty\u00f6asioita tai nukkumissohva y\u00f6pyj\u00e4lle. Valmistettu luonnollisesta Vintage-nahasta &#8211; tyylik\u00e4s mutta klassinen huonekalunahka kuluneella ilmeell\u00e4. Tammi jalat. Suunnittelija: Raivo Prooso","og_url":"https:\/\/radis.ee\/paevavoodi-lebo\/","og_site_name":"Radis","article_publisher":"https:\/\/www.facebook.com\/radisfurniture\/","article_modified_time":"2022-11-08T11:30:31+00:00","og_image":[{"width":1360,"height":1620,"url":"https:\/\/radis.ee\/wp-content\/uploads\/2022\/11\/Radis_daybed_LEBO_leather_Vintage_COGNAC_2-1.jpg","type":"image\/jpeg"}],"twitter_card":"summary_large_image","schema":{"@context":"https:\/\/schema.org","@graph":[{"@type":"WebPage","@id":"https:\/\/radis.ee\/paevavoodi-lebo\/","url":"https:\/\/radis.ee\/paevavoodi-lebo\/","name":"Lepos\u00e4nky LEBO - Radis","isPartOf":{"@id":"https:\/\/radis.ee\/#website"},"primaryImageOfPage":{"@id":"https:\/\/radis.ee\/paevavoodi-lebo\/#primaryimage"},"image":{"@id":"https:\/\/radis.ee\/paevavoodi-lebo\/#primaryimage"},"thumbnailUrl":"https:\/\/radis.ee\/wp-content\/uploads\/2022\/11\/Radis_daybed_LEBO_leather_Vintage_COGNAC_2-1.jpg","datePublished":"2022-11-08T09:29:43+00:00","dateModified":"2022-11-08T11:30:31+00:00","breadcrumb":{"@id":"https:\/\/radis.ee\/paevavoodi-lebo\/#breadcrumb"},"inLanguage":"fi","potentialAction":[{"@type":"ReadAction","target":["https:\/\/radis.ee\/paevavoodi-lebo\/"]}]},{"@type":"ImageObject","inLanguage":"fi","@id":"https:\/\/radis.ee\/paevavoodi-lebo\/#primaryimage","url":"https:\/\/radis.ee\/wp-content\/uploads\/2022\/11\/Radis_daybed_LEBO_leather_Vintage_COGNAC_2-1.jpg","contentUrl":"https:\/\/radis.ee\/wp-content\/uploads\/2022\/11\/Radis_daybed_LEBO_leather_Vintage_COGNAC_2-1.jpg","width":1360,"height":1620,"caption":"Radis daybed LEBO Vintage Cognac"},{"@type":"BreadcrumbList","@id":"https:\/\/radis.ee\/paevavoodi-lebo\/#breadcrumb","itemListElement":[{"@type":"ListItem","position":1,"name":"Home","item":"https:\/\/radis.ee\/"},{"@type":"ListItem","position":2,"name":"Tuotteet","item":"https:\/\/radis.ee\/fi\/tuotteet\/"},{"@type":"ListItem","position":3,"name":"Lepos\u00e4nky LEBO"}]},{"@type":"WebSite","@id":"https:\/\/radis.ee\/#website","url":"https:\/\/radis.ee\/","name":"Radis","description":"Nordic design furniture, environmentally friendly and sustainable.","publisher":{"@id":"https:\/\/radis.ee\/#organization"},"potentialAction":[{"@type":"SearchAction","target":{"@type":"EntryPoint","urlTemplate":"https:\/\/radis.ee\/?s={search_term_string}"},"query-input":{"@type":"PropertyValueSpecification","valueRequired":true,"valueName":"search_term_string"}}],"inLanguage":"fi"},{"@type":"Organization","@id":"https:\/\/radis.ee\/#organization","name":"Radis O\u00dc","url":"https:\/\/radis.ee\/","logo":{"@type":"ImageObject","inLanguage":"fi","@id":"https:\/\/radis.ee\/#\/schema\/logo\/image\/","url":"https:\/\/radis.ee\/wp-content\/uploads\/2020\/10\/Radis-logo.png","contentUrl":"https:\/\/radis.ee\/wp-content\/uploads\/2020\/10\/Radis-logo.png","width":300,"height":63,"caption":"Radis O\u00dc"},"image":{"@id":"https:\/\/radis.ee\/#\/schema\/logo\/image\/"},"sameAs":["https:\/\/www.facebook.com\/radisfurniture\/"]}]}},"_links":{"self":[{"href":"https:\/\/radis.ee\/fi\/wp-json\/wp\/v2\/product\/19617","targetHints":{"allow":["GET"]}}],"collection":[{"href":"https:\/\/radis.ee\/fi\/wp-json\/wp\/v2\/product"}],"about":[{"href":"https:\/\/radis.ee\/fi\/wp-json\/wp\/v2\/types\/product"}],"replies":[{"embeddable":true,"href":"https:\/\/radis.ee\/fi\/wp-json\/wp\/v2\/comments?post=19617"}],"wp:featuredmedia":[{"embeddable":true,"href":"https:\/\/radis.ee\/fi\/wp-json\/wp\/v2\/media\/19683"}],"wp:attachment":[{"href":"https:\/\/radis.ee\/fi\/wp-json\/wp\/v2\/media?parent=19617"}],"wp:term":[{"taxonomy":"product_brand","embeddable":true,"href":"https:\/\/radis.ee\/fi\/wp-json\/wp\/v2\/product_brand?post=19617"},{"taxonomy":"product_cat","embeddable":true,"href":"https:\/\/radis.ee\/fi\/wp-json\/wp\/v2\/product_cat?post=19617"},{"taxonomy":"product_tag","embeddable":true,"href":"https:\/\/radis.ee\/fi\/wp-json\/wp\/v2\/product_tag?post=19617"}],"curies":[{"name":"wp","href":"https:\/\/api.w.org\/{rel}","templated":true}]}}