{"id":20295,"date":"2020-10-17T09:07:19","date_gmt":"2023-01-05T07:07:44","guid":{"rendered":"https:\/\/radis.ee\/?post_type=product&#038;p=20295"},"modified":"2024-03-05T19:49:08","modified_gmt":"2024-03-05T17:49:08","slug":"hyllysto-pix-xs","status":"publish","type":"product","link":"https:\/\/radis.ee\/fi\/hyllysto-pix-xs\/","title":{"rendered":"Hyllyst\u00f6 PIX XS"},"content":{"rendered":"<p>Hyllyst\u00f6 kaapilla, joka on tyylik\u00e4s muotoiluelementti, sek\u00e4 tilava s\u00e4ilytystila. Mik\u00e4 menee ovien taakse ja mik\u00e4 on esill\u00e4 &#8211; se on sinun teht\u00e4v\u00e4si!<\/p>\n<p>Jokainen hyllyv\u00e4li on my\u00f6s kaappi, jonka avautumissuunnan voit valita itse hyllynjakajalla. Hyllyv\u00e4lin korkeus on 33 cm, joten hyllyihin mahtuvat my\u00f6s korkeammat kansiot ja kirjat. Kaapin sis\u00e4leveys on 33 cm. 8 cm korkea sokkeli, joka sopii hyvin kaikkien jalkalistaan.<\/p>\n<p>Valmistettu 15mm koivuvanerista tai tammiviilusta, \u00f6ljyvahattu, my\u00f6s valkoiseksi HPL-pinnoitettu. Pehme\u00e4sti sulkeutuvat oven saranat.<\/p>\n","protected":false},"excerpt":{"rendered":"<p>Hyllyst\u00f6 kaapilla, joka on tyylik\u00e4s muotoiluelementti, sek\u00e4 tilava s\u00e4ilytystila. Mik\u00e4 menee ovien taakse ja mik\u00e4 on esill\u00e4 &#8211; se on sinun teht\u00e4v\u00e4si! Jokainen hyllyv\u00e4li on my\u00f6s kaappi, jonka avautumissuunnan voit valita itse hyllynjakajalla. Hyllyv\u00e4lin korkeus on 33 cm, joten hyllyihin mahtuvat my\u00f6s korkeammat kansiot ja kirjat. Kaapin sis\u00e4leveys on 33 cm. 8 cm korkea sokkeli,&#8230;<\/p>\n","protected":false},"featured_media":20473,"comment_status":"open","ping_status":"closed","template":"","meta":{"_acf_changed":false},"product_brand":[],"product_cat":[296],"product_tag":[],"class_list":{"0":"post-20295","1":"product","2":"type-product","3":"status-publish","4":"has-post-thumbnail","6":"product_cat-hyllyt","8":"first","9":"instock","10":"taxable","11":"shipping-taxable","12":"purchasable","13":"product-type-variable","14":"has-default-attributes"},"acf":[],"yoast_head":"<!-- This site is optimized with the Yoast SEO plugin v27.4 - https:\/\/yoast.com\/product\/yoast-seo-wordpress\/ -->\n<title>Hyllyst\u00f6 PIX XS - Radis<\/title>\n<meta name=\"robots\" content=\"index, follow, max-snippet:-1, max-image-preview:large, max-video-preview:-1\" \/>\n<link rel=\"canonical\" href=\"https:\/\/radis.ee\/fi\/hyllysto-pix-xs\/\" \/>\n<meta property=\"og:locale\" content=\"fi_FI\" \/>\n<meta property=\"og:type\" content=\"article\" \/>\n<meta property=\"og:title\" content=\"Hyllyst\u00f6 PIX XS - Radis\" \/>\n<meta property=\"og:description\" content=\"Hyllyst\u00f6 kaapilla, joka on tyylik\u00e4s muotoiluelementti, sek\u00e4 tilava s\u00e4ilytystila. Mik\u00e4 menee ovien taakse ja mik\u00e4 on esill\u00e4 &#8211; se on sinun teht\u00e4v\u00e4si! Jokainen hyllyv\u00e4li on my\u00f6s kaappi, jonka avautumissuunnan voit valita itse hyllynjakajalla. Hyllyv\u00e4lin korkeus on 33 cm, joten hyllyihin mahtuvat my\u00f6s korkeammat kansiot ja kirjat. Kaapin sis\u00e4leveys on 33 cm. 8 cm korkea sokkeli,...\" \/>\n<meta property=\"og:url\" content=\"https:\/\/radis.ee\/fi\/hyllysto-pix-xs\/\" \/>\n<meta property=\"og:site_name\" content=\"Radis\" \/>\n<meta property=\"article:publisher\" content=\"https:\/\/www.facebook.com\/radisfurniture\/\" \/>\n<meta property=\"article:modified_time\" content=\"2024-03-05T17:49:08+00:00\" \/>\n<meta property=\"og:image\" content=\"https:\/\/radis.ee\/wp-content\/uploads\/2020\/10\/RADIS_shelf_PIX_XS_Pebble_Grey_doors_White_Osmo_white_background.jpg\" \/>\n\t<meta property=\"og:image:width\" content=\"1360\" \/>\n\t<meta property=\"og:image:height\" content=\"1620\" \/>\n\t<meta property=\"og:image:type\" content=\"image\/jpeg\" \/>\n<meta name=\"twitter:card\" content=\"summary_large_image\" \/>\n<script type=\"application\/ld+json\" class=\"yoast-schema-graph\">{\"@context\":\"https:\\\/\\\/schema.org\",\"@graph\":[{\"@type\":\"WebPage\",\"@id\":\"https:\\\/\\\/radis.ee\\\/fi\\\/hyllysto-pix-xs\\\/\",\"url\":\"https:\\\/\\\/radis.ee\\\/fi\\\/hyllysto-pix-xs\\\/\",\"name\":\"Hyllyst\u00f6 PIX XS - Radis\",\"isPartOf\":{\"@id\":\"https:\\\/\\\/radis.ee\\\/#website\"},\"primaryImageOfPage\":{\"@id\":\"https:\\\/\\\/radis.ee\\\/fi\\\/hyllysto-pix-xs\\\/#primaryimage\"},\"image\":{\"@id\":\"https:\\\/\\\/radis.ee\\\/fi\\\/hyllysto-pix-xs\\\/#primaryimage\"},\"thumbnailUrl\":\"https:\\\/\\\/radis.ee\\\/wp-content\\\/uploads\\\/2020\\\/10\\\/RADIS_shelf_PIX_XS_Pebble_Grey_doors_White_Osmo_white_background.jpg\",\"datePublished\":\"2023-01-05T07:07:44+00:00\",\"dateModified\":\"2024-03-05T17:49:08+00:00\",\"breadcrumb\":{\"@id\":\"https:\\\/\\\/radis.ee\\\/fi\\\/hyllysto-pix-xs\\\/#breadcrumb\"},\"inLanguage\":\"fi\",\"potentialAction\":[{\"@type\":\"ReadAction\",\"target\":[\"https:\\\/\\\/radis.ee\\\/fi\\\/hyllysto-pix-xs\\\/\"]}]},{\"@type\":\"ImageObject\",\"inLanguage\":\"fi\",\"@id\":\"https:\\\/\\\/radis.ee\\\/fi\\\/hyllysto-pix-xs\\\/#primaryimage\",\"url\":\"https:\\\/\\\/radis.ee\\\/wp-content\\\/uploads\\\/2020\\\/10\\\/RADIS_shelf_PIX_XS_Pebble_Grey_doors_White_Osmo_white_background.jpg\",\"contentUrl\":\"https:\\\/\\\/radis.ee\\\/wp-content\\\/uploads\\\/2020\\\/10\\\/RADIS_shelf_PIX_XS_Pebble_Grey_doors_White_Osmo_white_background.jpg\",\"width\":1360,\"height\":1620,\"caption\":\"RADIS shelf PIX XS Pebble Grey doors White Osmo\"},{\"@type\":\"BreadcrumbList\",\"@id\":\"https:\\\/\\\/radis.ee\\\/fi\\\/hyllysto-pix-xs\\\/#breadcrumb\",\"itemListElement\":[{\"@type\":\"ListItem\",\"position\":1,\"name\":\"Home\",\"item\":\"https:\\\/\\\/radis.ee\\\/\"},{\"@type\":\"ListItem\",\"position\":2,\"name\":\"Tuotteet\",\"item\":\"https:\\\/\\\/radis.ee\\\/fi\\\/tuotteet\\\/\"},{\"@type\":\"ListItem\",\"position\":3,\"name\":\"Hyllyst\u00f6 PIX XS\"}]},{\"@type\":\"WebSite\",\"@id\":\"https:\\\/\\\/radis.ee\\\/#website\",\"url\":\"https:\\\/\\\/radis.ee\\\/\",\"name\":\"Radis\",\"description\":\"Nordic design furniture, environmentally friendly and sustainable.\",\"publisher\":{\"@id\":\"https:\\\/\\\/radis.ee\\\/#organization\"},\"potentialAction\":[{\"@type\":\"SearchAction\",\"target\":{\"@type\":\"EntryPoint\",\"urlTemplate\":\"https:\\\/\\\/radis.ee\\\/?s={search_term_string}\"},\"query-input\":{\"@type\":\"PropertyValueSpecification\",\"valueRequired\":true,\"valueName\":\"search_term_string\"}}],\"inLanguage\":\"fi\"},{\"@type\":\"Organization\",\"@id\":\"https:\\\/\\\/radis.ee\\\/#organization\",\"name\":\"Radis O\u00dc\",\"url\":\"https:\\\/\\\/radis.ee\\\/\",\"logo\":{\"@type\":\"ImageObject\",\"inLanguage\":\"fi\",\"@id\":\"https:\\\/\\\/radis.ee\\\/#\\\/schema\\\/logo\\\/image\\\/\",\"url\":\"https:\\\/\\\/radis.ee\\\/wp-content\\\/uploads\\\/2020\\\/10\\\/Radis-logo.png\",\"contentUrl\":\"https:\\\/\\\/radis.ee\\\/wp-content\\\/uploads\\\/2020\\\/10\\\/Radis-logo.png\",\"width\":300,\"height\":63,\"caption\":\"Radis O\u00dc\"},\"image\":{\"@id\":\"https:\\\/\\\/radis.ee\\\/#\\\/schema\\\/logo\\\/image\\\/\"},\"sameAs\":[\"https:\\\/\\\/www.facebook.com\\\/radisfurniture\\\/\"]}]}<\/script>\n<!-- \/ Yoast SEO plugin. -->","yoast_head_json":{"title":"Hyllyst\u00f6 PIX XS - Radis","robots":{"index":"index","follow":"follow","max-snippet":"max-snippet:-1","max-image-preview":"max-image-preview:large","max-video-preview":"max-video-preview:-1"},"canonical":"https:\/\/radis.ee\/fi\/hyllysto-pix-xs\/","og_locale":"fi_FI","og_type":"article","og_title":"Hyllyst\u00f6 PIX XS - Radis","og_description":"Hyllyst\u00f6 kaapilla, joka on tyylik\u00e4s muotoiluelementti, sek\u00e4 tilava s\u00e4ilytystila. Mik\u00e4 menee ovien taakse ja mik\u00e4 on esill\u00e4 &#8211; se on sinun teht\u00e4v\u00e4si! Jokainen hyllyv\u00e4li on my\u00f6s kaappi, jonka avautumissuunnan voit valita itse hyllynjakajalla. Hyllyv\u00e4lin korkeus on 33 cm, joten hyllyihin mahtuvat my\u00f6s korkeammat kansiot ja kirjat. Kaapin sis\u00e4leveys on 33 cm. 8 cm korkea sokkeli,...","og_url":"https:\/\/radis.ee\/fi\/hyllysto-pix-xs\/","og_site_name":"Radis","article_publisher":"https:\/\/www.facebook.com\/radisfurniture\/","article_modified_time":"2024-03-05T17:49:08+00:00","og_image":[{"width":1360,"height":1620,"url":"https:\/\/radis.ee\/wp-content\/uploads\/2020\/10\/RADIS_shelf_PIX_XS_Pebble_Grey_doors_White_Osmo_white_background.jpg","type":"image\/jpeg"}],"twitter_card":"summary_large_image","schema":{"@context":"https:\/\/schema.org","@graph":[{"@type":"WebPage","@id":"https:\/\/radis.ee\/fi\/hyllysto-pix-xs\/","url":"https:\/\/radis.ee\/fi\/hyllysto-pix-xs\/","name":"Hyllyst\u00f6 PIX XS - Radis","isPartOf":{"@id":"https:\/\/radis.ee\/#website"},"primaryImageOfPage":{"@id":"https:\/\/radis.ee\/fi\/hyllysto-pix-xs\/#primaryimage"},"image":{"@id":"https:\/\/radis.ee\/fi\/hyllysto-pix-xs\/#primaryimage"},"thumbnailUrl":"https:\/\/radis.ee\/wp-content\/uploads\/2020\/10\/RADIS_shelf_PIX_XS_Pebble_Grey_doors_White_Osmo_white_background.jpg","datePublished":"2023-01-05T07:07:44+00:00","dateModified":"2024-03-05T17:49:08+00:00","breadcrumb":{"@id":"https:\/\/radis.ee\/fi\/hyllysto-pix-xs\/#breadcrumb"},"inLanguage":"fi","potentialAction":[{"@type":"ReadAction","target":["https:\/\/radis.ee\/fi\/hyllysto-pix-xs\/"]}]},{"@type":"ImageObject","inLanguage":"fi","@id":"https:\/\/radis.ee\/fi\/hyllysto-pix-xs\/#primaryimage","url":"https:\/\/radis.ee\/wp-content\/uploads\/2020\/10\/RADIS_shelf_PIX_XS_Pebble_Grey_doors_White_Osmo_white_background.jpg","contentUrl":"https:\/\/radis.ee\/wp-content\/uploads\/2020\/10\/RADIS_shelf_PIX_XS_Pebble_Grey_doors_White_Osmo_white_background.jpg","width":1360,"height":1620,"caption":"RADIS shelf PIX XS Pebble Grey doors White Osmo"},{"@type":"BreadcrumbList","@id":"https:\/\/radis.ee\/fi\/hyllysto-pix-xs\/#breadcrumb","itemListElement":[{"@type":"ListItem","position":1,"name":"Home","item":"https:\/\/radis.ee\/"},{"@type":"ListItem","position":2,"name":"Tuotteet","item":"https:\/\/radis.ee\/fi\/tuotteet\/"},{"@type":"ListItem","position":3,"name":"Hyllyst\u00f6 PIX XS"}]},{"@type":"WebSite","@id":"https:\/\/radis.ee\/#website","url":"https:\/\/radis.ee\/","name":"Radis","description":"Nordic design furniture, environmentally friendly and sustainable.","publisher":{"@id":"https:\/\/radis.ee\/#organization"},"potentialAction":[{"@type":"SearchAction","target":{"@type":"EntryPoint","urlTemplate":"https:\/\/radis.ee\/?s={search_term_string}"},"query-input":{"@type":"PropertyValueSpecification","valueRequired":true,"valueName":"search_term_string"}}],"inLanguage":"fi"},{"@type":"Organization","@id":"https:\/\/radis.ee\/#organization","name":"Radis O\u00dc","url":"https:\/\/radis.ee\/","logo":{"@type":"ImageObject","inLanguage":"fi","@id":"https:\/\/radis.ee\/#\/schema\/logo\/image\/","url":"https:\/\/radis.ee\/wp-content\/uploads\/2020\/10\/Radis-logo.png","contentUrl":"https:\/\/radis.ee\/wp-content\/uploads\/2020\/10\/Radis-logo.png","width":300,"height":63,"caption":"Radis O\u00dc"},"image":{"@id":"https:\/\/radis.ee\/#\/schema\/logo\/image\/"},"sameAs":["https:\/\/www.facebook.com\/radisfurniture\/"]}]}},"_links":{"self":[{"href":"https:\/\/radis.ee\/fi\/wp-json\/wp\/v2\/product\/20295","targetHints":{"allow":["GET"]}}],"collection":[{"href":"https:\/\/radis.ee\/fi\/wp-json\/wp\/v2\/product"}],"about":[{"href":"https:\/\/radis.ee\/fi\/wp-json\/wp\/v2\/types\/product"}],"replies":[{"embeddable":true,"href":"https:\/\/radis.ee\/fi\/wp-json\/wp\/v2\/comments?post=20295"}],"wp:featuredmedia":[{"embeddable":true,"href":"https:\/\/radis.ee\/fi\/wp-json\/wp\/v2\/media\/20473"}],"wp:attachment":[{"href":"https:\/\/radis.ee\/fi\/wp-json\/wp\/v2\/media?parent=20295"}],"wp:term":[{"taxonomy":"product_brand","embeddable":true,"href":"https:\/\/radis.ee\/fi\/wp-json\/wp\/v2\/product_brand?post=20295"},{"taxonomy":"product_cat","embeddable":true,"href":"https:\/\/radis.ee\/fi\/wp-json\/wp\/v2\/product_cat?post=20295"},{"taxonomy":"product_tag","embeddable":true,"href":"https:\/\/radis.ee\/fi\/wp-json\/wp\/v2\/product_tag?post=20295"}],"curies":[{"name":"wp","href":"https:\/\/api.w.org\/{rel}","templated":true}]}}