{"id":20694,"date":"2022-07-12T17:15:22","date_gmt":"2023-01-21T15:15:23","guid":{"rendered":"https:\/\/radis.ee\/?post_type=product&#038;p=20694"},"modified":"2024-06-12T23:36:25","modified_gmt":"2024-06-12T20:36:25","slug":"poytavalaisin-space","status":"publish","type":"product","link":"https:\/\/radis.ee\/fi\/poytavalaisin-space\/","title":{"rendered":"P\u00f6yt\u00e4valaisin SPACE"},"content":{"rendered":"<p>Tyylikk\u00e4\u00e4sti kaareva p\u00f6yt\u00e4valaisin, jonka pehme\u00e4 valo pirist\u00e4\u00e4 unelmasi.<\/p>\n<p>Ajaton muotoilu, ainutlaatuinen tekninen toteutus, joka antaa valaisimelle ainutlaatuisen raidallisen linjan.<\/p>\n<p>Valmistettu luonnonkoivuvanerista tai massiivitammesta, k\u00e4sity\u00f6n\u00e4, \u00f6ljyvahattu saksalaisella laatu\u00f6ljyll\u00e4 Auro 108, myrkyt\u00f6n, luonnollisia ainesosia.<\/p>\n<p>LED-akun k\u00e4ytt\u00f6ik\u00e4 50 000h tai 91 vuotta (keskim\u00e4\u00e4r\u00e4inen k\u00e4ytt\u00f6 1,5h \/ p\u00e4iv\u00e4). Ainutlaatuinen kosketusherkk\u00e4 kytkin puun l\u00e4pi, 0-100 % himmennystoiminnolla. Turvallinen 24 V pienj\u00e4nnite kaiken ik\u00e4isille perheenj\u00e4senille. Takuu 7 vuotta. LED 8,65 W. Kelvin: 3000K.<\/p>\n<p>Suunnittelija: Erkki Kivastik<\/p>\n","protected":false},"excerpt":{"rendered":"<p>Tyylikk\u00e4\u00e4sti kaareva p\u00f6yt\u00e4valaisin, jonka pehme\u00e4 valo pirist\u00e4\u00e4 unelmasi. Ajaton muotoilu, ainutlaatuinen tekninen toteutus, joka antaa valaisimelle ainutlaatuisen raidallisen linjan. Valmistettu luonnonkoivuvanerista tai massiivitammesta, k\u00e4sity\u00f6n\u00e4, \u00f6ljyvahattu saksalaisella laatu\u00f6ljyll\u00e4 Auro 108, myrkyt\u00f6n, luonnollisia ainesosia. LED-akun k\u00e4ytt\u00f6ik\u00e4 50 000h tai 91 vuotta (keskim\u00e4\u00e4r\u00e4inen k\u00e4ytt\u00f6 1,5h \/ p\u00e4iv\u00e4). Ainutlaatuinen kosketusherkk\u00e4 kytkin puun l\u00e4pi, 0-100 % himmennystoiminnolla. Turvallinen 24 V&#8230;<\/p>\n","protected":false},"featured_media":20700,"comment_status":"open","ping_status":"closed","template":"","meta":{"_acf_changed":false},"product_brand":[],"product_cat":[34],"product_tag":[],"class_list":{"0":"post-20694","1":"product","2":"type-product","3":"status-publish","4":"has-post-thumbnail","6":"product_cat-aksessuaarid","8":"first","9":"instock","10":"sale","11":"taxable","12":"shipping-taxable","13":"purchasable","14":"product-type-variable","15":"has-default-attributes"},"acf":[],"yoast_head":"<!-- This site is optimized with the Yoast SEO plugin v27.4 - https:\/\/yoast.com\/product\/yoast-seo-wordpress\/ -->\n<title>P\u00f6yt\u00e4valaisin SPACE - Radis<\/title>\n<meta name=\"robots\" content=\"index, follow, max-snippet:-1, max-image-preview:large, max-video-preview:-1\" \/>\n<link rel=\"canonical\" href=\"https:\/\/radis.ee\/laualamp-space\/\" \/>\n<meta property=\"og:locale\" content=\"fi_FI\" \/>\n<meta property=\"og:type\" content=\"article\" \/>\n<meta property=\"og:title\" content=\"P\u00f6yt\u00e4valaisin SPACE - Radis\" \/>\n<meta property=\"og:description\" content=\"Tyylikk\u00e4\u00e4sti kaareva p\u00f6yt\u00e4valaisin, jonka pehme\u00e4 valo pirist\u00e4\u00e4 unelmasi. Ajaton muotoilu, ainutlaatuinen tekninen toteutus, joka antaa valaisimelle ainutlaatuisen raidallisen linjan. Valmistettu luonnonkoivuvanerista tai massiivitammesta, k\u00e4sity\u00f6n\u00e4, \u00f6ljyvahattu saksalaisella laatu\u00f6ljyll\u00e4 Auro 108, myrkyt\u00f6n, luonnollisia ainesosia. LED-akun k\u00e4ytt\u00f6ik\u00e4 50 000h tai 91 vuotta (keskim\u00e4\u00e4r\u00e4inen k\u00e4ytt\u00f6 1,5h \/ p\u00e4iv\u00e4). Ainutlaatuinen kosketusherkk\u00e4 kytkin puun l\u00e4pi, 0-100 % himmennystoiminnolla. Turvallinen 24 V...\" \/>\n<meta property=\"og:url\" content=\"https:\/\/radis.ee\/laualamp-space\/\" \/>\n<meta property=\"og:site_name\" content=\"Radis\" \/>\n<meta property=\"article:publisher\" content=\"https:\/\/www.facebook.com\/radisfurniture\/\" \/>\n<meta property=\"article:modified_time\" content=\"2024-06-12T20:36:25+00:00\" \/>\n<meta property=\"og:image\" content=\"https:\/\/radis.ee\/wp-content\/uploads\/2023\/01\/Radis_table_lamp_-SPACE_Handcrafted-Wooden-Desing-Lamps_Handcrafted-Design.png\" \/>\n\t<meta property=\"og:image:width\" content=\"2200\" \/>\n\t<meta property=\"og:image:height\" content=\"2620\" \/>\n\t<meta property=\"og:image:type\" content=\"image\/png\" \/>\n<meta name=\"twitter:card\" content=\"summary_large_image\" \/>\n<script type=\"application\/ld+json\" class=\"yoast-schema-graph\">{\"@context\":\"https:\\\/\\\/schema.org\",\"@graph\":[{\"@type\":\"WebPage\",\"@id\":\"https:\\\/\\\/radis.ee\\\/laualamp-space\\\/\",\"url\":\"https:\\\/\\\/radis.ee\\\/laualamp-space\\\/\",\"name\":\"P\u00f6yt\u00e4valaisin SPACE - Radis\",\"isPartOf\":{\"@id\":\"https:\\\/\\\/radis.ee\\\/#website\"},\"primaryImageOfPage\":{\"@id\":\"https:\\\/\\\/radis.ee\\\/laualamp-space\\\/#primaryimage\"},\"image\":{\"@id\":\"https:\\\/\\\/radis.ee\\\/laualamp-space\\\/#primaryimage\"},\"thumbnailUrl\":\"https:\\\/\\\/radis.ee\\\/wp-content\\\/uploads\\\/2023\\\/01\\\/Radis_table_lamp_-SPACE_Handcrafted-Wooden-Desing-Lamps_Handcrafted-Design.png\",\"datePublished\":\"2023-01-21T15:15:23+00:00\",\"dateModified\":\"2024-06-12T20:36:25+00:00\",\"breadcrumb\":{\"@id\":\"https:\\\/\\\/radis.ee\\\/laualamp-space\\\/#breadcrumb\"},\"inLanguage\":\"fi\",\"potentialAction\":[{\"@type\":\"ReadAction\",\"target\":[\"https:\\\/\\\/radis.ee\\\/laualamp-space\\\/\"]}]},{\"@type\":\"ImageObject\",\"inLanguage\":\"fi\",\"@id\":\"https:\\\/\\\/radis.ee\\\/laualamp-space\\\/#primaryimage\",\"url\":\"https:\\\/\\\/radis.ee\\\/wp-content\\\/uploads\\\/2023\\\/01\\\/Radis_table_lamp_-SPACE_Handcrafted-Wooden-Desing-Lamps_Handcrafted-Design.png\",\"contentUrl\":\"https:\\\/\\\/radis.ee\\\/wp-content\\\/uploads\\\/2023\\\/01\\\/Radis_table_lamp_-SPACE_Handcrafted-Wooden-Desing-Lamps_Handcrafted-Design.png\",\"width\":2200,\"height\":2620,\"caption\":\"Radis table lamp SPACE plywood oilwaxed\"},{\"@type\":\"BreadcrumbList\",\"@id\":\"https:\\\/\\\/radis.ee\\\/laualamp-space\\\/#breadcrumb\",\"itemListElement\":[{\"@type\":\"ListItem\",\"position\":1,\"name\":\"Home\",\"item\":\"https:\\\/\\\/radis.ee\\\/\"},{\"@type\":\"ListItem\",\"position\":2,\"name\":\"Tuotteet\",\"item\":\"https:\\\/\\\/radis.ee\\\/fi\\\/tuotteet\\\/\"},{\"@type\":\"ListItem\",\"position\":3,\"name\":\"P\u00f6yt\u00e4valaisin SPACE\"}]},{\"@type\":\"WebSite\",\"@id\":\"https:\\\/\\\/radis.ee\\\/#website\",\"url\":\"https:\\\/\\\/radis.ee\\\/\",\"name\":\"Radis\",\"description\":\"Nordic design furniture, environmentally friendly and sustainable.\",\"publisher\":{\"@id\":\"https:\\\/\\\/radis.ee\\\/#organization\"},\"potentialAction\":[{\"@type\":\"SearchAction\",\"target\":{\"@type\":\"EntryPoint\",\"urlTemplate\":\"https:\\\/\\\/radis.ee\\\/?s={search_term_string}\"},\"query-input\":{\"@type\":\"PropertyValueSpecification\",\"valueRequired\":true,\"valueName\":\"search_term_string\"}}],\"inLanguage\":\"fi\"},{\"@type\":\"Organization\",\"@id\":\"https:\\\/\\\/radis.ee\\\/#organization\",\"name\":\"Radis O\u00dc\",\"url\":\"https:\\\/\\\/radis.ee\\\/\",\"logo\":{\"@type\":\"ImageObject\",\"inLanguage\":\"fi\",\"@id\":\"https:\\\/\\\/radis.ee\\\/#\\\/schema\\\/logo\\\/image\\\/\",\"url\":\"https:\\\/\\\/radis.ee\\\/wp-content\\\/uploads\\\/2020\\\/10\\\/Radis-logo.png\",\"contentUrl\":\"https:\\\/\\\/radis.ee\\\/wp-content\\\/uploads\\\/2020\\\/10\\\/Radis-logo.png\",\"width\":300,\"height\":63,\"caption\":\"Radis O\u00dc\"},\"image\":{\"@id\":\"https:\\\/\\\/radis.ee\\\/#\\\/schema\\\/logo\\\/image\\\/\"},\"sameAs\":[\"https:\\\/\\\/www.facebook.com\\\/radisfurniture\\\/\"]}]}<\/script>\n<!-- \/ Yoast SEO plugin. -->","yoast_head_json":{"title":"P\u00f6yt\u00e4valaisin SPACE - Radis","robots":{"index":"index","follow":"follow","max-snippet":"max-snippet:-1","max-image-preview":"max-image-preview:large","max-video-preview":"max-video-preview:-1"},"canonical":"https:\/\/radis.ee\/laualamp-space\/","og_locale":"fi_FI","og_type":"article","og_title":"P\u00f6yt\u00e4valaisin SPACE - Radis","og_description":"Tyylikk\u00e4\u00e4sti kaareva p\u00f6yt\u00e4valaisin, jonka pehme\u00e4 valo pirist\u00e4\u00e4 unelmasi. Ajaton muotoilu, ainutlaatuinen tekninen toteutus, joka antaa valaisimelle ainutlaatuisen raidallisen linjan. Valmistettu luonnonkoivuvanerista tai massiivitammesta, k\u00e4sity\u00f6n\u00e4, \u00f6ljyvahattu saksalaisella laatu\u00f6ljyll\u00e4 Auro 108, myrkyt\u00f6n, luonnollisia ainesosia. LED-akun k\u00e4ytt\u00f6ik\u00e4 50 000h tai 91 vuotta (keskim\u00e4\u00e4r\u00e4inen k\u00e4ytt\u00f6 1,5h \/ p\u00e4iv\u00e4). Ainutlaatuinen kosketusherkk\u00e4 kytkin puun l\u00e4pi, 0-100 % himmennystoiminnolla. Turvallinen 24 V...","og_url":"https:\/\/radis.ee\/laualamp-space\/","og_site_name":"Radis","article_publisher":"https:\/\/www.facebook.com\/radisfurniture\/","article_modified_time":"2024-06-12T20:36:25+00:00","og_image":[{"width":2200,"height":2620,"url":"https:\/\/radis.ee\/wp-content\/uploads\/2023\/01\/Radis_table_lamp_-SPACE_Handcrafted-Wooden-Desing-Lamps_Handcrafted-Design.png","type":"image\/png"}],"twitter_card":"summary_large_image","schema":{"@context":"https:\/\/schema.org","@graph":[{"@type":"WebPage","@id":"https:\/\/radis.ee\/laualamp-space\/","url":"https:\/\/radis.ee\/laualamp-space\/","name":"P\u00f6yt\u00e4valaisin SPACE - Radis","isPartOf":{"@id":"https:\/\/radis.ee\/#website"},"primaryImageOfPage":{"@id":"https:\/\/radis.ee\/laualamp-space\/#primaryimage"},"image":{"@id":"https:\/\/radis.ee\/laualamp-space\/#primaryimage"},"thumbnailUrl":"https:\/\/radis.ee\/wp-content\/uploads\/2023\/01\/Radis_table_lamp_-SPACE_Handcrafted-Wooden-Desing-Lamps_Handcrafted-Design.png","datePublished":"2023-01-21T15:15:23+00:00","dateModified":"2024-06-12T20:36:25+00:00","breadcrumb":{"@id":"https:\/\/radis.ee\/laualamp-space\/#breadcrumb"},"inLanguage":"fi","potentialAction":[{"@type":"ReadAction","target":["https:\/\/radis.ee\/laualamp-space\/"]}]},{"@type":"ImageObject","inLanguage":"fi","@id":"https:\/\/radis.ee\/laualamp-space\/#primaryimage","url":"https:\/\/radis.ee\/wp-content\/uploads\/2023\/01\/Radis_table_lamp_-SPACE_Handcrafted-Wooden-Desing-Lamps_Handcrafted-Design.png","contentUrl":"https:\/\/radis.ee\/wp-content\/uploads\/2023\/01\/Radis_table_lamp_-SPACE_Handcrafted-Wooden-Desing-Lamps_Handcrafted-Design.png","width":2200,"height":2620,"caption":"Radis table lamp SPACE plywood oilwaxed"},{"@type":"BreadcrumbList","@id":"https:\/\/radis.ee\/laualamp-space\/#breadcrumb","itemListElement":[{"@type":"ListItem","position":1,"name":"Home","item":"https:\/\/radis.ee\/"},{"@type":"ListItem","position":2,"name":"Tuotteet","item":"https:\/\/radis.ee\/fi\/tuotteet\/"},{"@type":"ListItem","position":3,"name":"P\u00f6yt\u00e4valaisin SPACE"}]},{"@type":"WebSite","@id":"https:\/\/radis.ee\/#website","url":"https:\/\/radis.ee\/","name":"Radis","description":"Nordic design furniture, environmentally friendly and sustainable.","publisher":{"@id":"https:\/\/radis.ee\/#organization"},"potentialAction":[{"@type":"SearchAction","target":{"@type":"EntryPoint","urlTemplate":"https:\/\/radis.ee\/?s={search_term_string}"},"query-input":{"@type":"PropertyValueSpecification","valueRequired":true,"valueName":"search_term_string"}}],"inLanguage":"fi"},{"@type":"Organization","@id":"https:\/\/radis.ee\/#organization","name":"Radis O\u00dc","url":"https:\/\/radis.ee\/","logo":{"@type":"ImageObject","inLanguage":"fi","@id":"https:\/\/radis.ee\/#\/schema\/logo\/image\/","url":"https:\/\/radis.ee\/wp-content\/uploads\/2020\/10\/Radis-logo.png","contentUrl":"https:\/\/radis.ee\/wp-content\/uploads\/2020\/10\/Radis-logo.png","width":300,"height":63,"caption":"Radis O\u00dc"},"image":{"@id":"https:\/\/radis.ee\/#\/schema\/logo\/image\/"},"sameAs":["https:\/\/www.facebook.com\/radisfurniture\/"]}]}},"_links":{"self":[{"href":"https:\/\/radis.ee\/fi\/wp-json\/wp\/v2\/product\/20694","targetHints":{"allow":["GET"]}}],"collection":[{"href":"https:\/\/radis.ee\/fi\/wp-json\/wp\/v2\/product"}],"about":[{"href":"https:\/\/radis.ee\/fi\/wp-json\/wp\/v2\/types\/product"}],"replies":[{"embeddable":true,"href":"https:\/\/radis.ee\/fi\/wp-json\/wp\/v2\/comments?post=20694"}],"wp:featuredmedia":[{"embeddable":true,"href":"https:\/\/radis.ee\/fi\/wp-json\/wp\/v2\/media\/20700"}],"wp:attachment":[{"href":"https:\/\/radis.ee\/fi\/wp-json\/wp\/v2\/media?parent=20694"}],"wp:term":[{"taxonomy":"product_brand","embeddable":true,"href":"https:\/\/radis.ee\/fi\/wp-json\/wp\/v2\/product_brand?post=20694"},{"taxonomy":"product_cat","embeddable":true,"href":"https:\/\/radis.ee\/fi\/wp-json\/wp\/v2\/product_cat?post=20694"},{"taxonomy":"product_tag","embeddable":true,"href":"https:\/\/radis.ee\/fi\/wp-json\/wp\/v2\/product_tag?post=20694"}],"curies":[{"name":"wp","href":"https:\/\/api.w.org\/{rel}","templated":true}]}}