{"id":20720,"date":"2022-07-12T19:53:44","date_gmt":"2023-01-22T17:53:44","guid":{"rendered":"https:\/\/radis.ee\/?post_type=product&#038;p=20720"},"modified":"2024-06-12T22:17:30","modified_gmt":"2024-06-12T19:17:30","slug":"lattialamppu-svelte","status":"publish","type":"product","link":"https:\/\/radis.ee\/fi\/lattialamppu-svelte\/","title":{"rendered":"Lattialamppu SVELTE"},"content":{"rendered":"<p>Ainutlaatuinen ohut muotoiluvalaisin, joka luo kotiisi pehme\u00e4n mets\u00e4n hehkun.<\/p>\n<p>Ajaton muotoilu, ainutlaatuinen tekninen toteutus, joka antaa valaisimelle ainutlaatuisen raidallisen linjan.<\/p>\n<p>Valmistettu luonnonkoivuvanerista tai massiivitammesta, k\u00e4sity\u00f6n\u00e4, \u00f6ljyvahattu saksalaisella laatu\u00f6ljyll\u00e4 Auro 108, myrkyt\u00f6n, luonnollisia ainesosia. Ilman n\u00e4kyvi\u00e4 johtoja ja kiinnikkeit\u00e4.<\/p>\n<p>LED-akun k\u00e4ytt\u00f6ik\u00e4 50000h tai 91 vuotta (keskim\u00e4\u00e4r\u00e4inen k\u00e4ytt\u00f6 1,5h \/ p\u00e4iv\u00e4). Mukava kaukos\u00e4\u00e4din 0-100 % himmennystoiminnolla. Turvallinen 24 V pienj\u00e4nnite kaiken ik\u00e4isille perheenj\u00e4senille. Takuu 7 vuotta.<\/p>\n<p>LED 19,53 W. Kelvin: 2700K-3200K.<\/p>\n<p>Suunnittelija: Erkki Kivastik<\/p>\n","protected":false},"excerpt":{"rendered":"<p>Ainutlaatuinen ohut muotoiluvalaisin, joka luo kotiisi pehme\u00e4n mets\u00e4n hehkun. Ajaton muotoilu, ainutlaatuinen tekninen toteutus, joka antaa valaisimelle ainutlaatuisen raidallisen linjan. Valmistettu luonnonkoivuvanerista tai massiivitammesta, k\u00e4sity\u00f6n\u00e4, \u00f6ljyvahattu saksalaisella laatu\u00f6ljyll\u00e4 Auro 108, myrkyt\u00f6n, luonnollisia ainesosia. Ilman n\u00e4kyvi\u00e4 johtoja ja kiinnikkeit\u00e4. LED-akun k\u00e4ytt\u00f6ik\u00e4 50000h tai 91 vuotta (keskim\u00e4\u00e4r\u00e4inen k\u00e4ytt\u00f6 1,5h \/ p\u00e4iv\u00e4). Mukava kaukos\u00e4\u00e4din 0-100 % himmennystoiminnolla. Turvallinen&#8230;<\/p>\n","protected":false},"featured_media":20726,"comment_status":"open","ping_status":"closed","template":"","meta":{"_acf_changed":false},"product_brand":[],"product_cat":[34],"product_tag":[],"class_list":{"0":"post-20720","1":"product","2":"type-product","3":"status-publish","4":"has-post-thumbnail","6":"product_cat-aksessuaarid","8":"first","9":"instock","10":"sale","11":"taxable","12":"shipping-taxable","13":"purchasable","14":"product-type-variable","15":"has-default-attributes"},"acf":[],"yoast_head":"<!-- This site is optimized with the Yoast SEO plugin v27.4 - https:\/\/yoast.com\/product\/yoast-seo-wordpress\/ -->\n<title>Lattialamppu SVELTE - Radis<\/title>\n<meta name=\"robots\" content=\"index, follow, max-snippet:-1, max-image-preview:large, max-video-preview:-1\" \/>\n<link rel=\"canonical\" href=\"https:\/\/radis.ee\/porandalamp-svelte\/\" \/>\n<meta property=\"og:locale\" content=\"fi_FI\" \/>\n<meta property=\"og:type\" content=\"article\" \/>\n<meta property=\"og:title\" content=\"Lattialamppu SVELTE - Radis\" \/>\n<meta property=\"og:description\" content=\"Ainutlaatuinen ohut muotoiluvalaisin, joka luo kotiisi pehme\u00e4n mets\u00e4n hehkun. Ajaton muotoilu, ainutlaatuinen tekninen toteutus, joka antaa valaisimelle ainutlaatuisen raidallisen linjan. Valmistettu luonnonkoivuvanerista tai massiivitammesta, k\u00e4sity\u00f6n\u00e4, \u00f6ljyvahattu saksalaisella laatu\u00f6ljyll\u00e4 Auro 108, myrkyt\u00f6n, luonnollisia ainesosia. Ilman n\u00e4kyvi\u00e4 johtoja ja kiinnikkeit\u00e4. LED-akun k\u00e4ytt\u00f6ik\u00e4 50000h tai 91 vuotta (keskim\u00e4\u00e4r\u00e4inen k\u00e4ytt\u00f6 1,5h \/ p\u00e4iv\u00e4). Mukava kaukos\u00e4\u00e4din 0-100 % himmennystoiminnolla. Turvallinen...\" \/>\n<meta property=\"og:url\" content=\"https:\/\/radis.ee\/porandalamp-svelte\/\" \/>\n<meta property=\"og:site_name\" content=\"Radis\" \/>\n<meta property=\"article:publisher\" content=\"https:\/\/www.facebook.com\/radisfurniture\/\" \/>\n<meta property=\"article:modified_time\" content=\"2024-06-12T19:17:30+00:00\" \/>\n<meta property=\"og:image\" content=\"https:\/\/radis.ee\/wp-content\/uploads\/2023\/01\/Radis_floor_lamp_SVELTE-Handcrafted-Design-Wooden-Floor-Lamp_3.png\" \/>\n\t<meta property=\"og:image:width\" content=\"2200\" \/>\n\t<meta property=\"og:image:height\" content=\"2620\" \/>\n\t<meta property=\"og:image:type\" content=\"image\/png\" \/>\n<meta name=\"twitter:card\" content=\"summary_large_image\" \/>\n<script type=\"application\/ld+json\" class=\"yoast-schema-graph\">{\"@context\":\"https:\\\/\\\/schema.org\",\"@graph\":[{\"@type\":\"WebPage\",\"@id\":\"https:\\\/\\\/radis.ee\\\/porandalamp-svelte\\\/\",\"url\":\"https:\\\/\\\/radis.ee\\\/porandalamp-svelte\\\/\",\"name\":\"Lattialamppu SVELTE - Radis\",\"isPartOf\":{\"@id\":\"https:\\\/\\\/radis.ee\\\/#website\"},\"primaryImageOfPage\":{\"@id\":\"https:\\\/\\\/radis.ee\\\/porandalamp-svelte\\\/#primaryimage\"},\"image\":{\"@id\":\"https:\\\/\\\/radis.ee\\\/porandalamp-svelte\\\/#primaryimage\"},\"thumbnailUrl\":\"https:\\\/\\\/radis.ee\\\/wp-content\\\/uploads\\\/2023\\\/01\\\/Radis_floor_lamp_SVELTE-Handcrafted-Design-Wooden-Floor-Lamp_3.png\",\"datePublished\":\"2023-01-22T17:53:44+00:00\",\"dateModified\":\"2024-06-12T19:17:30+00:00\",\"breadcrumb\":{\"@id\":\"https:\\\/\\\/radis.ee\\\/porandalamp-svelte\\\/#breadcrumb\"},\"inLanguage\":\"fi\",\"potentialAction\":[{\"@type\":\"ReadAction\",\"target\":[\"https:\\\/\\\/radis.ee\\\/porandalamp-svelte\\\/\"]}]},{\"@type\":\"ImageObject\",\"inLanguage\":\"fi\",\"@id\":\"https:\\\/\\\/radis.ee\\\/porandalamp-svelte\\\/#primaryimage\",\"url\":\"https:\\\/\\\/radis.ee\\\/wp-content\\\/uploads\\\/2023\\\/01\\\/Radis_floor_lamp_SVELTE-Handcrafted-Design-Wooden-Floor-Lamp_3.png\",\"contentUrl\":\"https:\\\/\\\/radis.ee\\\/wp-content\\\/uploads\\\/2023\\\/01\\\/Radis_floor_lamp_SVELTE-Handcrafted-Design-Wooden-Floor-Lamp_3.png\",\"width\":2200,\"height\":2620,\"caption\":\"Radis floor lamp SVELTE\"},{\"@type\":\"BreadcrumbList\",\"@id\":\"https:\\\/\\\/radis.ee\\\/porandalamp-svelte\\\/#breadcrumb\",\"itemListElement\":[{\"@type\":\"ListItem\",\"position\":1,\"name\":\"Home\",\"item\":\"https:\\\/\\\/radis.ee\\\/\"},{\"@type\":\"ListItem\",\"position\":2,\"name\":\"Tuotteet\",\"item\":\"https:\\\/\\\/radis.ee\\\/fi\\\/tuotteet\\\/\"},{\"@type\":\"ListItem\",\"position\":3,\"name\":\"Lattialamppu SVELTE\"}]},{\"@type\":\"WebSite\",\"@id\":\"https:\\\/\\\/radis.ee\\\/#website\",\"url\":\"https:\\\/\\\/radis.ee\\\/\",\"name\":\"Radis\",\"description\":\"Nordic design furniture, environmentally friendly and sustainable.\",\"publisher\":{\"@id\":\"https:\\\/\\\/radis.ee\\\/#organization\"},\"potentialAction\":[{\"@type\":\"SearchAction\",\"target\":{\"@type\":\"EntryPoint\",\"urlTemplate\":\"https:\\\/\\\/radis.ee\\\/?s={search_term_string}\"},\"query-input\":{\"@type\":\"PropertyValueSpecification\",\"valueRequired\":true,\"valueName\":\"search_term_string\"}}],\"inLanguage\":\"fi\"},{\"@type\":\"Organization\",\"@id\":\"https:\\\/\\\/radis.ee\\\/#organization\",\"name\":\"Radis O\u00dc\",\"url\":\"https:\\\/\\\/radis.ee\\\/\",\"logo\":{\"@type\":\"ImageObject\",\"inLanguage\":\"fi\",\"@id\":\"https:\\\/\\\/radis.ee\\\/#\\\/schema\\\/logo\\\/image\\\/\",\"url\":\"https:\\\/\\\/radis.ee\\\/wp-content\\\/uploads\\\/2020\\\/10\\\/Radis-logo.png\",\"contentUrl\":\"https:\\\/\\\/radis.ee\\\/wp-content\\\/uploads\\\/2020\\\/10\\\/Radis-logo.png\",\"width\":300,\"height\":63,\"caption\":\"Radis O\u00dc\"},\"image\":{\"@id\":\"https:\\\/\\\/radis.ee\\\/#\\\/schema\\\/logo\\\/image\\\/\"},\"sameAs\":[\"https:\\\/\\\/www.facebook.com\\\/radisfurniture\\\/\"]}]}<\/script>\n<!-- \/ Yoast SEO plugin. -->","yoast_head_json":{"title":"Lattialamppu SVELTE - Radis","robots":{"index":"index","follow":"follow","max-snippet":"max-snippet:-1","max-image-preview":"max-image-preview:large","max-video-preview":"max-video-preview:-1"},"canonical":"https:\/\/radis.ee\/porandalamp-svelte\/","og_locale":"fi_FI","og_type":"article","og_title":"Lattialamppu SVELTE - Radis","og_description":"Ainutlaatuinen ohut muotoiluvalaisin, joka luo kotiisi pehme\u00e4n mets\u00e4n hehkun. Ajaton muotoilu, ainutlaatuinen tekninen toteutus, joka antaa valaisimelle ainutlaatuisen raidallisen linjan. Valmistettu luonnonkoivuvanerista tai massiivitammesta, k\u00e4sity\u00f6n\u00e4, \u00f6ljyvahattu saksalaisella laatu\u00f6ljyll\u00e4 Auro 108, myrkyt\u00f6n, luonnollisia ainesosia. Ilman n\u00e4kyvi\u00e4 johtoja ja kiinnikkeit\u00e4. LED-akun k\u00e4ytt\u00f6ik\u00e4 50000h tai 91 vuotta (keskim\u00e4\u00e4r\u00e4inen k\u00e4ytt\u00f6 1,5h \/ p\u00e4iv\u00e4). Mukava kaukos\u00e4\u00e4din 0-100 % himmennystoiminnolla. Turvallinen...","og_url":"https:\/\/radis.ee\/porandalamp-svelte\/","og_site_name":"Radis","article_publisher":"https:\/\/www.facebook.com\/radisfurniture\/","article_modified_time":"2024-06-12T19:17:30+00:00","og_image":[{"width":2200,"height":2620,"url":"https:\/\/radis.ee\/wp-content\/uploads\/2023\/01\/Radis_floor_lamp_SVELTE-Handcrafted-Design-Wooden-Floor-Lamp_3.png","type":"image\/png"}],"twitter_card":"summary_large_image","schema":{"@context":"https:\/\/schema.org","@graph":[{"@type":"WebPage","@id":"https:\/\/radis.ee\/porandalamp-svelte\/","url":"https:\/\/radis.ee\/porandalamp-svelte\/","name":"Lattialamppu SVELTE - Radis","isPartOf":{"@id":"https:\/\/radis.ee\/#website"},"primaryImageOfPage":{"@id":"https:\/\/radis.ee\/porandalamp-svelte\/#primaryimage"},"image":{"@id":"https:\/\/radis.ee\/porandalamp-svelte\/#primaryimage"},"thumbnailUrl":"https:\/\/radis.ee\/wp-content\/uploads\/2023\/01\/Radis_floor_lamp_SVELTE-Handcrafted-Design-Wooden-Floor-Lamp_3.png","datePublished":"2023-01-22T17:53:44+00:00","dateModified":"2024-06-12T19:17:30+00:00","breadcrumb":{"@id":"https:\/\/radis.ee\/porandalamp-svelte\/#breadcrumb"},"inLanguage":"fi","potentialAction":[{"@type":"ReadAction","target":["https:\/\/radis.ee\/porandalamp-svelte\/"]}]},{"@type":"ImageObject","inLanguage":"fi","@id":"https:\/\/radis.ee\/porandalamp-svelte\/#primaryimage","url":"https:\/\/radis.ee\/wp-content\/uploads\/2023\/01\/Radis_floor_lamp_SVELTE-Handcrafted-Design-Wooden-Floor-Lamp_3.png","contentUrl":"https:\/\/radis.ee\/wp-content\/uploads\/2023\/01\/Radis_floor_lamp_SVELTE-Handcrafted-Design-Wooden-Floor-Lamp_3.png","width":2200,"height":2620,"caption":"Radis floor lamp SVELTE"},{"@type":"BreadcrumbList","@id":"https:\/\/radis.ee\/porandalamp-svelte\/#breadcrumb","itemListElement":[{"@type":"ListItem","position":1,"name":"Home","item":"https:\/\/radis.ee\/"},{"@type":"ListItem","position":2,"name":"Tuotteet","item":"https:\/\/radis.ee\/fi\/tuotteet\/"},{"@type":"ListItem","position":3,"name":"Lattialamppu SVELTE"}]},{"@type":"WebSite","@id":"https:\/\/radis.ee\/#website","url":"https:\/\/radis.ee\/","name":"Radis","description":"Nordic design furniture, environmentally friendly and sustainable.","publisher":{"@id":"https:\/\/radis.ee\/#organization"},"potentialAction":[{"@type":"SearchAction","target":{"@type":"EntryPoint","urlTemplate":"https:\/\/radis.ee\/?s={search_term_string}"},"query-input":{"@type":"PropertyValueSpecification","valueRequired":true,"valueName":"search_term_string"}}],"inLanguage":"fi"},{"@type":"Organization","@id":"https:\/\/radis.ee\/#organization","name":"Radis O\u00dc","url":"https:\/\/radis.ee\/","logo":{"@type":"ImageObject","inLanguage":"fi","@id":"https:\/\/radis.ee\/#\/schema\/logo\/image\/","url":"https:\/\/radis.ee\/wp-content\/uploads\/2020\/10\/Radis-logo.png","contentUrl":"https:\/\/radis.ee\/wp-content\/uploads\/2020\/10\/Radis-logo.png","width":300,"height":63,"caption":"Radis O\u00dc"},"image":{"@id":"https:\/\/radis.ee\/#\/schema\/logo\/image\/"},"sameAs":["https:\/\/www.facebook.com\/radisfurniture\/"]}]}},"_links":{"self":[{"href":"https:\/\/radis.ee\/fi\/wp-json\/wp\/v2\/product\/20720","targetHints":{"allow":["GET"]}}],"collection":[{"href":"https:\/\/radis.ee\/fi\/wp-json\/wp\/v2\/product"}],"about":[{"href":"https:\/\/radis.ee\/fi\/wp-json\/wp\/v2\/types\/product"}],"replies":[{"embeddable":true,"href":"https:\/\/radis.ee\/fi\/wp-json\/wp\/v2\/comments?post=20720"}],"wp:featuredmedia":[{"embeddable":true,"href":"https:\/\/radis.ee\/fi\/wp-json\/wp\/v2\/media\/20726"}],"wp:attachment":[{"href":"https:\/\/radis.ee\/fi\/wp-json\/wp\/v2\/media?parent=20720"}],"wp:term":[{"taxonomy":"product_brand","embeddable":true,"href":"https:\/\/radis.ee\/fi\/wp-json\/wp\/v2\/product_brand?post=20720"},{"taxonomy":"product_cat","embeddable":true,"href":"https:\/\/radis.ee\/fi\/wp-json\/wp\/v2\/product_cat?post=20720"},{"taxonomy":"product_tag","embeddable":true,"href":"https:\/\/radis.ee\/fi\/wp-json\/wp\/v2\/product_tag?post=20720"}],"curies":[{"name":"wp","href":"https:\/\/api.w.org\/{rel}","templated":true}]}}