{"id":21303,"date":"2019-04-20T23:00:32","date_gmt":"2019-04-20T20:00:32","guid":{"rendered":"https:\/\/radis.ee\/?post_type=product&#038;p=21303"},"modified":"2025-11-26T15:30:21","modified_gmt":"2025-11-26T13:30:21","slug":"seinahylly-criss","status":"publish","type":"product","link":"https:\/\/radis.ee\/fi\/seinahylly-criss\/","title":{"rendered":"Sein\u00e4hylly CRISS"},"content":{"rendered":"<p>Shelf Criss on kuin Radis Criss-Cross -hyllyn vauvasisar. Geometrinen ja ilmava, sill\u00e4 on upea ja ajaton muoto, joka kunnioittaa minimalistisia sis\u00e4tiloja. Takapaneeli lis\u00e4\u00e4 ripauksen tukevuutta, kun taas hyllyt itse n\u00e4ytt\u00e4v\u00e4t venyv\u00e4n \u00e4\u00e4rett\u00f6myyteen ja tekev\u00e4t Crissista miellytt\u00e4v\u00e4n silm\u00e4\u00e4.<\/p>\n<p>Erilaiset tilat hyllylle tavaroiden sijoittamiseen luovat lokeroita ja ovat hyv\u00e4 vaihtoehto tavaroiden pit\u00e4miseen esill\u00e4. Vaikka ollaan rehellisi\u00e4 &#8211; Criss on upea n\u00e4ky my\u00f6s tyhj\u00e4n\u00e4!<\/p>\n<p>Valmistettu koivuvanerista, saatavilla my\u00f6s tammiviilulla, \u00f6ljyvahattu.<\/p>\n<p><strong>Yli 2000 euron ostoksissa CRISS-sein\u00e4hylly sis\u00e4ltyy automaattisesti lahjaksi! Lis\u00e4\u00e4 vain haluamasi s\u00e4vy ostoslistojen tietoihin.<\/strong><\/p>\n","protected":false},"excerpt":{"rendered":"<p>Shelf Criss on kuin Radis Criss-Cross -hyllyn vauvasisar. Geometrinen ja ilmava, sill\u00e4 on upea ja ajaton muoto, joka kunnioittaa minimalistisia sis\u00e4tiloja. Takapaneeli lis\u00e4\u00e4 ripauksen tukevuutta, kun taas hyllyt itse n\u00e4ytt\u00e4v\u00e4t venyv\u00e4n \u00e4\u00e4rett\u00f6myyteen ja tekev\u00e4t Crissista miellytt\u00e4v\u00e4n silm\u00e4\u00e4. Erilaiset tilat hyllylle tavaroiden sijoittamiseen luovat lokeroita ja ovat hyv\u00e4 vaihtoehto tavaroiden pit\u00e4miseen esill\u00e4. Vaikka ollaan rehellisi\u00e4 &#8211;&#8230;<\/p>\n","protected":false},"featured_media":21355,"comment_status":"open","ping_status":"closed","template":"","meta":{"_acf_changed":false},"product_brand":[],"product_cat":[109],"product_tag":[],"class_list":{"0":"post-21303","1":"product","2":"type-product","3":"status-publish","4":"has-post-thumbnail","6":"product_cat-riiulid","8":"first","9":"instock","10":"taxable","11":"shipping-taxable","12":"purchasable","13":"product-type-variable","14":"has-default-attributes"},"acf":[],"yoast_head":"<!-- This site is optimized with the Yoast SEO plugin v27.4 - https:\/\/yoast.com\/product\/yoast-seo-wordpress\/ -->\n<title>Sein\u00e4hylly CRISS - Radis<\/title>\n<meta name=\"robots\" content=\"index, follow, max-snippet:-1, max-image-preview:large, max-video-preview:-1\" \/>\n<link rel=\"canonical\" href=\"https:\/\/radis.ee\/fi\/seinahylly-criss\/\" \/>\n<meta property=\"og:locale\" content=\"fi_FI\" \/>\n<meta property=\"og:type\" content=\"article\" \/>\n<meta property=\"og:title\" content=\"Sein\u00e4hylly CRISS - Radis\" \/>\n<meta property=\"og:description\" content=\"Shelf Criss on kuin Radis Criss-Cross -hyllyn vauvasisar. Geometrinen ja ilmava, sill\u00e4 on upea ja ajaton muoto, joka kunnioittaa minimalistisia sis\u00e4tiloja. Takapaneeli lis\u00e4\u00e4 ripauksen tukevuutta, kun taas hyllyt itse n\u00e4ytt\u00e4v\u00e4t venyv\u00e4n \u00e4\u00e4rett\u00f6myyteen ja tekev\u00e4t Crissista miellytt\u00e4v\u00e4n silm\u00e4\u00e4. Erilaiset tilat hyllylle tavaroiden sijoittamiseen luovat lokeroita ja ovat hyv\u00e4 vaihtoehto tavaroiden pit\u00e4miseen esill\u00e4. Vaikka ollaan rehellisi\u00e4 &#8211;...\" \/>\n<meta property=\"og:url\" content=\"https:\/\/radis.ee\/fi\/seinahylly-criss\/\" \/>\n<meta property=\"og:site_name\" content=\"Radis\" \/>\n<meta property=\"article:publisher\" content=\"https:\/\/www.facebook.com\/radisfurniture\/\" \/>\n<meta property=\"article:modified_time\" content=\"2025-11-26T13:30:21+00:00\" \/>\n<meta property=\"og:image\" content=\"https:\/\/radis.ee\/wp-content\/uploads\/2023\/03\/Radis_wall_shelf_CRISS_Oak_veneered_background.jpg\" \/>\n\t<meta property=\"og:image:width\" content=\"743\" \/>\n\t<meta property=\"og:image:height\" content=\"624\" \/>\n\t<meta property=\"og:image:type\" content=\"image\/jpeg\" \/>\n<meta name=\"twitter:card\" content=\"summary_large_image\" \/>\n<script type=\"application\/ld+json\" class=\"yoast-schema-graph\">{\"@context\":\"https:\\\/\\\/schema.org\",\"@graph\":[{\"@type\":\"WebPage\",\"@id\":\"https:\\\/\\\/radis.ee\\\/fi\\\/seinahylly-criss\\\/\",\"url\":\"https:\\\/\\\/radis.ee\\\/fi\\\/seinahylly-criss\\\/\",\"name\":\"Sein\u00e4hylly CRISS - Radis\",\"isPartOf\":{\"@id\":\"https:\\\/\\\/radis.ee\\\/#website\"},\"primaryImageOfPage\":{\"@id\":\"https:\\\/\\\/radis.ee\\\/fi\\\/seinahylly-criss\\\/#primaryimage\"},\"image\":{\"@id\":\"https:\\\/\\\/radis.ee\\\/fi\\\/seinahylly-criss\\\/#primaryimage\"},\"thumbnailUrl\":\"https:\\\/\\\/radis.ee\\\/wp-content\\\/uploads\\\/2023\\\/03\\\/Radis_wall_shelf_CRISS_Oak_veneered_background.jpg\",\"datePublished\":\"2019-04-20T20:00:32+00:00\",\"dateModified\":\"2025-11-26T13:30:21+00:00\",\"breadcrumb\":{\"@id\":\"https:\\\/\\\/radis.ee\\\/fi\\\/seinahylly-criss\\\/#breadcrumb\"},\"inLanguage\":\"fi\",\"potentialAction\":[{\"@type\":\"ReadAction\",\"target\":[\"https:\\\/\\\/radis.ee\\\/fi\\\/seinahylly-criss\\\/\"]}]},{\"@type\":\"ImageObject\",\"inLanguage\":\"fi\",\"@id\":\"https:\\\/\\\/radis.ee\\\/fi\\\/seinahylly-criss\\\/#primaryimage\",\"url\":\"https:\\\/\\\/radis.ee\\\/wp-content\\\/uploads\\\/2023\\\/03\\\/Radis_wall_shelf_CRISS_Oak_veneered_background.jpg\",\"contentUrl\":\"https:\\\/\\\/radis.ee\\\/wp-content\\\/uploads\\\/2023\\\/03\\\/Radis_wall_shelf_CRISS_Oak_veneered_background.jpg\",\"width\":743,\"height\":624,\"caption\":\"Radis Furniture wall shelf CRISS oak veneered\"},{\"@type\":\"BreadcrumbList\",\"@id\":\"https:\\\/\\\/radis.ee\\\/fi\\\/seinahylly-criss\\\/#breadcrumb\",\"itemListElement\":[{\"@type\":\"ListItem\",\"position\":1,\"name\":\"Home\",\"item\":\"https:\\\/\\\/radis.ee\\\/\"},{\"@type\":\"ListItem\",\"position\":2,\"name\":\"Tuotteet\",\"item\":\"https:\\\/\\\/radis.ee\\\/fi\\\/tuotteet\\\/\"},{\"@type\":\"ListItem\",\"position\":3,\"name\":\"Sein\u00e4hylly CRISS\"}]},{\"@type\":\"WebSite\",\"@id\":\"https:\\\/\\\/radis.ee\\\/#website\",\"url\":\"https:\\\/\\\/radis.ee\\\/\",\"name\":\"Radis\",\"description\":\"Nordic design furniture, environmentally friendly and sustainable.\",\"publisher\":{\"@id\":\"https:\\\/\\\/radis.ee\\\/#organization\"},\"potentialAction\":[{\"@type\":\"SearchAction\",\"target\":{\"@type\":\"EntryPoint\",\"urlTemplate\":\"https:\\\/\\\/radis.ee\\\/?s={search_term_string}\"},\"query-input\":{\"@type\":\"PropertyValueSpecification\",\"valueRequired\":true,\"valueName\":\"search_term_string\"}}],\"inLanguage\":\"fi\"},{\"@type\":\"Organization\",\"@id\":\"https:\\\/\\\/radis.ee\\\/#organization\",\"name\":\"Radis O\u00dc\",\"url\":\"https:\\\/\\\/radis.ee\\\/\",\"logo\":{\"@type\":\"ImageObject\",\"inLanguage\":\"fi\",\"@id\":\"https:\\\/\\\/radis.ee\\\/#\\\/schema\\\/logo\\\/image\\\/\",\"url\":\"https:\\\/\\\/radis.ee\\\/wp-content\\\/uploads\\\/2020\\\/10\\\/Radis-logo.png\",\"contentUrl\":\"https:\\\/\\\/radis.ee\\\/wp-content\\\/uploads\\\/2020\\\/10\\\/Radis-logo.png\",\"width\":300,\"height\":63,\"caption\":\"Radis O\u00dc\"},\"image\":{\"@id\":\"https:\\\/\\\/radis.ee\\\/#\\\/schema\\\/logo\\\/image\\\/\"},\"sameAs\":[\"https:\\\/\\\/www.facebook.com\\\/radisfurniture\\\/\"]}]}<\/script>\n<!-- \/ Yoast SEO plugin. -->","yoast_head_json":{"title":"Sein\u00e4hylly CRISS - Radis","robots":{"index":"index","follow":"follow","max-snippet":"max-snippet:-1","max-image-preview":"max-image-preview:large","max-video-preview":"max-video-preview:-1"},"canonical":"https:\/\/radis.ee\/fi\/seinahylly-criss\/","og_locale":"fi_FI","og_type":"article","og_title":"Sein\u00e4hylly CRISS - Radis","og_description":"Shelf Criss on kuin Radis Criss-Cross -hyllyn vauvasisar. Geometrinen ja ilmava, sill\u00e4 on upea ja ajaton muoto, joka kunnioittaa minimalistisia sis\u00e4tiloja. Takapaneeli lis\u00e4\u00e4 ripauksen tukevuutta, kun taas hyllyt itse n\u00e4ytt\u00e4v\u00e4t venyv\u00e4n \u00e4\u00e4rett\u00f6myyteen ja tekev\u00e4t Crissista miellytt\u00e4v\u00e4n silm\u00e4\u00e4. Erilaiset tilat hyllylle tavaroiden sijoittamiseen luovat lokeroita ja ovat hyv\u00e4 vaihtoehto tavaroiden pit\u00e4miseen esill\u00e4. Vaikka ollaan rehellisi\u00e4 &#8211;...","og_url":"https:\/\/radis.ee\/fi\/seinahylly-criss\/","og_site_name":"Radis","article_publisher":"https:\/\/www.facebook.com\/radisfurniture\/","article_modified_time":"2025-11-26T13:30:21+00:00","og_image":[{"width":743,"height":624,"url":"https:\/\/radis.ee\/wp-content\/uploads\/2023\/03\/Radis_wall_shelf_CRISS_Oak_veneered_background.jpg","type":"image\/jpeg"}],"twitter_card":"summary_large_image","schema":{"@context":"https:\/\/schema.org","@graph":[{"@type":"WebPage","@id":"https:\/\/radis.ee\/fi\/seinahylly-criss\/","url":"https:\/\/radis.ee\/fi\/seinahylly-criss\/","name":"Sein\u00e4hylly CRISS - Radis","isPartOf":{"@id":"https:\/\/radis.ee\/#website"},"primaryImageOfPage":{"@id":"https:\/\/radis.ee\/fi\/seinahylly-criss\/#primaryimage"},"image":{"@id":"https:\/\/radis.ee\/fi\/seinahylly-criss\/#primaryimage"},"thumbnailUrl":"https:\/\/radis.ee\/wp-content\/uploads\/2023\/03\/Radis_wall_shelf_CRISS_Oak_veneered_background.jpg","datePublished":"2019-04-20T20:00:32+00:00","dateModified":"2025-11-26T13:30:21+00:00","breadcrumb":{"@id":"https:\/\/radis.ee\/fi\/seinahylly-criss\/#breadcrumb"},"inLanguage":"fi","potentialAction":[{"@type":"ReadAction","target":["https:\/\/radis.ee\/fi\/seinahylly-criss\/"]}]},{"@type":"ImageObject","inLanguage":"fi","@id":"https:\/\/radis.ee\/fi\/seinahylly-criss\/#primaryimage","url":"https:\/\/radis.ee\/wp-content\/uploads\/2023\/03\/Radis_wall_shelf_CRISS_Oak_veneered_background.jpg","contentUrl":"https:\/\/radis.ee\/wp-content\/uploads\/2023\/03\/Radis_wall_shelf_CRISS_Oak_veneered_background.jpg","width":743,"height":624,"caption":"Radis Furniture wall shelf CRISS oak veneered"},{"@type":"BreadcrumbList","@id":"https:\/\/radis.ee\/fi\/seinahylly-criss\/#breadcrumb","itemListElement":[{"@type":"ListItem","position":1,"name":"Home","item":"https:\/\/radis.ee\/"},{"@type":"ListItem","position":2,"name":"Tuotteet","item":"https:\/\/radis.ee\/fi\/tuotteet\/"},{"@type":"ListItem","position":3,"name":"Sein\u00e4hylly CRISS"}]},{"@type":"WebSite","@id":"https:\/\/radis.ee\/#website","url":"https:\/\/radis.ee\/","name":"Radis","description":"Nordic design furniture, environmentally friendly and sustainable.","publisher":{"@id":"https:\/\/radis.ee\/#organization"},"potentialAction":[{"@type":"SearchAction","target":{"@type":"EntryPoint","urlTemplate":"https:\/\/radis.ee\/?s={search_term_string}"},"query-input":{"@type":"PropertyValueSpecification","valueRequired":true,"valueName":"search_term_string"}}],"inLanguage":"fi"},{"@type":"Organization","@id":"https:\/\/radis.ee\/#organization","name":"Radis O\u00dc","url":"https:\/\/radis.ee\/","logo":{"@type":"ImageObject","inLanguage":"fi","@id":"https:\/\/radis.ee\/#\/schema\/logo\/image\/","url":"https:\/\/radis.ee\/wp-content\/uploads\/2020\/10\/Radis-logo.png","contentUrl":"https:\/\/radis.ee\/wp-content\/uploads\/2020\/10\/Radis-logo.png","width":300,"height":63,"caption":"Radis O\u00dc"},"image":{"@id":"https:\/\/radis.ee\/#\/schema\/logo\/image\/"},"sameAs":["https:\/\/www.facebook.com\/radisfurniture\/"]}]}},"_links":{"self":[{"href":"https:\/\/radis.ee\/fi\/wp-json\/wp\/v2\/product\/21303","targetHints":{"allow":["GET"]}}],"collection":[{"href":"https:\/\/radis.ee\/fi\/wp-json\/wp\/v2\/product"}],"about":[{"href":"https:\/\/radis.ee\/fi\/wp-json\/wp\/v2\/types\/product"}],"replies":[{"embeddable":true,"href":"https:\/\/radis.ee\/fi\/wp-json\/wp\/v2\/comments?post=21303"}],"wp:featuredmedia":[{"embeddable":true,"href":"https:\/\/radis.ee\/fi\/wp-json\/wp\/v2\/media\/21355"}],"wp:attachment":[{"href":"https:\/\/radis.ee\/fi\/wp-json\/wp\/v2\/media?parent=21303"}],"wp:term":[{"taxonomy":"product_brand","embeddable":true,"href":"https:\/\/radis.ee\/fi\/wp-json\/wp\/v2\/product_brand?post=21303"},{"taxonomy":"product_cat","embeddable":true,"href":"https:\/\/radis.ee\/fi\/wp-json\/wp\/v2\/product_cat?post=21303"},{"taxonomy":"product_tag","embeddable":true,"href":"https:\/\/radis.ee\/fi\/wp-json\/wp\/v2\/product_tag?post=21303"}],"curies":[{"name":"wp","href":"https:\/\/api.w.org\/{rel}","templated":true}]}}