{"id":21378,"date":"2020-04-14T12:35:06","date_gmt":"2023-03-23T10:35:09","guid":{"rendered":"https:\/\/radis.ee\/?post_type=product&#038;p=21378"},"modified":"2023-04-05T09:22:43","modified_gmt":"2023-04-05T06:22:43","slug":"seinahylly-step","status":"publish","type":"product","link":"https:\/\/radis.ee\/fi\/seinahylly-step\/","title":{"rendered":"Sein\u00e4hylly STEP"},"content":{"rendered":"<p>Nyt voit ripustaa my\u00f6s suositun STEP-hyllyn sein\u00e4lle. Astu tulevaisuuteen STEP-hyllyll\u00e4. Diagonaaliset kulmat antavat sille todellisen futuristisen tunnelman.<\/p>\n<p>Hyllyn sis\u00e4korkeus on 33 cm mahdollistaen helpon isojen kirjojen ja kansioiden sijoittamisen. Kaappien sis\u00e4leveys on 33 cm.<\/p>\n<p>Valmistettu koivuvanerista, my\u00f6s tammiviilutettu, \u00f6ljyvahattu. Pehme\u00e4sti sulkeutuvat oven saranat.<\/p>\n","protected":false},"excerpt":{"rendered":"<p>Nyt voit ripustaa my\u00f6s suositun STEP-hyllyn sein\u00e4lle. Astu tulevaisuuteen STEP-hyllyll\u00e4. Diagonaaliset kulmat antavat sille todellisen futuristisen tunnelman. Hyllyn sis\u00e4korkeus on 33 cm mahdollistaen helpon isojen kirjojen ja kansioiden sijoittamisen. Kaappien sis\u00e4leveys on 33 cm. Valmistettu koivuvanerista, my\u00f6s tammiviilutettu, \u00f6ljyvahattu. Pehme\u00e4sti sulkeutuvat oven saranat.<\/p>\n","protected":false},"featured_media":21425,"comment_status":"open","ping_status":"closed","template":"","meta":{"_acf_changed":false},"product_brand":[],"product_cat":[109],"product_tag":[],"class_list":{"0":"post-21378","1":"product","2":"type-product","3":"status-publish","4":"has-post-thumbnail","6":"product_cat-riiulid","8":"first","9":"instock","10":"taxable","11":"shipping-taxable","12":"purchasable","13":"product-type-variable","14":"has-default-attributes"},"acf":[],"yoast_head":"<!-- This site is optimized with the Yoast SEO plugin v27.3 - https:\/\/yoast.com\/product\/yoast-seo-wordpress\/ -->\n<title>Sein\u00e4hylly STEP - Radis<\/title>\n<meta name=\"robots\" content=\"index, follow, max-snippet:-1, max-image-preview:large, max-video-preview:-1\" \/>\n<link rel=\"canonical\" href=\"https:\/\/radis.ee\/fi\/seinahylly-step\/\" \/>\n<meta property=\"og:locale\" content=\"fi_FI\" \/>\n<meta property=\"og:type\" content=\"article\" \/>\n<meta property=\"og:title\" content=\"Sein\u00e4hylly STEP - Radis\" \/>\n<meta property=\"og:description\" content=\"Nyt voit ripustaa my\u00f6s suositun STEP-hyllyn sein\u00e4lle. Astu tulevaisuuteen STEP-hyllyll\u00e4. Diagonaaliset kulmat antavat sille todellisen futuristisen tunnelman. Hyllyn sis\u00e4korkeus on 33 cm mahdollistaen helpon isojen kirjojen ja kansioiden sijoittamisen. Kaappien sis\u00e4leveys on 33 cm. Valmistettu koivuvanerista, my\u00f6s tammiviilutettu, \u00f6ljyvahattu. Pehme\u00e4sti sulkeutuvat oven saranat.\" \/>\n<meta property=\"og:url\" content=\"https:\/\/radis.ee\/fi\/seinahylly-step\/\" \/>\n<meta property=\"og:site_name\" content=\"Radis\" \/>\n<meta property=\"article:publisher\" content=\"https:\/\/www.facebook.com\/radisfurniture\/\" \/>\n<meta property=\"article:modified_time\" content=\"2023-04-05T06:22:43+00:00\" \/>\n<meta property=\"og:image\" content=\"https:\/\/radis.ee\/wp-content\/uploads\/2023\/03\/Radis_wall_shelf_STEP_Light_Oak-doors_White_Osmo_background.jpg\" \/>\n\t<meta property=\"og:image:width\" content=\"1620\" \/>\n\t<meta property=\"og:image:height\" content=\"1360\" \/>\n\t<meta property=\"og:image:type\" content=\"image\/jpeg\" \/>\n<meta name=\"twitter:card\" content=\"summary_large_image\" \/>\n<script type=\"application\/ld+json\" class=\"yoast-schema-graph\">{\"@context\":\"https:\\\/\\\/schema.org\",\"@graph\":[{\"@type\":\"WebPage\",\"@id\":\"https:\\\/\\\/radis.ee\\\/fi\\\/seinahylly-step\\\/\",\"url\":\"https:\\\/\\\/radis.ee\\\/fi\\\/seinahylly-step\\\/\",\"name\":\"Sein\u00e4hylly STEP - Radis\",\"isPartOf\":{\"@id\":\"https:\\\/\\\/radis.ee\\\/#website\"},\"primaryImageOfPage\":{\"@id\":\"https:\\\/\\\/radis.ee\\\/fi\\\/seinahylly-step\\\/#primaryimage\"},\"image\":{\"@id\":\"https:\\\/\\\/radis.ee\\\/fi\\\/seinahylly-step\\\/#primaryimage\"},\"thumbnailUrl\":\"https:\\\/\\\/radis.ee\\\/wp-content\\\/uploads\\\/2023\\\/03\\\/Radis_wall_shelf_STEP_Light_Oak-doors_White_Osmo_background.jpg\",\"datePublished\":\"2023-03-23T10:35:09+00:00\",\"dateModified\":\"2023-04-05T06:22:43+00:00\",\"breadcrumb\":{\"@id\":\"https:\\\/\\\/radis.ee\\\/fi\\\/seinahylly-step\\\/#breadcrumb\"},\"inLanguage\":\"fi\",\"potentialAction\":[{\"@type\":\"ReadAction\",\"target\":[\"https:\\\/\\\/radis.ee\\\/fi\\\/seinahylly-step\\\/\"]}]},{\"@type\":\"ImageObject\",\"inLanguage\":\"fi\",\"@id\":\"https:\\\/\\\/radis.ee\\\/fi\\\/seinahylly-step\\\/#primaryimage\",\"url\":\"https:\\\/\\\/radis.ee\\\/wp-content\\\/uploads\\\/2023\\\/03\\\/Radis_wall_shelf_STEP_Light_Oak-doors_White_Osmo_background.jpg\",\"contentUrl\":\"https:\\\/\\\/radis.ee\\\/wp-content\\\/uploads\\\/2023\\\/03\\\/Radis_wall_shelf_STEP_Light_Oak-doors_White_Osmo_background.jpg\",\"width\":1620,\"height\":1360,\"caption\":\"Radis Furniture wall shelf STEP birch plywood Light Oak doors White Osmo\"},{\"@type\":\"BreadcrumbList\",\"@id\":\"https:\\\/\\\/radis.ee\\\/fi\\\/seinahylly-step\\\/#breadcrumb\",\"itemListElement\":[{\"@type\":\"ListItem\",\"position\":1,\"name\":\"Home\",\"item\":\"https:\\\/\\\/radis.ee\\\/\"},{\"@type\":\"ListItem\",\"position\":2,\"name\":\"Tuotteet\",\"item\":\"https:\\\/\\\/radis.ee\\\/fi\\\/tuotteet\\\/\"},{\"@type\":\"ListItem\",\"position\":3,\"name\":\"Sein\u00e4hylly STEP\"}]},{\"@type\":\"WebSite\",\"@id\":\"https:\\\/\\\/radis.ee\\\/#website\",\"url\":\"https:\\\/\\\/radis.ee\\\/\",\"name\":\"Radis\",\"description\":\"Nordic design furniture, environmentally friendly and sustainable.\",\"publisher\":{\"@id\":\"https:\\\/\\\/radis.ee\\\/#organization\"},\"potentialAction\":[{\"@type\":\"SearchAction\",\"target\":{\"@type\":\"EntryPoint\",\"urlTemplate\":\"https:\\\/\\\/radis.ee\\\/?s={search_term_string}\"},\"query-input\":{\"@type\":\"PropertyValueSpecification\",\"valueRequired\":true,\"valueName\":\"search_term_string\"}}],\"inLanguage\":\"fi\"},{\"@type\":\"Organization\",\"@id\":\"https:\\\/\\\/radis.ee\\\/#organization\",\"name\":\"Radis O\u00dc\",\"url\":\"https:\\\/\\\/radis.ee\\\/\",\"logo\":{\"@type\":\"ImageObject\",\"inLanguage\":\"fi\",\"@id\":\"https:\\\/\\\/radis.ee\\\/#\\\/schema\\\/logo\\\/image\\\/\",\"url\":\"https:\\\/\\\/radis.ee\\\/wp-content\\\/uploads\\\/2020\\\/10\\\/Radis-logo.png\",\"contentUrl\":\"https:\\\/\\\/radis.ee\\\/wp-content\\\/uploads\\\/2020\\\/10\\\/Radis-logo.png\",\"width\":300,\"height\":63,\"caption\":\"Radis O\u00dc\"},\"image\":{\"@id\":\"https:\\\/\\\/radis.ee\\\/#\\\/schema\\\/logo\\\/image\\\/\"},\"sameAs\":[\"https:\\\/\\\/www.facebook.com\\\/radisfurniture\\\/\"]}]}<\/script>\n<!-- \/ Yoast SEO plugin. -->","yoast_head_json":{"title":"Sein\u00e4hylly STEP - Radis","robots":{"index":"index","follow":"follow","max-snippet":"max-snippet:-1","max-image-preview":"max-image-preview:large","max-video-preview":"max-video-preview:-1"},"canonical":"https:\/\/radis.ee\/fi\/seinahylly-step\/","og_locale":"fi_FI","og_type":"article","og_title":"Sein\u00e4hylly STEP - Radis","og_description":"Nyt voit ripustaa my\u00f6s suositun STEP-hyllyn sein\u00e4lle. Astu tulevaisuuteen STEP-hyllyll\u00e4. Diagonaaliset kulmat antavat sille todellisen futuristisen tunnelman. Hyllyn sis\u00e4korkeus on 33 cm mahdollistaen helpon isojen kirjojen ja kansioiden sijoittamisen. Kaappien sis\u00e4leveys on 33 cm. Valmistettu koivuvanerista, my\u00f6s tammiviilutettu, \u00f6ljyvahattu. Pehme\u00e4sti sulkeutuvat oven saranat.","og_url":"https:\/\/radis.ee\/fi\/seinahylly-step\/","og_site_name":"Radis","article_publisher":"https:\/\/www.facebook.com\/radisfurniture\/","article_modified_time":"2023-04-05T06:22:43+00:00","og_image":[{"width":1620,"height":1360,"url":"https:\/\/radis.ee\/wp-content\/uploads\/2023\/03\/Radis_wall_shelf_STEP_Light_Oak-doors_White_Osmo_background.jpg","type":"image\/jpeg"}],"twitter_card":"summary_large_image","schema":{"@context":"https:\/\/schema.org","@graph":[{"@type":"WebPage","@id":"https:\/\/radis.ee\/fi\/seinahylly-step\/","url":"https:\/\/radis.ee\/fi\/seinahylly-step\/","name":"Sein\u00e4hylly STEP - Radis","isPartOf":{"@id":"https:\/\/radis.ee\/#website"},"primaryImageOfPage":{"@id":"https:\/\/radis.ee\/fi\/seinahylly-step\/#primaryimage"},"image":{"@id":"https:\/\/radis.ee\/fi\/seinahylly-step\/#primaryimage"},"thumbnailUrl":"https:\/\/radis.ee\/wp-content\/uploads\/2023\/03\/Radis_wall_shelf_STEP_Light_Oak-doors_White_Osmo_background.jpg","datePublished":"2023-03-23T10:35:09+00:00","dateModified":"2023-04-05T06:22:43+00:00","breadcrumb":{"@id":"https:\/\/radis.ee\/fi\/seinahylly-step\/#breadcrumb"},"inLanguage":"fi","potentialAction":[{"@type":"ReadAction","target":["https:\/\/radis.ee\/fi\/seinahylly-step\/"]}]},{"@type":"ImageObject","inLanguage":"fi","@id":"https:\/\/radis.ee\/fi\/seinahylly-step\/#primaryimage","url":"https:\/\/radis.ee\/wp-content\/uploads\/2023\/03\/Radis_wall_shelf_STEP_Light_Oak-doors_White_Osmo_background.jpg","contentUrl":"https:\/\/radis.ee\/wp-content\/uploads\/2023\/03\/Radis_wall_shelf_STEP_Light_Oak-doors_White_Osmo_background.jpg","width":1620,"height":1360,"caption":"Radis Furniture wall shelf STEP birch plywood Light Oak doors White Osmo"},{"@type":"BreadcrumbList","@id":"https:\/\/radis.ee\/fi\/seinahylly-step\/#breadcrumb","itemListElement":[{"@type":"ListItem","position":1,"name":"Home","item":"https:\/\/radis.ee\/"},{"@type":"ListItem","position":2,"name":"Tuotteet","item":"https:\/\/radis.ee\/fi\/tuotteet\/"},{"@type":"ListItem","position":3,"name":"Sein\u00e4hylly STEP"}]},{"@type":"WebSite","@id":"https:\/\/radis.ee\/#website","url":"https:\/\/radis.ee\/","name":"Radis","description":"Nordic design furniture, environmentally friendly and sustainable.","publisher":{"@id":"https:\/\/radis.ee\/#organization"},"potentialAction":[{"@type":"SearchAction","target":{"@type":"EntryPoint","urlTemplate":"https:\/\/radis.ee\/?s={search_term_string}"},"query-input":{"@type":"PropertyValueSpecification","valueRequired":true,"valueName":"search_term_string"}}],"inLanguage":"fi"},{"@type":"Organization","@id":"https:\/\/radis.ee\/#organization","name":"Radis O\u00dc","url":"https:\/\/radis.ee\/","logo":{"@type":"ImageObject","inLanguage":"fi","@id":"https:\/\/radis.ee\/#\/schema\/logo\/image\/","url":"https:\/\/radis.ee\/wp-content\/uploads\/2020\/10\/Radis-logo.png","contentUrl":"https:\/\/radis.ee\/wp-content\/uploads\/2020\/10\/Radis-logo.png","width":300,"height":63,"caption":"Radis O\u00dc"},"image":{"@id":"https:\/\/radis.ee\/#\/schema\/logo\/image\/"},"sameAs":["https:\/\/www.facebook.com\/radisfurniture\/"]}]}},"_links":{"self":[{"href":"https:\/\/radis.ee\/fi\/wp-json\/wp\/v2\/product\/21378","targetHints":{"allow":["GET"]}}],"collection":[{"href":"https:\/\/radis.ee\/fi\/wp-json\/wp\/v2\/product"}],"about":[{"href":"https:\/\/radis.ee\/fi\/wp-json\/wp\/v2\/types\/product"}],"replies":[{"embeddable":true,"href":"https:\/\/radis.ee\/fi\/wp-json\/wp\/v2\/comments?post=21378"}],"wp:featuredmedia":[{"embeddable":true,"href":"https:\/\/radis.ee\/fi\/wp-json\/wp\/v2\/media\/21425"}],"wp:attachment":[{"href":"https:\/\/radis.ee\/fi\/wp-json\/wp\/v2\/media?parent=21378"}],"wp:term":[{"taxonomy":"product_brand","embeddable":true,"href":"https:\/\/radis.ee\/fi\/wp-json\/wp\/v2\/product_brand?post=21378"},{"taxonomy":"product_cat","embeddable":true,"href":"https:\/\/radis.ee\/fi\/wp-json\/wp\/v2\/product_cat?post=21378"},{"taxonomy":"product_tag","embeddable":true,"href":"https:\/\/radis.ee\/fi\/wp-json\/wp\/v2\/product_tag?post=21378"}],"curies":[{"name":"wp","href":"https:\/\/api.w.org\/{rel}","templated":true}]}}