{"id":21498,"date":"2022-10-08T21:15:54","date_gmt":"2022-10-08T18:15:54","guid":{"rendered":"https:\/\/radis.ee\/?post_type=product&#038;p=21498"},"modified":"2025-10-08T09:13:37","modified_gmt":"2025-10-08T06:13:37","slug":"lasiovilla-vitriinikaappi-noble","status":"publish","type":"product","link":"https:\/\/radis.ee\/fi\/lasiovilla-vitriinikaappi-noble\/","title":{"rendered":"Lasiovilla vitriinikaappi NOBLE"},"content":{"rendered":"<p>NOBLE-sekkip\u00f6yd\u00e4t ovat kuin upeita taustalaulajia &#8211; vaatimattomia ja ei ylivoimaisia, mutta niiden puuttuessa kokonaisvaikutelma ei ole sama. Ne ovat hienovarainen voima miss\u00e4 tahansa olohuoneessa, toimistossa tai k\u00e4yt\u00e4v\u00e4ss\u00e4. Tarjoaa runsaasti s\u00e4ilytystilaa n\u00e4ytt\u00e4m\u00e4tt\u00e4 kookkaalta ja viem\u00e4tt\u00e4 liikaa lattiatilaa.<\/p>\n<p>Kuten muutkin Noble-sarjan tuotteet, t\u00e4m\u00e4 lasiovinen vitriinikaappi on valmistettu tammiviilusta koivuvanerista ja mukana tulee luonnollisesti Blumin pehme\u00e4sti sulkeutuvat ovensaranat.<\/p>\n<p>Lasiovien takana on korkeuss\u00e4\u00e4dett\u00e4v\u00e4t karkaistusta lasista valmistetut v\u00e4lihyllyt. 140 cm korkeassa kaapissa on kaksi s\u00e4\u00e4dett\u00e4v\u00e4\u00e4 hylly\u00e4 ja 177 cm korkeassa versiossa nelj\u00e4. Mustaksi pulverimaalatut s\u00e4\u00e4dett\u00e4v\u00e4t metallijalat, korkeus 17 cm. Noble-lipastossa ei todellakaan ole mit\u00e4\u00e4n, mist\u00e4 ei pid\u00e4!<\/p>\n","protected":false},"excerpt":{"rendered":"<p>NOBLE-sekkip\u00f6yd\u00e4t ovat kuin upeita taustalaulajia &#8211; vaatimattomia ja ei ylivoimaisia, mutta niiden puuttuessa kokonaisvaikutelma ei ole sama. Ne ovat hienovarainen voima miss\u00e4 tahansa olohuoneessa, toimistossa tai k\u00e4yt\u00e4v\u00e4ss\u00e4. Tarjoaa runsaasti s\u00e4ilytystilaa n\u00e4ytt\u00e4m\u00e4tt\u00e4 kookkaalta ja viem\u00e4tt\u00e4 liikaa lattiatilaa. Kuten muutkin Noble-sarjan tuotteet, t\u00e4m\u00e4 lasiovinen vitriinikaappi on valmistettu tammiviilusta koivuvanerista ja mukana tulee luonnollisesti Blumin pehme\u00e4sti sulkeutuvat ovensaranat&#8230;.<\/p>\n","protected":false},"featured_media":21554,"comment_status":"open","ping_status":"closed","template":"","meta":{"_acf_changed":false},"product_brand":[],"product_cat":[17],"product_tag":[],"class_list":{"0":"post-21498","1":"product","2":"type-product","3":"status-publish","4":"has-post-thumbnail","6":"product_cat-kummutid","8":"first","9":"instock","10":"taxable","11":"shipping-taxable","12":"purchasable","13":"product-type-variable","14":"has-default-attributes"},"acf":[],"yoast_head":"<!-- This site is optimized with the Yoast SEO plugin v27.4 - https:\/\/yoast.com\/product\/yoast-seo-wordpress\/ -->\n<title>Lasiovilla vitriinikaappi NOBLE - Radis<\/title>\n<meta name=\"robots\" content=\"index, follow, max-snippet:-1, max-image-preview:large, max-video-preview:-1\" \/>\n<link rel=\"canonical\" href=\"https:\/\/radis.ee\/fi\/lasiovilla-vitriinikaappi-noble\/\" \/>\n<meta property=\"og:locale\" content=\"fi_FI\" \/>\n<meta property=\"og:type\" content=\"article\" \/>\n<meta property=\"og:title\" content=\"Lasiovilla vitriinikaappi NOBLE - Radis\" \/>\n<meta property=\"og:description\" content=\"NOBLE-sekkip\u00f6yd\u00e4t ovat kuin upeita taustalaulajia &#8211; vaatimattomia ja ei ylivoimaisia, mutta niiden puuttuessa kokonaisvaikutelma ei ole sama. Ne ovat hienovarainen voima miss\u00e4 tahansa olohuoneessa, toimistossa tai k\u00e4yt\u00e4v\u00e4ss\u00e4. Tarjoaa runsaasti s\u00e4ilytystilaa n\u00e4ytt\u00e4m\u00e4tt\u00e4 kookkaalta ja viem\u00e4tt\u00e4 liikaa lattiatilaa. Kuten muutkin Noble-sarjan tuotteet, t\u00e4m\u00e4 lasiovinen vitriinikaappi on valmistettu tammiviilusta koivuvanerista ja mukana tulee luonnollisesti Blumin pehme\u00e4sti sulkeutuvat ovensaranat....\" \/>\n<meta property=\"og:url\" content=\"https:\/\/radis.ee\/fi\/lasiovilla-vitriinikaappi-noble\/\" \/>\n<meta property=\"og:site_name\" content=\"Radis\" \/>\n<meta property=\"article:publisher\" content=\"https:\/\/www.facebook.com\/radisfurniture\/\" \/>\n<meta property=\"article:modified_time\" content=\"2025-10-08T06:13:37+00:00\" \/>\n<meta property=\"og:image\" content=\"https:\/\/radis.ee\/wp-content\/uploads\/2023\/04\/Radis_sideboard_with_glass_doors_NOBLE_Oak_veneered_white_background.jpg\" \/>\n\t<meta property=\"og:image:width\" content=\"1360\" \/>\n\t<meta property=\"og:image:height\" content=\"1620\" \/>\n\t<meta property=\"og:image:type\" content=\"image\/jpeg\" \/>\n<meta name=\"twitter:card\" content=\"summary_large_image\" \/>\n<meta name=\"twitter:label1\" content=\"Arvioitu lukuaika\" \/>\n\t<meta name=\"twitter:data1\" content=\"1 minuutti\" \/>\n<script type=\"application\/ld+json\" class=\"yoast-schema-graph\">{\"@context\":\"https:\\\/\\\/schema.org\",\"@graph\":[{\"@type\":\"WebPage\",\"@id\":\"https:\\\/\\\/radis.ee\\\/fi\\\/lasiovilla-vitriinikaappi-noble\\\/\",\"url\":\"https:\\\/\\\/radis.ee\\\/fi\\\/lasiovilla-vitriinikaappi-noble\\\/\",\"name\":\"Lasiovilla vitriinikaappi NOBLE - Radis\",\"isPartOf\":{\"@id\":\"https:\\\/\\\/radis.ee\\\/#website\"},\"primaryImageOfPage\":{\"@id\":\"https:\\\/\\\/radis.ee\\\/fi\\\/lasiovilla-vitriinikaappi-noble\\\/#primaryimage\"},\"image\":{\"@id\":\"https:\\\/\\\/radis.ee\\\/fi\\\/lasiovilla-vitriinikaappi-noble\\\/#primaryimage\"},\"thumbnailUrl\":\"https:\\\/\\\/radis.ee\\\/wp-content\\\/uploads\\\/2023\\\/04\\\/Radis_sideboard_with_glass_doors_NOBLE_Oak_veneered_white_background.jpg\",\"datePublished\":\"2022-10-08T18:15:54+00:00\",\"dateModified\":\"2025-10-08T06:13:37+00:00\",\"breadcrumb\":{\"@id\":\"https:\\\/\\\/radis.ee\\\/fi\\\/lasiovilla-vitriinikaappi-noble\\\/#breadcrumb\"},\"inLanguage\":\"fi\",\"potentialAction\":[{\"@type\":\"ReadAction\",\"target\":[\"https:\\\/\\\/radis.ee\\\/fi\\\/lasiovilla-vitriinikaappi-noble\\\/\"]}]},{\"@type\":\"ImageObject\",\"inLanguage\":\"fi\",\"@id\":\"https:\\\/\\\/radis.ee\\\/fi\\\/lasiovilla-vitriinikaappi-noble\\\/#primaryimage\",\"url\":\"https:\\\/\\\/radis.ee\\\/wp-content\\\/uploads\\\/2023\\\/04\\\/Radis_sideboard_with_glass_doors_NOBLE_Oak_veneered_white_background.jpg\",\"contentUrl\":\"https:\\\/\\\/radis.ee\\\/wp-content\\\/uploads\\\/2023\\\/04\\\/Radis_sideboard_with_glass_doors_NOBLE_Oak_veneered_white_background.jpg\",\"width\":1360,\"height\":1620,\"caption\":\"Radis Furniture sideboard with glass doors NOBLE oak veneered\"},{\"@type\":\"BreadcrumbList\",\"@id\":\"https:\\\/\\\/radis.ee\\\/fi\\\/lasiovilla-vitriinikaappi-noble\\\/#breadcrumb\",\"itemListElement\":[{\"@type\":\"ListItem\",\"position\":1,\"name\":\"Home\",\"item\":\"https:\\\/\\\/radis.ee\\\/\"},{\"@type\":\"ListItem\",\"position\":2,\"name\":\"Tuotteet\",\"item\":\"https:\\\/\\\/radis.ee\\\/fi\\\/tuotteet\\\/\"},{\"@type\":\"ListItem\",\"position\":3,\"name\":\"Lasiovilla vitriinikaappi NOBLE\"}]},{\"@type\":\"WebSite\",\"@id\":\"https:\\\/\\\/radis.ee\\\/#website\",\"url\":\"https:\\\/\\\/radis.ee\\\/\",\"name\":\"Radis\",\"description\":\"Nordic design furniture, environmentally friendly and sustainable.\",\"publisher\":{\"@id\":\"https:\\\/\\\/radis.ee\\\/#organization\"},\"potentialAction\":[{\"@type\":\"SearchAction\",\"target\":{\"@type\":\"EntryPoint\",\"urlTemplate\":\"https:\\\/\\\/radis.ee\\\/?s={search_term_string}\"},\"query-input\":{\"@type\":\"PropertyValueSpecification\",\"valueRequired\":true,\"valueName\":\"search_term_string\"}}],\"inLanguage\":\"fi\"},{\"@type\":\"Organization\",\"@id\":\"https:\\\/\\\/radis.ee\\\/#organization\",\"name\":\"Radis O\u00dc\",\"url\":\"https:\\\/\\\/radis.ee\\\/\",\"logo\":{\"@type\":\"ImageObject\",\"inLanguage\":\"fi\",\"@id\":\"https:\\\/\\\/radis.ee\\\/#\\\/schema\\\/logo\\\/image\\\/\",\"url\":\"https:\\\/\\\/radis.ee\\\/wp-content\\\/uploads\\\/2020\\\/10\\\/Radis-logo.png\",\"contentUrl\":\"https:\\\/\\\/radis.ee\\\/wp-content\\\/uploads\\\/2020\\\/10\\\/Radis-logo.png\",\"width\":300,\"height\":63,\"caption\":\"Radis O\u00dc\"},\"image\":{\"@id\":\"https:\\\/\\\/radis.ee\\\/#\\\/schema\\\/logo\\\/image\\\/\"},\"sameAs\":[\"https:\\\/\\\/www.facebook.com\\\/radisfurniture\\\/\"]}]}<\/script>\n<!-- \/ Yoast SEO plugin. -->","yoast_head_json":{"title":"Lasiovilla vitriinikaappi NOBLE - Radis","robots":{"index":"index","follow":"follow","max-snippet":"max-snippet:-1","max-image-preview":"max-image-preview:large","max-video-preview":"max-video-preview:-1"},"canonical":"https:\/\/radis.ee\/fi\/lasiovilla-vitriinikaappi-noble\/","og_locale":"fi_FI","og_type":"article","og_title":"Lasiovilla vitriinikaappi NOBLE - Radis","og_description":"NOBLE-sekkip\u00f6yd\u00e4t ovat kuin upeita taustalaulajia &#8211; vaatimattomia ja ei ylivoimaisia, mutta niiden puuttuessa kokonaisvaikutelma ei ole sama. Ne ovat hienovarainen voima miss\u00e4 tahansa olohuoneessa, toimistossa tai k\u00e4yt\u00e4v\u00e4ss\u00e4. Tarjoaa runsaasti s\u00e4ilytystilaa n\u00e4ytt\u00e4m\u00e4tt\u00e4 kookkaalta ja viem\u00e4tt\u00e4 liikaa lattiatilaa. Kuten muutkin Noble-sarjan tuotteet, t\u00e4m\u00e4 lasiovinen vitriinikaappi on valmistettu tammiviilusta koivuvanerista ja mukana tulee luonnollisesti Blumin pehme\u00e4sti sulkeutuvat ovensaranat....","og_url":"https:\/\/radis.ee\/fi\/lasiovilla-vitriinikaappi-noble\/","og_site_name":"Radis","article_publisher":"https:\/\/www.facebook.com\/radisfurniture\/","article_modified_time":"2025-10-08T06:13:37+00:00","og_image":[{"width":1360,"height":1620,"url":"https:\/\/radis.ee\/wp-content\/uploads\/2023\/04\/Radis_sideboard_with_glass_doors_NOBLE_Oak_veneered_white_background.jpg","type":"image\/jpeg"}],"twitter_card":"summary_large_image","twitter_misc":{"Arvioitu lukuaika":"1 minuutti"},"schema":{"@context":"https:\/\/schema.org","@graph":[{"@type":"WebPage","@id":"https:\/\/radis.ee\/fi\/lasiovilla-vitriinikaappi-noble\/","url":"https:\/\/radis.ee\/fi\/lasiovilla-vitriinikaappi-noble\/","name":"Lasiovilla vitriinikaappi NOBLE - Radis","isPartOf":{"@id":"https:\/\/radis.ee\/#website"},"primaryImageOfPage":{"@id":"https:\/\/radis.ee\/fi\/lasiovilla-vitriinikaappi-noble\/#primaryimage"},"image":{"@id":"https:\/\/radis.ee\/fi\/lasiovilla-vitriinikaappi-noble\/#primaryimage"},"thumbnailUrl":"https:\/\/radis.ee\/wp-content\/uploads\/2023\/04\/Radis_sideboard_with_glass_doors_NOBLE_Oak_veneered_white_background.jpg","datePublished":"2022-10-08T18:15:54+00:00","dateModified":"2025-10-08T06:13:37+00:00","breadcrumb":{"@id":"https:\/\/radis.ee\/fi\/lasiovilla-vitriinikaappi-noble\/#breadcrumb"},"inLanguage":"fi","potentialAction":[{"@type":"ReadAction","target":["https:\/\/radis.ee\/fi\/lasiovilla-vitriinikaappi-noble\/"]}]},{"@type":"ImageObject","inLanguage":"fi","@id":"https:\/\/radis.ee\/fi\/lasiovilla-vitriinikaappi-noble\/#primaryimage","url":"https:\/\/radis.ee\/wp-content\/uploads\/2023\/04\/Radis_sideboard_with_glass_doors_NOBLE_Oak_veneered_white_background.jpg","contentUrl":"https:\/\/radis.ee\/wp-content\/uploads\/2023\/04\/Radis_sideboard_with_glass_doors_NOBLE_Oak_veneered_white_background.jpg","width":1360,"height":1620,"caption":"Radis Furniture sideboard with glass doors NOBLE oak veneered"},{"@type":"BreadcrumbList","@id":"https:\/\/radis.ee\/fi\/lasiovilla-vitriinikaappi-noble\/#breadcrumb","itemListElement":[{"@type":"ListItem","position":1,"name":"Home","item":"https:\/\/radis.ee\/"},{"@type":"ListItem","position":2,"name":"Tuotteet","item":"https:\/\/radis.ee\/fi\/tuotteet\/"},{"@type":"ListItem","position":3,"name":"Lasiovilla vitriinikaappi NOBLE"}]},{"@type":"WebSite","@id":"https:\/\/radis.ee\/#website","url":"https:\/\/radis.ee\/","name":"Radis","description":"Nordic design furniture, environmentally friendly and sustainable.","publisher":{"@id":"https:\/\/radis.ee\/#organization"},"potentialAction":[{"@type":"SearchAction","target":{"@type":"EntryPoint","urlTemplate":"https:\/\/radis.ee\/?s={search_term_string}"},"query-input":{"@type":"PropertyValueSpecification","valueRequired":true,"valueName":"search_term_string"}}],"inLanguage":"fi"},{"@type":"Organization","@id":"https:\/\/radis.ee\/#organization","name":"Radis O\u00dc","url":"https:\/\/radis.ee\/","logo":{"@type":"ImageObject","inLanguage":"fi","@id":"https:\/\/radis.ee\/#\/schema\/logo\/image\/","url":"https:\/\/radis.ee\/wp-content\/uploads\/2020\/10\/Radis-logo.png","contentUrl":"https:\/\/radis.ee\/wp-content\/uploads\/2020\/10\/Radis-logo.png","width":300,"height":63,"caption":"Radis O\u00dc"},"image":{"@id":"https:\/\/radis.ee\/#\/schema\/logo\/image\/"},"sameAs":["https:\/\/www.facebook.com\/radisfurniture\/"]}]}},"_links":{"self":[{"href":"https:\/\/radis.ee\/fi\/wp-json\/wp\/v2\/product\/21498","targetHints":{"allow":["GET"]}}],"collection":[{"href":"https:\/\/radis.ee\/fi\/wp-json\/wp\/v2\/product"}],"about":[{"href":"https:\/\/radis.ee\/fi\/wp-json\/wp\/v2\/types\/product"}],"replies":[{"embeddable":true,"href":"https:\/\/radis.ee\/fi\/wp-json\/wp\/v2\/comments?post=21498"}],"wp:featuredmedia":[{"embeddable":true,"href":"https:\/\/radis.ee\/fi\/wp-json\/wp\/v2\/media\/21554"}],"wp:attachment":[{"href":"https:\/\/radis.ee\/fi\/wp-json\/wp\/v2\/media?parent=21498"}],"wp:term":[{"taxonomy":"product_brand","embeddable":true,"href":"https:\/\/radis.ee\/fi\/wp-json\/wp\/v2\/product_brand?post=21498"},{"taxonomy":"product_cat","embeddable":true,"href":"https:\/\/radis.ee\/fi\/wp-json\/wp\/v2\/product_cat?post=21498"},{"taxonomy":"product_tag","embeddable":true,"href":"https:\/\/radis.ee\/fi\/wp-json\/wp\/v2\/product_tag?post=21498"}],"curies":[{"name":"wp","href":"https:\/\/api.w.org\/{rel}","templated":true}]}}