{"id":21751,"date":"2023-06-28T23:04:04","date_gmt":"2023-06-28T20:04:04","guid":{"rendered":"https:\/\/radis.ee\/?post_type=product&#038;p=21751"},"modified":"2026-03-18T19:39:40","modified_gmt":"2026-03-18T17:39:40","slug":"hylly-crane","status":"publish","type":"product","link":"https:\/\/radis.ee\/fi\/hylly-crane\/","title":{"rendered":"Hylly CRANE"},"content":{"rendered":"<p>Kuten monitoimikone, CRANE-hylly on kapea mutta tukeva ja hoitaa homman. Metallirunko on vahva, mutta ei n\u00e4yt\u00e4 k\u00f6mpel\u00f6lt\u00e4. Tammiviilutetuissa CRANE-hyllyiss\u00e4 on kauniisti muotoillut, py\u00f6ristetyt kulmat, ja s\u00e4\u00e4dett\u00e4v\u00e4t hyllyt mahdollistavat niiden k\u00e4yt\u00f6n monin tavoin, t\u00e4ydellisesti tarpeisiisi r\u00e4\u00e4t\u00e4l\u00f6ityn\u00e4. CRANE-hyllyn ilmava muotoilu mahdollistaa viihtyis\u00e4n toimistonurkkauksen luomisen tai kirjojen esillepanon olohuoneessa.<\/p>\n<p>Sopivia pintoja ovat esimerkiksi tietokonep\u00f6yt\u00e4 tai ovet kaapeissa. Ilmavan muotoilunsa ansiosta CRANE-hylly sopii erinomaisesti viihtyis\u00e4n kotitoimistonurkkauksen luomiseen. Voit esimerkiksi ripustaa kauniita kuvia tai valokuvia hyllyn taakse sein\u00e4lle ja asettaa pieni\u00e4 huonekasveja itse hyllyille.<\/p>\n<p>CRANE-hylly on valmistettu ymp\u00e4rist\u00f6yst\u00e4v\u00e4llisest\u00e4 vanerista tammiviilulla, vahvat 20x20mm mustat tai valkoiset jauhemaalatut metallijalat sein\u00e4kiinnikkeill\u00e4. Tietokoneen pintojen syvyys on 46 cm. Istuinp\u00f6yd\u00e4n korkeus on 74 cm, seisomap\u00f6yd\u00e4n korkeus 105 cm. Jalkojen v\u00e4linen et\u00e4isyys on 50 ja 75 cm. Hylly CRANE on saatavana kolmella leveydell\u00e4 &#8211; 98 cm, 150 cm ja 227 cm.<\/p>\n<p>Hyllyv\u00e4lien korkeus on 29,5 cm. Kaapien sis\u00e4leveys on 31,5 cm. Pehme\u00e4sti sulkeutuvat oven saranat, voit avata kaapit vet\u00e4m\u00e4ll\u00e4 yl\u00e4- tai alareunasta.<\/p>\n<p>Metallijalan et\u00e4isyys sein\u00e4st\u00e4 on 2,5 cm mukana toimitettujen v\u00e4liholkkien ansiosta, joten se sopii erilaisiin jalkalistaan. Sein\u00e4kiinnityspisteet ovat 64 ja 157 cm maanpinnan yl\u00e4puolella.<\/p>\n<p>Suunnittelija: Tiina Aavik, Raul Abner<\/p>\n<p>Hyllyllemme CRANE p\u00e4\u00e4set tutustumaan my\u00f6s Helsingin MOMONO showroomissa Yrj\u00f6nkatu 1.<\/p>\n","protected":false},"excerpt":{"rendered":"<p>Kuten monitoimikone, CRANE-hylly on kapea mutta tukeva ja hoitaa homman. Metallirunko on vahva, mutta ei n\u00e4yt\u00e4 k\u00f6mpel\u00f6lt\u00e4. Tammiviilutetuissa CRANE-hyllyiss\u00e4 on kauniisti muotoillut, py\u00f6ristetyt kulmat, ja s\u00e4\u00e4dett\u00e4v\u00e4t hyllyt mahdollistavat niiden k\u00e4yt\u00f6n monin tavoin, t\u00e4ydellisesti tarpeisiisi r\u00e4\u00e4t\u00e4l\u00f6ityn\u00e4. CRANE-hyllyn ilmava muotoilu mahdollistaa viihtyis\u00e4n toimistonurkkauksen luomisen tai kirjojen esillepanon olohuoneessa. Sopivia pintoja ovat esimerkiksi tietokonep\u00f6yt\u00e4 tai ovet kaapeissa. Ilmavan&#8230;<\/p>\n","protected":false},"featured_media":24261,"comment_status":"open","ping_status":"closed","template":"","meta":{"_acf_changed":false},"product_brand":[],"product_cat":[109],"product_tag":[],"class_list":{"0":"post-21751","1":"product","2":"type-product","3":"status-publish","4":"has-post-thumbnail","6":"product_cat-riiulid","8":"first","9":"instock","10":"sale","11":"taxable","12":"shipping-taxable","13":"purchasable","14":"product-type-variable","15":"has-default-attributes"},"acf":[],"yoast_head":"<!-- This site is optimized with the Yoast SEO plugin v27.4 - https:\/\/yoast.com\/product\/yoast-seo-wordpress\/ -->\n<title>Hylly CRANE - Radis<\/title>\n<meta name=\"robots\" content=\"index, follow, max-snippet:-1, max-image-preview:large, max-video-preview:-1\" \/>\n<link rel=\"canonical\" href=\"https:\/\/radis.ee\/fi\/hylly-crane\/\" \/>\n<meta property=\"og:locale\" content=\"fi_FI\" \/>\n<meta property=\"og:type\" content=\"article\" \/>\n<meta property=\"og:title\" content=\"Hylly CRANE - Radis\" \/>\n<meta property=\"og:description\" content=\"Kuten monitoimikone, CRANE-hylly on kapea mutta tukeva ja hoitaa homman. Metallirunko on vahva, mutta ei n\u00e4yt\u00e4 k\u00f6mpel\u00f6lt\u00e4. Tammiviilutetuissa CRANE-hyllyiss\u00e4 on kauniisti muotoillut, py\u00f6ristetyt kulmat, ja s\u00e4\u00e4dett\u00e4v\u00e4t hyllyt mahdollistavat niiden k\u00e4yt\u00f6n monin tavoin, t\u00e4ydellisesti tarpeisiisi r\u00e4\u00e4t\u00e4l\u00f6ityn\u00e4. CRANE-hyllyn ilmava muotoilu mahdollistaa viihtyis\u00e4n toimistonurkkauksen luomisen tai kirjojen esillepanon olohuoneessa. Sopivia pintoja ovat esimerkiksi tietokonep\u00f6yt\u00e4 tai ovet kaapeissa. Ilmavan...\" \/>\n<meta property=\"og:url\" content=\"https:\/\/radis.ee\/fi\/hylly-crane\/\" \/>\n<meta property=\"og:site_name\" content=\"Radis\" \/>\n<meta property=\"article:publisher\" content=\"https:\/\/www.facebook.com\/radisfurniture\/\" \/>\n<meta property=\"article:modified_time\" content=\"2026-03-18T17:39:40+00:00\" \/>\n<meta property=\"og:image\" content=\"https:\/\/radis.ee\/wp-content\/uploads\/2023\/06\/Radis_Furniture_shelf_CRANE_M_with_desks_and_boxes_oak_veneeered_plywood_white_background.jpg\" \/>\n\t<meta property=\"og:image:width\" content=\"853\" \/>\n\t<meta property=\"og:image:height\" content=\"1016\" \/>\n\t<meta property=\"og:image:type\" content=\"image\/jpeg\" \/>\n<meta name=\"twitter:card\" content=\"summary_large_image\" \/>\n<meta name=\"twitter:label1\" content=\"Arvioitu lukuaika\" \/>\n\t<meta name=\"twitter:data1\" content=\"1 minuutti\" \/>\n<script type=\"application\/ld+json\" class=\"yoast-schema-graph\">{\"@context\":\"https:\\\/\\\/schema.org\",\"@graph\":[{\"@type\":\"WebPage\",\"@id\":\"https:\\\/\\\/radis.ee\\\/fi\\\/hylly-crane\\\/\",\"url\":\"https:\\\/\\\/radis.ee\\\/fi\\\/hylly-crane\\\/\",\"name\":\"Hylly CRANE - Radis\",\"isPartOf\":{\"@id\":\"https:\\\/\\\/radis.ee\\\/#website\"},\"primaryImageOfPage\":{\"@id\":\"https:\\\/\\\/radis.ee\\\/fi\\\/hylly-crane\\\/#primaryimage\"},\"image\":{\"@id\":\"https:\\\/\\\/radis.ee\\\/fi\\\/hylly-crane\\\/#primaryimage\"},\"thumbnailUrl\":\"https:\\\/\\\/radis.ee\\\/wp-content\\\/uploads\\\/2023\\\/06\\\/Radis_Furniture_shelf_CRANE_M_with_desks_and_boxes_oak_veneeered_plywood_white_background.jpg\",\"datePublished\":\"2023-06-28T20:04:04+00:00\",\"dateModified\":\"2026-03-18T17:39:40+00:00\",\"breadcrumb\":{\"@id\":\"https:\\\/\\\/radis.ee\\\/fi\\\/hylly-crane\\\/#breadcrumb\"},\"inLanguage\":\"fi\",\"potentialAction\":[{\"@type\":\"ReadAction\",\"target\":[\"https:\\\/\\\/radis.ee\\\/fi\\\/hylly-crane\\\/\"]}]},{\"@type\":\"ImageObject\",\"inLanguage\":\"fi\",\"@id\":\"https:\\\/\\\/radis.ee\\\/fi\\\/hylly-crane\\\/#primaryimage\",\"url\":\"https:\\\/\\\/radis.ee\\\/wp-content\\\/uploads\\\/2023\\\/06\\\/Radis_Furniture_shelf_CRANE_M_with_desks_and_boxes_oak_veneeered_plywood_white_background.jpg\",\"contentUrl\":\"https:\\\/\\\/radis.ee\\\/wp-content\\\/uploads\\\/2023\\\/06\\\/Radis_Furniture_shelf_CRANE_M_with_desks_and_boxes_oak_veneeered_plywood_white_background.jpg\",\"width\":853,\"height\":1016,\"caption\":\"RADIS shelf CRANE M oak veneered with 3 boxes and 2 desks\"},{\"@type\":\"BreadcrumbList\",\"@id\":\"https:\\\/\\\/radis.ee\\\/fi\\\/hylly-crane\\\/#breadcrumb\",\"itemListElement\":[{\"@type\":\"ListItem\",\"position\":1,\"name\":\"Home\",\"item\":\"https:\\\/\\\/radis.ee\\\/\"},{\"@type\":\"ListItem\",\"position\":2,\"name\":\"Tuotteet\",\"item\":\"https:\\\/\\\/radis.ee\\\/fi\\\/tuotteet\\\/\"},{\"@type\":\"ListItem\",\"position\":3,\"name\":\"Hylly CRANE\"}]},{\"@type\":\"WebSite\",\"@id\":\"https:\\\/\\\/radis.ee\\\/#website\",\"url\":\"https:\\\/\\\/radis.ee\\\/\",\"name\":\"Radis\",\"description\":\"Nordic design furniture, environmentally friendly and sustainable.\",\"publisher\":{\"@id\":\"https:\\\/\\\/radis.ee\\\/#organization\"},\"potentialAction\":[{\"@type\":\"SearchAction\",\"target\":{\"@type\":\"EntryPoint\",\"urlTemplate\":\"https:\\\/\\\/radis.ee\\\/?s={search_term_string}\"},\"query-input\":{\"@type\":\"PropertyValueSpecification\",\"valueRequired\":true,\"valueName\":\"search_term_string\"}}],\"inLanguage\":\"fi\"},{\"@type\":\"Organization\",\"@id\":\"https:\\\/\\\/radis.ee\\\/#organization\",\"name\":\"Radis O\u00dc\",\"url\":\"https:\\\/\\\/radis.ee\\\/\",\"logo\":{\"@type\":\"ImageObject\",\"inLanguage\":\"fi\",\"@id\":\"https:\\\/\\\/radis.ee\\\/#\\\/schema\\\/logo\\\/image\\\/\",\"url\":\"https:\\\/\\\/radis.ee\\\/wp-content\\\/uploads\\\/2020\\\/10\\\/Radis-logo.png\",\"contentUrl\":\"https:\\\/\\\/radis.ee\\\/wp-content\\\/uploads\\\/2020\\\/10\\\/Radis-logo.png\",\"width\":300,\"height\":63,\"caption\":\"Radis O\u00dc\"},\"image\":{\"@id\":\"https:\\\/\\\/radis.ee\\\/#\\\/schema\\\/logo\\\/image\\\/\"},\"sameAs\":[\"https:\\\/\\\/www.facebook.com\\\/radisfurniture\\\/\"]}]}<\/script>\n<!-- \/ Yoast SEO plugin. -->","yoast_head_json":{"title":"Hylly CRANE - Radis","robots":{"index":"index","follow":"follow","max-snippet":"max-snippet:-1","max-image-preview":"max-image-preview:large","max-video-preview":"max-video-preview:-1"},"canonical":"https:\/\/radis.ee\/fi\/hylly-crane\/","og_locale":"fi_FI","og_type":"article","og_title":"Hylly CRANE - Radis","og_description":"Kuten monitoimikone, CRANE-hylly on kapea mutta tukeva ja hoitaa homman. Metallirunko on vahva, mutta ei n\u00e4yt\u00e4 k\u00f6mpel\u00f6lt\u00e4. Tammiviilutetuissa CRANE-hyllyiss\u00e4 on kauniisti muotoillut, py\u00f6ristetyt kulmat, ja s\u00e4\u00e4dett\u00e4v\u00e4t hyllyt mahdollistavat niiden k\u00e4yt\u00f6n monin tavoin, t\u00e4ydellisesti tarpeisiisi r\u00e4\u00e4t\u00e4l\u00f6ityn\u00e4. CRANE-hyllyn ilmava muotoilu mahdollistaa viihtyis\u00e4n toimistonurkkauksen luomisen tai kirjojen esillepanon olohuoneessa. Sopivia pintoja ovat esimerkiksi tietokonep\u00f6yt\u00e4 tai ovet kaapeissa. Ilmavan...","og_url":"https:\/\/radis.ee\/fi\/hylly-crane\/","og_site_name":"Radis","article_publisher":"https:\/\/www.facebook.com\/radisfurniture\/","article_modified_time":"2026-03-18T17:39:40+00:00","og_image":[{"width":853,"height":1016,"url":"https:\/\/radis.ee\/wp-content\/uploads\/2023\/06\/Radis_Furniture_shelf_CRANE_M_with_desks_and_boxes_oak_veneeered_plywood_white_background.jpg","type":"image\/jpeg"}],"twitter_card":"summary_large_image","twitter_misc":{"Arvioitu lukuaika":"1 minuutti"},"schema":{"@context":"https:\/\/schema.org","@graph":[{"@type":"WebPage","@id":"https:\/\/radis.ee\/fi\/hylly-crane\/","url":"https:\/\/radis.ee\/fi\/hylly-crane\/","name":"Hylly CRANE - Radis","isPartOf":{"@id":"https:\/\/radis.ee\/#website"},"primaryImageOfPage":{"@id":"https:\/\/radis.ee\/fi\/hylly-crane\/#primaryimage"},"image":{"@id":"https:\/\/radis.ee\/fi\/hylly-crane\/#primaryimage"},"thumbnailUrl":"https:\/\/radis.ee\/wp-content\/uploads\/2023\/06\/Radis_Furniture_shelf_CRANE_M_with_desks_and_boxes_oak_veneeered_plywood_white_background.jpg","datePublished":"2023-06-28T20:04:04+00:00","dateModified":"2026-03-18T17:39:40+00:00","breadcrumb":{"@id":"https:\/\/radis.ee\/fi\/hylly-crane\/#breadcrumb"},"inLanguage":"fi","potentialAction":[{"@type":"ReadAction","target":["https:\/\/radis.ee\/fi\/hylly-crane\/"]}]},{"@type":"ImageObject","inLanguage":"fi","@id":"https:\/\/radis.ee\/fi\/hylly-crane\/#primaryimage","url":"https:\/\/radis.ee\/wp-content\/uploads\/2023\/06\/Radis_Furniture_shelf_CRANE_M_with_desks_and_boxes_oak_veneeered_plywood_white_background.jpg","contentUrl":"https:\/\/radis.ee\/wp-content\/uploads\/2023\/06\/Radis_Furniture_shelf_CRANE_M_with_desks_and_boxes_oak_veneeered_plywood_white_background.jpg","width":853,"height":1016,"caption":"RADIS shelf CRANE M oak veneered with 3 boxes and 2 desks"},{"@type":"BreadcrumbList","@id":"https:\/\/radis.ee\/fi\/hylly-crane\/#breadcrumb","itemListElement":[{"@type":"ListItem","position":1,"name":"Home","item":"https:\/\/radis.ee\/"},{"@type":"ListItem","position":2,"name":"Tuotteet","item":"https:\/\/radis.ee\/fi\/tuotteet\/"},{"@type":"ListItem","position":3,"name":"Hylly CRANE"}]},{"@type":"WebSite","@id":"https:\/\/radis.ee\/#website","url":"https:\/\/radis.ee\/","name":"Radis","description":"Nordic design furniture, environmentally friendly and sustainable.","publisher":{"@id":"https:\/\/radis.ee\/#organization"},"potentialAction":[{"@type":"SearchAction","target":{"@type":"EntryPoint","urlTemplate":"https:\/\/radis.ee\/?s={search_term_string}"},"query-input":{"@type":"PropertyValueSpecification","valueRequired":true,"valueName":"search_term_string"}}],"inLanguage":"fi"},{"@type":"Organization","@id":"https:\/\/radis.ee\/#organization","name":"Radis O\u00dc","url":"https:\/\/radis.ee\/","logo":{"@type":"ImageObject","inLanguage":"fi","@id":"https:\/\/radis.ee\/#\/schema\/logo\/image\/","url":"https:\/\/radis.ee\/wp-content\/uploads\/2020\/10\/Radis-logo.png","contentUrl":"https:\/\/radis.ee\/wp-content\/uploads\/2020\/10\/Radis-logo.png","width":300,"height":63,"caption":"Radis O\u00dc"},"image":{"@id":"https:\/\/radis.ee\/#\/schema\/logo\/image\/"},"sameAs":["https:\/\/www.facebook.com\/radisfurniture\/"]}]}},"_links":{"self":[{"href":"https:\/\/radis.ee\/fi\/wp-json\/wp\/v2\/product\/21751","targetHints":{"allow":["GET"]}}],"collection":[{"href":"https:\/\/radis.ee\/fi\/wp-json\/wp\/v2\/product"}],"about":[{"href":"https:\/\/radis.ee\/fi\/wp-json\/wp\/v2\/types\/product"}],"replies":[{"embeddable":true,"href":"https:\/\/radis.ee\/fi\/wp-json\/wp\/v2\/comments?post=21751"}],"wp:featuredmedia":[{"embeddable":true,"href":"https:\/\/radis.ee\/fi\/wp-json\/wp\/v2\/media\/24261"}],"wp:attachment":[{"href":"https:\/\/radis.ee\/fi\/wp-json\/wp\/v2\/media?parent=21751"}],"wp:term":[{"taxonomy":"product_brand","embeddable":true,"href":"https:\/\/radis.ee\/fi\/wp-json\/wp\/v2\/product_brand?post=21751"},{"taxonomy":"product_cat","embeddable":true,"href":"https:\/\/radis.ee\/fi\/wp-json\/wp\/v2\/product_cat?post=21751"},{"taxonomy":"product_tag","embeddable":true,"href":"https:\/\/radis.ee\/fi\/wp-json\/wp\/v2\/product_tag?post=21751"}],"curies":[{"name":"wp","href":"https:\/\/api.w.org\/{rel}","templated":true}]}}