{"id":22259,"date":"2020-07-13T10:26:19","date_gmt":"2023-06-25T19:26:21","guid":{"rendered":"https:\/\/radis.ee\/?post_type=product&#038;p=22259"},"modified":"2023-06-30T10:16:18","modified_gmt":"2023-06-30T07:16:18","slug":"hylly-pagoda","status":"publish","type":"product","link":"https:\/\/radis.ee\/fi\/hylly-pagoda\/","title":{"rendered":"Hylly PAGODA"},"content":{"rendered":"<p>Pagoda-hyllymme on kuin huonekaluversio kuuluisasta japanilaisesta talosta. N\u00e4ytt\u00e4\u00e4 silt\u00e4, ett\u00e4 se levitt\u00e4\u00e4 siipi\u00e4\u00e4n noustakseen uusiin korkeuksiin. Ja juuri sit\u00e4 se tekee \u2013 nostaa upean hyllyn tasoa uudelle tasolle.<\/p>\n<p>Runsaalla hyllytilalla ja ainutlaatuisella muotoilulla se on kruununjalokivi miss\u00e4 tahansa huoneessa. Hyllytilojen korkeudet ovat 14 ja 34 cm.<\/p>\n<p>Pehme\u00e4sti sulkeutuvat t\u00e4ysin avautuvat piilolaatikon kiskot avaavat kolme tilavaa laatikkoa, joiden leveys on 66 cm, syvyys 32,5 cm, korkeus 10,5 cm. Keskimm\u00e4isen laatikon p\u00e4\u00e4ll\u00e4 on my\u00f6s ty\u00f6taso, jota voidaan k\u00e4ytt\u00e4\u00e4 kotitoimiston ulosvedett\u00e4v\u00e4n\u00e4 p\u00f6yt\u00e4n\u00e4 &#8211; korkeus 78 cm. Irrotettavaa ty\u00f6tasoa voidaan haluttaessa k\u00e4ytt\u00e4\u00e4 my\u00f6s tietokonetelineen\u00e4 hyllyn ulkopuolella &#8211; esimerkiksi sohvalla istuessa jne.<\/p>\n<p>Valmistettu Koskisen 13 mm valkoisesta kest\u00e4v\u00e4st\u00e4 korkeapainelaminaatti (HPL) -vanerista ja 16 mm tammiviilutetusta vanerista, \u00f6ljyvahattu.<\/p>\n<p>Suunnittelija: Funduki<\/p>\n","protected":false},"excerpt":{"rendered":"<p>Pagoda-hyllymme on kuin huonekaluversio kuuluisasta japanilaisesta talosta. N\u00e4ytt\u00e4\u00e4 silt\u00e4, ett\u00e4 se levitt\u00e4\u00e4 siipi\u00e4\u00e4n noustakseen uusiin korkeuksiin. Ja juuri sit\u00e4 se tekee \u2013 nostaa upean hyllyn tasoa uudelle tasolle. Runsaalla hyllytilalla ja ainutlaatuisella muotoilulla se on kruununjalokivi miss\u00e4 tahansa huoneessa. Hyllytilojen korkeudet ovat 14 ja 34 cm. Pehme\u00e4sti sulkeutuvat t\u00e4ysin avautuvat piilolaatikon kiskot avaavat kolme tilavaa&#8230;<\/p>\n","protected":false},"featured_media":22297,"comment_status":"open","ping_status":"closed","template":"","meta":{"_acf_changed":false},"product_brand":[],"product_cat":[109],"product_tag":[],"class_list":{"0":"post-22259","1":"product","2":"type-product","3":"status-publish","4":"has-post-thumbnail","6":"product_cat-riiulid","8":"first","9":"instock","10":"taxable","11":"shipping-taxable","12":"purchasable","13":"product-type-variable","14":"has-default-attributes"},"acf":[],"yoast_head":"<!-- This site is optimized with the Yoast SEO plugin v27.4 - https:\/\/yoast.com\/product\/yoast-seo-wordpress\/ -->\n<title>Hylly PAGODA - Radis<\/title>\n<meta name=\"robots\" content=\"index, follow, max-snippet:-1, max-image-preview:large, max-video-preview:-1\" \/>\n<link rel=\"canonical\" href=\"https:\/\/radis.ee\/fi\/hylly-pagoda\/\" \/>\n<meta property=\"og:locale\" content=\"fi_FI\" \/>\n<meta property=\"og:type\" content=\"article\" \/>\n<meta property=\"og:title\" content=\"Hylly PAGODA - Radis\" \/>\n<meta property=\"og:description\" content=\"Pagoda-hyllymme on kuin huonekaluversio kuuluisasta japanilaisesta talosta. N\u00e4ytt\u00e4\u00e4 silt\u00e4, ett\u00e4 se levitt\u00e4\u00e4 siipi\u00e4\u00e4n noustakseen uusiin korkeuksiin. Ja juuri sit\u00e4 se tekee \u2013 nostaa upean hyllyn tasoa uudelle tasolle. Runsaalla hyllytilalla ja ainutlaatuisella muotoilulla se on kruununjalokivi miss\u00e4 tahansa huoneessa. Hyllytilojen korkeudet ovat 14 ja 34 cm. Pehme\u00e4sti sulkeutuvat t\u00e4ysin avautuvat piilolaatikon kiskot avaavat kolme tilavaa...\" \/>\n<meta property=\"og:url\" content=\"https:\/\/radis.ee\/fi\/hylly-pagoda\/\" \/>\n<meta property=\"og:site_name\" content=\"Radis\" \/>\n<meta property=\"article:publisher\" content=\"https:\/\/www.facebook.com\/radisfurniture\/\" \/>\n<meta property=\"article:modified_time\" content=\"2023-06-30T07:16:18+00:00\" \/>\n<meta property=\"og:image\" content=\"https:\/\/radis.ee\/wp-content\/uploads\/2023\/06\/Radis_shelf_workstation_PAGODA_White_HP_Plywood.jpg\" \/>\n\t<meta property=\"og:image:width\" content=\"1000\" \/>\n\t<meta property=\"og:image:height\" content=\"1000\" \/>\n\t<meta property=\"og:image:type\" content=\"image\/jpeg\" \/>\n<meta name=\"twitter:card\" content=\"summary_large_image\" \/>\n<meta name=\"twitter:label1\" content=\"Arvioitu lukuaika\" \/>\n\t<meta name=\"twitter:data1\" content=\"1 minuutti\" \/>\n<script type=\"application\/ld+json\" class=\"yoast-schema-graph\">{\"@context\":\"https:\\\/\\\/schema.org\",\"@graph\":[{\"@type\":\"WebPage\",\"@id\":\"https:\\\/\\\/radis.ee\\\/fi\\\/hylly-pagoda\\\/\",\"url\":\"https:\\\/\\\/radis.ee\\\/fi\\\/hylly-pagoda\\\/\",\"name\":\"Hylly PAGODA - Radis\",\"isPartOf\":{\"@id\":\"https:\\\/\\\/radis.ee\\\/#website\"},\"primaryImageOfPage\":{\"@id\":\"https:\\\/\\\/radis.ee\\\/fi\\\/hylly-pagoda\\\/#primaryimage\"},\"image\":{\"@id\":\"https:\\\/\\\/radis.ee\\\/fi\\\/hylly-pagoda\\\/#primaryimage\"},\"thumbnailUrl\":\"https:\\\/\\\/radis.ee\\\/wp-content\\\/uploads\\\/2023\\\/06\\\/Radis_shelf_workstation_PAGODA_White_HP_Plywood.jpg\",\"datePublished\":\"2023-06-25T19:26:21+00:00\",\"dateModified\":\"2023-06-30T07:16:18+00:00\",\"breadcrumb\":{\"@id\":\"https:\\\/\\\/radis.ee\\\/fi\\\/hylly-pagoda\\\/#breadcrumb\"},\"inLanguage\":\"fi\",\"potentialAction\":[{\"@type\":\"ReadAction\",\"target\":[\"https:\\\/\\\/radis.ee\\\/fi\\\/hylly-pagoda\\\/\"]}]},{\"@type\":\"ImageObject\",\"inLanguage\":\"fi\",\"@id\":\"https:\\\/\\\/radis.ee\\\/fi\\\/hylly-pagoda\\\/#primaryimage\",\"url\":\"https:\\\/\\\/radis.ee\\\/wp-content\\\/uploads\\\/2023\\\/06\\\/Radis_shelf_workstation_PAGODA_White_HP_Plywood.jpg\",\"contentUrl\":\"https:\\\/\\\/radis.ee\\\/wp-content\\\/uploads\\\/2023\\\/06\\\/Radis_shelf_workstation_PAGODA_White_HP_Plywood.jpg\",\"width\":1000,\"height\":1000,\"caption\":\"Radis shelf PAGODA white HPL plywood\"},{\"@type\":\"BreadcrumbList\",\"@id\":\"https:\\\/\\\/radis.ee\\\/fi\\\/hylly-pagoda\\\/#breadcrumb\",\"itemListElement\":[{\"@type\":\"ListItem\",\"position\":1,\"name\":\"Home\",\"item\":\"https:\\\/\\\/radis.ee\\\/\"},{\"@type\":\"ListItem\",\"position\":2,\"name\":\"Tuotteet\",\"item\":\"https:\\\/\\\/radis.ee\\\/fi\\\/tuotteet\\\/\"},{\"@type\":\"ListItem\",\"position\":3,\"name\":\"Hylly PAGODA\"}]},{\"@type\":\"WebSite\",\"@id\":\"https:\\\/\\\/radis.ee\\\/#website\",\"url\":\"https:\\\/\\\/radis.ee\\\/\",\"name\":\"Radis\",\"description\":\"Nordic design furniture, environmentally friendly and sustainable.\",\"publisher\":{\"@id\":\"https:\\\/\\\/radis.ee\\\/#organization\"},\"potentialAction\":[{\"@type\":\"SearchAction\",\"target\":{\"@type\":\"EntryPoint\",\"urlTemplate\":\"https:\\\/\\\/radis.ee\\\/?s={search_term_string}\"},\"query-input\":{\"@type\":\"PropertyValueSpecification\",\"valueRequired\":true,\"valueName\":\"search_term_string\"}}],\"inLanguage\":\"fi\"},{\"@type\":\"Organization\",\"@id\":\"https:\\\/\\\/radis.ee\\\/#organization\",\"name\":\"Radis O\u00dc\",\"url\":\"https:\\\/\\\/radis.ee\\\/\",\"logo\":{\"@type\":\"ImageObject\",\"inLanguage\":\"fi\",\"@id\":\"https:\\\/\\\/radis.ee\\\/#\\\/schema\\\/logo\\\/image\\\/\",\"url\":\"https:\\\/\\\/radis.ee\\\/wp-content\\\/uploads\\\/2020\\\/10\\\/Radis-logo.png\",\"contentUrl\":\"https:\\\/\\\/radis.ee\\\/wp-content\\\/uploads\\\/2020\\\/10\\\/Radis-logo.png\",\"width\":300,\"height\":63,\"caption\":\"Radis O\u00dc\"},\"image\":{\"@id\":\"https:\\\/\\\/radis.ee\\\/#\\\/schema\\\/logo\\\/image\\\/\"},\"sameAs\":[\"https:\\\/\\\/www.facebook.com\\\/radisfurniture\\\/\"]}]}<\/script>\n<!-- \/ Yoast SEO plugin. -->","yoast_head_json":{"title":"Hylly PAGODA - Radis","robots":{"index":"index","follow":"follow","max-snippet":"max-snippet:-1","max-image-preview":"max-image-preview:large","max-video-preview":"max-video-preview:-1"},"canonical":"https:\/\/radis.ee\/fi\/hylly-pagoda\/","og_locale":"fi_FI","og_type":"article","og_title":"Hylly PAGODA - Radis","og_description":"Pagoda-hyllymme on kuin huonekaluversio kuuluisasta japanilaisesta talosta. N\u00e4ytt\u00e4\u00e4 silt\u00e4, ett\u00e4 se levitt\u00e4\u00e4 siipi\u00e4\u00e4n noustakseen uusiin korkeuksiin. Ja juuri sit\u00e4 se tekee \u2013 nostaa upean hyllyn tasoa uudelle tasolle. Runsaalla hyllytilalla ja ainutlaatuisella muotoilulla se on kruununjalokivi miss\u00e4 tahansa huoneessa. Hyllytilojen korkeudet ovat 14 ja 34 cm. Pehme\u00e4sti sulkeutuvat t\u00e4ysin avautuvat piilolaatikon kiskot avaavat kolme tilavaa...","og_url":"https:\/\/radis.ee\/fi\/hylly-pagoda\/","og_site_name":"Radis","article_publisher":"https:\/\/www.facebook.com\/radisfurniture\/","article_modified_time":"2023-06-30T07:16:18+00:00","og_image":[{"width":1000,"height":1000,"url":"https:\/\/radis.ee\/wp-content\/uploads\/2023\/06\/Radis_shelf_workstation_PAGODA_White_HP_Plywood.jpg","type":"image\/jpeg"}],"twitter_card":"summary_large_image","twitter_misc":{"Arvioitu lukuaika":"1 minuutti"},"schema":{"@context":"https:\/\/schema.org","@graph":[{"@type":"WebPage","@id":"https:\/\/radis.ee\/fi\/hylly-pagoda\/","url":"https:\/\/radis.ee\/fi\/hylly-pagoda\/","name":"Hylly PAGODA - Radis","isPartOf":{"@id":"https:\/\/radis.ee\/#website"},"primaryImageOfPage":{"@id":"https:\/\/radis.ee\/fi\/hylly-pagoda\/#primaryimage"},"image":{"@id":"https:\/\/radis.ee\/fi\/hylly-pagoda\/#primaryimage"},"thumbnailUrl":"https:\/\/radis.ee\/wp-content\/uploads\/2023\/06\/Radis_shelf_workstation_PAGODA_White_HP_Plywood.jpg","datePublished":"2023-06-25T19:26:21+00:00","dateModified":"2023-06-30T07:16:18+00:00","breadcrumb":{"@id":"https:\/\/radis.ee\/fi\/hylly-pagoda\/#breadcrumb"},"inLanguage":"fi","potentialAction":[{"@type":"ReadAction","target":["https:\/\/radis.ee\/fi\/hylly-pagoda\/"]}]},{"@type":"ImageObject","inLanguage":"fi","@id":"https:\/\/radis.ee\/fi\/hylly-pagoda\/#primaryimage","url":"https:\/\/radis.ee\/wp-content\/uploads\/2023\/06\/Radis_shelf_workstation_PAGODA_White_HP_Plywood.jpg","contentUrl":"https:\/\/radis.ee\/wp-content\/uploads\/2023\/06\/Radis_shelf_workstation_PAGODA_White_HP_Plywood.jpg","width":1000,"height":1000,"caption":"Radis shelf PAGODA white HPL plywood"},{"@type":"BreadcrumbList","@id":"https:\/\/radis.ee\/fi\/hylly-pagoda\/#breadcrumb","itemListElement":[{"@type":"ListItem","position":1,"name":"Home","item":"https:\/\/radis.ee\/"},{"@type":"ListItem","position":2,"name":"Tuotteet","item":"https:\/\/radis.ee\/fi\/tuotteet\/"},{"@type":"ListItem","position":3,"name":"Hylly PAGODA"}]},{"@type":"WebSite","@id":"https:\/\/radis.ee\/#website","url":"https:\/\/radis.ee\/","name":"Radis","description":"Nordic design furniture, environmentally friendly and sustainable.","publisher":{"@id":"https:\/\/radis.ee\/#organization"},"potentialAction":[{"@type":"SearchAction","target":{"@type":"EntryPoint","urlTemplate":"https:\/\/radis.ee\/?s={search_term_string}"},"query-input":{"@type":"PropertyValueSpecification","valueRequired":true,"valueName":"search_term_string"}}],"inLanguage":"fi"},{"@type":"Organization","@id":"https:\/\/radis.ee\/#organization","name":"Radis O\u00dc","url":"https:\/\/radis.ee\/","logo":{"@type":"ImageObject","inLanguage":"fi","@id":"https:\/\/radis.ee\/#\/schema\/logo\/image\/","url":"https:\/\/radis.ee\/wp-content\/uploads\/2020\/10\/Radis-logo.png","contentUrl":"https:\/\/radis.ee\/wp-content\/uploads\/2020\/10\/Radis-logo.png","width":300,"height":63,"caption":"Radis O\u00dc"},"image":{"@id":"https:\/\/radis.ee\/#\/schema\/logo\/image\/"},"sameAs":["https:\/\/www.facebook.com\/radisfurniture\/"]}]}},"_links":{"self":[{"href":"https:\/\/radis.ee\/fi\/wp-json\/wp\/v2\/product\/22259","targetHints":{"allow":["GET"]}}],"collection":[{"href":"https:\/\/radis.ee\/fi\/wp-json\/wp\/v2\/product"}],"about":[{"href":"https:\/\/radis.ee\/fi\/wp-json\/wp\/v2\/types\/product"}],"replies":[{"embeddable":true,"href":"https:\/\/radis.ee\/fi\/wp-json\/wp\/v2\/comments?post=22259"}],"wp:featuredmedia":[{"embeddable":true,"href":"https:\/\/radis.ee\/fi\/wp-json\/wp\/v2\/media\/22297"}],"wp:attachment":[{"href":"https:\/\/radis.ee\/fi\/wp-json\/wp\/v2\/media?parent=22259"}],"wp:term":[{"taxonomy":"product_brand","embeddable":true,"href":"https:\/\/radis.ee\/fi\/wp-json\/wp\/v2\/product_brand?post=22259"},{"taxonomy":"product_cat","embeddable":true,"href":"https:\/\/radis.ee\/fi\/wp-json\/wp\/v2\/product_cat?post=22259"},{"taxonomy":"product_tag","embeddable":true,"href":"https:\/\/radis.ee\/fi\/wp-json\/wp\/v2\/product_tag?post=22259"}],"curies":[{"name":"wp","href":"https:\/\/api.w.org\/{rel}","templated":true}]}}