{"id":24273,"date":"2020-08-08T16:42:26","date_gmt":"2023-10-18T13:42:30","guid":{"rendered":"https:\/\/radis.ee\/?post_type=product&#038;p=24273"},"modified":"2024-06-05T15:50:28","modified_gmt":"2024-06-05T12:50:28","slug":"vaatekaappi-huh-hyllylla-ja-lisatasolla","status":"publish","type":"product","link":"https:\/\/radis.ee\/fi\/vaatekaappi-huh-hyllylla-ja-lisatasolla\/","title":{"rendered":"Vaatekaappi HUH hyllyll\u00e4 ja lis\u00e4tasolla"},"content":{"rendered":"<p>T\u00e4m\u00e4 vaatekaappi j\u00e4rjest\u00e4\u00e4 kaikki vaatteesi, ja siin\u00e4 on tilaa mekoillesi, takkeillesi ja takkeillesi sek\u00e4 laatikot alusvaatteille, sukkaille ja solmioille.<\/p>\n<p>Kaksiovisessa vaatekaapissa vasemman oven takana on 41 cm vaatetanko, kolmiovisessa 86 cm leve\u00e4 vaatetanko 120 cm korkeudella vaatekaapin pohjasta. Oikean oven takana on 3 erikorkuista v\u00e4lihylly\u00e4 ja alapuolella 2 tilavaa laatikkoa. Lis\u00e4tasolla on my\u00f6s s\u00e4\u00e4dett\u00e4v\u00e4t hyllyt.<\/p>\n<p>Valmistettu koivuvanerista, \u00f6ljyvahattu tai Koskisen valkoinen HPL vanerilla. Pehme\u00e4sti sulkeutuvat H\u00e4fele-oven saranat ja piilotetut laatikostot. Ovet Koskisen valkoinen HPL vanerilla, sis\u00e4ll\u00e4 H\u00e4fele metallitankoja pitkien ovien suorana. 8 cm korkea sokkeli, joka sopii hyvin kaikkien jalkalistaan.<\/p>\n<p>Vaatekaapin oikealla puolella on 24 cm syv\u00e4 hylly, joka on valmistettu valkoisesta HPL:st\u00e4. Haluttaessa hylly voidaan asentaa my\u00f6s vasemmalle puolelle, ilmoita siit\u00e4 tilauksen yhteydess\u00e4 huomautuksissa.<\/p>\n<p>Mallisto HUH oli ehdolla Viron Bruno 2014 -muotoilupalkinnon saajaksi.<\/p>\n","protected":false},"excerpt":{"rendered":"<p>T\u00e4m\u00e4 vaatekaappi j\u00e4rjest\u00e4\u00e4 kaikki vaatteesi, ja siin\u00e4 on tilaa mekoillesi, takkeillesi ja takkeillesi sek\u00e4 laatikot alusvaatteille, sukkaille ja solmioille. Kaksiovisessa vaatekaapissa vasemman oven takana on 41 cm vaatetanko, kolmiovisessa 86 cm leve\u00e4 vaatetanko 120 cm korkeudella vaatekaapin pohjasta. Oikean oven takana on 3 erikorkuista v\u00e4lihylly\u00e4 ja alapuolella 2 tilavaa laatikkoa. Lis\u00e4tasolla on my\u00f6s s\u00e4\u00e4dett\u00e4v\u00e4t hyllyt&#8230;.<\/p>\n","protected":false},"featured_media":24399,"comment_status":"open","ping_status":"closed","template":"","meta":{"_acf_changed":false},"product_brand":[],"product_cat":[110],"product_tag":[],"class_list":{"0":"post-24273","1":"product","2":"type-product","3":"status-publish","4":"has-post-thumbnail","6":"product_cat-riidekapid","8":"first","9":"instock","10":"sale","11":"taxable","12":"shipping-taxable","13":"purchasable","14":"product-type-variable","15":"has-default-attributes"},"acf":[],"yoast_head":"<!-- This site is optimized with the Yoast SEO plugin v27.3 - https:\/\/yoast.com\/product\/yoast-seo-wordpress\/ -->\n<title>Vaatekaappi HUH hyllyll\u00e4 ja lis\u00e4tasolla - Radis<\/title>\n<meta name=\"robots\" content=\"index, follow, max-snippet:-1, max-image-preview:large, max-video-preview:-1\" \/>\n<link rel=\"canonical\" href=\"https:\/\/radis.ee\/riidekapp-huh-riiuliga-lisakorrusega\/\" \/>\n<meta property=\"og:locale\" content=\"fi_FI\" \/>\n<meta property=\"og:type\" content=\"article\" \/>\n<meta property=\"og:title\" content=\"Vaatekaappi HUH hyllyll\u00e4 ja lis\u00e4tasolla - Radis\" \/>\n<meta property=\"og:description\" content=\"T\u00e4m\u00e4 vaatekaappi j\u00e4rjest\u00e4\u00e4 kaikki vaatteesi, ja siin\u00e4 on tilaa mekoillesi, takkeillesi ja takkeillesi sek\u00e4 laatikot alusvaatteille, sukkaille ja solmioille. Kaksiovisessa vaatekaapissa vasemman oven takana on 41 cm vaatetanko, kolmiovisessa 86 cm leve\u00e4 vaatetanko 120 cm korkeudella vaatekaapin pohjasta. Oikean oven takana on 3 erikorkuista v\u00e4lihylly\u00e4 ja alapuolella 2 tilavaa laatikkoa. Lis\u00e4tasolla on my\u00f6s s\u00e4\u00e4dett\u00e4v\u00e4t hyllyt....\" \/>\n<meta property=\"og:url\" content=\"https:\/\/radis.ee\/riidekapp-huh-riiuliga-lisakorrusega\/\" \/>\n<meta property=\"og:site_name\" content=\"Radis\" \/>\n<meta property=\"article:publisher\" content=\"https:\/\/www.facebook.com\/radisfurniture\/\" \/>\n<meta property=\"article:modified_time\" content=\"2024-06-05T12:50:28+00:00\" \/>\n<meta property=\"og:image\" content=\"https:\/\/radis.ee\/wp-content\/uploads\/2023\/10\/RADIS_wardrobe_HUH_3_doors_extra_level_vertical_handles_white_CPL_with_shelf_white_background.jpg\" \/>\n\t<meta property=\"og:image:width\" content=\"721\" \/>\n\t<meta property=\"og:image:height\" content=\"859\" \/>\n\t<meta property=\"og:image:type\" content=\"image\/jpeg\" \/>\n<meta name=\"twitter:card\" content=\"summary_large_image\" \/>\n<meta name=\"twitter:label1\" content=\"Arvioitu lukuaika\" \/>\n\t<meta name=\"twitter:data1\" content=\"1 minuutti\" \/>\n<script type=\"application\/ld+json\" class=\"yoast-schema-graph\">{\"@context\":\"https:\\\/\\\/schema.org\",\"@graph\":[{\"@type\":\"WebPage\",\"@id\":\"https:\\\/\\\/radis.ee\\\/riidekapp-huh-riiuliga-lisakorrusega\\\/\",\"url\":\"https:\\\/\\\/radis.ee\\\/riidekapp-huh-riiuliga-lisakorrusega\\\/\",\"name\":\"Vaatekaappi HUH hyllyll\u00e4 ja lis\u00e4tasolla - Radis\",\"isPartOf\":{\"@id\":\"https:\\\/\\\/radis.ee\\\/#website\"},\"primaryImageOfPage\":{\"@id\":\"https:\\\/\\\/radis.ee\\\/riidekapp-huh-riiuliga-lisakorrusega\\\/#primaryimage\"},\"image\":{\"@id\":\"https:\\\/\\\/radis.ee\\\/riidekapp-huh-riiuliga-lisakorrusega\\\/#primaryimage\"},\"thumbnailUrl\":\"https:\\\/\\\/radis.ee\\\/wp-content\\\/uploads\\\/2023\\\/10\\\/RADIS_wardrobe_HUH_3_doors_extra_level_vertical_handles_white_CPL_with_shelf_white_background.jpg\",\"datePublished\":\"2023-10-18T13:42:30+00:00\",\"dateModified\":\"2024-06-05T12:50:28+00:00\",\"breadcrumb\":{\"@id\":\"https:\\\/\\\/radis.ee\\\/riidekapp-huh-riiuliga-lisakorrusega\\\/#breadcrumb\"},\"inLanguage\":\"fi\",\"potentialAction\":[{\"@type\":\"ReadAction\",\"target\":[\"https:\\\/\\\/radis.ee\\\/riidekapp-huh-riiuliga-lisakorrusega\\\/\"]}]},{\"@type\":\"ImageObject\",\"inLanguage\":\"fi\",\"@id\":\"https:\\\/\\\/radis.ee\\\/riidekapp-huh-riiuliga-lisakorrusega\\\/#primaryimage\",\"url\":\"https:\\\/\\\/radis.ee\\\/wp-content\\\/uploads\\\/2023\\\/10\\\/RADIS_wardrobe_HUH_3_doors_extra_level_vertical_handles_white_CPL_with_shelf_white_background.jpg\",\"contentUrl\":\"https:\\\/\\\/radis.ee\\\/wp-content\\\/uploads\\\/2023\\\/10\\\/RADIS_wardrobe_HUH_3_doors_extra_level_vertical_handles_white_CPL_with_shelf_white_background.jpg\",\"width\":721,\"height\":859,\"caption\":\"RADIS wardrobe HUH with shelf\"},{\"@type\":\"BreadcrumbList\",\"@id\":\"https:\\\/\\\/radis.ee\\\/riidekapp-huh-riiuliga-lisakorrusega\\\/#breadcrumb\",\"itemListElement\":[{\"@type\":\"ListItem\",\"position\":1,\"name\":\"Home\",\"item\":\"https:\\\/\\\/radis.ee\\\/\"},{\"@type\":\"ListItem\",\"position\":2,\"name\":\"Tuotteet\",\"item\":\"https:\\\/\\\/radis.ee\\\/fi\\\/tuotteet\\\/\"},{\"@type\":\"ListItem\",\"position\":3,\"name\":\"Vaatekaappi HUH hyllyll\u00e4 ja lis\u00e4tasolla\"}]},{\"@type\":\"WebSite\",\"@id\":\"https:\\\/\\\/radis.ee\\\/#website\",\"url\":\"https:\\\/\\\/radis.ee\\\/\",\"name\":\"Radis\",\"description\":\"Nordic design furniture, environmentally friendly and sustainable.\",\"publisher\":{\"@id\":\"https:\\\/\\\/radis.ee\\\/#organization\"},\"potentialAction\":[{\"@type\":\"SearchAction\",\"target\":{\"@type\":\"EntryPoint\",\"urlTemplate\":\"https:\\\/\\\/radis.ee\\\/?s={search_term_string}\"},\"query-input\":{\"@type\":\"PropertyValueSpecification\",\"valueRequired\":true,\"valueName\":\"search_term_string\"}}],\"inLanguage\":\"fi\"},{\"@type\":\"Organization\",\"@id\":\"https:\\\/\\\/radis.ee\\\/#organization\",\"name\":\"Radis O\u00dc\",\"url\":\"https:\\\/\\\/radis.ee\\\/\",\"logo\":{\"@type\":\"ImageObject\",\"inLanguage\":\"fi\",\"@id\":\"https:\\\/\\\/radis.ee\\\/#\\\/schema\\\/logo\\\/image\\\/\",\"url\":\"https:\\\/\\\/radis.ee\\\/wp-content\\\/uploads\\\/2020\\\/10\\\/Radis-logo.png\",\"contentUrl\":\"https:\\\/\\\/radis.ee\\\/wp-content\\\/uploads\\\/2020\\\/10\\\/Radis-logo.png\",\"width\":300,\"height\":63,\"caption\":\"Radis O\u00dc\"},\"image\":{\"@id\":\"https:\\\/\\\/radis.ee\\\/#\\\/schema\\\/logo\\\/image\\\/\"},\"sameAs\":[\"https:\\\/\\\/www.facebook.com\\\/radisfurniture\\\/\"]}]}<\/script>\n<!-- \/ Yoast SEO plugin. -->","yoast_head_json":{"title":"Vaatekaappi HUH hyllyll\u00e4 ja lis\u00e4tasolla - Radis","robots":{"index":"index","follow":"follow","max-snippet":"max-snippet:-1","max-image-preview":"max-image-preview:large","max-video-preview":"max-video-preview:-1"},"canonical":"https:\/\/radis.ee\/riidekapp-huh-riiuliga-lisakorrusega\/","og_locale":"fi_FI","og_type":"article","og_title":"Vaatekaappi HUH hyllyll\u00e4 ja lis\u00e4tasolla - Radis","og_description":"T\u00e4m\u00e4 vaatekaappi j\u00e4rjest\u00e4\u00e4 kaikki vaatteesi, ja siin\u00e4 on tilaa mekoillesi, takkeillesi ja takkeillesi sek\u00e4 laatikot alusvaatteille, sukkaille ja solmioille. Kaksiovisessa vaatekaapissa vasemman oven takana on 41 cm vaatetanko, kolmiovisessa 86 cm leve\u00e4 vaatetanko 120 cm korkeudella vaatekaapin pohjasta. Oikean oven takana on 3 erikorkuista v\u00e4lihylly\u00e4 ja alapuolella 2 tilavaa laatikkoa. Lis\u00e4tasolla on my\u00f6s s\u00e4\u00e4dett\u00e4v\u00e4t hyllyt....","og_url":"https:\/\/radis.ee\/riidekapp-huh-riiuliga-lisakorrusega\/","og_site_name":"Radis","article_publisher":"https:\/\/www.facebook.com\/radisfurniture\/","article_modified_time":"2024-06-05T12:50:28+00:00","og_image":[{"width":721,"height":859,"url":"https:\/\/radis.ee\/wp-content\/uploads\/2023\/10\/RADIS_wardrobe_HUH_3_doors_extra_level_vertical_handles_white_CPL_with_shelf_white_background.jpg","type":"image\/jpeg"}],"twitter_card":"summary_large_image","twitter_misc":{"Arvioitu lukuaika":"1 minuutti"},"schema":{"@context":"https:\/\/schema.org","@graph":[{"@type":"WebPage","@id":"https:\/\/radis.ee\/riidekapp-huh-riiuliga-lisakorrusega\/","url":"https:\/\/radis.ee\/riidekapp-huh-riiuliga-lisakorrusega\/","name":"Vaatekaappi HUH hyllyll\u00e4 ja lis\u00e4tasolla - Radis","isPartOf":{"@id":"https:\/\/radis.ee\/#website"},"primaryImageOfPage":{"@id":"https:\/\/radis.ee\/riidekapp-huh-riiuliga-lisakorrusega\/#primaryimage"},"image":{"@id":"https:\/\/radis.ee\/riidekapp-huh-riiuliga-lisakorrusega\/#primaryimage"},"thumbnailUrl":"https:\/\/radis.ee\/wp-content\/uploads\/2023\/10\/RADIS_wardrobe_HUH_3_doors_extra_level_vertical_handles_white_CPL_with_shelf_white_background.jpg","datePublished":"2023-10-18T13:42:30+00:00","dateModified":"2024-06-05T12:50:28+00:00","breadcrumb":{"@id":"https:\/\/radis.ee\/riidekapp-huh-riiuliga-lisakorrusega\/#breadcrumb"},"inLanguage":"fi","potentialAction":[{"@type":"ReadAction","target":["https:\/\/radis.ee\/riidekapp-huh-riiuliga-lisakorrusega\/"]}]},{"@type":"ImageObject","inLanguage":"fi","@id":"https:\/\/radis.ee\/riidekapp-huh-riiuliga-lisakorrusega\/#primaryimage","url":"https:\/\/radis.ee\/wp-content\/uploads\/2023\/10\/RADIS_wardrobe_HUH_3_doors_extra_level_vertical_handles_white_CPL_with_shelf_white_background.jpg","contentUrl":"https:\/\/radis.ee\/wp-content\/uploads\/2023\/10\/RADIS_wardrobe_HUH_3_doors_extra_level_vertical_handles_white_CPL_with_shelf_white_background.jpg","width":721,"height":859,"caption":"RADIS wardrobe HUH with shelf"},{"@type":"BreadcrumbList","@id":"https:\/\/radis.ee\/riidekapp-huh-riiuliga-lisakorrusega\/#breadcrumb","itemListElement":[{"@type":"ListItem","position":1,"name":"Home","item":"https:\/\/radis.ee\/"},{"@type":"ListItem","position":2,"name":"Tuotteet","item":"https:\/\/radis.ee\/fi\/tuotteet\/"},{"@type":"ListItem","position":3,"name":"Vaatekaappi HUH hyllyll\u00e4 ja lis\u00e4tasolla"}]},{"@type":"WebSite","@id":"https:\/\/radis.ee\/#website","url":"https:\/\/radis.ee\/","name":"Radis","description":"Nordic design furniture, environmentally friendly and sustainable.","publisher":{"@id":"https:\/\/radis.ee\/#organization"},"potentialAction":[{"@type":"SearchAction","target":{"@type":"EntryPoint","urlTemplate":"https:\/\/radis.ee\/?s={search_term_string}"},"query-input":{"@type":"PropertyValueSpecification","valueRequired":true,"valueName":"search_term_string"}}],"inLanguage":"fi"},{"@type":"Organization","@id":"https:\/\/radis.ee\/#organization","name":"Radis O\u00dc","url":"https:\/\/radis.ee\/","logo":{"@type":"ImageObject","inLanguage":"fi","@id":"https:\/\/radis.ee\/#\/schema\/logo\/image\/","url":"https:\/\/radis.ee\/wp-content\/uploads\/2020\/10\/Radis-logo.png","contentUrl":"https:\/\/radis.ee\/wp-content\/uploads\/2020\/10\/Radis-logo.png","width":300,"height":63,"caption":"Radis O\u00dc"},"image":{"@id":"https:\/\/radis.ee\/#\/schema\/logo\/image\/"},"sameAs":["https:\/\/www.facebook.com\/radisfurniture\/"]}]}},"_links":{"self":[{"href":"https:\/\/radis.ee\/fi\/wp-json\/wp\/v2\/product\/24273","targetHints":{"allow":["GET"]}}],"collection":[{"href":"https:\/\/radis.ee\/fi\/wp-json\/wp\/v2\/product"}],"about":[{"href":"https:\/\/radis.ee\/fi\/wp-json\/wp\/v2\/types\/product"}],"replies":[{"embeddable":true,"href":"https:\/\/radis.ee\/fi\/wp-json\/wp\/v2\/comments?post=24273"}],"wp:featuredmedia":[{"embeddable":true,"href":"https:\/\/radis.ee\/fi\/wp-json\/wp\/v2\/media\/24399"}],"wp:attachment":[{"href":"https:\/\/radis.ee\/fi\/wp-json\/wp\/v2\/media?parent=24273"}],"wp:term":[{"taxonomy":"product_brand","embeddable":true,"href":"https:\/\/radis.ee\/fi\/wp-json\/wp\/v2\/product_brand?post=24273"},{"taxonomy":"product_cat","embeddable":true,"href":"https:\/\/radis.ee\/fi\/wp-json\/wp\/v2\/product_cat?post=24273"},{"taxonomy":"product_tag","embeddable":true,"href":"https:\/\/radis.ee\/fi\/wp-json\/wp\/v2\/product_tag?post=24273"}],"curies":[{"name":"wp","href":"https:\/\/api.w.org\/{rel}","templated":true}]}}