{"id":2430,"date":"2022-10-08T20:10:19","date_gmt":"2020-09-27T17:08:19","guid":{"rendered":"https:\/\/radis.ee\/Ei-luokiteltu\/kirjoituspoyta-man\/"},"modified":"2020-11-05T10:26:55","modified_gmt":"2020-11-05T08:26:55","slug":"kirjoituspoyta-man","status":"publish","type":"product","link":"https:\/\/radis.ee\/fi\/kirjoituspoyta-man\/","title":{"rendered":"Kirjoitusp\u00f6yt\u00e4 MAN"},"content":{"rendered":"<p>T\u00e4m\u00e4 massiivinen kirjoitusp\u00f6yt\u00e4 sopii sek\u00e4 kotiin ett\u00e4 konttoriin. Kahteen suureen laatikkoon voit piilottaa makeiset tai ty\u00f6vihkot.<\/p>\n<p>Valmistettu \u00f6ljyvahatusta koivuvanerista, my\u00f6s tammeviilutettu. Laatikot ovat Koskisen CPList\u00e4 vanerilla. Hitaasti sulkeutuvat laatikon kiskot. Molempien laatikoiden sis\u00e4mitat ovat 50&#215;50 cm, sis\u00e4korkeus 7 cm.<\/p>\n<p>MAN-mallisto oli Viron design-palkintoon Bruno 2016 2. palkintokierroksen ehdokas.<\/p>\n","protected":false},"excerpt":{"rendered":"<p>T\u00e4m\u00e4 massiivinen kirjoitusp\u00f6yt\u00e4 sopii sek\u00e4 kotiin ett\u00e4 konttoriin. Kahteen suureen laatikkoon voit piilottaa makeiset tai ty\u00f6vihkot. Valmistettu \u00f6ljyvahatusta koivuvanerista, my\u00f6s tammeviilutettu. Laatikot ovat Koskisen CPList\u00e4 vanerilla. Hitaasti sulkeutuvat laatikon kiskot. Molempien laatikoiden sis\u00e4mitat ovat 50&#215;50 cm, sis\u00e4korkeus 7 cm. MAN-mallisto oli Viron design-palkintoon Bruno 2016 2. palkintokierroksen ehdokas.<\/p>\n","protected":false},"featured_media":4575,"comment_status":"open","ping_status":"closed","template":"","meta":{"_acf_changed":false},"product_brand":[],"product_cat":[218],"product_tag":[],"class_list":{"0":"post-2430","1":"product","2":"type-product","3":"status-publish","4":"has-post-thumbnail","6":"product_cat-tables","8":"first","9":"instock","10":"sale","11":"taxable","12":"shipping-taxable","13":"purchasable","14":"product-type-variable","15":"has-default-attributes"},"acf":[],"yoast_head":"<!-- This site is optimized with the Yoast SEO plugin v27.4 - https:\/\/yoast.com\/product\/yoast-seo-wordpress\/ -->\n<title>Kirjoitusp\u00f6yt\u00e4 MAN - Radis<\/title>\n<meta name=\"robots\" content=\"index, follow, max-snippet:-1, max-image-preview:large, max-video-preview:-1\" \/>\n<link rel=\"canonical\" href=\"https:\/\/radis.ee\/kirjutuslaud-man\/\" \/>\n<meta property=\"og:locale\" content=\"fi_FI\" \/>\n<meta property=\"og:type\" content=\"article\" \/>\n<meta property=\"og:title\" content=\"Kirjoitusp\u00f6yt\u00e4 MAN - Radis\" \/>\n<meta property=\"og:description\" content=\"T\u00e4m\u00e4 massiivinen kirjoitusp\u00f6yt\u00e4 sopii sek\u00e4 kotiin ett\u00e4 konttoriin. Kahteen suureen laatikkoon voit piilottaa makeiset tai ty\u00f6vihkot. Valmistettu \u00f6ljyvahatusta koivuvanerista, my\u00f6s tammeviilutettu. Laatikot ovat Koskisen CPList\u00e4 vanerilla. Hitaasti sulkeutuvat laatikon kiskot. Molempien laatikoiden sis\u00e4mitat ovat 50&#215;50 cm, sis\u00e4korkeus 7 cm. MAN-mallisto oli Viron design-palkintoon Bruno 2016 2. palkintokierroksen ehdokas.\" \/>\n<meta property=\"og:url\" content=\"https:\/\/radis.ee\/kirjutuslaud-man\/\" \/>\n<meta property=\"og:site_name\" content=\"Radis\" \/>\n<meta property=\"article:publisher\" content=\"https:\/\/www.facebook.com\/radisfurniture\/\" \/>\n<meta property=\"article:modified_time\" content=\"2020-11-05T08:26:55+00:00\" \/>\n<meta property=\"og:image\" content=\"https:\/\/radis.ee\/wp-content\/uploads\/2020\/09\/RA0479-Radis-desk-MAN-with-2-white-drawers.jpg\" \/>\n\t<meta property=\"og:image:width\" content=\"2500\" \/>\n\t<meta property=\"og:image:height\" content=\"2500\" \/>\n\t<meta property=\"og:image:type\" content=\"image\/jpeg\" \/>\n<meta name=\"twitter:card\" content=\"summary_large_image\" \/>\n<script type=\"application\/ld+json\" class=\"yoast-schema-graph\">{\"@context\":\"https:\\\/\\\/schema.org\",\"@graph\":[{\"@type\":\"WebPage\",\"@id\":\"https:\\\/\\\/radis.ee\\\/kirjutuslaud-man\\\/\",\"url\":\"https:\\\/\\\/radis.ee\\\/kirjutuslaud-man\\\/\",\"name\":\"Kirjoitusp\u00f6yt\u00e4 MAN - Radis\",\"isPartOf\":{\"@id\":\"https:\\\/\\\/radis.ee\\\/#website\"},\"primaryImageOfPage\":{\"@id\":\"https:\\\/\\\/radis.ee\\\/kirjutuslaud-man\\\/#primaryimage\"},\"image\":{\"@id\":\"https:\\\/\\\/radis.ee\\\/kirjutuslaud-man\\\/#primaryimage\"},\"thumbnailUrl\":\"https:\\\/\\\/radis.ee\\\/wp-content\\\/uploads\\\/2020\\\/09\\\/RA0479-Radis-desk-MAN-with-2-white-drawers.jpg\",\"datePublished\":\"2020-09-27T17:08:19+00:00\",\"dateModified\":\"2020-11-05T08:26:55+00:00\",\"breadcrumb\":{\"@id\":\"https:\\\/\\\/radis.ee\\\/kirjutuslaud-man\\\/#breadcrumb\"},\"inLanguage\":\"fi\",\"potentialAction\":[{\"@type\":\"ReadAction\",\"target\":[\"https:\\\/\\\/radis.ee\\\/kirjutuslaud-man\\\/\"]}]},{\"@type\":\"ImageObject\",\"inLanguage\":\"fi\",\"@id\":\"https:\\\/\\\/radis.ee\\\/kirjutuslaud-man\\\/#primaryimage\",\"url\":\"https:\\\/\\\/radis.ee\\\/wp-content\\\/uploads\\\/2020\\\/09\\\/RA0479-Radis-desk-MAN-with-2-white-drawers.jpg\",\"contentUrl\":\"https:\\\/\\\/radis.ee\\\/wp-content\\\/uploads\\\/2020\\\/09\\\/RA0479-Radis-desk-MAN-with-2-white-drawers.jpg\",\"width\":2500,\"height\":2500},{\"@type\":\"BreadcrumbList\",\"@id\":\"https:\\\/\\\/radis.ee\\\/kirjutuslaud-man\\\/#breadcrumb\",\"itemListElement\":[{\"@type\":\"ListItem\",\"position\":1,\"name\":\"Home\",\"item\":\"https:\\\/\\\/radis.ee\\\/\"},{\"@type\":\"ListItem\",\"position\":2,\"name\":\"Tuotteet\",\"item\":\"https:\\\/\\\/radis.ee\\\/fi\\\/tuotteet\\\/\"},{\"@type\":\"ListItem\",\"position\":3,\"name\":\"Kirjoitusp\u00f6yt\u00e4 MAN\"}]},{\"@type\":\"WebSite\",\"@id\":\"https:\\\/\\\/radis.ee\\\/#website\",\"url\":\"https:\\\/\\\/radis.ee\\\/\",\"name\":\"Radis\",\"description\":\"Nordic design furniture, environmentally friendly and sustainable.\",\"publisher\":{\"@id\":\"https:\\\/\\\/radis.ee\\\/#organization\"},\"potentialAction\":[{\"@type\":\"SearchAction\",\"target\":{\"@type\":\"EntryPoint\",\"urlTemplate\":\"https:\\\/\\\/radis.ee\\\/?s={search_term_string}\"},\"query-input\":{\"@type\":\"PropertyValueSpecification\",\"valueRequired\":true,\"valueName\":\"search_term_string\"}}],\"inLanguage\":\"fi\"},{\"@type\":\"Organization\",\"@id\":\"https:\\\/\\\/radis.ee\\\/#organization\",\"name\":\"Radis O\u00dc\",\"url\":\"https:\\\/\\\/radis.ee\\\/\",\"logo\":{\"@type\":\"ImageObject\",\"inLanguage\":\"fi\",\"@id\":\"https:\\\/\\\/radis.ee\\\/#\\\/schema\\\/logo\\\/image\\\/\",\"url\":\"https:\\\/\\\/radis.ee\\\/wp-content\\\/uploads\\\/2020\\\/10\\\/Radis-logo.png\",\"contentUrl\":\"https:\\\/\\\/radis.ee\\\/wp-content\\\/uploads\\\/2020\\\/10\\\/Radis-logo.png\",\"width\":300,\"height\":63,\"caption\":\"Radis O\u00dc\"},\"image\":{\"@id\":\"https:\\\/\\\/radis.ee\\\/#\\\/schema\\\/logo\\\/image\\\/\"},\"sameAs\":[\"https:\\\/\\\/www.facebook.com\\\/radisfurniture\\\/\"]}]}<\/script>\n<!-- \/ Yoast SEO plugin. -->","yoast_head_json":{"title":"Kirjoitusp\u00f6yt\u00e4 MAN - Radis","robots":{"index":"index","follow":"follow","max-snippet":"max-snippet:-1","max-image-preview":"max-image-preview:large","max-video-preview":"max-video-preview:-1"},"canonical":"https:\/\/radis.ee\/kirjutuslaud-man\/","og_locale":"fi_FI","og_type":"article","og_title":"Kirjoitusp\u00f6yt\u00e4 MAN - Radis","og_description":"T\u00e4m\u00e4 massiivinen kirjoitusp\u00f6yt\u00e4 sopii sek\u00e4 kotiin ett\u00e4 konttoriin. Kahteen suureen laatikkoon voit piilottaa makeiset tai ty\u00f6vihkot. Valmistettu \u00f6ljyvahatusta koivuvanerista, my\u00f6s tammeviilutettu. Laatikot ovat Koskisen CPList\u00e4 vanerilla. Hitaasti sulkeutuvat laatikon kiskot. Molempien laatikoiden sis\u00e4mitat ovat 50&#215;50 cm, sis\u00e4korkeus 7 cm. MAN-mallisto oli Viron design-palkintoon Bruno 2016 2. palkintokierroksen ehdokas.","og_url":"https:\/\/radis.ee\/kirjutuslaud-man\/","og_site_name":"Radis","article_publisher":"https:\/\/www.facebook.com\/radisfurniture\/","article_modified_time":"2020-11-05T08:26:55+00:00","og_image":[{"width":2500,"height":2500,"url":"https:\/\/radis.ee\/wp-content\/uploads\/2020\/09\/RA0479-Radis-desk-MAN-with-2-white-drawers.jpg","type":"image\/jpeg"}],"twitter_card":"summary_large_image","schema":{"@context":"https:\/\/schema.org","@graph":[{"@type":"WebPage","@id":"https:\/\/radis.ee\/kirjutuslaud-man\/","url":"https:\/\/radis.ee\/kirjutuslaud-man\/","name":"Kirjoitusp\u00f6yt\u00e4 MAN - Radis","isPartOf":{"@id":"https:\/\/radis.ee\/#website"},"primaryImageOfPage":{"@id":"https:\/\/radis.ee\/kirjutuslaud-man\/#primaryimage"},"image":{"@id":"https:\/\/radis.ee\/kirjutuslaud-man\/#primaryimage"},"thumbnailUrl":"https:\/\/radis.ee\/wp-content\/uploads\/2020\/09\/RA0479-Radis-desk-MAN-with-2-white-drawers.jpg","datePublished":"2020-09-27T17:08:19+00:00","dateModified":"2020-11-05T08:26:55+00:00","breadcrumb":{"@id":"https:\/\/radis.ee\/kirjutuslaud-man\/#breadcrumb"},"inLanguage":"fi","potentialAction":[{"@type":"ReadAction","target":["https:\/\/radis.ee\/kirjutuslaud-man\/"]}]},{"@type":"ImageObject","inLanguage":"fi","@id":"https:\/\/radis.ee\/kirjutuslaud-man\/#primaryimage","url":"https:\/\/radis.ee\/wp-content\/uploads\/2020\/09\/RA0479-Radis-desk-MAN-with-2-white-drawers.jpg","contentUrl":"https:\/\/radis.ee\/wp-content\/uploads\/2020\/09\/RA0479-Radis-desk-MAN-with-2-white-drawers.jpg","width":2500,"height":2500},{"@type":"BreadcrumbList","@id":"https:\/\/radis.ee\/kirjutuslaud-man\/#breadcrumb","itemListElement":[{"@type":"ListItem","position":1,"name":"Home","item":"https:\/\/radis.ee\/"},{"@type":"ListItem","position":2,"name":"Tuotteet","item":"https:\/\/radis.ee\/fi\/tuotteet\/"},{"@type":"ListItem","position":3,"name":"Kirjoitusp\u00f6yt\u00e4 MAN"}]},{"@type":"WebSite","@id":"https:\/\/radis.ee\/#website","url":"https:\/\/radis.ee\/","name":"Radis","description":"Nordic design furniture, environmentally friendly and sustainable.","publisher":{"@id":"https:\/\/radis.ee\/#organization"},"potentialAction":[{"@type":"SearchAction","target":{"@type":"EntryPoint","urlTemplate":"https:\/\/radis.ee\/?s={search_term_string}"},"query-input":{"@type":"PropertyValueSpecification","valueRequired":true,"valueName":"search_term_string"}}],"inLanguage":"fi"},{"@type":"Organization","@id":"https:\/\/radis.ee\/#organization","name":"Radis O\u00dc","url":"https:\/\/radis.ee\/","logo":{"@type":"ImageObject","inLanguage":"fi","@id":"https:\/\/radis.ee\/#\/schema\/logo\/image\/","url":"https:\/\/radis.ee\/wp-content\/uploads\/2020\/10\/Radis-logo.png","contentUrl":"https:\/\/radis.ee\/wp-content\/uploads\/2020\/10\/Radis-logo.png","width":300,"height":63,"caption":"Radis O\u00dc"},"image":{"@id":"https:\/\/radis.ee\/#\/schema\/logo\/image\/"},"sameAs":["https:\/\/www.facebook.com\/radisfurniture\/"]}]}},"_links":{"self":[{"href":"https:\/\/radis.ee\/fi\/wp-json\/wp\/v2\/product\/2430","targetHints":{"allow":["GET"]}}],"collection":[{"href":"https:\/\/radis.ee\/fi\/wp-json\/wp\/v2\/product"}],"about":[{"href":"https:\/\/radis.ee\/fi\/wp-json\/wp\/v2\/types\/product"}],"replies":[{"embeddable":true,"href":"https:\/\/radis.ee\/fi\/wp-json\/wp\/v2\/comments?post=2430"}],"wp:featuredmedia":[{"embeddable":true,"href":"https:\/\/radis.ee\/fi\/wp-json\/wp\/v2\/media\/4575"}],"wp:attachment":[{"href":"https:\/\/radis.ee\/fi\/wp-json\/wp\/v2\/media?parent=2430"}],"wp:term":[{"taxonomy":"product_brand","embeddable":true,"href":"https:\/\/radis.ee\/fi\/wp-json\/wp\/v2\/product_brand?post=2430"},{"taxonomy":"product_cat","embeddable":true,"href":"https:\/\/radis.ee\/fi\/wp-json\/wp\/v2\/product_cat?post=2430"},{"taxonomy":"product_tag","embeddable":true,"href":"https:\/\/radis.ee\/fi\/wp-json\/wp\/v2\/product_tag?post=2430"}],"curies":[{"name":"wp","href":"https:\/\/api.w.org\/{rel}","templated":true}]}}