{"id":24701,"date":"2023-11-28T11:47:09","date_gmt":"2023-11-28T09:47:29","guid":{"rendered":"https:\/\/radis.ee\/?post_type=product&#038;p=24701"},"modified":"2025-01-24T19:14:02","modified_gmt":"2025-01-24T17:14:02","slug":"senkki-noble-1-ovi-ja-3-laatikkoa","status":"publish","type":"product","link":"https:\/\/radis.ee\/fi\/senkki-noble-1-ovi-ja-3-laatikkoa\/","title":{"rendered":"Senkki NOBLE, 1 ovi ja 3 laatikkoa"},"content":{"rendered":"<p>Laatikot ovat uusia mustia! Et voi kuvitella, kuinka elit ilman sit\u00e4, ennen kuin olet kokeillut, millaista on el\u00e4\u00e4 sellaisen kanssa. Noble-sarjan laatikko s\u00e4ilytt\u00e4\u00e4 kaiken ja tyhjent\u00e4\u00e4 kotisi helposti. Samalla n\u00e4ytt\u00e4\u00e4 tyylikk\u00e4\u00e4lt\u00e4 ja parantaa kotisi visuaalista estetiikkaa.<\/p>\n<p>Kuten muutkin Noble-sarjan tuotteet, se on valmistettu tammiviilusta tai koivuvanerista, siin\u00e4 on hiljainen liukuovi. Mist\u00e4 Noble Drawerissa ei pid\u00e4 pit\u00e4\u00e4?<\/p>\n<p>Laatikoiden vasemmalla puolella liukuoven takana on s\u00e4\u00e4dett\u00e4v\u00e4 korkeus v\u00e4lihylly, leveys 64 cm, syvyys 36 cm. Sis\u00e4korkeus 41 cm. Pehme\u00e4sti sulkeutuvat piilolaatikot, liukuovi H\u00e4fele rullilla. Mustaksi pulverimaalatut s\u00e4\u00e4dett\u00e4v\u00e4t metallijalat, korkeus 17 cm.<\/p>\n<p>NOBLE-sarja p\u00e4\u00e4si Estonian Design Award Bruno 2020 -palkinnon toiselle kierrokselle.<\/p>\n","protected":false},"excerpt":{"rendered":"<p>Laatikot ovat uusia mustia! Et voi kuvitella, kuinka elit ilman sit\u00e4, ennen kuin olet kokeillut, millaista on el\u00e4\u00e4 sellaisen kanssa. Noble-sarjan laatikko s\u00e4ilytt\u00e4\u00e4 kaiken ja tyhjent\u00e4\u00e4 kotisi helposti. Samalla n\u00e4ytt\u00e4\u00e4 tyylikk\u00e4\u00e4lt\u00e4 ja parantaa kotisi visuaalista estetiikkaa. Kuten muutkin Noble-sarjan tuotteet, se on valmistettu tammiviilusta tai koivuvanerista, siin\u00e4 on hiljainen liukuovi. Mist\u00e4 Noble Drawerissa ei pid\u00e4&#8230;<\/p>\n","protected":false},"featured_media":24737,"comment_status":"open","ping_status":"closed","template":"","meta":{"_acf_changed":false},"product_brand":[],"product_cat":[17],"product_tag":[],"class_list":{"0":"post-24701","1":"product","2":"type-product","3":"status-publish","4":"has-post-thumbnail","6":"product_cat-kummutid","8":"first","9":"instock","10":"taxable","11":"shipping-taxable","12":"purchasable","13":"product-type-variable","14":"has-default-attributes"},"acf":[],"yoast_head":"<!-- This site is optimized with the Yoast SEO plugin v27.3 - https:\/\/yoast.com\/product\/yoast-seo-wordpress\/ -->\n<title>Senkki NOBLE, 1 ovi ja 3 laatikkoa - Radis<\/title>\n<meta name=\"robots\" content=\"index, follow, max-snippet:-1, max-image-preview:large, max-video-preview:-1\" \/>\n<link rel=\"canonical\" href=\"https:\/\/radis.ee\/kummut-noble-1-ukse-ja-3-sahtliga\/\" \/>\n<meta property=\"og:locale\" content=\"fi_FI\" \/>\n<meta property=\"og:type\" content=\"article\" \/>\n<meta property=\"og:title\" content=\"Senkki NOBLE, 1 ovi ja 3 laatikkoa - Radis\" \/>\n<meta property=\"og:description\" content=\"Laatikot ovat uusia mustia! Et voi kuvitella, kuinka elit ilman sit\u00e4, ennen kuin olet kokeillut, millaista on el\u00e4\u00e4 sellaisen kanssa. Noble-sarjan laatikko s\u00e4ilytt\u00e4\u00e4 kaiken ja tyhjent\u00e4\u00e4 kotisi helposti. Samalla n\u00e4ytt\u00e4\u00e4 tyylikk\u00e4\u00e4lt\u00e4 ja parantaa kotisi visuaalista estetiikkaa. Kuten muutkin Noble-sarjan tuotteet, se on valmistettu tammiviilusta tai koivuvanerista, siin\u00e4 on hiljainen liukuovi. Mist\u00e4 Noble Drawerissa ei pid\u00e4...\" \/>\n<meta property=\"og:url\" content=\"https:\/\/radis.ee\/kummut-noble-1-ukse-ja-3-sahtliga\/\" \/>\n<meta property=\"og:site_name\" content=\"Radis\" \/>\n<meta property=\"article:publisher\" content=\"https:\/\/www.facebook.com\/radisfurniture\/\" \/>\n<meta property=\"article:modified_time\" content=\"2025-01-24T17:14:02+00:00\" \/>\n<meta property=\"og:image\" content=\"https:\/\/radis.ee\/wp-content\/uploads\/2023\/11\/RADIS_sideboard_NOBLE_with_1_door_Oak_veneered_plywood_white_background.jpg\" \/>\n\t<meta property=\"og:image:width\" content=\"1658\" \/>\n\t<meta property=\"og:image:height\" content=\"1997\" \/>\n\t<meta property=\"og:image:type\" content=\"image\/jpeg\" \/>\n<meta name=\"twitter:card\" content=\"summary_large_image\" \/>\n<meta name=\"twitter:label1\" content=\"Arvioitu lukuaika\" \/>\n\t<meta name=\"twitter:data1\" content=\"1 minuutti\" \/>\n<script type=\"application\/ld+json\" class=\"yoast-schema-graph\">{\"@context\":\"https:\\\/\\\/schema.org\",\"@graph\":[{\"@type\":\"WebPage\",\"@id\":\"https:\\\/\\\/radis.ee\\\/kummut-noble-1-ukse-ja-3-sahtliga\\\/\",\"url\":\"https:\\\/\\\/radis.ee\\\/kummut-noble-1-ukse-ja-3-sahtliga\\\/\",\"name\":\"Senkki NOBLE, 1 ovi ja 3 laatikkoa - Radis\",\"isPartOf\":{\"@id\":\"https:\\\/\\\/radis.ee\\\/#website\"},\"primaryImageOfPage\":{\"@id\":\"https:\\\/\\\/radis.ee\\\/kummut-noble-1-ukse-ja-3-sahtliga\\\/#primaryimage\"},\"image\":{\"@id\":\"https:\\\/\\\/radis.ee\\\/kummut-noble-1-ukse-ja-3-sahtliga\\\/#primaryimage\"},\"thumbnailUrl\":\"https:\\\/\\\/radis.ee\\\/wp-content\\\/uploads\\\/2023\\\/11\\\/RADIS_sideboard_NOBLE_with_1_door_Oak_veneered_plywood_white_background.jpg\",\"datePublished\":\"2023-11-28T09:47:29+00:00\",\"dateModified\":\"2025-01-24T17:14:02+00:00\",\"breadcrumb\":{\"@id\":\"https:\\\/\\\/radis.ee\\\/kummut-noble-1-ukse-ja-3-sahtliga\\\/#breadcrumb\"},\"inLanguage\":\"fi\",\"potentialAction\":[{\"@type\":\"ReadAction\",\"target\":[\"https:\\\/\\\/radis.ee\\\/kummut-noble-1-ukse-ja-3-sahtliga\\\/\"]}]},{\"@type\":\"ImageObject\",\"inLanguage\":\"fi\",\"@id\":\"https:\\\/\\\/radis.ee\\\/kummut-noble-1-ukse-ja-3-sahtliga\\\/#primaryimage\",\"url\":\"https:\\\/\\\/radis.ee\\\/wp-content\\\/uploads\\\/2023\\\/11\\\/RADIS_sideboard_NOBLE_with_1_door_Oak_veneered_plywood_white_background.jpg\",\"contentUrl\":\"https:\\\/\\\/radis.ee\\\/wp-content\\\/uploads\\\/2023\\\/11\\\/RADIS_sideboard_NOBLE_with_1_door_Oak_veneered_plywood_white_background.jpg\",\"width\":1658,\"height\":1997,\"caption\":\"Radis sideboard NOBLE with 1 door and 3 drawers\"},{\"@type\":\"BreadcrumbList\",\"@id\":\"https:\\\/\\\/radis.ee\\\/kummut-noble-1-ukse-ja-3-sahtliga\\\/#breadcrumb\",\"itemListElement\":[{\"@type\":\"ListItem\",\"position\":1,\"name\":\"Home\",\"item\":\"https:\\\/\\\/radis.ee\\\/\"},{\"@type\":\"ListItem\",\"position\":2,\"name\":\"Tuotteet\",\"item\":\"https:\\\/\\\/radis.ee\\\/fi\\\/tuotteet\\\/\"},{\"@type\":\"ListItem\",\"position\":3,\"name\":\"Senkki NOBLE, 1 ovi ja 3 laatikkoa\"}]},{\"@type\":\"WebSite\",\"@id\":\"https:\\\/\\\/radis.ee\\\/#website\",\"url\":\"https:\\\/\\\/radis.ee\\\/\",\"name\":\"Radis\",\"description\":\"Nordic design furniture, environmentally friendly and sustainable.\",\"publisher\":{\"@id\":\"https:\\\/\\\/radis.ee\\\/#organization\"},\"potentialAction\":[{\"@type\":\"SearchAction\",\"target\":{\"@type\":\"EntryPoint\",\"urlTemplate\":\"https:\\\/\\\/radis.ee\\\/?s={search_term_string}\"},\"query-input\":{\"@type\":\"PropertyValueSpecification\",\"valueRequired\":true,\"valueName\":\"search_term_string\"}}],\"inLanguage\":\"fi\"},{\"@type\":\"Organization\",\"@id\":\"https:\\\/\\\/radis.ee\\\/#organization\",\"name\":\"Radis O\u00dc\",\"url\":\"https:\\\/\\\/radis.ee\\\/\",\"logo\":{\"@type\":\"ImageObject\",\"inLanguage\":\"fi\",\"@id\":\"https:\\\/\\\/radis.ee\\\/#\\\/schema\\\/logo\\\/image\\\/\",\"url\":\"https:\\\/\\\/radis.ee\\\/wp-content\\\/uploads\\\/2020\\\/10\\\/Radis-logo.png\",\"contentUrl\":\"https:\\\/\\\/radis.ee\\\/wp-content\\\/uploads\\\/2020\\\/10\\\/Radis-logo.png\",\"width\":300,\"height\":63,\"caption\":\"Radis O\u00dc\"},\"image\":{\"@id\":\"https:\\\/\\\/radis.ee\\\/#\\\/schema\\\/logo\\\/image\\\/\"},\"sameAs\":[\"https:\\\/\\\/www.facebook.com\\\/radisfurniture\\\/\"]}]}<\/script>\n<!-- \/ Yoast SEO plugin. -->","yoast_head_json":{"title":"Senkki NOBLE, 1 ovi ja 3 laatikkoa - Radis","robots":{"index":"index","follow":"follow","max-snippet":"max-snippet:-1","max-image-preview":"max-image-preview:large","max-video-preview":"max-video-preview:-1"},"canonical":"https:\/\/radis.ee\/kummut-noble-1-ukse-ja-3-sahtliga\/","og_locale":"fi_FI","og_type":"article","og_title":"Senkki NOBLE, 1 ovi ja 3 laatikkoa - Radis","og_description":"Laatikot ovat uusia mustia! Et voi kuvitella, kuinka elit ilman sit\u00e4, ennen kuin olet kokeillut, millaista on el\u00e4\u00e4 sellaisen kanssa. Noble-sarjan laatikko s\u00e4ilytt\u00e4\u00e4 kaiken ja tyhjent\u00e4\u00e4 kotisi helposti. Samalla n\u00e4ytt\u00e4\u00e4 tyylikk\u00e4\u00e4lt\u00e4 ja parantaa kotisi visuaalista estetiikkaa. Kuten muutkin Noble-sarjan tuotteet, se on valmistettu tammiviilusta tai koivuvanerista, siin\u00e4 on hiljainen liukuovi. Mist\u00e4 Noble Drawerissa ei pid\u00e4...","og_url":"https:\/\/radis.ee\/kummut-noble-1-ukse-ja-3-sahtliga\/","og_site_name":"Radis","article_publisher":"https:\/\/www.facebook.com\/radisfurniture\/","article_modified_time":"2025-01-24T17:14:02+00:00","og_image":[{"width":1658,"height":1997,"url":"https:\/\/radis.ee\/wp-content\/uploads\/2023\/11\/RADIS_sideboard_NOBLE_with_1_door_Oak_veneered_plywood_white_background.jpg","type":"image\/jpeg"}],"twitter_card":"summary_large_image","twitter_misc":{"Arvioitu lukuaika":"1 minuutti"},"schema":{"@context":"https:\/\/schema.org","@graph":[{"@type":"WebPage","@id":"https:\/\/radis.ee\/kummut-noble-1-ukse-ja-3-sahtliga\/","url":"https:\/\/radis.ee\/kummut-noble-1-ukse-ja-3-sahtliga\/","name":"Senkki NOBLE, 1 ovi ja 3 laatikkoa - Radis","isPartOf":{"@id":"https:\/\/radis.ee\/#website"},"primaryImageOfPage":{"@id":"https:\/\/radis.ee\/kummut-noble-1-ukse-ja-3-sahtliga\/#primaryimage"},"image":{"@id":"https:\/\/radis.ee\/kummut-noble-1-ukse-ja-3-sahtliga\/#primaryimage"},"thumbnailUrl":"https:\/\/radis.ee\/wp-content\/uploads\/2023\/11\/RADIS_sideboard_NOBLE_with_1_door_Oak_veneered_plywood_white_background.jpg","datePublished":"2023-11-28T09:47:29+00:00","dateModified":"2025-01-24T17:14:02+00:00","breadcrumb":{"@id":"https:\/\/radis.ee\/kummut-noble-1-ukse-ja-3-sahtliga\/#breadcrumb"},"inLanguage":"fi","potentialAction":[{"@type":"ReadAction","target":["https:\/\/radis.ee\/kummut-noble-1-ukse-ja-3-sahtliga\/"]}]},{"@type":"ImageObject","inLanguage":"fi","@id":"https:\/\/radis.ee\/kummut-noble-1-ukse-ja-3-sahtliga\/#primaryimage","url":"https:\/\/radis.ee\/wp-content\/uploads\/2023\/11\/RADIS_sideboard_NOBLE_with_1_door_Oak_veneered_plywood_white_background.jpg","contentUrl":"https:\/\/radis.ee\/wp-content\/uploads\/2023\/11\/RADIS_sideboard_NOBLE_with_1_door_Oak_veneered_plywood_white_background.jpg","width":1658,"height":1997,"caption":"Radis sideboard NOBLE with 1 door and 3 drawers"},{"@type":"BreadcrumbList","@id":"https:\/\/radis.ee\/kummut-noble-1-ukse-ja-3-sahtliga\/#breadcrumb","itemListElement":[{"@type":"ListItem","position":1,"name":"Home","item":"https:\/\/radis.ee\/"},{"@type":"ListItem","position":2,"name":"Tuotteet","item":"https:\/\/radis.ee\/fi\/tuotteet\/"},{"@type":"ListItem","position":3,"name":"Senkki NOBLE, 1 ovi ja 3 laatikkoa"}]},{"@type":"WebSite","@id":"https:\/\/radis.ee\/#website","url":"https:\/\/radis.ee\/","name":"Radis","description":"Nordic design furniture, environmentally friendly and sustainable.","publisher":{"@id":"https:\/\/radis.ee\/#organization"},"potentialAction":[{"@type":"SearchAction","target":{"@type":"EntryPoint","urlTemplate":"https:\/\/radis.ee\/?s={search_term_string}"},"query-input":{"@type":"PropertyValueSpecification","valueRequired":true,"valueName":"search_term_string"}}],"inLanguage":"fi"},{"@type":"Organization","@id":"https:\/\/radis.ee\/#organization","name":"Radis O\u00dc","url":"https:\/\/radis.ee\/","logo":{"@type":"ImageObject","inLanguage":"fi","@id":"https:\/\/radis.ee\/#\/schema\/logo\/image\/","url":"https:\/\/radis.ee\/wp-content\/uploads\/2020\/10\/Radis-logo.png","contentUrl":"https:\/\/radis.ee\/wp-content\/uploads\/2020\/10\/Radis-logo.png","width":300,"height":63,"caption":"Radis O\u00dc"},"image":{"@id":"https:\/\/radis.ee\/#\/schema\/logo\/image\/"},"sameAs":["https:\/\/www.facebook.com\/radisfurniture\/"]}]}},"_links":{"self":[{"href":"https:\/\/radis.ee\/fi\/wp-json\/wp\/v2\/product\/24701","targetHints":{"allow":["GET"]}}],"collection":[{"href":"https:\/\/radis.ee\/fi\/wp-json\/wp\/v2\/product"}],"about":[{"href":"https:\/\/radis.ee\/fi\/wp-json\/wp\/v2\/types\/product"}],"replies":[{"embeddable":true,"href":"https:\/\/radis.ee\/fi\/wp-json\/wp\/v2\/comments?post=24701"}],"wp:featuredmedia":[{"embeddable":true,"href":"https:\/\/radis.ee\/fi\/wp-json\/wp\/v2\/media\/24737"}],"wp:attachment":[{"href":"https:\/\/radis.ee\/fi\/wp-json\/wp\/v2\/media?parent=24701"}],"wp:term":[{"taxonomy":"product_brand","embeddable":true,"href":"https:\/\/radis.ee\/fi\/wp-json\/wp\/v2\/product_brand?post=24701"},{"taxonomy":"product_cat","embeddable":true,"href":"https:\/\/radis.ee\/fi\/wp-json\/wp\/v2\/product_cat?post=24701"},{"taxonomy":"product_tag","embeddable":true,"href":"https:\/\/radis.ee\/fi\/wp-json\/wp\/v2\/product_tag?post=24701"}],"curies":[{"name":"wp","href":"https:\/\/api.w.org\/{rel}","templated":true}]}}