{"id":25258,"date":"2022-08-22T23:48:32","date_gmt":"2022-08-22T20:48:32","guid":{"rendered":"https:\/\/radis.ee\/?post_type=product&#038;p=25258"},"modified":"2026-04-06T21:41:25","modified_gmt":"2026-04-06T18:41:25","slug":"sohvapoyta-lisahyllylla-noble","status":"publish","type":"product","link":"https:\/\/radis.ee\/fi\/sohvapoyta-lisahyllylla-noble\/","title":{"rendered":"Sohvap\u00f6yt\u00e4 lis\u00e4hyllyll\u00e4 NOBLE"},"content":{"rendered":"<p>Hieman soikea sohvap\u00f6yt\u00e4 lis\u00e4hyllyll\u00e4 on j\u00e4nnitt\u00e4v\u00e4 kumppani nojatuolillesi tai sohvallesi.<\/p>\n<p>Suorakulmaisen sohvap\u00f6yd\u00e4n mitat ovat 64x92cm, korkeus 48cm. Lis\u00e4hyllyn ja p\u00f6yt\u00e4levyn v\u00e4linen et\u00e4isyys on 10 cm, joten voit k\u00e4tev\u00e4sti sijoittaa television kaukos\u00e4\u00e4timen tai suosikkilehden sinne piiloon.<\/p>\n<p>Valmistettu koivuvanerista tammiviilulla, \u00f6ljyvahattu, my\u00f6s valkoisella Koskisen korkeapainelaminaatilla (HPL), jauhemaalatut mustat metallijalat.<\/p>\n","protected":false},"excerpt":{"rendered":"<p>Hieman soikea sohvap\u00f6yt\u00e4 lis\u00e4hyllyll\u00e4 on j\u00e4nnitt\u00e4v\u00e4 kumppani nojatuolillesi tai sohvallesi. Suorakulmaisen sohvap\u00f6yd\u00e4n mitat ovat 64x92cm, korkeus 48cm. Lis\u00e4hyllyn ja p\u00f6yt\u00e4levyn v\u00e4linen et\u00e4isyys on 10 cm, joten voit k\u00e4tev\u00e4sti sijoittaa television kaukos\u00e4\u00e4timen tai suosikkilehden sinne piiloon. Valmistettu koivuvanerista tammiviilulla, \u00f6ljyvahattu, my\u00f6s valkoisella Koskisen korkeapainelaminaatilla (HPL), jauhemaalatut mustat metallijalat.<\/p>\n","protected":false},"featured_media":25294,"comment_status":"open","ping_status":"closed","template":"","meta":{"_acf_changed":false},"product_brand":[],"product_cat":[111],"product_tag":[],"class_list":{"0":"post-25258","1":"product","2":"type-product","3":"status-publish","4":"has-post-thumbnail","6":"product_cat-lauad","8":"first","9":"instock","10":"taxable","11":"shipping-taxable","12":"purchasable","13":"product-type-variable","14":"has-default-attributes"},"acf":[],"yoast_head":"<!-- This site is optimized with the Yoast SEO plugin v27.4 - https:\/\/yoast.com\/product\/yoast-seo-wordpress\/ -->\n<title>Sohvap\u00f6yt\u00e4 lis\u00e4hyllyll\u00e4 NOBLE - Radis<\/title>\n<meta name=\"robots\" content=\"index, follow, max-snippet:-1, max-image-preview:large, max-video-preview:-1\" \/>\n<link rel=\"canonical\" href=\"https:\/\/radis.ee\/fi\/sohvapoyta-lisahyllylla-noble\/\" \/>\n<meta property=\"og:locale\" content=\"fi_FI\" \/>\n<meta property=\"og:type\" content=\"article\" \/>\n<meta property=\"og:title\" content=\"Sohvap\u00f6yt\u00e4 lis\u00e4hyllyll\u00e4 NOBLE - Radis\" \/>\n<meta property=\"og:description\" content=\"Hieman soikea sohvap\u00f6yt\u00e4 lis\u00e4hyllyll\u00e4 on j\u00e4nnitt\u00e4v\u00e4 kumppani nojatuolillesi tai sohvallesi. Suorakulmaisen sohvap\u00f6yd\u00e4n mitat ovat 64x92cm, korkeus 48cm. Lis\u00e4hyllyn ja p\u00f6yt\u00e4levyn v\u00e4linen et\u00e4isyys on 10 cm, joten voit k\u00e4tev\u00e4sti sijoittaa television kaukos\u00e4\u00e4timen tai suosikkilehden sinne piiloon. Valmistettu koivuvanerista tammiviilulla, \u00f6ljyvahattu, my\u00f6s valkoisella Koskisen korkeapainelaminaatilla (HPL), jauhemaalatut mustat metallijalat.\" \/>\n<meta property=\"og:url\" content=\"https:\/\/radis.ee\/fi\/sohvapoyta-lisahyllylla-noble\/\" \/>\n<meta property=\"og:site_name\" content=\"Radis\" \/>\n<meta property=\"article:publisher\" content=\"https:\/\/www.facebook.com\/radisfurniture\/\" \/>\n<meta property=\"article:modified_time\" content=\"2026-04-06T18:41:25+00:00\" \/>\n<meta property=\"og:image\" content=\"https:\/\/radis.ee\/wp-content\/uploads\/2024\/01\/Radis_sofatable_NOBLE_Oak_veneered_plywood_1_white.jpg\" \/>\n\t<meta property=\"og:image:width\" content=\"803\" \/>\n\t<meta property=\"og:image:height\" content=\"967\" \/>\n\t<meta property=\"og:image:type\" content=\"image\/jpeg\" \/>\n<meta name=\"twitter:card\" content=\"summary_large_image\" \/>\n<meta name=\"twitter:label1\" content=\"Arvioitu lukuaika\" \/>\n\t<meta name=\"twitter:data1\" content=\"1 minuutti\" \/>\n<script type=\"application\/ld+json\" class=\"yoast-schema-graph\">{\"@context\":\"https:\\\/\\\/schema.org\",\"@graph\":[{\"@type\":\"WebPage\",\"@id\":\"https:\\\/\\\/radis.ee\\\/fi\\\/sohvapoyta-lisahyllylla-noble\\\/\",\"url\":\"https:\\\/\\\/radis.ee\\\/fi\\\/sohvapoyta-lisahyllylla-noble\\\/\",\"name\":\"Sohvap\u00f6yt\u00e4 lis\u00e4hyllyll\u00e4 NOBLE - Radis\",\"isPartOf\":{\"@id\":\"https:\\\/\\\/radis.ee\\\/#website\"},\"primaryImageOfPage\":{\"@id\":\"https:\\\/\\\/radis.ee\\\/fi\\\/sohvapoyta-lisahyllylla-noble\\\/#primaryimage\"},\"image\":{\"@id\":\"https:\\\/\\\/radis.ee\\\/fi\\\/sohvapoyta-lisahyllylla-noble\\\/#primaryimage\"},\"thumbnailUrl\":\"https:\\\/\\\/radis.ee\\\/wp-content\\\/uploads\\\/2024\\\/01\\\/Radis_sofatable_NOBLE_Oak_veneered_plywood_1_white.jpg\",\"datePublished\":\"2022-08-22T20:48:32+00:00\",\"dateModified\":\"2026-04-06T18:41:25+00:00\",\"breadcrumb\":{\"@id\":\"https:\\\/\\\/radis.ee\\\/fi\\\/sohvapoyta-lisahyllylla-noble\\\/#breadcrumb\"},\"inLanguage\":\"fi\",\"potentialAction\":[{\"@type\":\"ReadAction\",\"target\":[\"https:\\\/\\\/radis.ee\\\/fi\\\/sohvapoyta-lisahyllylla-noble\\\/\"]}]},{\"@type\":\"ImageObject\",\"inLanguage\":\"fi\",\"@id\":\"https:\\\/\\\/radis.ee\\\/fi\\\/sohvapoyta-lisahyllylla-noble\\\/#primaryimage\",\"url\":\"https:\\\/\\\/radis.ee\\\/wp-content\\\/uploads\\\/2024\\\/01\\\/Radis_sofatable_NOBLE_Oak_veneered_plywood_1_white.jpg\",\"contentUrl\":\"https:\\\/\\\/radis.ee\\\/wp-content\\\/uploads\\\/2024\\\/01\\\/Radis_sofatable_NOBLE_Oak_veneered_plywood_1_white.jpg\",\"width\":803,\"height\":967,\"caption\":\"Radis sofa table with additional shelf NOBLE oak veneered\"},{\"@type\":\"BreadcrumbList\",\"@id\":\"https:\\\/\\\/radis.ee\\\/fi\\\/sohvapoyta-lisahyllylla-noble\\\/#breadcrumb\",\"itemListElement\":[{\"@type\":\"ListItem\",\"position\":1,\"name\":\"Home\",\"item\":\"https:\\\/\\\/radis.ee\\\/\"},{\"@type\":\"ListItem\",\"position\":2,\"name\":\"Tuotteet\",\"item\":\"https:\\\/\\\/radis.ee\\\/fi\\\/tuotteet\\\/\"},{\"@type\":\"ListItem\",\"position\":3,\"name\":\"Sohvap\u00f6yt\u00e4 lis\u00e4hyllyll\u00e4 NOBLE\"}]},{\"@type\":\"WebSite\",\"@id\":\"https:\\\/\\\/radis.ee\\\/#website\",\"url\":\"https:\\\/\\\/radis.ee\\\/\",\"name\":\"Radis\",\"description\":\"Nordic design furniture, environmentally friendly and sustainable.\",\"publisher\":{\"@id\":\"https:\\\/\\\/radis.ee\\\/#organization\"},\"potentialAction\":[{\"@type\":\"SearchAction\",\"target\":{\"@type\":\"EntryPoint\",\"urlTemplate\":\"https:\\\/\\\/radis.ee\\\/?s={search_term_string}\"},\"query-input\":{\"@type\":\"PropertyValueSpecification\",\"valueRequired\":true,\"valueName\":\"search_term_string\"}}],\"inLanguage\":\"fi\"},{\"@type\":\"Organization\",\"@id\":\"https:\\\/\\\/radis.ee\\\/#organization\",\"name\":\"Radis O\u00dc\",\"url\":\"https:\\\/\\\/radis.ee\\\/\",\"logo\":{\"@type\":\"ImageObject\",\"inLanguage\":\"fi\",\"@id\":\"https:\\\/\\\/radis.ee\\\/#\\\/schema\\\/logo\\\/image\\\/\",\"url\":\"https:\\\/\\\/radis.ee\\\/wp-content\\\/uploads\\\/2020\\\/10\\\/Radis-logo.png\",\"contentUrl\":\"https:\\\/\\\/radis.ee\\\/wp-content\\\/uploads\\\/2020\\\/10\\\/Radis-logo.png\",\"width\":300,\"height\":63,\"caption\":\"Radis O\u00dc\"},\"image\":{\"@id\":\"https:\\\/\\\/radis.ee\\\/#\\\/schema\\\/logo\\\/image\\\/\"},\"sameAs\":[\"https:\\\/\\\/www.facebook.com\\\/radisfurniture\\\/\"]}]}<\/script>\n<!-- \/ Yoast SEO plugin. -->","yoast_head_json":{"title":"Sohvap\u00f6yt\u00e4 lis\u00e4hyllyll\u00e4 NOBLE - Radis","robots":{"index":"index","follow":"follow","max-snippet":"max-snippet:-1","max-image-preview":"max-image-preview:large","max-video-preview":"max-video-preview:-1"},"canonical":"https:\/\/radis.ee\/fi\/sohvapoyta-lisahyllylla-noble\/","og_locale":"fi_FI","og_type":"article","og_title":"Sohvap\u00f6yt\u00e4 lis\u00e4hyllyll\u00e4 NOBLE - Radis","og_description":"Hieman soikea sohvap\u00f6yt\u00e4 lis\u00e4hyllyll\u00e4 on j\u00e4nnitt\u00e4v\u00e4 kumppani nojatuolillesi tai sohvallesi. Suorakulmaisen sohvap\u00f6yd\u00e4n mitat ovat 64x92cm, korkeus 48cm. Lis\u00e4hyllyn ja p\u00f6yt\u00e4levyn v\u00e4linen et\u00e4isyys on 10 cm, joten voit k\u00e4tev\u00e4sti sijoittaa television kaukos\u00e4\u00e4timen tai suosikkilehden sinne piiloon. Valmistettu koivuvanerista tammiviilulla, \u00f6ljyvahattu, my\u00f6s valkoisella Koskisen korkeapainelaminaatilla (HPL), jauhemaalatut mustat metallijalat.","og_url":"https:\/\/radis.ee\/fi\/sohvapoyta-lisahyllylla-noble\/","og_site_name":"Radis","article_publisher":"https:\/\/www.facebook.com\/radisfurniture\/","article_modified_time":"2026-04-06T18:41:25+00:00","og_image":[{"width":803,"height":967,"url":"https:\/\/radis.ee\/wp-content\/uploads\/2024\/01\/Radis_sofatable_NOBLE_Oak_veneered_plywood_1_white.jpg","type":"image\/jpeg"}],"twitter_card":"summary_large_image","twitter_misc":{"Arvioitu lukuaika":"1 minuutti"},"schema":{"@context":"https:\/\/schema.org","@graph":[{"@type":"WebPage","@id":"https:\/\/radis.ee\/fi\/sohvapoyta-lisahyllylla-noble\/","url":"https:\/\/radis.ee\/fi\/sohvapoyta-lisahyllylla-noble\/","name":"Sohvap\u00f6yt\u00e4 lis\u00e4hyllyll\u00e4 NOBLE - Radis","isPartOf":{"@id":"https:\/\/radis.ee\/#website"},"primaryImageOfPage":{"@id":"https:\/\/radis.ee\/fi\/sohvapoyta-lisahyllylla-noble\/#primaryimage"},"image":{"@id":"https:\/\/radis.ee\/fi\/sohvapoyta-lisahyllylla-noble\/#primaryimage"},"thumbnailUrl":"https:\/\/radis.ee\/wp-content\/uploads\/2024\/01\/Radis_sofatable_NOBLE_Oak_veneered_plywood_1_white.jpg","datePublished":"2022-08-22T20:48:32+00:00","dateModified":"2026-04-06T18:41:25+00:00","breadcrumb":{"@id":"https:\/\/radis.ee\/fi\/sohvapoyta-lisahyllylla-noble\/#breadcrumb"},"inLanguage":"fi","potentialAction":[{"@type":"ReadAction","target":["https:\/\/radis.ee\/fi\/sohvapoyta-lisahyllylla-noble\/"]}]},{"@type":"ImageObject","inLanguage":"fi","@id":"https:\/\/radis.ee\/fi\/sohvapoyta-lisahyllylla-noble\/#primaryimage","url":"https:\/\/radis.ee\/wp-content\/uploads\/2024\/01\/Radis_sofatable_NOBLE_Oak_veneered_plywood_1_white.jpg","contentUrl":"https:\/\/radis.ee\/wp-content\/uploads\/2024\/01\/Radis_sofatable_NOBLE_Oak_veneered_plywood_1_white.jpg","width":803,"height":967,"caption":"Radis sofa table with additional shelf NOBLE oak veneered"},{"@type":"BreadcrumbList","@id":"https:\/\/radis.ee\/fi\/sohvapoyta-lisahyllylla-noble\/#breadcrumb","itemListElement":[{"@type":"ListItem","position":1,"name":"Home","item":"https:\/\/radis.ee\/"},{"@type":"ListItem","position":2,"name":"Tuotteet","item":"https:\/\/radis.ee\/fi\/tuotteet\/"},{"@type":"ListItem","position":3,"name":"Sohvap\u00f6yt\u00e4 lis\u00e4hyllyll\u00e4 NOBLE"}]},{"@type":"WebSite","@id":"https:\/\/radis.ee\/#website","url":"https:\/\/radis.ee\/","name":"Radis","description":"Nordic design furniture, environmentally friendly and sustainable.","publisher":{"@id":"https:\/\/radis.ee\/#organization"},"potentialAction":[{"@type":"SearchAction","target":{"@type":"EntryPoint","urlTemplate":"https:\/\/radis.ee\/?s={search_term_string}"},"query-input":{"@type":"PropertyValueSpecification","valueRequired":true,"valueName":"search_term_string"}}],"inLanguage":"fi"},{"@type":"Organization","@id":"https:\/\/radis.ee\/#organization","name":"Radis O\u00dc","url":"https:\/\/radis.ee\/","logo":{"@type":"ImageObject","inLanguage":"fi","@id":"https:\/\/radis.ee\/#\/schema\/logo\/image\/","url":"https:\/\/radis.ee\/wp-content\/uploads\/2020\/10\/Radis-logo.png","contentUrl":"https:\/\/radis.ee\/wp-content\/uploads\/2020\/10\/Radis-logo.png","width":300,"height":63,"caption":"Radis O\u00dc"},"image":{"@id":"https:\/\/radis.ee\/#\/schema\/logo\/image\/"},"sameAs":["https:\/\/www.facebook.com\/radisfurniture\/"]}]}},"_links":{"self":[{"href":"https:\/\/radis.ee\/fi\/wp-json\/wp\/v2\/product\/25258","targetHints":{"allow":["GET"]}}],"collection":[{"href":"https:\/\/radis.ee\/fi\/wp-json\/wp\/v2\/product"}],"about":[{"href":"https:\/\/radis.ee\/fi\/wp-json\/wp\/v2\/types\/product"}],"replies":[{"embeddable":true,"href":"https:\/\/radis.ee\/fi\/wp-json\/wp\/v2\/comments?post=25258"}],"wp:featuredmedia":[{"embeddable":true,"href":"https:\/\/radis.ee\/fi\/wp-json\/wp\/v2\/media\/25294"}],"wp:attachment":[{"href":"https:\/\/radis.ee\/fi\/wp-json\/wp\/v2\/media?parent=25258"}],"wp:term":[{"taxonomy":"product_brand","embeddable":true,"href":"https:\/\/radis.ee\/fi\/wp-json\/wp\/v2\/product_brand?post=25258"},{"taxonomy":"product_cat","embeddable":true,"href":"https:\/\/radis.ee\/fi\/wp-json\/wp\/v2\/product_cat?post=25258"},{"taxonomy":"product_tag","embeddable":true,"href":"https:\/\/radis.ee\/fi\/wp-json\/wp\/v2\/product_tag?post=25258"}],"curies":[{"name":"wp","href":"https:\/\/api.w.org\/{rel}","templated":true}]}}