{"id":25470,"date":"2023-06-29T21:18:32","date_gmt":"2023-06-29T18:18:32","guid":{"rendered":"https:\/\/radis.ee\/?post_type=product&#038;p=25470"},"modified":"2024-05-09T13:04:45","modified_gmt":"2024-05-09T10:04:45","slug":"hylly-grid-ovilla","status":"publish","type":"product","link":"https:\/\/radis.ee\/fi\/hylly-grid-ovilla\/","title":{"rendered":"Hylly GRID ovilla"},"content":{"rendered":"<p>Symmetriassa on jotain niin rentouttavaa, eik\u00f6 niin? GRID on hylly, jossa on l\u00e4hes t\u00e4ydellinen symmetria ja tasapaino. Nyt saatavana my\u00f6s ovien kanssa.<\/p>\n<p>GRIDi\u00e4 on saatavana eri kokoisina, mik\u00e4 tekee siit\u00e4 sopivan pienempiin huoneisiin sek\u00e4 tilavampiin huoneistoihin. Voit k\u00e4ytt\u00e4\u00e4 sit\u00e4 tilanjakajana, kirjahyllyn\u00e4 tuomaan viihtyisyytt\u00e4 olohuoneeseesi, tallentaaksesi vinyylilevysi tai kaikki tarvittavat asiakirjat toimistossasi. Hyllyn mitat ovat 33&#215;33 cm eli kaikki kansiot mahtuvat hyvin. Luonnetta lis\u00e4\u00e4m\u00e4\u00e4n yksi hyllyist\u00e4 on s\u00e4ilytetty kapeampina.<\/p>\n<p>Saatavana seuraavissa mitoissa:<\/p>\n<ul>\n<li>3 \u00d7 6 &#8211; korkeus 95 cm, leveys 191 cm<\/li>\n<li>6 \u00d7 3 &#8211; korkeus 200 cm, leveys 88 cm<\/li>\n<li>6 \u00d7 4 &#8211; korkeus 200 cm, leveys 123 cm<\/li>\n<li>6 \u00d7 6 &#8211; korkeus 200 cm, leveys 191 cm<\/li>\n<li>7 \u00d7 5 &#8211; korkeus 222 cm, leveys 144 cm<\/li>\n<li>8 \u00d7 5 &#8211; korkeus 257 cm, leveys 144 cm<\/li>\n<li>8 \u00d7 8 &#8211; korkeus 257 cm, leveys 249 cm<\/li>\n<\/ul>\n<p>GRID on valmistettu ymp\u00e4rist\u00f6yst\u00e4v\u00e4llisest\u00e4 Koskisen laminoidusta vanerista HPL, tammiviilutusta vanerista ja \u00f6ljyvahatusta Forescolorista-Valchromatista (Orgaaninen v\u00e4rillinen l\u00e4pikuidulla oleva puukuitulevy). Hyllyss\u00e4 on 8 cm:n sokkeli, joka sopii erilaisiin jalkalistoihin. J\u00e4ykkyytt\u00e4 yll\u00e4pit\u00e4v\u00e4t ulkonurkkien takasein\u00e4t. Ulkosivut kiinnitet\u00e4\u00e4n tapilla ja ep\u00e4keskeill\u00e4, sis\u00e4pinnat liitoksilla.<\/p>\n","protected":false},"excerpt":{"rendered":"<p>Symmetriassa on jotain niin rentouttavaa, eik\u00f6 niin? GRID on hylly, jossa on l\u00e4hes t\u00e4ydellinen symmetria ja tasapaino. Nyt saatavana my\u00f6s ovien kanssa. GRIDi\u00e4 on saatavana eri kokoisina, mik\u00e4 tekee siit\u00e4 sopivan pienempiin huoneisiin sek\u00e4 tilavampiin huoneistoihin. Voit k\u00e4ytt\u00e4\u00e4 sit\u00e4 tilanjakajana, kirjahyllyn\u00e4 tuomaan viihtyisyytt\u00e4 olohuoneeseesi, tallentaaksesi vinyylilevysi tai kaikki tarvittavat asiakirjat toimistossasi. Hyllyn mitat ovat 33&#215;33&#8230;<\/p>\n","protected":false},"featured_media":25702,"comment_status":"open","ping_status":"closed","template":"","meta":{"_acf_changed":false},"product_brand":[],"product_cat":[109],"product_tag":[],"class_list":{"0":"post-25470","1":"product","2":"type-product","3":"status-publish","4":"has-post-thumbnail","6":"product_cat-riiulid","8":"first","9":"instock","10":"sale","11":"taxable","12":"shipping-taxable","13":"purchasable","14":"product-type-variable","15":"has-default-attributes"},"acf":[],"yoast_head":"<!-- This site is optimized with the Yoast SEO plugin v27.3 - https:\/\/yoast.com\/product\/yoast-seo-wordpress\/ -->\n<title>Hylly GRID ovilla - Radis<\/title>\n<meta name=\"robots\" content=\"index, follow, max-snippet:-1, max-image-preview:large, max-video-preview:-1\" \/>\n<link rel=\"canonical\" href=\"https:\/\/radis.ee\/fi\/hylly-grid-ovilla\/\" \/>\n<meta property=\"og:locale\" content=\"fi_FI\" \/>\n<meta property=\"og:type\" content=\"article\" \/>\n<meta property=\"og:title\" content=\"Hylly GRID ovilla - Radis\" \/>\n<meta property=\"og:description\" content=\"Symmetriassa on jotain niin rentouttavaa, eik\u00f6 niin? GRID on hylly, jossa on l\u00e4hes t\u00e4ydellinen symmetria ja tasapaino. Nyt saatavana my\u00f6s ovien kanssa. GRIDi\u00e4 on saatavana eri kokoisina, mik\u00e4 tekee siit\u00e4 sopivan pienempiin huoneisiin sek\u00e4 tilavampiin huoneistoihin. Voit k\u00e4ytt\u00e4\u00e4 sit\u00e4 tilanjakajana, kirjahyllyn\u00e4 tuomaan viihtyisyytt\u00e4 olohuoneeseesi, tallentaaksesi vinyylilevysi tai kaikki tarvittavat asiakirjat toimistossasi. Hyllyn mitat ovat 33&#215;33...\" \/>\n<meta property=\"og:url\" content=\"https:\/\/radis.ee\/fi\/hylly-grid-ovilla\/\" \/>\n<meta property=\"og:site_name\" content=\"Radis\" \/>\n<meta property=\"article:publisher\" content=\"https:\/\/www.facebook.com\/radisfurniture\/\" \/>\n<meta property=\"article:modified_time\" content=\"2024-05-09T10:04:45+00:00\" \/>\n<meta property=\"og:image\" content=\"https:\/\/radis.ee\/wp-content\/uploads\/2023\/06\/Radis_shelf_GRID_7x5_with_doors_Oak_veneered_plywood_white.jpg\" \/>\n\t<meta property=\"og:image:width\" content=\"1082\" \/>\n\t<meta property=\"og:image:height\" content=\"1303\" \/>\n\t<meta property=\"og:image:type\" content=\"image\/jpeg\" \/>\n<meta name=\"twitter:card\" content=\"summary_large_image\" \/>\n<meta name=\"twitter:label1\" content=\"Arvioitu lukuaika\" \/>\n\t<meta name=\"twitter:data1\" content=\"1 minuutti\" \/>\n<script type=\"application\/ld+json\" class=\"yoast-schema-graph\">{\"@context\":\"https:\\\/\\\/schema.org\",\"@graph\":[{\"@type\":\"WebPage\",\"@id\":\"https:\\\/\\\/radis.ee\\\/fi\\\/hylly-grid-ovilla\\\/\",\"url\":\"https:\\\/\\\/radis.ee\\\/fi\\\/hylly-grid-ovilla\\\/\",\"name\":\"Hylly GRID ovilla - Radis\",\"isPartOf\":{\"@id\":\"https:\\\/\\\/radis.ee\\\/#website\"},\"primaryImageOfPage\":{\"@id\":\"https:\\\/\\\/radis.ee\\\/fi\\\/hylly-grid-ovilla\\\/#primaryimage\"},\"image\":{\"@id\":\"https:\\\/\\\/radis.ee\\\/fi\\\/hylly-grid-ovilla\\\/#primaryimage\"},\"thumbnailUrl\":\"https:\\\/\\\/radis.ee\\\/wp-content\\\/uploads\\\/2023\\\/06\\\/Radis_shelf_GRID_7x5_with_doors_Oak_veneered_plywood_white.jpg\",\"datePublished\":\"2023-06-29T18:18:32+00:00\",\"dateModified\":\"2024-05-09T10:04:45+00:00\",\"breadcrumb\":{\"@id\":\"https:\\\/\\\/radis.ee\\\/fi\\\/hylly-grid-ovilla\\\/#breadcrumb\"},\"inLanguage\":\"fi\",\"potentialAction\":[{\"@type\":\"ReadAction\",\"target\":[\"https:\\\/\\\/radis.ee\\\/fi\\\/hylly-grid-ovilla\\\/\"]}]},{\"@type\":\"ImageObject\",\"inLanguage\":\"fi\",\"@id\":\"https:\\\/\\\/radis.ee\\\/fi\\\/hylly-grid-ovilla\\\/#primaryimage\",\"url\":\"https:\\\/\\\/radis.ee\\\/wp-content\\\/uploads\\\/2023\\\/06\\\/Radis_shelf_GRID_7x5_with_doors_Oak_veneered_plywood_white.jpg\",\"contentUrl\":\"https:\\\/\\\/radis.ee\\\/wp-content\\\/uploads\\\/2023\\\/06\\\/Radis_shelf_GRID_7x5_with_doors_Oak_veneered_plywood_white.jpg\",\"width\":1082,\"height\":1303,\"caption\":\"Radis shelf GRID 7x5 with doors Oak veneered\"},{\"@type\":\"BreadcrumbList\",\"@id\":\"https:\\\/\\\/radis.ee\\\/fi\\\/hylly-grid-ovilla\\\/#breadcrumb\",\"itemListElement\":[{\"@type\":\"ListItem\",\"position\":1,\"name\":\"Home\",\"item\":\"https:\\\/\\\/radis.ee\\\/\"},{\"@type\":\"ListItem\",\"position\":2,\"name\":\"Tuotteet\",\"item\":\"https:\\\/\\\/radis.ee\\\/fi\\\/tuotteet\\\/\"},{\"@type\":\"ListItem\",\"position\":3,\"name\":\"Hylly GRID ovilla\"}]},{\"@type\":\"WebSite\",\"@id\":\"https:\\\/\\\/radis.ee\\\/#website\",\"url\":\"https:\\\/\\\/radis.ee\\\/\",\"name\":\"Radis\",\"description\":\"Nordic design furniture, environmentally friendly and sustainable.\",\"publisher\":{\"@id\":\"https:\\\/\\\/radis.ee\\\/#organization\"},\"potentialAction\":[{\"@type\":\"SearchAction\",\"target\":{\"@type\":\"EntryPoint\",\"urlTemplate\":\"https:\\\/\\\/radis.ee\\\/?s={search_term_string}\"},\"query-input\":{\"@type\":\"PropertyValueSpecification\",\"valueRequired\":true,\"valueName\":\"search_term_string\"}}],\"inLanguage\":\"fi\"},{\"@type\":\"Organization\",\"@id\":\"https:\\\/\\\/radis.ee\\\/#organization\",\"name\":\"Radis O\u00dc\",\"url\":\"https:\\\/\\\/radis.ee\\\/\",\"logo\":{\"@type\":\"ImageObject\",\"inLanguage\":\"fi\",\"@id\":\"https:\\\/\\\/radis.ee\\\/#\\\/schema\\\/logo\\\/image\\\/\",\"url\":\"https:\\\/\\\/radis.ee\\\/wp-content\\\/uploads\\\/2020\\\/10\\\/Radis-logo.png\",\"contentUrl\":\"https:\\\/\\\/radis.ee\\\/wp-content\\\/uploads\\\/2020\\\/10\\\/Radis-logo.png\",\"width\":300,\"height\":63,\"caption\":\"Radis O\u00dc\"},\"image\":{\"@id\":\"https:\\\/\\\/radis.ee\\\/#\\\/schema\\\/logo\\\/image\\\/\"},\"sameAs\":[\"https:\\\/\\\/www.facebook.com\\\/radisfurniture\\\/\"]}]}<\/script>\n<!-- \/ Yoast SEO plugin. -->","yoast_head_json":{"title":"Hylly GRID ovilla - Radis","robots":{"index":"index","follow":"follow","max-snippet":"max-snippet:-1","max-image-preview":"max-image-preview:large","max-video-preview":"max-video-preview:-1"},"canonical":"https:\/\/radis.ee\/fi\/hylly-grid-ovilla\/","og_locale":"fi_FI","og_type":"article","og_title":"Hylly GRID ovilla - Radis","og_description":"Symmetriassa on jotain niin rentouttavaa, eik\u00f6 niin? GRID on hylly, jossa on l\u00e4hes t\u00e4ydellinen symmetria ja tasapaino. Nyt saatavana my\u00f6s ovien kanssa. GRIDi\u00e4 on saatavana eri kokoisina, mik\u00e4 tekee siit\u00e4 sopivan pienempiin huoneisiin sek\u00e4 tilavampiin huoneistoihin. Voit k\u00e4ytt\u00e4\u00e4 sit\u00e4 tilanjakajana, kirjahyllyn\u00e4 tuomaan viihtyisyytt\u00e4 olohuoneeseesi, tallentaaksesi vinyylilevysi tai kaikki tarvittavat asiakirjat toimistossasi. Hyllyn mitat ovat 33&#215;33...","og_url":"https:\/\/radis.ee\/fi\/hylly-grid-ovilla\/","og_site_name":"Radis","article_publisher":"https:\/\/www.facebook.com\/radisfurniture\/","article_modified_time":"2024-05-09T10:04:45+00:00","og_image":[{"width":1082,"height":1303,"url":"https:\/\/radis.ee\/wp-content\/uploads\/2023\/06\/Radis_shelf_GRID_7x5_with_doors_Oak_veneered_plywood_white.jpg","type":"image\/jpeg"}],"twitter_card":"summary_large_image","twitter_misc":{"Arvioitu lukuaika":"1 minuutti"},"schema":{"@context":"https:\/\/schema.org","@graph":[{"@type":"WebPage","@id":"https:\/\/radis.ee\/fi\/hylly-grid-ovilla\/","url":"https:\/\/radis.ee\/fi\/hylly-grid-ovilla\/","name":"Hylly GRID ovilla - Radis","isPartOf":{"@id":"https:\/\/radis.ee\/#website"},"primaryImageOfPage":{"@id":"https:\/\/radis.ee\/fi\/hylly-grid-ovilla\/#primaryimage"},"image":{"@id":"https:\/\/radis.ee\/fi\/hylly-grid-ovilla\/#primaryimage"},"thumbnailUrl":"https:\/\/radis.ee\/wp-content\/uploads\/2023\/06\/Radis_shelf_GRID_7x5_with_doors_Oak_veneered_plywood_white.jpg","datePublished":"2023-06-29T18:18:32+00:00","dateModified":"2024-05-09T10:04:45+00:00","breadcrumb":{"@id":"https:\/\/radis.ee\/fi\/hylly-grid-ovilla\/#breadcrumb"},"inLanguage":"fi","potentialAction":[{"@type":"ReadAction","target":["https:\/\/radis.ee\/fi\/hylly-grid-ovilla\/"]}]},{"@type":"ImageObject","inLanguage":"fi","@id":"https:\/\/radis.ee\/fi\/hylly-grid-ovilla\/#primaryimage","url":"https:\/\/radis.ee\/wp-content\/uploads\/2023\/06\/Radis_shelf_GRID_7x5_with_doors_Oak_veneered_plywood_white.jpg","contentUrl":"https:\/\/radis.ee\/wp-content\/uploads\/2023\/06\/Radis_shelf_GRID_7x5_with_doors_Oak_veneered_plywood_white.jpg","width":1082,"height":1303,"caption":"Radis shelf GRID 7x5 with doors Oak veneered"},{"@type":"BreadcrumbList","@id":"https:\/\/radis.ee\/fi\/hylly-grid-ovilla\/#breadcrumb","itemListElement":[{"@type":"ListItem","position":1,"name":"Home","item":"https:\/\/radis.ee\/"},{"@type":"ListItem","position":2,"name":"Tuotteet","item":"https:\/\/radis.ee\/fi\/tuotteet\/"},{"@type":"ListItem","position":3,"name":"Hylly GRID ovilla"}]},{"@type":"WebSite","@id":"https:\/\/radis.ee\/#website","url":"https:\/\/radis.ee\/","name":"Radis","description":"Nordic design furniture, environmentally friendly and sustainable.","publisher":{"@id":"https:\/\/radis.ee\/#organization"},"potentialAction":[{"@type":"SearchAction","target":{"@type":"EntryPoint","urlTemplate":"https:\/\/radis.ee\/?s={search_term_string}"},"query-input":{"@type":"PropertyValueSpecification","valueRequired":true,"valueName":"search_term_string"}}],"inLanguage":"fi"},{"@type":"Organization","@id":"https:\/\/radis.ee\/#organization","name":"Radis O\u00dc","url":"https:\/\/radis.ee\/","logo":{"@type":"ImageObject","inLanguage":"fi","@id":"https:\/\/radis.ee\/#\/schema\/logo\/image\/","url":"https:\/\/radis.ee\/wp-content\/uploads\/2020\/10\/Radis-logo.png","contentUrl":"https:\/\/radis.ee\/wp-content\/uploads\/2020\/10\/Radis-logo.png","width":300,"height":63,"caption":"Radis O\u00dc"},"image":{"@id":"https:\/\/radis.ee\/#\/schema\/logo\/image\/"},"sameAs":["https:\/\/www.facebook.com\/radisfurniture\/"]}]}},"_links":{"self":[{"href":"https:\/\/radis.ee\/fi\/wp-json\/wp\/v2\/product\/25470","targetHints":{"allow":["GET"]}}],"collection":[{"href":"https:\/\/radis.ee\/fi\/wp-json\/wp\/v2\/product"}],"about":[{"href":"https:\/\/radis.ee\/fi\/wp-json\/wp\/v2\/types\/product"}],"replies":[{"embeddable":true,"href":"https:\/\/radis.ee\/fi\/wp-json\/wp\/v2\/comments?post=25470"}],"wp:featuredmedia":[{"embeddable":true,"href":"https:\/\/radis.ee\/fi\/wp-json\/wp\/v2\/media\/25702"}],"wp:attachment":[{"href":"https:\/\/radis.ee\/fi\/wp-json\/wp\/v2\/media?parent=25470"}],"wp:term":[{"taxonomy":"product_brand","embeddable":true,"href":"https:\/\/radis.ee\/fi\/wp-json\/wp\/v2\/product_brand?post=25470"},{"taxonomy":"product_cat","embeddable":true,"href":"https:\/\/radis.ee\/fi\/wp-json\/wp\/v2\/product_cat?post=25470"},{"taxonomy":"product_tag","embeddable":true,"href":"https:\/\/radis.ee\/fi\/wp-json\/wp\/v2\/product_tag?post=25470"}],"curies":[{"name":"wp","href":"https:\/\/api.w.org\/{rel}","templated":true}]}}