{"id":25990,"date":"2022-09-10T13:19:44","date_gmt":"2024-03-14T11:19:49","guid":{"rendered":"https:\/\/radis.ee\/?post_type=product&#038;p=25990"},"modified":"2024-05-10T16:44:59","modified_gmt":"2024-05-10T13:44:59","slug":"pysty-kaappisanky-pix-hyllylla-ja-poydalla","status":"publish","type":"product","link":"https:\/\/radis.ee\/fi\/pysty-kaappisanky-pix-hyllylla-ja-poydalla\/","title":{"rendered":"Pysty kaappis\u00e4nky PIX hyllyll\u00e4 ja p\u00f6yd\u00e4ll\u00e4"},"content":{"rendered":"<p>Suosittu PIX-sarja on laajentunut kaappi-s\u00e4ngyll\u00e4, johon tarjoamme my\u00f6s 8-ovisen hyllyn ja p\u00f6yd\u00e4n. Pysty kaappis\u00e4nky on ihanteellinen ratkaisu, kun tilaa on v\u00e4h\u00e4n, mutta s\u00e4ngyn mukavuudesta ja laadusta ei haluta tinki\u00e4.<\/p>\n<p>\u00c4lykk\u00e4\u00e4t ja tilaa s\u00e4\u00e4st\u00e4v\u00e4t ratkaisut, jotka tekev\u00e4t asumisestasi toimivampaa ja el\u00e4v\u00e4mp\u00e4\u00e4. Kevyell\u00e4 liikkeell\u00e4 voit piilottaa p\u00f6yd\u00e4n ja avata s\u00e4ngyn samanaikaisesti. P\u00f6yt\u00e4levyn vaakasuuntaisuuden jatkuva yll\u00e4pito mahdollistaa s\u00e4ngyn avaamisen ja sulkemisen poistamatta esineit\u00e4 sen p\u00e4\u00e4lt\u00e4.<\/p>\n<p>K\u00e4yt\u00e4mme kest\u00e4vi\u00e4 italialaisia mekanismeja, joiden ansiosta s\u00e4ngyn avaaminen on helppoa ja turvallista. Avaamista ja sulkemista tukevat iskunvaimentimet, joiden taattu toiminta on 10 000 jaksoa. Murphy-s\u00e4nky on varustettu kiinnitysnauhoilla, jotka pit\u00e4v\u00e4t vuodevaatteet ja patjan paikoillaan. Patja ei sis\u00e4lly sarjaan, sopivan patjan mitat ovat 90-120-140x200x18 cm, maksimipaino 28 kg. S\u00e4ngyn patjapohjan korkeus on 34 cm maasta. Ortopedinen taso, jossa koivuvanerilistat, jotka on ty\u00f6nnetty s\u00e4ngyn runkoputkeen erityisill\u00e4 hiljaisilla tupeilla.<\/p>\n<p>Valmistettu vahvasta 18mm Koskisen korkeapainelaminaatti HPL koivuvanerista, sivut luonnonvaneria, ovet \u00f6ljyvahattu Light Oak \u00f6ljyvaha tai kokonaan tammiviilu. P\u00f6yd\u00e4njalka- ja s\u00e4nkymekanismit harmaata pulverimaalattua metallia.<\/p>\n<p>Kaasujouset testattiin yli 10 000 sykli\u00e4, ylimitoitettu varsi ja zamak-liit\u00e4nt\u00e4 helppoa kokoonpanoa varten. N\u00e4et s\u00e4nkymekanismin k\u00e4yt\u00f6n helppouden <a href=\"https:\/\/youtu.be\/6x-7ctNKj9g?si=-6Fgsy77YWqyb_pm\" target=\"_blank\" rel=\"noopener\">t\u00e4st\u00e4 videosta.<\/a><\/p>\n<p>P\u00f6yt\u00e4levyn korkeus on 75cm, koko 80x145cm, sen ymp\u00e4rill\u00e4 voi kirjoittaa tai istua 5 tuolin kanssa. Kaappis\u00e4nky on saatavilla my\u00f6s ilman p\u00f6yt\u00e4\u00e4.<\/p>\n<p>Hyllykaapin syvyys 40cm. S\u00e4ngyn molemmilla puolilla on 37 cm leve\u00e4t hyllyt. Kokonaisleveys on patjan leveys + 90 cm.<\/p>\n","protected":false},"excerpt":{"rendered":"<p>Suosittu PIX-sarja on laajentunut kaappi-s\u00e4ngyll\u00e4, johon tarjoamme my\u00f6s 8-ovisen hyllyn ja p\u00f6yd\u00e4n. Pysty kaappis\u00e4nky on ihanteellinen ratkaisu, kun tilaa on v\u00e4h\u00e4n, mutta s\u00e4ngyn mukavuudesta ja laadusta ei haluta tinki\u00e4. \u00c4lykk\u00e4\u00e4t ja tilaa s\u00e4\u00e4st\u00e4v\u00e4t ratkaisut, jotka tekev\u00e4t asumisestasi toimivampaa ja el\u00e4v\u00e4mp\u00e4\u00e4. Kevyell\u00e4 liikkeell\u00e4 voit piilottaa p\u00f6yd\u00e4n ja avata s\u00e4ngyn samanaikaisesti. P\u00f6yt\u00e4levyn vaakasuuntaisuuden jatkuva yll\u00e4pito mahdollistaa s\u00e4ngyn&#8230;<\/p>\n","protected":false},"featured_media":26193,"comment_status":"open","ping_status":"closed","template":"","meta":{"_acf_changed":false},"product_brand":[],"product_cat":[113],"product_tag":[],"class_list":{"0":"post-25990","1":"product","2":"type-product","3":"status-publish","4":"has-post-thumbnail","6":"product_cat-voodid","8":"first","9":"instock","10":"taxable","11":"shipping-taxable","12":"purchasable","13":"product-type-variable","14":"has-default-attributes"},"acf":[],"yoast_head":"<!-- This site is optimized with the Yoast SEO plugin v27.4 - https:\/\/yoast.com\/product\/yoast-seo-wordpress\/ -->\n<title>Pysty kaappis\u00e4nky PIX hyllyll\u00e4 ja p\u00f6yd\u00e4ll\u00e4 - Radis<\/title>\n<meta name=\"robots\" content=\"index, follow, max-snippet:-1, max-image-preview:large, max-video-preview:-1\" \/>\n<link rel=\"canonical\" href=\"https:\/\/radis.ee\/vertikaalne-kappvoodi-pix-riiuli-ja-lauaga\/\" \/>\n<meta property=\"og:locale\" content=\"fi_FI\" \/>\n<meta property=\"og:type\" content=\"article\" \/>\n<meta property=\"og:title\" content=\"Pysty kaappis\u00e4nky PIX hyllyll\u00e4 ja p\u00f6yd\u00e4ll\u00e4 - Radis\" \/>\n<meta property=\"og:description\" content=\"Suosittu PIX-sarja on laajentunut kaappi-s\u00e4ngyll\u00e4, johon tarjoamme my\u00f6s 8-ovisen hyllyn ja p\u00f6yd\u00e4n. Pysty kaappis\u00e4nky on ihanteellinen ratkaisu, kun tilaa on v\u00e4h\u00e4n, mutta s\u00e4ngyn mukavuudesta ja laadusta ei haluta tinki\u00e4. \u00c4lykk\u00e4\u00e4t ja tilaa s\u00e4\u00e4st\u00e4v\u00e4t ratkaisut, jotka tekev\u00e4t asumisestasi toimivampaa ja el\u00e4v\u00e4mp\u00e4\u00e4. Kevyell\u00e4 liikkeell\u00e4 voit piilottaa p\u00f6yd\u00e4n ja avata s\u00e4ngyn samanaikaisesti. P\u00f6yt\u00e4levyn vaakasuuntaisuuden jatkuva yll\u00e4pito mahdollistaa s\u00e4ngyn...\" \/>\n<meta property=\"og:url\" content=\"https:\/\/radis.ee\/vertikaalne-kappvoodi-pix-riiuli-ja-lauaga\/\" \/>\n<meta property=\"og:site_name\" content=\"Radis\" \/>\n<meta property=\"article:publisher\" content=\"https:\/\/www.facebook.com\/radisfurniture\/\" \/>\n<meta property=\"article:modified_time\" content=\"2024-05-10T13:44:59+00:00\" \/>\n<meta property=\"og:image\" content=\"https:\/\/radis.ee\/wp-content\/uploads\/2024\/03\/RADIS_hideaway_bed_with_shelf_with_table_white_HPL_doors_Light_Oak_plywood_white_3.jpg\" \/>\n\t<meta property=\"og:image:width\" content=\"1348\" \/>\n\t<meta property=\"og:image:height\" content=\"1573\" \/>\n\t<meta property=\"og:image:type\" content=\"image\/jpeg\" \/>\n<meta name=\"twitter:card\" content=\"summary_large_image\" \/>\n<meta name=\"twitter:label1\" content=\"Arvioitu lukuaika\" \/>\n\t<meta name=\"twitter:data1\" content=\"2 minuuttia\" \/>\n<script type=\"application\/ld+json\" class=\"yoast-schema-graph\">{\"@context\":\"https:\\\/\\\/schema.org\",\"@graph\":[{\"@type\":\"WebPage\",\"@id\":\"https:\\\/\\\/radis.ee\\\/vertikaalne-kappvoodi-pix-riiuli-ja-lauaga\\\/\",\"url\":\"https:\\\/\\\/radis.ee\\\/vertikaalne-kappvoodi-pix-riiuli-ja-lauaga\\\/\",\"name\":\"Pysty kaappis\u00e4nky PIX hyllyll\u00e4 ja p\u00f6yd\u00e4ll\u00e4 - Radis\",\"isPartOf\":{\"@id\":\"https:\\\/\\\/radis.ee\\\/#website\"},\"primaryImageOfPage\":{\"@id\":\"https:\\\/\\\/radis.ee\\\/vertikaalne-kappvoodi-pix-riiuli-ja-lauaga\\\/#primaryimage\"},\"image\":{\"@id\":\"https:\\\/\\\/radis.ee\\\/vertikaalne-kappvoodi-pix-riiuli-ja-lauaga\\\/#primaryimage\"},\"thumbnailUrl\":\"https:\\\/\\\/radis.ee\\\/wp-content\\\/uploads\\\/2024\\\/03\\\/RADIS_hideaway_bed_with_shelf_with_table_white_HPL_doors_Light_Oak_plywood_white_3.jpg\",\"datePublished\":\"2024-03-14T11:19:49+00:00\",\"dateModified\":\"2024-05-10T13:44:59+00:00\",\"breadcrumb\":{\"@id\":\"https:\\\/\\\/radis.ee\\\/vertikaalne-kappvoodi-pix-riiuli-ja-lauaga\\\/#breadcrumb\"},\"inLanguage\":\"fi\",\"potentialAction\":[{\"@type\":\"ReadAction\",\"target\":[\"https:\\\/\\\/radis.ee\\\/vertikaalne-kappvoodi-pix-riiuli-ja-lauaga\\\/\"]}]},{\"@type\":\"ImageObject\",\"inLanguage\":\"fi\",\"@id\":\"https:\\\/\\\/radis.ee\\\/vertikaalne-kappvoodi-pix-riiuli-ja-lauaga\\\/#primaryimage\",\"url\":\"https:\\\/\\\/radis.ee\\\/wp-content\\\/uploads\\\/2024\\\/03\\\/RADIS_hideaway_bed_with_shelf_with_table_white_HPL_doors_Light_Oak_plywood_white_3.jpg\",\"contentUrl\":\"https:\\\/\\\/radis.ee\\\/wp-content\\\/uploads\\\/2024\\\/03\\\/RADIS_hideaway_bed_with_shelf_with_table_white_HPL_doors_Light_Oak_plywood_white_3.jpg\",\"width\":1348,\"height\":1573,\"caption\":\"Radis hide-away bed PIX with shelf and table white HPL plywood doors Light Oak\"},{\"@type\":\"BreadcrumbList\",\"@id\":\"https:\\\/\\\/radis.ee\\\/vertikaalne-kappvoodi-pix-riiuli-ja-lauaga\\\/#breadcrumb\",\"itemListElement\":[{\"@type\":\"ListItem\",\"position\":1,\"name\":\"Home\",\"item\":\"https:\\\/\\\/radis.ee\\\/\"},{\"@type\":\"ListItem\",\"position\":2,\"name\":\"Tuotteet\",\"item\":\"https:\\\/\\\/radis.ee\\\/fi\\\/tuotteet\\\/\"},{\"@type\":\"ListItem\",\"position\":3,\"name\":\"Pysty kaappis\u00e4nky PIX hyllyll\u00e4 ja p\u00f6yd\u00e4ll\u00e4\"}]},{\"@type\":\"WebSite\",\"@id\":\"https:\\\/\\\/radis.ee\\\/#website\",\"url\":\"https:\\\/\\\/radis.ee\\\/\",\"name\":\"Radis\",\"description\":\"Nordic design furniture, environmentally friendly and sustainable.\",\"publisher\":{\"@id\":\"https:\\\/\\\/radis.ee\\\/#organization\"},\"potentialAction\":[{\"@type\":\"SearchAction\",\"target\":{\"@type\":\"EntryPoint\",\"urlTemplate\":\"https:\\\/\\\/radis.ee\\\/?s={search_term_string}\"},\"query-input\":{\"@type\":\"PropertyValueSpecification\",\"valueRequired\":true,\"valueName\":\"search_term_string\"}}],\"inLanguage\":\"fi\"},{\"@type\":\"Organization\",\"@id\":\"https:\\\/\\\/radis.ee\\\/#organization\",\"name\":\"Radis O\u00dc\",\"url\":\"https:\\\/\\\/radis.ee\\\/\",\"logo\":{\"@type\":\"ImageObject\",\"inLanguage\":\"fi\",\"@id\":\"https:\\\/\\\/radis.ee\\\/#\\\/schema\\\/logo\\\/image\\\/\",\"url\":\"https:\\\/\\\/radis.ee\\\/wp-content\\\/uploads\\\/2020\\\/10\\\/Radis-logo.png\",\"contentUrl\":\"https:\\\/\\\/radis.ee\\\/wp-content\\\/uploads\\\/2020\\\/10\\\/Radis-logo.png\",\"width\":300,\"height\":63,\"caption\":\"Radis O\u00dc\"},\"image\":{\"@id\":\"https:\\\/\\\/radis.ee\\\/#\\\/schema\\\/logo\\\/image\\\/\"},\"sameAs\":[\"https:\\\/\\\/www.facebook.com\\\/radisfurniture\\\/\"]}]}<\/script>\n<!-- \/ Yoast SEO plugin. -->","yoast_head_json":{"title":"Pysty kaappis\u00e4nky PIX hyllyll\u00e4 ja p\u00f6yd\u00e4ll\u00e4 - Radis","robots":{"index":"index","follow":"follow","max-snippet":"max-snippet:-1","max-image-preview":"max-image-preview:large","max-video-preview":"max-video-preview:-1"},"canonical":"https:\/\/radis.ee\/vertikaalne-kappvoodi-pix-riiuli-ja-lauaga\/","og_locale":"fi_FI","og_type":"article","og_title":"Pysty kaappis\u00e4nky PIX hyllyll\u00e4 ja p\u00f6yd\u00e4ll\u00e4 - Radis","og_description":"Suosittu PIX-sarja on laajentunut kaappi-s\u00e4ngyll\u00e4, johon tarjoamme my\u00f6s 8-ovisen hyllyn ja p\u00f6yd\u00e4n. Pysty kaappis\u00e4nky on ihanteellinen ratkaisu, kun tilaa on v\u00e4h\u00e4n, mutta s\u00e4ngyn mukavuudesta ja laadusta ei haluta tinki\u00e4. \u00c4lykk\u00e4\u00e4t ja tilaa s\u00e4\u00e4st\u00e4v\u00e4t ratkaisut, jotka tekev\u00e4t asumisestasi toimivampaa ja el\u00e4v\u00e4mp\u00e4\u00e4. Kevyell\u00e4 liikkeell\u00e4 voit piilottaa p\u00f6yd\u00e4n ja avata s\u00e4ngyn samanaikaisesti. P\u00f6yt\u00e4levyn vaakasuuntaisuuden jatkuva yll\u00e4pito mahdollistaa s\u00e4ngyn...","og_url":"https:\/\/radis.ee\/vertikaalne-kappvoodi-pix-riiuli-ja-lauaga\/","og_site_name":"Radis","article_publisher":"https:\/\/www.facebook.com\/radisfurniture\/","article_modified_time":"2024-05-10T13:44:59+00:00","og_image":[{"width":1348,"height":1573,"url":"https:\/\/radis.ee\/wp-content\/uploads\/2024\/03\/RADIS_hideaway_bed_with_shelf_with_table_white_HPL_doors_Light_Oak_plywood_white_3.jpg","type":"image\/jpeg"}],"twitter_card":"summary_large_image","twitter_misc":{"Arvioitu lukuaika":"2 minuuttia"},"schema":{"@context":"https:\/\/schema.org","@graph":[{"@type":"WebPage","@id":"https:\/\/radis.ee\/vertikaalne-kappvoodi-pix-riiuli-ja-lauaga\/","url":"https:\/\/radis.ee\/vertikaalne-kappvoodi-pix-riiuli-ja-lauaga\/","name":"Pysty kaappis\u00e4nky PIX hyllyll\u00e4 ja p\u00f6yd\u00e4ll\u00e4 - Radis","isPartOf":{"@id":"https:\/\/radis.ee\/#website"},"primaryImageOfPage":{"@id":"https:\/\/radis.ee\/vertikaalne-kappvoodi-pix-riiuli-ja-lauaga\/#primaryimage"},"image":{"@id":"https:\/\/radis.ee\/vertikaalne-kappvoodi-pix-riiuli-ja-lauaga\/#primaryimage"},"thumbnailUrl":"https:\/\/radis.ee\/wp-content\/uploads\/2024\/03\/RADIS_hideaway_bed_with_shelf_with_table_white_HPL_doors_Light_Oak_plywood_white_3.jpg","datePublished":"2024-03-14T11:19:49+00:00","dateModified":"2024-05-10T13:44:59+00:00","breadcrumb":{"@id":"https:\/\/radis.ee\/vertikaalne-kappvoodi-pix-riiuli-ja-lauaga\/#breadcrumb"},"inLanguage":"fi","potentialAction":[{"@type":"ReadAction","target":["https:\/\/radis.ee\/vertikaalne-kappvoodi-pix-riiuli-ja-lauaga\/"]}]},{"@type":"ImageObject","inLanguage":"fi","@id":"https:\/\/radis.ee\/vertikaalne-kappvoodi-pix-riiuli-ja-lauaga\/#primaryimage","url":"https:\/\/radis.ee\/wp-content\/uploads\/2024\/03\/RADIS_hideaway_bed_with_shelf_with_table_white_HPL_doors_Light_Oak_plywood_white_3.jpg","contentUrl":"https:\/\/radis.ee\/wp-content\/uploads\/2024\/03\/RADIS_hideaway_bed_with_shelf_with_table_white_HPL_doors_Light_Oak_plywood_white_3.jpg","width":1348,"height":1573,"caption":"Radis hide-away bed PIX with shelf and table white HPL plywood doors Light Oak"},{"@type":"BreadcrumbList","@id":"https:\/\/radis.ee\/vertikaalne-kappvoodi-pix-riiuli-ja-lauaga\/#breadcrumb","itemListElement":[{"@type":"ListItem","position":1,"name":"Home","item":"https:\/\/radis.ee\/"},{"@type":"ListItem","position":2,"name":"Tuotteet","item":"https:\/\/radis.ee\/fi\/tuotteet\/"},{"@type":"ListItem","position":3,"name":"Pysty kaappis\u00e4nky PIX hyllyll\u00e4 ja p\u00f6yd\u00e4ll\u00e4"}]},{"@type":"WebSite","@id":"https:\/\/radis.ee\/#website","url":"https:\/\/radis.ee\/","name":"Radis","description":"Nordic design furniture, environmentally friendly and sustainable.","publisher":{"@id":"https:\/\/radis.ee\/#organization"},"potentialAction":[{"@type":"SearchAction","target":{"@type":"EntryPoint","urlTemplate":"https:\/\/radis.ee\/?s={search_term_string}"},"query-input":{"@type":"PropertyValueSpecification","valueRequired":true,"valueName":"search_term_string"}}],"inLanguage":"fi"},{"@type":"Organization","@id":"https:\/\/radis.ee\/#organization","name":"Radis O\u00dc","url":"https:\/\/radis.ee\/","logo":{"@type":"ImageObject","inLanguage":"fi","@id":"https:\/\/radis.ee\/#\/schema\/logo\/image\/","url":"https:\/\/radis.ee\/wp-content\/uploads\/2020\/10\/Radis-logo.png","contentUrl":"https:\/\/radis.ee\/wp-content\/uploads\/2020\/10\/Radis-logo.png","width":300,"height":63,"caption":"Radis O\u00dc"},"image":{"@id":"https:\/\/radis.ee\/#\/schema\/logo\/image\/"},"sameAs":["https:\/\/www.facebook.com\/radisfurniture\/"]}]}},"_links":{"self":[{"href":"https:\/\/radis.ee\/fi\/wp-json\/wp\/v2\/product\/25990","targetHints":{"allow":["GET"]}}],"collection":[{"href":"https:\/\/radis.ee\/fi\/wp-json\/wp\/v2\/product"}],"about":[{"href":"https:\/\/radis.ee\/fi\/wp-json\/wp\/v2\/types\/product"}],"replies":[{"embeddable":true,"href":"https:\/\/radis.ee\/fi\/wp-json\/wp\/v2\/comments?post=25990"}],"wp:featuredmedia":[{"embeddable":true,"href":"https:\/\/radis.ee\/fi\/wp-json\/wp\/v2\/media\/26193"}],"wp:attachment":[{"href":"https:\/\/radis.ee\/fi\/wp-json\/wp\/v2\/media?parent=25990"}],"wp:term":[{"taxonomy":"product_brand","embeddable":true,"href":"https:\/\/radis.ee\/fi\/wp-json\/wp\/v2\/product_brand?post=25990"},{"taxonomy":"product_cat","embeddable":true,"href":"https:\/\/radis.ee\/fi\/wp-json\/wp\/v2\/product_cat?post=25990"},{"taxonomy":"product_tag","embeddable":true,"href":"https:\/\/radis.ee\/fi\/wp-json\/wp\/v2\/product_tag?post=25990"}],"curies":[{"name":"wp","href":"https:\/\/api.w.org\/{rel}","templated":true}]}}