{"id":26237,"date":"2022-09-10T16:28:20","date_gmt":"2024-03-20T14:28:22","guid":{"rendered":"https:\/\/radis.ee\/?post_type=product&#038;p=26237"},"modified":"2024-03-22T11:55:21","modified_gmt":"2024-03-22T09:55:21","slug":"vaakasuora-kaappi-sanky-grid-hyllylla","status":"publish","type":"product","link":"https:\/\/radis.ee\/fi\/vaakasuora-kaappi-sanky-grid-hyllylla\/","title":{"rendered":"Vaakasuora kaappi-s\u00e4nky GRID hyllyll\u00e4"},"content":{"rendered":"<p>GRID-hyllysarja on laajentunut vaakasuoralla piilovuoteella, johon tarjoamme my\u00f6s 4-ovisen hyllyn. Vaakakaappis\u00e4nky on ihanteellinen ratkaisu, kun tilaa on v\u00e4h\u00e4n, mutta s\u00e4ngyn mukavuudesta ja laadusta ei halua tinki\u00e4.<\/p>\n<p>\u00c4lykk\u00e4\u00e4t ja tilaa s\u00e4\u00e4st\u00e4v\u00e4t ratkaisut, jotka tekev\u00e4t asumisestasi toimivampaa ja el\u00e4v\u00e4mp\u00e4\u00e4. Kevyell\u00e4 liikkeell\u00e4 voit piilottaa s\u00e4ngyn ja avata sen.<\/p>\n<p>K\u00e4yt\u00e4mme kest\u00e4vi\u00e4 italialaisia mekanismeja, joiden ansiosta s\u00e4ngyn avaaminen on helppoa ja turvallista. Avaamista ja sulkemista tukevat iskunvaimentimet, joiden taattu toiminta on 10 000 jaksoa. Murphy-s\u00e4nky on varustettu kiinnitysnauhoilla, jotka pit\u00e4v\u00e4t vuodevaatteet ja patjan paikoillaan. Patja ei sis\u00e4lly sarjaan, sopivan patjan mitat ovat 90-120x200x18 cm, maksimipaino 28 kg. S\u00e4ngyn patjapohjan korkeus on 27 cm maasta. Ortopedinen taso, jossa koivuvanerilistat, jotka on ty\u00f6nnetty s\u00e4ngyn runkoputkeen erityisill\u00e4 hiljaisilla tupeilla.<\/p>\n<p>Valmistettu vahvasta 18mm Koskisen korkeapainelaminaatti HPL koivuvanerista, sivut luonnonvaneria, ovet \u00f6ljyvahattu Light Oak \u00f6ljyvaha tai kokonaan tammiviilu. S\u00e4nkymekanismi harmaata pulverimaalattua metallia.<\/p>\n<p>Kaasujouset testattiin yli 10 000 sykli\u00e4, ylimitoitettu varsi ja zamak-liit\u00e4nt\u00e4 helppoa kokoonpanoa varten. N\u00e4et s\u00e4nkymekanismin k\u00e4yt\u00f6n helppouden <a href=\"https:\/\/www.youtube.com\/watch?v=6x-7ctNKj9g\" target=\"_blank\" rel=\"noopener\">t\u00e4st\u00e4 videosta.<\/a><\/p>\n<p>Hyllykaapin syvyys 40cm. Kun vaakas\u00e4nky avautuu, hyllyn ja s\u00e4ngyn kokonaissyvyys on 90 cm leve\u00e4ll\u00e4 patjalla 125 cm, 120 cm leve\u00e4ll\u00e4 patjalla 155 cm. 120 cm leve\u00e4ll\u00e4 patjalla hyllyss\u00e4 ei ole alempaa avointa hyllyosaa.<\/p>\n","protected":false},"excerpt":{"rendered":"<p>GRID-hyllysarja on laajentunut vaakasuoralla piilovuoteella, johon tarjoamme my\u00f6s 4-ovisen hyllyn. Vaakakaappis\u00e4nky on ihanteellinen ratkaisu, kun tilaa on v\u00e4h\u00e4n, mutta s\u00e4ngyn mukavuudesta ja laadusta ei halua tinki\u00e4. \u00c4lykk\u00e4\u00e4t ja tilaa s\u00e4\u00e4st\u00e4v\u00e4t ratkaisut, jotka tekev\u00e4t asumisestasi toimivampaa ja el\u00e4v\u00e4mp\u00e4\u00e4. Kevyell\u00e4 liikkeell\u00e4 voit piilottaa s\u00e4ngyn ja avata sen. K\u00e4yt\u00e4mme kest\u00e4vi\u00e4 italialaisia mekanismeja, joiden ansiosta s\u00e4ngyn avaaminen on helppoa&#8230;<\/p>\n","protected":false},"featured_media":26310,"comment_status":"open","ping_status":"closed","template":"","meta":{"_acf_changed":false},"product_brand":[],"product_cat":[113],"product_tag":[],"class_list":{"0":"post-26237","1":"product","2":"type-product","3":"status-publish","4":"has-post-thumbnail","6":"product_cat-voodid","8":"first","9":"instock","10":"taxable","11":"shipping-taxable","12":"purchasable","13":"product-type-variable","14":"has-default-attributes"},"acf":[],"yoast_head":"<!-- This site is optimized with the Yoast SEO plugin v27.3 - https:\/\/yoast.com\/product\/yoast-seo-wordpress\/ -->\n<title>Vaakasuora kaappi-s\u00e4nky GRID hyllyll\u00e4 - Radis<\/title>\n<meta name=\"robots\" content=\"index, follow, max-snippet:-1, max-image-preview:large, max-video-preview:-1\" \/>\n<link rel=\"canonical\" href=\"https:\/\/radis.ee\/fi\/vaakasuora-kaappi-sanky-grid-hyllylla\/\" \/>\n<meta property=\"og:locale\" content=\"fi_FI\" \/>\n<meta property=\"og:type\" content=\"article\" \/>\n<meta property=\"og:title\" content=\"Vaakasuora kaappi-s\u00e4nky GRID hyllyll\u00e4 - Radis\" \/>\n<meta property=\"og:description\" content=\"GRID-hyllysarja on laajentunut vaakasuoralla piilovuoteella, johon tarjoamme my\u00f6s 4-ovisen hyllyn. Vaakakaappis\u00e4nky on ihanteellinen ratkaisu, kun tilaa on v\u00e4h\u00e4n, mutta s\u00e4ngyn mukavuudesta ja laadusta ei halua tinki\u00e4. \u00c4lykk\u00e4\u00e4t ja tilaa s\u00e4\u00e4st\u00e4v\u00e4t ratkaisut, jotka tekev\u00e4t asumisestasi toimivampaa ja el\u00e4v\u00e4mp\u00e4\u00e4. Kevyell\u00e4 liikkeell\u00e4 voit piilottaa s\u00e4ngyn ja avata sen. K\u00e4yt\u00e4mme kest\u00e4vi\u00e4 italialaisia mekanismeja, joiden ansiosta s\u00e4ngyn avaaminen on helppoa...\" \/>\n<meta property=\"og:url\" content=\"https:\/\/radis.ee\/fi\/vaakasuora-kaappi-sanky-grid-hyllylla\/\" \/>\n<meta property=\"og:site_name\" content=\"Radis\" \/>\n<meta property=\"article:publisher\" content=\"https:\/\/www.facebook.com\/radisfurniture\/\" \/>\n<meta property=\"article:modified_time\" content=\"2024-03-22T09:55:21+00:00\" \/>\n<meta property=\"og:image\" content=\"https:\/\/radis.ee\/wp-content\/uploads\/2024\/03\/Radis_horizontal_hideaway_bed_GRID_with_shelf_White_HPL_doors_Light_Oak-Birch_plywood_3.jpg\" \/>\n\t<meta property=\"og:image:width\" content=\"1360\" \/>\n\t<meta property=\"og:image:height\" content=\"1620\" \/>\n\t<meta property=\"og:image:type\" content=\"image\/jpeg\" \/>\n<meta name=\"twitter:card\" content=\"summary_large_image\" \/>\n<meta name=\"twitter:label1\" content=\"Arvioitu lukuaika\" \/>\n\t<meta name=\"twitter:data1\" content=\"1 minuutti\" \/>\n<script type=\"application\/ld+json\" class=\"yoast-schema-graph\">{\"@context\":\"https:\\\/\\\/schema.org\",\"@graph\":[{\"@type\":\"WebPage\",\"@id\":\"https:\\\/\\\/radis.ee\\\/fi\\\/vaakasuora-kaappi-sanky-grid-hyllylla\\\/\",\"url\":\"https:\\\/\\\/radis.ee\\\/fi\\\/vaakasuora-kaappi-sanky-grid-hyllylla\\\/\",\"name\":\"Vaakasuora kaappi-s\u00e4nky GRID hyllyll\u00e4 - Radis\",\"isPartOf\":{\"@id\":\"https:\\\/\\\/radis.ee\\\/#website\"},\"primaryImageOfPage\":{\"@id\":\"https:\\\/\\\/radis.ee\\\/fi\\\/vaakasuora-kaappi-sanky-grid-hyllylla\\\/#primaryimage\"},\"image\":{\"@id\":\"https:\\\/\\\/radis.ee\\\/fi\\\/vaakasuora-kaappi-sanky-grid-hyllylla\\\/#primaryimage\"},\"thumbnailUrl\":\"https:\\\/\\\/radis.ee\\\/wp-content\\\/uploads\\\/2024\\\/03\\\/Radis_horizontal_hideaway_bed_GRID_with_shelf_White_HPL_doors_Light_Oak-Birch_plywood_3.jpg\",\"datePublished\":\"2024-03-20T14:28:22+00:00\",\"dateModified\":\"2024-03-22T09:55:21+00:00\",\"breadcrumb\":{\"@id\":\"https:\\\/\\\/radis.ee\\\/fi\\\/vaakasuora-kaappi-sanky-grid-hyllylla\\\/#breadcrumb\"},\"inLanguage\":\"fi\",\"potentialAction\":[{\"@type\":\"ReadAction\",\"target\":[\"https:\\\/\\\/radis.ee\\\/fi\\\/vaakasuora-kaappi-sanky-grid-hyllylla\\\/\"]}]},{\"@type\":\"ImageObject\",\"inLanguage\":\"fi\",\"@id\":\"https:\\\/\\\/radis.ee\\\/fi\\\/vaakasuora-kaappi-sanky-grid-hyllylla\\\/#primaryimage\",\"url\":\"https:\\\/\\\/radis.ee\\\/wp-content\\\/uploads\\\/2024\\\/03\\\/Radis_horizontal_hideaway_bed_GRID_with_shelf_White_HPL_doors_Light_Oak-Birch_plywood_3.jpg\",\"contentUrl\":\"https:\\\/\\\/radis.ee\\\/wp-content\\\/uploads\\\/2024\\\/03\\\/Radis_horizontal_hideaway_bed_GRID_with_shelf_White_HPL_doors_Light_Oak-Birch_plywood_3.jpg\",\"width\":1360,\"height\":1620,\"caption\":\"Radis horizontal hideaway bed GRID with shelf white HPL doors Light Oak birch plywood\"},{\"@type\":\"BreadcrumbList\",\"@id\":\"https:\\\/\\\/radis.ee\\\/fi\\\/vaakasuora-kaappi-sanky-grid-hyllylla\\\/#breadcrumb\",\"itemListElement\":[{\"@type\":\"ListItem\",\"position\":1,\"name\":\"Home\",\"item\":\"https:\\\/\\\/radis.ee\\\/\"},{\"@type\":\"ListItem\",\"position\":2,\"name\":\"Tuotteet\",\"item\":\"https:\\\/\\\/radis.ee\\\/fi\\\/tuotteet\\\/\"},{\"@type\":\"ListItem\",\"position\":3,\"name\":\"Vaakasuora kaappi-s\u00e4nky GRID hyllyll\u00e4\"}]},{\"@type\":\"WebSite\",\"@id\":\"https:\\\/\\\/radis.ee\\\/#website\",\"url\":\"https:\\\/\\\/radis.ee\\\/\",\"name\":\"Radis\",\"description\":\"Nordic design furniture, environmentally friendly and sustainable.\",\"publisher\":{\"@id\":\"https:\\\/\\\/radis.ee\\\/#organization\"},\"potentialAction\":[{\"@type\":\"SearchAction\",\"target\":{\"@type\":\"EntryPoint\",\"urlTemplate\":\"https:\\\/\\\/radis.ee\\\/?s={search_term_string}\"},\"query-input\":{\"@type\":\"PropertyValueSpecification\",\"valueRequired\":true,\"valueName\":\"search_term_string\"}}],\"inLanguage\":\"fi\"},{\"@type\":\"Organization\",\"@id\":\"https:\\\/\\\/radis.ee\\\/#organization\",\"name\":\"Radis O\u00dc\",\"url\":\"https:\\\/\\\/radis.ee\\\/\",\"logo\":{\"@type\":\"ImageObject\",\"inLanguage\":\"fi\",\"@id\":\"https:\\\/\\\/radis.ee\\\/#\\\/schema\\\/logo\\\/image\\\/\",\"url\":\"https:\\\/\\\/radis.ee\\\/wp-content\\\/uploads\\\/2020\\\/10\\\/Radis-logo.png\",\"contentUrl\":\"https:\\\/\\\/radis.ee\\\/wp-content\\\/uploads\\\/2020\\\/10\\\/Radis-logo.png\",\"width\":300,\"height\":63,\"caption\":\"Radis O\u00dc\"},\"image\":{\"@id\":\"https:\\\/\\\/radis.ee\\\/#\\\/schema\\\/logo\\\/image\\\/\"},\"sameAs\":[\"https:\\\/\\\/www.facebook.com\\\/radisfurniture\\\/\"]}]}<\/script>\n<!-- \/ Yoast SEO plugin. -->","yoast_head_json":{"title":"Vaakasuora kaappi-s\u00e4nky GRID hyllyll\u00e4 - Radis","robots":{"index":"index","follow":"follow","max-snippet":"max-snippet:-1","max-image-preview":"max-image-preview:large","max-video-preview":"max-video-preview:-1"},"canonical":"https:\/\/radis.ee\/fi\/vaakasuora-kaappi-sanky-grid-hyllylla\/","og_locale":"fi_FI","og_type":"article","og_title":"Vaakasuora kaappi-s\u00e4nky GRID hyllyll\u00e4 - Radis","og_description":"GRID-hyllysarja on laajentunut vaakasuoralla piilovuoteella, johon tarjoamme my\u00f6s 4-ovisen hyllyn. Vaakakaappis\u00e4nky on ihanteellinen ratkaisu, kun tilaa on v\u00e4h\u00e4n, mutta s\u00e4ngyn mukavuudesta ja laadusta ei halua tinki\u00e4. \u00c4lykk\u00e4\u00e4t ja tilaa s\u00e4\u00e4st\u00e4v\u00e4t ratkaisut, jotka tekev\u00e4t asumisestasi toimivampaa ja el\u00e4v\u00e4mp\u00e4\u00e4. Kevyell\u00e4 liikkeell\u00e4 voit piilottaa s\u00e4ngyn ja avata sen. K\u00e4yt\u00e4mme kest\u00e4vi\u00e4 italialaisia mekanismeja, joiden ansiosta s\u00e4ngyn avaaminen on helppoa...","og_url":"https:\/\/radis.ee\/fi\/vaakasuora-kaappi-sanky-grid-hyllylla\/","og_site_name":"Radis","article_publisher":"https:\/\/www.facebook.com\/radisfurniture\/","article_modified_time":"2024-03-22T09:55:21+00:00","og_image":[{"width":1360,"height":1620,"url":"https:\/\/radis.ee\/wp-content\/uploads\/2024\/03\/Radis_horizontal_hideaway_bed_GRID_with_shelf_White_HPL_doors_Light_Oak-Birch_plywood_3.jpg","type":"image\/jpeg"}],"twitter_card":"summary_large_image","twitter_misc":{"Arvioitu lukuaika":"1 minuutti"},"schema":{"@context":"https:\/\/schema.org","@graph":[{"@type":"WebPage","@id":"https:\/\/radis.ee\/fi\/vaakasuora-kaappi-sanky-grid-hyllylla\/","url":"https:\/\/radis.ee\/fi\/vaakasuora-kaappi-sanky-grid-hyllylla\/","name":"Vaakasuora kaappi-s\u00e4nky GRID hyllyll\u00e4 - Radis","isPartOf":{"@id":"https:\/\/radis.ee\/#website"},"primaryImageOfPage":{"@id":"https:\/\/radis.ee\/fi\/vaakasuora-kaappi-sanky-grid-hyllylla\/#primaryimage"},"image":{"@id":"https:\/\/radis.ee\/fi\/vaakasuora-kaappi-sanky-grid-hyllylla\/#primaryimage"},"thumbnailUrl":"https:\/\/radis.ee\/wp-content\/uploads\/2024\/03\/Radis_horizontal_hideaway_bed_GRID_with_shelf_White_HPL_doors_Light_Oak-Birch_plywood_3.jpg","datePublished":"2024-03-20T14:28:22+00:00","dateModified":"2024-03-22T09:55:21+00:00","breadcrumb":{"@id":"https:\/\/radis.ee\/fi\/vaakasuora-kaappi-sanky-grid-hyllylla\/#breadcrumb"},"inLanguage":"fi","potentialAction":[{"@type":"ReadAction","target":["https:\/\/radis.ee\/fi\/vaakasuora-kaappi-sanky-grid-hyllylla\/"]}]},{"@type":"ImageObject","inLanguage":"fi","@id":"https:\/\/radis.ee\/fi\/vaakasuora-kaappi-sanky-grid-hyllylla\/#primaryimage","url":"https:\/\/radis.ee\/wp-content\/uploads\/2024\/03\/Radis_horizontal_hideaway_bed_GRID_with_shelf_White_HPL_doors_Light_Oak-Birch_plywood_3.jpg","contentUrl":"https:\/\/radis.ee\/wp-content\/uploads\/2024\/03\/Radis_horizontal_hideaway_bed_GRID_with_shelf_White_HPL_doors_Light_Oak-Birch_plywood_3.jpg","width":1360,"height":1620,"caption":"Radis horizontal hideaway bed GRID with shelf white HPL doors Light Oak birch plywood"},{"@type":"BreadcrumbList","@id":"https:\/\/radis.ee\/fi\/vaakasuora-kaappi-sanky-grid-hyllylla\/#breadcrumb","itemListElement":[{"@type":"ListItem","position":1,"name":"Home","item":"https:\/\/radis.ee\/"},{"@type":"ListItem","position":2,"name":"Tuotteet","item":"https:\/\/radis.ee\/fi\/tuotteet\/"},{"@type":"ListItem","position":3,"name":"Vaakasuora kaappi-s\u00e4nky GRID hyllyll\u00e4"}]},{"@type":"WebSite","@id":"https:\/\/radis.ee\/#website","url":"https:\/\/radis.ee\/","name":"Radis","description":"Nordic design furniture, environmentally friendly and sustainable.","publisher":{"@id":"https:\/\/radis.ee\/#organization"},"potentialAction":[{"@type":"SearchAction","target":{"@type":"EntryPoint","urlTemplate":"https:\/\/radis.ee\/?s={search_term_string}"},"query-input":{"@type":"PropertyValueSpecification","valueRequired":true,"valueName":"search_term_string"}}],"inLanguage":"fi"},{"@type":"Organization","@id":"https:\/\/radis.ee\/#organization","name":"Radis O\u00dc","url":"https:\/\/radis.ee\/","logo":{"@type":"ImageObject","inLanguage":"fi","@id":"https:\/\/radis.ee\/#\/schema\/logo\/image\/","url":"https:\/\/radis.ee\/wp-content\/uploads\/2020\/10\/Radis-logo.png","contentUrl":"https:\/\/radis.ee\/wp-content\/uploads\/2020\/10\/Radis-logo.png","width":300,"height":63,"caption":"Radis O\u00dc"},"image":{"@id":"https:\/\/radis.ee\/#\/schema\/logo\/image\/"},"sameAs":["https:\/\/www.facebook.com\/radisfurniture\/"]}]}},"_links":{"self":[{"href":"https:\/\/radis.ee\/fi\/wp-json\/wp\/v2\/product\/26237","targetHints":{"allow":["GET"]}}],"collection":[{"href":"https:\/\/radis.ee\/fi\/wp-json\/wp\/v2\/product"}],"about":[{"href":"https:\/\/radis.ee\/fi\/wp-json\/wp\/v2\/types\/product"}],"replies":[{"embeddable":true,"href":"https:\/\/radis.ee\/fi\/wp-json\/wp\/v2\/comments?post=26237"}],"wp:featuredmedia":[{"embeddable":true,"href":"https:\/\/radis.ee\/fi\/wp-json\/wp\/v2\/media\/26310"}],"wp:attachment":[{"href":"https:\/\/radis.ee\/fi\/wp-json\/wp\/v2\/media?parent=26237"}],"wp:term":[{"taxonomy":"product_brand","embeddable":true,"href":"https:\/\/radis.ee\/fi\/wp-json\/wp\/v2\/product_brand?post=26237"},{"taxonomy":"product_cat","embeddable":true,"href":"https:\/\/radis.ee\/fi\/wp-json\/wp\/v2\/product_cat?post=26237"},{"taxonomy":"product_tag","embeddable":true,"href":"https:\/\/radis.ee\/fi\/wp-json\/wp\/v2\/product_tag?post=26237"}],"curies":[{"name":"wp","href":"https:\/\/api.w.org\/{rel}","templated":true}]}}