{"id":26341,"date":"2024-04-01T17:59:20","date_gmt":"2024-04-01T14:59:22","guid":{"rendered":"https:\/\/radis.ee\/?post_type=product&#038;p=26341"},"modified":"2024-04-01T20:02:09","modified_gmt":"2024-04-01T17:02:09","slug":"seinalle-asennettava-tv-taso-floaty","status":"publish","type":"product","link":"https:\/\/radis.ee\/fi\/seinalle-asennettava-tv-taso-floaty\/","title":{"rendered":"Sein\u00e4lle asennettava TV-taso FLOATY"},"content":{"rendered":"<p>Kuten unelmien parhaat puolet, TV-p\u00f6yt\u00e4 FLOATY on ilmassa. Siin\u00e4 ei ole jalkoja ja se voidaan asentaa suoraan sein\u00e4lle.<\/p>\n<p>Sen vaatimaton syvyys ja korkeus tarkoittavat, ett\u00e4 se ei vie paljoa tilaa olohuoneessa, mutta silti se palvelee sille tarkoitettua teht\u00e4v\u00e4\u00e4 eritt\u00e4in hyvin. TV-telineess\u00e4 on useita halkaisijaltaan 4 cm:n reiki\u00e4 johtojen helppoon asennukseen &#8211; sek\u00e4 katossa ett\u00e4 pohjassa sek\u00e4 sis\u00e4seiniss\u00e4. Kaksi liukuovea ripatetulla tilassa, jonka takana voit s\u00e4ilytt\u00e4\u00e4 esimerkiksi television kaukos\u00e4\u00e4timen tai muita pienempi\u00e4 esineit\u00e4.<\/p>\n<p>Sein\u00e4\u00e4n ripustettava televisio FLOATY on kolmea eri leveytt\u00e4 (120-150-180cm), joten huoneeseesi sopivimman koon l\u00f6yt\u00e4minen on helppoa. FLOATY:lle voit valita eri viimeistelyvaihtoehdoista \u2013 tammiviilutettu tai HPL-pinnoitettu vaneri, my\u00f6s koivuvaneri Pebble Grey ja Light Oak \u00f6ljyvahattu.<\/p>\n<p>TV-telineen syvyys on 24 cm, kaapin sis\u00e4korkeus 16 cm.<\/p>\n","protected":false},"excerpt":{"rendered":"<p>Kuten unelmien parhaat puolet, TV-p\u00f6yt\u00e4 FLOATY on ilmassa. Siin\u00e4 ei ole jalkoja ja se voidaan asentaa suoraan sein\u00e4lle. Sen vaatimaton syvyys ja korkeus tarkoittavat, ett\u00e4 se ei vie paljoa tilaa olohuoneessa, mutta silti se palvelee sille tarkoitettua teht\u00e4v\u00e4\u00e4 eritt\u00e4in hyvin. TV-telineess\u00e4 on useita halkaisijaltaan 4 cm:n reiki\u00e4 johtojen helppoon asennukseen &#8211; sek\u00e4 katossa ett\u00e4 pohjassa&#8230;<\/p>\n","protected":false},"featured_media":26674,"comment_status":"open","ping_status":"closed","template":"","meta":{"_acf_changed":false},"product_brand":[],"product_cat":[112],"product_tag":[],"class_list":{"0":"post-26341","1":"product","2":"type-product","3":"status-publish","4":"has-post-thumbnail","6":"product_cat-tv-alused","8":"first","9":"instock","10":"sale","11":"taxable","12":"shipping-taxable","13":"purchasable","14":"product-type-variable","15":"has-default-attributes"},"acf":[],"yoast_head":"<!-- This site is optimized with the Yoast SEO plugin v27.4 - https:\/\/yoast.com\/product\/yoast-seo-wordpress\/ -->\n<title>Sein\u00e4lle asennettava TV-taso FLOATY - Radis<\/title>\n<meta name=\"robots\" content=\"index, follow, max-snippet:-1, max-image-preview:large, max-video-preview:-1\" \/>\n<link rel=\"canonical\" href=\"https:\/\/radis.ee\/seinapealne-tv-alus-floaty\/\" \/>\n<meta property=\"og:locale\" content=\"fi_FI\" \/>\n<meta property=\"og:type\" content=\"article\" \/>\n<meta property=\"og:title\" content=\"Sein\u00e4lle asennettava TV-taso FLOATY - Radis\" \/>\n<meta property=\"og:description\" content=\"Kuten unelmien parhaat puolet, TV-p\u00f6yt\u00e4 FLOATY on ilmassa. Siin\u00e4 ei ole jalkoja ja se voidaan asentaa suoraan sein\u00e4lle. Sen vaatimaton syvyys ja korkeus tarkoittavat, ett\u00e4 se ei vie paljoa tilaa olohuoneessa, mutta silti se palvelee sille tarkoitettua teht\u00e4v\u00e4\u00e4 eritt\u00e4in hyvin. TV-telineess\u00e4 on useita halkaisijaltaan 4 cm:n reiki\u00e4 johtojen helppoon asennukseen &#8211; sek\u00e4 katossa ett\u00e4 pohjassa...\" \/>\n<meta property=\"og:url\" content=\"https:\/\/radis.ee\/seinapealne-tv-alus-floaty\/\" \/>\n<meta property=\"og:site_name\" content=\"Radis\" \/>\n<meta property=\"article:publisher\" content=\"https:\/\/www.facebook.com\/radisfurniture\/\" \/>\n<meta property=\"article:modified_time\" content=\"2024-04-01T17:02:09+00:00\" \/>\n<meta property=\"og:image\" content=\"https:\/\/radis.ee\/wp-content\/uploads\/2024\/04\/RADIS_wall_mounted_TV_stand_FLOATY_white_background_2.jpg\" \/>\n\t<meta property=\"og:image:width\" content=\"1060\" \/>\n\t<meta property=\"og:image:height\" content=\"1263\" \/>\n\t<meta property=\"og:image:type\" content=\"image\/jpeg\" \/>\n<meta name=\"twitter:card\" content=\"summary_large_image\" \/>\n<meta name=\"twitter:label1\" content=\"Arvioitu lukuaika\" \/>\n\t<meta name=\"twitter:data1\" content=\"1 minuutti\" \/>\n<script type=\"application\/ld+json\" class=\"yoast-schema-graph\">{\"@context\":\"https:\\\/\\\/schema.org\",\"@graph\":[{\"@type\":\"WebPage\",\"@id\":\"https:\\\/\\\/radis.ee\\\/seinapealne-tv-alus-floaty\\\/\",\"url\":\"https:\\\/\\\/radis.ee\\\/seinapealne-tv-alus-floaty\\\/\",\"name\":\"Sein\u00e4lle asennettava TV-taso FLOATY - Radis\",\"isPartOf\":{\"@id\":\"https:\\\/\\\/radis.ee\\\/#website\"},\"primaryImageOfPage\":{\"@id\":\"https:\\\/\\\/radis.ee\\\/seinapealne-tv-alus-floaty\\\/#primaryimage\"},\"image\":{\"@id\":\"https:\\\/\\\/radis.ee\\\/seinapealne-tv-alus-floaty\\\/#primaryimage\"},\"thumbnailUrl\":\"https:\\\/\\\/radis.ee\\\/wp-content\\\/uploads\\\/2024\\\/04\\\/RADIS_wall_mounted_TV_stand_FLOATY_white_background_2.jpg\",\"datePublished\":\"2024-04-01T14:59:22+00:00\",\"dateModified\":\"2024-04-01T17:02:09+00:00\",\"breadcrumb\":{\"@id\":\"https:\\\/\\\/radis.ee\\\/seinapealne-tv-alus-floaty\\\/#breadcrumb\"},\"inLanguage\":\"fi\",\"potentialAction\":[{\"@type\":\"ReadAction\",\"target\":[\"https:\\\/\\\/radis.ee\\\/seinapealne-tv-alus-floaty\\\/\"]}]},{\"@type\":\"ImageObject\",\"inLanguage\":\"fi\",\"@id\":\"https:\\\/\\\/radis.ee\\\/seinapealne-tv-alus-floaty\\\/#primaryimage\",\"url\":\"https:\\\/\\\/radis.ee\\\/wp-content\\\/uploads\\\/2024\\\/04\\\/RADIS_wall_mounted_TV_stand_FLOATY_white_background_2.jpg\",\"contentUrl\":\"https:\\\/\\\/radis.ee\\\/wp-content\\\/uploads\\\/2024\\\/04\\\/RADIS_wall_mounted_TV_stand_FLOATY_white_background_2.jpg\",\"width\":1060,\"height\":1263,\"caption\":\"RADIS TV-stand FLOATY Oak veneered plywood\"},{\"@type\":\"BreadcrumbList\",\"@id\":\"https:\\\/\\\/radis.ee\\\/seinapealne-tv-alus-floaty\\\/#breadcrumb\",\"itemListElement\":[{\"@type\":\"ListItem\",\"position\":1,\"name\":\"Home\",\"item\":\"https:\\\/\\\/radis.ee\\\/\"},{\"@type\":\"ListItem\",\"position\":2,\"name\":\"Tuotteet\",\"item\":\"https:\\\/\\\/radis.ee\\\/fi\\\/tuotteet\\\/\"},{\"@type\":\"ListItem\",\"position\":3,\"name\":\"Sein\u00e4lle asennettava TV-taso FLOATY\"}]},{\"@type\":\"WebSite\",\"@id\":\"https:\\\/\\\/radis.ee\\\/#website\",\"url\":\"https:\\\/\\\/radis.ee\\\/\",\"name\":\"Radis\",\"description\":\"Nordic design furniture, environmentally friendly and sustainable.\",\"publisher\":{\"@id\":\"https:\\\/\\\/radis.ee\\\/#organization\"},\"potentialAction\":[{\"@type\":\"SearchAction\",\"target\":{\"@type\":\"EntryPoint\",\"urlTemplate\":\"https:\\\/\\\/radis.ee\\\/?s={search_term_string}\"},\"query-input\":{\"@type\":\"PropertyValueSpecification\",\"valueRequired\":true,\"valueName\":\"search_term_string\"}}],\"inLanguage\":\"fi\"},{\"@type\":\"Organization\",\"@id\":\"https:\\\/\\\/radis.ee\\\/#organization\",\"name\":\"Radis O\u00dc\",\"url\":\"https:\\\/\\\/radis.ee\\\/\",\"logo\":{\"@type\":\"ImageObject\",\"inLanguage\":\"fi\",\"@id\":\"https:\\\/\\\/radis.ee\\\/#\\\/schema\\\/logo\\\/image\\\/\",\"url\":\"https:\\\/\\\/radis.ee\\\/wp-content\\\/uploads\\\/2020\\\/10\\\/Radis-logo.png\",\"contentUrl\":\"https:\\\/\\\/radis.ee\\\/wp-content\\\/uploads\\\/2020\\\/10\\\/Radis-logo.png\",\"width\":300,\"height\":63,\"caption\":\"Radis O\u00dc\"},\"image\":{\"@id\":\"https:\\\/\\\/radis.ee\\\/#\\\/schema\\\/logo\\\/image\\\/\"},\"sameAs\":[\"https:\\\/\\\/www.facebook.com\\\/radisfurniture\\\/\"]}]}<\/script>\n<!-- \/ Yoast SEO plugin. -->","yoast_head_json":{"title":"Sein\u00e4lle asennettava TV-taso FLOATY - Radis","robots":{"index":"index","follow":"follow","max-snippet":"max-snippet:-1","max-image-preview":"max-image-preview:large","max-video-preview":"max-video-preview:-1"},"canonical":"https:\/\/radis.ee\/seinapealne-tv-alus-floaty\/","og_locale":"fi_FI","og_type":"article","og_title":"Sein\u00e4lle asennettava TV-taso FLOATY - Radis","og_description":"Kuten unelmien parhaat puolet, TV-p\u00f6yt\u00e4 FLOATY on ilmassa. Siin\u00e4 ei ole jalkoja ja se voidaan asentaa suoraan sein\u00e4lle. Sen vaatimaton syvyys ja korkeus tarkoittavat, ett\u00e4 se ei vie paljoa tilaa olohuoneessa, mutta silti se palvelee sille tarkoitettua teht\u00e4v\u00e4\u00e4 eritt\u00e4in hyvin. TV-telineess\u00e4 on useita halkaisijaltaan 4 cm:n reiki\u00e4 johtojen helppoon asennukseen &#8211; sek\u00e4 katossa ett\u00e4 pohjassa...","og_url":"https:\/\/radis.ee\/seinapealne-tv-alus-floaty\/","og_site_name":"Radis","article_publisher":"https:\/\/www.facebook.com\/radisfurniture\/","article_modified_time":"2024-04-01T17:02:09+00:00","og_image":[{"width":1060,"height":1263,"url":"https:\/\/radis.ee\/wp-content\/uploads\/2024\/04\/RADIS_wall_mounted_TV_stand_FLOATY_white_background_2.jpg","type":"image\/jpeg"}],"twitter_card":"summary_large_image","twitter_misc":{"Arvioitu lukuaika":"1 minuutti"},"schema":{"@context":"https:\/\/schema.org","@graph":[{"@type":"WebPage","@id":"https:\/\/radis.ee\/seinapealne-tv-alus-floaty\/","url":"https:\/\/radis.ee\/seinapealne-tv-alus-floaty\/","name":"Sein\u00e4lle asennettava TV-taso FLOATY - Radis","isPartOf":{"@id":"https:\/\/radis.ee\/#website"},"primaryImageOfPage":{"@id":"https:\/\/radis.ee\/seinapealne-tv-alus-floaty\/#primaryimage"},"image":{"@id":"https:\/\/radis.ee\/seinapealne-tv-alus-floaty\/#primaryimage"},"thumbnailUrl":"https:\/\/radis.ee\/wp-content\/uploads\/2024\/04\/RADIS_wall_mounted_TV_stand_FLOATY_white_background_2.jpg","datePublished":"2024-04-01T14:59:22+00:00","dateModified":"2024-04-01T17:02:09+00:00","breadcrumb":{"@id":"https:\/\/radis.ee\/seinapealne-tv-alus-floaty\/#breadcrumb"},"inLanguage":"fi","potentialAction":[{"@type":"ReadAction","target":["https:\/\/radis.ee\/seinapealne-tv-alus-floaty\/"]}]},{"@type":"ImageObject","inLanguage":"fi","@id":"https:\/\/radis.ee\/seinapealne-tv-alus-floaty\/#primaryimage","url":"https:\/\/radis.ee\/wp-content\/uploads\/2024\/04\/RADIS_wall_mounted_TV_stand_FLOATY_white_background_2.jpg","contentUrl":"https:\/\/radis.ee\/wp-content\/uploads\/2024\/04\/RADIS_wall_mounted_TV_stand_FLOATY_white_background_2.jpg","width":1060,"height":1263,"caption":"RADIS TV-stand FLOATY Oak veneered plywood"},{"@type":"BreadcrumbList","@id":"https:\/\/radis.ee\/seinapealne-tv-alus-floaty\/#breadcrumb","itemListElement":[{"@type":"ListItem","position":1,"name":"Home","item":"https:\/\/radis.ee\/"},{"@type":"ListItem","position":2,"name":"Tuotteet","item":"https:\/\/radis.ee\/fi\/tuotteet\/"},{"@type":"ListItem","position":3,"name":"Sein\u00e4lle asennettava TV-taso FLOATY"}]},{"@type":"WebSite","@id":"https:\/\/radis.ee\/#website","url":"https:\/\/radis.ee\/","name":"Radis","description":"Nordic design furniture, environmentally friendly and sustainable.","publisher":{"@id":"https:\/\/radis.ee\/#organization"},"potentialAction":[{"@type":"SearchAction","target":{"@type":"EntryPoint","urlTemplate":"https:\/\/radis.ee\/?s={search_term_string}"},"query-input":{"@type":"PropertyValueSpecification","valueRequired":true,"valueName":"search_term_string"}}],"inLanguage":"fi"},{"@type":"Organization","@id":"https:\/\/radis.ee\/#organization","name":"Radis O\u00dc","url":"https:\/\/radis.ee\/","logo":{"@type":"ImageObject","inLanguage":"fi","@id":"https:\/\/radis.ee\/#\/schema\/logo\/image\/","url":"https:\/\/radis.ee\/wp-content\/uploads\/2020\/10\/Radis-logo.png","contentUrl":"https:\/\/radis.ee\/wp-content\/uploads\/2020\/10\/Radis-logo.png","width":300,"height":63,"caption":"Radis O\u00dc"},"image":{"@id":"https:\/\/radis.ee\/#\/schema\/logo\/image\/"},"sameAs":["https:\/\/www.facebook.com\/radisfurniture\/"]}]}},"_links":{"self":[{"href":"https:\/\/radis.ee\/fi\/wp-json\/wp\/v2\/product\/26341","targetHints":{"allow":["GET"]}}],"collection":[{"href":"https:\/\/radis.ee\/fi\/wp-json\/wp\/v2\/product"}],"about":[{"href":"https:\/\/radis.ee\/fi\/wp-json\/wp\/v2\/types\/product"}],"replies":[{"embeddable":true,"href":"https:\/\/radis.ee\/fi\/wp-json\/wp\/v2\/comments?post=26341"}],"wp:featuredmedia":[{"embeddable":true,"href":"https:\/\/radis.ee\/fi\/wp-json\/wp\/v2\/media\/26674"}],"wp:attachment":[{"href":"https:\/\/radis.ee\/fi\/wp-json\/wp\/v2\/media?parent=26341"}],"wp:term":[{"taxonomy":"product_brand","embeddable":true,"href":"https:\/\/radis.ee\/fi\/wp-json\/wp\/v2\/product_brand?post=26341"},{"taxonomy":"product_cat","embeddable":true,"href":"https:\/\/radis.ee\/fi\/wp-json\/wp\/v2\/product_cat?post=26341"},{"taxonomy":"product_tag","embeddable":true,"href":"https:\/\/radis.ee\/fi\/wp-json\/wp\/v2\/product_tag?post=26341"}],"curies":[{"name":"wp","href":"https:\/\/api.w.org\/{rel}","templated":true}]}}