{"id":26519,"date":"2020-04-17T22:56:49","date_gmt":"2024-04-04T19:56:51","guid":{"rendered":"https:\/\/radis.ee\/?post_type=product&#038;p=26519"},"modified":"2024-04-10T12:12:23","modified_gmt":"2024-04-10T09:12:23","slug":"hylly-ove","status":"publish","type":"product","link":"https:\/\/radis.ee\/fi\/hylly-ove\/","title":{"rendered":"Hylly OVE"},"content":{"rendered":"<p>OVE-hylly muistuttaa skandinaavisimpia huonekaluja pehmeill\u00e4\u00e4n py\u00f6reill\u00e4 kulmilla, useilla k\u00e4ytt\u00f6vaihtoehdoilla ja geometrisilla muodoilla. OVE-hylly\u00e4 on kolmea eri korkeutta ja muotoa, joten voit k\u00e4ytt\u00e4\u00e4 sit\u00e4 my\u00f6s senkkin\u00e4 tai sohvap\u00f6yt\u00e4n\u00e4. Korkein hylly on todellinen showtopper, jonka korkeus on 148 cm.<\/p>\n<p>OVE:n hyllyjen sis\u00e4korkeus on 33 cm, mik\u00e4 tekee siit\u00e4 ihanteellisen s\u00e4ilytystilan vinyylilevyille. Tammiviiluviimeistely on neutraali ja ajaton ja n\u00e4ytt\u00e4\u00e4 hyv\u00e4lt\u00e4 miss\u00e4 tahansa sisustuksessa. Olipa koko mik\u00e4 tahansa, OVE on sijoitus ajattomaan ja klassiseen huonekaluun.<\/p>\n<p>Saatavana useissa eri korkeuksissa:<\/p>\n<ul>\n<li>2-kerroksinen, 50 cm<\/li>\n<li>3-kerroksinen, 79 cm<\/li>\n<li>5-kerroksinen, 148 cm<\/li>\n<\/ul>\n<p>Valmistettu tammiviilutusta koivuvanerista, \u00f6ljyvahattu.<\/p>\n","protected":false},"excerpt":{"rendered":"<p>OVE-hylly muistuttaa skandinaavisimpia huonekaluja pehmeill\u00e4\u00e4n py\u00f6reill\u00e4 kulmilla, useilla k\u00e4ytt\u00f6vaihtoehdoilla ja geometrisilla muodoilla. OVE-hylly\u00e4 on kolmea eri korkeutta ja muotoa, joten voit k\u00e4ytt\u00e4\u00e4 sit\u00e4 my\u00f6s senkkin\u00e4 tai sohvap\u00f6yt\u00e4n\u00e4. Korkein hylly on todellinen showtopper, jonka korkeus on 148 cm. OVE:n hyllyjen sis\u00e4korkeus on 33 cm, mik\u00e4 tekee siit\u00e4 ihanteellisen s\u00e4ilytystilan vinyylilevyille. Tammiviiluviimeistely on neutraali ja ajaton ja&#8230;<\/p>\n","protected":false},"featured_media":26662,"comment_status":"open","ping_status":"closed","template":"","meta":{"_acf_changed":false},"product_brand":[],"product_cat":[109],"product_tag":[],"class_list":{"0":"post-26519","1":"product","2":"type-product","3":"status-publish","4":"has-post-thumbnail","6":"product_cat-riiulid","8":"first","9":"instock","10":"taxable","11":"shipping-taxable","12":"purchasable","13":"product-type-variable","14":"has-default-attributes"},"acf":[],"yoast_head":"<!-- This site is optimized with the Yoast SEO plugin v27.4 - https:\/\/yoast.com\/product\/yoast-seo-wordpress\/ -->\n<title>Hylly OVE - Radis<\/title>\n<meta name=\"robots\" content=\"index, follow, max-snippet:-1, max-image-preview:large, max-video-preview:-1\" \/>\n<link rel=\"canonical\" href=\"https:\/\/radis.ee\/fi\/hylly-ove\/\" \/>\n<meta property=\"og:locale\" content=\"fi_FI\" \/>\n<meta property=\"og:type\" content=\"article\" \/>\n<meta property=\"og:title\" content=\"Hylly OVE - Radis\" \/>\n<meta property=\"og:description\" content=\"OVE-hylly muistuttaa skandinaavisimpia huonekaluja pehmeill\u00e4\u00e4n py\u00f6reill\u00e4 kulmilla, useilla k\u00e4ytt\u00f6vaihtoehdoilla ja geometrisilla muodoilla. OVE-hylly\u00e4 on kolmea eri korkeutta ja muotoa, joten voit k\u00e4ytt\u00e4\u00e4 sit\u00e4 my\u00f6s senkkin\u00e4 tai sohvap\u00f6yt\u00e4n\u00e4. Korkein hylly on todellinen showtopper, jonka korkeus on 148 cm. OVE:n hyllyjen sis\u00e4korkeus on 33 cm, mik\u00e4 tekee siit\u00e4 ihanteellisen s\u00e4ilytystilan vinyylilevyille. Tammiviiluviimeistely on neutraali ja ajaton ja...\" \/>\n<meta property=\"og:url\" content=\"https:\/\/radis.ee\/fi\/hylly-ove\/\" \/>\n<meta property=\"og:site_name\" content=\"Radis\" \/>\n<meta property=\"article:publisher\" content=\"https:\/\/www.facebook.com\/radisfurniture\/\" \/>\n<meta property=\"article:modified_time\" content=\"2024-04-10T09:12:23+00:00\" \/>\n<meta property=\"og:image\" content=\"https:\/\/radis.ee\/wp-content\/uploads\/2024\/04\/RADIS_shelf_OVE_5_levels_Oak_veneered_plywood_4.jpg\" \/>\n\t<meta property=\"og:image:width\" content=\"1060\" \/>\n\t<meta property=\"og:image:height\" content=\"1263\" \/>\n\t<meta property=\"og:image:type\" content=\"image\/jpeg\" \/>\n<meta name=\"twitter:card\" content=\"summary_large_image\" \/>\n<meta name=\"twitter:label1\" content=\"Arvioitu lukuaika\" \/>\n\t<meta name=\"twitter:data1\" content=\"1 minuutti\" \/>\n<script type=\"application\/ld+json\" class=\"yoast-schema-graph\">{\"@context\":\"https:\\\/\\\/schema.org\",\"@graph\":[{\"@type\":\"WebPage\",\"@id\":\"https:\\\/\\\/radis.ee\\\/fi\\\/hylly-ove\\\/\",\"url\":\"https:\\\/\\\/radis.ee\\\/fi\\\/hylly-ove\\\/\",\"name\":\"Hylly OVE - Radis\",\"isPartOf\":{\"@id\":\"https:\\\/\\\/radis.ee\\\/#website\"},\"primaryImageOfPage\":{\"@id\":\"https:\\\/\\\/radis.ee\\\/fi\\\/hylly-ove\\\/#primaryimage\"},\"image\":{\"@id\":\"https:\\\/\\\/radis.ee\\\/fi\\\/hylly-ove\\\/#primaryimage\"},\"thumbnailUrl\":\"https:\\\/\\\/radis.ee\\\/wp-content\\\/uploads\\\/2024\\\/04\\\/RADIS_shelf_OVE_5_levels_Oak_veneered_plywood_4.jpg\",\"datePublished\":\"2024-04-04T19:56:51+00:00\",\"dateModified\":\"2024-04-10T09:12:23+00:00\",\"breadcrumb\":{\"@id\":\"https:\\\/\\\/radis.ee\\\/fi\\\/hylly-ove\\\/#breadcrumb\"},\"inLanguage\":\"fi\",\"potentialAction\":[{\"@type\":\"ReadAction\",\"target\":[\"https:\\\/\\\/radis.ee\\\/fi\\\/hylly-ove\\\/\"]}]},{\"@type\":\"ImageObject\",\"inLanguage\":\"fi\",\"@id\":\"https:\\\/\\\/radis.ee\\\/fi\\\/hylly-ove\\\/#primaryimage\",\"url\":\"https:\\\/\\\/radis.ee\\\/wp-content\\\/uploads\\\/2024\\\/04\\\/RADIS_shelf_OVE_5_levels_Oak_veneered_plywood_4.jpg\",\"contentUrl\":\"https:\\\/\\\/radis.ee\\\/wp-content\\\/uploads\\\/2024\\\/04\\\/RADIS_shelf_OVE_5_levels_Oak_veneered_plywood_4.jpg\",\"width\":1060,\"height\":1263,\"caption\":\"Radis shelf OVE 5 story Oak veneered plywood\"},{\"@type\":\"BreadcrumbList\",\"@id\":\"https:\\\/\\\/radis.ee\\\/fi\\\/hylly-ove\\\/#breadcrumb\",\"itemListElement\":[{\"@type\":\"ListItem\",\"position\":1,\"name\":\"Home\",\"item\":\"https:\\\/\\\/radis.ee\\\/\"},{\"@type\":\"ListItem\",\"position\":2,\"name\":\"Tuotteet\",\"item\":\"https:\\\/\\\/radis.ee\\\/fi\\\/tuotteet\\\/\"},{\"@type\":\"ListItem\",\"position\":3,\"name\":\"Hylly OVE\"}]},{\"@type\":\"WebSite\",\"@id\":\"https:\\\/\\\/radis.ee\\\/#website\",\"url\":\"https:\\\/\\\/radis.ee\\\/\",\"name\":\"Radis\",\"description\":\"Nordic design furniture, environmentally friendly and sustainable.\",\"publisher\":{\"@id\":\"https:\\\/\\\/radis.ee\\\/#organization\"},\"potentialAction\":[{\"@type\":\"SearchAction\",\"target\":{\"@type\":\"EntryPoint\",\"urlTemplate\":\"https:\\\/\\\/radis.ee\\\/?s={search_term_string}\"},\"query-input\":{\"@type\":\"PropertyValueSpecification\",\"valueRequired\":true,\"valueName\":\"search_term_string\"}}],\"inLanguage\":\"fi\"},{\"@type\":\"Organization\",\"@id\":\"https:\\\/\\\/radis.ee\\\/#organization\",\"name\":\"Radis O\u00dc\",\"url\":\"https:\\\/\\\/radis.ee\\\/\",\"logo\":{\"@type\":\"ImageObject\",\"inLanguage\":\"fi\",\"@id\":\"https:\\\/\\\/radis.ee\\\/#\\\/schema\\\/logo\\\/image\\\/\",\"url\":\"https:\\\/\\\/radis.ee\\\/wp-content\\\/uploads\\\/2020\\\/10\\\/Radis-logo.png\",\"contentUrl\":\"https:\\\/\\\/radis.ee\\\/wp-content\\\/uploads\\\/2020\\\/10\\\/Radis-logo.png\",\"width\":300,\"height\":63,\"caption\":\"Radis O\u00dc\"},\"image\":{\"@id\":\"https:\\\/\\\/radis.ee\\\/#\\\/schema\\\/logo\\\/image\\\/\"},\"sameAs\":[\"https:\\\/\\\/www.facebook.com\\\/radisfurniture\\\/\"]}]}<\/script>\n<!-- \/ Yoast SEO plugin. -->","yoast_head_json":{"title":"Hylly OVE - Radis","robots":{"index":"index","follow":"follow","max-snippet":"max-snippet:-1","max-image-preview":"max-image-preview:large","max-video-preview":"max-video-preview:-1"},"canonical":"https:\/\/radis.ee\/fi\/hylly-ove\/","og_locale":"fi_FI","og_type":"article","og_title":"Hylly OVE - Radis","og_description":"OVE-hylly muistuttaa skandinaavisimpia huonekaluja pehmeill\u00e4\u00e4n py\u00f6reill\u00e4 kulmilla, useilla k\u00e4ytt\u00f6vaihtoehdoilla ja geometrisilla muodoilla. OVE-hylly\u00e4 on kolmea eri korkeutta ja muotoa, joten voit k\u00e4ytt\u00e4\u00e4 sit\u00e4 my\u00f6s senkkin\u00e4 tai sohvap\u00f6yt\u00e4n\u00e4. Korkein hylly on todellinen showtopper, jonka korkeus on 148 cm. OVE:n hyllyjen sis\u00e4korkeus on 33 cm, mik\u00e4 tekee siit\u00e4 ihanteellisen s\u00e4ilytystilan vinyylilevyille. Tammiviiluviimeistely on neutraali ja ajaton ja...","og_url":"https:\/\/radis.ee\/fi\/hylly-ove\/","og_site_name":"Radis","article_publisher":"https:\/\/www.facebook.com\/radisfurniture\/","article_modified_time":"2024-04-10T09:12:23+00:00","og_image":[{"width":1060,"height":1263,"url":"https:\/\/radis.ee\/wp-content\/uploads\/2024\/04\/RADIS_shelf_OVE_5_levels_Oak_veneered_plywood_4.jpg","type":"image\/jpeg"}],"twitter_card":"summary_large_image","twitter_misc":{"Arvioitu lukuaika":"1 minuutti"},"schema":{"@context":"https:\/\/schema.org","@graph":[{"@type":"WebPage","@id":"https:\/\/radis.ee\/fi\/hylly-ove\/","url":"https:\/\/radis.ee\/fi\/hylly-ove\/","name":"Hylly OVE - Radis","isPartOf":{"@id":"https:\/\/radis.ee\/#website"},"primaryImageOfPage":{"@id":"https:\/\/radis.ee\/fi\/hylly-ove\/#primaryimage"},"image":{"@id":"https:\/\/radis.ee\/fi\/hylly-ove\/#primaryimage"},"thumbnailUrl":"https:\/\/radis.ee\/wp-content\/uploads\/2024\/04\/RADIS_shelf_OVE_5_levels_Oak_veneered_plywood_4.jpg","datePublished":"2024-04-04T19:56:51+00:00","dateModified":"2024-04-10T09:12:23+00:00","breadcrumb":{"@id":"https:\/\/radis.ee\/fi\/hylly-ove\/#breadcrumb"},"inLanguage":"fi","potentialAction":[{"@type":"ReadAction","target":["https:\/\/radis.ee\/fi\/hylly-ove\/"]}]},{"@type":"ImageObject","inLanguage":"fi","@id":"https:\/\/radis.ee\/fi\/hylly-ove\/#primaryimage","url":"https:\/\/radis.ee\/wp-content\/uploads\/2024\/04\/RADIS_shelf_OVE_5_levels_Oak_veneered_plywood_4.jpg","contentUrl":"https:\/\/radis.ee\/wp-content\/uploads\/2024\/04\/RADIS_shelf_OVE_5_levels_Oak_veneered_plywood_4.jpg","width":1060,"height":1263,"caption":"Radis shelf OVE 5 story Oak veneered plywood"},{"@type":"BreadcrumbList","@id":"https:\/\/radis.ee\/fi\/hylly-ove\/#breadcrumb","itemListElement":[{"@type":"ListItem","position":1,"name":"Home","item":"https:\/\/radis.ee\/"},{"@type":"ListItem","position":2,"name":"Tuotteet","item":"https:\/\/radis.ee\/fi\/tuotteet\/"},{"@type":"ListItem","position":3,"name":"Hylly OVE"}]},{"@type":"WebSite","@id":"https:\/\/radis.ee\/#website","url":"https:\/\/radis.ee\/","name":"Radis","description":"Nordic design furniture, environmentally friendly and sustainable.","publisher":{"@id":"https:\/\/radis.ee\/#organization"},"potentialAction":[{"@type":"SearchAction","target":{"@type":"EntryPoint","urlTemplate":"https:\/\/radis.ee\/?s={search_term_string}"},"query-input":{"@type":"PropertyValueSpecification","valueRequired":true,"valueName":"search_term_string"}}],"inLanguage":"fi"},{"@type":"Organization","@id":"https:\/\/radis.ee\/#organization","name":"Radis O\u00dc","url":"https:\/\/radis.ee\/","logo":{"@type":"ImageObject","inLanguage":"fi","@id":"https:\/\/radis.ee\/#\/schema\/logo\/image\/","url":"https:\/\/radis.ee\/wp-content\/uploads\/2020\/10\/Radis-logo.png","contentUrl":"https:\/\/radis.ee\/wp-content\/uploads\/2020\/10\/Radis-logo.png","width":300,"height":63,"caption":"Radis O\u00dc"},"image":{"@id":"https:\/\/radis.ee\/#\/schema\/logo\/image\/"},"sameAs":["https:\/\/www.facebook.com\/radisfurniture\/"]}]}},"_links":{"self":[{"href":"https:\/\/radis.ee\/fi\/wp-json\/wp\/v2\/product\/26519","targetHints":{"allow":["GET"]}}],"collection":[{"href":"https:\/\/radis.ee\/fi\/wp-json\/wp\/v2\/product"}],"about":[{"href":"https:\/\/radis.ee\/fi\/wp-json\/wp\/v2\/types\/product"}],"replies":[{"embeddable":true,"href":"https:\/\/radis.ee\/fi\/wp-json\/wp\/v2\/comments?post=26519"}],"wp:featuredmedia":[{"embeddable":true,"href":"https:\/\/radis.ee\/fi\/wp-json\/wp\/v2\/media\/26662"}],"wp:attachment":[{"href":"https:\/\/radis.ee\/fi\/wp-json\/wp\/v2\/media?parent=26519"}],"wp:term":[{"taxonomy":"product_brand","embeddable":true,"href":"https:\/\/radis.ee\/fi\/wp-json\/wp\/v2\/product_brand?post=26519"},{"taxonomy":"product_cat","embeddable":true,"href":"https:\/\/radis.ee\/fi\/wp-json\/wp\/v2\/product_cat?post=26519"},{"taxonomy":"product_tag","embeddable":true,"href":"https:\/\/radis.ee\/fi\/wp-json\/wp\/v2\/product_tag?post=26519"}],"curies":[{"name":"wp","href":"https:\/\/api.w.org\/{rel}","templated":true}]}}