{"id":26753,"date":"2020-04-17T10:31:19","date_gmt":"2024-04-20T08:31:20","guid":{"rendered":"https:\/\/radis.ee\/?post_type=product&#038;p=26753"},"modified":"2024-04-20T11:48:51","modified_gmt":"2024-04-20T08:48:51","slug":"kulmahylly-ove","status":"publish","type":"product","link":"https:\/\/radis.ee\/fi\/kulmahylly-ove\/","title":{"rendered":"Kulmahylly OVE"},"content":{"rendered":"<p>OVE-kulmahylly muistuttaa skandinaavisimpia huonekaluja pehmeill\u00e4\u00e4n py\u00f6reill\u00e4 kulmilla, useilla k\u00e4ytt\u00f6vaihtoehdoilla ja geometrisilla muodoilla. Se on todellinen showtopperi, jonka korkeus on 150 cm.<\/p>\n<p>OVE:n hyllyjen sis\u00e4korkeus on 38 cm, mik\u00e4 tekee siit\u00e4 ihanteellisen s\u00e4ilytystilan vinyylilevyille. Tammiviiluviimeistely on neutraali ja ajaton ja n\u00e4ytt\u00e4\u00e4 hyv\u00e4lt\u00e4 miss\u00e4 tahansa sisustuksessa. Cornershelf OVE on sijoitus ajattomaan ja klassiseen huonekaluun.<\/p>\n<p>Valmistettu tammiviilutusta koivuvanerista, \u00f6ljyvahattu.<\/p>\n","protected":false},"excerpt":{"rendered":"<p>OVE-kulmahylly muistuttaa skandinaavisimpia huonekaluja pehmeill\u00e4\u00e4n py\u00f6reill\u00e4 kulmilla, useilla k\u00e4ytt\u00f6vaihtoehdoilla ja geometrisilla muodoilla. Se on todellinen showtopperi, jonka korkeus on 150 cm. OVE:n hyllyjen sis\u00e4korkeus on 38 cm, mik\u00e4 tekee siit\u00e4 ihanteellisen s\u00e4ilytystilan vinyylilevyille. Tammiviiluviimeistely on neutraali ja ajaton ja n\u00e4ytt\u00e4\u00e4 hyv\u00e4lt\u00e4 miss\u00e4 tahansa sisustuksessa. Cornershelf OVE on sijoitus ajattomaan ja klassiseen huonekaluun. Valmistettu tammiviilutusta koivuvanerista,&#8230;<\/p>\n","protected":false},"featured_media":26774,"comment_status":"open","ping_status":"closed","template":"","meta":{"_acf_changed":false},"product_brand":[],"product_cat":[109],"product_tag":[],"class_list":{"0":"post-26753","1":"product","2":"type-product","3":"status-publish","4":"has-post-thumbnail","6":"product_cat-riiulid","8":"first","9":"instock","10":"taxable","11":"shipping-taxable","12":"purchasable","13":"product-type-simple"},"acf":[],"yoast_head":"<!-- This site is optimized with the Yoast SEO plugin v27.4 - https:\/\/yoast.com\/product\/yoast-seo-wordpress\/ -->\n<title>Kulmahylly OVE - Radis<\/title>\n<meta name=\"robots\" content=\"index, follow, max-snippet:-1, max-image-preview:large, max-video-preview:-1\" \/>\n<link rel=\"canonical\" href=\"https:\/\/radis.ee\/fi\/kulmahylly-ove\/\" \/>\n<meta property=\"og:locale\" content=\"fi_FI\" \/>\n<meta property=\"og:type\" content=\"article\" \/>\n<meta property=\"og:title\" content=\"Kulmahylly OVE - Radis\" \/>\n<meta property=\"og:description\" content=\"OVE-kulmahylly muistuttaa skandinaavisimpia huonekaluja pehmeill\u00e4\u00e4n py\u00f6reill\u00e4 kulmilla, useilla k\u00e4ytt\u00f6vaihtoehdoilla ja geometrisilla muodoilla. Se on todellinen showtopperi, jonka korkeus on 150 cm. OVE:n hyllyjen sis\u00e4korkeus on 38 cm, mik\u00e4 tekee siit\u00e4 ihanteellisen s\u00e4ilytystilan vinyylilevyille. Tammiviiluviimeistely on neutraali ja ajaton ja n\u00e4ytt\u00e4\u00e4 hyv\u00e4lt\u00e4 miss\u00e4 tahansa sisustuksessa. Cornershelf OVE on sijoitus ajattomaan ja klassiseen huonekaluun. Valmistettu tammiviilutusta koivuvanerista,...\" \/>\n<meta property=\"og:url\" content=\"https:\/\/radis.ee\/fi\/kulmahylly-ove\/\" \/>\n<meta property=\"og:site_name\" content=\"Radis\" \/>\n<meta property=\"article:publisher\" content=\"https:\/\/www.facebook.com\/radisfurniture\/\" \/>\n<meta property=\"article:modified_time\" content=\"2024-04-20T08:48:51+00:00\" \/>\n<meta property=\"og:image\" content=\"https:\/\/radis.ee\/wp-content\/uploads\/2024\/04\/Radis_cornershelf_OVE_Oak_veneered_plywood_white.jpg\" \/>\n\t<meta property=\"og:image:width\" content=\"1360\" \/>\n\t<meta property=\"og:image:height\" content=\"1620\" \/>\n\t<meta property=\"og:image:type\" content=\"image\/jpeg\" \/>\n<meta name=\"twitter:card\" content=\"summary_large_image\" \/>\n<meta name=\"twitter:label1\" content=\"Arvioitu lukuaika\" \/>\n\t<meta name=\"twitter:data1\" content=\"1 minuutti\" \/>\n<script type=\"application\/ld+json\" class=\"yoast-schema-graph\">{\"@context\":\"https:\\\/\\\/schema.org\",\"@graph\":[{\"@type\":\"WebPage\",\"@id\":\"https:\\\/\\\/radis.ee\\\/fi\\\/kulmahylly-ove\\\/\",\"url\":\"https:\\\/\\\/radis.ee\\\/fi\\\/kulmahylly-ove\\\/\",\"name\":\"Kulmahylly OVE - Radis\",\"isPartOf\":{\"@id\":\"https:\\\/\\\/radis.ee\\\/#website\"},\"primaryImageOfPage\":{\"@id\":\"https:\\\/\\\/radis.ee\\\/fi\\\/kulmahylly-ove\\\/#primaryimage\"},\"image\":{\"@id\":\"https:\\\/\\\/radis.ee\\\/fi\\\/kulmahylly-ove\\\/#primaryimage\"},\"thumbnailUrl\":\"https:\\\/\\\/radis.ee\\\/wp-content\\\/uploads\\\/2024\\\/04\\\/Radis_cornershelf_OVE_Oak_veneered_plywood_white.jpg\",\"datePublished\":\"2024-04-20T08:31:20+00:00\",\"dateModified\":\"2024-04-20T08:48:51+00:00\",\"breadcrumb\":{\"@id\":\"https:\\\/\\\/radis.ee\\\/fi\\\/kulmahylly-ove\\\/#breadcrumb\"},\"inLanguage\":\"fi\",\"potentialAction\":[{\"@type\":\"ReadAction\",\"target\":[\"https:\\\/\\\/radis.ee\\\/fi\\\/kulmahylly-ove\\\/\"]}]},{\"@type\":\"ImageObject\",\"inLanguage\":\"fi\",\"@id\":\"https:\\\/\\\/radis.ee\\\/fi\\\/kulmahylly-ove\\\/#primaryimage\",\"url\":\"https:\\\/\\\/radis.ee\\\/wp-content\\\/uploads\\\/2024\\\/04\\\/Radis_cornershelf_OVE_Oak_veneered_plywood_white.jpg\",\"contentUrl\":\"https:\\\/\\\/radis.ee\\\/wp-content\\\/uploads\\\/2024\\\/04\\\/Radis_cornershelf_OVE_Oak_veneered_plywood_white.jpg\",\"width\":1360,\"height\":1620,\"caption\":\"Radis cornershelf OVE Oak veneered plywood\"},{\"@type\":\"BreadcrumbList\",\"@id\":\"https:\\\/\\\/radis.ee\\\/fi\\\/kulmahylly-ove\\\/#breadcrumb\",\"itemListElement\":[{\"@type\":\"ListItem\",\"position\":1,\"name\":\"Home\",\"item\":\"https:\\\/\\\/radis.ee\\\/\"},{\"@type\":\"ListItem\",\"position\":2,\"name\":\"Tuotteet\",\"item\":\"https:\\\/\\\/radis.ee\\\/fi\\\/tuotteet\\\/\"},{\"@type\":\"ListItem\",\"position\":3,\"name\":\"Kulmahylly OVE\"}]},{\"@type\":\"WebSite\",\"@id\":\"https:\\\/\\\/radis.ee\\\/#website\",\"url\":\"https:\\\/\\\/radis.ee\\\/\",\"name\":\"Radis\",\"description\":\"Nordic design furniture, environmentally friendly and sustainable.\",\"publisher\":{\"@id\":\"https:\\\/\\\/radis.ee\\\/#organization\"},\"potentialAction\":[{\"@type\":\"SearchAction\",\"target\":{\"@type\":\"EntryPoint\",\"urlTemplate\":\"https:\\\/\\\/radis.ee\\\/?s={search_term_string}\"},\"query-input\":{\"@type\":\"PropertyValueSpecification\",\"valueRequired\":true,\"valueName\":\"search_term_string\"}}],\"inLanguage\":\"fi\"},{\"@type\":\"Organization\",\"@id\":\"https:\\\/\\\/radis.ee\\\/#organization\",\"name\":\"Radis O\u00dc\",\"url\":\"https:\\\/\\\/radis.ee\\\/\",\"logo\":{\"@type\":\"ImageObject\",\"inLanguage\":\"fi\",\"@id\":\"https:\\\/\\\/radis.ee\\\/#\\\/schema\\\/logo\\\/image\\\/\",\"url\":\"https:\\\/\\\/radis.ee\\\/wp-content\\\/uploads\\\/2020\\\/10\\\/Radis-logo.png\",\"contentUrl\":\"https:\\\/\\\/radis.ee\\\/wp-content\\\/uploads\\\/2020\\\/10\\\/Radis-logo.png\",\"width\":300,\"height\":63,\"caption\":\"Radis O\u00dc\"},\"image\":{\"@id\":\"https:\\\/\\\/radis.ee\\\/#\\\/schema\\\/logo\\\/image\\\/\"},\"sameAs\":[\"https:\\\/\\\/www.facebook.com\\\/radisfurniture\\\/\"]}]}<\/script>\n<!-- \/ Yoast SEO plugin. -->","yoast_head_json":{"title":"Kulmahylly OVE - Radis","robots":{"index":"index","follow":"follow","max-snippet":"max-snippet:-1","max-image-preview":"max-image-preview:large","max-video-preview":"max-video-preview:-1"},"canonical":"https:\/\/radis.ee\/fi\/kulmahylly-ove\/","og_locale":"fi_FI","og_type":"article","og_title":"Kulmahylly OVE - Radis","og_description":"OVE-kulmahylly muistuttaa skandinaavisimpia huonekaluja pehmeill\u00e4\u00e4n py\u00f6reill\u00e4 kulmilla, useilla k\u00e4ytt\u00f6vaihtoehdoilla ja geometrisilla muodoilla. Se on todellinen showtopperi, jonka korkeus on 150 cm. OVE:n hyllyjen sis\u00e4korkeus on 38 cm, mik\u00e4 tekee siit\u00e4 ihanteellisen s\u00e4ilytystilan vinyylilevyille. Tammiviiluviimeistely on neutraali ja ajaton ja n\u00e4ytt\u00e4\u00e4 hyv\u00e4lt\u00e4 miss\u00e4 tahansa sisustuksessa. Cornershelf OVE on sijoitus ajattomaan ja klassiseen huonekaluun. Valmistettu tammiviilutusta koivuvanerista,...","og_url":"https:\/\/radis.ee\/fi\/kulmahylly-ove\/","og_site_name":"Radis","article_publisher":"https:\/\/www.facebook.com\/radisfurniture\/","article_modified_time":"2024-04-20T08:48:51+00:00","og_image":[{"width":1360,"height":1620,"url":"https:\/\/radis.ee\/wp-content\/uploads\/2024\/04\/Radis_cornershelf_OVE_Oak_veneered_plywood_white.jpg","type":"image\/jpeg"}],"twitter_card":"summary_large_image","twitter_misc":{"Arvioitu lukuaika":"1 minuutti"},"schema":{"@context":"https:\/\/schema.org","@graph":[{"@type":"WebPage","@id":"https:\/\/radis.ee\/fi\/kulmahylly-ove\/","url":"https:\/\/radis.ee\/fi\/kulmahylly-ove\/","name":"Kulmahylly OVE - Radis","isPartOf":{"@id":"https:\/\/radis.ee\/#website"},"primaryImageOfPage":{"@id":"https:\/\/radis.ee\/fi\/kulmahylly-ove\/#primaryimage"},"image":{"@id":"https:\/\/radis.ee\/fi\/kulmahylly-ove\/#primaryimage"},"thumbnailUrl":"https:\/\/radis.ee\/wp-content\/uploads\/2024\/04\/Radis_cornershelf_OVE_Oak_veneered_plywood_white.jpg","datePublished":"2024-04-20T08:31:20+00:00","dateModified":"2024-04-20T08:48:51+00:00","breadcrumb":{"@id":"https:\/\/radis.ee\/fi\/kulmahylly-ove\/#breadcrumb"},"inLanguage":"fi","potentialAction":[{"@type":"ReadAction","target":["https:\/\/radis.ee\/fi\/kulmahylly-ove\/"]}]},{"@type":"ImageObject","inLanguage":"fi","@id":"https:\/\/radis.ee\/fi\/kulmahylly-ove\/#primaryimage","url":"https:\/\/radis.ee\/wp-content\/uploads\/2024\/04\/Radis_cornershelf_OVE_Oak_veneered_plywood_white.jpg","contentUrl":"https:\/\/radis.ee\/wp-content\/uploads\/2024\/04\/Radis_cornershelf_OVE_Oak_veneered_plywood_white.jpg","width":1360,"height":1620,"caption":"Radis cornershelf OVE Oak veneered plywood"},{"@type":"BreadcrumbList","@id":"https:\/\/radis.ee\/fi\/kulmahylly-ove\/#breadcrumb","itemListElement":[{"@type":"ListItem","position":1,"name":"Home","item":"https:\/\/radis.ee\/"},{"@type":"ListItem","position":2,"name":"Tuotteet","item":"https:\/\/radis.ee\/fi\/tuotteet\/"},{"@type":"ListItem","position":3,"name":"Kulmahylly OVE"}]},{"@type":"WebSite","@id":"https:\/\/radis.ee\/#website","url":"https:\/\/radis.ee\/","name":"Radis","description":"Nordic design furniture, environmentally friendly and sustainable.","publisher":{"@id":"https:\/\/radis.ee\/#organization"},"potentialAction":[{"@type":"SearchAction","target":{"@type":"EntryPoint","urlTemplate":"https:\/\/radis.ee\/?s={search_term_string}"},"query-input":{"@type":"PropertyValueSpecification","valueRequired":true,"valueName":"search_term_string"}}],"inLanguage":"fi"},{"@type":"Organization","@id":"https:\/\/radis.ee\/#organization","name":"Radis O\u00dc","url":"https:\/\/radis.ee\/","logo":{"@type":"ImageObject","inLanguage":"fi","@id":"https:\/\/radis.ee\/#\/schema\/logo\/image\/","url":"https:\/\/radis.ee\/wp-content\/uploads\/2020\/10\/Radis-logo.png","contentUrl":"https:\/\/radis.ee\/wp-content\/uploads\/2020\/10\/Radis-logo.png","width":300,"height":63,"caption":"Radis O\u00dc"},"image":{"@id":"https:\/\/radis.ee\/#\/schema\/logo\/image\/"},"sameAs":["https:\/\/www.facebook.com\/radisfurniture\/"]}]}},"_links":{"self":[{"href":"https:\/\/radis.ee\/fi\/wp-json\/wp\/v2\/product\/26753","targetHints":{"allow":["GET"]}}],"collection":[{"href":"https:\/\/radis.ee\/fi\/wp-json\/wp\/v2\/product"}],"about":[{"href":"https:\/\/radis.ee\/fi\/wp-json\/wp\/v2\/types\/product"}],"replies":[{"embeddable":true,"href":"https:\/\/radis.ee\/fi\/wp-json\/wp\/v2\/comments?post=26753"}],"wp:featuredmedia":[{"embeddable":true,"href":"https:\/\/radis.ee\/fi\/wp-json\/wp\/v2\/media\/26774"}],"wp:attachment":[{"href":"https:\/\/radis.ee\/fi\/wp-json\/wp\/v2\/media?parent=26753"}],"wp:term":[{"taxonomy":"product_brand","embeddable":true,"href":"https:\/\/radis.ee\/fi\/wp-json\/wp\/v2\/product_brand?post=26753"},{"taxonomy":"product_cat","embeddable":true,"href":"https:\/\/radis.ee\/fi\/wp-json\/wp\/v2\/product_cat?post=26753"},{"taxonomy":"product_tag","embeddable":true,"href":"https:\/\/radis.ee\/fi\/wp-json\/wp\/v2\/product_tag?post=26753"}],"curies":[{"name":"wp","href":"https:\/\/api.w.org\/{rel}","templated":true}]}}