{"id":2678,"date":"2022-08-23T11:22:30","date_gmt":"2022-08-23T08:22:30","guid":{"rendered":"https:\/\/radis.ee\/Ei-luokiteltu\/ruokapoyta-huh\/"},"modified":"2024-03-12T11:17:27","modified_gmt":"2024-03-12T09:17:27","slug":"ruokapoyta-huh","status":"publish","type":"product","link":"https:\/\/radis.ee\/fi\/ruokapoyta-huh\/","title":{"rendered":"Ruokap\u00f6yt\u00e4 HUH"},"content":{"rendered":"<p>Suuri seurue on jokaisen kodin ja konttorin ilonaihe. Ahdatko vieraan p\u00f6yd\u00e4n \u00e4\u00e4reen kuin sillit purkkiin? Ei! Istuta heid\u00e4t HUH-p\u00f6yd\u00e4n \u00e4\u00e4reen.<\/p>\n<p>Valmistettu \u00f6ljyvahatusta koivuvanerista, p\u00f6yt\u00e4levy tammi viilutettu tai HPL vanerilla &#8211; valkoinen (RAL 9003) ja vaaleanharmaa (RAL 7042).<\/p>\n<p>HUH-mallisto oli Viron design-palkintoon Bruno 2014 2. palkintokierroksen ehdokas.<\/p>\n","protected":false},"excerpt":{"rendered":"<p>Suuri seurue on jokaisen kodin ja konttorin ilonaihe. Ahdatko vieraan p\u00f6yd\u00e4n \u00e4\u00e4reen kuin sillit purkkiin? Ei! Istuta heid\u00e4t HUH-p\u00f6yd\u00e4n \u00e4\u00e4reen. Valmistettu \u00f6ljyvahatusta koivuvanerista, p\u00f6yt\u00e4levy tammi viilutettu tai HPL vanerilla &#8211; valkoinen (RAL 9003) ja vaaleanharmaa (RAL 7042). HUH-mallisto oli Viron design-palkintoon Bruno 2014 2. palkintokierroksen ehdokas.<\/p>\n","protected":false},"featured_media":25037,"comment_status":"open","ping_status":"closed","template":"","meta":{"_acf_changed":false},"product_brand":[],"product_cat":[111],"product_tag":[],"class_list":{"0":"post-2678","1":"product","2":"type-product","3":"status-publish","4":"has-post-thumbnail","6":"product_cat-lauad","8":"first","9":"instock","10":"taxable","11":"shipping-taxable","12":"purchasable","13":"product-type-variable","14":"has-default-attributes"},"acf":[],"yoast_head":"<!-- This site is optimized with the Yoast SEO plugin v27.4 - https:\/\/yoast.com\/product\/yoast-seo-wordpress\/ -->\n<title>Ruokap\u00f6yt\u00e4 HUH - Radis<\/title>\n<meta name=\"robots\" content=\"index, follow, max-snippet:-1, max-image-preview:large, max-video-preview:-1\" \/>\n<link rel=\"canonical\" href=\"https:\/\/radis.ee\/fi\/ruokapoyta-huh\/\" \/>\n<meta property=\"og:locale\" content=\"fi_FI\" \/>\n<meta property=\"og:type\" content=\"article\" \/>\n<meta property=\"og:title\" content=\"Ruokap\u00f6yt\u00e4 HUH - Radis\" \/>\n<meta property=\"og:description\" content=\"Suuri seurue on jokaisen kodin ja konttorin ilonaihe. Ahdatko vieraan p\u00f6yd\u00e4n \u00e4\u00e4reen kuin sillit purkkiin? Ei! Istuta heid\u00e4t HUH-p\u00f6yd\u00e4n \u00e4\u00e4reen. Valmistettu \u00f6ljyvahatusta koivuvanerista, p\u00f6yt\u00e4levy tammi viilutettu tai HPL vanerilla &#8211; valkoinen (RAL 9003) ja vaaleanharmaa (RAL 7042). HUH-mallisto oli Viron design-palkintoon Bruno 2014 2. palkintokierroksen ehdokas.\" \/>\n<meta property=\"og:url\" content=\"https:\/\/radis.ee\/fi\/ruokapoyta-huh\/\" \/>\n<meta property=\"og:site_name\" content=\"Radis\" \/>\n<meta property=\"article:publisher\" content=\"https:\/\/www.facebook.com\/radisfurniture\/\" \/>\n<meta property=\"article:modified_time\" content=\"2024-03-12T09:17:27+00:00\" \/>\n<meta property=\"og:image\" content=\"https:\/\/radis.ee\/wp-content\/uploads\/2022\/08\/Radis_diningtable_HUH_oak_veneered_legs_black_stain.jpg\" \/>\n\t<meta property=\"og:image:width\" content=\"1323\" \/>\n\t<meta property=\"og:image:height\" content=\"1594\" \/>\n\t<meta property=\"og:image:type\" content=\"image\/jpeg\" \/>\n<meta name=\"twitter:card\" content=\"summary_large_image\" \/>\n<script type=\"application\/ld+json\" class=\"yoast-schema-graph\">{\"@context\":\"https:\\\/\\\/schema.org\",\"@graph\":[{\"@type\":\"WebPage\",\"@id\":\"https:\\\/\\\/radis.ee\\\/fi\\\/ruokapoyta-huh\\\/\",\"url\":\"https:\\\/\\\/radis.ee\\\/fi\\\/ruokapoyta-huh\\\/\",\"name\":\"Ruokap\u00f6yt\u00e4 HUH - Radis\",\"isPartOf\":{\"@id\":\"https:\\\/\\\/radis.ee\\\/#website\"},\"primaryImageOfPage\":{\"@id\":\"https:\\\/\\\/radis.ee\\\/fi\\\/ruokapoyta-huh\\\/#primaryimage\"},\"image\":{\"@id\":\"https:\\\/\\\/radis.ee\\\/fi\\\/ruokapoyta-huh\\\/#primaryimage\"},\"thumbnailUrl\":\"https:\\\/\\\/radis.ee\\\/wp-content\\\/uploads\\\/2022\\\/08\\\/Radis_diningtable_HUH_oak_veneered_legs_black_stain.jpg\",\"datePublished\":\"2022-08-23T08:22:30+00:00\",\"dateModified\":\"2024-03-12T09:17:27+00:00\",\"breadcrumb\":{\"@id\":\"https:\\\/\\\/radis.ee\\\/fi\\\/ruokapoyta-huh\\\/#breadcrumb\"},\"inLanguage\":\"fi\",\"potentialAction\":[{\"@type\":\"ReadAction\",\"target\":[\"https:\\\/\\\/radis.ee\\\/fi\\\/ruokapoyta-huh\\\/\"]}]},{\"@type\":\"ImageObject\",\"inLanguage\":\"fi\",\"@id\":\"https:\\\/\\\/radis.ee\\\/fi\\\/ruokapoyta-huh\\\/#primaryimage\",\"url\":\"https:\\\/\\\/radis.ee\\\/wp-content\\\/uploads\\\/2022\\\/08\\\/Radis_diningtable_HUH_oak_veneered_legs_black_stain.jpg\",\"contentUrl\":\"https:\\\/\\\/radis.ee\\\/wp-content\\\/uploads\\\/2022\\\/08\\\/Radis_diningtable_HUH_oak_veneered_legs_black_stain.jpg\",\"width\":1323,\"height\":1594,\"caption\":\"RADIS dining table HUH\"},{\"@type\":\"BreadcrumbList\",\"@id\":\"https:\\\/\\\/radis.ee\\\/fi\\\/ruokapoyta-huh\\\/#breadcrumb\",\"itemListElement\":[{\"@type\":\"ListItem\",\"position\":1,\"name\":\"Home\",\"item\":\"https:\\\/\\\/radis.ee\\\/\"},{\"@type\":\"ListItem\",\"position\":2,\"name\":\"Tuotteet\",\"item\":\"https:\\\/\\\/radis.ee\\\/fi\\\/tuotteet\\\/\"},{\"@type\":\"ListItem\",\"position\":3,\"name\":\"Ruokap\u00f6yt\u00e4 HUH\"}]},{\"@type\":\"WebSite\",\"@id\":\"https:\\\/\\\/radis.ee\\\/#website\",\"url\":\"https:\\\/\\\/radis.ee\\\/\",\"name\":\"Radis\",\"description\":\"Nordic design furniture, environmentally friendly and sustainable.\",\"publisher\":{\"@id\":\"https:\\\/\\\/radis.ee\\\/#organization\"},\"potentialAction\":[{\"@type\":\"SearchAction\",\"target\":{\"@type\":\"EntryPoint\",\"urlTemplate\":\"https:\\\/\\\/radis.ee\\\/?s={search_term_string}\"},\"query-input\":{\"@type\":\"PropertyValueSpecification\",\"valueRequired\":true,\"valueName\":\"search_term_string\"}}],\"inLanguage\":\"fi\"},{\"@type\":\"Organization\",\"@id\":\"https:\\\/\\\/radis.ee\\\/#organization\",\"name\":\"Radis O\u00dc\",\"url\":\"https:\\\/\\\/radis.ee\\\/\",\"logo\":{\"@type\":\"ImageObject\",\"inLanguage\":\"fi\",\"@id\":\"https:\\\/\\\/radis.ee\\\/#\\\/schema\\\/logo\\\/image\\\/\",\"url\":\"https:\\\/\\\/radis.ee\\\/wp-content\\\/uploads\\\/2020\\\/10\\\/Radis-logo.png\",\"contentUrl\":\"https:\\\/\\\/radis.ee\\\/wp-content\\\/uploads\\\/2020\\\/10\\\/Radis-logo.png\",\"width\":300,\"height\":63,\"caption\":\"Radis O\u00dc\"},\"image\":{\"@id\":\"https:\\\/\\\/radis.ee\\\/#\\\/schema\\\/logo\\\/image\\\/\"},\"sameAs\":[\"https:\\\/\\\/www.facebook.com\\\/radisfurniture\\\/\"]}]}<\/script>\n<!-- \/ Yoast SEO plugin. -->","yoast_head_json":{"title":"Ruokap\u00f6yt\u00e4 HUH - Radis","robots":{"index":"index","follow":"follow","max-snippet":"max-snippet:-1","max-image-preview":"max-image-preview:large","max-video-preview":"max-video-preview:-1"},"canonical":"https:\/\/radis.ee\/fi\/ruokapoyta-huh\/","og_locale":"fi_FI","og_type":"article","og_title":"Ruokap\u00f6yt\u00e4 HUH - Radis","og_description":"Suuri seurue on jokaisen kodin ja konttorin ilonaihe. Ahdatko vieraan p\u00f6yd\u00e4n \u00e4\u00e4reen kuin sillit purkkiin? Ei! Istuta heid\u00e4t HUH-p\u00f6yd\u00e4n \u00e4\u00e4reen. Valmistettu \u00f6ljyvahatusta koivuvanerista, p\u00f6yt\u00e4levy tammi viilutettu tai HPL vanerilla &#8211; valkoinen (RAL 9003) ja vaaleanharmaa (RAL 7042). HUH-mallisto oli Viron design-palkintoon Bruno 2014 2. palkintokierroksen ehdokas.","og_url":"https:\/\/radis.ee\/fi\/ruokapoyta-huh\/","og_site_name":"Radis","article_publisher":"https:\/\/www.facebook.com\/radisfurniture\/","article_modified_time":"2024-03-12T09:17:27+00:00","og_image":[{"width":1323,"height":1594,"url":"https:\/\/radis.ee\/wp-content\/uploads\/2022\/08\/Radis_diningtable_HUH_oak_veneered_legs_black_stain.jpg","type":"image\/jpeg"}],"twitter_card":"summary_large_image","schema":{"@context":"https:\/\/schema.org","@graph":[{"@type":"WebPage","@id":"https:\/\/radis.ee\/fi\/ruokapoyta-huh\/","url":"https:\/\/radis.ee\/fi\/ruokapoyta-huh\/","name":"Ruokap\u00f6yt\u00e4 HUH - Radis","isPartOf":{"@id":"https:\/\/radis.ee\/#website"},"primaryImageOfPage":{"@id":"https:\/\/radis.ee\/fi\/ruokapoyta-huh\/#primaryimage"},"image":{"@id":"https:\/\/radis.ee\/fi\/ruokapoyta-huh\/#primaryimage"},"thumbnailUrl":"https:\/\/radis.ee\/wp-content\/uploads\/2022\/08\/Radis_diningtable_HUH_oak_veneered_legs_black_stain.jpg","datePublished":"2022-08-23T08:22:30+00:00","dateModified":"2024-03-12T09:17:27+00:00","breadcrumb":{"@id":"https:\/\/radis.ee\/fi\/ruokapoyta-huh\/#breadcrumb"},"inLanguage":"fi","potentialAction":[{"@type":"ReadAction","target":["https:\/\/radis.ee\/fi\/ruokapoyta-huh\/"]}]},{"@type":"ImageObject","inLanguage":"fi","@id":"https:\/\/radis.ee\/fi\/ruokapoyta-huh\/#primaryimage","url":"https:\/\/radis.ee\/wp-content\/uploads\/2022\/08\/Radis_diningtable_HUH_oak_veneered_legs_black_stain.jpg","contentUrl":"https:\/\/radis.ee\/wp-content\/uploads\/2022\/08\/Radis_diningtable_HUH_oak_veneered_legs_black_stain.jpg","width":1323,"height":1594,"caption":"RADIS dining table HUH"},{"@type":"BreadcrumbList","@id":"https:\/\/radis.ee\/fi\/ruokapoyta-huh\/#breadcrumb","itemListElement":[{"@type":"ListItem","position":1,"name":"Home","item":"https:\/\/radis.ee\/"},{"@type":"ListItem","position":2,"name":"Tuotteet","item":"https:\/\/radis.ee\/fi\/tuotteet\/"},{"@type":"ListItem","position":3,"name":"Ruokap\u00f6yt\u00e4 HUH"}]},{"@type":"WebSite","@id":"https:\/\/radis.ee\/#website","url":"https:\/\/radis.ee\/","name":"Radis","description":"Nordic design furniture, environmentally friendly and sustainable.","publisher":{"@id":"https:\/\/radis.ee\/#organization"},"potentialAction":[{"@type":"SearchAction","target":{"@type":"EntryPoint","urlTemplate":"https:\/\/radis.ee\/?s={search_term_string}"},"query-input":{"@type":"PropertyValueSpecification","valueRequired":true,"valueName":"search_term_string"}}],"inLanguage":"fi"},{"@type":"Organization","@id":"https:\/\/radis.ee\/#organization","name":"Radis O\u00dc","url":"https:\/\/radis.ee\/","logo":{"@type":"ImageObject","inLanguage":"fi","@id":"https:\/\/radis.ee\/#\/schema\/logo\/image\/","url":"https:\/\/radis.ee\/wp-content\/uploads\/2020\/10\/Radis-logo.png","contentUrl":"https:\/\/radis.ee\/wp-content\/uploads\/2020\/10\/Radis-logo.png","width":300,"height":63,"caption":"Radis O\u00dc"},"image":{"@id":"https:\/\/radis.ee\/#\/schema\/logo\/image\/"},"sameAs":["https:\/\/www.facebook.com\/radisfurniture\/"]}]}},"_links":{"self":[{"href":"https:\/\/radis.ee\/fi\/wp-json\/wp\/v2\/product\/2678","targetHints":{"allow":["GET"]}}],"collection":[{"href":"https:\/\/radis.ee\/fi\/wp-json\/wp\/v2\/product"}],"about":[{"href":"https:\/\/radis.ee\/fi\/wp-json\/wp\/v2\/types\/product"}],"replies":[{"embeddable":true,"href":"https:\/\/radis.ee\/fi\/wp-json\/wp\/v2\/comments?post=2678"}],"wp:featuredmedia":[{"embeddable":true,"href":"https:\/\/radis.ee\/fi\/wp-json\/wp\/v2\/media\/25037"}],"wp:attachment":[{"href":"https:\/\/radis.ee\/fi\/wp-json\/wp\/v2\/media?parent=2678"}],"wp:term":[{"taxonomy":"product_brand","embeddable":true,"href":"https:\/\/radis.ee\/fi\/wp-json\/wp\/v2\/product_brand?post=2678"},{"taxonomy":"product_cat","embeddable":true,"href":"https:\/\/radis.ee\/fi\/wp-json\/wp\/v2\/product_cat?post=2678"},{"taxonomy":"product_tag","embeddable":true,"href":"https:\/\/radis.ee\/fi\/wp-json\/wp\/v2\/product_tag?post=2678"}],"curies":[{"name":"wp","href":"https:\/\/api.w.org\/{rel}","templated":true}]}}