{"id":26861,"date":"2022-08-23T10:34:27","date_gmt":"2024-05-10T15:34:28","guid":{"rendered":"https:\/\/radis.ee\/?post_type=product&#038;p=26861"},"modified":"2024-05-10T19:00:01","modified_gmt":"2024-05-10T16:00:01","slug":"sohvapoyta-ove","status":"publish","type":"product","link":"https:\/\/radis.ee\/fi\/sohvapoyta-ove\/","title":{"rendered":"Sohvap\u00f6yt\u00e4 OVE"},"content":{"rendered":"<p>OVE-sohvap\u00f6yt\u00e4 muistuttaa skandinaavisimpia huonekaluja pehmeill\u00e4\u00e4n py\u00f6reill\u00e4 kulmilla, useilla k\u00e4ytt\u00f6vaihtoehdoilla ja geometrisilla muodoilla. Se on todellinen showtopper.<\/p>\n<p>OVE:n sohvap\u00f6yt\u00e4hyllyn sis\u00e4korkeus on 24 cm, mik\u00e4 tekee siit\u00e4 ihanteellisen s\u00e4ilytystilan. Tammiviiluviimeistely on neutraali ja ajaton ja n\u00e4ytt\u00e4\u00e4 hyv\u00e4lt\u00e4 miss\u00e4 tahansa sisustuksessa. Sohvap\u00f6yt\u00e4 OVE on sijoitus ajattomaan ja klassiseen huonekaluun.<\/p>\n<p>Valmistettu tammiviilutusta koivuvanerista, \u00f6ljyvahattu.<\/p>\n","protected":false},"excerpt":{"rendered":"<p>OVE-sohvap\u00f6yt\u00e4 muistuttaa skandinaavisimpia huonekaluja pehmeill\u00e4\u00e4n py\u00f6reill\u00e4 kulmilla, useilla k\u00e4ytt\u00f6vaihtoehdoilla ja geometrisilla muodoilla. Se on todellinen showtopper. OVE:n sohvap\u00f6yt\u00e4hyllyn sis\u00e4korkeus on 24 cm, mik\u00e4 tekee siit\u00e4 ihanteellisen s\u00e4ilytystilan. Tammiviiluviimeistely on neutraali ja ajaton ja n\u00e4ytt\u00e4\u00e4 hyv\u00e4lt\u00e4 miss\u00e4 tahansa sisustuksessa. Sohvap\u00f6yt\u00e4 OVE on sijoitus ajattomaan ja klassiseen huonekaluun. Valmistettu tammiviilutusta koivuvanerista, \u00f6ljyvahattu.<\/p>\n","protected":false},"featured_media":26867,"comment_status":"open","ping_status":"closed","template":"","meta":{"_acf_changed":false},"product_brand":[],"product_cat":[111],"product_tag":[],"class_list":{"0":"post-26861","1":"product","2":"type-product","3":"status-publish","4":"has-post-thumbnail","6":"product_cat-lauad","8":"first","9":"instock","10":"taxable","11":"shipping-taxable","12":"purchasable","13":"product-type-simple"},"acf":[],"yoast_head":"<!-- This site is optimized with the Yoast SEO plugin v27.4 - https:\/\/yoast.com\/product\/yoast-seo-wordpress\/ -->\n<title>Sohvap\u00f6yt\u00e4 OVE - Radis<\/title>\n<meta name=\"robots\" content=\"index, follow, max-snippet:-1, max-image-preview:large, max-video-preview:-1\" \/>\n<link rel=\"canonical\" href=\"https:\/\/radis.ee\/diivanilaud-ove\/\" \/>\n<meta property=\"og:locale\" content=\"fi_FI\" \/>\n<meta property=\"og:type\" content=\"article\" \/>\n<meta property=\"og:title\" content=\"Sohvap\u00f6yt\u00e4 OVE - Radis\" \/>\n<meta property=\"og:description\" content=\"OVE-sohvap\u00f6yt\u00e4 muistuttaa skandinaavisimpia huonekaluja pehmeill\u00e4\u00e4n py\u00f6reill\u00e4 kulmilla, useilla k\u00e4ytt\u00f6vaihtoehdoilla ja geometrisilla muodoilla. Se on todellinen showtopper. OVE:n sohvap\u00f6yt\u00e4hyllyn sis\u00e4korkeus on 24 cm, mik\u00e4 tekee siit\u00e4 ihanteellisen s\u00e4ilytystilan. Tammiviiluviimeistely on neutraali ja ajaton ja n\u00e4ytt\u00e4\u00e4 hyv\u00e4lt\u00e4 miss\u00e4 tahansa sisustuksessa. Sohvap\u00f6yt\u00e4 OVE on sijoitus ajattomaan ja klassiseen huonekaluun. Valmistettu tammiviilutusta koivuvanerista, \u00f6ljyvahattu.\" \/>\n<meta property=\"og:url\" content=\"https:\/\/radis.ee\/diivanilaud-ove\/\" \/>\n<meta property=\"og:site_name\" content=\"Radis\" \/>\n<meta property=\"article:publisher\" content=\"https:\/\/www.facebook.com\/radisfurniture\/\" \/>\n<meta property=\"article:modified_time\" content=\"2024-05-10T16:00:01+00:00\" \/>\n<meta property=\"og:image\" content=\"https:\/\/radis.ee\/wp-content\/uploads\/2024\/05\/Radis_sofa_table_OVE_oak_veneered.jpg\" \/>\n\t<meta property=\"og:image:width\" content=\"1360\" \/>\n\t<meta property=\"og:image:height\" content=\"1620\" \/>\n\t<meta property=\"og:image:type\" content=\"image\/jpeg\" \/>\n<meta name=\"twitter:card\" content=\"summary_large_image\" \/>\n<meta name=\"twitter:label1\" content=\"Arvioitu lukuaika\" \/>\n\t<meta name=\"twitter:data1\" content=\"1 minuutti\" \/>\n<script type=\"application\/ld+json\" class=\"yoast-schema-graph\">{\"@context\":\"https:\\\/\\\/schema.org\",\"@graph\":[{\"@type\":\"WebPage\",\"@id\":\"https:\\\/\\\/radis.ee\\\/diivanilaud-ove\\\/\",\"url\":\"https:\\\/\\\/radis.ee\\\/diivanilaud-ove\\\/\",\"name\":\"Sohvap\u00f6yt\u00e4 OVE - Radis\",\"isPartOf\":{\"@id\":\"https:\\\/\\\/radis.ee\\\/#website\"},\"primaryImageOfPage\":{\"@id\":\"https:\\\/\\\/radis.ee\\\/diivanilaud-ove\\\/#primaryimage\"},\"image\":{\"@id\":\"https:\\\/\\\/radis.ee\\\/diivanilaud-ove\\\/#primaryimage\"},\"thumbnailUrl\":\"https:\\\/\\\/radis.ee\\\/wp-content\\\/uploads\\\/2024\\\/05\\\/Radis_sofa_table_OVE_oak_veneered.jpg\",\"datePublished\":\"2024-05-10T15:34:28+00:00\",\"dateModified\":\"2024-05-10T16:00:01+00:00\",\"breadcrumb\":{\"@id\":\"https:\\\/\\\/radis.ee\\\/diivanilaud-ove\\\/#breadcrumb\"},\"inLanguage\":\"fi\",\"potentialAction\":[{\"@type\":\"ReadAction\",\"target\":[\"https:\\\/\\\/radis.ee\\\/diivanilaud-ove\\\/\"]}]},{\"@type\":\"ImageObject\",\"inLanguage\":\"fi\",\"@id\":\"https:\\\/\\\/radis.ee\\\/diivanilaud-ove\\\/#primaryimage\",\"url\":\"https:\\\/\\\/radis.ee\\\/wp-content\\\/uploads\\\/2024\\\/05\\\/Radis_sofa_table_OVE_oak_veneered.jpg\",\"contentUrl\":\"https:\\\/\\\/radis.ee\\\/wp-content\\\/uploads\\\/2024\\\/05\\\/Radis_sofa_table_OVE_oak_veneered.jpg\",\"width\":1360,\"height\":1620,\"caption\":\"Radis round shaped sofa table OVE oak veneered plywood\"},{\"@type\":\"BreadcrumbList\",\"@id\":\"https:\\\/\\\/radis.ee\\\/diivanilaud-ove\\\/#breadcrumb\",\"itemListElement\":[{\"@type\":\"ListItem\",\"position\":1,\"name\":\"Home\",\"item\":\"https:\\\/\\\/radis.ee\\\/\"},{\"@type\":\"ListItem\",\"position\":2,\"name\":\"Tuotteet\",\"item\":\"https:\\\/\\\/radis.ee\\\/fi\\\/tuotteet\\\/\"},{\"@type\":\"ListItem\",\"position\":3,\"name\":\"Sohvap\u00f6yt\u00e4 OVE\"}]},{\"@type\":\"WebSite\",\"@id\":\"https:\\\/\\\/radis.ee\\\/#website\",\"url\":\"https:\\\/\\\/radis.ee\\\/\",\"name\":\"Radis\",\"description\":\"Nordic design furniture, environmentally friendly and sustainable.\",\"publisher\":{\"@id\":\"https:\\\/\\\/radis.ee\\\/#organization\"},\"potentialAction\":[{\"@type\":\"SearchAction\",\"target\":{\"@type\":\"EntryPoint\",\"urlTemplate\":\"https:\\\/\\\/radis.ee\\\/?s={search_term_string}\"},\"query-input\":{\"@type\":\"PropertyValueSpecification\",\"valueRequired\":true,\"valueName\":\"search_term_string\"}}],\"inLanguage\":\"fi\"},{\"@type\":\"Organization\",\"@id\":\"https:\\\/\\\/radis.ee\\\/#organization\",\"name\":\"Radis O\u00dc\",\"url\":\"https:\\\/\\\/radis.ee\\\/\",\"logo\":{\"@type\":\"ImageObject\",\"inLanguage\":\"fi\",\"@id\":\"https:\\\/\\\/radis.ee\\\/#\\\/schema\\\/logo\\\/image\\\/\",\"url\":\"https:\\\/\\\/radis.ee\\\/wp-content\\\/uploads\\\/2020\\\/10\\\/Radis-logo.png\",\"contentUrl\":\"https:\\\/\\\/radis.ee\\\/wp-content\\\/uploads\\\/2020\\\/10\\\/Radis-logo.png\",\"width\":300,\"height\":63,\"caption\":\"Radis O\u00dc\"},\"image\":{\"@id\":\"https:\\\/\\\/radis.ee\\\/#\\\/schema\\\/logo\\\/image\\\/\"},\"sameAs\":[\"https:\\\/\\\/www.facebook.com\\\/radisfurniture\\\/\"]}]}<\/script>\n<!-- \/ Yoast SEO plugin. -->","yoast_head_json":{"title":"Sohvap\u00f6yt\u00e4 OVE - Radis","robots":{"index":"index","follow":"follow","max-snippet":"max-snippet:-1","max-image-preview":"max-image-preview:large","max-video-preview":"max-video-preview:-1"},"canonical":"https:\/\/radis.ee\/diivanilaud-ove\/","og_locale":"fi_FI","og_type":"article","og_title":"Sohvap\u00f6yt\u00e4 OVE - Radis","og_description":"OVE-sohvap\u00f6yt\u00e4 muistuttaa skandinaavisimpia huonekaluja pehmeill\u00e4\u00e4n py\u00f6reill\u00e4 kulmilla, useilla k\u00e4ytt\u00f6vaihtoehdoilla ja geometrisilla muodoilla. Se on todellinen showtopper. OVE:n sohvap\u00f6yt\u00e4hyllyn sis\u00e4korkeus on 24 cm, mik\u00e4 tekee siit\u00e4 ihanteellisen s\u00e4ilytystilan. Tammiviiluviimeistely on neutraali ja ajaton ja n\u00e4ytt\u00e4\u00e4 hyv\u00e4lt\u00e4 miss\u00e4 tahansa sisustuksessa. Sohvap\u00f6yt\u00e4 OVE on sijoitus ajattomaan ja klassiseen huonekaluun. Valmistettu tammiviilutusta koivuvanerista, \u00f6ljyvahattu.","og_url":"https:\/\/radis.ee\/diivanilaud-ove\/","og_site_name":"Radis","article_publisher":"https:\/\/www.facebook.com\/radisfurniture\/","article_modified_time":"2024-05-10T16:00:01+00:00","og_image":[{"width":1360,"height":1620,"url":"https:\/\/radis.ee\/wp-content\/uploads\/2024\/05\/Radis_sofa_table_OVE_oak_veneered.jpg","type":"image\/jpeg"}],"twitter_card":"summary_large_image","twitter_misc":{"Arvioitu lukuaika":"1 minuutti"},"schema":{"@context":"https:\/\/schema.org","@graph":[{"@type":"WebPage","@id":"https:\/\/radis.ee\/diivanilaud-ove\/","url":"https:\/\/radis.ee\/diivanilaud-ove\/","name":"Sohvap\u00f6yt\u00e4 OVE - Radis","isPartOf":{"@id":"https:\/\/radis.ee\/#website"},"primaryImageOfPage":{"@id":"https:\/\/radis.ee\/diivanilaud-ove\/#primaryimage"},"image":{"@id":"https:\/\/radis.ee\/diivanilaud-ove\/#primaryimage"},"thumbnailUrl":"https:\/\/radis.ee\/wp-content\/uploads\/2024\/05\/Radis_sofa_table_OVE_oak_veneered.jpg","datePublished":"2024-05-10T15:34:28+00:00","dateModified":"2024-05-10T16:00:01+00:00","breadcrumb":{"@id":"https:\/\/radis.ee\/diivanilaud-ove\/#breadcrumb"},"inLanguage":"fi","potentialAction":[{"@type":"ReadAction","target":["https:\/\/radis.ee\/diivanilaud-ove\/"]}]},{"@type":"ImageObject","inLanguage":"fi","@id":"https:\/\/radis.ee\/diivanilaud-ove\/#primaryimage","url":"https:\/\/radis.ee\/wp-content\/uploads\/2024\/05\/Radis_sofa_table_OVE_oak_veneered.jpg","contentUrl":"https:\/\/radis.ee\/wp-content\/uploads\/2024\/05\/Radis_sofa_table_OVE_oak_veneered.jpg","width":1360,"height":1620,"caption":"Radis round shaped sofa table OVE oak veneered plywood"},{"@type":"BreadcrumbList","@id":"https:\/\/radis.ee\/diivanilaud-ove\/#breadcrumb","itemListElement":[{"@type":"ListItem","position":1,"name":"Home","item":"https:\/\/radis.ee\/"},{"@type":"ListItem","position":2,"name":"Tuotteet","item":"https:\/\/radis.ee\/fi\/tuotteet\/"},{"@type":"ListItem","position":3,"name":"Sohvap\u00f6yt\u00e4 OVE"}]},{"@type":"WebSite","@id":"https:\/\/radis.ee\/#website","url":"https:\/\/radis.ee\/","name":"Radis","description":"Nordic design furniture, environmentally friendly and sustainable.","publisher":{"@id":"https:\/\/radis.ee\/#organization"},"potentialAction":[{"@type":"SearchAction","target":{"@type":"EntryPoint","urlTemplate":"https:\/\/radis.ee\/?s={search_term_string}"},"query-input":{"@type":"PropertyValueSpecification","valueRequired":true,"valueName":"search_term_string"}}],"inLanguage":"fi"},{"@type":"Organization","@id":"https:\/\/radis.ee\/#organization","name":"Radis O\u00dc","url":"https:\/\/radis.ee\/","logo":{"@type":"ImageObject","inLanguage":"fi","@id":"https:\/\/radis.ee\/#\/schema\/logo\/image\/","url":"https:\/\/radis.ee\/wp-content\/uploads\/2020\/10\/Radis-logo.png","contentUrl":"https:\/\/radis.ee\/wp-content\/uploads\/2020\/10\/Radis-logo.png","width":300,"height":63,"caption":"Radis O\u00dc"},"image":{"@id":"https:\/\/radis.ee\/#\/schema\/logo\/image\/"},"sameAs":["https:\/\/www.facebook.com\/radisfurniture\/"]}]}},"_links":{"self":[{"href":"https:\/\/radis.ee\/fi\/wp-json\/wp\/v2\/product\/26861","targetHints":{"allow":["GET"]}}],"collection":[{"href":"https:\/\/radis.ee\/fi\/wp-json\/wp\/v2\/product"}],"about":[{"href":"https:\/\/radis.ee\/fi\/wp-json\/wp\/v2\/types\/product"}],"replies":[{"embeddable":true,"href":"https:\/\/radis.ee\/fi\/wp-json\/wp\/v2\/comments?post=26861"}],"wp:featuredmedia":[{"embeddable":true,"href":"https:\/\/radis.ee\/fi\/wp-json\/wp\/v2\/media\/26867"}],"wp:attachment":[{"href":"https:\/\/radis.ee\/fi\/wp-json\/wp\/v2\/media?parent=26861"}],"wp:term":[{"taxonomy":"product_brand","embeddable":true,"href":"https:\/\/radis.ee\/fi\/wp-json\/wp\/v2\/product_brand?post=26861"},{"taxonomy":"product_cat","embeddable":true,"href":"https:\/\/radis.ee\/fi\/wp-json\/wp\/v2\/product_cat?post=26861"},{"taxonomy":"product_tag","embeddable":true,"href":"https:\/\/radis.ee\/fi\/wp-json\/wp\/v2\/product_tag?post=26861"}],"curies":[{"name":"wp","href":"https:\/\/api.w.org\/{rel}","templated":true}]}}