{"id":26900,"date":"2022-09-10T11:01:09","date_gmt":"2022-09-10T08:01:09","guid":{"rendered":"https:\/\/radis.ee\/?post_type=product&#038;p=26900"},"modified":"2025-05-30T11:13:03","modified_gmt":"2025-05-30T08:13:03","slug":"pystysuora-piilotettava-sanky-grid-hyllylla-ja-sohvalla","status":"publish","type":"product","link":"https:\/\/radis.ee\/fi\/pystysuora-piilotettava-sanky-grid-hyllylla-ja-sohvalla\/","title":{"rendered":"Pystysuora piilotettava s\u00e4nky GRID hyllyll\u00e4 ja sohvalla"},"content":{"rendered":"<p>Suosittu GRID-sarja on laajentunut pystysuoralla piilos\u00e4ngyll\u00e4, johon tarjoamme my\u00f6s ovihyllyn ja sohvan. Kaappis\u00e4nky on ihanteellinen ratkaisu, kun tilaa on v\u00e4h\u00e4n, mutta s\u00e4ngyn ja sohvan mukavuudesta ja laadusta ei haluta tinki\u00e4.<\/p>\n<p>\u00c4lykk\u00e4\u00e4t ja tilaa s\u00e4\u00e4st\u00e4v\u00e4t ratkaisut, jotka tekev\u00e4t asumisestasi toimivampaa ja el\u00e4v\u00e4mp\u00e4\u00e4. Kevyell\u00e4 liikkeell\u00e4 voit piilottaa kokoontaitettavan sohvan ja avata s\u00e4ngyn samanaikaisesti. Ennen kuin avaat s\u00e4ngyn, poista selk\u00e4tyynyt ja siirr\u00e4 istuin runkoon.<\/p>\n<p>K\u00e4yt\u00e4mme kest\u00e4vi\u00e4 italialaisia mekanismeja, joiden ansiosta s\u00e4ngyn avaaminen on helppoa ja turvallista. Avaamista ja sulkemista tukevat iskunvaimentimet, joiden taattu toiminta on 10 000 jaksoa. Murphy-s\u00e4nky on varustettu kiinnitysnauhoilla, jotka pit\u00e4v\u00e4t vuodevaatteet ja patjan paikoillaan. Patja ei sis\u00e4lly sarjaan, sopivan patjan mitat ovat 120-140-160x200x18 cm, maksimipaino 28 kg. S\u00e4ngyn patjapohjan korkeus on 34 cm maasta. Ortopedinen taso, jossa koivuvanerilistat, jotka on ty\u00f6nnetty s\u00e4ngyn runkoputkeen erityisill\u00e4 hiljaisilla tupeilla.<\/p>\n<p>Valmistettu vahvasta 18mm Koskisen korkeapainelaminaatti HPL koivuvanerista tai kokonaan tammiviilutetusta vanerista, \u00f6ljyvahattu. S\u00e4nkymekanismit harmaata jauhemaalattua metallia.<\/p>\n<p>Sohvan kangas on laadukasta ja kest\u00e4v\u00e4\u00e4 Nevoso Lido \/Lido Trend (martindale 115000), saatavana useissa v\u00e4reiss\u00e4. Kangas on p\u00e4\u00e4llystetty fleecell\u00e4, joka antaa erityisen pehme\u00e4n ja ihanan tunteen sek\u00e4 eritt\u00e4in hyv\u00e4n viimeistelyn saumoille. Sohvan runko on valmistettu koivuvanerista ja laadukkaasta puusta. Istuimen rungossa k\u00e4ytetty siksak-jousi. Istuintyynyt HR-35 kg ja selk\u00e4tyynyt HR-25 kg vaahtomuovia (HR on kest\u00e4v\u00e4\u00e4 ja tulenkest\u00e4v\u00e4\u00e4 vaahtomuovia). Istuintyynyt ovat kiinni, selk\u00e4tyynyt auki. Sohvan jalat ovat muovia, korkeus 35 mm.<\/p>\n<p>Kaasujouset testattiin yli 10 000 sykli\u00e4, ylimitoitettu varsi ja zamak-liit\u00e4nt\u00e4 helppoa kokoonpanoa varten. N\u00e4et s\u00e4nkymekanismin k\u00e4yt\u00f6n helppouden <strong><a href=\"https:\/\/www.youtube.com\/watch?v=6x-7ctNKj9g\">t\u00e4st\u00e4 videosta<\/a><\/strong>.<\/p>\n<p>Sohvan istuinkorkeus on 46cm, selk\u00e4nojan korkeus maasta 88cm, sohvan kokonaissyvyys 84cm, istuinleveys 176cm 160cm s\u00e4ngyn kohdalla. S\u00e4ngyn molemmilla puolilla on 37 cm leve\u00e4t hyllyt. S\u00e4nkypatjan kokonaisleveys on 160cm + 88cm.<\/p>\n<p>Jos haluat kapeamman patjan kuin 160 cm, ilmoita siit\u00e4 tilauksessa. Voit my\u00f6s lis\u00e4t\u00e4 tilaukseesi sopivan Linoso Lido\/ Lido -trendikangasnumeron. Kangass\u00e4vy\u00e4 Lido Trend 102 Pacific 1017521 k\u00e4ytet\u00e4\u00e4n tammiviilulla varustetussa vuodesohvassa. Kangasvarjosinta Lido Trend 98 Glass 1017512 k\u00e4ytet\u00e4\u00e4n valkoisesta HPL-vanerista valmistetussa vuodesohvassa.<\/p>\n<p>Hyllykaapin syvyys 40cm. S\u00e4ngyn molemmilla puolilla on 37 cm leve\u00e4t hyllyt.<\/p>\n<p>Ota rohkeasti yhteytt\u00e4 mittatilausty\u00f6n\u00e4 tehtyjen toiveidesi kanssa!<\/p>\n","protected":false},"excerpt":{"rendered":"<p>Suosittu GRID-sarja on laajentunut pystysuoralla piilos\u00e4ngyll\u00e4, johon tarjoamme my\u00f6s ovihyllyn ja sohvan. Kaappis\u00e4nky on ihanteellinen ratkaisu, kun tilaa on v\u00e4h\u00e4n, mutta s\u00e4ngyn ja sohvan mukavuudesta ja laadusta ei haluta tinki\u00e4. \u00c4lykk\u00e4\u00e4t ja tilaa s\u00e4\u00e4st\u00e4v\u00e4t ratkaisut, jotka tekev\u00e4t asumisestasi toimivampaa ja el\u00e4v\u00e4mp\u00e4\u00e4. Kevyell\u00e4 liikkeell\u00e4 voit piilottaa kokoontaitettavan sohvan ja avata s\u00e4ngyn samanaikaisesti. Ennen kuin avaat s\u00e4ngyn,&#8230;<\/p>\n","protected":false},"featured_media":26991,"comment_status":"open","ping_status":"closed","template":"","meta":{"_acf_changed":false},"product_brand":[],"product_cat":[113],"product_tag":[],"class_list":{"0":"post-26900","1":"product","2":"type-product","3":"status-publish","4":"has-post-thumbnail","6":"product_cat-voodid","8":"first","9":"instock","10":"taxable","11":"shipping-taxable","12":"purchasable","13":"product-type-variable","14":"has-default-attributes"},"acf":[],"yoast_head":"<!-- This site is optimized with the Yoast SEO plugin v27.3 - https:\/\/yoast.com\/product\/yoast-seo-wordpress\/ -->\n<title>Pystysuora piilotettava s\u00e4nky GRID hyllyll\u00e4 ja sohvalla - Radis<\/title>\n<meta name=\"robots\" content=\"index, follow, max-snippet:-1, max-image-preview:large, max-video-preview:-1\" \/>\n<link rel=\"canonical\" href=\"https:\/\/radis.ee\/vertikaalne-kappvoodi-grid-riiuli-ja-diivaniga\/\" \/>\n<meta property=\"og:locale\" content=\"fi_FI\" \/>\n<meta property=\"og:type\" content=\"article\" \/>\n<meta property=\"og:title\" content=\"Pystysuora piilotettava s\u00e4nky GRID hyllyll\u00e4 ja sohvalla - Radis\" \/>\n<meta property=\"og:description\" content=\"Suosittu GRID-sarja on laajentunut pystysuoralla piilos\u00e4ngyll\u00e4, johon tarjoamme my\u00f6s ovihyllyn ja sohvan. Kaappis\u00e4nky on ihanteellinen ratkaisu, kun tilaa on v\u00e4h\u00e4n, mutta s\u00e4ngyn ja sohvan mukavuudesta ja laadusta ei haluta tinki\u00e4. \u00c4lykk\u00e4\u00e4t ja tilaa s\u00e4\u00e4st\u00e4v\u00e4t ratkaisut, jotka tekev\u00e4t asumisestasi toimivampaa ja el\u00e4v\u00e4mp\u00e4\u00e4. Kevyell\u00e4 liikkeell\u00e4 voit piilottaa kokoontaitettavan sohvan ja avata s\u00e4ngyn samanaikaisesti. Ennen kuin avaat s\u00e4ngyn,...\" \/>\n<meta property=\"og:url\" content=\"https:\/\/radis.ee\/vertikaalne-kappvoodi-grid-riiuli-ja-diivaniga\/\" \/>\n<meta property=\"og:site_name\" content=\"Radis\" \/>\n<meta property=\"article:publisher\" content=\"https:\/\/www.facebook.com\/radisfurniture\/\" \/>\n<meta property=\"article:modified_time\" content=\"2025-05-30T08:13:03+00:00\" \/>\n<meta property=\"og:image\" content=\"https:\/\/radis.ee\/wp-content\/uploads\/2024\/05\/RADIS_vertical_hideaway_bed_with_shelf_and-sofra_Oak_veneered_plywood_white_background.jpg\" \/>\n\t<meta property=\"og:image:width\" content=\"940\" \/>\n\t<meta property=\"og:image:height\" content=\"1120\" \/>\n\t<meta property=\"og:image:type\" content=\"image\/jpeg\" \/>\n<meta name=\"twitter:card\" content=\"summary_large_image\" \/>\n<meta name=\"twitter:label1\" content=\"Arvioitu lukuaika\" \/>\n\t<meta name=\"twitter:data1\" content=\"2 minuuttia\" \/>\n<script type=\"application\/ld+json\" class=\"yoast-schema-graph\">{\"@context\":\"https:\\\/\\\/schema.org\",\"@graph\":[{\"@type\":\"WebPage\",\"@id\":\"https:\\\/\\\/radis.ee\\\/vertikaalne-kappvoodi-grid-riiuli-ja-diivaniga\\\/\",\"url\":\"https:\\\/\\\/radis.ee\\\/vertikaalne-kappvoodi-grid-riiuli-ja-diivaniga\\\/\",\"name\":\"Pystysuora piilotettava s\u00e4nky GRID hyllyll\u00e4 ja sohvalla - Radis\",\"isPartOf\":{\"@id\":\"https:\\\/\\\/radis.ee\\\/#website\"},\"primaryImageOfPage\":{\"@id\":\"https:\\\/\\\/radis.ee\\\/vertikaalne-kappvoodi-grid-riiuli-ja-diivaniga\\\/#primaryimage\"},\"image\":{\"@id\":\"https:\\\/\\\/radis.ee\\\/vertikaalne-kappvoodi-grid-riiuli-ja-diivaniga\\\/#primaryimage\"},\"thumbnailUrl\":\"https:\\\/\\\/radis.ee\\\/wp-content\\\/uploads\\\/2024\\\/05\\\/RADIS_vertical_hideaway_bed_with_shelf_and-sofra_Oak_veneered_plywood_white_background.jpg\",\"datePublished\":\"2022-09-10T08:01:09+00:00\",\"dateModified\":\"2025-05-30T08:13:03+00:00\",\"breadcrumb\":{\"@id\":\"https:\\\/\\\/radis.ee\\\/vertikaalne-kappvoodi-grid-riiuli-ja-diivaniga\\\/#breadcrumb\"},\"inLanguage\":\"fi\",\"potentialAction\":[{\"@type\":\"ReadAction\",\"target\":[\"https:\\\/\\\/radis.ee\\\/vertikaalne-kappvoodi-grid-riiuli-ja-diivaniga\\\/\"]}]},{\"@type\":\"ImageObject\",\"inLanguage\":\"fi\",\"@id\":\"https:\\\/\\\/radis.ee\\\/vertikaalne-kappvoodi-grid-riiuli-ja-diivaniga\\\/#primaryimage\",\"url\":\"https:\\\/\\\/radis.ee\\\/wp-content\\\/uploads\\\/2024\\\/05\\\/RADIS_vertical_hideaway_bed_with_shelf_and-sofra_Oak_veneered_plywood_white_background.jpg\",\"contentUrl\":\"https:\\\/\\\/radis.ee\\\/wp-content\\\/uploads\\\/2024\\\/05\\\/RADIS_vertical_hideaway_bed_with_shelf_and-sofra_Oak_veneered_plywood_white_background.jpg\",\"width\":940,\"height\":1120,\"caption\":\"Radis vertical hideaway bed with shelf and sofa Oak veneered plywood\"},{\"@type\":\"BreadcrumbList\",\"@id\":\"https:\\\/\\\/radis.ee\\\/vertikaalne-kappvoodi-grid-riiuli-ja-diivaniga\\\/#breadcrumb\",\"itemListElement\":[{\"@type\":\"ListItem\",\"position\":1,\"name\":\"Home\",\"item\":\"https:\\\/\\\/radis.ee\\\/\"},{\"@type\":\"ListItem\",\"position\":2,\"name\":\"Tuotteet\",\"item\":\"https:\\\/\\\/radis.ee\\\/fi\\\/tuotteet\\\/\"},{\"@type\":\"ListItem\",\"position\":3,\"name\":\"Pystysuora piilotettava s\u00e4nky GRID hyllyll\u00e4 ja sohvalla\"}]},{\"@type\":\"WebSite\",\"@id\":\"https:\\\/\\\/radis.ee\\\/#website\",\"url\":\"https:\\\/\\\/radis.ee\\\/\",\"name\":\"Radis\",\"description\":\"Nordic design furniture, environmentally friendly and sustainable.\",\"publisher\":{\"@id\":\"https:\\\/\\\/radis.ee\\\/#organization\"},\"potentialAction\":[{\"@type\":\"SearchAction\",\"target\":{\"@type\":\"EntryPoint\",\"urlTemplate\":\"https:\\\/\\\/radis.ee\\\/?s={search_term_string}\"},\"query-input\":{\"@type\":\"PropertyValueSpecification\",\"valueRequired\":true,\"valueName\":\"search_term_string\"}}],\"inLanguage\":\"fi\"},{\"@type\":\"Organization\",\"@id\":\"https:\\\/\\\/radis.ee\\\/#organization\",\"name\":\"Radis O\u00dc\",\"url\":\"https:\\\/\\\/radis.ee\\\/\",\"logo\":{\"@type\":\"ImageObject\",\"inLanguage\":\"fi\",\"@id\":\"https:\\\/\\\/radis.ee\\\/#\\\/schema\\\/logo\\\/image\\\/\",\"url\":\"https:\\\/\\\/radis.ee\\\/wp-content\\\/uploads\\\/2020\\\/10\\\/Radis-logo.png\",\"contentUrl\":\"https:\\\/\\\/radis.ee\\\/wp-content\\\/uploads\\\/2020\\\/10\\\/Radis-logo.png\",\"width\":300,\"height\":63,\"caption\":\"Radis O\u00dc\"},\"image\":{\"@id\":\"https:\\\/\\\/radis.ee\\\/#\\\/schema\\\/logo\\\/image\\\/\"},\"sameAs\":[\"https:\\\/\\\/www.facebook.com\\\/radisfurniture\\\/\"]}]}<\/script>\n<!-- \/ Yoast SEO plugin. -->","yoast_head_json":{"title":"Pystysuora piilotettava s\u00e4nky GRID hyllyll\u00e4 ja sohvalla - Radis","robots":{"index":"index","follow":"follow","max-snippet":"max-snippet:-1","max-image-preview":"max-image-preview:large","max-video-preview":"max-video-preview:-1"},"canonical":"https:\/\/radis.ee\/vertikaalne-kappvoodi-grid-riiuli-ja-diivaniga\/","og_locale":"fi_FI","og_type":"article","og_title":"Pystysuora piilotettava s\u00e4nky GRID hyllyll\u00e4 ja sohvalla - Radis","og_description":"Suosittu GRID-sarja on laajentunut pystysuoralla piilos\u00e4ngyll\u00e4, johon tarjoamme my\u00f6s ovihyllyn ja sohvan. Kaappis\u00e4nky on ihanteellinen ratkaisu, kun tilaa on v\u00e4h\u00e4n, mutta s\u00e4ngyn ja sohvan mukavuudesta ja laadusta ei haluta tinki\u00e4. \u00c4lykk\u00e4\u00e4t ja tilaa s\u00e4\u00e4st\u00e4v\u00e4t ratkaisut, jotka tekev\u00e4t asumisestasi toimivampaa ja el\u00e4v\u00e4mp\u00e4\u00e4. Kevyell\u00e4 liikkeell\u00e4 voit piilottaa kokoontaitettavan sohvan ja avata s\u00e4ngyn samanaikaisesti. Ennen kuin avaat s\u00e4ngyn,...","og_url":"https:\/\/radis.ee\/vertikaalne-kappvoodi-grid-riiuli-ja-diivaniga\/","og_site_name":"Radis","article_publisher":"https:\/\/www.facebook.com\/radisfurniture\/","article_modified_time":"2025-05-30T08:13:03+00:00","og_image":[{"width":940,"height":1120,"url":"https:\/\/radis.ee\/wp-content\/uploads\/2024\/05\/RADIS_vertical_hideaway_bed_with_shelf_and-sofra_Oak_veneered_plywood_white_background.jpg","type":"image\/jpeg"}],"twitter_card":"summary_large_image","twitter_misc":{"Arvioitu lukuaika":"2 minuuttia"},"schema":{"@context":"https:\/\/schema.org","@graph":[{"@type":"WebPage","@id":"https:\/\/radis.ee\/vertikaalne-kappvoodi-grid-riiuli-ja-diivaniga\/","url":"https:\/\/radis.ee\/vertikaalne-kappvoodi-grid-riiuli-ja-diivaniga\/","name":"Pystysuora piilotettava s\u00e4nky GRID hyllyll\u00e4 ja sohvalla - Radis","isPartOf":{"@id":"https:\/\/radis.ee\/#website"},"primaryImageOfPage":{"@id":"https:\/\/radis.ee\/vertikaalne-kappvoodi-grid-riiuli-ja-diivaniga\/#primaryimage"},"image":{"@id":"https:\/\/radis.ee\/vertikaalne-kappvoodi-grid-riiuli-ja-diivaniga\/#primaryimage"},"thumbnailUrl":"https:\/\/radis.ee\/wp-content\/uploads\/2024\/05\/RADIS_vertical_hideaway_bed_with_shelf_and-sofra_Oak_veneered_plywood_white_background.jpg","datePublished":"2022-09-10T08:01:09+00:00","dateModified":"2025-05-30T08:13:03+00:00","breadcrumb":{"@id":"https:\/\/radis.ee\/vertikaalne-kappvoodi-grid-riiuli-ja-diivaniga\/#breadcrumb"},"inLanguage":"fi","potentialAction":[{"@type":"ReadAction","target":["https:\/\/radis.ee\/vertikaalne-kappvoodi-grid-riiuli-ja-diivaniga\/"]}]},{"@type":"ImageObject","inLanguage":"fi","@id":"https:\/\/radis.ee\/vertikaalne-kappvoodi-grid-riiuli-ja-diivaniga\/#primaryimage","url":"https:\/\/radis.ee\/wp-content\/uploads\/2024\/05\/RADIS_vertical_hideaway_bed_with_shelf_and-sofra_Oak_veneered_plywood_white_background.jpg","contentUrl":"https:\/\/radis.ee\/wp-content\/uploads\/2024\/05\/RADIS_vertical_hideaway_bed_with_shelf_and-sofra_Oak_veneered_plywood_white_background.jpg","width":940,"height":1120,"caption":"Radis vertical hideaway bed with shelf and sofa Oak veneered plywood"},{"@type":"BreadcrumbList","@id":"https:\/\/radis.ee\/vertikaalne-kappvoodi-grid-riiuli-ja-diivaniga\/#breadcrumb","itemListElement":[{"@type":"ListItem","position":1,"name":"Home","item":"https:\/\/radis.ee\/"},{"@type":"ListItem","position":2,"name":"Tuotteet","item":"https:\/\/radis.ee\/fi\/tuotteet\/"},{"@type":"ListItem","position":3,"name":"Pystysuora piilotettava s\u00e4nky GRID hyllyll\u00e4 ja sohvalla"}]},{"@type":"WebSite","@id":"https:\/\/radis.ee\/#website","url":"https:\/\/radis.ee\/","name":"Radis","description":"Nordic design furniture, environmentally friendly and sustainable.","publisher":{"@id":"https:\/\/radis.ee\/#organization"},"potentialAction":[{"@type":"SearchAction","target":{"@type":"EntryPoint","urlTemplate":"https:\/\/radis.ee\/?s={search_term_string}"},"query-input":{"@type":"PropertyValueSpecification","valueRequired":true,"valueName":"search_term_string"}}],"inLanguage":"fi"},{"@type":"Organization","@id":"https:\/\/radis.ee\/#organization","name":"Radis O\u00dc","url":"https:\/\/radis.ee\/","logo":{"@type":"ImageObject","inLanguage":"fi","@id":"https:\/\/radis.ee\/#\/schema\/logo\/image\/","url":"https:\/\/radis.ee\/wp-content\/uploads\/2020\/10\/Radis-logo.png","contentUrl":"https:\/\/radis.ee\/wp-content\/uploads\/2020\/10\/Radis-logo.png","width":300,"height":63,"caption":"Radis O\u00dc"},"image":{"@id":"https:\/\/radis.ee\/#\/schema\/logo\/image\/"},"sameAs":["https:\/\/www.facebook.com\/radisfurniture\/"]}]}},"_links":{"self":[{"href":"https:\/\/radis.ee\/fi\/wp-json\/wp\/v2\/product\/26900","targetHints":{"allow":["GET"]}}],"collection":[{"href":"https:\/\/radis.ee\/fi\/wp-json\/wp\/v2\/product"}],"about":[{"href":"https:\/\/radis.ee\/fi\/wp-json\/wp\/v2\/types\/product"}],"replies":[{"embeddable":true,"href":"https:\/\/radis.ee\/fi\/wp-json\/wp\/v2\/comments?post=26900"}],"wp:featuredmedia":[{"embeddable":true,"href":"https:\/\/radis.ee\/fi\/wp-json\/wp\/v2\/media\/26991"}],"wp:attachment":[{"href":"https:\/\/radis.ee\/fi\/wp-json\/wp\/v2\/media?parent=26900"}],"wp:term":[{"taxonomy":"product_brand","embeddable":true,"href":"https:\/\/radis.ee\/fi\/wp-json\/wp\/v2\/product_brand?post=26900"},{"taxonomy":"product_cat","embeddable":true,"href":"https:\/\/radis.ee\/fi\/wp-json\/wp\/v2\/product_cat?post=26900"},{"taxonomy":"product_tag","embeddable":true,"href":"https:\/\/radis.ee\/fi\/wp-json\/wp\/v2\/product_tag?post=26900"}],"curies":[{"name":"wp","href":"https:\/\/api.w.org\/{rel}","templated":true}]}}