{"id":2696,"date":"2022-09-13T10:00:22","date_gmt":"2022-09-13T07:00:22","guid":{"rendered":"https:\/\/radis.ee\/Ei-luokiteltu\/sanky-muster-yopoydalla\/"},"modified":"2025-12-08T20:23:12","modified_gmt":"2025-12-08T18:23:12","slug":"sanky-muster-yopoydalla","status":"publish","type":"product","link":"https:\/\/radis.ee\/fi\/sanky-muster-yopoydalla\/","title":{"rendered":"S\u00e4nky MASTER integroiduilla y\u00f6p\u00f6ydill\u00e4"},"content":{"rendered":"<p>MASTER-s\u00e4nky yhdist\u00e4\u00e4 luonnonpuun l\u00e4mm\u00f6n tyylikk\u00e4\u00e4seen ja moderniin muotoiluun tarjoten t\u00e4ydellisen nukkumisratkaisun moderniin kotiin.<\/p>\n<p>Korkealaatuisesta koivuvanerista, saatavilla my\u00f6s tammiviilulla, valmistettu MASTER-s\u00e4nky korostaa puun kaunista ja luonnollista tekstuuria. T\u00e4m\u00e4 materiaalivalinta takaa upean ja l\u00e4mpim\u00e4n estetiikan lis\u00e4ksi poikkeuksellisen kest\u00e4vyyden ja vakauden. \u00d6ljyvahattu pinta suojaa pintaa pit\u00e4en sen samalla luonnollisena ja silkkisena.<\/p>\n<p>Y\u00f6p\u00f6yd\u00e4t, jotka on saumattomasti kiinnitetty pidennettyyn s\u00e4ngynp\u00e4\u00e4tyyn, luovat puhtaan ja siistin ilmeen, helpottavat imurointia ja maksimoivat lattiatilan.<\/p>\n<p>Leve\u00e4n, arkkitehtonisen s\u00e4ngynp\u00e4\u00e4dyn ja tukevan rungon ansiosta s\u00e4nky toimii maanl\u00e4heisen\u00e4 keskipisteen\u00e4 miss\u00e4 tahansa makuuhuoneessa. Puhtaat linjat sopivat t\u00e4ydellisesti pohjoismaiseen, minimalistiseen tai teolliseen sisustukseen.<\/p>\n<p>Vahva rakenne &#8211; vaneriydin takaa pitk\u00e4aikaisen lujuuden ja varmistaa, ett\u00e4 s\u00e4nkysi pysyy narisemattomana ja tukevana vuosien ajan.<\/p>\n<p>Pituus 206 cm, selk\u00e4nojan korkeus 87cm, s\u00e4ngynreunan korkeus 40 cm, y\u00f6p\u00f6yd\u00e4n korkeus 42 cm.\u00a0 Patjan pohjan korkeus maasta on 26 cm. Koko s\u00e4nkyn leveys on patjan leveys + 80 cm.<\/p>\n<p>Valmistettu koivuvanerista, \u00f6ljyvahattu vaaleilla tammella, p\u00e4\u00e4-jalka ja laatikkopaneelit, laminoitu koivuvaneri, jossa on jyrsitty kuvio. Hitaasti sulkeutuvat laatikon kiskot. Sis\u00e4lt\u00e4\u00e4 s\u00e4nkyn vaneripohjat.<\/p>\n","protected":false},"excerpt":{"rendered":"<p>MASTER-s\u00e4nky yhdist\u00e4\u00e4 luonnonpuun l\u00e4mm\u00f6n tyylikk\u00e4\u00e4seen ja moderniin muotoiluun tarjoten t\u00e4ydellisen nukkumisratkaisun moderniin kotiin. Korkealaatuisesta koivuvanerista, saatavilla my\u00f6s tammiviilulla, valmistettu MASTER-s\u00e4nky korostaa puun kaunista ja luonnollista tekstuuria. T\u00e4m\u00e4 materiaalivalinta takaa upean ja l\u00e4mpim\u00e4n estetiikan lis\u00e4ksi poikkeuksellisen kest\u00e4vyyden ja vakauden. \u00d6ljyvahattu pinta suojaa pintaa pit\u00e4en sen samalla luonnollisena ja silkkisena. Y\u00f6p\u00f6yd\u00e4t, jotka on saumattomasti kiinnitetty pidennettyyn s\u00e4ngynp\u00e4\u00e4tyyn,&#8230;<\/p>\n","protected":false},"featured_media":30738,"comment_status":"open","ping_status":"closed","template":"","meta":{"_acf_changed":false},"product_brand":[],"product_cat":[113],"product_tag":[],"class_list":{"0":"post-2696","1":"product","2":"type-product","3":"status-publish","4":"has-post-thumbnail","6":"product_cat-voodid","8":"first","9":"instock","10":"sale","11":"taxable","12":"shipping-taxable","13":"purchasable","14":"product-type-variable"},"acf":[],"yoast_head":"<!-- This site is optimized with the Yoast SEO plugin v27.4 - https:\/\/yoast.com\/product\/yoast-seo-wordpress\/ -->\n<title>S\u00e4nky MASTER integroiduilla y\u00f6p\u00f6ydill\u00e4 - Radis<\/title>\n<meta name=\"robots\" content=\"index, follow, max-snippet:-1, max-image-preview:large, max-video-preview:-1\" \/>\n<link rel=\"canonical\" href=\"https:\/\/radis.ee\/fi\/sanky-muster-yopoydalla\/\" \/>\n<meta property=\"og:locale\" content=\"fi_FI\" \/>\n<meta property=\"og:type\" content=\"article\" \/>\n<meta property=\"og:title\" content=\"S\u00e4nky MASTER integroiduilla y\u00f6p\u00f6ydill\u00e4 - Radis\" \/>\n<meta property=\"og:description\" content=\"MASTER-s\u00e4nky yhdist\u00e4\u00e4 luonnonpuun l\u00e4mm\u00f6n tyylikk\u00e4\u00e4seen ja moderniin muotoiluun tarjoten t\u00e4ydellisen nukkumisratkaisun moderniin kotiin. Korkealaatuisesta koivuvanerista, saatavilla my\u00f6s tammiviilulla, valmistettu MASTER-s\u00e4nky korostaa puun kaunista ja luonnollista tekstuuria. T\u00e4m\u00e4 materiaalivalinta takaa upean ja l\u00e4mpim\u00e4n estetiikan lis\u00e4ksi poikkeuksellisen kest\u00e4vyyden ja vakauden. \u00d6ljyvahattu pinta suojaa pintaa pit\u00e4en sen samalla luonnollisena ja silkkisena. Y\u00f6p\u00f6yd\u00e4t, jotka on saumattomasti kiinnitetty pidennettyyn s\u00e4ngynp\u00e4\u00e4tyyn,...\" \/>\n<meta property=\"og:url\" content=\"https:\/\/radis.ee\/fi\/sanky-muster-yopoydalla\/\" \/>\n<meta property=\"og:site_name\" content=\"Radis\" \/>\n<meta property=\"article:publisher\" content=\"https:\/\/www.facebook.com\/radisfurniture\/\" \/>\n<meta property=\"article:modified_time\" content=\"2025-12-08T18:23:12+00:00\" \/>\n<meta property=\"og:image\" content=\"https:\/\/radis.ee\/wp-content\/uploads\/2020\/09\/RA0579-Radis-bed-Muster-light-oak-and-Koskisen-white-with-pattern-2-1-scaled.jpg\" \/>\n\t<meta property=\"og:image:width\" content=\"3754\" \/>\n\t<meta property=\"og:image:height\" content=\"3754\" \/>\n\t<meta property=\"og:image:type\" content=\"image\/jpeg\" \/>\n<meta name=\"twitter:card\" content=\"summary_large_image\" \/>\n<meta name=\"twitter:label1\" content=\"Arvioitu lukuaika\" \/>\n\t<meta name=\"twitter:data1\" content=\"1 minuutti\" \/>\n<script type=\"application\/ld+json\" class=\"yoast-schema-graph\">{\"@context\":\"https:\\\/\\\/schema.org\",\"@graph\":[{\"@type\":\"WebPage\",\"@id\":\"https:\\\/\\\/radis.ee\\\/fi\\\/sanky-muster-yopoydalla\\\/\",\"url\":\"https:\\\/\\\/radis.ee\\\/fi\\\/sanky-muster-yopoydalla\\\/\",\"name\":\"S\u00e4nky MASTER integroiduilla y\u00f6p\u00f6ydill\u00e4 - Radis\",\"isPartOf\":{\"@id\":\"https:\\\/\\\/radis.ee\\\/#website\"},\"primaryImageOfPage\":{\"@id\":\"https:\\\/\\\/radis.ee\\\/fi\\\/sanky-muster-yopoydalla\\\/#primaryimage\"},\"image\":{\"@id\":\"https:\\\/\\\/radis.ee\\\/fi\\\/sanky-muster-yopoydalla\\\/#primaryimage\"},\"thumbnailUrl\":\"https:\\\/\\\/radis.ee\\\/wp-content\\\/uploads\\\/2022\\\/09\\\/Radis_Furniture_bed-MASTER_Oak_veneered_plywood_interior_white_background_4.webp\",\"datePublished\":\"2022-09-13T07:00:22+00:00\",\"dateModified\":\"2025-12-08T18:23:12+00:00\",\"breadcrumb\":{\"@id\":\"https:\\\/\\\/radis.ee\\\/fi\\\/sanky-muster-yopoydalla\\\/#breadcrumb\"},\"inLanguage\":\"fi\",\"potentialAction\":[{\"@type\":\"ReadAction\",\"target\":[\"https:\\\/\\\/radis.ee\\\/fi\\\/sanky-muster-yopoydalla\\\/\"]}]},{\"@type\":\"ImageObject\",\"inLanguage\":\"fi\",\"@id\":\"https:\\\/\\\/radis.ee\\\/fi\\\/sanky-muster-yopoydalla\\\/#primaryimage\",\"url\":\"https:\\\/\\\/radis.ee\\\/wp-content\\\/uploads\\\/2022\\\/09\\\/Radis_Furniture_bed-MASTER_Oak_veneered_plywood_interior_white_background_4.webp\",\"contentUrl\":\"https:\\\/\\\/radis.ee\\\/wp-content\\\/uploads\\\/2022\\\/09\\\/Radis_Furniture_bed-MASTER_Oak_veneered_plywood_interior_white_background_4.webp\",\"width\":1050,\"height\":1814,\"caption\":\"Radis Furniture bed MASTER Oak veneered plywood\"},{\"@type\":\"BreadcrumbList\",\"@id\":\"https:\\\/\\\/radis.ee\\\/fi\\\/sanky-muster-yopoydalla\\\/#breadcrumb\",\"itemListElement\":[{\"@type\":\"ListItem\",\"position\":1,\"name\":\"Home\",\"item\":\"https:\\\/\\\/radis.ee\\\/\"},{\"@type\":\"ListItem\",\"position\":2,\"name\":\"Tuotteet\",\"item\":\"https:\\\/\\\/radis.ee\\\/fi\\\/tuotteet\\\/\"},{\"@type\":\"ListItem\",\"position\":3,\"name\":\"S\u00e4nky MASTER integroiduilla y\u00f6p\u00f6ydill\u00e4\"}]},{\"@type\":\"WebSite\",\"@id\":\"https:\\\/\\\/radis.ee\\\/#website\",\"url\":\"https:\\\/\\\/radis.ee\\\/\",\"name\":\"Radis\",\"description\":\"Nordic design furniture, environmentally friendly and sustainable.\",\"publisher\":{\"@id\":\"https:\\\/\\\/radis.ee\\\/#organization\"},\"potentialAction\":[{\"@type\":\"SearchAction\",\"target\":{\"@type\":\"EntryPoint\",\"urlTemplate\":\"https:\\\/\\\/radis.ee\\\/?s={search_term_string}\"},\"query-input\":{\"@type\":\"PropertyValueSpecification\",\"valueRequired\":true,\"valueName\":\"search_term_string\"}}],\"inLanguage\":\"fi\"},{\"@type\":\"Organization\",\"@id\":\"https:\\\/\\\/radis.ee\\\/#organization\",\"name\":\"Radis O\u00dc\",\"url\":\"https:\\\/\\\/radis.ee\\\/\",\"logo\":{\"@type\":\"ImageObject\",\"inLanguage\":\"fi\",\"@id\":\"https:\\\/\\\/radis.ee\\\/#\\\/schema\\\/logo\\\/image\\\/\",\"url\":\"https:\\\/\\\/radis.ee\\\/wp-content\\\/uploads\\\/2020\\\/10\\\/Radis-logo.png\",\"contentUrl\":\"https:\\\/\\\/radis.ee\\\/wp-content\\\/uploads\\\/2020\\\/10\\\/Radis-logo.png\",\"width\":300,\"height\":63,\"caption\":\"Radis O\u00dc\"},\"image\":{\"@id\":\"https:\\\/\\\/radis.ee\\\/#\\\/schema\\\/logo\\\/image\\\/\"},\"sameAs\":[\"https:\\\/\\\/www.facebook.com\\\/radisfurniture\\\/\"]}]}<\/script>\n<!-- \/ Yoast SEO plugin. -->","yoast_head_json":{"title":"S\u00e4nky MASTER integroiduilla y\u00f6p\u00f6ydill\u00e4 - Radis","robots":{"index":"index","follow":"follow","max-snippet":"max-snippet:-1","max-image-preview":"max-image-preview:large","max-video-preview":"max-video-preview:-1"},"canonical":"https:\/\/radis.ee\/fi\/sanky-muster-yopoydalla\/","og_locale":"fi_FI","og_type":"article","og_title":"S\u00e4nky MASTER integroiduilla y\u00f6p\u00f6ydill\u00e4 - Radis","og_description":"MASTER-s\u00e4nky yhdist\u00e4\u00e4 luonnonpuun l\u00e4mm\u00f6n tyylikk\u00e4\u00e4seen ja moderniin muotoiluun tarjoten t\u00e4ydellisen nukkumisratkaisun moderniin kotiin. Korkealaatuisesta koivuvanerista, saatavilla my\u00f6s tammiviilulla, valmistettu MASTER-s\u00e4nky korostaa puun kaunista ja luonnollista tekstuuria. T\u00e4m\u00e4 materiaalivalinta takaa upean ja l\u00e4mpim\u00e4n estetiikan lis\u00e4ksi poikkeuksellisen kest\u00e4vyyden ja vakauden. \u00d6ljyvahattu pinta suojaa pintaa pit\u00e4en sen samalla luonnollisena ja silkkisena. Y\u00f6p\u00f6yd\u00e4t, jotka on saumattomasti kiinnitetty pidennettyyn s\u00e4ngynp\u00e4\u00e4tyyn,...","og_url":"https:\/\/radis.ee\/fi\/sanky-muster-yopoydalla\/","og_site_name":"Radis","article_publisher":"https:\/\/www.facebook.com\/radisfurniture\/","article_modified_time":"2025-12-08T18:23:12+00:00","og_image":[{"width":3754,"height":3754,"url":"https:\/\/radis.ee\/wp-content\/uploads\/2020\/09\/RA0579-Radis-bed-Muster-light-oak-and-Koskisen-white-with-pattern-2-1-scaled.jpg","type":"image\/jpeg"}],"twitter_card":"summary_large_image","twitter_misc":{"Arvioitu lukuaika":"1 minuutti"},"schema":{"@context":"https:\/\/schema.org","@graph":[{"@type":"WebPage","@id":"https:\/\/radis.ee\/fi\/sanky-muster-yopoydalla\/","url":"https:\/\/radis.ee\/fi\/sanky-muster-yopoydalla\/","name":"S\u00e4nky MASTER integroiduilla y\u00f6p\u00f6ydill\u00e4 - Radis","isPartOf":{"@id":"https:\/\/radis.ee\/#website"},"primaryImageOfPage":{"@id":"https:\/\/radis.ee\/fi\/sanky-muster-yopoydalla\/#primaryimage"},"image":{"@id":"https:\/\/radis.ee\/fi\/sanky-muster-yopoydalla\/#primaryimage"},"thumbnailUrl":"https:\/\/radis.ee\/wp-content\/uploads\/2022\/09\/Radis_Furniture_bed-MASTER_Oak_veneered_plywood_interior_white_background_4.webp","datePublished":"2022-09-13T07:00:22+00:00","dateModified":"2025-12-08T18:23:12+00:00","breadcrumb":{"@id":"https:\/\/radis.ee\/fi\/sanky-muster-yopoydalla\/#breadcrumb"},"inLanguage":"fi","potentialAction":[{"@type":"ReadAction","target":["https:\/\/radis.ee\/fi\/sanky-muster-yopoydalla\/"]}]},{"@type":"ImageObject","inLanguage":"fi","@id":"https:\/\/radis.ee\/fi\/sanky-muster-yopoydalla\/#primaryimage","url":"https:\/\/radis.ee\/wp-content\/uploads\/2022\/09\/Radis_Furniture_bed-MASTER_Oak_veneered_plywood_interior_white_background_4.webp","contentUrl":"https:\/\/radis.ee\/wp-content\/uploads\/2022\/09\/Radis_Furniture_bed-MASTER_Oak_veneered_plywood_interior_white_background_4.webp","width":1050,"height":1814,"caption":"Radis Furniture bed MASTER Oak veneered plywood"},{"@type":"BreadcrumbList","@id":"https:\/\/radis.ee\/fi\/sanky-muster-yopoydalla\/#breadcrumb","itemListElement":[{"@type":"ListItem","position":1,"name":"Home","item":"https:\/\/radis.ee\/"},{"@type":"ListItem","position":2,"name":"Tuotteet","item":"https:\/\/radis.ee\/fi\/tuotteet\/"},{"@type":"ListItem","position":3,"name":"S\u00e4nky MASTER integroiduilla y\u00f6p\u00f6ydill\u00e4"}]},{"@type":"WebSite","@id":"https:\/\/radis.ee\/#website","url":"https:\/\/radis.ee\/","name":"Radis","description":"Nordic design furniture, environmentally friendly and sustainable.","publisher":{"@id":"https:\/\/radis.ee\/#organization"},"potentialAction":[{"@type":"SearchAction","target":{"@type":"EntryPoint","urlTemplate":"https:\/\/radis.ee\/?s={search_term_string}"},"query-input":{"@type":"PropertyValueSpecification","valueRequired":true,"valueName":"search_term_string"}}],"inLanguage":"fi"},{"@type":"Organization","@id":"https:\/\/radis.ee\/#organization","name":"Radis O\u00dc","url":"https:\/\/radis.ee\/","logo":{"@type":"ImageObject","inLanguage":"fi","@id":"https:\/\/radis.ee\/#\/schema\/logo\/image\/","url":"https:\/\/radis.ee\/wp-content\/uploads\/2020\/10\/Radis-logo.png","contentUrl":"https:\/\/radis.ee\/wp-content\/uploads\/2020\/10\/Radis-logo.png","width":300,"height":63,"caption":"Radis O\u00dc"},"image":{"@id":"https:\/\/radis.ee\/#\/schema\/logo\/image\/"},"sameAs":["https:\/\/www.facebook.com\/radisfurniture\/"]}]}},"_links":{"self":[{"href":"https:\/\/radis.ee\/fi\/wp-json\/wp\/v2\/product\/2696","targetHints":{"allow":["GET"]}}],"collection":[{"href":"https:\/\/radis.ee\/fi\/wp-json\/wp\/v2\/product"}],"about":[{"href":"https:\/\/radis.ee\/fi\/wp-json\/wp\/v2\/types\/product"}],"replies":[{"embeddable":true,"href":"https:\/\/radis.ee\/fi\/wp-json\/wp\/v2\/comments?post=2696"}],"wp:featuredmedia":[{"embeddable":true,"href":"https:\/\/radis.ee\/fi\/wp-json\/wp\/v2\/media\/30738"}],"wp:attachment":[{"href":"https:\/\/radis.ee\/fi\/wp-json\/wp\/v2\/media?parent=2696"}],"wp:term":[{"taxonomy":"product_brand","embeddable":true,"href":"https:\/\/radis.ee\/fi\/wp-json\/wp\/v2\/product_brand?post=2696"},{"taxonomy":"product_cat","embeddable":true,"href":"https:\/\/radis.ee\/fi\/wp-json\/wp\/v2\/product_cat?post=2696"},{"taxonomy":"product_tag","embeddable":true,"href":"https:\/\/radis.ee\/fi\/wp-json\/wp\/v2\/product_tag?post=2696"}],"curies":[{"name":"wp","href":"https:\/\/api.w.org\/{rel}","templated":true}]}}