{"id":2700,"date":"2020-07-27T23:27:06","date_gmt":"2020-09-27T20:27:06","guid":{"rendered":"https:\/\/radis.ee\/Ei-luokiteltu\/ulos-vedettava-sanky\/"},"modified":"2020-10-18T22:53:28","modified_gmt":"2020-10-18T19:53:28","slug":"ulos-vedettava-sanky","status":"publish","type":"product","link":"https:\/\/radis.ee\/fi\/ulos-vedettava-sanky\/","title":{"rendered":"Ulos vedett\u00e4v\u00e4 s\u00e4nky"},"content":{"rendered":"<p>Hauska monik\u00e4ytt\u00f6vuode, jossa lapset nukkuvat mielell\u00e4\u00e4n p\u00e4iv\u00e4unensa. Ulos vedett\u00e4v\u00e4 vuode sopii kauniiden unien l\u00e4hteeksi sek\u00e4 suurperheisiin ett\u00e4 p\u00e4iv\u00e4koteihin. Vuoteet voi vet\u00e4\u00e4 ulos takimmaisten kalustepy\u00f6rien avulla.<\/p>\n<p>S\u00e4nky vet\u00e4\u00e4 ulos takap\u00f6yd\u00e4n py\u00f6rien avulla. Sis\u00e4lt\u00e4\u00e4 vaneripohjat. 3-s\u00e4ngyn versio sopii patjoille 70&#215;140\/145\/150 cm, kokonaiskorkeus 94 cm.<\/p>\n<p>Valmistettu \u00f6ljyvahatusta koivuvanerista.<\/p>\n","protected":false},"excerpt":{"rendered":"<p>Hauska monik\u00e4ytt\u00f6vuode, jossa lapset nukkuvat mielell\u00e4\u00e4n p\u00e4iv\u00e4unensa. Ulos vedett\u00e4v\u00e4 vuode sopii kauniiden unien l\u00e4hteeksi sek\u00e4 suurperheisiin ett\u00e4 p\u00e4iv\u00e4koteihin. Vuoteet voi vet\u00e4\u00e4 ulos takimmaisten kalustepy\u00f6rien avulla. S\u00e4nky vet\u00e4\u00e4 ulos takap\u00f6yd\u00e4n py\u00f6rien avulla. Sis\u00e4lt\u00e4\u00e4 vaneripohjat. 3-s\u00e4ngyn versio sopii patjoille 70&#215;140\/145\/150 cm, kokonaiskorkeus 94 cm. Valmistettu \u00f6ljyvahatusta koivuvanerista.<\/p>\n","protected":false},"featured_media":4632,"comment_status":"open","ping_status":"closed","template":"","meta":{"_acf_changed":false},"product_brand":[],"product_cat":[113],"product_tag":[],"class_list":{"0":"post-2700","1":"product","2":"type-product","3":"status-publish","4":"has-post-thumbnail","6":"product_cat-voodid","8":"first","9":"instock","10":"taxable","11":"shipping-taxable","12":"purchasable","13":"product-type-simple"},"acf":[],"yoast_head":"<!-- This site is optimized with the Yoast SEO plugin v27.4 - https:\/\/yoast.com\/product\/yoast-seo-wordpress\/ -->\n<title>Ulos vedett\u00e4v\u00e4 s\u00e4nky - Radis<\/title>\n<meta name=\"robots\" content=\"index, follow, max-snippet:-1, max-image-preview:large, max-video-preview:-1\" \/>\n<link rel=\"canonical\" href=\"https:\/\/radis.ee\/sahtelvoodi\/\" \/>\n<meta property=\"og:locale\" content=\"fi_FI\" \/>\n<meta property=\"og:type\" content=\"article\" \/>\n<meta property=\"og:title\" content=\"Ulos vedett\u00e4v\u00e4 s\u00e4nky - Radis\" \/>\n<meta property=\"og:description\" content=\"Hauska monik\u00e4ytt\u00f6vuode, jossa lapset nukkuvat mielell\u00e4\u00e4n p\u00e4iv\u00e4unensa. Ulos vedett\u00e4v\u00e4 vuode sopii kauniiden unien l\u00e4hteeksi sek\u00e4 suurperheisiin ett\u00e4 p\u00e4iv\u00e4koteihin. Vuoteet voi vet\u00e4\u00e4 ulos takimmaisten kalustepy\u00f6rien avulla. S\u00e4nky vet\u00e4\u00e4 ulos takap\u00f6yd\u00e4n py\u00f6rien avulla. Sis\u00e4lt\u00e4\u00e4 vaneripohjat. 3-s\u00e4ngyn versio sopii patjoille 70&#215;140\/145\/150 cm, kokonaiskorkeus 94 cm. Valmistettu \u00f6ljyvahatusta koivuvanerista.\" \/>\n<meta property=\"og:url\" content=\"https:\/\/radis.ee\/sahtelvoodi\/\" \/>\n<meta property=\"og:site_name\" content=\"Radis\" \/>\n<meta property=\"article:publisher\" content=\"https:\/\/www.facebook.com\/radisfurniture\/\" \/>\n<meta property=\"article:modified_time\" content=\"2020-10-18T19:53:28+00:00\" \/>\n<meta property=\"og:image\" content=\"https:\/\/radis.ee\/wp-content\/uploads\/2020\/09\/PULL-OUT_BED_NATURAL-1.jpg\" \/>\n\t<meta property=\"og:image:width\" content=\"1868\" \/>\n\t<meta property=\"og:image:height\" content=\"1868\" \/>\n\t<meta property=\"og:image:type\" content=\"image\/jpeg\" \/>\n<meta name=\"twitter:card\" content=\"summary_large_image\" \/>\n<script type=\"application\/ld+json\" class=\"yoast-schema-graph\">{\"@context\":\"https:\\\/\\\/schema.org\",\"@graph\":[{\"@type\":\"WebPage\",\"@id\":\"https:\\\/\\\/radis.ee\\\/sahtelvoodi\\\/\",\"url\":\"https:\\\/\\\/radis.ee\\\/sahtelvoodi\\\/\",\"name\":\"Ulos vedett\u00e4v\u00e4 s\u00e4nky - Radis\",\"isPartOf\":{\"@id\":\"https:\\\/\\\/radis.ee\\\/#website\"},\"primaryImageOfPage\":{\"@id\":\"https:\\\/\\\/radis.ee\\\/sahtelvoodi\\\/#primaryimage\"},\"image\":{\"@id\":\"https:\\\/\\\/radis.ee\\\/sahtelvoodi\\\/#primaryimage\"},\"thumbnailUrl\":\"https:\\\/\\\/radis.ee\\\/wp-content\\\/uploads\\\/2020\\\/09\\\/PULL-OUT_BED_NATURAL-1.jpg\",\"datePublished\":\"2020-09-27T20:27:06+00:00\",\"dateModified\":\"2020-10-18T19:53:28+00:00\",\"breadcrumb\":{\"@id\":\"https:\\\/\\\/radis.ee\\\/sahtelvoodi\\\/#breadcrumb\"},\"inLanguage\":\"fi\",\"potentialAction\":[{\"@type\":\"ReadAction\",\"target\":[\"https:\\\/\\\/radis.ee\\\/sahtelvoodi\\\/\"]}]},{\"@type\":\"ImageObject\",\"inLanguage\":\"fi\",\"@id\":\"https:\\\/\\\/radis.ee\\\/sahtelvoodi\\\/#primaryimage\",\"url\":\"https:\\\/\\\/radis.ee\\\/wp-content\\\/uploads\\\/2020\\\/09\\\/PULL-OUT_BED_NATURAL-1.jpg\",\"contentUrl\":\"https:\\\/\\\/radis.ee\\\/wp-content\\\/uploads\\\/2020\\\/09\\\/PULL-OUT_BED_NATURAL-1.jpg\",\"width\":1868,\"height\":1868},{\"@type\":\"BreadcrumbList\",\"@id\":\"https:\\\/\\\/radis.ee\\\/sahtelvoodi\\\/#breadcrumb\",\"itemListElement\":[{\"@type\":\"ListItem\",\"position\":1,\"name\":\"Home\",\"item\":\"https:\\\/\\\/radis.ee\\\/\"},{\"@type\":\"ListItem\",\"position\":2,\"name\":\"Tuotteet\",\"item\":\"https:\\\/\\\/radis.ee\\\/fi\\\/tuotteet\\\/\"},{\"@type\":\"ListItem\",\"position\":3,\"name\":\"Ulos vedett\u00e4v\u00e4 s\u00e4nky\"}]},{\"@type\":\"WebSite\",\"@id\":\"https:\\\/\\\/radis.ee\\\/#website\",\"url\":\"https:\\\/\\\/radis.ee\\\/\",\"name\":\"Radis\",\"description\":\"Nordic design furniture, environmentally friendly and sustainable.\",\"publisher\":{\"@id\":\"https:\\\/\\\/radis.ee\\\/#organization\"},\"potentialAction\":[{\"@type\":\"SearchAction\",\"target\":{\"@type\":\"EntryPoint\",\"urlTemplate\":\"https:\\\/\\\/radis.ee\\\/?s={search_term_string}\"},\"query-input\":{\"@type\":\"PropertyValueSpecification\",\"valueRequired\":true,\"valueName\":\"search_term_string\"}}],\"inLanguage\":\"fi\"},{\"@type\":\"Organization\",\"@id\":\"https:\\\/\\\/radis.ee\\\/#organization\",\"name\":\"Radis O\u00dc\",\"url\":\"https:\\\/\\\/radis.ee\\\/\",\"logo\":{\"@type\":\"ImageObject\",\"inLanguage\":\"fi\",\"@id\":\"https:\\\/\\\/radis.ee\\\/#\\\/schema\\\/logo\\\/image\\\/\",\"url\":\"https:\\\/\\\/radis.ee\\\/wp-content\\\/uploads\\\/2020\\\/10\\\/Radis-logo.png\",\"contentUrl\":\"https:\\\/\\\/radis.ee\\\/wp-content\\\/uploads\\\/2020\\\/10\\\/Radis-logo.png\",\"width\":300,\"height\":63,\"caption\":\"Radis O\u00dc\"},\"image\":{\"@id\":\"https:\\\/\\\/radis.ee\\\/#\\\/schema\\\/logo\\\/image\\\/\"},\"sameAs\":[\"https:\\\/\\\/www.facebook.com\\\/radisfurniture\\\/\"]}]}<\/script>\n<!-- \/ Yoast SEO plugin. -->","yoast_head_json":{"title":"Ulos vedett\u00e4v\u00e4 s\u00e4nky - Radis","robots":{"index":"index","follow":"follow","max-snippet":"max-snippet:-1","max-image-preview":"max-image-preview:large","max-video-preview":"max-video-preview:-1"},"canonical":"https:\/\/radis.ee\/sahtelvoodi\/","og_locale":"fi_FI","og_type":"article","og_title":"Ulos vedett\u00e4v\u00e4 s\u00e4nky - Radis","og_description":"Hauska monik\u00e4ytt\u00f6vuode, jossa lapset nukkuvat mielell\u00e4\u00e4n p\u00e4iv\u00e4unensa. Ulos vedett\u00e4v\u00e4 vuode sopii kauniiden unien l\u00e4hteeksi sek\u00e4 suurperheisiin ett\u00e4 p\u00e4iv\u00e4koteihin. Vuoteet voi vet\u00e4\u00e4 ulos takimmaisten kalustepy\u00f6rien avulla. S\u00e4nky vet\u00e4\u00e4 ulos takap\u00f6yd\u00e4n py\u00f6rien avulla. Sis\u00e4lt\u00e4\u00e4 vaneripohjat. 3-s\u00e4ngyn versio sopii patjoille 70&#215;140\/145\/150 cm, kokonaiskorkeus 94 cm. Valmistettu \u00f6ljyvahatusta koivuvanerista.","og_url":"https:\/\/radis.ee\/sahtelvoodi\/","og_site_name":"Radis","article_publisher":"https:\/\/www.facebook.com\/radisfurniture\/","article_modified_time":"2020-10-18T19:53:28+00:00","og_image":[{"width":1868,"height":1868,"url":"https:\/\/radis.ee\/wp-content\/uploads\/2020\/09\/PULL-OUT_BED_NATURAL-1.jpg","type":"image\/jpeg"}],"twitter_card":"summary_large_image","schema":{"@context":"https:\/\/schema.org","@graph":[{"@type":"WebPage","@id":"https:\/\/radis.ee\/sahtelvoodi\/","url":"https:\/\/radis.ee\/sahtelvoodi\/","name":"Ulos vedett\u00e4v\u00e4 s\u00e4nky - Radis","isPartOf":{"@id":"https:\/\/radis.ee\/#website"},"primaryImageOfPage":{"@id":"https:\/\/radis.ee\/sahtelvoodi\/#primaryimage"},"image":{"@id":"https:\/\/radis.ee\/sahtelvoodi\/#primaryimage"},"thumbnailUrl":"https:\/\/radis.ee\/wp-content\/uploads\/2020\/09\/PULL-OUT_BED_NATURAL-1.jpg","datePublished":"2020-09-27T20:27:06+00:00","dateModified":"2020-10-18T19:53:28+00:00","breadcrumb":{"@id":"https:\/\/radis.ee\/sahtelvoodi\/#breadcrumb"},"inLanguage":"fi","potentialAction":[{"@type":"ReadAction","target":["https:\/\/radis.ee\/sahtelvoodi\/"]}]},{"@type":"ImageObject","inLanguage":"fi","@id":"https:\/\/radis.ee\/sahtelvoodi\/#primaryimage","url":"https:\/\/radis.ee\/wp-content\/uploads\/2020\/09\/PULL-OUT_BED_NATURAL-1.jpg","contentUrl":"https:\/\/radis.ee\/wp-content\/uploads\/2020\/09\/PULL-OUT_BED_NATURAL-1.jpg","width":1868,"height":1868},{"@type":"BreadcrumbList","@id":"https:\/\/radis.ee\/sahtelvoodi\/#breadcrumb","itemListElement":[{"@type":"ListItem","position":1,"name":"Home","item":"https:\/\/radis.ee\/"},{"@type":"ListItem","position":2,"name":"Tuotteet","item":"https:\/\/radis.ee\/fi\/tuotteet\/"},{"@type":"ListItem","position":3,"name":"Ulos vedett\u00e4v\u00e4 s\u00e4nky"}]},{"@type":"WebSite","@id":"https:\/\/radis.ee\/#website","url":"https:\/\/radis.ee\/","name":"Radis","description":"Nordic design furniture, environmentally friendly and sustainable.","publisher":{"@id":"https:\/\/radis.ee\/#organization"},"potentialAction":[{"@type":"SearchAction","target":{"@type":"EntryPoint","urlTemplate":"https:\/\/radis.ee\/?s={search_term_string}"},"query-input":{"@type":"PropertyValueSpecification","valueRequired":true,"valueName":"search_term_string"}}],"inLanguage":"fi"},{"@type":"Organization","@id":"https:\/\/radis.ee\/#organization","name":"Radis O\u00dc","url":"https:\/\/radis.ee\/","logo":{"@type":"ImageObject","inLanguage":"fi","@id":"https:\/\/radis.ee\/#\/schema\/logo\/image\/","url":"https:\/\/radis.ee\/wp-content\/uploads\/2020\/10\/Radis-logo.png","contentUrl":"https:\/\/radis.ee\/wp-content\/uploads\/2020\/10\/Radis-logo.png","width":300,"height":63,"caption":"Radis O\u00dc"},"image":{"@id":"https:\/\/radis.ee\/#\/schema\/logo\/image\/"},"sameAs":["https:\/\/www.facebook.com\/radisfurniture\/"]}]}},"_links":{"self":[{"href":"https:\/\/radis.ee\/fi\/wp-json\/wp\/v2\/product\/2700","targetHints":{"allow":["GET"]}}],"collection":[{"href":"https:\/\/radis.ee\/fi\/wp-json\/wp\/v2\/product"}],"about":[{"href":"https:\/\/radis.ee\/fi\/wp-json\/wp\/v2\/types\/product"}],"replies":[{"embeddable":true,"href":"https:\/\/radis.ee\/fi\/wp-json\/wp\/v2\/comments?post=2700"}],"wp:featuredmedia":[{"embeddable":true,"href":"https:\/\/radis.ee\/fi\/wp-json\/wp\/v2\/media\/4632"}],"wp:attachment":[{"href":"https:\/\/radis.ee\/fi\/wp-json\/wp\/v2\/media?parent=2700"}],"wp:term":[{"taxonomy":"product_brand","embeddable":true,"href":"https:\/\/radis.ee\/fi\/wp-json\/wp\/v2\/product_brand?post=2700"},{"taxonomy":"product_cat","embeddable":true,"href":"https:\/\/radis.ee\/fi\/wp-json\/wp\/v2\/product_cat?post=2700"},{"taxonomy":"product_tag","embeddable":true,"href":"https:\/\/radis.ee\/fi\/wp-json\/wp\/v2\/product_tag?post=2700"}],"curies":[{"name":"wp","href":"https:\/\/api.w.org\/{rel}","templated":true}]}}