{"id":27131,"date":"2022-07-22T22:24:09","date_gmt":"2024-06-12T19:24:10","guid":{"rendered":"https:\/\/radis.ee\/?post_type=product&#038;p=27131"},"modified":"2024-06-12T22:44:33","modified_gmt":"2024-06-12T19:44:33","slug":"lattialamppu-svelte-copy","status":"publish","type":"product","link":"https:\/\/radis.ee\/fi\/lattialamppu-svelte-copy\/","title":{"rendered":"Lattialamppu BOW"},"content":{"rendered":"<p>T\u00e4m\u00e4 pehme\u00e4sti valaistu ja tyylikk\u00e4\u00e4sti dynaaminen lattiavalaisin kumartuu hell\u00e4sti jokaiseen p\u00e4iv\u00e4\u00e4si.<\/p>\n<p>Ajaton muotoilu, ainutlaatuinen tekninen toteutus, joka antaa valaisimelle ainutlaatuisen raidallisen linjan.<\/p>\n<p>Valmistettu luonnonkoivuvanerista tai massiivitammesta, k\u00e4sity\u00f6n\u00e4, \u00f6ljyvahattu saksalaisella laatu\u00f6ljyll\u00e4 Auro 108, myrkyt\u00f6n, luonnollisia ainesosia. Ilman n\u00e4kyvi\u00e4 johtoja ja kiinnikkeit\u00e4.<\/p>\n<p>LED-akun k\u00e4ytt\u00f6ik\u00e4 50000h tai 91 vuotta (keskim\u00e4\u00e4r\u00e4inen k\u00e4ytt\u00f6 1,5h \/ p\u00e4iv\u00e4). Mukava kaukos\u00e4\u00e4din 0-100 % himmennystoiminnolla. Turvallinen 24 V pienj\u00e4nnite kaiken ik\u00e4isille perheenj\u00e4senille. Takuu 7 vuotta.<\/p>\n<p>LED 19,53 W. Kelvin: 2700K-3200K.<\/p>\n<p>Suunnittelija: Erkki Kivastik<\/p>\n","protected":false},"excerpt":{"rendered":"<p>T\u00e4m\u00e4 pehme\u00e4sti valaistu ja tyylikk\u00e4\u00e4sti dynaaminen lattiavalaisin kumartuu hell\u00e4sti jokaiseen p\u00e4iv\u00e4\u00e4si. Ajaton muotoilu, ainutlaatuinen tekninen toteutus, joka antaa valaisimelle ainutlaatuisen raidallisen linjan. Valmistettu luonnonkoivuvanerista tai massiivitammesta, k\u00e4sity\u00f6n\u00e4, \u00f6ljyvahattu saksalaisella laatu\u00f6ljyll\u00e4 Auro 108, myrkyt\u00f6n, luonnollisia ainesosia. Ilman n\u00e4kyvi\u00e4 johtoja ja kiinnikkeit\u00e4. LED-akun k\u00e4ytt\u00f6ik\u00e4 50000h tai 91 vuotta (keskim\u00e4\u00e4r\u00e4inen k\u00e4ytt\u00f6 1,5h \/ p\u00e4iv\u00e4). Mukava kaukos\u00e4\u00e4din 0-100 %&#8230;<\/p>\n","protected":false},"featured_media":27167,"comment_status":"open","ping_status":"closed","template":"","meta":{"_acf_changed":false},"product_brand":[],"product_cat":[34],"product_tag":[],"class_list":{"0":"post-27131","1":"product","2":"type-product","3":"status-publish","4":"has-post-thumbnail","6":"product_cat-aksessuaarid","8":"first","9":"instock","10":"sale","11":"taxable","12":"shipping-taxable","13":"purchasable","14":"product-type-variable","15":"has-default-attributes"},"acf":[],"yoast_head":"<!-- This site is optimized with the Yoast SEO plugin v27.4 - https:\/\/yoast.com\/product\/yoast-seo-wordpress\/ -->\n<title>Lattialamppu BOW - Radis<\/title>\n<meta name=\"robots\" content=\"index, follow, max-snippet:-1, max-image-preview:large, max-video-preview:-1\" \/>\n<link rel=\"canonical\" href=\"https:\/\/radis.ee\/porandalamp-bow\/\" \/>\n<meta property=\"og:locale\" content=\"fi_FI\" \/>\n<meta property=\"og:type\" content=\"article\" \/>\n<meta property=\"og:title\" content=\"Lattialamppu BOW - Radis\" \/>\n<meta property=\"og:description\" content=\"T\u00e4m\u00e4 pehme\u00e4sti valaistu ja tyylikk\u00e4\u00e4sti dynaaminen lattiavalaisin kumartuu hell\u00e4sti jokaiseen p\u00e4iv\u00e4\u00e4si. Ajaton muotoilu, ainutlaatuinen tekninen toteutus, joka antaa valaisimelle ainutlaatuisen raidallisen linjan. Valmistettu luonnonkoivuvanerista tai massiivitammesta, k\u00e4sity\u00f6n\u00e4, \u00f6ljyvahattu saksalaisella laatu\u00f6ljyll\u00e4 Auro 108, myrkyt\u00f6n, luonnollisia ainesosia. Ilman n\u00e4kyvi\u00e4 johtoja ja kiinnikkeit\u00e4. LED-akun k\u00e4ytt\u00f6ik\u00e4 50000h tai 91 vuotta (keskim\u00e4\u00e4r\u00e4inen k\u00e4ytt\u00f6 1,5h \/ p\u00e4iv\u00e4). Mukava kaukos\u00e4\u00e4din 0-100 %...\" \/>\n<meta property=\"og:url\" content=\"https:\/\/radis.ee\/porandalamp-bow\/\" \/>\n<meta property=\"og:site_name\" content=\"Radis\" \/>\n<meta property=\"article:publisher\" content=\"https:\/\/www.facebook.com\/radisfurniture\/\" \/>\n<meta property=\"article:modified_time\" content=\"2024-06-12T19:44:33+00:00\" \/>\n<meta property=\"og:image\" content=\"https:\/\/radis.ee\/wp-content\/uploads\/2024\/06\/Radis_floor_lamp_BOW-Handcrafted-Design-Wooden-Floor-Lamp.png\" \/>\n\t<meta property=\"og:image:width\" content=\"2200\" \/>\n\t<meta property=\"og:image:height\" content=\"2620\" \/>\n\t<meta property=\"og:image:type\" content=\"image\/png\" \/>\n<meta name=\"twitter:card\" content=\"summary_large_image\" \/>\n<script type=\"application\/ld+json\" class=\"yoast-schema-graph\">{\"@context\":\"https:\\\/\\\/schema.org\",\"@graph\":[{\"@type\":\"WebPage\",\"@id\":\"https:\\\/\\\/radis.ee\\\/porandalamp-bow\\\/\",\"url\":\"https:\\\/\\\/radis.ee\\\/porandalamp-bow\\\/\",\"name\":\"Lattialamppu BOW - Radis\",\"isPartOf\":{\"@id\":\"https:\\\/\\\/radis.ee\\\/#website\"},\"primaryImageOfPage\":{\"@id\":\"https:\\\/\\\/radis.ee\\\/porandalamp-bow\\\/#primaryimage\"},\"image\":{\"@id\":\"https:\\\/\\\/radis.ee\\\/porandalamp-bow\\\/#primaryimage\"},\"thumbnailUrl\":\"https:\\\/\\\/radis.ee\\\/wp-content\\\/uploads\\\/2024\\\/06\\\/Radis_floor_lamp_BOW-Handcrafted-Design-Wooden-Floor-Lamp.png\",\"datePublished\":\"2024-06-12T19:24:10+00:00\",\"dateModified\":\"2024-06-12T19:44:33+00:00\",\"breadcrumb\":{\"@id\":\"https:\\\/\\\/radis.ee\\\/porandalamp-bow\\\/#breadcrumb\"},\"inLanguage\":\"fi\",\"potentialAction\":[{\"@type\":\"ReadAction\",\"target\":[\"https:\\\/\\\/radis.ee\\\/porandalamp-bow\\\/\"]}]},{\"@type\":\"ImageObject\",\"inLanguage\":\"fi\",\"@id\":\"https:\\\/\\\/radis.ee\\\/porandalamp-bow\\\/#primaryimage\",\"url\":\"https:\\\/\\\/radis.ee\\\/wp-content\\\/uploads\\\/2024\\\/06\\\/Radis_floor_lamp_BOW-Handcrafted-Design-Wooden-Floor-Lamp.png\",\"contentUrl\":\"https:\\\/\\\/radis.ee\\\/wp-content\\\/uploads\\\/2024\\\/06\\\/Radis_floor_lamp_BOW-Handcrafted-Design-Wooden-Floor-Lamp.png\",\"width\":2200,\"height\":2620,\"caption\":\"Radis floor lamp BOW birch plywood\"},{\"@type\":\"BreadcrumbList\",\"@id\":\"https:\\\/\\\/radis.ee\\\/porandalamp-bow\\\/#breadcrumb\",\"itemListElement\":[{\"@type\":\"ListItem\",\"position\":1,\"name\":\"Home\",\"item\":\"https:\\\/\\\/radis.ee\\\/\"},{\"@type\":\"ListItem\",\"position\":2,\"name\":\"Tuotteet\",\"item\":\"https:\\\/\\\/radis.ee\\\/fi\\\/tuotteet\\\/\"},{\"@type\":\"ListItem\",\"position\":3,\"name\":\"Lattialamppu BOW\"}]},{\"@type\":\"WebSite\",\"@id\":\"https:\\\/\\\/radis.ee\\\/#website\",\"url\":\"https:\\\/\\\/radis.ee\\\/\",\"name\":\"Radis\",\"description\":\"Nordic design furniture, environmentally friendly and sustainable.\",\"publisher\":{\"@id\":\"https:\\\/\\\/radis.ee\\\/#organization\"},\"potentialAction\":[{\"@type\":\"SearchAction\",\"target\":{\"@type\":\"EntryPoint\",\"urlTemplate\":\"https:\\\/\\\/radis.ee\\\/?s={search_term_string}\"},\"query-input\":{\"@type\":\"PropertyValueSpecification\",\"valueRequired\":true,\"valueName\":\"search_term_string\"}}],\"inLanguage\":\"fi\"},{\"@type\":\"Organization\",\"@id\":\"https:\\\/\\\/radis.ee\\\/#organization\",\"name\":\"Radis O\u00dc\",\"url\":\"https:\\\/\\\/radis.ee\\\/\",\"logo\":{\"@type\":\"ImageObject\",\"inLanguage\":\"fi\",\"@id\":\"https:\\\/\\\/radis.ee\\\/#\\\/schema\\\/logo\\\/image\\\/\",\"url\":\"https:\\\/\\\/radis.ee\\\/wp-content\\\/uploads\\\/2020\\\/10\\\/Radis-logo.png\",\"contentUrl\":\"https:\\\/\\\/radis.ee\\\/wp-content\\\/uploads\\\/2020\\\/10\\\/Radis-logo.png\",\"width\":300,\"height\":63,\"caption\":\"Radis O\u00dc\"},\"image\":{\"@id\":\"https:\\\/\\\/radis.ee\\\/#\\\/schema\\\/logo\\\/image\\\/\"},\"sameAs\":[\"https:\\\/\\\/www.facebook.com\\\/radisfurniture\\\/\"]}]}<\/script>\n<!-- \/ Yoast SEO plugin. -->","yoast_head_json":{"title":"Lattialamppu BOW - Radis","robots":{"index":"index","follow":"follow","max-snippet":"max-snippet:-1","max-image-preview":"max-image-preview:large","max-video-preview":"max-video-preview:-1"},"canonical":"https:\/\/radis.ee\/porandalamp-bow\/","og_locale":"fi_FI","og_type":"article","og_title":"Lattialamppu BOW - Radis","og_description":"T\u00e4m\u00e4 pehme\u00e4sti valaistu ja tyylikk\u00e4\u00e4sti dynaaminen lattiavalaisin kumartuu hell\u00e4sti jokaiseen p\u00e4iv\u00e4\u00e4si. Ajaton muotoilu, ainutlaatuinen tekninen toteutus, joka antaa valaisimelle ainutlaatuisen raidallisen linjan. Valmistettu luonnonkoivuvanerista tai massiivitammesta, k\u00e4sity\u00f6n\u00e4, \u00f6ljyvahattu saksalaisella laatu\u00f6ljyll\u00e4 Auro 108, myrkyt\u00f6n, luonnollisia ainesosia. Ilman n\u00e4kyvi\u00e4 johtoja ja kiinnikkeit\u00e4. LED-akun k\u00e4ytt\u00f6ik\u00e4 50000h tai 91 vuotta (keskim\u00e4\u00e4r\u00e4inen k\u00e4ytt\u00f6 1,5h \/ p\u00e4iv\u00e4). Mukava kaukos\u00e4\u00e4din 0-100 %...","og_url":"https:\/\/radis.ee\/porandalamp-bow\/","og_site_name":"Radis","article_publisher":"https:\/\/www.facebook.com\/radisfurniture\/","article_modified_time":"2024-06-12T19:44:33+00:00","og_image":[{"width":2200,"height":2620,"url":"https:\/\/radis.ee\/wp-content\/uploads\/2024\/06\/Radis_floor_lamp_BOW-Handcrafted-Design-Wooden-Floor-Lamp.png","type":"image\/png"}],"twitter_card":"summary_large_image","schema":{"@context":"https:\/\/schema.org","@graph":[{"@type":"WebPage","@id":"https:\/\/radis.ee\/porandalamp-bow\/","url":"https:\/\/radis.ee\/porandalamp-bow\/","name":"Lattialamppu BOW - Radis","isPartOf":{"@id":"https:\/\/radis.ee\/#website"},"primaryImageOfPage":{"@id":"https:\/\/radis.ee\/porandalamp-bow\/#primaryimage"},"image":{"@id":"https:\/\/radis.ee\/porandalamp-bow\/#primaryimage"},"thumbnailUrl":"https:\/\/radis.ee\/wp-content\/uploads\/2024\/06\/Radis_floor_lamp_BOW-Handcrafted-Design-Wooden-Floor-Lamp.png","datePublished":"2024-06-12T19:24:10+00:00","dateModified":"2024-06-12T19:44:33+00:00","breadcrumb":{"@id":"https:\/\/radis.ee\/porandalamp-bow\/#breadcrumb"},"inLanguage":"fi","potentialAction":[{"@type":"ReadAction","target":["https:\/\/radis.ee\/porandalamp-bow\/"]}]},{"@type":"ImageObject","inLanguage":"fi","@id":"https:\/\/radis.ee\/porandalamp-bow\/#primaryimage","url":"https:\/\/radis.ee\/wp-content\/uploads\/2024\/06\/Radis_floor_lamp_BOW-Handcrafted-Design-Wooden-Floor-Lamp.png","contentUrl":"https:\/\/radis.ee\/wp-content\/uploads\/2024\/06\/Radis_floor_lamp_BOW-Handcrafted-Design-Wooden-Floor-Lamp.png","width":2200,"height":2620,"caption":"Radis floor lamp BOW birch plywood"},{"@type":"BreadcrumbList","@id":"https:\/\/radis.ee\/porandalamp-bow\/#breadcrumb","itemListElement":[{"@type":"ListItem","position":1,"name":"Home","item":"https:\/\/radis.ee\/"},{"@type":"ListItem","position":2,"name":"Tuotteet","item":"https:\/\/radis.ee\/fi\/tuotteet\/"},{"@type":"ListItem","position":3,"name":"Lattialamppu BOW"}]},{"@type":"WebSite","@id":"https:\/\/radis.ee\/#website","url":"https:\/\/radis.ee\/","name":"Radis","description":"Nordic design furniture, environmentally friendly and sustainable.","publisher":{"@id":"https:\/\/radis.ee\/#organization"},"potentialAction":[{"@type":"SearchAction","target":{"@type":"EntryPoint","urlTemplate":"https:\/\/radis.ee\/?s={search_term_string}"},"query-input":{"@type":"PropertyValueSpecification","valueRequired":true,"valueName":"search_term_string"}}],"inLanguage":"fi"},{"@type":"Organization","@id":"https:\/\/radis.ee\/#organization","name":"Radis O\u00dc","url":"https:\/\/radis.ee\/","logo":{"@type":"ImageObject","inLanguage":"fi","@id":"https:\/\/radis.ee\/#\/schema\/logo\/image\/","url":"https:\/\/radis.ee\/wp-content\/uploads\/2020\/10\/Radis-logo.png","contentUrl":"https:\/\/radis.ee\/wp-content\/uploads\/2020\/10\/Radis-logo.png","width":300,"height":63,"caption":"Radis O\u00dc"},"image":{"@id":"https:\/\/radis.ee\/#\/schema\/logo\/image\/"},"sameAs":["https:\/\/www.facebook.com\/radisfurniture\/"]}]}},"_links":{"self":[{"href":"https:\/\/radis.ee\/fi\/wp-json\/wp\/v2\/product\/27131","targetHints":{"allow":["GET"]}}],"collection":[{"href":"https:\/\/radis.ee\/fi\/wp-json\/wp\/v2\/product"}],"about":[{"href":"https:\/\/radis.ee\/fi\/wp-json\/wp\/v2\/types\/product"}],"replies":[{"embeddable":true,"href":"https:\/\/radis.ee\/fi\/wp-json\/wp\/v2\/comments?post=27131"}],"wp:featuredmedia":[{"embeddable":true,"href":"https:\/\/radis.ee\/fi\/wp-json\/wp\/v2\/media\/27167"}],"wp:attachment":[{"href":"https:\/\/radis.ee\/fi\/wp-json\/wp\/v2\/media?parent=27131"}],"wp:term":[{"taxonomy":"product_brand","embeddable":true,"href":"https:\/\/radis.ee\/fi\/wp-json\/wp\/v2\/product_brand?post=27131"},{"taxonomy":"product_cat","embeddable":true,"href":"https:\/\/radis.ee\/fi\/wp-json\/wp\/v2\/product_cat?post=27131"},{"taxonomy":"product_tag","embeddable":true,"href":"https:\/\/radis.ee\/fi\/wp-json\/wp\/v2\/product_tag?post=27131"}],"curies":[{"name":"wp","href":"https:\/\/api.w.org\/{rel}","templated":true}]}}